{"id":56276,"date":"2025-03-06T00:18:00","date_gmt":"2025-03-05T22:18:00","guid":{"rendered":"https:\/\/vmsport.fi\/verkkokauppa\/Ei-luokiteltu\/bontrager-left-side-load-recycled-water-bottle-cage\/"},"modified":"2026-04-22T15:40:43","modified_gmt":"2026-04-22T12:40:43","slug":"bontrager-vanster-sidolast-atervunnen-vattenflaskhallare","status":"publish","type":"product","link":"https:\/\/vmsport.fi\/sv\/verkkokauppa\/tarvikkeet\/telineet\/pullotelineet\/bontrager-left-side-load-recycled-water-bottle-cage\/","title":{"rendered":"Bontrager Left Side Load \u00e5tervunnen vattenflaskh\u00e5llare"},"content":{"rendered":"<p>Bontrager Left Side Load \u00e5tervunnen vattenflaskh\u00e5llare betonar h\u00e5llbarhet och milj\u00f6ansvar, eftersom den \u00e4r tillverkad av \u00e5tervunnet plastmaterial. Tack vare den l\u00e4tta men \u00e4nd\u00e5 h\u00e5llbara konstruktionen \u00e4r den p\u00e5litlig f\u00f6r l\u00e5ngvarig anv\u00e4ndning. Den sidolastande designen g\u00f6r det enkelt att plocka upp flaskan, s\u00e4rskilt med sm\u00e5 kroppar eller i tr\u00e5nga utrymmen. M\u00e5ngsidiga monteringsalternativ g\u00f6r att paketh\u00e5llaren kan monteras p\u00e5 ett horisontellt r\u00f6r f\u00f6r \u00e5tkomst p\u00e5 v\u00e4nster sida eller p\u00e5 ett sadelr\u00f6r f\u00f6r \u00e5tkomst p\u00e5 h\u00f6ger sida. Produkten \u00e4r l\u00e4mplig f\u00f6r b\u00e5de landsv\u00e4gscyklar och mountainbikes och ger flexibilitet f\u00f6r olika cykelf\u00f6rh\u00e5llanden. Detta paketh\u00e5llare \u00e4r en del av v\u00e5rt st\u00f6rre engagemang f\u00f6r ekologisk h\u00e5llbarhet och representerar en avancerad tillverkningsprocess och principer f\u00f6r cirkul\u00e4r ekonomi.<\/p>","protected":false},"excerpt":{"rendered":"<p>Bontrager Left Side Load kierr\u00e4tetty juomapulloteline korostaa kest\u00e4vyytt\u00e4 ja ymp\u00e4rist\u00f6vastuullisuutta, sill\u00e4 se on valmistettu kierr\u00e4tetyist\u00e4 muovimateriaaleista. Kevyen mutta kest\u00e4v\u00e4n rakenteensa ansiosta se tarjoaa luotettavuutta pitk\u00e4aikaiseen k\u00e4ytt\u00f6\u00f6n. Sivusta ladattava muotoilu tekee pullon ottamisesta helppoa, erityisesti pienikokoisilla rungoilla tai ahtaissa tiloissa. Monipuolisten kiinnitysmahdollisuuksien ansiosta teline voidaan asentaa vaakaputkeen, jolloin p\u00e4\u00e4sy tapahtuu vasemmalta puolelta, tai satulaputkeen, jolloin p\u00e4\u00e4sy [&#8230;]<\/p>\n<p><a class=\"btn btn-secondary understrap-read-more-link\" href=\"https:\/\/vmsport.fi\/sv\/verkkokauppa\/tarvikkeet\/telineet\/pullotelineet\/bontrager-left-side-load-recycled-water-bottle-cage\/\">L\u00e4s mer \u2026<span class=\"screen-reader-text\"> from Bontrager Left Side Load  Recycled Water Bottle Cage<\/span><\/a><\/p>\n","protected":false},"featured_media":56275,"comment_status":"open","ping_status":"closed","template":"","meta":{"_acf_changed":false,"_improvement_type_select":"improve_an_existing","_thumb_yes_seoaic":false,"_frame_yes_seoaic":false,"seoaic_generate_description":"","seoaic_improve_instructions_prompt":"","seoaic_rollback_content_improvement":"","seoaic_idea_thumbnail_generator":"","thumbnail_generated":false,"thumbnail_generate_prompt":"","seoaic_article_description":"","_supplier_stock_quantity":0},"product_brand":[],"product_model":[],"product_cat":[9344],"product_tag":[],"industry-terminology":[],"class_list":{"0":"post-56276","1":"product","2":"type-product","3":"status-publish","4":"has-post-thumbnail","6":"product_cat-pullotelineet","8":"first","9":"outofstock","10":"taxable","11":"shipping-taxable","12":"product-type-variable"},"acf":{"bike_features":null,"overview":{"copy_overview":null,"key_features":null,"statement":"","youtube_url":""}},"yoast_head":"<!-- This site is optimized with the Yoast SEO plugin v27.4 - https:\/\/yoast.com\/product\/yoast-seo-wordpress\/ -->\n<title>Bontrager Left Side Load Recycled Water Bottle Cage - VM Sport<\/title>\n<meta name=\"robots\" content=\"index, follow, max-snippet:-1, max-image-preview:large, max-video-preview:-1\" \/>\n<link rel=\"canonical\" href=\"https:\/\/vmsport.fi\/sv\/webbutik\/tillbehor\/byggnadsstallningar\/flaskhallare\/bontrager-vanster-sidolast-atervunnen-vattenflaskhallare\/\" \/>\n<meta property=\"og:locale\" content=\"sv_SE\" \/>\n<meta property=\"og:type\" content=\"article\" \/>\n<meta property=\"og:title\" content=\"Bontrager Left Side Load Recycled Water Bottle Cage - VM Sport\" \/>\n<meta property=\"og:description\" content=\"Bontrager Left Side Load kierr\u00e4tetty juomapulloteline korostaa kest\u00e4vyytt\u00e4 ja ymp\u00e4rist\u00f6vastuullisuutta, sill\u00e4 se on valmistettu kierr\u00e4tetyist\u00e4 muovimateriaaleista. Kevyen mutta kest\u00e4v\u00e4n rakenteensa ansiosta se tarjoaa luotettavuutta pitk\u00e4aikaiseen k\u00e4ytt\u00f6\u00f6n. Sivusta ladattava muotoilu tekee pullon ottamisesta helppoa, erityisesti pienikokoisilla rungoilla tai ahtaissa tiloissa. Monipuolisten kiinnitysmahdollisuuksien ansiosta teline voidaan asentaa vaakaputkeen, jolloin p\u00e4\u00e4sy tapahtuu vasemmalta puolelta, tai satulaputkeen, jolloin p\u00e4\u00e4sy [...]L\u00e4s mer \u2026 from Bontrager Left Side Load Recycled Water Bottle Cage\" \/>\n<meta property=\"og:url\" content=\"https:\/\/vmsport.fi\/sv\/webbutik\/tillbehor\/byggnadsstallningar\/flaskhallare\/bontrager-vanster-sidolast-atervunnen-vattenflaskhallare\/\" \/>\n<meta property=\"og:site_name\" content=\"VM Sport\" \/>\n<meta property=\"article:publisher\" content=\"https:\/\/www.facebook.com\/Vmsport.fi\/\" \/>\n<meta property=\"article:modified_time\" content=\"2026-04-22T12:40:43+00:00\" \/>\n<meta property=\"og:image\" content=\"https:\/\/vmsport.fi\/wp-content\/uploads\/2025\/03\/Uusx5gUtcsehFUsPUeSbk1tBxDeZj9wi8bqAbeubs0ufl7LhsL-1.jpg\" \/>\n\t<meta property=\"og:image:width\" content=\"1000\" \/>\n\t<meta property=\"og:image:height\" content=\"750\" \/>\n\t<meta property=\"og:image:type\" content=\"image\/jpeg\" \/>\n<meta name=\"twitter:card\" content=\"summary_large_image\" \/>\n<meta name=\"twitter:label1\" content=\"Ber\u00e4knad l\u00e4stid\" \/>\n\t<meta name=\"twitter:data1\" content=\"1 minut\" \/>\n<script type=\"application\/ld+json\" class=\"yoast-schema-graph\">{\"@context\":\"https:\\\/\\\/schema.org\",\"@graph\":[{\"@type\":[\"WebPage\",\"ItemPage\"],\"@id\":\"https:\\\/\\\/vmsport.fi\\\/verkkokauppa\\\/tarvikkeet\\\/telineet\\\/pullotelineet\\\/bontrager-left-side-load-recycled-water-bottle-cage\\\/\",\"url\":\"https:\\\/\\\/vmsport.fi\\\/verkkokauppa\\\/tarvikkeet\\\/telineet\\\/pullotelineet\\\/bontrager-left-side-load-recycled-water-bottle-cage\\\/\",\"name\":\"Bontrager Left Side Load Recycled Water Bottle Cage - VM Sport\",\"isPartOf\":{\"@id\":\"https:\\\/\\\/vmsport.fi\\\/#website\"},\"primaryImageOfPage\":{\"@id\":\"https:\\\/\\\/vmsport.fi\\\/verkkokauppa\\\/tarvikkeet\\\/telineet\\\/pullotelineet\\\/bontrager-left-side-load-recycled-water-bottle-cage\\\/#primaryimage\"},\"image\":{\"@id\":\"https:\\\/\\\/vmsport.fi\\\/verkkokauppa\\\/tarvikkeet\\\/telineet\\\/pullotelineet\\\/bontrager-left-side-load-recycled-water-bottle-cage\\\/#primaryimage\"},\"thumbnailUrl\":\"https:\\\/\\\/vmsport.fi\\\/wp-content\\\/uploads\\\/2025\\\/03\\\/Uusx5gUtcsehFUsPUeSbk1tBxDeZj9wi8bqAbeubs0ufl7LhsL-1.jpg\",\"datePublished\":\"2025-03-05T22:18:00+00:00\",\"dateModified\":\"2026-04-22T12:40:43+00:00\",\"breadcrumb\":{\"@id\":\"https:\\\/\\\/vmsport.fi\\\/verkkokauppa\\\/tarvikkeet\\\/telineet\\\/pullotelineet\\\/bontrager-left-side-load-recycled-water-bottle-cage\\\/#breadcrumb\"},\"inLanguage\":\"sv-SE\",\"potentialAction\":[{\"@type\":\"ReadAction\",\"target\":[\"https:\\\/\\\/vmsport.fi\\\/verkkokauppa\\\/tarvikkeet\\\/telineet\\\/pullotelineet\\\/bontrager-left-side-load-recycled-water-bottle-cage\\\/\"]}]},{\"@type\":\"ImageObject\",\"inLanguage\":\"sv-SE\",\"@id\":\"https:\\\/\\\/vmsport.fi\\\/verkkokauppa\\\/tarvikkeet\\\/telineet\\\/pullotelineet\\\/bontrager-left-side-load-recycled-water-bottle-cage\\\/#primaryimage\",\"url\":\"https:\\\/\\\/vmsport.fi\\\/wp-content\\\/uploads\\\/2025\\\/03\\\/Uusx5gUtcsehFUsPUeSbk1tBxDeZj9wi8bqAbeubs0ufl7LhsL-1.jpg\",\"contentUrl\":\"https:\\\/\\\/vmsport.fi\\\/wp-content\\\/uploads\\\/2025\\\/03\\\/Uusx5gUtcsehFUsPUeSbk1tBxDeZj9wi8bqAbeubs0ufl7LhsL-1.jpg\",\"width\":1000,\"height\":750,\"caption\":\"Uusx5gUtcsehFUsPUeSbk1tBxDeZj9wi8bqAbeubs0ufl7LhsL\"},{\"@type\":\"BreadcrumbList\",\"@id\":\"https:\\\/\\\/vmsport.fi\\\/verkkokauppa\\\/tarvikkeet\\\/telineet\\\/pullotelineet\\\/bontrager-left-side-load-recycled-water-bottle-cage\\\/#breadcrumb\",\"itemListElement\":[{\"@type\":\"ListItem\",\"position\":1,\"name\":\"Etusivu\",\"item\":\"https:\\\/\\\/vmsport.fi\\\/\"},{\"@type\":\"ListItem\",\"position\":2,\"name\":\"Online Store\",\"item\":\"https:\\\/\\\/vmsport.fi\\\/en\\\/online-store\\\/\"},{\"@type\":\"ListItem\",\"position\":3,\"name\":\"Bontrager Left Side Load Recycled Water Bottle Cage\"}]},{\"@type\":\"WebSite\",\"@id\":\"https:\\\/\\\/vmsport.fi\\\/#website\",\"url\":\"https:\\\/\\\/vmsport.fi\\\/\",\"name\":\"Vmsport\",\"description\":\"Kaikki py\u00f6r\u00e4ilyyn yhdest\u00e4 paikasta\",\"publisher\":{\"@id\":\"https:\\\/\\\/vmsport.fi\\\/#organization\"},\"potentialAction\":[{\"@type\":\"SearchAction\",\"target\":{\"@type\":\"EntryPoint\",\"urlTemplate\":\"https:\\\/\\\/vmsport.fi\\\/?s={search_term_string}\"},\"query-input\":{\"@type\":\"PropertyValueSpecification\",\"valueRequired\":true,\"valueName\":\"search_term_string\"}}],\"inLanguage\":\"sv-SE\"},{\"@type\":\"Organization\",\"@id\":\"https:\\\/\\\/vmsport.fi\\\/#organization\",\"name\":\"Vmsport\",\"url\":\"https:\\\/\\\/vmsport.fi\\\/\",\"logo\":{\"@type\":\"ImageObject\",\"inLanguage\":\"sv-SE\",\"@id\":\"https:\\\/\\\/vmsport.fi\\\/#\\\/schema\\\/logo\\\/image\\\/\",\"url\":\"https:\\\/\\\/vmsport.fi\\\/wp-content\\\/uploads\\\/2024\\\/12\\\/vm_sport_RGB_horisontal-e1734526017575.png\",\"contentUrl\":\"https:\\\/\\\/vmsport.fi\\\/wp-content\\\/uploads\\\/2024\\\/12\\\/vm_sport_RGB_horisontal-e1734526017575.png\",\"width\":668,\"height\":85,\"caption\":\"Vmsport\"},\"image\":{\"@id\":\"https:\\\/\\\/vmsport.fi\\\/#\\\/schema\\\/logo\\\/image\\\/\"},\"sameAs\":[\"https:\\\/\\\/www.facebook.com\\\/Vmsport.fi\\\/\",\"https:\\\/\\\/www.instagram.com\\\/vmsport\\\/\"]}]}<\/script>\n<!-- \/ Yoast SEO plugin. -->","yoast_head_json":{"title":"Bontrager \u00e5tervunnen vattenflaskh\u00e5llare med last p\u00e5 v\u00e4nster sida - VM Sport","robots":{"index":"index","follow":"follow","max-snippet":"max-snippet:-1","max-image-preview":"max-image-preview:large","max-video-preview":"max-video-preview:-1"},"canonical":"https:\/\/vmsport.fi\/sv\/webbutik\/tillbehor\/byggnadsstallningar\/flaskhallare\/bontrager-vanster-sidolast-atervunnen-vattenflaskhallare\/","og_locale":"sv_SE","og_type":"article","og_title":"Bontrager Left Side Load Recycled Water Bottle Cage - VM Sport","og_description":"Bontrager Left Side Load kierr\u00e4tetty juomapulloteline korostaa kest\u00e4vyytt\u00e4 ja ymp\u00e4rist\u00f6vastuullisuutta, sill\u00e4 se on valmistettu kierr\u00e4tetyist\u00e4 muovimateriaaleista. Kevyen mutta kest\u00e4v\u00e4n rakenteensa ansiosta se tarjoaa luotettavuutta pitk\u00e4aikaiseen k\u00e4ytt\u00f6\u00f6n. Sivusta ladattava muotoilu tekee pullon ottamisesta helppoa, erityisesti pienikokoisilla rungoilla tai ahtaissa tiloissa. Monipuolisten kiinnitysmahdollisuuksien ansiosta teline voidaan asentaa vaakaputkeen, jolloin p\u00e4\u00e4sy tapahtuu vasemmalta puolelta, tai satulaputkeen, jolloin p\u00e4\u00e4sy [...]L\u00e4s mer \u2026 from Bontrager Left Side Load Recycled Water Bottle Cage","og_url":"https:\/\/vmsport.fi\/sv\/webbutik\/tillbehor\/byggnadsstallningar\/flaskhallare\/bontrager-vanster-sidolast-atervunnen-vattenflaskhallare\/","og_site_name":"VM Sport","article_publisher":"https:\/\/www.facebook.com\/Vmsport.fi\/","article_modified_time":"2026-04-22T12:40:43+00:00","og_image":[{"width":1000,"height":750,"url":"https:\/\/vmsport.fi\/wp-content\/uploads\/2025\/03\/Uusx5gUtcsehFUsPUeSbk1tBxDeZj9wi8bqAbeubs0ufl7LhsL-1.jpg","type":"image\/jpeg"}],"twitter_card":"summary_large_image","twitter_misc":{"Ber\u00e4knad l\u00e4stid":"1 minut"},"schema":{"@context":"https:\/\/schema.org","@graph":[{"@type":["WebPage","ItemPage"],"@id":"https:\/\/vmsport.fi\/verkkokauppa\/tarvikkeet\/telineet\/pullotelineet\/bontrager-left-side-load-recycled-water-bottle-cage\/","url":"https:\/\/vmsport.fi\/verkkokauppa\/tarvikkeet\/telineet\/pullotelineet\/bontrager-left-side-load-recycled-water-bottle-cage\/","name":"Bontrager \u00e5tervunnen vattenflaskh\u00e5llare med last p\u00e5 v\u00e4nster sida - VM Sport","isPartOf":{"@id":"https:\/\/vmsport.fi\/#website"},"primaryImageOfPage":{"@id":"https:\/\/vmsport.fi\/verkkokauppa\/tarvikkeet\/telineet\/pullotelineet\/bontrager-left-side-load-recycled-water-bottle-cage\/#primaryimage"},"image":{"@id":"https:\/\/vmsport.fi\/verkkokauppa\/tarvikkeet\/telineet\/pullotelineet\/bontrager-left-side-load-recycled-water-bottle-cage\/#primaryimage"},"thumbnailUrl":"https:\/\/vmsport.fi\/wp-content\/uploads\/2025\/03\/Uusx5gUtcsehFUsPUeSbk1tBxDeZj9wi8bqAbeubs0ufl7LhsL-1.jpg","datePublished":"2025-03-05T22:18:00+00:00","dateModified":"2026-04-22T12:40:43+00:00","breadcrumb":{"@id":"https:\/\/vmsport.fi\/verkkokauppa\/tarvikkeet\/telineet\/pullotelineet\/bontrager-left-side-load-recycled-water-bottle-cage\/#breadcrumb"},"inLanguage":"sv-SE","potentialAction":[{"@type":"ReadAction","target":["https:\/\/vmsport.fi\/verkkokauppa\/tarvikkeet\/telineet\/pullotelineet\/bontrager-left-side-load-recycled-water-bottle-cage\/"]}]},{"@type":"ImageObject","inLanguage":"sv-SE","@id":"https:\/\/vmsport.fi\/verkkokauppa\/tarvikkeet\/telineet\/pullotelineet\/bontrager-left-side-load-recycled-water-bottle-cage\/#primaryimage","url":"https:\/\/vmsport.fi\/wp-content\/uploads\/2025\/03\/Uusx5gUtcsehFUsPUeSbk1tBxDeZj9wi8bqAbeubs0ufl7LhsL-1.jpg","contentUrl":"https:\/\/vmsport.fi\/wp-content\/uploads\/2025\/03\/Uusx5gUtcsehFUsPUeSbk1tBxDeZj9wi8bqAbeubs0ufl7LhsL-1.jpg","width":1000,"height":750,"caption":"Uusx5gUtcsehFUsPUeSbk1tBxDeZj9wi8bqAbeubs0ufl7LhsL"},{"@type":"BreadcrumbList","@id":"https:\/\/vmsport.fi\/verkkokauppa\/tarvikkeet\/telineet\/pullotelineet\/bontrager-left-side-load-recycled-water-bottle-cage\/#breadcrumb","itemListElement":[{"@type":"ListItem","position":1,"name":"Etusivu","item":"https:\/\/vmsport.fi\/"},{"@type":"ListItem","position":2,"name":"Online Store","item":"https:\/\/vmsport.fi\/en\/online-store\/"},{"@type":"ListItem","position":3,"name":"Bontrager Left Side Load Recycled Water Bottle Cage"}]},{"@type":"WebSite","@id":"https:\/\/vmsport.fi\/#website","url":"https:\/\/vmsport.fi\/","name":"Vmsport","description":"Allt p\u00e5 ett st\u00e4lle f\u00f6r cykling","publisher":{"@id":"https:\/\/vmsport.fi\/#organization"},"potentialAction":[{"@type":"SearchAction","target":{"@type":"EntryPoint","urlTemplate":"https:\/\/vmsport.fi\/?s={search_term_string}"},"query-input":{"@type":"PropertyValueSpecification","valueRequired":true,"valueName":"search_term_string"}}],"inLanguage":"sv-SE"},{"@type":"Organization","@id":"https:\/\/vmsport.fi\/#organization","name":"Vmsport","url":"https:\/\/vmsport.fi\/","logo":{"@type":"ImageObject","inLanguage":"sv-SE","@id":"https:\/\/vmsport.fi\/#\/schema\/logo\/image\/","url":"https:\/\/vmsport.fi\/wp-content\/uploads\/2024\/12\/vm_sport_RGB_horisontal-e1734526017575.png","contentUrl":"https:\/\/vmsport.fi\/wp-content\/uploads\/2024\/12\/vm_sport_RGB_horisontal-e1734526017575.png","width":668,"height":85,"caption":"Vmsport"},"image":{"@id":"https:\/\/vmsport.fi\/#\/schema\/logo\/image\/"},"sameAs":["https:\/\/www.facebook.com\/Vmsport.fi\/","https:\/\/www.instagram.com\/vmsport\/"]}]}},"global_unique_id":"","_links":{"self":[{"href":"https:\/\/vmsport.fi\/sv\/wp-json\/wp\/v2\/product\/56276","targetHints":{"allow":["GET"]}}],"collection":[{"href":"https:\/\/vmsport.fi\/sv\/wp-json\/wp\/v2\/product"}],"about":[{"href":"https:\/\/vmsport.fi\/sv\/wp-json\/wp\/v2\/types\/product"}],"replies":[{"embeddable":true,"href":"https:\/\/vmsport.fi\/sv\/wp-json\/wp\/v2\/comments?post=56276"}],"wp:featuredmedia":[{"embeddable":true,"href":"https:\/\/vmsport.fi\/sv\/wp-json\/wp\/v2\/media\/56275"}],"wp:attachment":[{"href":"https:\/\/vmsport.fi\/sv\/wp-json\/wp\/v2\/media?parent=56276"}],"wp:term":[{"taxonomy":"product_brand","embeddable":true,"href":"https:\/\/vmsport.fi\/sv\/wp-json\/wp\/v2\/product_brand?post=56276"},{"taxonomy":"product_model","embeddable":true,"href":"https:\/\/vmsport.fi\/sv\/wp-json\/wp\/v2\/product_model?post=56276"},{"taxonomy":"product_cat","embeddable":true,"href":"https:\/\/vmsport.fi\/sv\/wp-json\/wp\/v2\/product_cat?post=56276"},{"taxonomy":"product_tag","embeddable":true,"href":"https:\/\/vmsport.fi\/sv\/wp-json\/wp\/v2\/product_tag?post=56276"},{"taxonomy":"industry_terminology","embeddable":true,"href":"https:\/\/vmsport.fi\/sv\/wp-json\/wp\/v2\/industry-terminology?post=56276"}],"curies":[{"name":"wp","href":"https:\/\/api.w.org\/{rel}","templated":true}]}}