{"id":56274,"date":"2025-03-06T00:17:59","date_gmt":"2025-03-05T22:17:59","guid":{"rendered":"https:\/\/vmsport.fi\/verkkokauppa\/Ei-luokiteltu\/rail-8-gen-5-dark-star\/"},"modified":"2026-03-21T14:38:00","modified_gmt":"2026-03-21T12:38:00","slug":"skena-8-gen-5-mork-stjarna","status":"publish","type":"product","link":"https:\/\/vmsport.fi\/sv\/verkkokauppa\/polkupyorat\/sahkopyorat\/sahkomaastopyorat\/taysjousitetut-sahkomaastopyorat\/rail-8-gen-5-dark-star\/","title":{"rendered":"Trek Rail+ 8 Gen 5 &#8211; DARK STAR"},"content":{"rendered":"<p>Rail+ 8 on suunniteltu maastossa seikkaileville s\u00e4hk\u00f6py\u00f6r\u00e4ilij\u00f6ille. Boschin tehokkaan moottorin ja suuren akun ansiosta matkat eiv\u00e4t katkea kesken, ja 160 mm jousto molemmissa p\u00e4iss\u00e4 takaa pehme\u00e4n ja hallitun ajon. S\u00e4\u00e4dett\u00e4v\u00e4 geometria ja progressio mahdollistavat tarkat s\u00e4\u00e4d\u00f6t, sekakiekot kompromissittoman pidon ja ketteryyden. Komponentit kuten Shimano XT\/SLX -vaihteisto, SRAM DB 8 -jarrut ja Bontragerin kiekot tuovat suorituskyky\u00e4 ja kest\u00e4vyytt\u00e4 kovaan k\u00e4ytt\u00f6\u00f6n.<\/p>","protected":false},"excerpt":{"rendered":"<p>Tehokas moottori, suuri akku, pitk\u00e4 jousto ja monipuoliset s\u00e4\u00e4d\u00f6t tekev\u00e4t t\u00e4st\u00e4 py\u00f6r\u00e4st\u00e4 sopivan haastaviin maastoseikkailuihin. [&#8230;]<\/p>\n<p><a class=\"btn btn-secondary understrap-read-more-link\" href=\"https:\/\/vmsport.fi\/sv\/verkkokauppa\/polkupyorat\/sahkopyorat\/sahkomaastopyorat\/taysjousitetut-sahkomaastopyorat\/rail-8-gen-5-dark-star\/\">L\u00e4s mer \u2026<span class=\"screen-reader-text\"> from Trek Rail+ 8 Gen 5 &#8211; DARK STAR<\/span><\/a><\/p>\n","protected":false},"featured_media":56273,"comment_status":"open","ping_status":"closed","template":"","meta":{"_acf_changed":false,"_improvement_type_select":"improve_an_existing","_thumb_yes_seoaic":false,"_frame_yes_seoaic":false,"seoaic_generate_description":"","seoaic_improve_instructions_prompt":"","seoaic_rollback_content_improvement":"","seoaic_idea_thumbnail_generator":"","thumbnail_generated":false,"thumbnail_generate_prompt":"","seoaic_article_description":"","_supplier_stock_quantity":0},"product_brand":[37],"product_model":[1537],"product_cat":[9406],"product_tag":[],"industry-terminology":[],"class_list":{"0":"post-56274","1":"product","2":"type-product","3":"status-publish","4":"has-post-thumbnail","6":"product_brand-trek","7":"product_model-rail-plus","8":"product_cat-taysjousitetut-sahkomaastopyorat","10":"first","11":"onbackorder","12":"taxable","13":"shipping-taxable","14":"purchasable","15":"product-type-variable","16":"has-default-attributes"},"acf":{"bike_features":null,"overview":{"copy_overview":null,"key_features":null,"statement":"","youtube_url":""}},"yoast_head":"<!-- This site is optimized with the Yoast SEO plugin v27.3 - https:\/\/yoast.com\/product\/yoast-seo-wordpress\/ -->\n<title>Trek Rail+ 8 Gen 5 - DARK STAR - VM Sport<\/title>\n<meta name=\"robots\" content=\"index, follow, max-snippet:-1, max-image-preview:large, max-video-preview:-1\" \/>\n<link rel=\"canonical\" href=\"https:\/\/vmsport.fi\/sv\/webbutik\/cyklar\/sahkopyorat\/sagverksskorsten\/sagverksborrmaskiner-med-vagfjadrar\/skena-8-gen-5-mork-stjarna\/\" \/>\n<meta property=\"og:locale\" content=\"sv_SE\" \/>\n<meta property=\"og:type\" content=\"article\" \/>\n<meta property=\"og:title\" content=\"Trek Rail+ 8 Gen 5 - DARK STAR - VM Sport\" \/>\n<meta property=\"og:description\" content=\"Tehokas moottori, suuri akku, pitk\u00e4 jousto ja monipuoliset s\u00e4\u00e4d\u00f6t tekev\u00e4t t\u00e4st\u00e4 py\u00f6r\u00e4st\u00e4 sopivan haastaviin maastoseikkailuihin. [...]L\u00e4s mer \u2026 from Trek Rail+ 8 Gen 5 &#8211; DARK STAR\" \/>\n<meta property=\"og:url\" content=\"https:\/\/vmsport.fi\/sv\/webbutik\/cyklar\/sahkopyorat\/sagverksskorsten\/sagverksborrmaskiner-med-vagfjadrar\/skena-8-gen-5-mork-stjarna\/\" \/>\n<meta property=\"og:site_name\" content=\"VM Sport\" \/>\n<meta property=\"article:publisher\" content=\"https:\/\/www.facebook.com\/Vmsport.fi\/\" \/>\n<meta property=\"article:modified_time\" content=\"2026-03-21T12:38:00+00:00\" \/>\n<meta property=\"og:image\" content=\"https:\/\/vmsport.fi\/wp-content\/uploads\/2025\/03\/RwAAY7sxyk2XWhT9NtSJ7bV9lQ8gO3Da9OBIrBiNtrf5gIM5OW-1.jpg\" \/>\n\t<meta property=\"og:image:width\" content=\"1000\" \/>\n\t<meta property=\"og:image:height\" content=\"559\" \/>\n\t<meta property=\"og:image:type\" content=\"image\/jpeg\" \/>\n<meta name=\"twitter:card\" content=\"summary_large_image\" \/>\n<script type=\"application\/ld+json\" class=\"yoast-schema-graph\">{\"@context\":\"https:\\\/\\\/schema.org\",\"@graph\":[{\"@type\":[\"WebPage\",\"ItemPage\"],\"@id\":\"https:\\\/\\\/vmsport.fi\\\/verkkokauppa\\\/polkupyorat\\\/sahkopyorat\\\/sahkomaastopyorat\\\/taysjousitetut-sahkomaastopyorat\\\/rail-8-gen-5-dark-star\\\/\",\"url\":\"https:\\\/\\\/vmsport.fi\\\/verkkokauppa\\\/polkupyorat\\\/sahkopyorat\\\/sahkomaastopyorat\\\/taysjousitetut-sahkomaastopyorat\\\/rail-8-gen-5-dark-star\\\/\",\"name\":\"Trek Rail+ 8 Gen 5 - DARK STAR - VM Sport\",\"isPartOf\":{\"@id\":\"https:\\\/\\\/vmsport.fi\\\/#website\"},\"primaryImageOfPage\":{\"@id\":\"https:\\\/\\\/vmsport.fi\\\/verkkokauppa\\\/polkupyorat\\\/sahkopyorat\\\/sahkomaastopyorat\\\/taysjousitetut-sahkomaastopyorat\\\/rail-8-gen-5-dark-star\\\/#primaryimage\"},\"image\":{\"@id\":\"https:\\\/\\\/vmsport.fi\\\/verkkokauppa\\\/polkupyorat\\\/sahkopyorat\\\/sahkomaastopyorat\\\/taysjousitetut-sahkomaastopyorat\\\/rail-8-gen-5-dark-star\\\/#primaryimage\"},\"thumbnailUrl\":\"https:\\\/\\\/vmsport.fi\\\/wp-content\\\/uploads\\\/2025\\\/03\\\/RwAAY7sxyk2XWhT9NtSJ7bV9lQ8gO3Da9OBIrBiNtrf5gIM5OW-1.jpg\",\"datePublished\":\"2025-03-05T22:17:59+00:00\",\"dateModified\":\"2026-03-21T12:38:00+00:00\",\"breadcrumb\":{\"@id\":\"https:\\\/\\\/vmsport.fi\\\/verkkokauppa\\\/polkupyorat\\\/sahkopyorat\\\/sahkomaastopyorat\\\/taysjousitetut-sahkomaastopyorat\\\/rail-8-gen-5-dark-star\\\/#breadcrumb\"},\"inLanguage\":\"sv-SE\",\"potentialAction\":[{\"@type\":\"ReadAction\",\"target\":[\"https:\\\/\\\/vmsport.fi\\\/verkkokauppa\\\/polkupyorat\\\/sahkopyorat\\\/sahkomaastopyorat\\\/taysjousitetut-sahkomaastopyorat\\\/rail-8-gen-5-dark-star\\\/\"]}]},{\"@type\":\"ImageObject\",\"inLanguage\":\"sv-SE\",\"@id\":\"https:\\\/\\\/vmsport.fi\\\/verkkokauppa\\\/polkupyorat\\\/sahkopyorat\\\/sahkomaastopyorat\\\/taysjousitetut-sahkomaastopyorat\\\/rail-8-gen-5-dark-star\\\/#primaryimage\",\"url\":\"https:\\\/\\\/vmsport.fi\\\/wp-content\\\/uploads\\\/2025\\\/03\\\/RwAAY7sxyk2XWhT9NtSJ7bV9lQ8gO3Da9OBIrBiNtrf5gIM5OW-1.jpg\",\"contentUrl\":\"https:\\\/\\\/vmsport.fi\\\/wp-content\\\/uploads\\\/2025\\\/03\\\/RwAAY7sxyk2XWhT9NtSJ7bV9lQ8gO3Da9OBIrBiNtrf5gIM5OW-1.jpg\",\"width\":1000,\"height\":559,\"caption\":\"RwAAY7sxyk2XWhT9NtSJ7bV9lQ8gO3Da9OBIrBiNtrf5gIM5OW\"},{\"@type\":\"BreadcrumbList\",\"@id\":\"https:\\\/\\\/vmsport.fi\\\/verkkokauppa\\\/polkupyorat\\\/sahkopyorat\\\/sahkomaastopyorat\\\/taysjousitetut-sahkomaastopyorat\\\/rail-8-gen-5-dark-star\\\/#breadcrumb\",\"itemListElement\":[{\"@type\":\"ListItem\",\"position\":1,\"name\":\"Etusivu\",\"item\":\"https:\\\/\\\/vmsport.fi\\\/\"},{\"@type\":\"ListItem\",\"position\":2,\"name\":\"Online Store\",\"item\":\"https:\\\/\\\/vmsport.fi\\\/en\\\/online-store\\\/\"},{\"@type\":\"ListItem\",\"position\":3,\"name\":\"Trek polkupy\u00f6r\u00e4t\",\"item\":\"https:\\\/\\\/vmsport.fi\\\/sv\\\/merkki\\\/trek\\\/\"},{\"@type\":\"ListItem\",\"position\":4,\"name\":\"Trek Rail+ 8 Gen 5 &#8211; DARK STAR\"}]},{\"@type\":\"WebSite\",\"@id\":\"https:\\\/\\\/vmsport.fi\\\/#website\",\"url\":\"https:\\\/\\\/vmsport.fi\\\/\",\"name\":\"Vmsport\",\"description\":\"Kaikki py\u00f6r\u00e4ilyyn yhdest\u00e4 paikasta\",\"publisher\":{\"@id\":\"https:\\\/\\\/vmsport.fi\\\/#organization\"},\"potentialAction\":[{\"@type\":\"SearchAction\",\"target\":{\"@type\":\"EntryPoint\",\"urlTemplate\":\"https:\\\/\\\/vmsport.fi\\\/?s={search_term_string}\"},\"query-input\":{\"@type\":\"PropertyValueSpecification\",\"valueRequired\":true,\"valueName\":\"search_term_string\"}}],\"inLanguage\":\"sv-SE\"},{\"@type\":\"Organization\",\"@id\":\"https:\\\/\\\/vmsport.fi\\\/#organization\",\"name\":\"Vmsport\",\"url\":\"https:\\\/\\\/vmsport.fi\\\/\",\"logo\":{\"@type\":\"ImageObject\",\"inLanguage\":\"sv-SE\",\"@id\":\"https:\\\/\\\/vmsport.fi\\\/#\\\/schema\\\/logo\\\/image\\\/\",\"url\":\"https:\\\/\\\/vmsport.fi\\\/wp-content\\\/uploads\\\/2024\\\/12\\\/vm_sport_RGB_horisontal-e1734526017575.png\",\"contentUrl\":\"https:\\\/\\\/vmsport.fi\\\/wp-content\\\/uploads\\\/2024\\\/12\\\/vm_sport_RGB_horisontal-e1734526017575.png\",\"width\":668,\"height\":85,\"caption\":\"Vmsport\"},\"image\":{\"@id\":\"https:\\\/\\\/vmsport.fi\\\/#\\\/schema\\\/logo\\\/image\\\/\"},\"sameAs\":[\"https:\\\/\\\/www.facebook.com\\\/Vmsport.fi\\\/\",\"https:\\\/\\\/www.instagram.com\\\/vmsport\\\/\"]}]}<\/script>\n<!-- \/ Yoast SEO plugin. -->","yoast_head_json":{"title":"Trek Rail+ 8 Gen 5 - DARK STAR - VM Sport","robots":{"index":"index","follow":"follow","max-snippet":"max-snippet:-1","max-image-preview":"max-image-preview:large","max-video-preview":"max-video-preview:-1"},"canonical":"https:\/\/vmsport.fi\/sv\/webbutik\/cyklar\/sahkopyorat\/sagverksskorsten\/sagverksborrmaskiner-med-vagfjadrar\/skena-8-gen-5-mork-stjarna\/","og_locale":"sv_SE","og_type":"article","og_title":"Trek Rail+ 8 Gen 5 - DARK STAR - VM Sport","og_description":"Tehokas moottori, suuri akku, pitk\u00e4 jousto ja monipuoliset s\u00e4\u00e4d\u00f6t tekev\u00e4t t\u00e4st\u00e4 py\u00f6r\u00e4st\u00e4 sopivan haastaviin maastoseikkailuihin. [...]L\u00e4s mer \u2026 from Trek Rail+ 8 Gen 5 &#8211; DARK STAR","og_url":"https:\/\/vmsport.fi\/sv\/webbutik\/cyklar\/sahkopyorat\/sagverksskorsten\/sagverksborrmaskiner-med-vagfjadrar\/skena-8-gen-5-mork-stjarna\/","og_site_name":"VM Sport","article_publisher":"https:\/\/www.facebook.com\/Vmsport.fi\/","article_modified_time":"2026-03-21T12:38:00+00:00","og_image":[{"width":1000,"height":559,"url":"https:\/\/vmsport.fi\/wp-content\/uploads\/2025\/03\/RwAAY7sxyk2XWhT9NtSJ7bV9lQ8gO3Da9OBIrBiNtrf5gIM5OW-1.jpg","type":"image\/jpeg"}],"twitter_card":"summary_large_image","schema":{"@context":"https:\/\/schema.org","@graph":[{"@type":["WebPage","ItemPage"],"@id":"https:\/\/vmsport.fi\/verkkokauppa\/polkupyorat\/sahkopyorat\/sahkomaastopyorat\/taysjousitetut-sahkomaastopyorat\/rail-8-gen-5-dark-star\/","url":"https:\/\/vmsport.fi\/verkkokauppa\/polkupyorat\/sahkopyorat\/sahkomaastopyorat\/taysjousitetut-sahkomaastopyorat\/rail-8-gen-5-dark-star\/","name":"Trek Rail+ 8 Gen 5 - DARK STAR - VM Sport","isPartOf":{"@id":"https:\/\/vmsport.fi\/#website"},"primaryImageOfPage":{"@id":"https:\/\/vmsport.fi\/verkkokauppa\/polkupyorat\/sahkopyorat\/sahkomaastopyorat\/taysjousitetut-sahkomaastopyorat\/rail-8-gen-5-dark-star\/#primaryimage"},"image":{"@id":"https:\/\/vmsport.fi\/verkkokauppa\/polkupyorat\/sahkopyorat\/sahkomaastopyorat\/taysjousitetut-sahkomaastopyorat\/rail-8-gen-5-dark-star\/#primaryimage"},"thumbnailUrl":"https:\/\/vmsport.fi\/wp-content\/uploads\/2025\/03\/RwAAY7sxyk2XWhT9NtSJ7bV9lQ8gO3Da9OBIrBiNtrf5gIM5OW-1.jpg","datePublished":"2025-03-05T22:17:59+00:00","dateModified":"2026-03-21T12:38:00+00:00","breadcrumb":{"@id":"https:\/\/vmsport.fi\/verkkokauppa\/polkupyorat\/sahkopyorat\/sahkomaastopyorat\/taysjousitetut-sahkomaastopyorat\/rail-8-gen-5-dark-star\/#breadcrumb"},"inLanguage":"sv-SE","potentialAction":[{"@type":"ReadAction","target":["https:\/\/vmsport.fi\/verkkokauppa\/polkupyorat\/sahkopyorat\/sahkomaastopyorat\/taysjousitetut-sahkomaastopyorat\/rail-8-gen-5-dark-star\/"]}]},{"@type":"ImageObject","inLanguage":"sv-SE","@id":"https:\/\/vmsport.fi\/verkkokauppa\/polkupyorat\/sahkopyorat\/sahkomaastopyorat\/taysjousitetut-sahkomaastopyorat\/rail-8-gen-5-dark-star\/#primaryimage","url":"https:\/\/vmsport.fi\/wp-content\/uploads\/2025\/03\/RwAAY7sxyk2XWhT9NtSJ7bV9lQ8gO3Da9OBIrBiNtrf5gIM5OW-1.jpg","contentUrl":"https:\/\/vmsport.fi\/wp-content\/uploads\/2025\/03\/RwAAY7sxyk2XWhT9NtSJ7bV9lQ8gO3Da9OBIrBiNtrf5gIM5OW-1.jpg","width":1000,"height":559,"caption":"RwAAY7sxyk2XWhT9NtSJ7bV9lQ8gO3Da9OBIrBiNtrf5gIM5OW"},{"@type":"BreadcrumbList","@id":"https:\/\/vmsport.fi\/verkkokauppa\/polkupyorat\/sahkopyorat\/sahkomaastopyorat\/taysjousitetut-sahkomaastopyorat\/rail-8-gen-5-dark-star\/#breadcrumb","itemListElement":[{"@type":"ListItem","position":1,"name":"Etusivu","item":"https:\/\/vmsport.fi\/"},{"@type":"ListItem","position":2,"name":"Online Store","item":"https:\/\/vmsport.fi\/en\/online-store\/"},{"@type":"ListItem","position":3,"name":"Trek polkupy\u00f6r\u00e4t","item":"https:\/\/vmsport.fi\/sv\/merkki\/trek\/"},{"@type":"ListItem","position":4,"name":"Trek Rail+ 8 Gen 5 &#8211; DARK STAR"}]},{"@type":"WebSite","@id":"https:\/\/vmsport.fi\/#website","url":"https:\/\/vmsport.fi\/","name":"Vmsport","description":"Allt p\u00e5 ett st\u00e4lle f\u00f6r cykling","publisher":{"@id":"https:\/\/vmsport.fi\/#organization"},"potentialAction":[{"@type":"SearchAction","target":{"@type":"EntryPoint","urlTemplate":"https:\/\/vmsport.fi\/?s={search_term_string}"},"query-input":{"@type":"PropertyValueSpecification","valueRequired":true,"valueName":"search_term_string"}}],"inLanguage":"sv-SE"},{"@type":"Organization","@id":"https:\/\/vmsport.fi\/#organization","name":"Vmsport","url":"https:\/\/vmsport.fi\/","logo":{"@type":"ImageObject","inLanguage":"sv-SE","@id":"https:\/\/vmsport.fi\/#\/schema\/logo\/image\/","url":"https:\/\/vmsport.fi\/wp-content\/uploads\/2024\/12\/vm_sport_RGB_horisontal-e1734526017575.png","contentUrl":"https:\/\/vmsport.fi\/wp-content\/uploads\/2024\/12\/vm_sport_RGB_horisontal-e1734526017575.png","width":668,"height":85,"caption":"Vmsport"},"image":{"@id":"https:\/\/vmsport.fi\/#\/schema\/logo\/image\/"},"sameAs":["https:\/\/www.facebook.com\/Vmsport.fi\/","https:\/\/www.instagram.com\/vmsport\/"]}]}},"global_unique_id":"","_links":{"self":[{"href":"https:\/\/vmsport.fi\/sv\/wp-json\/wp\/v2\/product\/56274","targetHints":{"allow":["GET"]}}],"collection":[{"href":"https:\/\/vmsport.fi\/sv\/wp-json\/wp\/v2\/product"}],"about":[{"href":"https:\/\/vmsport.fi\/sv\/wp-json\/wp\/v2\/types\/product"}],"replies":[{"embeddable":true,"href":"https:\/\/vmsport.fi\/sv\/wp-json\/wp\/v2\/comments?post=56274"}],"wp:featuredmedia":[{"embeddable":true,"href":"https:\/\/vmsport.fi\/sv\/wp-json\/wp\/v2\/media\/56273"}],"wp:attachment":[{"href":"https:\/\/vmsport.fi\/sv\/wp-json\/wp\/v2\/media?parent=56274"}],"wp:term":[{"taxonomy":"product_brand","embeddable":true,"href":"https:\/\/vmsport.fi\/sv\/wp-json\/wp\/v2\/product_brand?post=56274"},{"taxonomy":"product_model","embeddable":true,"href":"https:\/\/vmsport.fi\/sv\/wp-json\/wp\/v2\/product_model?post=56274"},{"taxonomy":"product_cat","embeddable":true,"href":"https:\/\/vmsport.fi\/sv\/wp-json\/wp\/v2\/product_cat?post=56274"},{"taxonomy":"product_tag","embeddable":true,"href":"https:\/\/vmsport.fi\/sv\/wp-json\/wp\/v2\/product_tag?post=56274"},{"taxonomy":"industry_terminology","embeddable":true,"href":"https:\/\/vmsport.fi\/sv\/wp-json\/wp\/v2\/industry-terminology?post=56274"}],"curies":[{"name":"wp","href":"https:\/\/api.w.org\/{rel}","templated":true}]}}