{"id":56266,"date":"2025-03-06T00:17:49","date_gmt":"2025-03-05T22:17:49","guid":{"rendered":"https:\/\/vmsport.fi\/verkkokauppa\/Ei-luokiteltu\/etukiekko-28-21-622-hybrid-disc-mach1-karma-tuplapohja-holkitettu-levyjarru\/"},"modified":"2026-01-16T13:22:34","modified_gmt":"2026-01-16T11:22:34","slug":"etukiekko-28-21-622-hybrid-disc-mach1-karma-tuplapohja-holkitettu-levyjarru","status":"publish","type":"product","link":"https:\/\/vmsport.fi\/sv\/verkkokauppa\/varaosat\/kiekot-ja-navat\/etukiekot\/etukiekko-28-21-622-hybrid-disc-mach1-karma-tuplapohja-holkitettu-levyjarru\/","title":{"rendered":"Fr\u00e4mre skiva 28\u2033 21-622 Hybrid Disc, MACH1 KARMA, dubbelsula, v\u00e4lvd, skivbroms,"},"content":{"rendered":"<p>28&#8243; 21-622 Hybrid Disc -etukiekko on erinomaisen suorituskyvyn takaava valinta hybridipy\u00f6riin. MACH1 KARMA -kaksoissein\u00e4m\u00e4runko tarjoaa vahvan kest\u00e4vyyden ja vakauden, joten voit luottaa py\u00f6r\u00e4si toimintaan eri olosuhteissa. Holkitettu rakenne lis\u00e4\u00e4 kiekkojen lujuutta, ja levyjarruyhteensopivuus parantaa turvallisuutta ja hallittavuutta.<\/p>\n<p>Kiekossa on laadukas musta napa, jossa on 32 reik\u00e4\u00e4, mik\u00e4 mahdollistaa tehokkaan levyjarruasennuksen k\u00e4ytt\u00e4m\u00e4ll\u00e4 kuutta ruuvia. Mukana tuleva pikalukitus helpottaa kiekon asennusta ja irrotusta, mik\u00e4 tekee huoltamisesta vaivatonta. RST Sapim Leader -puolat ja mustat nipat takaavat jokaisella ajokerralla kest\u00e4vyyden ja luotettavuuden.<\/p>\n<p>Tubeless ready -teknologia tuo mukanaan joustavuutta ja keveytt\u00e4, mik\u00e4 optimoi ajomukavuuden, joten \u00e4l\u00e4 ep\u00e4r\u00f6i valita t\u00e4t\u00e4 kiekkoa. Kokonaispaino 1165 grammaa kertoo siit\u00e4, ett\u00e4 jokainen yksityiskohta on tarkkaan suunniteltu t\u00e4ytt\u00e4m\u00e4\u00e4n korkeat vaatimukset.<\/p>","protected":false},"excerpt":{"rendered":"<p>28&#8243; 21-622 Hybrid Disc -etukiekko on erinomaisen suorituskyvyn takaava valinta hybridipy\u00f6riin. MACH1 KARMA -kaksoissein\u00e4m\u00e4runko tarjoaa vahvan kest\u00e4vyyden ja vakauden, joten voit luottaa py\u00f6r\u00e4si toimintaan eri olosuhteissa. Holkitettu rakenne lis\u00e4\u00e4 kiekkojen lujuutta, ja levyjarruyhteensopivuus parantaa turvallisuutta ja hallittavuutta. Kiekossa on laadukas musta napa, jossa on 32 reik\u00e4\u00e4, mik\u00e4 mahdollistaa tehokkaan levyjarruasennuksen k\u00e4ytt\u00e4m\u00e4ll\u00e4 kuutta ruuvia. Mukana tuleva [&#8230;]<\/p>\n<p><a class=\"btn btn-secondary understrap-read-more-link\" href=\"https:\/\/vmsport.fi\/sv\/verkkokauppa\/varaosat\/kiekot-ja-navat\/etukiekot\/etukiekko-28-21-622-hybrid-disc-mach1-karma-tuplapohja-holkitettu-levyjarru\/\">L\u00e4s mer \u2026<span class=\"screen-reader-text\"> from Etukiekko 28&#8243; 21-622 Hybrid Disc, MACH1 KARMA, tuplapohja, holkitettu, levyjarru,<\/span><\/a><\/p>\n","protected":false},"featured_media":56265,"comment_status":"open","ping_status":"closed","template":"","meta":{"_acf_changed":false,"_improvement_type_select":"improve_an_existing","_thumb_yes_seoaic":false,"_frame_yes_seoaic":false,"seoaic_generate_description":"","seoaic_improve_instructions_prompt":"","seoaic_rollback_content_improvement":"","seoaic_idea_thumbnail_generator":"","thumbnail_generated":false,"thumbnail_generate_prompt":"","seoaic_article_description":"","_supplier_stock_quantity":0},"product_brand":[],"product_model":[],"product_cat":[9484],"product_tag":[],"industry-terminology":[],"class_list":{"0":"post-56266","1":"product","2":"type-product","3":"status-publish","4":"has-post-thumbnail","6":"product_cat-etukiekot","8":"first","9":"outofstock","10":"taxable","11":"shipping-taxable","12":"product-type-simple"},"acf":{"bike_features":null,"overview":{"copy_overview":null,"key_features":null,"statement":"","youtube_url":""}},"yoast_head":"<!-- This site is optimized with the Yoast SEO plugin v27.3 - https:\/\/yoast.com\/product\/yoast-seo-wordpress\/ -->\n<title>Etukiekko 28&quot; 21-622 Hybrid Disc, MACH1 KARMA, tuplapohja, holkitettu, levyjarru, - VM Sport<\/title>\n<meta name=\"robots\" content=\"index, follow, max-snippet:-1, max-image-preview:large, max-video-preview:-1\" \/>\n<link rel=\"canonical\" href=\"https:\/\/vmsport.fi\/sv\/webbutik\/reservdelar\/skivor-och-nav\/fram-falg\/etukiekko-28-21-622-hybrid-disc-mach1-karma-tuplapohja-holkitettu-levyjarru\/\" \/>\n<meta property=\"og:locale\" content=\"sv_SE\" \/>\n<meta property=\"og:type\" content=\"article\" \/>\n<meta property=\"og:title\" content=\"Etukiekko 28&quot; 21-622 Hybrid Disc, MACH1 KARMA, tuplapohja, holkitettu, levyjarru, - VM Sport\" \/>\n<meta property=\"og:description\" content=\"28&#8243; 21-622 Hybrid Disc -etukiekko on erinomaisen suorituskyvyn takaava valinta hybridipy\u00f6riin. MACH1 KARMA -kaksoissein\u00e4m\u00e4runko tarjoaa vahvan kest\u00e4vyyden ja vakauden, joten voit luottaa py\u00f6r\u00e4si toimintaan eri olosuhteissa. Holkitettu rakenne lis\u00e4\u00e4 kiekkojen lujuutta, ja levyjarruyhteensopivuus parantaa turvallisuutta ja hallittavuutta. Kiekossa on laadukas musta napa, jossa on 32 reik\u00e4\u00e4, mik\u00e4 mahdollistaa tehokkaan levyjarruasennuksen k\u00e4ytt\u00e4m\u00e4ll\u00e4 kuutta ruuvia. Mukana tuleva [...]L\u00e4s mer \u2026 from Etukiekko 28&#8243; 21-622 Hybrid Disc, MACH1 KARMA, tuplapohja, holkitettu, levyjarru,\" \/>\n<meta property=\"og:url\" content=\"https:\/\/vmsport.fi\/sv\/webbutik\/reservdelar\/skivor-och-nav\/fram-falg\/etukiekko-28-21-622-hybrid-disc-mach1-karma-tuplapohja-holkitettu-levyjarru\/\" \/>\n<meta property=\"og:site_name\" content=\"VM Sport\" \/>\n<meta property=\"article:publisher\" content=\"https:\/\/www.facebook.com\/Vmsport.fi\/\" \/>\n<meta property=\"article:modified_time\" content=\"2026-01-16T11:22:34+00:00\" \/>\n<meta property=\"og:image\" content=\"https:\/\/vmsport.fi\/wp-content\/uploads\/2025\/03\/59258-1.jpg\" \/>\n\t<meta property=\"og:image:width\" content=\"877\" \/>\n\t<meta property=\"og:image:height\" content=\"1000\" \/>\n\t<meta property=\"og:image:type\" content=\"image\/jpeg\" \/>\n<meta name=\"twitter:card\" content=\"summary_large_image\" \/>\n<meta name=\"twitter:label1\" content=\"Ber\u00e4knad l\u00e4stid\" \/>\n\t<meta name=\"twitter:data1\" content=\"1 minut\" \/>\n<script type=\"application\/ld+json\" class=\"yoast-schema-graph\">{\"@context\":\"https:\\\/\\\/schema.org\",\"@graph\":[{\"@type\":[\"WebPage\",\"ItemPage\"],\"@id\":\"https:\\\/\\\/vmsport.fi\\\/verkkokauppa\\\/varaosat\\\/kiekot-ja-navat\\\/etukiekot\\\/etukiekko-28-21-622-hybrid-disc-mach1-karma-tuplapohja-holkitettu-levyjarru\\\/\",\"url\":\"https:\\\/\\\/vmsport.fi\\\/verkkokauppa\\\/varaosat\\\/kiekot-ja-navat\\\/etukiekot\\\/etukiekko-28-21-622-hybrid-disc-mach1-karma-tuplapohja-holkitettu-levyjarru\\\/\",\"name\":\"Etukiekko 28\\\" 21-622 Hybrid Disc, MACH1 KARMA, tuplapohja, holkitettu, levyjarru, - VM Sport\",\"isPartOf\":{\"@id\":\"https:\\\/\\\/vmsport.fi\\\/#website\"},\"primaryImageOfPage\":{\"@id\":\"https:\\\/\\\/vmsport.fi\\\/verkkokauppa\\\/varaosat\\\/kiekot-ja-navat\\\/etukiekot\\\/etukiekko-28-21-622-hybrid-disc-mach1-karma-tuplapohja-holkitettu-levyjarru\\\/#primaryimage\"},\"image\":{\"@id\":\"https:\\\/\\\/vmsport.fi\\\/verkkokauppa\\\/varaosat\\\/kiekot-ja-navat\\\/etukiekot\\\/etukiekko-28-21-622-hybrid-disc-mach1-karma-tuplapohja-holkitettu-levyjarru\\\/#primaryimage\"},\"thumbnailUrl\":\"https:\\\/\\\/vmsport.fi\\\/wp-content\\\/uploads\\\/2025\\\/03\\\/59258-1.jpg\",\"datePublished\":\"2025-03-05T22:17:49+00:00\",\"dateModified\":\"2026-01-16T11:22:34+00:00\",\"breadcrumb\":{\"@id\":\"https:\\\/\\\/vmsport.fi\\\/verkkokauppa\\\/varaosat\\\/kiekot-ja-navat\\\/etukiekot\\\/etukiekko-28-21-622-hybrid-disc-mach1-karma-tuplapohja-holkitettu-levyjarru\\\/#breadcrumb\"},\"inLanguage\":\"sv-SE\",\"potentialAction\":[{\"@type\":\"ReadAction\",\"target\":[\"https:\\\/\\\/vmsport.fi\\\/verkkokauppa\\\/varaosat\\\/kiekot-ja-navat\\\/etukiekot\\\/etukiekko-28-21-622-hybrid-disc-mach1-karma-tuplapohja-holkitettu-levyjarru\\\/\"]}]},{\"@type\":\"ImageObject\",\"inLanguage\":\"sv-SE\",\"@id\":\"https:\\\/\\\/vmsport.fi\\\/verkkokauppa\\\/varaosat\\\/kiekot-ja-navat\\\/etukiekot\\\/etukiekko-28-21-622-hybrid-disc-mach1-karma-tuplapohja-holkitettu-levyjarru\\\/#primaryimage\",\"url\":\"https:\\\/\\\/vmsport.fi\\\/wp-content\\\/uploads\\\/2025\\\/03\\\/59258-1.jpg\",\"contentUrl\":\"https:\\\/\\\/vmsport.fi\\\/wp-content\\\/uploads\\\/2025\\\/03\\\/59258-1.jpg\",\"width\":877,\"height\":1000,\"caption\":\"59258\"},{\"@type\":\"BreadcrumbList\",\"@id\":\"https:\\\/\\\/vmsport.fi\\\/verkkokauppa\\\/varaosat\\\/kiekot-ja-navat\\\/etukiekot\\\/etukiekko-28-21-622-hybrid-disc-mach1-karma-tuplapohja-holkitettu-levyjarru\\\/#breadcrumb\",\"itemListElement\":[{\"@type\":\"ListItem\",\"position\":1,\"name\":\"Etusivu\",\"item\":\"https:\\\/\\\/vmsport.fi\\\/\"},{\"@type\":\"ListItem\",\"position\":2,\"name\":\"Online Store\",\"item\":\"https:\\\/\\\/vmsport.fi\\\/en\\\/online-store\\\/\"},{\"@type\":\"ListItem\",\"position\":3,\"name\":\"Etukiekko 28&#8243; 21-622 Hybrid Disc, MACH1 KARMA, tuplapohja, holkitettu, levyjarru,\"}]},{\"@type\":\"WebSite\",\"@id\":\"https:\\\/\\\/vmsport.fi\\\/#website\",\"url\":\"https:\\\/\\\/vmsport.fi\\\/\",\"name\":\"Vmsport\",\"description\":\"Kaikki py\u00f6r\u00e4ilyyn yhdest\u00e4 paikasta\",\"publisher\":{\"@id\":\"https:\\\/\\\/vmsport.fi\\\/#organization\"},\"potentialAction\":[{\"@type\":\"SearchAction\",\"target\":{\"@type\":\"EntryPoint\",\"urlTemplate\":\"https:\\\/\\\/vmsport.fi\\\/?s={search_term_string}\"},\"query-input\":{\"@type\":\"PropertyValueSpecification\",\"valueRequired\":true,\"valueName\":\"search_term_string\"}}],\"inLanguage\":\"sv-SE\"},{\"@type\":\"Organization\",\"@id\":\"https:\\\/\\\/vmsport.fi\\\/#organization\",\"name\":\"Vmsport\",\"url\":\"https:\\\/\\\/vmsport.fi\\\/\",\"logo\":{\"@type\":\"ImageObject\",\"inLanguage\":\"sv-SE\",\"@id\":\"https:\\\/\\\/vmsport.fi\\\/#\\\/schema\\\/logo\\\/image\\\/\",\"url\":\"https:\\\/\\\/vmsport.fi\\\/wp-content\\\/uploads\\\/2024\\\/12\\\/vm_sport_RGB_horisontal-e1734526017575.png\",\"contentUrl\":\"https:\\\/\\\/vmsport.fi\\\/wp-content\\\/uploads\\\/2024\\\/12\\\/vm_sport_RGB_horisontal-e1734526017575.png\",\"width\":668,\"height\":85,\"caption\":\"Vmsport\"},\"image\":{\"@id\":\"https:\\\/\\\/vmsport.fi\\\/#\\\/schema\\\/logo\\\/image\\\/\"},\"sameAs\":[\"https:\\\/\\\/www.facebook.com\\\/Vmsport.fi\\\/\",\"https:\\\/\\\/www.instagram.com\\\/vmsport\\\/\"]}]}<\/script>\n<!-- \/ Yoast SEO plugin. -->","yoast_head_json":{"title":"Etukiekko 28\" 21-622 Hybrid Disc, MACH1 KARMA, tuplapohja, holkitettu, levyjarru, - VM Sport","robots":{"index":"index","follow":"follow","max-snippet":"max-snippet:-1","max-image-preview":"max-image-preview:large","max-video-preview":"max-video-preview:-1"},"canonical":"https:\/\/vmsport.fi\/sv\/webbutik\/reservdelar\/skivor-och-nav\/fram-falg\/etukiekko-28-21-622-hybrid-disc-mach1-karma-tuplapohja-holkitettu-levyjarru\/","og_locale":"sv_SE","og_type":"article","og_title":"Etukiekko 28\" 21-622 Hybrid Disc, MACH1 KARMA, tuplapohja, holkitettu, levyjarru, - VM Sport","og_description":"28&#8243; 21-622 Hybrid Disc -etukiekko on erinomaisen suorituskyvyn takaava valinta hybridipy\u00f6riin. MACH1 KARMA -kaksoissein\u00e4m\u00e4runko tarjoaa vahvan kest\u00e4vyyden ja vakauden, joten voit luottaa py\u00f6r\u00e4si toimintaan eri olosuhteissa. Holkitettu rakenne lis\u00e4\u00e4 kiekkojen lujuutta, ja levyjarruyhteensopivuus parantaa turvallisuutta ja hallittavuutta. Kiekossa on laadukas musta napa, jossa on 32 reik\u00e4\u00e4, mik\u00e4 mahdollistaa tehokkaan levyjarruasennuksen k\u00e4ytt\u00e4m\u00e4ll\u00e4 kuutta ruuvia. Mukana tuleva [...]L\u00e4s mer \u2026 from Etukiekko 28&#8243; 21-622 Hybrid Disc, MACH1 KARMA, tuplapohja, holkitettu, levyjarru,","og_url":"https:\/\/vmsport.fi\/sv\/webbutik\/reservdelar\/skivor-och-nav\/fram-falg\/etukiekko-28-21-622-hybrid-disc-mach1-karma-tuplapohja-holkitettu-levyjarru\/","og_site_name":"VM Sport","article_publisher":"https:\/\/www.facebook.com\/Vmsport.fi\/","article_modified_time":"2026-01-16T11:22:34+00:00","og_image":[{"width":877,"height":1000,"url":"https:\/\/vmsport.fi\/wp-content\/uploads\/2025\/03\/59258-1.jpg","type":"image\/jpeg"}],"twitter_card":"summary_large_image","twitter_misc":{"Ber\u00e4knad l\u00e4stid":"1 minut"},"schema":{"@context":"https:\/\/schema.org","@graph":[{"@type":["WebPage","ItemPage"],"@id":"https:\/\/vmsport.fi\/verkkokauppa\/varaosat\/kiekot-ja-navat\/etukiekot\/etukiekko-28-21-622-hybrid-disc-mach1-karma-tuplapohja-holkitettu-levyjarru\/","url":"https:\/\/vmsport.fi\/verkkokauppa\/varaosat\/kiekot-ja-navat\/etukiekot\/etukiekko-28-21-622-hybrid-disc-mach1-karma-tuplapohja-holkitettu-levyjarru\/","name":"Etukiekko 28\" 21-622 Hybrid Disc, MACH1 KARMA, tuplapohja, holkitettu, levyjarru, - VM Sport","isPartOf":{"@id":"https:\/\/vmsport.fi\/#website"},"primaryImageOfPage":{"@id":"https:\/\/vmsport.fi\/verkkokauppa\/varaosat\/kiekot-ja-navat\/etukiekot\/etukiekko-28-21-622-hybrid-disc-mach1-karma-tuplapohja-holkitettu-levyjarru\/#primaryimage"},"image":{"@id":"https:\/\/vmsport.fi\/verkkokauppa\/varaosat\/kiekot-ja-navat\/etukiekot\/etukiekko-28-21-622-hybrid-disc-mach1-karma-tuplapohja-holkitettu-levyjarru\/#primaryimage"},"thumbnailUrl":"https:\/\/vmsport.fi\/wp-content\/uploads\/2025\/03\/59258-1.jpg","datePublished":"2025-03-05T22:17:49+00:00","dateModified":"2026-01-16T11:22:34+00:00","breadcrumb":{"@id":"https:\/\/vmsport.fi\/verkkokauppa\/varaosat\/kiekot-ja-navat\/etukiekot\/etukiekko-28-21-622-hybrid-disc-mach1-karma-tuplapohja-holkitettu-levyjarru\/#breadcrumb"},"inLanguage":"sv-SE","potentialAction":[{"@type":"ReadAction","target":["https:\/\/vmsport.fi\/verkkokauppa\/varaosat\/kiekot-ja-navat\/etukiekot\/etukiekko-28-21-622-hybrid-disc-mach1-karma-tuplapohja-holkitettu-levyjarru\/"]}]},{"@type":"ImageObject","inLanguage":"sv-SE","@id":"https:\/\/vmsport.fi\/verkkokauppa\/varaosat\/kiekot-ja-navat\/etukiekot\/etukiekko-28-21-622-hybrid-disc-mach1-karma-tuplapohja-holkitettu-levyjarru\/#primaryimage","url":"https:\/\/vmsport.fi\/wp-content\/uploads\/2025\/03\/59258-1.jpg","contentUrl":"https:\/\/vmsport.fi\/wp-content\/uploads\/2025\/03\/59258-1.jpg","width":877,"height":1000,"caption":"59258"},{"@type":"BreadcrumbList","@id":"https:\/\/vmsport.fi\/verkkokauppa\/varaosat\/kiekot-ja-navat\/etukiekot\/etukiekko-28-21-622-hybrid-disc-mach1-karma-tuplapohja-holkitettu-levyjarru\/#breadcrumb","itemListElement":[{"@type":"ListItem","position":1,"name":"Etusivu","item":"https:\/\/vmsport.fi\/"},{"@type":"ListItem","position":2,"name":"Online Store","item":"https:\/\/vmsport.fi\/en\/online-store\/"},{"@type":"ListItem","position":3,"name":"Etukiekko 28&#8243; 21-622 Hybrid Disc, MACH1 KARMA, tuplapohja, holkitettu, levyjarru,"}]},{"@type":"WebSite","@id":"https:\/\/vmsport.fi\/#website","url":"https:\/\/vmsport.fi\/","name":"Vmsport","description":"Allt p\u00e5 ett st\u00e4lle f\u00f6r cykling","publisher":{"@id":"https:\/\/vmsport.fi\/#organization"},"potentialAction":[{"@type":"SearchAction","target":{"@type":"EntryPoint","urlTemplate":"https:\/\/vmsport.fi\/?s={search_term_string}"},"query-input":{"@type":"PropertyValueSpecification","valueRequired":true,"valueName":"search_term_string"}}],"inLanguage":"sv-SE"},{"@type":"Organization","@id":"https:\/\/vmsport.fi\/#organization","name":"Vmsport","url":"https:\/\/vmsport.fi\/","logo":{"@type":"ImageObject","inLanguage":"sv-SE","@id":"https:\/\/vmsport.fi\/#\/schema\/logo\/image\/","url":"https:\/\/vmsport.fi\/wp-content\/uploads\/2024\/12\/vm_sport_RGB_horisontal-e1734526017575.png","contentUrl":"https:\/\/vmsport.fi\/wp-content\/uploads\/2024\/12\/vm_sport_RGB_horisontal-e1734526017575.png","width":668,"height":85,"caption":"Vmsport"},"image":{"@id":"https:\/\/vmsport.fi\/#\/schema\/logo\/image\/"},"sameAs":["https:\/\/www.facebook.com\/Vmsport.fi\/","https:\/\/www.instagram.com\/vmsport\/"]}]}},"global_unique_id":"","_links":{"self":[{"href":"https:\/\/vmsport.fi\/sv\/wp-json\/wp\/v2\/product\/56266","targetHints":{"allow":["GET"]}}],"collection":[{"href":"https:\/\/vmsport.fi\/sv\/wp-json\/wp\/v2\/product"}],"about":[{"href":"https:\/\/vmsport.fi\/sv\/wp-json\/wp\/v2\/types\/product"}],"replies":[{"embeddable":true,"href":"https:\/\/vmsport.fi\/sv\/wp-json\/wp\/v2\/comments?post=56266"}],"wp:featuredmedia":[{"embeddable":true,"href":"https:\/\/vmsport.fi\/sv\/wp-json\/wp\/v2\/media\/56265"}],"wp:attachment":[{"href":"https:\/\/vmsport.fi\/sv\/wp-json\/wp\/v2\/media?parent=56266"}],"wp:term":[{"taxonomy":"product_brand","embeddable":true,"href":"https:\/\/vmsport.fi\/sv\/wp-json\/wp\/v2\/product_brand?post=56266"},{"taxonomy":"product_model","embeddable":true,"href":"https:\/\/vmsport.fi\/sv\/wp-json\/wp\/v2\/product_model?post=56266"},{"taxonomy":"product_cat","embeddable":true,"href":"https:\/\/vmsport.fi\/sv\/wp-json\/wp\/v2\/product_cat?post=56266"},{"taxonomy":"product_tag","embeddable":true,"href":"https:\/\/vmsport.fi\/sv\/wp-json\/wp\/v2\/product_tag?post=56266"},{"taxonomy":"industry_terminology","embeddable":true,"href":"https:\/\/vmsport.fi\/sv\/wp-json\/wp\/v2\/industry-terminology?post=56266"}],"curies":[{"name":"wp","href":"https:\/\/api.w.org\/{rel}","templated":true}]}}