{"id":56242,"date":"2025-03-06T00:17:21","date_gmt":"2025-03-05T22:17:21","guid":{"rendered":"https:\/\/vmsport.fi\/verkkokauppa\/Ei-luokiteltu\/xlc-pc-l01-black-318-mm\/"},"modified":"2026-01-16T13:24:16","modified_gmt":"2026-01-16T11:24:16","slug":"xlc-pc-l01-svart-318-mm","status":"publish","type":"product","link":"https:\/\/vmsport.fi\/sv\/verkkokauppa\/varaosat\/satulat-ja-satulatolpat\/satula-ja-satulatolppien-varaosat\/xlc-pc-l01-black-318-mm\/","title":{"rendered":"XLC PC-L01 Svart 31,8 mm"},"content":{"rendered":"<p>XLC PC-L01 \u00e4r ett hjultillbeh\u00f6r som \u00e4r utformat f\u00f6r 31,8 mm-styren och erbjuder ett starkt och effektivt f\u00e4ste tack vare sin snygga svarta f\u00e4rg. Den l\u00e4ttanv\u00e4nda snabbkopplingsmekanismen m\u00f6jligg\u00f6r snabb och enkel installation. Det h\u00e4r h\u00e5llbara och tillf\u00f6rlitliga f\u00e4stet \u00e4r en viktig del av en modernt utrustad cykel och ger en s\u00e4ker och stabil k\u00f6rupplevelse under alla f\u00f6rh\u00e5llanden.<\/p>","protected":false},"excerpt":{"rendered":"<p>XLC PC-L01 on py\u00f6r\u00e4varuste, joka on suunniteltu 31,8 mm ohjaustankoon ja tarjoaa pit\u00e4v\u00e4n ja tehokkaan kiinnityksen tyylikk\u00e4\u00e4n mustan v\u00e4rins\u00e4 ansiosta. Helppok\u00e4ytt\u00f6inen pikakiinnitysmekanismi mahdollistaa nopean ja vaivattoman asennuksen. T\u00e4m\u00e4 kest\u00e4v\u00e4 ja luotettava kiinnike on olennainen osa nykyaikaisesti varusteltua py\u00f6r\u00e4\u00e4 ja varmistaa turvallisen sek\u00e4 vakaan ajokokemuksen kaikissa olosuhteissa. [&#8230;]<\/p>\n<p><a class=\"btn btn-secondary understrap-read-more-link\" href=\"https:\/\/vmsport.fi\/sv\/verkkokauppa\/varaosat\/satulat-ja-satulatolpat\/satula-ja-satulatolppien-varaosat\/xlc-pc-l01-black-318-mm\/\">L\u00e4s mer \u2026<span class=\"screen-reader-text\"> from XLC PC-L01 Black 31,8 mm<\/span><\/a><\/p>\n","protected":false},"featured_media":56241,"comment_status":"open","ping_status":"closed","template":"","meta":{"_acf_changed":false,"_improvement_type_select":"improve_an_existing","_thumb_yes_seoaic":false,"_frame_yes_seoaic":false,"seoaic_generate_description":"","seoaic_improve_instructions_prompt":"","seoaic_rollback_content_improvement":"","seoaic_idea_thumbnail_generator":"","thumbnail_generated":false,"thumbnail_generate_prompt":"","seoaic_article_description":"","_supplier_stock_quantity":0},"product_brand":[],"product_model":[],"product_cat":[9382],"product_tag":[],"industry-terminology":[],"class_list":{"0":"post-56242","1":"product","2":"type-product","3":"status-publish","4":"has-post-thumbnail","6":"product_cat-satula-ja-satulatolppien-varaosat","8":"first","9":"outofstock","10":"taxable","11":"shipping-taxable","12":"product-type-simple"},"acf":{"bike_features":null,"overview":{"copy_overview":null,"key_features":null,"statement":"","youtube_url":""}},"yoast_head":"<!-- This site is optimized with the Yoast SEO plugin v27.3 - https:\/\/yoast.com\/product\/yoast-seo-wordpress\/ -->\n<title>XLC PC-L01 Black 31,8 mm - VM Sport<\/title>\n<meta name=\"robots\" content=\"index, follow, max-snippet:-1, max-image-preview:large, max-video-preview:-1\" \/>\n<link rel=\"canonical\" href=\"https:\/\/vmsport.fi\/sv\/webbutik\/reservdelar\/sadlar-och-sadelstolpar\/reservdelar-till-sadel-och-sadelgjord\/xlc-pc-l01-svart-318-mm\/\" \/>\n<meta property=\"og:locale\" content=\"sv_SE\" \/>\n<meta property=\"og:type\" content=\"article\" \/>\n<meta property=\"og:title\" content=\"XLC PC-L01 Black 31,8 mm - VM Sport\" \/>\n<meta property=\"og:description\" content=\"XLC PC-L01 on py\u00f6r\u00e4varuste, joka on suunniteltu 31,8 mm ohjaustankoon ja tarjoaa pit\u00e4v\u00e4n ja tehokkaan kiinnityksen tyylikk\u00e4\u00e4n mustan v\u00e4rins\u00e4 ansiosta. Helppok\u00e4ytt\u00f6inen pikakiinnitysmekanismi mahdollistaa nopean ja vaivattoman asennuksen. T\u00e4m\u00e4 kest\u00e4v\u00e4 ja luotettava kiinnike on olennainen osa nykyaikaisesti varusteltua py\u00f6r\u00e4\u00e4 ja varmistaa turvallisen sek\u00e4 vakaan ajokokemuksen kaikissa olosuhteissa. [...]L\u00e4s mer \u2026 from XLC PC-L01 Black 31,8 mm\" \/>\n<meta property=\"og:url\" content=\"https:\/\/vmsport.fi\/sv\/webbutik\/reservdelar\/sadlar-och-sadelstolpar\/reservdelar-till-sadel-och-sadelgjord\/xlc-pc-l01-svart-318-mm\/\" \/>\n<meta property=\"og:site_name\" content=\"VM Sport\" \/>\n<meta property=\"article:publisher\" content=\"https:\/\/www.facebook.com\/Vmsport.fi\/\" \/>\n<meta property=\"article:modified_time\" content=\"2026-01-16T11:24:16+00:00\" \/>\n<meta property=\"og:image\" content=\"https:\/\/vmsport.fi\/wp-content\/uploads\/2025\/03\/1STP6sn19Au1xZCKvEK0tmVSh8FVfF39LKo1oeUjGDqodyJifk-1.jpg\" \/>\n\t<meta property=\"og:image:width\" content=\"730\" \/>\n\t<meta property=\"og:image:height\" content=\"768\" \/>\n\t<meta property=\"og:image:type\" content=\"image\/jpeg\" \/>\n<meta name=\"twitter:card\" content=\"summary_large_image\" \/>\n<script type=\"application\/ld+json\" class=\"yoast-schema-graph\">{\"@context\":\"https:\\\/\\\/schema.org\",\"@graph\":[{\"@type\":[\"WebPage\",\"ItemPage\"],\"@id\":\"https:\\\/\\\/vmsport.fi\\\/verkkokauppa\\\/varaosat\\\/satulat-ja-satulatolpat\\\/satula-ja-satulatolppien-varaosat\\\/xlc-pc-l01-black-318-mm\\\/\",\"url\":\"https:\\\/\\\/vmsport.fi\\\/verkkokauppa\\\/varaosat\\\/satulat-ja-satulatolpat\\\/satula-ja-satulatolppien-varaosat\\\/xlc-pc-l01-black-318-mm\\\/\",\"name\":\"XLC PC-L01 Black 31,8 mm - VM Sport\",\"isPartOf\":{\"@id\":\"https:\\\/\\\/vmsport.fi\\\/#website\"},\"primaryImageOfPage\":{\"@id\":\"https:\\\/\\\/vmsport.fi\\\/verkkokauppa\\\/varaosat\\\/satulat-ja-satulatolpat\\\/satula-ja-satulatolppien-varaosat\\\/xlc-pc-l01-black-318-mm\\\/#primaryimage\"},\"image\":{\"@id\":\"https:\\\/\\\/vmsport.fi\\\/verkkokauppa\\\/varaosat\\\/satulat-ja-satulatolpat\\\/satula-ja-satulatolppien-varaosat\\\/xlc-pc-l01-black-318-mm\\\/#primaryimage\"},\"thumbnailUrl\":\"https:\\\/\\\/vmsport.fi\\\/wp-content\\\/uploads\\\/2025\\\/03\\\/1STP6sn19Au1xZCKvEK0tmVSh8FVfF39LKo1oeUjGDqodyJifk-1.jpg\",\"datePublished\":\"2025-03-05T22:17:21+00:00\",\"dateModified\":\"2026-01-16T11:24:16+00:00\",\"breadcrumb\":{\"@id\":\"https:\\\/\\\/vmsport.fi\\\/verkkokauppa\\\/varaosat\\\/satulat-ja-satulatolpat\\\/satula-ja-satulatolppien-varaosat\\\/xlc-pc-l01-black-318-mm\\\/#breadcrumb\"},\"inLanguage\":\"sv-SE\",\"potentialAction\":[{\"@type\":\"ReadAction\",\"target\":[\"https:\\\/\\\/vmsport.fi\\\/verkkokauppa\\\/varaosat\\\/satulat-ja-satulatolpat\\\/satula-ja-satulatolppien-varaosat\\\/xlc-pc-l01-black-318-mm\\\/\"]}]},{\"@type\":\"ImageObject\",\"inLanguage\":\"sv-SE\",\"@id\":\"https:\\\/\\\/vmsport.fi\\\/verkkokauppa\\\/varaosat\\\/satulat-ja-satulatolpat\\\/satula-ja-satulatolppien-varaosat\\\/xlc-pc-l01-black-318-mm\\\/#primaryimage\",\"url\":\"https:\\\/\\\/vmsport.fi\\\/wp-content\\\/uploads\\\/2025\\\/03\\\/1STP6sn19Au1xZCKvEK0tmVSh8FVfF39LKo1oeUjGDqodyJifk-1.jpg\",\"contentUrl\":\"https:\\\/\\\/vmsport.fi\\\/wp-content\\\/uploads\\\/2025\\\/03\\\/1STP6sn19Au1xZCKvEK0tmVSh8FVfF39LKo1oeUjGDqodyJifk-1.jpg\",\"width\":730,\"height\":768,\"caption\":\"1STP6sn19Au1xZCKvEK0tmVSh8FVfF39LKo1oeUjGDqodyJifk\"},{\"@type\":\"BreadcrumbList\",\"@id\":\"https:\\\/\\\/vmsport.fi\\\/verkkokauppa\\\/varaosat\\\/satulat-ja-satulatolpat\\\/satula-ja-satulatolppien-varaosat\\\/xlc-pc-l01-black-318-mm\\\/#breadcrumb\",\"itemListElement\":[{\"@type\":\"ListItem\",\"position\":1,\"name\":\"Etusivu\",\"item\":\"https:\\\/\\\/vmsport.fi\\\/\"},{\"@type\":\"ListItem\",\"position\":2,\"name\":\"Online Store\",\"item\":\"https:\\\/\\\/vmsport.fi\\\/en\\\/online-store\\\/\"},{\"@type\":\"ListItem\",\"position\":3,\"name\":\"XLC PC-L01 Black 31,8 mm\"}]},{\"@type\":\"WebSite\",\"@id\":\"https:\\\/\\\/vmsport.fi\\\/#website\",\"url\":\"https:\\\/\\\/vmsport.fi\\\/\",\"name\":\"Vmsport\",\"description\":\"Kaikki py\u00f6r\u00e4ilyyn yhdest\u00e4 paikasta\",\"publisher\":{\"@id\":\"https:\\\/\\\/vmsport.fi\\\/#organization\"},\"potentialAction\":[{\"@type\":\"SearchAction\",\"target\":{\"@type\":\"EntryPoint\",\"urlTemplate\":\"https:\\\/\\\/vmsport.fi\\\/?s={search_term_string}\"},\"query-input\":{\"@type\":\"PropertyValueSpecification\",\"valueRequired\":true,\"valueName\":\"search_term_string\"}}],\"inLanguage\":\"sv-SE\"},{\"@type\":\"Organization\",\"@id\":\"https:\\\/\\\/vmsport.fi\\\/#organization\",\"name\":\"Vmsport\",\"url\":\"https:\\\/\\\/vmsport.fi\\\/\",\"logo\":{\"@type\":\"ImageObject\",\"inLanguage\":\"sv-SE\",\"@id\":\"https:\\\/\\\/vmsport.fi\\\/#\\\/schema\\\/logo\\\/image\\\/\",\"url\":\"https:\\\/\\\/vmsport.fi\\\/wp-content\\\/uploads\\\/2024\\\/12\\\/vm_sport_RGB_horisontal-e1734526017575.png\",\"contentUrl\":\"https:\\\/\\\/vmsport.fi\\\/wp-content\\\/uploads\\\/2024\\\/12\\\/vm_sport_RGB_horisontal-e1734526017575.png\",\"width\":668,\"height\":85,\"caption\":\"Vmsport\"},\"image\":{\"@id\":\"https:\\\/\\\/vmsport.fi\\\/#\\\/schema\\\/logo\\\/image\\\/\"},\"sameAs\":[\"https:\\\/\\\/www.facebook.com\\\/Vmsport.fi\\\/\",\"https:\\\/\\\/www.instagram.com\\\/vmsport\\\/\"]}]}<\/script>\n<!-- \/ Yoast SEO plugin. -->","yoast_head_json":{"title":"XLC PC-L01 Svart 31,8 mm - VM Sport","robots":{"index":"index","follow":"follow","max-snippet":"max-snippet:-1","max-image-preview":"max-image-preview:large","max-video-preview":"max-video-preview:-1"},"canonical":"https:\/\/vmsport.fi\/sv\/webbutik\/reservdelar\/sadlar-och-sadelstolpar\/reservdelar-till-sadel-och-sadelgjord\/xlc-pc-l01-svart-318-mm\/","og_locale":"sv_SE","og_type":"article","og_title":"XLC PC-L01 Black 31,8 mm - VM Sport","og_description":"XLC PC-L01 on py\u00f6r\u00e4varuste, joka on suunniteltu 31,8 mm ohjaustankoon ja tarjoaa pit\u00e4v\u00e4n ja tehokkaan kiinnityksen tyylikk\u00e4\u00e4n mustan v\u00e4rins\u00e4 ansiosta. Helppok\u00e4ytt\u00f6inen pikakiinnitysmekanismi mahdollistaa nopean ja vaivattoman asennuksen. T\u00e4m\u00e4 kest\u00e4v\u00e4 ja luotettava kiinnike on olennainen osa nykyaikaisesti varusteltua py\u00f6r\u00e4\u00e4 ja varmistaa turvallisen sek\u00e4 vakaan ajokokemuksen kaikissa olosuhteissa. [...]L\u00e4s mer \u2026 from XLC PC-L01 Black 31,8 mm","og_url":"https:\/\/vmsport.fi\/sv\/webbutik\/reservdelar\/sadlar-och-sadelstolpar\/reservdelar-till-sadel-och-sadelgjord\/xlc-pc-l01-svart-318-mm\/","og_site_name":"VM Sport","article_publisher":"https:\/\/www.facebook.com\/Vmsport.fi\/","article_modified_time":"2026-01-16T11:24:16+00:00","og_image":[{"width":730,"height":768,"url":"https:\/\/vmsport.fi\/wp-content\/uploads\/2025\/03\/1STP6sn19Au1xZCKvEK0tmVSh8FVfF39LKo1oeUjGDqodyJifk-1.jpg","type":"image\/jpeg"}],"twitter_card":"summary_large_image","schema":{"@context":"https:\/\/schema.org","@graph":[{"@type":["WebPage","ItemPage"],"@id":"https:\/\/vmsport.fi\/verkkokauppa\/varaosat\/satulat-ja-satulatolpat\/satula-ja-satulatolppien-varaosat\/xlc-pc-l01-black-318-mm\/","url":"https:\/\/vmsport.fi\/verkkokauppa\/varaosat\/satulat-ja-satulatolpat\/satula-ja-satulatolppien-varaosat\/xlc-pc-l01-black-318-mm\/","name":"XLC PC-L01 Svart 31,8 mm - VM Sport","isPartOf":{"@id":"https:\/\/vmsport.fi\/#website"},"primaryImageOfPage":{"@id":"https:\/\/vmsport.fi\/verkkokauppa\/varaosat\/satulat-ja-satulatolpat\/satula-ja-satulatolppien-varaosat\/xlc-pc-l01-black-318-mm\/#primaryimage"},"image":{"@id":"https:\/\/vmsport.fi\/verkkokauppa\/varaosat\/satulat-ja-satulatolpat\/satula-ja-satulatolppien-varaosat\/xlc-pc-l01-black-318-mm\/#primaryimage"},"thumbnailUrl":"https:\/\/vmsport.fi\/wp-content\/uploads\/2025\/03\/1STP6sn19Au1xZCKvEK0tmVSh8FVfF39LKo1oeUjGDqodyJifk-1.jpg","datePublished":"2025-03-05T22:17:21+00:00","dateModified":"2026-01-16T11:24:16+00:00","breadcrumb":{"@id":"https:\/\/vmsport.fi\/verkkokauppa\/varaosat\/satulat-ja-satulatolpat\/satula-ja-satulatolppien-varaosat\/xlc-pc-l01-black-318-mm\/#breadcrumb"},"inLanguage":"sv-SE","potentialAction":[{"@type":"ReadAction","target":["https:\/\/vmsport.fi\/verkkokauppa\/varaosat\/satulat-ja-satulatolpat\/satula-ja-satulatolppien-varaosat\/xlc-pc-l01-black-318-mm\/"]}]},{"@type":"ImageObject","inLanguage":"sv-SE","@id":"https:\/\/vmsport.fi\/verkkokauppa\/varaosat\/satulat-ja-satulatolpat\/satula-ja-satulatolppien-varaosat\/xlc-pc-l01-black-318-mm\/#primaryimage","url":"https:\/\/vmsport.fi\/wp-content\/uploads\/2025\/03\/1STP6sn19Au1xZCKvEK0tmVSh8FVfF39LKo1oeUjGDqodyJifk-1.jpg","contentUrl":"https:\/\/vmsport.fi\/wp-content\/uploads\/2025\/03\/1STP6sn19Au1xZCKvEK0tmVSh8FVfF39LKo1oeUjGDqodyJifk-1.jpg","width":730,"height":768,"caption":"1STP6sn19Au1xZCKvEK0tmVSh8FVfF39LKo1oeUjGDqodyJifk"},{"@type":"BreadcrumbList","@id":"https:\/\/vmsport.fi\/verkkokauppa\/varaosat\/satulat-ja-satulatolpat\/satula-ja-satulatolppien-varaosat\/xlc-pc-l01-black-318-mm\/#breadcrumb","itemListElement":[{"@type":"ListItem","position":1,"name":"Etusivu","item":"https:\/\/vmsport.fi\/"},{"@type":"ListItem","position":2,"name":"Online Store","item":"https:\/\/vmsport.fi\/en\/online-store\/"},{"@type":"ListItem","position":3,"name":"XLC PC-L01 Black 31,8 mm"}]},{"@type":"WebSite","@id":"https:\/\/vmsport.fi\/#website","url":"https:\/\/vmsport.fi\/","name":"Vmsport","description":"Allt p\u00e5 ett st\u00e4lle f\u00f6r cykling","publisher":{"@id":"https:\/\/vmsport.fi\/#organization"},"potentialAction":[{"@type":"SearchAction","target":{"@type":"EntryPoint","urlTemplate":"https:\/\/vmsport.fi\/?s={search_term_string}"},"query-input":{"@type":"PropertyValueSpecification","valueRequired":true,"valueName":"search_term_string"}}],"inLanguage":"sv-SE"},{"@type":"Organization","@id":"https:\/\/vmsport.fi\/#organization","name":"Vmsport","url":"https:\/\/vmsport.fi\/","logo":{"@type":"ImageObject","inLanguage":"sv-SE","@id":"https:\/\/vmsport.fi\/#\/schema\/logo\/image\/","url":"https:\/\/vmsport.fi\/wp-content\/uploads\/2024\/12\/vm_sport_RGB_horisontal-e1734526017575.png","contentUrl":"https:\/\/vmsport.fi\/wp-content\/uploads\/2024\/12\/vm_sport_RGB_horisontal-e1734526017575.png","width":668,"height":85,"caption":"Vmsport"},"image":{"@id":"https:\/\/vmsport.fi\/#\/schema\/logo\/image\/"},"sameAs":["https:\/\/www.facebook.com\/Vmsport.fi\/","https:\/\/www.instagram.com\/vmsport\/"]}]}},"global_unique_id":"","_links":{"self":[{"href":"https:\/\/vmsport.fi\/sv\/wp-json\/wp\/v2\/product\/56242","targetHints":{"allow":["GET"]}}],"collection":[{"href":"https:\/\/vmsport.fi\/sv\/wp-json\/wp\/v2\/product"}],"about":[{"href":"https:\/\/vmsport.fi\/sv\/wp-json\/wp\/v2\/types\/product"}],"replies":[{"embeddable":true,"href":"https:\/\/vmsport.fi\/sv\/wp-json\/wp\/v2\/comments?post=56242"}],"wp:featuredmedia":[{"embeddable":true,"href":"https:\/\/vmsport.fi\/sv\/wp-json\/wp\/v2\/media\/56241"}],"wp:attachment":[{"href":"https:\/\/vmsport.fi\/sv\/wp-json\/wp\/v2\/media?parent=56242"}],"wp:term":[{"taxonomy":"product_brand","embeddable":true,"href":"https:\/\/vmsport.fi\/sv\/wp-json\/wp\/v2\/product_brand?post=56242"},{"taxonomy":"product_model","embeddable":true,"href":"https:\/\/vmsport.fi\/sv\/wp-json\/wp\/v2\/product_model?post=56242"},{"taxonomy":"product_cat","embeddable":true,"href":"https:\/\/vmsport.fi\/sv\/wp-json\/wp\/v2\/product_cat?post=56242"},{"taxonomy":"product_tag","embeddable":true,"href":"https:\/\/vmsport.fi\/sv\/wp-json\/wp\/v2\/product_tag?post=56242"},{"taxonomy":"industry_terminology","embeddable":true,"href":"https:\/\/vmsport.fi\/sv\/wp-json\/wp\/v2\/industry-terminology?post=56242"}],"curies":[{"name":"wp","href":"https:\/\/api.w.org\/{rel}","templated":true}]}}