{"id":56228,"date":"2025-03-06T00:17:10","date_gmt":"2025-03-05T22:17:10","guid":{"rendered":"https:\/\/vmsport.fi\/verkkokauppa\/Ei-luokiteltu\/sahkojohto-300mm-musta-ew-sd300-ulkoinen-reititys\/"},"modified":"2026-01-16T13:25:14","modified_gmt":"2026-01-16T11:25:14","slug":"tandad-kabel-300mm-svart-ew-sd300-extern-routing","status":"publish","type":"product","link":"https:\/\/vmsport.fi\/sv\/verkkokauppa\/varaosat\/sahkopyorien-osat\/sahkojohto-300mm-musta-ew-sd300-ulkoinen-reititys\/","title":{"rendered":"Elkabel 300 mm svart EW-SD300 Extern kabeldragning"},"content":{"rendered":"<p>Den 300 mm l\u00e5nga elkabeln \u00e4r idealisk f\u00f6r installation utomhus. Den svarta f\u00e4rgen g\u00f6r kabeln diskret och elegant. De h\u00f6gkvalitativa materialen i kabeln garanterar dess h\u00e5llbarhet, s\u00e5 att den fungerar tillf\u00f6rlitligt i en m\u00e4ngd olika v\u00e4derf\u00f6rh\u00e5llanden. Kabeln \u00e4r l\u00e4tt att installera och speciellt utformad f\u00f6r att underl\u00e4tta kabeldragning utomhus.<\/p>","protected":false},"excerpt":{"rendered":"<p>300 mm pitk\u00e4 s\u00e4hk\u00f6johto sopii erinomaisesti ulkotiloihin asennettavaksi. Musta v\u00e4ri tekee johdosta huomaamattoman ja tyylikk\u00e4\u00e4n. Johdon laadukkaat materiaalit takaavat sen kest\u00e4vyyden, jotta se toimii luotettavasti erilaisissa s\u00e4\u00e4olosuhteissa. Johto on helppo asentaa ja suunniteltu erityisesti helpottamaan ulkotilojen s\u00e4hk\u00f6istyst\u00e4. [&#8230;]<\/p>\n<p><a class=\"btn btn-secondary understrap-read-more-link\" href=\"https:\/\/vmsport.fi\/sv\/verkkokauppa\/varaosat\/sahkopyorien-osat\/sahkojohto-300mm-musta-ew-sd300-ulkoinen-reititys\/\">L\u00e4s mer \u2026<span class=\"screen-reader-text\"> from S\u00e4hk\u00f6johto 300mm Musta EW-SD300 Ulkoinen reititys<\/span><\/a><\/p>\n","protected":false},"featured_media":56227,"comment_status":"open","ping_status":"closed","template":"","meta":{"_acf_changed":false,"_improvement_type_select":"improve_an_existing","_thumb_yes_seoaic":false,"_frame_yes_seoaic":false,"seoaic_generate_description":"","seoaic_improve_instructions_prompt":"","seoaic_rollback_content_improvement":"","seoaic_idea_thumbnail_generator":"","thumbnail_generated":false,"thumbnail_generate_prompt":"","seoaic_article_description":"","_supplier_stock_quantity":0},"product_brand":[],"product_model":[],"product_cat":[9278],"product_tag":[],"industry-terminology":[],"class_list":{"0":"post-56228","1":"product","2":"type-product","3":"status-publish","4":"has-post-thumbnail","6":"product_cat-sahkopyorien-osat","8":"first","9":"outofstock","10":"taxable","11":"shipping-taxable","12":"product-type-simple"},"acf":{"bike_features":null,"overview":{"copy_overview":null,"key_features":null,"statement":"","youtube_url":""}},"yoast_head":"<!-- This site is optimized with the Yoast SEO plugin v27.3 - https:\/\/yoast.com\/product\/yoast-seo-wordpress\/ -->\n<title>S\u00e4hk\u00f6johto 300mm Musta EW-SD300 Ulkoinen reititys - VM Sport<\/title>\n<meta name=\"robots\" content=\"index, follow, max-snippet:-1, max-image-preview:large, max-video-preview:-1\" \/>\n<link rel=\"canonical\" href=\"https:\/\/vmsport.fi\/sv\/webbutik\/reservdelar\/delar-av-sagbockar\/tandad-kabel-300mm-svart-ew-sd300-extern-routing\/\" \/>\n<meta property=\"og:locale\" content=\"sv_SE\" \/>\n<meta property=\"og:type\" content=\"article\" \/>\n<meta property=\"og:title\" content=\"S\u00e4hk\u00f6johto 300mm Musta EW-SD300 Ulkoinen reititys - VM Sport\" \/>\n<meta property=\"og:description\" content=\"300 mm pitk\u00e4 s\u00e4hk\u00f6johto sopii erinomaisesti ulkotiloihin asennettavaksi. Musta v\u00e4ri tekee johdosta huomaamattoman ja tyylikk\u00e4\u00e4n. Johdon laadukkaat materiaalit takaavat sen kest\u00e4vyyden, jotta se toimii luotettavasti erilaisissa s\u00e4\u00e4olosuhteissa. Johto on helppo asentaa ja suunniteltu erityisesti helpottamaan ulkotilojen s\u00e4hk\u00f6istyst\u00e4. [...]L\u00e4s mer \u2026 from S\u00e4hk\u00f6johto 300mm Musta EW-SD300 Ulkoinen reititys\" \/>\n<meta property=\"og:url\" content=\"https:\/\/vmsport.fi\/sv\/webbutik\/reservdelar\/delar-av-sagbockar\/tandad-kabel-300mm-svart-ew-sd300-extern-routing\/\" \/>\n<meta property=\"og:site_name\" content=\"VM Sport\" \/>\n<meta property=\"article:publisher\" content=\"https:\/\/www.facebook.com\/Vmsport.fi\/\" \/>\n<meta property=\"article:modified_time\" content=\"2026-01-16T11:25:14+00:00\" \/>\n<meta property=\"og:image\" content=\"https:\/\/vmsport.fi\/wp-content\/uploads\/2025\/03\/LABE4OfiKT6wyzumUtH9lxnE1FA7P8lhppbm3of2kop8YzVbwD-1.jpg\" \/>\n\t<meta property=\"og:image:width\" content=\"600\" \/>\n\t<meta property=\"og:image:height\" content=\"600\" \/>\n\t<meta property=\"og:image:type\" content=\"image\/jpeg\" \/>\n<meta name=\"twitter:card\" content=\"summary_large_image\" \/>\n<script type=\"application\/ld+json\" class=\"yoast-schema-graph\">{\"@context\":\"https:\\\/\\\/schema.org\",\"@graph\":[{\"@type\":[\"WebPage\",\"ItemPage\"],\"@id\":\"https:\\\/\\\/vmsport.fi\\\/verkkokauppa\\\/varaosat\\\/sahkopyorien-osat\\\/sahkojohto-300mm-musta-ew-sd300-ulkoinen-reititys\\\/\",\"url\":\"https:\\\/\\\/vmsport.fi\\\/verkkokauppa\\\/varaosat\\\/sahkopyorien-osat\\\/sahkojohto-300mm-musta-ew-sd300-ulkoinen-reititys\\\/\",\"name\":\"S\u00e4hk\u00f6johto 300mm Musta EW-SD300 Ulkoinen reititys - VM Sport\",\"isPartOf\":{\"@id\":\"https:\\\/\\\/vmsport.fi\\\/#website\"},\"primaryImageOfPage\":{\"@id\":\"https:\\\/\\\/vmsport.fi\\\/verkkokauppa\\\/varaosat\\\/sahkopyorien-osat\\\/sahkojohto-300mm-musta-ew-sd300-ulkoinen-reititys\\\/#primaryimage\"},\"image\":{\"@id\":\"https:\\\/\\\/vmsport.fi\\\/verkkokauppa\\\/varaosat\\\/sahkopyorien-osat\\\/sahkojohto-300mm-musta-ew-sd300-ulkoinen-reititys\\\/#primaryimage\"},\"thumbnailUrl\":\"https:\\\/\\\/vmsport.fi\\\/wp-content\\\/uploads\\\/2025\\\/03\\\/LABE4OfiKT6wyzumUtH9lxnE1FA7P8lhppbm3of2kop8YzVbwD-1.jpg\",\"datePublished\":\"2025-03-05T22:17:10+00:00\",\"dateModified\":\"2026-01-16T11:25:14+00:00\",\"breadcrumb\":{\"@id\":\"https:\\\/\\\/vmsport.fi\\\/verkkokauppa\\\/varaosat\\\/sahkopyorien-osat\\\/sahkojohto-300mm-musta-ew-sd300-ulkoinen-reititys\\\/#breadcrumb\"},\"inLanguage\":\"sv-SE\",\"potentialAction\":[{\"@type\":\"ReadAction\",\"target\":[\"https:\\\/\\\/vmsport.fi\\\/verkkokauppa\\\/varaosat\\\/sahkopyorien-osat\\\/sahkojohto-300mm-musta-ew-sd300-ulkoinen-reititys\\\/\"]}]},{\"@type\":\"ImageObject\",\"inLanguage\":\"sv-SE\",\"@id\":\"https:\\\/\\\/vmsport.fi\\\/verkkokauppa\\\/varaosat\\\/sahkopyorien-osat\\\/sahkojohto-300mm-musta-ew-sd300-ulkoinen-reititys\\\/#primaryimage\",\"url\":\"https:\\\/\\\/vmsport.fi\\\/wp-content\\\/uploads\\\/2025\\\/03\\\/LABE4OfiKT6wyzumUtH9lxnE1FA7P8lhppbm3of2kop8YzVbwD-1.jpg\",\"contentUrl\":\"https:\\\/\\\/vmsport.fi\\\/wp-content\\\/uploads\\\/2025\\\/03\\\/LABE4OfiKT6wyzumUtH9lxnE1FA7P8lhppbm3of2kop8YzVbwD-1.jpg\",\"width\":600,\"height\":600,\"caption\":\"LABE4OfiKT6wyzumUtH9lxnE1FA7P8lhppbm3of2kop8YzVbwD\"},{\"@type\":\"BreadcrumbList\",\"@id\":\"https:\\\/\\\/vmsport.fi\\\/verkkokauppa\\\/varaosat\\\/sahkopyorien-osat\\\/sahkojohto-300mm-musta-ew-sd300-ulkoinen-reititys\\\/#breadcrumb\",\"itemListElement\":[{\"@type\":\"ListItem\",\"position\":1,\"name\":\"Etusivu\",\"item\":\"https:\\\/\\\/vmsport.fi\\\/\"},{\"@type\":\"ListItem\",\"position\":2,\"name\":\"Online Store\",\"item\":\"https:\\\/\\\/vmsport.fi\\\/en\\\/online-store\\\/\"},{\"@type\":\"ListItem\",\"position\":3,\"name\":\"S\u00e4hk\u00f6johto 300mm Musta EW-SD300 Ulkoinen reititys\"}]},{\"@type\":\"WebSite\",\"@id\":\"https:\\\/\\\/vmsport.fi\\\/#website\",\"url\":\"https:\\\/\\\/vmsport.fi\\\/\",\"name\":\"Vmsport\",\"description\":\"Kaikki py\u00f6r\u00e4ilyyn yhdest\u00e4 paikasta\",\"publisher\":{\"@id\":\"https:\\\/\\\/vmsport.fi\\\/#organization\"},\"potentialAction\":[{\"@type\":\"SearchAction\",\"target\":{\"@type\":\"EntryPoint\",\"urlTemplate\":\"https:\\\/\\\/vmsport.fi\\\/?s={search_term_string}\"},\"query-input\":{\"@type\":\"PropertyValueSpecification\",\"valueRequired\":true,\"valueName\":\"search_term_string\"}}],\"inLanguage\":\"sv-SE\"},{\"@type\":\"Organization\",\"@id\":\"https:\\\/\\\/vmsport.fi\\\/#organization\",\"name\":\"Vmsport\",\"url\":\"https:\\\/\\\/vmsport.fi\\\/\",\"logo\":{\"@type\":\"ImageObject\",\"inLanguage\":\"sv-SE\",\"@id\":\"https:\\\/\\\/vmsport.fi\\\/#\\\/schema\\\/logo\\\/image\\\/\",\"url\":\"https:\\\/\\\/vmsport.fi\\\/wp-content\\\/uploads\\\/2024\\\/12\\\/vm_sport_RGB_horisontal-e1734526017575.png\",\"contentUrl\":\"https:\\\/\\\/vmsport.fi\\\/wp-content\\\/uploads\\\/2024\\\/12\\\/vm_sport_RGB_horisontal-e1734526017575.png\",\"width\":668,\"height\":85,\"caption\":\"Vmsport\"},\"image\":{\"@id\":\"https:\\\/\\\/vmsport.fi\\\/#\\\/schema\\\/logo\\\/image\\\/\"},\"sameAs\":[\"https:\\\/\\\/www.facebook.com\\\/Vmsport.fi\\\/\",\"https:\\\/\\\/www.instagram.com\\\/vmsport\\\/\"]}]}<\/script>\n<!-- \/ Yoast SEO plugin. -->","yoast_head_json":{"title":"Elkabel 300 mm svart EW-SD300 Extern kabeldragning - VM Sport","robots":{"index":"index","follow":"follow","max-snippet":"max-snippet:-1","max-image-preview":"max-image-preview:large","max-video-preview":"max-video-preview:-1"},"canonical":"https:\/\/vmsport.fi\/sv\/webbutik\/reservdelar\/delar-av-sagbockar\/tandad-kabel-300mm-svart-ew-sd300-extern-routing\/","og_locale":"sv_SE","og_type":"article","og_title":"S\u00e4hk\u00f6johto 300mm Musta EW-SD300 Ulkoinen reititys - VM Sport","og_description":"300 mm pitk\u00e4 s\u00e4hk\u00f6johto sopii erinomaisesti ulkotiloihin asennettavaksi. Musta v\u00e4ri tekee johdosta huomaamattoman ja tyylikk\u00e4\u00e4n. Johdon laadukkaat materiaalit takaavat sen kest\u00e4vyyden, jotta se toimii luotettavasti erilaisissa s\u00e4\u00e4olosuhteissa. Johto on helppo asentaa ja suunniteltu erityisesti helpottamaan ulkotilojen s\u00e4hk\u00f6istyst\u00e4. [...]L\u00e4s mer \u2026 from S\u00e4hk\u00f6johto 300mm Musta EW-SD300 Ulkoinen reititys","og_url":"https:\/\/vmsport.fi\/sv\/webbutik\/reservdelar\/delar-av-sagbockar\/tandad-kabel-300mm-svart-ew-sd300-extern-routing\/","og_site_name":"VM Sport","article_publisher":"https:\/\/www.facebook.com\/Vmsport.fi\/","article_modified_time":"2026-01-16T11:25:14+00:00","og_image":[{"width":600,"height":600,"url":"https:\/\/vmsport.fi\/wp-content\/uploads\/2025\/03\/LABE4OfiKT6wyzumUtH9lxnE1FA7P8lhppbm3of2kop8YzVbwD-1.jpg","type":"image\/jpeg"}],"twitter_card":"summary_large_image","schema":{"@context":"https:\/\/schema.org","@graph":[{"@type":["WebPage","ItemPage"],"@id":"https:\/\/vmsport.fi\/verkkokauppa\/varaosat\/sahkopyorien-osat\/sahkojohto-300mm-musta-ew-sd300-ulkoinen-reititys\/","url":"https:\/\/vmsport.fi\/verkkokauppa\/varaosat\/sahkopyorien-osat\/sahkojohto-300mm-musta-ew-sd300-ulkoinen-reititys\/","name":"Elkabel 300 mm svart EW-SD300 Extern kabeldragning - VM Sport","isPartOf":{"@id":"https:\/\/vmsport.fi\/#website"},"primaryImageOfPage":{"@id":"https:\/\/vmsport.fi\/verkkokauppa\/varaosat\/sahkopyorien-osat\/sahkojohto-300mm-musta-ew-sd300-ulkoinen-reititys\/#primaryimage"},"image":{"@id":"https:\/\/vmsport.fi\/verkkokauppa\/varaosat\/sahkopyorien-osat\/sahkojohto-300mm-musta-ew-sd300-ulkoinen-reititys\/#primaryimage"},"thumbnailUrl":"https:\/\/vmsport.fi\/wp-content\/uploads\/2025\/03\/LABE4OfiKT6wyzumUtH9lxnE1FA7P8lhppbm3of2kop8YzVbwD-1.jpg","datePublished":"2025-03-05T22:17:10+00:00","dateModified":"2026-01-16T11:25:14+00:00","breadcrumb":{"@id":"https:\/\/vmsport.fi\/verkkokauppa\/varaosat\/sahkopyorien-osat\/sahkojohto-300mm-musta-ew-sd300-ulkoinen-reititys\/#breadcrumb"},"inLanguage":"sv-SE","potentialAction":[{"@type":"ReadAction","target":["https:\/\/vmsport.fi\/verkkokauppa\/varaosat\/sahkopyorien-osat\/sahkojohto-300mm-musta-ew-sd300-ulkoinen-reititys\/"]}]},{"@type":"ImageObject","inLanguage":"sv-SE","@id":"https:\/\/vmsport.fi\/verkkokauppa\/varaosat\/sahkopyorien-osat\/sahkojohto-300mm-musta-ew-sd300-ulkoinen-reititys\/#primaryimage","url":"https:\/\/vmsport.fi\/wp-content\/uploads\/2025\/03\/LABE4OfiKT6wyzumUtH9lxnE1FA7P8lhppbm3of2kop8YzVbwD-1.jpg","contentUrl":"https:\/\/vmsport.fi\/wp-content\/uploads\/2025\/03\/LABE4OfiKT6wyzumUtH9lxnE1FA7P8lhppbm3of2kop8YzVbwD-1.jpg","width":600,"height":600,"caption":"LABE4OfiKT6wyzumUtH9lxnE1FA7P8lhppbm3of2kop8YzVbwD"},{"@type":"BreadcrumbList","@id":"https:\/\/vmsport.fi\/verkkokauppa\/varaosat\/sahkopyorien-osat\/sahkojohto-300mm-musta-ew-sd300-ulkoinen-reititys\/#breadcrumb","itemListElement":[{"@type":"ListItem","position":1,"name":"Etusivu","item":"https:\/\/vmsport.fi\/"},{"@type":"ListItem","position":2,"name":"Online Store","item":"https:\/\/vmsport.fi\/en\/online-store\/"},{"@type":"ListItem","position":3,"name":"S\u00e4hk\u00f6johto 300mm Musta EW-SD300 Ulkoinen reititys"}]},{"@type":"WebSite","@id":"https:\/\/vmsport.fi\/#website","url":"https:\/\/vmsport.fi\/","name":"Vmsport","description":"Allt p\u00e5 ett st\u00e4lle f\u00f6r cykling","publisher":{"@id":"https:\/\/vmsport.fi\/#organization"},"potentialAction":[{"@type":"SearchAction","target":{"@type":"EntryPoint","urlTemplate":"https:\/\/vmsport.fi\/?s={search_term_string}"},"query-input":{"@type":"PropertyValueSpecification","valueRequired":true,"valueName":"search_term_string"}}],"inLanguage":"sv-SE"},{"@type":"Organization","@id":"https:\/\/vmsport.fi\/#organization","name":"Vmsport","url":"https:\/\/vmsport.fi\/","logo":{"@type":"ImageObject","inLanguage":"sv-SE","@id":"https:\/\/vmsport.fi\/#\/schema\/logo\/image\/","url":"https:\/\/vmsport.fi\/wp-content\/uploads\/2024\/12\/vm_sport_RGB_horisontal-e1734526017575.png","contentUrl":"https:\/\/vmsport.fi\/wp-content\/uploads\/2024\/12\/vm_sport_RGB_horisontal-e1734526017575.png","width":668,"height":85,"caption":"Vmsport"},"image":{"@id":"https:\/\/vmsport.fi\/#\/schema\/logo\/image\/"},"sameAs":["https:\/\/www.facebook.com\/Vmsport.fi\/","https:\/\/www.instagram.com\/vmsport\/"]}]}},"global_unique_id":"","_links":{"self":[{"href":"https:\/\/vmsport.fi\/sv\/wp-json\/wp\/v2\/product\/56228","targetHints":{"allow":["GET"]}}],"collection":[{"href":"https:\/\/vmsport.fi\/sv\/wp-json\/wp\/v2\/product"}],"about":[{"href":"https:\/\/vmsport.fi\/sv\/wp-json\/wp\/v2\/types\/product"}],"replies":[{"embeddable":true,"href":"https:\/\/vmsport.fi\/sv\/wp-json\/wp\/v2\/comments?post=56228"}],"wp:featuredmedia":[{"embeddable":true,"href":"https:\/\/vmsport.fi\/sv\/wp-json\/wp\/v2\/media\/56227"}],"wp:attachment":[{"href":"https:\/\/vmsport.fi\/sv\/wp-json\/wp\/v2\/media?parent=56228"}],"wp:term":[{"taxonomy":"product_brand","embeddable":true,"href":"https:\/\/vmsport.fi\/sv\/wp-json\/wp\/v2\/product_brand?post=56228"},{"taxonomy":"product_model","embeddable":true,"href":"https:\/\/vmsport.fi\/sv\/wp-json\/wp\/v2\/product_model?post=56228"},{"taxonomy":"product_cat","embeddable":true,"href":"https:\/\/vmsport.fi\/sv\/wp-json\/wp\/v2\/product_cat?post=56228"},{"taxonomy":"product_tag","embeddable":true,"href":"https:\/\/vmsport.fi\/sv\/wp-json\/wp\/v2\/product_tag?post=56228"},{"taxonomy":"industry_terminology","embeddable":true,"href":"https:\/\/vmsport.fi\/sv\/wp-json\/wp\/v2\/industry-terminology?post=56228"}],"curies":[{"name":"wp","href":"https:\/\/api.w.org\/{rel}","templated":true}]}}