{"id":56226,"date":"2025-03-06T00:17:09","date_gmt":"2025-03-05T22:17:09","guid":{"rendered":"https:\/\/vmsport.fi\/verkkokauppa\/Ei-luokiteltu\/trek-domane-al-5-gen-4-matte-trek-black\/"},"modified":"2026-03-16T17:50:02","modified_gmt":"2026-03-16T15:50:02","slug":"trek-domane-al-5-gen-4-matt-trek-svart","status":"publish","type":"product","link":"https:\/\/vmsport.fi\/sv\/verkkokauppa\/polkupyorat\/maantie-ja-gravel\/maantiepyorat\/trek-domane-al-5-gen-4-matte-trek-black\/","title":{"rendered":"Trek Domane AL 5 Gen 4 - MATTE TREK BLACK"},"content":{"rendered":"<p>T\u00e4ss\u00e4 py\u00f6r\u00e4ss\u00e4 yhdistyy kehuttu Shimano 105 -osasarja, kevyt 100-sarjan Alpha-alumiinirunko, t\u00e4ydellinen hiilikuituhaarukka sek\u00e4 monipuoliset kiinnityspisteet. Sis\u00e4inen vaijerireititys ja moderni ohjaamo tekev\u00e4t kokonaisuudesta viimeistellyn. Laaja rengastila antaa mahdollisuuden mukautua eri alustojen mukaan, ja mukava geometria tukee pitki\u00e4kin matkoja. Hydrauliset levyjarrut parantavat turvallisuutta ja hallintaa hyvin erilaisissa olosuhteissa.<\/p>","protected":false},"excerpt":{"rendered":"<p>Kevyt, monipuolinen maantiepy\u00f6r\u00e4 12-vaihteisella Shimano 105 -osasarjalla, runsaalla rengastilalla ja mukavalla ajoasennolla. [&#8230;]<\/p>\n<p><a class=\"btn btn-secondary understrap-read-more-link\" href=\"https:\/\/vmsport.fi\/sv\/verkkokauppa\/polkupyorat\/maantie-ja-gravel\/maantiepyorat\/trek-domane-al-5-gen-4-matte-trek-black\/\">L\u00e4s mer \u2026<span class=\"screen-reader-text\"> from Trek Domane AL 5 Gen 4 &#8211; MATTE TREK BLACK<\/span><\/a><\/p>\n","protected":false},"featured_media":56225,"comment_status":"open","ping_status":"closed","template":"","meta":{"_acf_changed":false,"_improvement_type_select":"improve_an_existing","_thumb_yes_seoaic":false,"_frame_yes_seoaic":false,"seoaic_generate_description":"","seoaic_improve_instructions_prompt":"","seoaic_rollback_content_improvement":"","seoaic_idea_thumbnail_generator":"","thumbnail_generated":false,"thumbnail_generate_prompt":"","seoaic_article_description":"","_supplier_stock_quantity":0},"product_brand":[37],"product_model":[],"product_cat":[9332],"product_tag":[],"industry-terminology":[],"class_list":{"0":"post-56226","1":"product","2":"type-product","3":"status-publish","4":"has-post-thumbnail","6":"product_brand-trek","7":"product_cat-maantiepyorat","9":"first","10":"onbackorder","11":"taxable","12":"shipping-taxable","13":"purchasable","14":"product-type-variable"},"acf":{"bike_features":[{"image":"https:\/\/media.trekbikes.com\/image\/upload\/w_768,c_pad,f_auto,fl_progressive:semi,q_auto\/1140x640_Domane-AL_04","header":"Kevyt rakenne","description":"Uusi t\u00e4yshiilikuituhaarukka ja p\u00e4ivitetty runkomuotoilu tekev\u00e4t py\u00f6r\u00e4st\u00e4 noin 200 g kevyemm\u00e4n edelliseen malliin verrattuna, tarjoten parannetun suorituskyvyn."},{"image":"https:\/\/media.trekbikes.com\/image\/upload\/w_768,c_pad,f_auto,fl_progressive:semi,q_auto\/1140x640_Domane-AL_02","header":"Monipuolinen tiekyky","description":"Laajemman renkaiden tilan ansiosta voit ajaa mukavasti erilaisilla alustoilla, kuten asfaltilla ja sorateill\u00e4."},{"image":"https:\/\/media.trekbikes.com\/image\/upload\/w_768,c_pad,f_auto,fl_progressive:semi,q_auto\/1140x640_Domane-AL_05","header":"Kest\u00e4vyysvalmis geometria","description":"Pystympi ajoasento tarjoaa erinomaisen mukavuuden, luottamuksen ja tehokkuuden pitkille ajomatkoille."},{"image":"https:\/\/media.trekbikes.com\/image\/upload\/w_768,c_pad,f_auto,fl_progressive:semi,q_auto\/1140x640_Domane-AL_13","header":"Matkavalmis muotoilu","description":"Rungon kiinnityspisteet yl\u00e4putkilaukuille, telineille, lokasuojille ja juomapulloille tekev\u00e4t siit\u00e4 t\u00e4ydellisen seikkailuille ja ty\u00f6matkoille."},{"image":"https:\/\/media.trekbikes.com\/image\/upload\/w_768,c_pad,f_auto,fl_progressive:semi,q_auto\/1140x640_Domane-AL_09","header":"Moderni ohjaamo integrointi","description":"Moderni tangon kaartuva muotoilu ja piilotettu vaijerireititys lis\u00e4\u00e4v\u00e4t esteettisyytt\u00e4 ja ergonomiaa."},{"image":"https:\/\/media.trekbikes.com\/image\/upload\/w_768,c_pad,f_auto,fl_progressive:semi,q_auto\/DomaneCarbon_1140x640_RBX_01","header":"Kilpailuvalmistettu kest\u00e4vyys","description":"Domane AL Disc on inspiraatio Trekin kilpailuperinteist\u00e4, mik\u00e4 takaa kest\u00e4vyyden ja tehokkuuden rajojensa rikkojille."},{"image":"https:\/\/media.trekbikes.com\/image\/upload\/w_768,c_pad,f_auto,fl_progressive:semi,q_auto\/Shimano105_techfeature_16x9_31Jan2022","header":"Shimano 105 voimansiirto","description":"Hy\u00f6dynt\u00e4\u00e4 teknologiavaihtoja korkeampien mallien ominaisuuksista, ja t\u00e4m\u00e4 voimansiirto tarjoaa tarkkaa vaihtamista miellytt\u00e4v\u00e4\u00e4n hintaan."}],"overview":{"copy_overview":[{"overview":"Suunniteltu tutustuttamaan ajajat maantiepy\u00f6r\u00e4ilyn maailmaan, Domane AL 5 on kevyt, monik\u00e4ytt\u00f6inen py\u00f6r\u00e4, joka on suunniteltu pitkien matkojen mukavuuden takaamiseksi."},{"overview":"Lujan ja hienostuneen 100-sarjan Alpha Aluminium -runkonsa ansiosta se tarjoaa monipuoliset ominaisuudet erilaisille tieolosuhteille."},{"overview":"Sen modernit kaartuvat ohjaustangot tarjoavat vaivatonta hallittavuutta, ja Shimano 105 -osat lupaavat luotettavaa ja tarkkaa vaihtamista."}],"key_features":[{"feature":"Kevyt 100-sarjan Alpha Aluminium -runkomateriaali optimaaliseen suorituskykyyn."},{"feature":"Soveltuu mukavaan ajoon niin asfalttiteill\u00e4 kuin sorateill\u00e4kin."},{"feature":"Shimano 105 12-vaihteinen voimansiirto varmistaa luotettavan suorituskyvyn."},{"feature":"Kiinnitysmahdollisuudet varusteille tukevat seikkailuja, ty\u00f6matkoja ja paljon muuta."}],"statement":"Domane AL 5 antaa maantiepy\u00f6r\u00e4ilyn aloittelijoille monipuolisen ja luotettavan ajokokemuksen.","youtube_url":"https:\/\/www.youtube.com\/watch?v=S5DwpKpn0ZA"}},"yoast_head":"<!-- This site is optimized with the Yoast SEO plugin v27.3 - https:\/\/yoast.com\/product\/yoast-seo-wordpress\/ -->\n<title>Trek Domane AL 5 Gen 4 - MATTE TREK BLACK - VM Sport<\/title>\n<meta name=\"robots\" content=\"index, follow, max-snippet:-1, max-image-preview:large, max-video-preview:-1\" \/>\n<link rel=\"canonical\" href=\"https:\/\/vmsport.fi\/sv\/webbutik\/cyklar\/vag-och-grus\/backspeglar-vid-vagkanten\/trek-domane-al-5-gen-4-matt-trek-svart\/\" \/>\n<meta property=\"og:locale\" content=\"sv_SE\" \/>\n<meta property=\"og:type\" content=\"article\" \/>\n<meta property=\"og:title\" content=\"Trek Domane AL 5 Gen 4 - MATTE TREK BLACK - VM Sport\" \/>\n<meta property=\"og:description\" content=\"Kevyt, monipuolinen maantiepy\u00f6r\u00e4 12-vaihteisella Shimano 105 -osasarjalla, runsaalla rengastilalla ja mukavalla ajoasennolla. [...]L\u00e4s mer \u2026 from Trek Domane AL 5 Gen 4 &#8211; MATTE TREK BLACK\" \/>\n<meta property=\"og:url\" content=\"https:\/\/vmsport.fi\/sv\/webbutik\/cyklar\/vag-och-grus\/backspeglar-vid-vagkanten\/trek-domane-al-5-gen-4-matt-trek-svart\/\" \/>\n<meta property=\"og:site_name\" content=\"VM Sport\" \/>\n<meta property=\"article:publisher\" content=\"https:\/\/www.facebook.com\/Vmsport.fi\/\" \/>\n<meta property=\"article:modified_time\" content=\"2026-03-16T15:50:02+00:00\" \/>\n<meta property=\"og:image\" content=\"https:\/\/vmsport.fi\/wp-content\/uploads\/2025\/03\/HLDRTFeQJnyTu8mSRRapRWFalM7B4EhxRCTgaDe4TWdQes8tGO-1.jpg\" \/>\n\t<meta property=\"og:image:width\" content=\"1000\" \/>\n\t<meta property=\"og:image:height\" content=\"750\" \/>\n\t<meta property=\"og:image:type\" content=\"image\/jpeg\" \/>\n<meta name=\"twitter:card\" content=\"summary_large_image\" \/>\n<script type=\"application\/ld+json\" class=\"yoast-schema-graph\">{\"@context\":\"https:\\\/\\\/schema.org\",\"@graph\":[{\"@type\":[\"WebPage\",\"ItemPage\"],\"@id\":\"https:\\\/\\\/vmsport.fi\\\/verkkokauppa\\\/polkupyorat\\\/maantie-ja-gravel\\\/maantiepyorat\\\/trek-domane-al-5-gen-4-matte-trek-black\\\/\",\"url\":\"https:\\\/\\\/vmsport.fi\\\/verkkokauppa\\\/polkupyorat\\\/maantie-ja-gravel\\\/maantiepyorat\\\/trek-domane-al-5-gen-4-matte-trek-black\\\/\",\"name\":\"Trek Domane AL 5 Gen 4 - MATTE TREK BLACK - VM Sport\",\"isPartOf\":{\"@id\":\"https:\\\/\\\/vmsport.fi\\\/#website\"},\"primaryImageOfPage\":{\"@id\":\"https:\\\/\\\/vmsport.fi\\\/verkkokauppa\\\/polkupyorat\\\/maantie-ja-gravel\\\/maantiepyorat\\\/trek-domane-al-5-gen-4-matte-trek-black\\\/#primaryimage\"},\"image\":{\"@id\":\"https:\\\/\\\/vmsport.fi\\\/verkkokauppa\\\/polkupyorat\\\/maantie-ja-gravel\\\/maantiepyorat\\\/trek-domane-al-5-gen-4-matte-trek-black\\\/#primaryimage\"},\"thumbnailUrl\":\"https:\\\/\\\/vmsport.fi\\\/wp-content\\\/uploads\\\/2025\\\/03\\\/HLDRTFeQJnyTu8mSRRapRWFalM7B4EhxRCTgaDe4TWdQes8tGO-1.jpg\",\"datePublished\":\"2025-03-05T22:17:09+00:00\",\"dateModified\":\"2026-03-16T15:50:02+00:00\",\"breadcrumb\":{\"@id\":\"https:\\\/\\\/vmsport.fi\\\/verkkokauppa\\\/polkupyorat\\\/maantie-ja-gravel\\\/maantiepyorat\\\/trek-domane-al-5-gen-4-matte-trek-black\\\/#breadcrumb\"},\"inLanguage\":\"sv-SE\",\"potentialAction\":[{\"@type\":\"ReadAction\",\"target\":[\"https:\\\/\\\/vmsport.fi\\\/verkkokauppa\\\/polkupyorat\\\/maantie-ja-gravel\\\/maantiepyorat\\\/trek-domane-al-5-gen-4-matte-trek-black\\\/\"]}]},{\"@type\":\"ImageObject\",\"inLanguage\":\"sv-SE\",\"@id\":\"https:\\\/\\\/vmsport.fi\\\/verkkokauppa\\\/polkupyorat\\\/maantie-ja-gravel\\\/maantiepyorat\\\/trek-domane-al-5-gen-4-matte-trek-black\\\/#primaryimage\",\"url\":\"https:\\\/\\\/vmsport.fi\\\/wp-content\\\/uploads\\\/2025\\\/03\\\/HLDRTFeQJnyTu8mSRRapRWFalM7B4EhxRCTgaDe4TWdQes8tGO-1.jpg\",\"contentUrl\":\"https:\\\/\\\/vmsport.fi\\\/wp-content\\\/uploads\\\/2025\\\/03\\\/HLDRTFeQJnyTu8mSRRapRWFalM7B4EhxRCTgaDe4TWdQes8tGO-1.jpg\",\"width\":1000,\"height\":750,\"caption\":\"HLDRTFeQJnyTu8mSRRapRWFalM7B4EhxRCTgaDe4TWdQes8tGO\"},{\"@type\":\"BreadcrumbList\",\"@id\":\"https:\\\/\\\/vmsport.fi\\\/verkkokauppa\\\/polkupyorat\\\/maantie-ja-gravel\\\/maantiepyorat\\\/trek-domane-al-5-gen-4-matte-trek-black\\\/#breadcrumb\",\"itemListElement\":[{\"@type\":\"ListItem\",\"position\":1,\"name\":\"Etusivu\",\"item\":\"https:\\\/\\\/vmsport.fi\\\/\"},{\"@type\":\"ListItem\",\"position\":2,\"name\":\"Online Store\",\"item\":\"https:\\\/\\\/vmsport.fi\\\/en\\\/online-store\\\/\"},{\"@type\":\"ListItem\",\"position\":3,\"name\":\"Trek polkupy\u00f6r\u00e4t\",\"item\":\"https:\\\/\\\/vmsport.fi\\\/sv\\\/merkki\\\/trek\\\/\"},{\"@type\":\"ListItem\",\"position\":4,\"name\":\"Trek Domane AL 5 Gen 4 &#8211; MATTE TREK BLACK\"}]},{\"@type\":\"WebSite\",\"@id\":\"https:\\\/\\\/vmsport.fi\\\/#website\",\"url\":\"https:\\\/\\\/vmsport.fi\\\/\",\"name\":\"Vmsport\",\"description\":\"Kaikki py\u00f6r\u00e4ilyyn yhdest\u00e4 paikasta\",\"publisher\":{\"@id\":\"https:\\\/\\\/vmsport.fi\\\/#organization\"},\"potentialAction\":[{\"@type\":\"SearchAction\",\"target\":{\"@type\":\"EntryPoint\",\"urlTemplate\":\"https:\\\/\\\/vmsport.fi\\\/?s={search_term_string}\"},\"query-input\":{\"@type\":\"PropertyValueSpecification\",\"valueRequired\":true,\"valueName\":\"search_term_string\"}}],\"inLanguage\":\"sv-SE\"},{\"@type\":\"Organization\",\"@id\":\"https:\\\/\\\/vmsport.fi\\\/#organization\",\"name\":\"Vmsport\",\"url\":\"https:\\\/\\\/vmsport.fi\\\/\",\"logo\":{\"@type\":\"ImageObject\",\"inLanguage\":\"sv-SE\",\"@id\":\"https:\\\/\\\/vmsport.fi\\\/#\\\/schema\\\/logo\\\/image\\\/\",\"url\":\"https:\\\/\\\/vmsport.fi\\\/wp-content\\\/uploads\\\/2024\\\/12\\\/vm_sport_RGB_horisontal-e1734526017575.png\",\"contentUrl\":\"https:\\\/\\\/vmsport.fi\\\/wp-content\\\/uploads\\\/2024\\\/12\\\/vm_sport_RGB_horisontal-e1734526017575.png\",\"width\":668,\"height\":85,\"caption\":\"Vmsport\"},\"image\":{\"@id\":\"https:\\\/\\\/vmsport.fi\\\/#\\\/schema\\\/logo\\\/image\\\/\"},\"sameAs\":[\"https:\\\/\\\/www.facebook.com\\\/Vmsport.fi\\\/\",\"https:\\\/\\\/www.instagram.com\\\/vmsport\\\/\"]}]}<\/script>\n<!-- \/ Yoast SEO plugin. -->","yoast_head_json":{"title":"Trek Domane AL 5 Gen 4 - MATTE TREK BLACK - VM Sport","robots":{"index":"index","follow":"follow","max-snippet":"max-snippet:-1","max-image-preview":"max-image-preview:large","max-video-preview":"max-video-preview:-1"},"canonical":"https:\/\/vmsport.fi\/sv\/webbutik\/cyklar\/vag-och-grus\/backspeglar-vid-vagkanten\/trek-domane-al-5-gen-4-matt-trek-svart\/","og_locale":"sv_SE","og_type":"article","og_title":"Trek Domane AL 5 Gen 4 - MATTE TREK BLACK - VM Sport","og_description":"Kevyt, monipuolinen maantiepy\u00f6r\u00e4 12-vaihteisella Shimano 105 -osasarjalla, runsaalla rengastilalla ja mukavalla ajoasennolla. [...]L\u00e4s mer \u2026 from Trek Domane AL 5 Gen 4 &#8211; MATTE TREK BLACK","og_url":"https:\/\/vmsport.fi\/sv\/webbutik\/cyklar\/vag-och-grus\/backspeglar-vid-vagkanten\/trek-domane-al-5-gen-4-matt-trek-svart\/","og_site_name":"VM Sport","article_publisher":"https:\/\/www.facebook.com\/Vmsport.fi\/","article_modified_time":"2026-03-16T15:50:02+00:00","og_image":[{"width":1000,"height":750,"url":"https:\/\/vmsport.fi\/wp-content\/uploads\/2025\/03\/HLDRTFeQJnyTu8mSRRapRWFalM7B4EhxRCTgaDe4TWdQes8tGO-1.jpg","type":"image\/jpeg"}],"twitter_card":"summary_large_image","schema":{"@context":"https:\/\/schema.org","@graph":[{"@type":["WebPage","ItemPage"],"@id":"https:\/\/vmsport.fi\/verkkokauppa\/polkupyorat\/maantie-ja-gravel\/maantiepyorat\/trek-domane-al-5-gen-4-matte-trek-black\/","url":"https:\/\/vmsport.fi\/verkkokauppa\/polkupyorat\/maantie-ja-gravel\/maantiepyorat\/trek-domane-al-5-gen-4-matte-trek-black\/","name":"Trek Domane AL 5 Gen 4 - MATTE TREK BLACK - VM Sport","isPartOf":{"@id":"https:\/\/vmsport.fi\/#website"},"primaryImageOfPage":{"@id":"https:\/\/vmsport.fi\/verkkokauppa\/polkupyorat\/maantie-ja-gravel\/maantiepyorat\/trek-domane-al-5-gen-4-matte-trek-black\/#primaryimage"},"image":{"@id":"https:\/\/vmsport.fi\/verkkokauppa\/polkupyorat\/maantie-ja-gravel\/maantiepyorat\/trek-domane-al-5-gen-4-matte-trek-black\/#primaryimage"},"thumbnailUrl":"https:\/\/vmsport.fi\/wp-content\/uploads\/2025\/03\/HLDRTFeQJnyTu8mSRRapRWFalM7B4EhxRCTgaDe4TWdQes8tGO-1.jpg","datePublished":"2025-03-05T22:17:09+00:00","dateModified":"2026-03-16T15:50:02+00:00","breadcrumb":{"@id":"https:\/\/vmsport.fi\/verkkokauppa\/polkupyorat\/maantie-ja-gravel\/maantiepyorat\/trek-domane-al-5-gen-4-matte-trek-black\/#breadcrumb"},"inLanguage":"sv-SE","potentialAction":[{"@type":"ReadAction","target":["https:\/\/vmsport.fi\/verkkokauppa\/polkupyorat\/maantie-ja-gravel\/maantiepyorat\/trek-domane-al-5-gen-4-matte-trek-black\/"]}]},{"@type":"ImageObject","inLanguage":"sv-SE","@id":"https:\/\/vmsport.fi\/verkkokauppa\/polkupyorat\/maantie-ja-gravel\/maantiepyorat\/trek-domane-al-5-gen-4-matte-trek-black\/#primaryimage","url":"https:\/\/vmsport.fi\/wp-content\/uploads\/2025\/03\/HLDRTFeQJnyTu8mSRRapRWFalM7B4EhxRCTgaDe4TWdQes8tGO-1.jpg","contentUrl":"https:\/\/vmsport.fi\/wp-content\/uploads\/2025\/03\/HLDRTFeQJnyTu8mSRRapRWFalM7B4EhxRCTgaDe4TWdQes8tGO-1.jpg","width":1000,"height":750,"caption":"HLDRTFeQJnyTu8mSRRapRWFalM7B4EhxRCTgaDe4TWdQes8tGO"},{"@type":"BreadcrumbList","@id":"https:\/\/vmsport.fi\/verkkokauppa\/polkupyorat\/maantie-ja-gravel\/maantiepyorat\/trek-domane-al-5-gen-4-matte-trek-black\/#breadcrumb","itemListElement":[{"@type":"ListItem","position":1,"name":"Etusivu","item":"https:\/\/vmsport.fi\/"},{"@type":"ListItem","position":2,"name":"Online Store","item":"https:\/\/vmsport.fi\/en\/online-store\/"},{"@type":"ListItem","position":3,"name":"Trek polkupy\u00f6r\u00e4t","item":"https:\/\/vmsport.fi\/sv\/merkki\/trek\/"},{"@type":"ListItem","position":4,"name":"Trek Domane AL 5 Gen 4 &#8211; MATTE TREK BLACK"}]},{"@type":"WebSite","@id":"https:\/\/vmsport.fi\/#website","url":"https:\/\/vmsport.fi\/","name":"Vmsport","description":"Allt p\u00e5 ett st\u00e4lle f\u00f6r cykling","publisher":{"@id":"https:\/\/vmsport.fi\/#organization"},"potentialAction":[{"@type":"SearchAction","target":{"@type":"EntryPoint","urlTemplate":"https:\/\/vmsport.fi\/?s={search_term_string}"},"query-input":{"@type":"PropertyValueSpecification","valueRequired":true,"valueName":"search_term_string"}}],"inLanguage":"sv-SE"},{"@type":"Organization","@id":"https:\/\/vmsport.fi\/#organization","name":"Vmsport","url":"https:\/\/vmsport.fi\/","logo":{"@type":"ImageObject","inLanguage":"sv-SE","@id":"https:\/\/vmsport.fi\/#\/schema\/logo\/image\/","url":"https:\/\/vmsport.fi\/wp-content\/uploads\/2024\/12\/vm_sport_RGB_horisontal-e1734526017575.png","contentUrl":"https:\/\/vmsport.fi\/wp-content\/uploads\/2024\/12\/vm_sport_RGB_horisontal-e1734526017575.png","width":668,"height":85,"caption":"Vmsport"},"image":{"@id":"https:\/\/vmsport.fi\/#\/schema\/logo\/image\/"},"sameAs":["https:\/\/www.facebook.com\/Vmsport.fi\/","https:\/\/www.instagram.com\/vmsport\/"]}]}},"global_unique_id":"","_links":{"self":[{"href":"https:\/\/vmsport.fi\/sv\/wp-json\/wp\/v2\/product\/56226","targetHints":{"allow":["GET"]}}],"collection":[{"href":"https:\/\/vmsport.fi\/sv\/wp-json\/wp\/v2\/product"}],"about":[{"href":"https:\/\/vmsport.fi\/sv\/wp-json\/wp\/v2\/types\/product"}],"replies":[{"embeddable":true,"href":"https:\/\/vmsport.fi\/sv\/wp-json\/wp\/v2\/comments?post=56226"}],"wp:featuredmedia":[{"embeddable":true,"href":"https:\/\/vmsport.fi\/sv\/wp-json\/wp\/v2\/media\/56225"}],"wp:attachment":[{"href":"https:\/\/vmsport.fi\/sv\/wp-json\/wp\/v2\/media?parent=56226"}],"wp:term":[{"taxonomy":"product_brand","embeddable":true,"href":"https:\/\/vmsport.fi\/sv\/wp-json\/wp\/v2\/product_brand?post=56226"},{"taxonomy":"product_model","embeddable":true,"href":"https:\/\/vmsport.fi\/sv\/wp-json\/wp\/v2\/product_model?post=56226"},{"taxonomy":"product_cat","embeddable":true,"href":"https:\/\/vmsport.fi\/sv\/wp-json\/wp\/v2\/product_cat?post=56226"},{"taxonomy":"product_tag","embeddable":true,"href":"https:\/\/vmsport.fi\/sv\/wp-json\/wp\/v2\/product_tag?post=56226"},{"taxonomy":"industry_terminology","embeddable":true,"href":"https:\/\/vmsport.fi\/sv\/wp-json\/wp\/v2\/industry-terminology?post=56226"}],"curies":[{"name":"wp","href":"https:\/\/api.w.org\/{rel}","templated":true}]}}