{"id":56220,"date":"2025-03-06T00:17:06","date_gmt":"2025-03-05T22:17:06","guid":{"rendered":"https:\/\/vmsport.fi\/verkkokauppa\/Ei-luokiteltu\/takavaihtaja-sram-apex-medium-cage-max-32t-10-speed\/"},"modified":"2026-01-16T13:24:10","modified_gmt":"2026-01-16T11:24:10","slug":"bakvaxel-sram-apex-medium-bur-max-32t-10-vaxlar","status":"publish","type":"product","link":"https:\/\/vmsport.fi\/sv\/verkkokauppa\/varaosat\/vaihteistot\/takavaihtajat\/takavaihtaja-sram-apex-medium-cage-max-32t-10-speed\/","title":{"rendered":"Bakv\u00e4xel Sram Apex Medium Cage Max 32T 10-v\u00e4xlad"},"content":{"rendered":"<p>Sram Apex-bakv\u00e4xeln, med en medelstor k\u00e5pa och en maximal kassett p\u00e5 32 T f\u00f6r ett 10-v\u00e4xlat system, \u00e4r utformad f\u00f6r landsv\u00e4gscykling och erbjuder ett bredare utbud av v\u00e4xlar \u00e4n mer traditionella system. Detta g\u00f6r att cyklisterna kan njuta av mjuka och effektiva v\u00e4xlingar i branta uppf\u00f6rsbackar s\u00e5v\u00e4l som p\u00e5 flacka v\u00e4gstr\u00e4ckor. V\u00e4xelns svarta f\u00e4rg ger den ett elegant utseende, medan Exact Actuation-tekniken s\u00e4kerst\u00e4ller exakt v\u00e4xling som f\u00f6rb\u00e4ttrar prestandan i ett 10-v\u00e4xlat system. Denna bakv\u00e4xel kombinerar l\u00e4tthet och h\u00e5llbarhet och passar cyklister som uppskattar prestanda och innovativ design.<\/p>","protected":false},"excerpt":{"rendered":"<p>Sram Apex -takavaihtaja, keskikokoisella h\u00e4kill\u00e4 ja 10-vaihteiselle j\u00e4rjestelm\u00e4lle soveltuvalla 32T:n maksimikasetilla, on suunniteltu maantiepy\u00f6r\u00e4ilyyn ja tarjoaa laajemman vaihdevalikoiman kuin perinteisemm\u00e4t j\u00e4rjestelm\u00e4t. T\u00e4m\u00e4n ansiosta py\u00f6r\u00e4ilij\u00e4 voi nauttia sujuvasta ja tehokkaasta vaihteiden toiminnasta sek\u00e4 jyrkiss\u00e4 nousuissa ett\u00e4 tasaisilla tieosuuksilla. Vaihtajan musta v\u00e4ritys antaa sille tyylikk\u00e4\u00e4n ulkon\u00e4\u00f6n, ja Exact Actuation -tekniikka varmistaa tarkan vaihteensiirron, joka kehitt\u00e4\u00e4 suorituskyky\u00e4 10-vaihteisessa [&#8230;]<\/p>\n<p><a class=\"btn btn-secondary understrap-read-more-link\" href=\"https:\/\/vmsport.fi\/sv\/verkkokauppa\/varaosat\/vaihteistot\/takavaihtajat\/takavaihtaja-sram-apex-medium-cage-max-32t-10-speed\/\">L\u00e4s mer \u2026<span class=\"screen-reader-text\"> from Takavaihtaja Sram Apex Medium Cage Max 32T 10-speed<\/span><\/a><\/p>\n","protected":false},"featured_media":56219,"comment_status":"open","ping_status":"closed","template":"","meta":{"_acf_changed":false,"_improvement_type_select":"improve_an_existing","_thumb_yes_seoaic":false,"_frame_yes_seoaic":false,"seoaic_generate_description":"","seoaic_improve_instructions_prompt":"","seoaic_rollback_content_improvement":"","seoaic_idea_thumbnail_generator":"","thumbnail_generated":false,"thumbnail_generate_prompt":"","seoaic_article_description":"","_supplier_stock_quantity":0},"product_brand":[1588],"product_model":[],"product_cat":[9390],"product_tag":[],"industry-terminology":[],"class_list":{"0":"post-56220","1":"product","2":"type-product","3":"status-publish","4":"has-post-thumbnail","6":"product_brand-sram","7":"product_cat-takavaihtajat","9":"first","10":"outofstock","11":"taxable","12":"shipping-taxable","13":"product-type-simple"},"acf":{"bike_features":null,"overview":{"copy_overview":null,"key_features":null,"statement":"","youtube_url":""}},"yoast_head":"<!-- This site is optimized with the Yoast SEO plugin v27.3 - https:\/\/yoast.com\/product\/yoast-seo-wordpress\/ -->\n<title>Takavaihtaja Sram Apex Medium Cage Max 32T 10-speed - VM Sport<\/title>\n<meta name=\"robots\" content=\"index, follow, max-snippet:-1, max-image-preview:large, max-video-preview:-1\" \/>\n<link rel=\"canonical\" href=\"https:\/\/vmsport.fi\/sv\/webbutik\/reservdelar\/vaxellador\/bakre-vaxlar\/bakvaxel-sram-apex-medium-bur-max-32t-10-vaxlar\/\" \/>\n<meta property=\"og:locale\" content=\"sv_SE\" \/>\n<meta property=\"og:type\" content=\"article\" \/>\n<meta property=\"og:title\" content=\"Takavaihtaja Sram Apex Medium Cage Max 32T 10-speed - VM Sport\" \/>\n<meta property=\"og:description\" content=\"Sram Apex -takavaihtaja, keskikokoisella h\u00e4kill\u00e4 ja 10-vaihteiselle j\u00e4rjestelm\u00e4lle soveltuvalla 32T:n maksimikasetilla, on suunniteltu maantiepy\u00f6r\u00e4ilyyn ja tarjoaa laajemman vaihdevalikoiman kuin perinteisemm\u00e4t j\u00e4rjestelm\u00e4t. T\u00e4m\u00e4n ansiosta py\u00f6r\u00e4ilij\u00e4 voi nauttia sujuvasta ja tehokkaasta vaihteiden toiminnasta sek\u00e4 jyrkiss\u00e4 nousuissa ett\u00e4 tasaisilla tieosuuksilla. Vaihtajan musta v\u00e4ritys antaa sille tyylikk\u00e4\u00e4n ulkon\u00e4\u00f6n, ja Exact Actuation -tekniikka varmistaa tarkan vaihteensiirron, joka kehitt\u00e4\u00e4 suorituskyky\u00e4 10-vaihteisessa [...]L\u00e4s mer \u2026 from Takavaihtaja Sram Apex Medium Cage Max 32T 10-speed\" \/>\n<meta property=\"og:url\" content=\"https:\/\/vmsport.fi\/sv\/webbutik\/reservdelar\/vaxellador\/bakre-vaxlar\/bakvaxel-sram-apex-medium-bur-max-32t-10-vaxlar\/\" \/>\n<meta property=\"og:site_name\" content=\"VM Sport\" \/>\n<meta property=\"article:publisher\" content=\"https:\/\/www.facebook.com\/Vmsport.fi\/\" \/>\n<meta property=\"article:modified_time\" content=\"2026-01-16T11:24:10+00:00\" \/>\n<meta property=\"og:image\" content=\"https:\/\/vmsport.fi\/wp-content\/uploads\/2025\/03\/TAKAVAIHTAJA-SRAM-APEX-M-1.jpg\" \/>\n\t<meta property=\"og:image:width\" content=\"800\" \/>\n\t<meta property=\"og:image:height\" content=\"600\" \/>\n\t<meta property=\"og:image:type\" content=\"image\/jpeg\" \/>\n<meta name=\"twitter:card\" content=\"summary_large_image\" \/>\n<script type=\"application\/ld+json\" class=\"yoast-schema-graph\">{\"@context\":\"https:\\\/\\\/schema.org\",\"@graph\":[{\"@type\":[\"WebPage\",\"ItemPage\"],\"@id\":\"https:\\\/\\\/vmsport.fi\\\/verkkokauppa\\\/varaosat\\\/vaihteistot\\\/takavaihtajat\\\/takavaihtaja-sram-apex-medium-cage-max-32t-10-speed\\\/\",\"url\":\"https:\\\/\\\/vmsport.fi\\\/verkkokauppa\\\/varaosat\\\/vaihteistot\\\/takavaihtajat\\\/takavaihtaja-sram-apex-medium-cage-max-32t-10-speed\\\/\",\"name\":\"Takavaihtaja Sram Apex Medium Cage Max 32T 10-speed - VM Sport\",\"isPartOf\":{\"@id\":\"https:\\\/\\\/vmsport.fi\\\/#website\"},\"primaryImageOfPage\":{\"@id\":\"https:\\\/\\\/vmsport.fi\\\/verkkokauppa\\\/varaosat\\\/vaihteistot\\\/takavaihtajat\\\/takavaihtaja-sram-apex-medium-cage-max-32t-10-speed\\\/#primaryimage\"},\"image\":{\"@id\":\"https:\\\/\\\/vmsport.fi\\\/verkkokauppa\\\/varaosat\\\/vaihteistot\\\/takavaihtajat\\\/takavaihtaja-sram-apex-medium-cage-max-32t-10-speed\\\/#primaryimage\"},\"thumbnailUrl\":\"https:\\\/\\\/vmsport.fi\\\/wp-content\\\/uploads\\\/2025\\\/03\\\/TAKAVAIHTAJA-SRAM-APEX-M-1.jpg\",\"datePublished\":\"2025-03-05T22:17:06+00:00\",\"dateModified\":\"2026-01-16T11:24:10+00:00\",\"breadcrumb\":{\"@id\":\"https:\\\/\\\/vmsport.fi\\\/verkkokauppa\\\/varaosat\\\/vaihteistot\\\/takavaihtajat\\\/takavaihtaja-sram-apex-medium-cage-max-32t-10-speed\\\/#breadcrumb\"},\"inLanguage\":\"sv-SE\",\"potentialAction\":[{\"@type\":\"ReadAction\",\"target\":[\"https:\\\/\\\/vmsport.fi\\\/verkkokauppa\\\/varaosat\\\/vaihteistot\\\/takavaihtajat\\\/takavaihtaja-sram-apex-medium-cage-max-32t-10-speed\\\/\"]}]},{\"@type\":\"ImageObject\",\"inLanguage\":\"sv-SE\",\"@id\":\"https:\\\/\\\/vmsport.fi\\\/verkkokauppa\\\/varaosat\\\/vaihteistot\\\/takavaihtajat\\\/takavaihtaja-sram-apex-medium-cage-max-32t-10-speed\\\/#primaryimage\",\"url\":\"https:\\\/\\\/vmsport.fi\\\/wp-content\\\/uploads\\\/2025\\\/03\\\/TAKAVAIHTAJA-SRAM-APEX-M-1.jpg\",\"contentUrl\":\"https:\\\/\\\/vmsport.fi\\\/wp-content\\\/uploads\\\/2025\\\/03\\\/TAKAVAIHTAJA-SRAM-APEX-M-1.jpg\",\"width\":800,\"height\":600,\"caption\":\"TAKAVAIHTAJA-SRAM-APEX-M\"},{\"@type\":\"BreadcrumbList\",\"@id\":\"https:\\\/\\\/vmsport.fi\\\/verkkokauppa\\\/varaosat\\\/vaihteistot\\\/takavaihtajat\\\/takavaihtaja-sram-apex-medium-cage-max-32t-10-speed\\\/#breadcrumb\",\"itemListElement\":[{\"@type\":\"ListItem\",\"position\":1,\"name\":\"Etusivu\",\"item\":\"https:\\\/\\\/vmsport.fi\\\/\"},{\"@type\":\"ListItem\",\"position\":2,\"name\":\"Online Store\",\"item\":\"https:\\\/\\\/vmsport.fi\\\/en\\\/online-store\\\/\"},{\"@type\":\"ListItem\",\"position\":3,\"name\":\"Takavaihtaja Sram Apex Medium Cage Max 32T 10-speed\"}]},{\"@type\":\"WebSite\",\"@id\":\"https:\\\/\\\/vmsport.fi\\\/#website\",\"url\":\"https:\\\/\\\/vmsport.fi\\\/\",\"name\":\"Vmsport\",\"description\":\"Kaikki py\u00f6r\u00e4ilyyn yhdest\u00e4 paikasta\",\"publisher\":{\"@id\":\"https:\\\/\\\/vmsport.fi\\\/#organization\"},\"potentialAction\":[{\"@type\":\"SearchAction\",\"target\":{\"@type\":\"EntryPoint\",\"urlTemplate\":\"https:\\\/\\\/vmsport.fi\\\/?s={search_term_string}\"},\"query-input\":{\"@type\":\"PropertyValueSpecification\",\"valueRequired\":true,\"valueName\":\"search_term_string\"}}],\"inLanguage\":\"sv-SE\"},{\"@type\":\"Organization\",\"@id\":\"https:\\\/\\\/vmsport.fi\\\/#organization\",\"name\":\"Vmsport\",\"url\":\"https:\\\/\\\/vmsport.fi\\\/\",\"logo\":{\"@type\":\"ImageObject\",\"inLanguage\":\"sv-SE\",\"@id\":\"https:\\\/\\\/vmsport.fi\\\/#\\\/schema\\\/logo\\\/image\\\/\",\"url\":\"https:\\\/\\\/vmsport.fi\\\/wp-content\\\/uploads\\\/2024\\\/12\\\/vm_sport_RGB_horisontal-e1734526017575.png\",\"contentUrl\":\"https:\\\/\\\/vmsport.fi\\\/wp-content\\\/uploads\\\/2024\\\/12\\\/vm_sport_RGB_horisontal-e1734526017575.png\",\"width\":668,\"height\":85,\"caption\":\"Vmsport\"},\"image\":{\"@id\":\"https:\\\/\\\/vmsport.fi\\\/#\\\/schema\\\/logo\\\/image\\\/\"},\"sameAs\":[\"https:\\\/\\\/www.facebook.com\\\/Vmsport.fi\\\/\",\"https:\\\/\\\/www.instagram.com\\\/vmsport\\\/\"]}]}<\/script>\n<!-- \/ Yoast SEO plugin. -->","yoast_head_json":{"title":"Bakv\u00e4xel Sram Apex Medium Cage Max 32T 10-v\u00e4xlad - VM Sport","robots":{"index":"index","follow":"follow","max-snippet":"max-snippet:-1","max-image-preview":"max-image-preview:large","max-video-preview":"max-video-preview:-1"},"canonical":"https:\/\/vmsport.fi\/sv\/webbutik\/reservdelar\/vaxellador\/bakre-vaxlar\/bakvaxel-sram-apex-medium-bur-max-32t-10-vaxlar\/","og_locale":"sv_SE","og_type":"article","og_title":"Takavaihtaja Sram Apex Medium Cage Max 32T 10-speed - VM Sport","og_description":"Sram Apex -takavaihtaja, keskikokoisella h\u00e4kill\u00e4 ja 10-vaihteiselle j\u00e4rjestelm\u00e4lle soveltuvalla 32T:n maksimikasetilla, on suunniteltu maantiepy\u00f6r\u00e4ilyyn ja tarjoaa laajemman vaihdevalikoiman kuin perinteisemm\u00e4t j\u00e4rjestelm\u00e4t. T\u00e4m\u00e4n ansiosta py\u00f6r\u00e4ilij\u00e4 voi nauttia sujuvasta ja tehokkaasta vaihteiden toiminnasta sek\u00e4 jyrkiss\u00e4 nousuissa ett\u00e4 tasaisilla tieosuuksilla. Vaihtajan musta v\u00e4ritys antaa sille tyylikk\u00e4\u00e4n ulkon\u00e4\u00f6n, ja Exact Actuation -tekniikka varmistaa tarkan vaihteensiirron, joka kehitt\u00e4\u00e4 suorituskyky\u00e4 10-vaihteisessa [...]L\u00e4s mer \u2026 from Takavaihtaja Sram Apex Medium Cage Max 32T 10-speed","og_url":"https:\/\/vmsport.fi\/sv\/webbutik\/reservdelar\/vaxellador\/bakre-vaxlar\/bakvaxel-sram-apex-medium-bur-max-32t-10-vaxlar\/","og_site_name":"VM Sport","article_publisher":"https:\/\/www.facebook.com\/Vmsport.fi\/","article_modified_time":"2026-01-16T11:24:10+00:00","og_image":[{"width":800,"height":600,"url":"https:\/\/vmsport.fi\/wp-content\/uploads\/2025\/03\/TAKAVAIHTAJA-SRAM-APEX-M-1.jpg","type":"image\/jpeg"}],"twitter_card":"summary_large_image","schema":{"@context":"https:\/\/schema.org","@graph":[{"@type":["WebPage","ItemPage"],"@id":"https:\/\/vmsport.fi\/verkkokauppa\/varaosat\/vaihteistot\/takavaihtajat\/takavaihtaja-sram-apex-medium-cage-max-32t-10-speed\/","url":"https:\/\/vmsport.fi\/verkkokauppa\/varaosat\/vaihteistot\/takavaihtajat\/takavaihtaja-sram-apex-medium-cage-max-32t-10-speed\/","name":"Bakv\u00e4xel Sram Apex Medium Cage Max 32T 10-v\u00e4xlad - VM Sport","isPartOf":{"@id":"https:\/\/vmsport.fi\/#website"},"primaryImageOfPage":{"@id":"https:\/\/vmsport.fi\/verkkokauppa\/varaosat\/vaihteistot\/takavaihtajat\/takavaihtaja-sram-apex-medium-cage-max-32t-10-speed\/#primaryimage"},"image":{"@id":"https:\/\/vmsport.fi\/verkkokauppa\/varaosat\/vaihteistot\/takavaihtajat\/takavaihtaja-sram-apex-medium-cage-max-32t-10-speed\/#primaryimage"},"thumbnailUrl":"https:\/\/vmsport.fi\/wp-content\/uploads\/2025\/03\/TAKAVAIHTAJA-SRAM-APEX-M-1.jpg","datePublished":"2025-03-05T22:17:06+00:00","dateModified":"2026-01-16T11:24:10+00:00","breadcrumb":{"@id":"https:\/\/vmsport.fi\/verkkokauppa\/varaosat\/vaihteistot\/takavaihtajat\/takavaihtaja-sram-apex-medium-cage-max-32t-10-speed\/#breadcrumb"},"inLanguage":"sv-SE","potentialAction":[{"@type":"ReadAction","target":["https:\/\/vmsport.fi\/verkkokauppa\/varaosat\/vaihteistot\/takavaihtajat\/takavaihtaja-sram-apex-medium-cage-max-32t-10-speed\/"]}]},{"@type":"ImageObject","inLanguage":"sv-SE","@id":"https:\/\/vmsport.fi\/verkkokauppa\/varaosat\/vaihteistot\/takavaihtajat\/takavaihtaja-sram-apex-medium-cage-max-32t-10-speed\/#primaryimage","url":"https:\/\/vmsport.fi\/wp-content\/uploads\/2025\/03\/TAKAVAIHTAJA-SRAM-APEX-M-1.jpg","contentUrl":"https:\/\/vmsport.fi\/wp-content\/uploads\/2025\/03\/TAKAVAIHTAJA-SRAM-APEX-M-1.jpg","width":800,"height":600,"caption":"TAKAVAIHTAJA-SRAM-APEX-M"},{"@type":"BreadcrumbList","@id":"https:\/\/vmsport.fi\/verkkokauppa\/varaosat\/vaihteistot\/takavaihtajat\/takavaihtaja-sram-apex-medium-cage-max-32t-10-speed\/#breadcrumb","itemListElement":[{"@type":"ListItem","position":1,"name":"Etusivu","item":"https:\/\/vmsport.fi\/"},{"@type":"ListItem","position":2,"name":"Online Store","item":"https:\/\/vmsport.fi\/en\/online-store\/"},{"@type":"ListItem","position":3,"name":"Takavaihtaja Sram Apex Medium Cage Max 32T 10-speed"}]},{"@type":"WebSite","@id":"https:\/\/vmsport.fi\/#website","url":"https:\/\/vmsport.fi\/","name":"Vmsport","description":"Allt p\u00e5 ett st\u00e4lle f\u00f6r cykling","publisher":{"@id":"https:\/\/vmsport.fi\/#organization"},"potentialAction":[{"@type":"SearchAction","target":{"@type":"EntryPoint","urlTemplate":"https:\/\/vmsport.fi\/?s={search_term_string}"},"query-input":{"@type":"PropertyValueSpecification","valueRequired":true,"valueName":"search_term_string"}}],"inLanguage":"sv-SE"},{"@type":"Organization","@id":"https:\/\/vmsport.fi\/#organization","name":"Vmsport","url":"https:\/\/vmsport.fi\/","logo":{"@type":"ImageObject","inLanguage":"sv-SE","@id":"https:\/\/vmsport.fi\/#\/schema\/logo\/image\/","url":"https:\/\/vmsport.fi\/wp-content\/uploads\/2024\/12\/vm_sport_RGB_horisontal-e1734526017575.png","contentUrl":"https:\/\/vmsport.fi\/wp-content\/uploads\/2024\/12\/vm_sport_RGB_horisontal-e1734526017575.png","width":668,"height":85,"caption":"Vmsport"},"image":{"@id":"https:\/\/vmsport.fi\/#\/schema\/logo\/image\/"},"sameAs":["https:\/\/www.facebook.com\/Vmsport.fi\/","https:\/\/www.instagram.com\/vmsport\/"]}]}},"global_unique_id":"","_links":{"self":[{"href":"https:\/\/vmsport.fi\/sv\/wp-json\/wp\/v2\/product\/56220","targetHints":{"allow":["GET"]}}],"collection":[{"href":"https:\/\/vmsport.fi\/sv\/wp-json\/wp\/v2\/product"}],"about":[{"href":"https:\/\/vmsport.fi\/sv\/wp-json\/wp\/v2\/types\/product"}],"replies":[{"embeddable":true,"href":"https:\/\/vmsport.fi\/sv\/wp-json\/wp\/v2\/comments?post=56220"}],"wp:featuredmedia":[{"embeddable":true,"href":"https:\/\/vmsport.fi\/sv\/wp-json\/wp\/v2\/media\/56219"}],"wp:attachment":[{"href":"https:\/\/vmsport.fi\/sv\/wp-json\/wp\/v2\/media?parent=56220"}],"wp:term":[{"taxonomy":"product_brand","embeddable":true,"href":"https:\/\/vmsport.fi\/sv\/wp-json\/wp\/v2\/product_brand?post=56220"},{"taxonomy":"product_model","embeddable":true,"href":"https:\/\/vmsport.fi\/sv\/wp-json\/wp\/v2\/product_model?post=56220"},{"taxonomy":"product_cat","embeddable":true,"href":"https:\/\/vmsport.fi\/sv\/wp-json\/wp\/v2\/product_cat?post=56220"},{"taxonomy":"product_tag","embeddable":true,"href":"https:\/\/vmsport.fi\/sv\/wp-json\/wp\/v2\/product_tag?post=56220"},{"taxonomy":"industry_terminology","embeddable":true,"href":"https:\/\/vmsport.fi\/sv\/wp-json\/wp\/v2\/industry-terminology?post=56220"}],"curies":[{"name":"wp","href":"https:\/\/api.w.org\/{rel}","templated":true}]}}