{"id":56210,"date":"2025-03-06T00:17:01","date_gmt":"2025-03-05T22:17:01","guid":{"rendered":"https:\/\/vmsport.fi\/verkkokauppa\/Ei-luokiteltu\/bontrager-grippytack-handlebar-tape-set-black-red\/"},"modified":"2026-04-22T15:10:44","modified_gmt":"2026-04-22T12:10:44","slug":"bontrager-grippytack-styrtejpssats-svart-rod","status":"publish","type":"product","link":"https:\/\/vmsport.fi\/sv\/verkkokauppa\/varaosat\/ohjaamo\/gripit\/bontrager-grippytack-handlebar-tape-set-black-red\/","title":{"rendered":"Bontrager Grippytack styrtejpssats svart\/r\u00f6d"},"content":{"rendered":"<p>Bontrager Grippytack styrtejpsset i svart\/r\u00f6tt erbjuder prestanda och komfort f\u00f6r den kr\u00e4vande cyklisten. Tejpen har ett unikt ytm\u00f6nster som ger ett starkt och fast grepp och f\u00f6rhindrar att cykeln glider \u00e4ven under sv\u00e5ra f\u00f6rh\u00e5llanden. St\u00f6td\u00e4mpande egenskaper minskar vibrationerna under l\u00e5nga cykelturer och \u00f6kar k\u00f6rkomforten. Installationen \u00e4r enkel eftersom tejpen b\u00f6jer sig f\u00f6r att passa, medan den sj\u00e4lvh\u00e4ftande ytan g\u00f6r det l\u00e4tt att linda och f\u00e5 en snygg finish. Medf\u00f6ljande reflekterande Bontrager-\u00e4ndpluggar f\u00f6rb\u00e4ttrar synligheten i d\u00e5liga ljusf\u00f6rh\u00e5llanden f\u00f6r \u00f6kad s\u00e4kerhet. Det h\u00e4r setet \u00e4r ett utm\u00e4rkt val f\u00f6r dig som uppskattar p\u00e5litlig hantering i kombination med anv\u00e4ndarv\u00e4nlighet.<\/p>","protected":false},"excerpt":{"rendered":"<p>Bontrager Grippytack ohjaustangon teippisetti musta\/punainen tarjoaa suorituskyky\u00e4 ja mukavuutta vaativalle py\u00f6r\u00e4ilij\u00e4lle. T\u00e4ss\u00e4 teipiss\u00e4 on ainutlaatuinen pintakuviointi, joka takaa vahvan ja pit\u00e4v\u00e4n otteen, est\u00e4en lipsumista haastavissakin olosuhteissa. Iskunvaimennusominaisuudet v\u00e4hent\u00e4v\u00e4t t\u00e4rin\u00e4\u00e4 pitkill\u00e4 ajomatkoilla, lis\u00e4ten ajomukavuutta. Asennus on helppoa, sill\u00e4 teippi joustaa sopivasti, ja liimapinta helpottaa k\u00e4\u00e4rimist\u00e4 ja siistin lopputuloksen saavuttamista. Mukana tulevat heijastavat Bontrager-p\u00e4\u00e4tytulpat parantavat n\u00e4kyvyytt\u00e4 h\u00e4m\u00e4r\u00e4ss\u00e4, [&#8230;]<\/p>\n<p><a class=\"btn btn-secondary understrap-read-more-link\" href=\"https:\/\/vmsport.fi\/sv\/verkkokauppa\/varaosat\/ohjaamo\/gripit\/bontrager-grippytack-handlebar-tape-set-black-red\/\">L\u00e4s mer \u2026<span class=\"screen-reader-text\"> from Bontrager Grippytack Handlebar Tape Set Black\/Red<\/span><\/a><\/p>\n","protected":false},"featured_media":56209,"comment_status":"open","ping_status":"closed","template":"","meta":{"_acf_changed":false,"_improvement_type_select":"improve_an_existing","_thumb_yes_seoaic":false,"_frame_yes_seoaic":false,"seoaic_generate_description":"","seoaic_improve_instructions_prompt":"","seoaic_rollback_content_improvement":"","seoaic_idea_thumbnail_generator":"","thumbnail_generated":false,"thumbnail_generate_prompt":"","seoaic_article_description":"","_supplier_stock_quantity":0},"product_brand":[],"product_model":[],"product_cat":[9292],"product_tag":[],"industry-terminology":[],"class_list":{"0":"post-56210","1":"product","2":"type-product","3":"status-publish","4":"has-post-thumbnail","6":"product_cat-gripit","8":"first","9":"outofstock","10":"taxable","11":"shipping-taxable","12":"product-type-simple"},"acf":{"bike_features":null,"overview":{"copy_overview":null,"key_features":null,"statement":"","youtube_url":""}},"yoast_head":"<!-- This site is optimized with the Yoast SEO plugin v27.4 - https:\/\/yoast.com\/product\/yoast-seo-wordpress\/ -->\n<title>Bontrager Grippytack Handlebar Tape Set Black\/Red - VM Sport<\/title>\n<meta name=\"robots\" content=\"index, follow, max-snippet:-1, max-image-preview:large, max-video-preview:-1\" \/>\n<link rel=\"canonical\" href=\"https:\/\/vmsport.fi\/sv\/webbutik\/reservdelar\/taxi\/grepp\/bontrager-grippytack-styrtejpssats-svart-rod\/\" \/>\n<meta property=\"og:locale\" content=\"sv_SE\" \/>\n<meta property=\"og:type\" content=\"article\" \/>\n<meta property=\"og:title\" content=\"Bontrager Grippytack Handlebar Tape Set Black\/Red - VM Sport\" \/>\n<meta property=\"og:description\" content=\"Bontrager Grippytack ohjaustangon teippisetti musta\/punainen tarjoaa suorituskyky\u00e4 ja mukavuutta vaativalle py\u00f6r\u00e4ilij\u00e4lle. T\u00e4ss\u00e4 teipiss\u00e4 on ainutlaatuinen pintakuviointi, joka takaa vahvan ja pit\u00e4v\u00e4n otteen, est\u00e4en lipsumista haastavissakin olosuhteissa. Iskunvaimennusominaisuudet v\u00e4hent\u00e4v\u00e4t t\u00e4rin\u00e4\u00e4 pitkill\u00e4 ajomatkoilla, lis\u00e4ten ajomukavuutta. Asennus on helppoa, sill\u00e4 teippi joustaa sopivasti, ja liimapinta helpottaa k\u00e4\u00e4rimist\u00e4 ja siistin lopputuloksen saavuttamista. Mukana tulevat heijastavat Bontrager-p\u00e4\u00e4tytulpat parantavat n\u00e4kyvyytt\u00e4 h\u00e4m\u00e4r\u00e4ss\u00e4, [...]L\u00e4s mer \u2026 from Bontrager Grippytack Handlebar Tape Set Black\/Red\" \/>\n<meta property=\"og:url\" content=\"https:\/\/vmsport.fi\/sv\/webbutik\/reservdelar\/taxi\/grepp\/bontrager-grippytack-styrtejpssats-svart-rod\/\" \/>\n<meta property=\"og:site_name\" content=\"VM Sport\" \/>\n<meta property=\"article:publisher\" content=\"https:\/\/www.facebook.com\/Vmsport.fi\/\" \/>\n<meta property=\"article:modified_time\" content=\"2026-04-22T12:10:44+00:00\" \/>\n<meta property=\"og:image\" content=\"https:\/\/vmsport.fi\/wp-content\/uploads\/2025\/03\/weqc48yh2TIFPpDVaFIhayQH9AQIBPMWwTYOv0f2s7M6ZyYYM4-1.jpg\" \/>\n\t<meta property=\"og:image:width\" content=\"1000\" \/>\n\t<meta property=\"og:image:height\" content=\"754\" \/>\n\t<meta property=\"og:image:type\" content=\"image\/jpeg\" \/>\n<meta name=\"twitter:card\" content=\"summary_large_image\" \/>\n<script type=\"application\/ld+json\" class=\"yoast-schema-graph\">{\"@context\":\"https:\\\/\\\/schema.org\",\"@graph\":[{\"@type\":[\"WebPage\",\"ItemPage\"],\"@id\":\"https:\\\/\\\/vmsport.fi\\\/verkkokauppa\\\/varaosat\\\/ohjaamo\\\/gripit\\\/bontrager-grippytack-handlebar-tape-set-black-red\\\/\",\"url\":\"https:\\\/\\\/vmsport.fi\\\/verkkokauppa\\\/varaosat\\\/ohjaamo\\\/gripit\\\/bontrager-grippytack-handlebar-tape-set-black-red\\\/\",\"name\":\"Bontrager Grippytack Handlebar Tape Set Black\\\/Red - VM Sport\",\"isPartOf\":{\"@id\":\"https:\\\/\\\/vmsport.fi\\\/#website\"},\"primaryImageOfPage\":{\"@id\":\"https:\\\/\\\/vmsport.fi\\\/verkkokauppa\\\/varaosat\\\/ohjaamo\\\/gripit\\\/bontrager-grippytack-handlebar-tape-set-black-red\\\/#primaryimage\"},\"image\":{\"@id\":\"https:\\\/\\\/vmsport.fi\\\/verkkokauppa\\\/varaosat\\\/ohjaamo\\\/gripit\\\/bontrager-grippytack-handlebar-tape-set-black-red\\\/#primaryimage\"},\"thumbnailUrl\":\"https:\\\/\\\/vmsport.fi\\\/wp-content\\\/uploads\\\/2025\\\/03\\\/weqc48yh2TIFPpDVaFIhayQH9AQIBPMWwTYOv0f2s7M6ZyYYM4-1.jpg\",\"datePublished\":\"2025-03-05T22:17:01+00:00\",\"dateModified\":\"2026-04-22T12:10:44+00:00\",\"breadcrumb\":{\"@id\":\"https:\\\/\\\/vmsport.fi\\\/verkkokauppa\\\/varaosat\\\/ohjaamo\\\/gripit\\\/bontrager-grippytack-handlebar-tape-set-black-red\\\/#breadcrumb\"},\"inLanguage\":\"sv-SE\",\"potentialAction\":[{\"@type\":\"ReadAction\",\"target\":[\"https:\\\/\\\/vmsport.fi\\\/verkkokauppa\\\/varaosat\\\/ohjaamo\\\/gripit\\\/bontrager-grippytack-handlebar-tape-set-black-red\\\/\"]}]},{\"@type\":\"ImageObject\",\"inLanguage\":\"sv-SE\",\"@id\":\"https:\\\/\\\/vmsport.fi\\\/verkkokauppa\\\/varaosat\\\/ohjaamo\\\/gripit\\\/bontrager-grippytack-handlebar-tape-set-black-red\\\/#primaryimage\",\"url\":\"https:\\\/\\\/vmsport.fi\\\/wp-content\\\/uploads\\\/2025\\\/03\\\/weqc48yh2TIFPpDVaFIhayQH9AQIBPMWwTYOv0f2s7M6ZyYYM4-1.jpg\",\"contentUrl\":\"https:\\\/\\\/vmsport.fi\\\/wp-content\\\/uploads\\\/2025\\\/03\\\/weqc48yh2TIFPpDVaFIhayQH9AQIBPMWwTYOv0f2s7M6ZyYYM4-1.jpg\",\"width\":1000,\"height\":754,\"caption\":\"weqc48yh2TIFPpDVaFIhayQH9AQIBPMWwTYOv0f2s7M6ZyYYM4\"},{\"@type\":\"BreadcrumbList\",\"@id\":\"https:\\\/\\\/vmsport.fi\\\/verkkokauppa\\\/varaosat\\\/ohjaamo\\\/gripit\\\/bontrager-grippytack-handlebar-tape-set-black-red\\\/#breadcrumb\",\"itemListElement\":[{\"@type\":\"ListItem\",\"position\":1,\"name\":\"Etusivu\",\"item\":\"https:\\\/\\\/vmsport.fi\\\/\"},{\"@type\":\"ListItem\",\"position\":2,\"name\":\"Online Store\",\"item\":\"https:\\\/\\\/vmsport.fi\\\/en\\\/online-store\\\/\"},{\"@type\":\"ListItem\",\"position\":3,\"name\":\"Bontrager Grippytack Handlebar Tape Set Black\\\/Red\"}]},{\"@type\":\"WebSite\",\"@id\":\"https:\\\/\\\/vmsport.fi\\\/#website\",\"url\":\"https:\\\/\\\/vmsport.fi\\\/\",\"name\":\"Vmsport\",\"description\":\"Kaikki py\u00f6r\u00e4ilyyn yhdest\u00e4 paikasta\",\"publisher\":{\"@id\":\"https:\\\/\\\/vmsport.fi\\\/#organization\"},\"potentialAction\":[{\"@type\":\"SearchAction\",\"target\":{\"@type\":\"EntryPoint\",\"urlTemplate\":\"https:\\\/\\\/vmsport.fi\\\/?s={search_term_string}\"},\"query-input\":{\"@type\":\"PropertyValueSpecification\",\"valueRequired\":true,\"valueName\":\"search_term_string\"}}],\"inLanguage\":\"sv-SE\"},{\"@type\":\"Organization\",\"@id\":\"https:\\\/\\\/vmsport.fi\\\/#organization\",\"name\":\"Vmsport\",\"url\":\"https:\\\/\\\/vmsport.fi\\\/\",\"logo\":{\"@type\":\"ImageObject\",\"inLanguage\":\"sv-SE\",\"@id\":\"https:\\\/\\\/vmsport.fi\\\/#\\\/schema\\\/logo\\\/image\\\/\",\"url\":\"https:\\\/\\\/vmsport.fi\\\/wp-content\\\/uploads\\\/2024\\\/12\\\/vm_sport_RGB_horisontal-e1734526017575.png\",\"contentUrl\":\"https:\\\/\\\/vmsport.fi\\\/wp-content\\\/uploads\\\/2024\\\/12\\\/vm_sport_RGB_horisontal-e1734526017575.png\",\"width\":668,\"height\":85,\"caption\":\"Vmsport\"},\"image\":{\"@id\":\"https:\\\/\\\/vmsport.fi\\\/#\\\/schema\\\/logo\\\/image\\\/\"},\"sameAs\":[\"https:\\\/\\\/www.facebook.com\\\/Vmsport.fi\\\/\",\"https:\\\/\\\/www.instagram.com\\\/vmsport\\\/\"]}]}<\/script>\n<!-- \/ Yoast SEO plugin. -->","yoast_head_json":{"title":"Bontrager Grippytack styrtejpssats svart\/r\u00f6d - VM Sport","robots":{"index":"index","follow":"follow","max-snippet":"max-snippet:-1","max-image-preview":"max-image-preview:large","max-video-preview":"max-video-preview:-1"},"canonical":"https:\/\/vmsport.fi\/sv\/webbutik\/reservdelar\/taxi\/grepp\/bontrager-grippytack-styrtejpssats-svart-rod\/","og_locale":"sv_SE","og_type":"article","og_title":"Bontrager Grippytack Handlebar Tape Set Black\/Red - VM Sport","og_description":"Bontrager Grippytack ohjaustangon teippisetti musta\/punainen tarjoaa suorituskyky\u00e4 ja mukavuutta vaativalle py\u00f6r\u00e4ilij\u00e4lle. T\u00e4ss\u00e4 teipiss\u00e4 on ainutlaatuinen pintakuviointi, joka takaa vahvan ja pit\u00e4v\u00e4n otteen, est\u00e4en lipsumista haastavissakin olosuhteissa. Iskunvaimennusominaisuudet v\u00e4hent\u00e4v\u00e4t t\u00e4rin\u00e4\u00e4 pitkill\u00e4 ajomatkoilla, lis\u00e4ten ajomukavuutta. Asennus on helppoa, sill\u00e4 teippi joustaa sopivasti, ja liimapinta helpottaa k\u00e4\u00e4rimist\u00e4 ja siistin lopputuloksen saavuttamista. Mukana tulevat heijastavat Bontrager-p\u00e4\u00e4tytulpat parantavat n\u00e4kyvyytt\u00e4 h\u00e4m\u00e4r\u00e4ss\u00e4, [...]L\u00e4s mer \u2026 from Bontrager Grippytack Handlebar Tape Set Black\/Red","og_url":"https:\/\/vmsport.fi\/sv\/webbutik\/reservdelar\/taxi\/grepp\/bontrager-grippytack-styrtejpssats-svart-rod\/","og_site_name":"VM Sport","article_publisher":"https:\/\/www.facebook.com\/Vmsport.fi\/","article_modified_time":"2026-04-22T12:10:44+00:00","og_image":[{"width":1000,"height":754,"url":"https:\/\/vmsport.fi\/wp-content\/uploads\/2025\/03\/weqc48yh2TIFPpDVaFIhayQH9AQIBPMWwTYOv0f2s7M6ZyYYM4-1.jpg","type":"image\/jpeg"}],"twitter_card":"summary_large_image","schema":{"@context":"https:\/\/schema.org","@graph":[{"@type":["WebPage","ItemPage"],"@id":"https:\/\/vmsport.fi\/verkkokauppa\/varaosat\/ohjaamo\/gripit\/bontrager-grippytack-handlebar-tape-set-black-red\/","url":"https:\/\/vmsport.fi\/verkkokauppa\/varaosat\/ohjaamo\/gripit\/bontrager-grippytack-handlebar-tape-set-black-red\/","name":"Bontrager Grippytack styrtejpssats svart\/r\u00f6d - VM Sport","isPartOf":{"@id":"https:\/\/vmsport.fi\/#website"},"primaryImageOfPage":{"@id":"https:\/\/vmsport.fi\/verkkokauppa\/varaosat\/ohjaamo\/gripit\/bontrager-grippytack-handlebar-tape-set-black-red\/#primaryimage"},"image":{"@id":"https:\/\/vmsport.fi\/verkkokauppa\/varaosat\/ohjaamo\/gripit\/bontrager-grippytack-handlebar-tape-set-black-red\/#primaryimage"},"thumbnailUrl":"https:\/\/vmsport.fi\/wp-content\/uploads\/2025\/03\/weqc48yh2TIFPpDVaFIhayQH9AQIBPMWwTYOv0f2s7M6ZyYYM4-1.jpg","datePublished":"2025-03-05T22:17:01+00:00","dateModified":"2026-04-22T12:10:44+00:00","breadcrumb":{"@id":"https:\/\/vmsport.fi\/verkkokauppa\/varaosat\/ohjaamo\/gripit\/bontrager-grippytack-handlebar-tape-set-black-red\/#breadcrumb"},"inLanguage":"sv-SE","potentialAction":[{"@type":"ReadAction","target":["https:\/\/vmsport.fi\/verkkokauppa\/varaosat\/ohjaamo\/gripit\/bontrager-grippytack-handlebar-tape-set-black-red\/"]}]},{"@type":"ImageObject","inLanguage":"sv-SE","@id":"https:\/\/vmsport.fi\/verkkokauppa\/varaosat\/ohjaamo\/gripit\/bontrager-grippytack-handlebar-tape-set-black-red\/#primaryimage","url":"https:\/\/vmsport.fi\/wp-content\/uploads\/2025\/03\/weqc48yh2TIFPpDVaFIhayQH9AQIBPMWwTYOv0f2s7M6ZyYYM4-1.jpg","contentUrl":"https:\/\/vmsport.fi\/wp-content\/uploads\/2025\/03\/weqc48yh2TIFPpDVaFIhayQH9AQIBPMWwTYOv0f2s7M6ZyYYM4-1.jpg","width":1000,"height":754,"caption":"weqc48yh2TIFPpDVaFIhayQH9AQIBPMWwTYOv0f2s7M6ZyYYM4"},{"@type":"BreadcrumbList","@id":"https:\/\/vmsport.fi\/verkkokauppa\/varaosat\/ohjaamo\/gripit\/bontrager-grippytack-handlebar-tape-set-black-red\/#breadcrumb","itemListElement":[{"@type":"ListItem","position":1,"name":"Etusivu","item":"https:\/\/vmsport.fi\/"},{"@type":"ListItem","position":2,"name":"Online Store","item":"https:\/\/vmsport.fi\/en\/online-store\/"},{"@type":"ListItem","position":3,"name":"Bontrager Grippytack Handlebar Tape Set Black\/Red"}]},{"@type":"WebSite","@id":"https:\/\/vmsport.fi\/#website","url":"https:\/\/vmsport.fi\/","name":"Vmsport","description":"Allt p\u00e5 ett st\u00e4lle f\u00f6r cykling","publisher":{"@id":"https:\/\/vmsport.fi\/#organization"},"potentialAction":[{"@type":"SearchAction","target":{"@type":"EntryPoint","urlTemplate":"https:\/\/vmsport.fi\/?s={search_term_string}"},"query-input":{"@type":"PropertyValueSpecification","valueRequired":true,"valueName":"search_term_string"}}],"inLanguage":"sv-SE"},{"@type":"Organization","@id":"https:\/\/vmsport.fi\/#organization","name":"Vmsport","url":"https:\/\/vmsport.fi\/","logo":{"@type":"ImageObject","inLanguage":"sv-SE","@id":"https:\/\/vmsport.fi\/#\/schema\/logo\/image\/","url":"https:\/\/vmsport.fi\/wp-content\/uploads\/2024\/12\/vm_sport_RGB_horisontal-e1734526017575.png","contentUrl":"https:\/\/vmsport.fi\/wp-content\/uploads\/2024\/12\/vm_sport_RGB_horisontal-e1734526017575.png","width":668,"height":85,"caption":"Vmsport"},"image":{"@id":"https:\/\/vmsport.fi\/#\/schema\/logo\/image\/"},"sameAs":["https:\/\/www.facebook.com\/Vmsport.fi\/","https:\/\/www.instagram.com\/vmsport\/"]}]}},"global_unique_id":"","_links":{"self":[{"href":"https:\/\/vmsport.fi\/sv\/wp-json\/wp\/v2\/product\/56210","targetHints":{"allow":["GET"]}}],"collection":[{"href":"https:\/\/vmsport.fi\/sv\/wp-json\/wp\/v2\/product"}],"about":[{"href":"https:\/\/vmsport.fi\/sv\/wp-json\/wp\/v2\/types\/product"}],"replies":[{"embeddable":true,"href":"https:\/\/vmsport.fi\/sv\/wp-json\/wp\/v2\/comments?post=56210"}],"wp:featuredmedia":[{"embeddable":true,"href":"https:\/\/vmsport.fi\/sv\/wp-json\/wp\/v2\/media\/56209"}],"wp:attachment":[{"href":"https:\/\/vmsport.fi\/sv\/wp-json\/wp\/v2\/media?parent=56210"}],"wp:term":[{"taxonomy":"product_brand","embeddable":true,"href":"https:\/\/vmsport.fi\/sv\/wp-json\/wp\/v2\/product_brand?post=56210"},{"taxonomy":"product_model","embeddable":true,"href":"https:\/\/vmsport.fi\/sv\/wp-json\/wp\/v2\/product_model?post=56210"},{"taxonomy":"product_cat","embeddable":true,"href":"https:\/\/vmsport.fi\/sv\/wp-json\/wp\/v2\/product_cat?post=56210"},{"taxonomy":"product_tag","embeddable":true,"href":"https:\/\/vmsport.fi\/sv\/wp-json\/wp\/v2\/product_tag?post=56210"},{"taxonomy":"industry_terminology","embeddable":true,"href":"https:\/\/vmsport.fi\/sv\/wp-json\/wp\/v2\/industry-terminology?post=56210"}],"curies":[{"name":"wp","href":"https:\/\/api.w.org\/{rel}","templated":true}]}}