{"id":56208,"date":"2025-03-06T00:16:59","date_gmt":"2025-03-05T22:16:59","guid":{"rendered":"https:\/\/vmsport.fi\/verkkokauppa\/Ei-luokiteltu\/rapha-rapha-core-cycling-jersey-dark-green\/"},"modified":"2026-01-16T13:31:58","modified_gmt":"2026-01-16T11:31:58","slug":"rapha-rapha-core-cykeltroja-morkgron","status":"publish","type":"product","link":"https:\/\/vmsport.fi\/sv\/verkkokauppa\/ajovarusteet\/vaatteet\/paidat\/rapha-rapha-core-cycling-jersey-dark-green\/","title":{"rendered":"Rapha Rapha Core Cykeltr\u00f6ja - M\u00d6RKGR\u00d6N"},"content":{"rendered":"<p>Rapha Core Cycling Jersey \u00e4r designad f\u00f6r vardagscykling och kommer i en snygg m\u00f6rkgr\u00f6n f\u00e4rg. Tr\u00f6jan har utvecklats f\u00f6r att erbjuda optimal prestanda och maximal komfort, vilket g\u00f6r den till ett utm\u00e4rkt val f\u00f6r b\u00e5de avslappnade cyklister och h\u00e4ngivna entusiaster. Produkten kombinerar viktiga egenskaper som andningsbart och fukttransporterande tyg f\u00f6r att s\u00e4kerst\u00e4lla en sval och bekv\u00e4m cykelupplevelse. Designen \u00e4r baserad p\u00e5 funktionalitet och prisv\u00e4rdhet, utan att kompromissa med kvaliteten.<\/p>","protected":false},"excerpt":{"rendered":"<p>Rapha Core Cycling Jersey on suunniteltu p\u00e4ivitt\u00e4iseen py\u00f6r\u00e4ilyyn, ja se tulee tyylikk\u00e4\u00e4n tummanvihre\u00e4n\u00e4. Paita on kehitetty tarjoamaan optimaalista suorituskyky\u00e4 ja maksimaalista mukavuutta, mik\u00e4 tekee siit\u00e4 erinomaisen valinnan sek\u00e4 satunnaisille py\u00f6r\u00e4ilij\u00f6ille ett\u00e4 innokkaille harrastajille. Tuote yhdist\u00e4\u00e4 olennaiset ominaisuudet, kuten hengitt\u00e4v\u00e4n ja kosteutta siirt\u00e4v\u00e4n materiaalin, varmistaen n\u00e4in viile\u00e4n ja miellytt\u00e4v\u00e4n ajokokemuksen. Suunnittelussa on panostettu toiminnallisuuteen ja edullisuuteen, [&#8230;]<\/p>\n<p><a class=\"btn btn-secondary understrap-read-more-link\" href=\"https:\/\/vmsport.fi\/sv\/verkkokauppa\/ajovarusteet\/vaatteet\/paidat\/rapha-rapha-core-cycling-jersey-dark-green\/\">L\u00e4s mer \u2026<span class=\"screen-reader-text\"> from Rapha Rapha Core Cycling Jersey &#8211; DARK GREEN<\/span><\/a><\/p>\n","protected":false},"featured_media":56206,"comment_status":"open","ping_status":"closed","template":"","meta":{"_acf_changed":false,"_improvement_type_select":"improve_an_existing","_thumb_yes_seoaic":false,"_frame_yes_seoaic":false,"seoaic_generate_description":"","seoaic_improve_instructions_prompt":"","seoaic_rollback_content_improvement":"","seoaic_idea_thumbnail_generator":"","thumbnail_generated":false,"thumbnail_generate_prompt":"","seoaic_article_description":"","_supplier_stock_quantity":0},"product_brand":[],"product_model":[],"product_cat":[9460],"product_tag":[],"industry-terminology":[],"class_list":{"0":"post-56208","1":"product","2":"type-product","3":"status-publish","4":"has-post-thumbnail","6":"product_cat-paidat","8":"first","9":"instock","10":"taxable","11":"shipping-taxable","12":"purchasable","13":"product-type-variable"},"acf":{"bike_features":null,"overview":{"copy_overview":null,"key_features":null,"statement":"","youtube_url":""}},"yoast_head":"<!-- This site is optimized with the Yoast SEO plugin v27.3 - https:\/\/yoast.com\/product\/yoast-seo-wordpress\/ -->\n<title>Rapha Rapha Core Cycling Jersey - DARK GREEN - VM Sport<\/title>\n<meta name=\"robots\" content=\"index, follow, max-snippet:-1, max-image-preview:large, max-video-preview:-1\" \/>\n<link rel=\"canonical\" href=\"https:\/\/vmsport.fi\/sv\/webbutik\/korutrustning\/klader\/skjorta\/rapha-rapha-core-cykeltroja-morkgron\/\" \/>\n<meta property=\"og:locale\" content=\"sv_SE\" \/>\n<meta property=\"og:type\" content=\"article\" \/>\n<meta property=\"og:title\" content=\"Rapha Rapha Core Cycling Jersey - DARK GREEN - VM Sport\" \/>\n<meta property=\"og:description\" content=\"Rapha Core Cycling Jersey on suunniteltu p\u00e4ivitt\u00e4iseen py\u00f6r\u00e4ilyyn, ja se tulee tyylikk\u00e4\u00e4n tummanvihre\u00e4n\u00e4. Paita on kehitetty tarjoamaan optimaalista suorituskyky\u00e4 ja maksimaalista mukavuutta, mik\u00e4 tekee siit\u00e4 erinomaisen valinnan sek\u00e4 satunnaisille py\u00f6r\u00e4ilij\u00f6ille ett\u00e4 innokkaille harrastajille. Tuote yhdist\u00e4\u00e4 olennaiset ominaisuudet, kuten hengitt\u00e4v\u00e4n ja kosteutta siirt\u00e4v\u00e4n materiaalin, varmistaen n\u00e4in viile\u00e4n ja miellytt\u00e4v\u00e4n ajokokemuksen. Suunnittelussa on panostettu toiminnallisuuteen ja edullisuuteen, [...]L\u00e4s mer \u2026 from Rapha Rapha Core Cycling Jersey &#8211; DARK GREEN\" \/>\n<meta property=\"og:url\" content=\"https:\/\/vmsport.fi\/sv\/webbutik\/korutrustning\/klader\/skjorta\/rapha-rapha-core-cykeltroja-morkgron\/\" \/>\n<meta property=\"og:site_name\" content=\"VM Sport\" \/>\n<meta property=\"article:publisher\" content=\"https:\/\/www.facebook.com\/Vmsport.fi\/\" \/>\n<meta property=\"article:modified_time\" content=\"2026-01-16T11:31:58+00:00\" \/>\n<meta property=\"og:image\" content=\"https:\/\/vmsport.fi\/wp-content\/uploads\/2025\/03\/lNuQ1doYtkzMmTcRow5DJlNa1Dqwp2VdWb5CFJj2CNl6OPZxCb-1.jpg\" \/>\n\t<meta property=\"og:image:width\" content=\"1000\" \/>\n\t<meta property=\"og:image:height\" content=\"750\" \/>\n\t<meta property=\"og:image:type\" content=\"image\/jpeg\" \/>\n<meta name=\"twitter:card\" content=\"summary_large_image\" \/>\n<script type=\"application\/ld+json\" class=\"yoast-schema-graph\">{\"@context\":\"https:\\\/\\\/schema.org\",\"@graph\":[{\"@type\":[\"WebPage\",\"ItemPage\"],\"@id\":\"https:\\\/\\\/vmsport.fi\\\/verkkokauppa\\\/ajovarusteet\\\/vaatteet\\\/paidat\\\/rapha-rapha-core-cycling-jersey-dark-green\\\/\",\"url\":\"https:\\\/\\\/vmsport.fi\\\/verkkokauppa\\\/ajovarusteet\\\/vaatteet\\\/paidat\\\/rapha-rapha-core-cycling-jersey-dark-green\\\/\",\"name\":\"Rapha Rapha Core Cycling Jersey - DARK GREEN - VM Sport\",\"isPartOf\":{\"@id\":\"https:\\\/\\\/vmsport.fi\\\/#website\"},\"primaryImageOfPage\":{\"@id\":\"https:\\\/\\\/vmsport.fi\\\/verkkokauppa\\\/ajovarusteet\\\/vaatteet\\\/paidat\\\/rapha-rapha-core-cycling-jersey-dark-green\\\/#primaryimage\"},\"image\":{\"@id\":\"https:\\\/\\\/vmsport.fi\\\/verkkokauppa\\\/ajovarusteet\\\/vaatteet\\\/paidat\\\/rapha-rapha-core-cycling-jersey-dark-green\\\/#primaryimage\"},\"thumbnailUrl\":\"https:\\\/\\\/vmsport.fi\\\/wp-content\\\/uploads\\\/2025\\\/03\\\/lNuQ1doYtkzMmTcRow5DJlNa1Dqwp2VdWb5CFJj2CNl6OPZxCb-1.jpg\",\"datePublished\":\"2025-03-05T22:16:59+00:00\",\"dateModified\":\"2026-01-16T11:31:58+00:00\",\"breadcrumb\":{\"@id\":\"https:\\\/\\\/vmsport.fi\\\/verkkokauppa\\\/ajovarusteet\\\/vaatteet\\\/paidat\\\/rapha-rapha-core-cycling-jersey-dark-green\\\/#breadcrumb\"},\"inLanguage\":\"sv-SE\",\"potentialAction\":[{\"@type\":\"ReadAction\",\"target\":[\"https:\\\/\\\/vmsport.fi\\\/verkkokauppa\\\/ajovarusteet\\\/vaatteet\\\/paidat\\\/rapha-rapha-core-cycling-jersey-dark-green\\\/\"]}]},{\"@type\":\"ImageObject\",\"inLanguage\":\"sv-SE\",\"@id\":\"https:\\\/\\\/vmsport.fi\\\/verkkokauppa\\\/ajovarusteet\\\/vaatteet\\\/paidat\\\/rapha-rapha-core-cycling-jersey-dark-green\\\/#primaryimage\",\"url\":\"https:\\\/\\\/vmsport.fi\\\/wp-content\\\/uploads\\\/2025\\\/03\\\/lNuQ1doYtkzMmTcRow5DJlNa1Dqwp2VdWb5CFJj2CNl6OPZxCb-1.jpg\",\"contentUrl\":\"https:\\\/\\\/vmsport.fi\\\/wp-content\\\/uploads\\\/2025\\\/03\\\/lNuQ1doYtkzMmTcRow5DJlNa1Dqwp2VdWb5CFJj2CNl6OPZxCb-1.jpg\",\"width\":1000,\"height\":750,\"caption\":\"lNuQ1doYtkzMmTcRow5DJlNa1Dqwp2VdWb5CFJj2CNl6OPZxCb\"},{\"@type\":\"BreadcrumbList\",\"@id\":\"https:\\\/\\\/vmsport.fi\\\/verkkokauppa\\\/ajovarusteet\\\/vaatteet\\\/paidat\\\/rapha-rapha-core-cycling-jersey-dark-green\\\/#breadcrumb\",\"itemListElement\":[{\"@type\":\"ListItem\",\"position\":1,\"name\":\"Etusivu\",\"item\":\"https:\\\/\\\/vmsport.fi\\\/\"},{\"@type\":\"ListItem\",\"position\":2,\"name\":\"Online Store\",\"item\":\"https:\\\/\\\/vmsport.fi\\\/en\\\/online-store\\\/\"},{\"@type\":\"ListItem\",\"position\":3,\"name\":\"Rapha Rapha Core Cycling Jersey &#8211; DARK GREEN\"}]},{\"@type\":\"WebSite\",\"@id\":\"https:\\\/\\\/vmsport.fi\\\/#website\",\"url\":\"https:\\\/\\\/vmsport.fi\\\/\",\"name\":\"Vmsport\",\"description\":\"Kaikki py\u00f6r\u00e4ilyyn yhdest\u00e4 paikasta\",\"publisher\":{\"@id\":\"https:\\\/\\\/vmsport.fi\\\/#organization\"},\"potentialAction\":[{\"@type\":\"SearchAction\",\"target\":{\"@type\":\"EntryPoint\",\"urlTemplate\":\"https:\\\/\\\/vmsport.fi\\\/?s={search_term_string}\"},\"query-input\":{\"@type\":\"PropertyValueSpecification\",\"valueRequired\":true,\"valueName\":\"search_term_string\"}}],\"inLanguage\":\"sv-SE\"},{\"@type\":\"Organization\",\"@id\":\"https:\\\/\\\/vmsport.fi\\\/#organization\",\"name\":\"Vmsport\",\"url\":\"https:\\\/\\\/vmsport.fi\\\/\",\"logo\":{\"@type\":\"ImageObject\",\"inLanguage\":\"sv-SE\",\"@id\":\"https:\\\/\\\/vmsport.fi\\\/#\\\/schema\\\/logo\\\/image\\\/\",\"url\":\"https:\\\/\\\/vmsport.fi\\\/wp-content\\\/uploads\\\/2024\\\/12\\\/vm_sport_RGB_horisontal-e1734526017575.png\",\"contentUrl\":\"https:\\\/\\\/vmsport.fi\\\/wp-content\\\/uploads\\\/2024\\\/12\\\/vm_sport_RGB_horisontal-e1734526017575.png\",\"width\":668,\"height\":85,\"caption\":\"Vmsport\"},\"image\":{\"@id\":\"https:\\\/\\\/vmsport.fi\\\/#\\\/schema\\\/logo\\\/image\\\/\"},\"sameAs\":[\"https:\\\/\\\/www.facebook.com\\\/Vmsport.fi\\\/\",\"https:\\\/\\\/www.instagram.com\\\/vmsport\\\/\"]}]}<\/script>\n<!-- \/ Yoast SEO plugin. -->","yoast_head_json":{"title":"Rapha Rapha Core Cykeltr\u00f6ja - M\u00d6RKGR\u00d6N - VM Sport","robots":{"index":"index","follow":"follow","max-snippet":"max-snippet:-1","max-image-preview":"max-image-preview:large","max-video-preview":"max-video-preview:-1"},"canonical":"https:\/\/vmsport.fi\/sv\/webbutik\/korutrustning\/klader\/skjorta\/rapha-rapha-core-cykeltroja-morkgron\/","og_locale":"sv_SE","og_type":"article","og_title":"Rapha Rapha Core Cycling Jersey - DARK GREEN - VM Sport","og_description":"Rapha Core Cycling Jersey on suunniteltu p\u00e4ivitt\u00e4iseen py\u00f6r\u00e4ilyyn, ja se tulee tyylikk\u00e4\u00e4n tummanvihre\u00e4n\u00e4. Paita on kehitetty tarjoamaan optimaalista suorituskyky\u00e4 ja maksimaalista mukavuutta, mik\u00e4 tekee siit\u00e4 erinomaisen valinnan sek\u00e4 satunnaisille py\u00f6r\u00e4ilij\u00f6ille ett\u00e4 innokkaille harrastajille. Tuote yhdist\u00e4\u00e4 olennaiset ominaisuudet, kuten hengitt\u00e4v\u00e4n ja kosteutta siirt\u00e4v\u00e4n materiaalin, varmistaen n\u00e4in viile\u00e4n ja miellytt\u00e4v\u00e4n ajokokemuksen. Suunnittelussa on panostettu toiminnallisuuteen ja edullisuuteen, [...]L\u00e4s mer \u2026 from Rapha Rapha Core Cycling Jersey &#8211; DARK GREEN","og_url":"https:\/\/vmsport.fi\/sv\/webbutik\/korutrustning\/klader\/skjorta\/rapha-rapha-core-cykeltroja-morkgron\/","og_site_name":"VM Sport","article_publisher":"https:\/\/www.facebook.com\/Vmsport.fi\/","article_modified_time":"2026-01-16T11:31:58+00:00","og_image":[{"width":1000,"height":750,"url":"https:\/\/vmsport.fi\/wp-content\/uploads\/2025\/03\/lNuQ1doYtkzMmTcRow5DJlNa1Dqwp2VdWb5CFJj2CNl6OPZxCb-1.jpg","type":"image\/jpeg"}],"twitter_card":"summary_large_image","schema":{"@context":"https:\/\/schema.org","@graph":[{"@type":["WebPage","ItemPage"],"@id":"https:\/\/vmsport.fi\/verkkokauppa\/ajovarusteet\/vaatteet\/paidat\/rapha-rapha-core-cycling-jersey-dark-green\/","url":"https:\/\/vmsport.fi\/verkkokauppa\/ajovarusteet\/vaatteet\/paidat\/rapha-rapha-core-cycling-jersey-dark-green\/","name":"Rapha Rapha Core Cykeltr\u00f6ja - M\u00d6RKGR\u00d6N - VM Sport","isPartOf":{"@id":"https:\/\/vmsport.fi\/#website"},"primaryImageOfPage":{"@id":"https:\/\/vmsport.fi\/verkkokauppa\/ajovarusteet\/vaatteet\/paidat\/rapha-rapha-core-cycling-jersey-dark-green\/#primaryimage"},"image":{"@id":"https:\/\/vmsport.fi\/verkkokauppa\/ajovarusteet\/vaatteet\/paidat\/rapha-rapha-core-cycling-jersey-dark-green\/#primaryimage"},"thumbnailUrl":"https:\/\/vmsport.fi\/wp-content\/uploads\/2025\/03\/lNuQ1doYtkzMmTcRow5DJlNa1Dqwp2VdWb5CFJj2CNl6OPZxCb-1.jpg","datePublished":"2025-03-05T22:16:59+00:00","dateModified":"2026-01-16T11:31:58+00:00","breadcrumb":{"@id":"https:\/\/vmsport.fi\/verkkokauppa\/ajovarusteet\/vaatteet\/paidat\/rapha-rapha-core-cycling-jersey-dark-green\/#breadcrumb"},"inLanguage":"sv-SE","potentialAction":[{"@type":"ReadAction","target":["https:\/\/vmsport.fi\/verkkokauppa\/ajovarusteet\/vaatteet\/paidat\/rapha-rapha-core-cycling-jersey-dark-green\/"]}]},{"@type":"ImageObject","inLanguage":"sv-SE","@id":"https:\/\/vmsport.fi\/verkkokauppa\/ajovarusteet\/vaatteet\/paidat\/rapha-rapha-core-cycling-jersey-dark-green\/#primaryimage","url":"https:\/\/vmsport.fi\/wp-content\/uploads\/2025\/03\/lNuQ1doYtkzMmTcRow5DJlNa1Dqwp2VdWb5CFJj2CNl6OPZxCb-1.jpg","contentUrl":"https:\/\/vmsport.fi\/wp-content\/uploads\/2025\/03\/lNuQ1doYtkzMmTcRow5DJlNa1Dqwp2VdWb5CFJj2CNl6OPZxCb-1.jpg","width":1000,"height":750,"caption":"lNuQ1doYtkzMmTcRow5DJlNa1Dqwp2VdWb5CFJj2CNl6OPZxCb"},{"@type":"BreadcrumbList","@id":"https:\/\/vmsport.fi\/verkkokauppa\/ajovarusteet\/vaatteet\/paidat\/rapha-rapha-core-cycling-jersey-dark-green\/#breadcrumb","itemListElement":[{"@type":"ListItem","position":1,"name":"Etusivu","item":"https:\/\/vmsport.fi\/"},{"@type":"ListItem","position":2,"name":"Online Store","item":"https:\/\/vmsport.fi\/en\/online-store\/"},{"@type":"ListItem","position":3,"name":"Rapha Rapha Core Cycling Jersey &#8211; DARK GREEN"}]},{"@type":"WebSite","@id":"https:\/\/vmsport.fi\/#website","url":"https:\/\/vmsport.fi\/","name":"Vmsport","description":"Allt p\u00e5 ett st\u00e4lle f\u00f6r cykling","publisher":{"@id":"https:\/\/vmsport.fi\/#organization"},"potentialAction":[{"@type":"SearchAction","target":{"@type":"EntryPoint","urlTemplate":"https:\/\/vmsport.fi\/?s={search_term_string}"},"query-input":{"@type":"PropertyValueSpecification","valueRequired":true,"valueName":"search_term_string"}}],"inLanguage":"sv-SE"},{"@type":"Organization","@id":"https:\/\/vmsport.fi\/#organization","name":"Vmsport","url":"https:\/\/vmsport.fi\/","logo":{"@type":"ImageObject","inLanguage":"sv-SE","@id":"https:\/\/vmsport.fi\/#\/schema\/logo\/image\/","url":"https:\/\/vmsport.fi\/wp-content\/uploads\/2024\/12\/vm_sport_RGB_horisontal-e1734526017575.png","contentUrl":"https:\/\/vmsport.fi\/wp-content\/uploads\/2024\/12\/vm_sport_RGB_horisontal-e1734526017575.png","width":668,"height":85,"caption":"Vmsport"},"image":{"@id":"https:\/\/vmsport.fi\/#\/schema\/logo\/image\/"},"sameAs":["https:\/\/www.facebook.com\/Vmsport.fi\/","https:\/\/www.instagram.com\/vmsport\/"]}]}},"global_unique_id":"","_links":{"self":[{"href":"https:\/\/vmsport.fi\/sv\/wp-json\/wp\/v2\/product\/56208","targetHints":{"allow":["GET"]}}],"collection":[{"href":"https:\/\/vmsport.fi\/sv\/wp-json\/wp\/v2\/product"}],"about":[{"href":"https:\/\/vmsport.fi\/sv\/wp-json\/wp\/v2\/types\/product"}],"replies":[{"embeddable":true,"href":"https:\/\/vmsport.fi\/sv\/wp-json\/wp\/v2\/comments?post=56208"}],"wp:featuredmedia":[{"embeddable":true,"href":"https:\/\/vmsport.fi\/sv\/wp-json\/wp\/v2\/media\/56206"}],"wp:attachment":[{"href":"https:\/\/vmsport.fi\/sv\/wp-json\/wp\/v2\/media?parent=56208"}],"wp:term":[{"taxonomy":"product_brand","embeddable":true,"href":"https:\/\/vmsport.fi\/sv\/wp-json\/wp\/v2\/product_brand?post=56208"},{"taxonomy":"product_model","embeddable":true,"href":"https:\/\/vmsport.fi\/sv\/wp-json\/wp\/v2\/product_model?post=56208"},{"taxonomy":"product_cat","embeddable":true,"href":"https:\/\/vmsport.fi\/sv\/wp-json\/wp\/v2\/product_cat?post=56208"},{"taxonomy":"product_tag","embeddable":true,"href":"https:\/\/vmsport.fi\/sv\/wp-json\/wp\/v2\/product_tag?post=56208"},{"taxonomy":"industry_terminology","embeddable":true,"href":"https:\/\/vmsport.fi\/sv\/wp-json\/wp\/v2\/industry-terminology?post=56208"}],"curies":[{"name":"wp","href":"https:\/\/api.w.org\/{rel}","templated":true}]}}