{"id":56205,"date":"2025-03-06T00:16:58","date_gmt":"2025-03-05T22:16:58","guid":{"rendered":"https:\/\/vmsport.fi\/verkkokauppa\/Ei-luokiteltu\/trek-line-elite-flat-pedal-set-radioactive-red\/"},"modified":"2026-01-16T13:21:29","modified_gmt":"2026-01-16T11:21:29","slug":"trek-line-elite-flat-pedal-set-radioactive-red","status":"publish","type":"product","link":"https:\/\/vmsport.fi\/sv\/verkkokauppa\/varaosat\/polkimet\/flat-bmx-ja-dh-polkimet\/trek-line-elite-flat-pedal-set-radioactive-red\/","title":{"rendered":"Trek Line Elite Flat Pedal Set Radioactive Red"},"content":{"rendered":"<p>Trek Line Elite Flat -poljinsarja vangitsee katseen kirkkaan radioaktiivisella punaisella v\u00e4rill\u00e4\u00e4n, joka tuo jokaiseen ajomatkaan energist\u00e4 ilmett\u00e4. Erityisesti maastopy\u00f6r\u00e4ilyyn suunnitellut polkimet tarjoavat poikkeuksellisen hyv\u00e4n pidon ja varmuutta lis\u00e4\u00e4v\u00e4n ajokokemuksen. Kest\u00e4v\u00e4 rakenne varmistaa polkimien pitk\u00e4n k\u00e4ytt\u00f6i\u00e4n ja huolettoman ajonautinnon. Ergonomia ja suorituskyky sulautuvat yhteen saumattomasti, jolloin p\u00e4\u00e4set nauttimaan vauhdikkaista py\u00f6r\u00e4seikkailuista t\u00e4ysin siemauksin.<\/p>","protected":false},"excerpt":{"rendered":"<p>Trek Line Elite Flat -poljinsarja vangitsee katseen kirkkaan radioaktiivisella punaisella v\u00e4rill\u00e4\u00e4n, joka tuo jokaiseen ajomatkaan energist\u00e4 ilmett\u00e4. Erityisesti maastopy\u00f6r\u00e4ilyyn suunnitellut polkimet tarjoavat poikkeuksellisen hyv\u00e4n pidon ja varmuutta lis\u00e4\u00e4v\u00e4n ajokokemuksen. Kest\u00e4v\u00e4 rakenne varmistaa polkimien pitk\u00e4n k\u00e4ytt\u00f6i\u00e4n ja huolettoman ajonautinnon. Ergonomia ja suorituskyky sulautuvat yhteen saumattomasti, jolloin p\u00e4\u00e4set nauttimaan vauhdikkaista py\u00f6r\u00e4seikkailuista t\u00e4ysin siemauksin. [&#8230;]<\/p>\n<p><a class=\"btn btn-secondary understrap-read-more-link\" href=\"https:\/\/vmsport.fi\/sv\/verkkokauppa\/varaosat\/polkimet\/flat-bmx-ja-dh-polkimet\/trek-line-elite-flat-pedal-set-radioactive-red\/\">L\u00e4s mer \u2026<span class=\"screen-reader-text\"> from Trek Line Elite Flat Pedal Set Radioactive Red<\/span><\/a><\/p>\n","protected":false},"featured_media":56204,"comment_status":"open","ping_status":"closed","template":"","meta":{"_acf_changed":false,"_improvement_type_select":"improve_an_existing","_thumb_yes_seoaic":false,"_frame_yes_seoaic":false,"seoaic_generate_description":"","seoaic_improve_instructions_prompt":"","seoaic_rollback_content_improvement":"","seoaic_idea_thumbnail_generator":"","thumbnail_generated":false,"thumbnail_generate_prompt":"","seoaic_article_description":"","_supplier_stock_quantity":0},"product_brand":[37],"product_model":[],"product_cat":[9308],"product_tag":[],"industry-terminology":[],"class_list":{"0":"post-56205","1":"product","2":"type-product","3":"status-publish","4":"has-post-thumbnail","6":"product_brand-trek","7":"product_cat-flat-bmx-ja-dh-polkimet","9":"first","10":"outofstock","11":"taxable","12":"shipping-taxable","13":"product-type-simple"},"acf":{"bike_features":null,"overview":{"copy_overview":null,"key_features":null,"statement":"","youtube_url":""}},"yoast_head":"<!-- This site is optimized with the Yoast SEO plugin v27.3 - https:\/\/yoast.com\/product\/yoast-seo-wordpress\/ -->\n<title>Trek Line Elite Flat Pedal Set Radioactive Red - VM Sport<\/title>\n<meta name=\"robots\" content=\"index, follow, max-snippet:-1, max-image-preview:large, max-video-preview:-1\" \/>\n<link rel=\"canonical\" href=\"https:\/\/vmsport.fi\/sv\/webbutik\/reservdelar\/pedaler\/platta-bmx-och-dh-pedaler\/trek-line-elite-flat-pedal-set-radioactive-red\/\" \/>\n<meta property=\"og:locale\" content=\"sv_SE\" \/>\n<meta property=\"og:type\" content=\"article\" \/>\n<meta property=\"og:title\" content=\"Trek Line Elite Flat Pedal Set Radioactive Red - VM Sport\" \/>\n<meta property=\"og:description\" content=\"Trek Line Elite Flat -poljinsarja vangitsee katseen kirkkaan radioaktiivisella punaisella v\u00e4rill\u00e4\u00e4n, joka tuo jokaiseen ajomatkaan energist\u00e4 ilmett\u00e4. Erityisesti maastopy\u00f6r\u00e4ilyyn suunnitellut polkimet tarjoavat poikkeuksellisen hyv\u00e4n pidon ja varmuutta lis\u00e4\u00e4v\u00e4n ajokokemuksen. Kest\u00e4v\u00e4 rakenne varmistaa polkimien pitk\u00e4n k\u00e4ytt\u00f6i\u00e4n ja huolettoman ajonautinnon. Ergonomia ja suorituskyky sulautuvat yhteen saumattomasti, jolloin p\u00e4\u00e4set nauttimaan vauhdikkaista py\u00f6r\u00e4seikkailuista t\u00e4ysin siemauksin. [...]L\u00e4s mer \u2026 from Trek Line Elite Flat Pedal Set Radioactive Red\" \/>\n<meta property=\"og:url\" content=\"https:\/\/vmsport.fi\/sv\/webbutik\/reservdelar\/pedaler\/platta-bmx-och-dh-pedaler\/trek-line-elite-flat-pedal-set-radioactive-red\/\" \/>\n<meta property=\"og:site_name\" content=\"VM Sport\" \/>\n<meta property=\"article:publisher\" content=\"https:\/\/www.facebook.com\/Vmsport.fi\/\" \/>\n<meta property=\"article:modified_time\" content=\"2026-01-16T11:21:29+00:00\" \/>\n<meta property=\"og:image\" content=\"https:\/\/vmsport.fi\/wp-content\/uploads\/2025\/03\/TrekLineEliteFlatPedal-41409-C-Primary-1.jpg\" \/>\n\t<meta property=\"og:image:width\" content=\"1000\" \/>\n\t<meta property=\"og:image:height\" content=\"750\" \/>\n\t<meta property=\"og:image:type\" content=\"image\/jpeg\" \/>\n<meta name=\"twitter:card\" content=\"summary_large_image\" \/>\n<script type=\"application\/ld+json\" class=\"yoast-schema-graph\">{\"@context\":\"https:\\\/\\\/schema.org\",\"@graph\":[{\"@type\":[\"WebPage\",\"ItemPage\"],\"@id\":\"https:\\\/\\\/vmsport.fi\\\/verkkokauppa\\\/varaosat\\\/polkimet\\\/flat-bmx-ja-dh-polkimet\\\/trek-line-elite-flat-pedal-set-radioactive-red\\\/\",\"url\":\"https:\\\/\\\/vmsport.fi\\\/verkkokauppa\\\/varaosat\\\/polkimet\\\/flat-bmx-ja-dh-polkimet\\\/trek-line-elite-flat-pedal-set-radioactive-red\\\/\",\"name\":\"Trek Line Elite Flat Pedal Set Radioactive Red - VM Sport\",\"isPartOf\":{\"@id\":\"https:\\\/\\\/vmsport.fi\\\/#website\"},\"primaryImageOfPage\":{\"@id\":\"https:\\\/\\\/vmsport.fi\\\/verkkokauppa\\\/varaosat\\\/polkimet\\\/flat-bmx-ja-dh-polkimet\\\/trek-line-elite-flat-pedal-set-radioactive-red\\\/#primaryimage\"},\"image\":{\"@id\":\"https:\\\/\\\/vmsport.fi\\\/verkkokauppa\\\/varaosat\\\/polkimet\\\/flat-bmx-ja-dh-polkimet\\\/trek-line-elite-flat-pedal-set-radioactive-red\\\/#primaryimage\"},\"thumbnailUrl\":\"https:\\\/\\\/vmsport.fi\\\/wp-content\\\/uploads\\\/2025\\\/03\\\/TrekLineEliteFlatPedal-41409-C-Primary-1.jpg\",\"datePublished\":\"2025-03-05T22:16:58+00:00\",\"dateModified\":\"2026-01-16T11:21:29+00:00\",\"breadcrumb\":{\"@id\":\"https:\\\/\\\/vmsport.fi\\\/verkkokauppa\\\/varaosat\\\/polkimet\\\/flat-bmx-ja-dh-polkimet\\\/trek-line-elite-flat-pedal-set-radioactive-red\\\/#breadcrumb\"},\"inLanguage\":\"sv-SE\",\"potentialAction\":[{\"@type\":\"ReadAction\",\"target\":[\"https:\\\/\\\/vmsport.fi\\\/verkkokauppa\\\/varaosat\\\/polkimet\\\/flat-bmx-ja-dh-polkimet\\\/trek-line-elite-flat-pedal-set-radioactive-red\\\/\"]}]},{\"@type\":\"ImageObject\",\"inLanguage\":\"sv-SE\",\"@id\":\"https:\\\/\\\/vmsport.fi\\\/verkkokauppa\\\/varaosat\\\/polkimet\\\/flat-bmx-ja-dh-polkimet\\\/trek-line-elite-flat-pedal-set-radioactive-red\\\/#primaryimage\",\"url\":\"https:\\\/\\\/vmsport.fi\\\/wp-content\\\/uploads\\\/2025\\\/03\\\/TrekLineEliteFlatPedal-41409-C-Primary-1.jpg\",\"contentUrl\":\"https:\\\/\\\/vmsport.fi\\\/wp-content\\\/uploads\\\/2025\\\/03\\\/TrekLineEliteFlatPedal-41409-C-Primary-1.jpg\",\"width\":1000,\"height\":750,\"caption\":\"TrekLineEliteFlatPedal-41409-C-Primary\"},{\"@type\":\"BreadcrumbList\",\"@id\":\"https:\\\/\\\/vmsport.fi\\\/verkkokauppa\\\/varaosat\\\/polkimet\\\/flat-bmx-ja-dh-polkimet\\\/trek-line-elite-flat-pedal-set-radioactive-red\\\/#breadcrumb\",\"itemListElement\":[{\"@type\":\"ListItem\",\"position\":1,\"name\":\"Etusivu\",\"item\":\"https:\\\/\\\/vmsport.fi\\\/\"},{\"@type\":\"ListItem\",\"position\":2,\"name\":\"Online Store\",\"item\":\"https:\\\/\\\/vmsport.fi\\\/en\\\/online-store\\\/\"},{\"@type\":\"ListItem\",\"position\":3,\"name\":\"Trek polkupy\u00f6r\u00e4t\",\"item\":\"https:\\\/\\\/vmsport.fi\\\/sv\\\/merkki\\\/trek\\\/\"},{\"@type\":\"ListItem\",\"position\":4,\"name\":\"Trek Line Elite Flat Pedal Set Radioactive Red\"}]},{\"@type\":\"WebSite\",\"@id\":\"https:\\\/\\\/vmsport.fi\\\/#website\",\"url\":\"https:\\\/\\\/vmsport.fi\\\/\",\"name\":\"Vmsport\",\"description\":\"Kaikki py\u00f6r\u00e4ilyyn yhdest\u00e4 paikasta\",\"publisher\":{\"@id\":\"https:\\\/\\\/vmsport.fi\\\/#organization\"},\"potentialAction\":[{\"@type\":\"SearchAction\",\"target\":{\"@type\":\"EntryPoint\",\"urlTemplate\":\"https:\\\/\\\/vmsport.fi\\\/?s={search_term_string}\"},\"query-input\":{\"@type\":\"PropertyValueSpecification\",\"valueRequired\":true,\"valueName\":\"search_term_string\"}}],\"inLanguage\":\"sv-SE\"},{\"@type\":\"Organization\",\"@id\":\"https:\\\/\\\/vmsport.fi\\\/#organization\",\"name\":\"Vmsport\",\"url\":\"https:\\\/\\\/vmsport.fi\\\/\",\"logo\":{\"@type\":\"ImageObject\",\"inLanguage\":\"sv-SE\",\"@id\":\"https:\\\/\\\/vmsport.fi\\\/#\\\/schema\\\/logo\\\/image\\\/\",\"url\":\"https:\\\/\\\/vmsport.fi\\\/wp-content\\\/uploads\\\/2024\\\/12\\\/vm_sport_RGB_horisontal-e1734526017575.png\",\"contentUrl\":\"https:\\\/\\\/vmsport.fi\\\/wp-content\\\/uploads\\\/2024\\\/12\\\/vm_sport_RGB_horisontal-e1734526017575.png\",\"width\":668,\"height\":85,\"caption\":\"Vmsport\"},\"image\":{\"@id\":\"https:\\\/\\\/vmsport.fi\\\/#\\\/schema\\\/logo\\\/image\\\/\"},\"sameAs\":[\"https:\\\/\\\/www.facebook.com\\\/Vmsport.fi\\\/\",\"https:\\\/\\\/www.instagram.com\\\/vmsport\\\/\"]}]}<\/script>\n<!-- \/ Yoast SEO plugin. -->","yoast_head_json":{"title":"Trek Line Elite Flat Pedal Set Radioactive Red - VM Sport","robots":{"index":"index","follow":"follow","max-snippet":"max-snippet:-1","max-image-preview":"max-image-preview:large","max-video-preview":"max-video-preview:-1"},"canonical":"https:\/\/vmsport.fi\/sv\/webbutik\/reservdelar\/pedaler\/platta-bmx-och-dh-pedaler\/trek-line-elite-flat-pedal-set-radioactive-red\/","og_locale":"sv_SE","og_type":"article","og_title":"Trek Line Elite Flat Pedal Set Radioactive Red - VM Sport","og_description":"Trek Line Elite Flat -poljinsarja vangitsee katseen kirkkaan radioaktiivisella punaisella v\u00e4rill\u00e4\u00e4n, joka tuo jokaiseen ajomatkaan energist\u00e4 ilmett\u00e4. Erityisesti maastopy\u00f6r\u00e4ilyyn suunnitellut polkimet tarjoavat poikkeuksellisen hyv\u00e4n pidon ja varmuutta lis\u00e4\u00e4v\u00e4n ajokokemuksen. Kest\u00e4v\u00e4 rakenne varmistaa polkimien pitk\u00e4n k\u00e4ytt\u00f6i\u00e4n ja huolettoman ajonautinnon. Ergonomia ja suorituskyky sulautuvat yhteen saumattomasti, jolloin p\u00e4\u00e4set nauttimaan vauhdikkaista py\u00f6r\u00e4seikkailuista t\u00e4ysin siemauksin. [...]L\u00e4s mer \u2026 from Trek Line Elite Flat Pedal Set Radioactive Red","og_url":"https:\/\/vmsport.fi\/sv\/webbutik\/reservdelar\/pedaler\/platta-bmx-och-dh-pedaler\/trek-line-elite-flat-pedal-set-radioactive-red\/","og_site_name":"VM Sport","article_publisher":"https:\/\/www.facebook.com\/Vmsport.fi\/","article_modified_time":"2026-01-16T11:21:29+00:00","og_image":[{"width":1000,"height":750,"url":"https:\/\/vmsport.fi\/wp-content\/uploads\/2025\/03\/TrekLineEliteFlatPedal-41409-C-Primary-1.jpg","type":"image\/jpeg"}],"twitter_card":"summary_large_image","schema":{"@context":"https:\/\/schema.org","@graph":[{"@type":["WebPage","ItemPage"],"@id":"https:\/\/vmsport.fi\/verkkokauppa\/varaosat\/polkimet\/flat-bmx-ja-dh-polkimet\/trek-line-elite-flat-pedal-set-radioactive-red\/","url":"https:\/\/vmsport.fi\/verkkokauppa\/varaosat\/polkimet\/flat-bmx-ja-dh-polkimet\/trek-line-elite-flat-pedal-set-radioactive-red\/","name":"Trek Line Elite Flat Pedal Set Radioactive Red - VM Sport","isPartOf":{"@id":"https:\/\/vmsport.fi\/#website"},"primaryImageOfPage":{"@id":"https:\/\/vmsport.fi\/verkkokauppa\/varaosat\/polkimet\/flat-bmx-ja-dh-polkimet\/trek-line-elite-flat-pedal-set-radioactive-red\/#primaryimage"},"image":{"@id":"https:\/\/vmsport.fi\/verkkokauppa\/varaosat\/polkimet\/flat-bmx-ja-dh-polkimet\/trek-line-elite-flat-pedal-set-radioactive-red\/#primaryimage"},"thumbnailUrl":"https:\/\/vmsport.fi\/wp-content\/uploads\/2025\/03\/TrekLineEliteFlatPedal-41409-C-Primary-1.jpg","datePublished":"2025-03-05T22:16:58+00:00","dateModified":"2026-01-16T11:21:29+00:00","breadcrumb":{"@id":"https:\/\/vmsport.fi\/verkkokauppa\/varaosat\/polkimet\/flat-bmx-ja-dh-polkimet\/trek-line-elite-flat-pedal-set-radioactive-red\/#breadcrumb"},"inLanguage":"sv-SE","potentialAction":[{"@type":"ReadAction","target":["https:\/\/vmsport.fi\/verkkokauppa\/varaosat\/polkimet\/flat-bmx-ja-dh-polkimet\/trek-line-elite-flat-pedal-set-radioactive-red\/"]}]},{"@type":"ImageObject","inLanguage":"sv-SE","@id":"https:\/\/vmsport.fi\/verkkokauppa\/varaosat\/polkimet\/flat-bmx-ja-dh-polkimet\/trek-line-elite-flat-pedal-set-radioactive-red\/#primaryimage","url":"https:\/\/vmsport.fi\/wp-content\/uploads\/2025\/03\/TrekLineEliteFlatPedal-41409-C-Primary-1.jpg","contentUrl":"https:\/\/vmsport.fi\/wp-content\/uploads\/2025\/03\/TrekLineEliteFlatPedal-41409-C-Primary-1.jpg","width":1000,"height":750,"caption":"TrekLineEliteFlatPedal-41409-C-Primary"},{"@type":"BreadcrumbList","@id":"https:\/\/vmsport.fi\/verkkokauppa\/varaosat\/polkimet\/flat-bmx-ja-dh-polkimet\/trek-line-elite-flat-pedal-set-radioactive-red\/#breadcrumb","itemListElement":[{"@type":"ListItem","position":1,"name":"Etusivu","item":"https:\/\/vmsport.fi\/"},{"@type":"ListItem","position":2,"name":"Online Store","item":"https:\/\/vmsport.fi\/en\/online-store\/"},{"@type":"ListItem","position":3,"name":"Trek polkupy\u00f6r\u00e4t","item":"https:\/\/vmsport.fi\/sv\/merkki\/trek\/"},{"@type":"ListItem","position":4,"name":"Trek Line Elite Flat Pedal Set Radioactive Red"}]},{"@type":"WebSite","@id":"https:\/\/vmsport.fi\/#website","url":"https:\/\/vmsport.fi\/","name":"Vmsport","description":"Allt p\u00e5 ett st\u00e4lle f\u00f6r cykling","publisher":{"@id":"https:\/\/vmsport.fi\/#organization"},"potentialAction":[{"@type":"SearchAction","target":{"@type":"EntryPoint","urlTemplate":"https:\/\/vmsport.fi\/?s={search_term_string}"},"query-input":{"@type":"PropertyValueSpecification","valueRequired":true,"valueName":"search_term_string"}}],"inLanguage":"sv-SE"},{"@type":"Organization","@id":"https:\/\/vmsport.fi\/#organization","name":"Vmsport","url":"https:\/\/vmsport.fi\/","logo":{"@type":"ImageObject","inLanguage":"sv-SE","@id":"https:\/\/vmsport.fi\/#\/schema\/logo\/image\/","url":"https:\/\/vmsport.fi\/wp-content\/uploads\/2024\/12\/vm_sport_RGB_horisontal-e1734526017575.png","contentUrl":"https:\/\/vmsport.fi\/wp-content\/uploads\/2024\/12\/vm_sport_RGB_horisontal-e1734526017575.png","width":668,"height":85,"caption":"Vmsport"},"image":{"@id":"https:\/\/vmsport.fi\/#\/schema\/logo\/image\/"},"sameAs":["https:\/\/www.facebook.com\/Vmsport.fi\/","https:\/\/www.instagram.com\/vmsport\/"]}]}},"global_unique_id":"","_links":{"self":[{"href":"https:\/\/vmsport.fi\/sv\/wp-json\/wp\/v2\/product\/56205","targetHints":{"allow":["GET"]}}],"collection":[{"href":"https:\/\/vmsport.fi\/sv\/wp-json\/wp\/v2\/product"}],"about":[{"href":"https:\/\/vmsport.fi\/sv\/wp-json\/wp\/v2\/types\/product"}],"replies":[{"embeddable":true,"href":"https:\/\/vmsport.fi\/sv\/wp-json\/wp\/v2\/comments?post=56205"}],"wp:featuredmedia":[{"embeddable":true,"href":"https:\/\/vmsport.fi\/sv\/wp-json\/wp\/v2\/media\/56204"}],"wp:attachment":[{"href":"https:\/\/vmsport.fi\/sv\/wp-json\/wp\/v2\/media?parent=56205"}],"wp:term":[{"taxonomy":"product_brand","embeddable":true,"href":"https:\/\/vmsport.fi\/sv\/wp-json\/wp\/v2\/product_brand?post=56205"},{"taxonomy":"product_model","embeddable":true,"href":"https:\/\/vmsport.fi\/sv\/wp-json\/wp\/v2\/product_model?post=56205"},{"taxonomy":"product_cat","embeddable":true,"href":"https:\/\/vmsport.fi\/sv\/wp-json\/wp\/v2\/product_cat?post=56205"},{"taxonomy":"product_tag","embeddable":true,"href":"https:\/\/vmsport.fi\/sv\/wp-json\/wp\/v2\/product_tag?post=56205"},{"taxonomy":"industry_terminology","embeddable":true,"href":"https:\/\/vmsport.fi\/sv\/wp-json\/wp\/v2\/industry-terminology?post=56205"}],"curies":[{"name":"wp","href":"https:\/\/api.w.org\/{rel}","templated":true}]}}