{"id":56203,"date":"2025-03-06T00:16:56","date_gmt":"2025-03-05T22:16:56","guid":{"rendered":"https:\/\/vmsport.fi\/verkkokauppa\/Ei-luokiteltu\/kadensija-ergon-ge1-slim-musta\/"},"modified":"2026-04-22T15:01:07","modified_gmt":"2026-04-22T12:01:07","slug":"kadensija-ergon-ge1-slim-musta","status":"publish","type":"product","link":"https:\/\/vmsport.fi\/sv\/verkkokauppa\/varaosat\/ohjaamo\/gripit\/kadensija-ergon-ge1-slim-musta\/","title":{"rendered":"Handtag ERGON GE1 Slim, svart"},"content":{"rendered":"<p>Ergon GE1 Slim on yksi maailman parhaista maastopy\u00f6r\u00e4ilyn kahvoista, joka on suunniteltu erityisesti avoimessa ajoasennossa tapahtuvaan ajamiseen. Kahvan 8 %:n kulma auttaa automaattisesti optimoimaan kyyn\u00e4rp\u00e4iden asennon, parantaen ajomukavuutta ja -hallintaa. Erityisesti verkkokahvoja suosiville py\u00f6r\u00e4ilij\u00f6ille suunniteltu muotoilu varmistaa k\u00e4sien oikean asennon, v\u00e4hent\u00e4en painetta kriittisill\u00e4 hermoalueilla. Ohut rakenne on suunnattu erityisesti junioreille, naisille ja niille, jotka kaipaavat herkempi\u00e4 ohjaustuntumia ja kevyemp\u00e4\u00e4 vaimennusta.<\/p>\n<p>Kahvojen kest\u00e4vyyden takaavat korkealaatuiset kumimateriaalit ja kylm\u00e4taottu alumiini, joka on viimeistelty CNC-ty\u00f6st\u00f6ll\u00e4. Integroitu p\u00e4\u00e4tyholkki vaimentaa tehokkaasti t\u00e4rin\u00e4\u00e4, tehden kahvoista miellytt\u00e4v\u00e4t k\u00e4ytt\u00e4\u00e4 pidemmill\u00e4kin ajomatkoilla. Yhteensopivuus hiilikuituohjaustankojen kanssa lis\u00e4\u00e4 tuotteen monik\u00e4ytt\u00f6isyytt\u00e4. Kahvojen paino on noin 99 grammaa parilta, ja niiden tyylik\u00e4s musta v\u00e4ri viimeistelee niiden ulkon\u00e4\u00f6n.<\/p>","protected":false},"excerpt":{"rendered":"<p>Ergon GE1 Slim on yksi maailman parhaista maastopy\u00f6r\u00e4ilyn kahvoista, joka on suunniteltu erityisesti avoimessa ajoasennossa tapahtuvaan ajamiseen. Kahvan 8 %:n kulma auttaa automaattisesti optimoimaan kyyn\u00e4rp\u00e4iden asennon, parantaen ajomukavuutta ja -hallintaa. Erityisesti verkkokahvoja suosiville py\u00f6r\u00e4ilij\u00f6ille suunniteltu muotoilu varmistaa k\u00e4sien oikean asennon, v\u00e4hent\u00e4en painetta kriittisill\u00e4 hermoalueilla. Ohut rakenne on suunnattu erityisesti junioreille, naisille ja niille, jotka kaipaavat [&#8230;]<\/p>\n<p><a class=\"btn btn-secondary understrap-read-more-link\" href=\"https:\/\/vmsport.fi\/sv\/verkkokauppa\/varaosat\/ohjaamo\/gripit\/kadensija-ergon-ge1-slim-musta\/\">L\u00e4s mer \u2026<span class=\"screen-reader-text\"> from K\u00e4densija ERGON GE1 Slim, musta<\/span><\/a><\/p>\n","protected":false},"featured_media":56202,"comment_status":"open","ping_status":"closed","template":"","meta":{"_acf_changed":false,"_improvement_type_select":"improve_an_existing","_thumb_yes_seoaic":false,"_frame_yes_seoaic":false,"seoaic_generate_description":"","seoaic_improve_instructions_prompt":"","seoaic_rollback_content_improvement":"","seoaic_idea_thumbnail_generator":"","thumbnail_generated":false,"thumbnail_generate_prompt":"","seoaic_article_description":"","_supplier_stock_quantity":0},"product_brand":[1581],"product_model":[],"product_cat":[9292],"product_tag":[],"industry-terminology":[],"class_list":{"0":"post-56203","1":"product","2":"type-product","3":"status-publish","4":"has-post-thumbnail","6":"product_brand-ergon","7":"product_cat-gripit","9":"first","10":"instock","11":"taxable","12":"shipping-taxable","13":"purchasable","14":"product-type-simple"},"acf":{"bike_features":null,"overview":{"copy_overview":null,"key_features":null,"statement":"","youtube_url":""}},"yoast_head":"<!-- This site is optimized with the Yoast SEO plugin v27.4 - https:\/\/yoast.com\/product\/yoast-seo-wordpress\/ -->\n<title>K\u00e4densija ERGON GE1 Slim, musta - VM Sport<\/title>\n<meta name=\"robots\" content=\"index, follow, max-snippet:-1, max-image-preview:large, max-video-preview:-1\" \/>\n<link rel=\"canonical\" href=\"https:\/\/vmsport.fi\/sv\/webbutik\/reservdelar\/taxi\/grepp\/kadensija-ergon-ge1-slim-musta\/\" \/>\n<meta property=\"og:locale\" content=\"sv_SE\" \/>\n<meta property=\"og:type\" content=\"article\" \/>\n<meta property=\"og:title\" content=\"K\u00e4densija ERGON GE1 Slim, musta - VM Sport\" \/>\n<meta property=\"og:description\" content=\"Ergon GE1 Slim on yksi maailman parhaista maastopy\u00f6r\u00e4ilyn kahvoista, joka on suunniteltu erityisesti avoimessa ajoasennossa tapahtuvaan ajamiseen. Kahvan 8 %:n kulma auttaa automaattisesti optimoimaan kyyn\u00e4rp\u00e4iden asennon, parantaen ajomukavuutta ja -hallintaa. Erityisesti verkkokahvoja suosiville py\u00f6r\u00e4ilij\u00f6ille suunniteltu muotoilu varmistaa k\u00e4sien oikean asennon, v\u00e4hent\u00e4en painetta kriittisill\u00e4 hermoalueilla. Ohut rakenne on suunnattu erityisesti junioreille, naisille ja niille, jotka kaipaavat [...]L\u00e4s mer \u2026 from K\u00e4densija ERGON GE1 Slim, musta\" \/>\n<meta property=\"og:url\" content=\"https:\/\/vmsport.fi\/sv\/webbutik\/reservdelar\/taxi\/grepp\/kadensija-ergon-ge1-slim-musta\/\" \/>\n<meta property=\"og:site_name\" content=\"VM Sport\" \/>\n<meta property=\"article:publisher\" content=\"https:\/\/www.facebook.com\/Vmsport.fi\/\" \/>\n<meta property=\"article:modified_time\" content=\"2026-04-22T12:01:07+00:00\" \/>\n<meta property=\"og:image\" content=\"https:\/\/vmsport.fi\/wp-content\/uploads\/2025\/03\/42411055-1.jpg\" \/>\n\t<meta property=\"og:image:width\" content=\"1000\" \/>\n\t<meta property=\"og:image:height\" content=\"1000\" \/>\n\t<meta property=\"og:image:type\" content=\"image\/jpeg\" \/>\n<meta name=\"twitter:card\" content=\"summary_large_image\" \/>\n<meta name=\"twitter:label1\" content=\"Ber\u00e4knad l\u00e4stid\" \/>\n\t<meta name=\"twitter:data1\" content=\"1 minut\" \/>\n<script type=\"application\/ld+json\" class=\"yoast-schema-graph\">{\"@context\":\"https:\\\/\\\/schema.org\",\"@graph\":[{\"@type\":[\"WebPage\",\"ItemPage\"],\"@id\":\"https:\\\/\\\/vmsport.fi\\\/verkkokauppa\\\/varaosat\\\/ohjaamo\\\/gripit\\\/kadensija-ergon-ge1-slim-musta\\\/\",\"url\":\"https:\\\/\\\/vmsport.fi\\\/verkkokauppa\\\/varaosat\\\/ohjaamo\\\/gripit\\\/kadensija-ergon-ge1-slim-musta\\\/\",\"name\":\"K\u00e4densija ERGON GE1 Slim, musta - VM Sport\",\"isPartOf\":{\"@id\":\"https:\\\/\\\/vmsport.fi\\\/#website\"},\"primaryImageOfPage\":{\"@id\":\"https:\\\/\\\/vmsport.fi\\\/verkkokauppa\\\/varaosat\\\/ohjaamo\\\/gripit\\\/kadensija-ergon-ge1-slim-musta\\\/#primaryimage\"},\"image\":{\"@id\":\"https:\\\/\\\/vmsport.fi\\\/verkkokauppa\\\/varaosat\\\/ohjaamo\\\/gripit\\\/kadensija-ergon-ge1-slim-musta\\\/#primaryimage\"},\"thumbnailUrl\":\"https:\\\/\\\/vmsport.fi\\\/wp-content\\\/uploads\\\/2025\\\/03\\\/42411055-1.jpg\",\"datePublished\":\"2025-03-05T22:16:56+00:00\",\"dateModified\":\"2026-04-22T12:01:07+00:00\",\"breadcrumb\":{\"@id\":\"https:\\\/\\\/vmsport.fi\\\/verkkokauppa\\\/varaosat\\\/ohjaamo\\\/gripit\\\/kadensija-ergon-ge1-slim-musta\\\/#breadcrumb\"},\"inLanguage\":\"sv-SE\",\"potentialAction\":[{\"@type\":\"ReadAction\",\"target\":[\"https:\\\/\\\/vmsport.fi\\\/verkkokauppa\\\/varaosat\\\/ohjaamo\\\/gripit\\\/kadensija-ergon-ge1-slim-musta\\\/\"]}]},{\"@type\":\"ImageObject\",\"inLanguage\":\"sv-SE\",\"@id\":\"https:\\\/\\\/vmsport.fi\\\/verkkokauppa\\\/varaosat\\\/ohjaamo\\\/gripit\\\/kadensija-ergon-ge1-slim-musta\\\/#primaryimage\",\"url\":\"https:\\\/\\\/vmsport.fi\\\/wp-content\\\/uploads\\\/2025\\\/03\\\/42411055-1.jpg\",\"contentUrl\":\"https:\\\/\\\/vmsport.fi\\\/wp-content\\\/uploads\\\/2025\\\/03\\\/42411055-1.jpg\",\"width\":1000,\"height\":1000,\"caption\":\"42411055\"},{\"@type\":\"BreadcrumbList\",\"@id\":\"https:\\\/\\\/vmsport.fi\\\/verkkokauppa\\\/varaosat\\\/ohjaamo\\\/gripit\\\/kadensija-ergon-ge1-slim-musta\\\/#breadcrumb\",\"itemListElement\":[{\"@type\":\"ListItem\",\"position\":1,\"name\":\"Etusivu\",\"item\":\"https:\\\/\\\/vmsport.fi\\\/\"},{\"@type\":\"ListItem\",\"position\":2,\"name\":\"Online Store\",\"item\":\"https:\\\/\\\/vmsport.fi\\\/en\\\/online-store\\\/\"},{\"@type\":\"ListItem\",\"position\":3,\"name\":\"K\u00e4densija ERGON GE1 Slim, musta\"}]},{\"@type\":\"WebSite\",\"@id\":\"https:\\\/\\\/vmsport.fi\\\/#website\",\"url\":\"https:\\\/\\\/vmsport.fi\\\/\",\"name\":\"Vmsport\",\"description\":\"Kaikki py\u00f6r\u00e4ilyyn yhdest\u00e4 paikasta\",\"publisher\":{\"@id\":\"https:\\\/\\\/vmsport.fi\\\/#organization\"},\"potentialAction\":[{\"@type\":\"SearchAction\",\"target\":{\"@type\":\"EntryPoint\",\"urlTemplate\":\"https:\\\/\\\/vmsport.fi\\\/?s={search_term_string}\"},\"query-input\":{\"@type\":\"PropertyValueSpecification\",\"valueRequired\":true,\"valueName\":\"search_term_string\"}}],\"inLanguage\":\"sv-SE\"},{\"@type\":\"Organization\",\"@id\":\"https:\\\/\\\/vmsport.fi\\\/#organization\",\"name\":\"Vmsport\",\"url\":\"https:\\\/\\\/vmsport.fi\\\/\",\"logo\":{\"@type\":\"ImageObject\",\"inLanguage\":\"sv-SE\",\"@id\":\"https:\\\/\\\/vmsport.fi\\\/#\\\/schema\\\/logo\\\/image\\\/\",\"url\":\"https:\\\/\\\/vmsport.fi\\\/wp-content\\\/uploads\\\/2024\\\/12\\\/vm_sport_RGB_horisontal-e1734526017575.png\",\"contentUrl\":\"https:\\\/\\\/vmsport.fi\\\/wp-content\\\/uploads\\\/2024\\\/12\\\/vm_sport_RGB_horisontal-e1734526017575.png\",\"width\":668,\"height\":85,\"caption\":\"Vmsport\"},\"image\":{\"@id\":\"https:\\\/\\\/vmsport.fi\\\/#\\\/schema\\\/logo\\\/image\\\/\"},\"sameAs\":[\"https:\\\/\\\/www.facebook.com\\\/Vmsport.fi\\\/\",\"https:\\\/\\\/www.instagram.com\\\/vmsport\\\/\"]}]}<\/script>\n<!-- \/ Yoast SEO plugin. -->","yoast_head_json":{"title":"K\u00e4densija ERGON GE1 Slim, musta - VM Sport","robots":{"index":"index","follow":"follow","max-snippet":"max-snippet:-1","max-image-preview":"max-image-preview:large","max-video-preview":"max-video-preview:-1"},"canonical":"https:\/\/vmsport.fi\/sv\/webbutik\/reservdelar\/taxi\/grepp\/kadensija-ergon-ge1-slim-musta\/","og_locale":"sv_SE","og_type":"article","og_title":"K\u00e4densija ERGON GE1 Slim, musta - VM Sport","og_description":"Ergon GE1 Slim on yksi maailman parhaista maastopy\u00f6r\u00e4ilyn kahvoista, joka on suunniteltu erityisesti avoimessa ajoasennossa tapahtuvaan ajamiseen. Kahvan 8 %:n kulma auttaa automaattisesti optimoimaan kyyn\u00e4rp\u00e4iden asennon, parantaen ajomukavuutta ja -hallintaa. Erityisesti verkkokahvoja suosiville py\u00f6r\u00e4ilij\u00f6ille suunniteltu muotoilu varmistaa k\u00e4sien oikean asennon, v\u00e4hent\u00e4en painetta kriittisill\u00e4 hermoalueilla. Ohut rakenne on suunnattu erityisesti junioreille, naisille ja niille, jotka kaipaavat [...]L\u00e4s mer \u2026 from K\u00e4densija ERGON GE1 Slim, musta","og_url":"https:\/\/vmsport.fi\/sv\/webbutik\/reservdelar\/taxi\/grepp\/kadensija-ergon-ge1-slim-musta\/","og_site_name":"VM Sport","article_publisher":"https:\/\/www.facebook.com\/Vmsport.fi\/","article_modified_time":"2026-04-22T12:01:07+00:00","og_image":[{"width":1000,"height":1000,"url":"https:\/\/vmsport.fi\/wp-content\/uploads\/2025\/03\/42411055-1.jpg","type":"image\/jpeg"}],"twitter_card":"summary_large_image","twitter_misc":{"Ber\u00e4knad l\u00e4stid":"1 minut"},"schema":{"@context":"https:\/\/schema.org","@graph":[{"@type":["WebPage","ItemPage"],"@id":"https:\/\/vmsport.fi\/verkkokauppa\/varaosat\/ohjaamo\/gripit\/kadensija-ergon-ge1-slim-musta\/","url":"https:\/\/vmsport.fi\/verkkokauppa\/varaosat\/ohjaamo\/gripit\/kadensija-ergon-ge1-slim-musta\/","name":"K\u00e4densija ERGON GE1 Slim, musta - VM Sport","isPartOf":{"@id":"https:\/\/vmsport.fi\/#website"},"primaryImageOfPage":{"@id":"https:\/\/vmsport.fi\/verkkokauppa\/varaosat\/ohjaamo\/gripit\/kadensija-ergon-ge1-slim-musta\/#primaryimage"},"image":{"@id":"https:\/\/vmsport.fi\/verkkokauppa\/varaosat\/ohjaamo\/gripit\/kadensija-ergon-ge1-slim-musta\/#primaryimage"},"thumbnailUrl":"https:\/\/vmsport.fi\/wp-content\/uploads\/2025\/03\/42411055-1.jpg","datePublished":"2025-03-05T22:16:56+00:00","dateModified":"2026-04-22T12:01:07+00:00","breadcrumb":{"@id":"https:\/\/vmsport.fi\/verkkokauppa\/varaosat\/ohjaamo\/gripit\/kadensija-ergon-ge1-slim-musta\/#breadcrumb"},"inLanguage":"sv-SE","potentialAction":[{"@type":"ReadAction","target":["https:\/\/vmsport.fi\/verkkokauppa\/varaosat\/ohjaamo\/gripit\/kadensija-ergon-ge1-slim-musta\/"]}]},{"@type":"ImageObject","inLanguage":"sv-SE","@id":"https:\/\/vmsport.fi\/verkkokauppa\/varaosat\/ohjaamo\/gripit\/kadensija-ergon-ge1-slim-musta\/#primaryimage","url":"https:\/\/vmsport.fi\/wp-content\/uploads\/2025\/03\/42411055-1.jpg","contentUrl":"https:\/\/vmsport.fi\/wp-content\/uploads\/2025\/03\/42411055-1.jpg","width":1000,"height":1000,"caption":"42411055"},{"@type":"BreadcrumbList","@id":"https:\/\/vmsport.fi\/verkkokauppa\/varaosat\/ohjaamo\/gripit\/kadensija-ergon-ge1-slim-musta\/#breadcrumb","itemListElement":[{"@type":"ListItem","position":1,"name":"Etusivu","item":"https:\/\/vmsport.fi\/"},{"@type":"ListItem","position":2,"name":"Online Store","item":"https:\/\/vmsport.fi\/en\/online-store\/"},{"@type":"ListItem","position":3,"name":"K\u00e4densija ERGON GE1 Slim, musta"}]},{"@type":"WebSite","@id":"https:\/\/vmsport.fi\/#website","url":"https:\/\/vmsport.fi\/","name":"Vmsport","description":"Allt p\u00e5 ett st\u00e4lle f\u00f6r cykling","publisher":{"@id":"https:\/\/vmsport.fi\/#organization"},"potentialAction":[{"@type":"SearchAction","target":{"@type":"EntryPoint","urlTemplate":"https:\/\/vmsport.fi\/?s={search_term_string}"},"query-input":{"@type":"PropertyValueSpecification","valueRequired":true,"valueName":"search_term_string"}}],"inLanguage":"sv-SE"},{"@type":"Organization","@id":"https:\/\/vmsport.fi\/#organization","name":"Vmsport","url":"https:\/\/vmsport.fi\/","logo":{"@type":"ImageObject","inLanguage":"sv-SE","@id":"https:\/\/vmsport.fi\/#\/schema\/logo\/image\/","url":"https:\/\/vmsport.fi\/wp-content\/uploads\/2024\/12\/vm_sport_RGB_horisontal-e1734526017575.png","contentUrl":"https:\/\/vmsport.fi\/wp-content\/uploads\/2024\/12\/vm_sport_RGB_horisontal-e1734526017575.png","width":668,"height":85,"caption":"Vmsport"},"image":{"@id":"https:\/\/vmsport.fi\/#\/schema\/logo\/image\/"},"sameAs":["https:\/\/www.facebook.com\/Vmsport.fi\/","https:\/\/www.instagram.com\/vmsport\/"]}]}},"global_unique_id":"","_links":{"self":[{"href":"https:\/\/vmsport.fi\/sv\/wp-json\/wp\/v2\/product\/56203","targetHints":{"allow":["GET"]}}],"collection":[{"href":"https:\/\/vmsport.fi\/sv\/wp-json\/wp\/v2\/product"}],"about":[{"href":"https:\/\/vmsport.fi\/sv\/wp-json\/wp\/v2\/types\/product"}],"replies":[{"embeddable":true,"href":"https:\/\/vmsport.fi\/sv\/wp-json\/wp\/v2\/comments?post=56203"}],"wp:featuredmedia":[{"embeddable":true,"href":"https:\/\/vmsport.fi\/sv\/wp-json\/wp\/v2\/media\/56202"}],"wp:attachment":[{"href":"https:\/\/vmsport.fi\/sv\/wp-json\/wp\/v2\/media?parent=56203"}],"wp:term":[{"taxonomy":"product_brand","embeddable":true,"href":"https:\/\/vmsport.fi\/sv\/wp-json\/wp\/v2\/product_brand?post=56203"},{"taxonomy":"product_model","embeddable":true,"href":"https:\/\/vmsport.fi\/sv\/wp-json\/wp\/v2\/product_model?post=56203"},{"taxonomy":"product_cat","embeddable":true,"href":"https:\/\/vmsport.fi\/sv\/wp-json\/wp\/v2\/product_cat?post=56203"},{"taxonomy":"product_tag","embeddable":true,"href":"https:\/\/vmsport.fi\/sv\/wp-json\/wp\/v2\/product_tag?post=56203"},{"taxonomy":"industry_terminology","embeddable":true,"href":"https:\/\/vmsport.fi\/sv\/wp-json\/wp\/v2\/industry-terminology?post=56203"}],"curies":[{"name":"wp","href":"https:\/\/api.w.org\/{rel}","templated":true}]}}