{"id":56195,"date":"2025-03-06T00:16:49","date_gmt":"2025-03-05T22:16:49","guid":{"rendered":"https:\/\/vmsport.fi\/verkkokauppa\/Ei-luokiteltu\/ajotietokone-bontrager-ridetime-black\/"},"modified":"2026-03-27T02:00:24","modified_gmt":"2026-03-27T00:00:24","slug":"kordator-bontrager-ridetime-black","status":"publish","type":"product","link":"https:\/\/vmsport.fi\/sv\/verkkokauppa\/tarvikkeet\/ajotietokoneet-ja-harjoitusvastukset\/ajotietokoneet\/ajotietokone-bontrager-ridetime-black\/","title":{"rendered":"Cykeldator Bontrager RIDEtime Svart"},"content":{"rendered":"<p>Bontrager RIDEtime f\u00e4rddator i svart \u00e4r ett viktigt verktyg f\u00f6r cyklister p\u00e5 alla niv\u00e5er. Dess 2-tums digitala display ger en tydlig bild av viktig information som hastighet, tillryggalagd str\u00e4cka och f\u00f6rfluten tid. Enkel anv\u00e4ndning med en knapp g\u00f6r den l\u00e4tt att anv\u00e4nda. Enhetens handsfree-navigationsl\u00e4ge g\u00f6r att du kan visa information p\u00e5 ett s\u00e4kert s\u00e4tt samtidigt som du h\u00e5ller h\u00e4nderna p\u00e5 styret. Bontrager RIDEtime r\u00e4knar kalorierna du f\u00f6rbr\u00e4nner, vilket g\u00f6r den till den perfekta f\u00f6ljeslagaren f\u00f6r att f\u00f6lja dina tr\u00e4ningsm\u00e5l. Dessutom p\u00e5minner den dig om Trek-godk\u00e4nt underh\u00e5ll, s\u00e5 att du kan underh\u00e5lla cykeln p\u00e5 b\u00e4sta m\u00f6jliga s\u00e4tt. Snabb installation och n\u00f6dv\u00e4ndiga tillbeh\u00f6r, som f\u00e4ste, analog sensor, CR 2032-batteri och hastighetsmagnet, g\u00f6r att du kan anv\u00e4nda enheten direkt. Den robusta konstruktionen \u00e4r l\u00e4mplig f\u00f6r m\u00e5nga olika cykelf\u00f6rh\u00e5llanden och bidrar till att f\u00f6rb\u00e4ttra prestandan p\u00e5 ett tillf\u00f6rlitligt och anv\u00e4ndarv\u00e4nligt s\u00e4tt.<\/p>","protected":false},"excerpt":{"rendered":"<p>Bontrager RIDEtime -ajotietokone musta on v\u00e4ltt\u00e4m\u00e4t\u00f6n apuv\u00e4line kaikentasoisille py\u00f6r\u00e4ilij\u00f6ille. Sen 2-tuumainen digitaalinen n\u00e4ytt\u00f6 tarjoaa selke\u00e4n n\u00e4kym\u00e4n t\u00e4rkeisiin tietoihin, kuten nopeuteen, kuljettuun matkaan ja kuluneeseen aikaan. Yksinkertainen yhden painikkeen k\u00e4ytt\u00f6 tekee laitteen k\u00e4yt\u00f6st\u00e4 helppoa. Laitteen hands-free-selaustila mahdollistaa tietojen tarkastelun turvallisesti k\u00e4sien pysyess\u00e4 ohjaustangossa. Bontrager RIDEtime laskee polttamasi kalorit, joten se on ihanteellinen kumppani kuntoilutavoitteidesi seuraamiseen. Lis\u00e4ksi [&#8230;]<\/p>\n<p><a class=\"btn btn-secondary understrap-read-more-link\" href=\"https:\/\/vmsport.fi\/sv\/verkkokauppa\/tarvikkeet\/ajotietokoneet-ja-harjoitusvastukset\/ajotietokoneet\/ajotietokone-bontrager-ridetime-black\/\">L\u00e4s mer \u2026<span class=\"screen-reader-text\"> from Ajotietokone Bontrager RIDEtime Black<\/span><\/a><\/p>\n","protected":false},"featured_media":56192,"comment_status":"open","ping_status":"closed","template":"","meta":{"_acf_changed":false,"_improvement_type_select":"improve_an_existing","_thumb_yes_seoaic":false,"_frame_yes_seoaic":false,"seoaic_generate_description":"","seoaic_improve_instructions_prompt":"","seoaic_rollback_content_improvement":"","seoaic_idea_thumbnail_generator":"","thumbnail_generated":false,"thumbnail_generate_prompt":"","seoaic_article_description":"","_supplier_stock_quantity":0},"product_brand":[],"product_model":[],"product_cat":[9266],"product_tag":[],"industry-terminology":[],"class_list":{"0":"post-56195","1":"product","2":"type-product","3":"status-publish","4":"has-post-thumbnail","6":"product_cat-ajotietokoneet","8":"first","9":"instock","10":"taxable","11":"shipping-taxable","12":"purchasable","13":"product-type-simple"},"acf":{"bike_features":null,"overview":{"copy_overview":null,"key_features":null,"statement":"","youtube_url":""}},"yoast_head":"<!-- This site is optimized with the Yoast SEO plugin v27.3 - https:\/\/yoast.com\/product\/yoast-seo-wordpress\/ -->\n<title>Ajotietokone Bontrager RIDEtime Black - VM Sport<\/title>\n<meta name=\"robots\" content=\"index, follow, max-snippet:-1, max-image-preview:large, max-video-preview:-1\" \/>\n<link rel=\"canonical\" href=\"https:\/\/vmsport.fi\/sv\/webbutik\/tillbehor\/kordatorer-och-utbildningshjalpmedel\/korning-av-datorer\/kordator-bontrager-ridetime-black\/\" \/>\n<meta property=\"og:locale\" content=\"sv_SE\" \/>\n<meta property=\"og:type\" content=\"article\" \/>\n<meta property=\"og:title\" content=\"Ajotietokone Bontrager RIDEtime Black - VM Sport\" \/>\n<meta property=\"og:description\" content=\"Bontrager RIDEtime -ajotietokone musta on v\u00e4ltt\u00e4m\u00e4t\u00f6n apuv\u00e4line kaikentasoisille py\u00f6r\u00e4ilij\u00f6ille. Sen 2-tuumainen digitaalinen n\u00e4ytt\u00f6 tarjoaa selke\u00e4n n\u00e4kym\u00e4n t\u00e4rkeisiin tietoihin, kuten nopeuteen, kuljettuun matkaan ja kuluneeseen aikaan. Yksinkertainen yhden painikkeen k\u00e4ytt\u00f6 tekee laitteen k\u00e4yt\u00f6st\u00e4 helppoa. Laitteen hands-free-selaustila mahdollistaa tietojen tarkastelun turvallisesti k\u00e4sien pysyess\u00e4 ohjaustangossa. Bontrager RIDEtime laskee polttamasi kalorit, joten se on ihanteellinen kumppani kuntoilutavoitteidesi seuraamiseen. Lis\u00e4ksi [...]L\u00e4s mer \u2026 from Ajotietokone Bontrager RIDEtime Black\" \/>\n<meta property=\"og:url\" content=\"https:\/\/vmsport.fi\/sv\/webbutik\/tillbehor\/kordatorer-och-utbildningshjalpmedel\/korning-av-datorer\/kordator-bontrager-ridetime-black\/\" \/>\n<meta property=\"og:site_name\" content=\"VM Sport\" \/>\n<meta property=\"article:publisher\" content=\"https:\/\/www.facebook.com\/Vmsport.fi\/\" \/>\n<meta property=\"article:modified_time\" content=\"2026-03-27T00:00:24+00:00\" \/>\n<meta property=\"og:image\" content=\"https:\/\/vmsport.fi\/wp-content\/uploads\/2025\/03\/23263d57-1798-454c-a8c5-7ba990eae0b8-1.jpg\" \/>\n\t<meta property=\"og:image:width\" content=\"800\" \/>\n\t<meta property=\"og:image:height\" content=\"599\" \/>\n\t<meta property=\"og:image:type\" content=\"image\/jpeg\" \/>\n<meta name=\"twitter:card\" content=\"summary_large_image\" \/>\n<meta name=\"twitter:label1\" content=\"Ber\u00e4knad l\u00e4stid\" \/>\n\t<meta name=\"twitter:data1\" content=\"1 minut\" \/>\n<script type=\"application\/ld+json\" class=\"yoast-schema-graph\">{\"@context\":\"https:\\\/\\\/schema.org\",\"@graph\":[{\"@type\":[\"WebPage\",\"ItemPage\"],\"@id\":\"https:\\\/\\\/vmsport.fi\\\/verkkokauppa\\\/tarvikkeet\\\/ajotietokoneet-ja-harjoitusvastukset\\\/ajotietokoneet\\\/ajotietokone-bontrager-ridetime-black\\\/\",\"url\":\"https:\\\/\\\/vmsport.fi\\\/verkkokauppa\\\/tarvikkeet\\\/ajotietokoneet-ja-harjoitusvastukset\\\/ajotietokoneet\\\/ajotietokone-bontrager-ridetime-black\\\/\",\"name\":\"Ajotietokone Bontrager RIDEtime Black - VM Sport\",\"isPartOf\":{\"@id\":\"https:\\\/\\\/vmsport.fi\\\/#website\"},\"primaryImageOfPage\":{\"@id\":\"https:\\\/\\\/vmsport.fi\\\/verkkokauppa\\\/tarvikkeet\\\/ajotietokoneet-ja-harjoitusvastukset\\\/ajotietokoneet\\\/ajotietokone-bontrager-ridetime-black\\\/#primaryimage\"},\"image\":{\"@id\":\"https:\\\/\\\/vmsport.fi\\\/verkkokauppa\\\/tarvikkeet\\\/ajotietokoneet-ja-harjoitusvastukset\\\/ajotietokoneet\\\/ajotietokone-bontrager-ridetime-black\\\/#primaryimage\"},\"thumbnailUrl\":\"https:\\\/\\\/vmsport.fi\\\/wp-content\\\/uploads\\\/2025\\\/03\\\/23263d57-1798-454c-a8c5-7ba990eae0b8-1.jpg\",\"datePublished\":\"2025-03-05T22:16:49+00:00\",\"dateModified\":\"2026-03-27T00:00:24+00:00\",\"breadcrumb\":{\"@id\":\"https:\\\/\\\/vmsport.fi\\\/verkkokauppa\\\/tarvikkeet\\\/ajotietokoneet-ja-harjoitusvastukset\\\/ajotietokoneet\\\/ajotietokone-bontrager-ridetime-black\\\/#breadcrumb\"},\"inLanguage\":\"sv-SE\",\"potentialAction\":[{\"@type\":\"ReadAction\",\"target\":[\"https:\\\/\\\/vmsport.fi\\\/verkkokauppa\\\/tarvikkeet\\\/ajotietokoneet-ja-harjoitusvastukset\\\/ajotietokoneet\\\/ajotietokone-bontrager-ridetime-black\\\/\"]}]},{\"@type\":\"ImageObject\",\"inLanguage\":\"sv-SE\",\"@id\":\"https:\\\/\\\/vmsport.fi\\\/verkkokauppa\\\/tarvikkeet\\\/ajotietokoneet-ja-harjoitusvastukset\\\/ajotietokoneet\\\/ajotietokone-bontrager-ridetime-black\\\/#primaryimage\",\"url\":\"https:\\\/\\\/vmsport.fi\\\/wp-content\\\/uploads\\\/2025\\\/03\\\/23263d57-1798-454c-a8c5-7ba990eae0b8-1.jpg\",\"contentUrl\":\"https:\\\/\\\/vmsport.fi\\\/wp-content\\\/uploads\\\/2025\\\/03\\\/23263d57-1798-454c-a8c5-7ba990eae0b8-1.jpg\",\"width\":800,\"height\":599,\"caption\":\"23263d57-1798-454c-a8c5-7ba990eae0b8\"},{\"@type\":\"BreadcrumbList\",\"@id\":\"https:\\\/\\\/vmsport.fi\\\/verkkokauppa\\\/tarvikkeet\\\/ajotietokoneet-ja-harjoitusvastukset\\\/ajotietokoneet\\\/ajotietokone-bontrager-ridetime-black\\\/#breadcrumb\",\"itemListElement\":[{\"@type\":\"ListItem\",\"position\":1,\"name\":\"Etusivu\",\"item\":\"https:\\\/\\\/vmsport.fi\\\/\"},{\"@type\":\"ListItem\",\"position\":2,\"name\":\"Online Store\",\"item\":\"https:\\\/\\\/vmsport.fi\\\/en\\\/online-store\\\/\"},{\"@type\":\"ListItem\",\"position\":3,\"name\":\"Ajotietokone Bontrager RIDEtime Black\"}]},{\"@type\":\"WebSite\",\"@id\":\"https:\\\/\\\/vmsport.fi\\\/#website\",\"url\":\"https:\\\/\\\/vmsport.fi\\\/\",\"name\":\"Vmsport\",\"description\":\"Kaikki py\u00f6r\u00e4ilyyn yhdest\u00e4 paikasta\",\"publisher\":{\"@id\":\"https:\\\/\\\/vmsport.fi\\\/#organization\"},\"potentialAction\":[{\"@type\":\"SearchAction\",\"target\":{\"@type\":\"EntryPoint\",\"urlTemplate\":\"https:\\\/\\\/vmsport.fi\\\/?s={search_term_string}\"},\"query-input\":{\"@type\":\"PropertyValueSpecification\",\"valueRequired\":true,\"valueName\":\"search_term_string\"}}],\"inLanguage\":\"sv-SE\"},{\"@type\":\"Organization\",\"@id\":\"https:\\\/\\\/vmsport.fi\\\/#organization\",\"name\":\"Vmsport\",\"url\":\"https:\\\/\\\/vmsport.fi\\\/\",\"logo\":{\"@type\":\"ImageObject\",\"inLanguage\":\"sv-SE\",\"@id\":\"https:\\\/\\\/vmsport.fi\\\/#\\\/schema\\\/logo\\\/image\\\/\",\"url\":\"https:\\\/\\\/vmsport.fi\\\/wp-content\\\/uploads\\\/2024\\\/12\\\/vm_sport_RGB_horisontal-e1734526017575.png\",\"contentUrl\":\"https:\\\/\\\/vmsport.fi\\\/wp-content\\\/uploads\\\/2024\\\/12\\\/vm_sport_RGB_horisontal-e1734526017575.png\",\"width\":668,\"height\":85,\"caption\":\"Vmsport\"},\"image\":{\"@id\":\"https:\\\/\\\/vmsport.fi\\\/#\\\/schema\\\/logo\\\/image\\\/\"},\"sameAs\":[\"https:\\\/\\\/www.facebook.com\\\/Vmsport.fi\\\/\",\"https:\\\/\\\/www.instagram.com\\\/vmsport\\\/\"]}]}<\/script>\n<!-- \/ Yoast SEO plugin. -->","yoast_head_json":{"title":"Cykeldator Bontrager RIDEtime Black - VM Sport","robots":{"index":"index","follow":"follow","max-snippet":"max-snippet:-1","max-image-preview":"max-image-preview:large","max-video-preview":"max-video-preview:-1"},"canonical":"https:\/\/vmsport.fi\/sv\/webbutik\/tillbehor\/kordatorer-och-utbildningshjalpmedel\/korning-av-datorer\/kordator-bontrager-ridetime-black\/","og_locale":"sv_SE","og_type":"article","og_title":"Ajotietokone Bontrager RIDEtime Black - VM Sport","og_description":"Bontrager RIDEtime -ajotietokone musta on v\u00e4ltt\u00e4m\u00e4t\u00f6n apuv\u00e4line kaikentasoisille py\u00f6r\u00e4ilij\u00f6ille. Sen 2-tuumainen digitaalinen n\u00e4ytt\u00f6 tarjoaa selke\u00e4n n\u00e4kym\u00e4n t\u00e4rkeisiin tietoihin, kuten nopeuteen, kuljettuun matkaan ja kuluneeseen aikaan. Yksinkertainen yhden painikkeen k\u00e4ytt\u00f6 tekee laitteen k\u00e4yt\u00f6st\u00e4 helppoa. Laitteen hands-free-selaustila mahdollistaa tietojen tarkastelun turvallisesti k\u00e4sien pysyess\u00e4 ohjaustangossa. Bontrager RIDEtime laskee polttamasi kalorit, joten se on ihanteellinen kumppani kuntoilutavoitteidesi seuraamiseen. Lis\u00e4ksi [...]L\u00e4s mer \u2026 from Ajotietokone Bontrager RIDEtime Black","og_url":"https:\/\/vmsport.fi\/sv\/webbutik\/tillbehor\/kordatorer-och-utbildningshjalpmedel\/korning-av-datorer\/kordator-bontrager-ridetime-black\/","og_site_name":"VM Sport","article_publisher":"https:\/\/www.facebook.com\/Vmsport.fi\/","article_modified_time":"2026-03-27T00:00:24+00:00","og_image":[{"width":800,"height":599,"url":"https:\/\/vmsport.fi\/wp-content\/uploads\/2025\/03\/23263d57-1798-454c-a8c5-7ba990eae0b8-1.jpg","type":"image\/jpeg"}],"twitter_card":"summary_large_image","twitter_misc":{"Ber\u00e4knad l\u00e4stid":"1 minut"},"schema":{"@context":"https:\/\/schema.org","@graph":[{"@type":["WebPage","ItemPage"],"@id":"https:\/\/vmsport.fi\/verkkokauppa\/tarvikkeet\/ajotietokoneet-ja-harjoitusvastukset\/ajotietokoneet\/ajotietokone-bontrager-ridetime-black\/","url":"https:\/\/vmsport.fi\/verkkokauppa\/tarvikkeet\/ajotietokoneet-ja-harjoitusvastukset\/ajotietokoneet\/ajotietokone-bontrager-ridetime-black\/","name":"Cykeldator Bontrager RIDEtime Black - VM Sport","isPartOf":{"@id":"https:\/\/vmsport.fi\/#website"},"primaryImageOfPage":{"@id":"https:\/\/vmsport.fi\/verkkokauppa\/tarvikkeet\/ajotietokoneet-ja-harjoitusvastukset\/ajotietokoneet\/ajotietokone-bontrager-ridetime-black\/#primaryimage"},"image":{"@id":"https:\/\/vmsport.fi\/verkkokauppa\/tarvikkeet\/ajotietokoneet-ja-harjoitusvastukset\/ajotietokoneet\/ajotietokone-bontrager-ridetime-black\/#primaryimage"},"thumbnailUrl":"https:\/\/vmsport.fi\/wp-content\/uploads\/2025\/03\/23263d57-1798-454c-a8c5-7ba990eae0b8-1.jpg","datePublished":"2025-03-05T22:16:49+00:00","dateModified":"2026-03-27T00:00:24+00:00","breadcrumb":{"@id":"https:\/\/vmsport.fi\/verkkokauppa\/tarvikkeet\/ajotietokoneet-ja-harjoitusvastukset\/ajotietokoneet\/ajotietokone-bontrager-ridetime-black\/#breadcrumb"},"inLanguage":"sv-SE","potentialAction":[{"@type":"ReadAction","target":["https:\/\/vmsport.fi\/verkkokauppa\/tarvikkeet\/ajotietokoneet-ja-harjoitusvastukset\/ajotietokoneet\/ajotietokone-bontrager-ridetime-black\/"]}]},{"@type":"ImageObject","inLanguage":"sv-SE","@id":"https:\/\/vmsport.fi\/verkkokauppa\/tarvikkeet\/ajotietokoneet-ja-harjoitusvastukset\/ajotietokoneet\/ajotietokone-bontrager-ridetime-black\/#primaryimage","url":"https:\/\/vmsport.fi\/wp-content\/uploads\/2025\/03\/23263d57-1798-454c-a8c5-7ba990eae0b8-1.jpg","contentUrl":"https:\/\/vmsport.fi\/wp-content\/uploads\/2025\/03\/23263d57-1798-454c-a8c5-7ba990eae0b8-1.jpg","width":800,"height":599,"caption":"23263d57-1798-454c-a8c5-7ba990eae0b8"},{"@type":"BreadcrumbList","@id":"https:\/\/vmsport.fi\/verkkokauppa\/tarvikkeet\/ajotietokoneet-ja-harjoitusvastukset\/ajotietokoneet\/ajotietokone-bontrager-ridetime-black\/#breadcrumb","itemListElement":[{"@type":"ListItem","position":1,"name":"Etusivu","item":"https:\/\/vmsport.fi\/"},{"@type":"ListItem","position":2,"name":"Online Store","item":"https:\/\/vmsport.fi\/en\/online-store\/"},{"@type":"ListItem","position":3,"name":"Ajotietokone Bontrager RIDEtime Black"}]},{"@type":"WebSite","@id":"https:\/\/vmsport.fi\/#website","url":"https:\/\/vmsport.fi\/","name":"Vmsport","description":"Allt p\u00e5 ett st\u00e4lle f\u00f6r cykling","publisher":{"@id":"https:\/\/vmsport.fi\/#organization"},"potentialAction":[{"@type":"SearchAction","target":{"@type":"EntryPoint","urlTemplate":"https:\/\/vmsport.fi\/?s={search_term_string}"},"query-input":{"@type":"PropertyValueSpecification","valueRequired":true,"valueName":"search_term_string"}}],"inLanguage":"sv-SE"},{"@type":"Organization","@id":"https:\/\/vmsport.fi\/#organization","name":"Vmsport","url":"https:\/\/vmsport.fi\/","logo":{"@type":"ImageObject","inLanguage":"sv-SE","@id":"https:\/\/vmsport.fi\/#\/schema\/logo\/image\/","url":"https:\/\/vmsport.fi\/wp-content\/uploads\/2024\/12\/vm_sport_RGB_horisontal-e1734526017575.png","contentUrl":"https:\/\/vmsport.fi\/wp-content\/uploads\/2024\/12\/vm_sport_RGB_horisontal-e1734526017575.png","width":668,"height":85,"caption":"Vmsport"},"image":{"@id":"https:\/\/vmsport.fi\/#\/schema\/logo\/image\/"},"sameAs":["https:\/\/www.facebook.com\/Vmsport.fi\/","https:\/\/www.instagram.com\/vmsport\/"]}]}},"global_unique_id":"","_links":{"self":[{"href":"https:\/\/vmsport.fi\/sv\/wp-json\/wp\/v2\/product\/56195","targetHints":{"allow":["GET"]}}],"collection":[{"href":"https:\/\/vmsport.fi\/sv\/wp-json\/wp\/v2\/product"}],"about":[{"href":"https:\/\/vmsport.fi\/sv\/wp-json\/wp\/v2\/types\/product"}],"replies":[{"embeddable":true,"href":"https:\/\/vmsport.fi\/sv\/wp-json\/wp\/v2\/comments?post=56195"}],"wp:featuredmedia":[{"embeddable":true,"href":"https:\/\/vmsport.fi\/sv\/wp-json\/wp\/v2\/media\/56192"}],"wp:attachment":[{"href":"https:\/\/vmsport.fi\/sv\/wp-json\/wp\/v2\/media?parent=56195"}],"wp:term":[{"taxonomy":"product_brand","embeddable":true,"href":"https:\/\/vmsport.fi\/sv\/wp-json\/wp\/v2\/product_brand?post=56195"},{"taxonomy":"product_model","embeddable":true,"href":"https:\/\/vmsport.fi\/sv\/wp-json\/wp\/v2\/product_model?post=56195"},{"taxonomy":"product_cat","embeddable":true,"href":"https:\/\/vmsport.fi\/sv\/wp-json\/wp\/v2\/product_cat?post=56195"},{"taxonomy":"product_tag","embeddable":true,"href":"https:\/\/vmsport.fi\/sv\/wp-json\/wp\/v2\/product_tag?post=56195"},{"taxonomy":"industry_terminology","embeddable":true,"href":"https:\/\/vmsport.fi\/sv\/wp-json\/wp\/v2\/industry-terminology?post=56195"}],"curies":[{"name":"wp","href":"https:\/\/api.w.org\/{rel}","templated":true}]}}