{"id":56179,"date":"2025-03-06T00:16:41","date_gmt":"2025-03-05T22:16:41","guid":{"rendered":"https:\/\/vmsport.fi\/verkkokauppa\/Ei-luokiteltu\/muc-off-disc-brake-covers-bolt\/"},"modified":"2026-01-16T13:22:54","modified_gmt":"2026-01-16T11:22:54","slug":"muc-off-skivbromsskydd-bult","status":"publish","type":"product","link":"https:\/\/vmsport.fi\/sv\/verkkokauppa\/tarvikkeet\/telineet\/sailytys-ja-kuljetustelineet\/muc-off-disc-brake-covers-bolt\/","title":{"rendered":"MUC-OFF Skivbroms\u00f6verdrag Bult"},"content":{"rendered":"<p>MUC-OFF Disc Brake Covers Bolt \u00e4r viktiga skyddstillbeh\u00f6r som \u00e4r utformade f\u00f6r att f\u00f6rhindra att bromsskivor och bromsbel\u00e4gg f\u00f6rorenas av st\u00e4nk av sm\u00f6rjmedel och skyddsmedel under hjulunderh\u00e5ll. Detta bidrar till att bibeh\u00e5lla bromsprestanda och s\u00e4kerhet, vilket g\u00f6r dem till ett perfekt val f\u00f6r landsv\u00e4gs- och mountainbikecyklister. Skydden \u00e4r tillverkade av ventilerande neopren som f\u00f6rhindrar korrosion och \u00e4r tv\u00e4ttbara, vilket ger l\u00e5ng h\u00e5llbarhet och g\u00f6r dem l\u00e4tta att \u00e5teranv\u00e4nda.<\/p>\n<p>Monteringen \u00e4r enkel tack vare den anv\u00e4ndarv\u00e4nliga sj\u00e4lvh\u00e4ftande tejpen. Dessa skydd s\u00e4kerst\u00e4ller att bromsarna f\u00f6rblir effektiva och skyddade fr\u00e5n milj\u00f6f\u00f6roreningar och st\u00f6tar, b\u00e5de n\u00e4r cykeln st\u00e5r stilla och under transport. \u00c4ven om de erbjuder ett brett skydd rekommenderas de inte f\u00f6r anv\u00e4ndning n\u00e4r hjulet \u00e4r f\u00e4st p\u00e5 utsidan av fordonet eller under k\u00f6rning f\u00f6r att undvika att tejpen slits eller skadas.<\/p>\n<p>Syftet \u00e4r att f\u00f6rl\u00e4nga livsl\u00e4ngden p\u00e5 bromskomponenterna, vilket g\u00f6r dessa skydd till en utm\u00e4rkt investering f\u00f6r alla cyklister som vill bibeh\u00e5lla optimal bromsprestanda.<\/p>","protected":false},"excerpt":{"rendered":"<p>MUC-OFF Disc Brake Covers Bolt ovat olennaiset suojavarusteet, jotka on suunniteltu est\u00e4m\u00e4\u00e4n jarrulevyjen ja jarrupalojen likaantuminen voiteluaineiden ja suoja-aineiden roiskeilta py\u00f6r\u00e4n huollon aikana. T\u00e4m\u00e4 auttaa s\u00e4ilytt\u00e4m\u00e4\u00e4n jarrutustehon ja turvallisuuden, mik\u00e4 tekee niist\u00e4 ihanteellisen valinnan maantie- ja maastopy\u00f6r\u00e4ilij\u00f6ille. Suojukset on valmistettu hengitt\u00e4v\u00e4st\u00e4 neopreenista, joka est\u00e4\u00e4 korroosiota ja on pest\u00e4v\u00e4, tarjoten n\u00e4in kest\u00e4vyytt\u00e4 ja helpon uudelleenk\u00e4yt\u00f6n. Asennus [&#8230;]<\/p>\n<p><a class=\"btn btn-secondary understrap-read-more-link\" href=\"https:\/\/vmsport.fi\/sv\/verkkokauppa\/tarvikkeet\/telineet\/sailytys-ja-kuljetustelineet\/muc-off-disc-brake-covers-bolt\/\">L\u00e4s mer \u2026<span class=\"screen-reader-text\"> from MUC-OFF Disc Brake Covers Bolt<\/span><\/a><\/p>\n","protected":false},"featured_media":56178,"comment_status":"open","ping_status":"closed","template":"","meta":{"_acf_changed":false,"_improvement_type_select":"improve_an_existing","_thumb_yes_seoaic":false,"_frame_yes_seoaic":false,"seoaic_generate_description":"","seoaic_improve_instructions_prompt":"","seoaic_rollback_content_improvement":"","seoaic_idea_thumbnail_generator":"","thumbnail_generated":false,"thumbnail_generate_prompt":"","seoaic_article_description":"","_supplier_stock_quantity":0},"product_brand":[1584],"product_model":[],"product_cat":[9426],"product_tag":[],"industry-terminology":[],"class_list":{"0":"post-56179","1":"product","2":"type-product","3":"status-publish","4":"has-post-thumbnail","6":"product_brand-muc-off","7":"product_cat-sailytys-ja-kuljetustelineet","9":"first","10":"instock","11":"taxable","12":"shipping-taxable","13":"purchasable","14":"product-type-simple"},"acf":{"bike_features":null,"overview":{"copy_overview":null,"key_features":null,"statement":"","youtube_url":""}},"yoast_head":"<!-- This site is optimized with the Yoast SEO plugin v27.3 - https:\/\/yoast.com\/product\/yoast-seo-wordpress\/ -->\n<title>MUC-OFF Disc Brake Covers Bolt - VM Sport<\/title>\n<meta name=\"robots\" content=\"index, follow, max-snippet:-1, max-image-preview:large, max-video-preview:-1\" \/>\n<link rel=\"canonical\" href=\"https:\/\/vmsport.fi\/sv\/webbutik\/tillbehor\/byggnadsstallningar\/forvaringsstall-och-transportstall\/muc-off-skivbromsskydd-bult\/\" \/>\n<meta property=\"og:locale\" content=\"sv_SE\" \/>\n<meta property=\"og:type\" content=\"article\" \/>\n<meta property=\"og:title\" content=\"MUC-OFF Disc Brake Covers Bolt - VM Sport\" \/>\n<meta property=\"og:description\" content=\"MUC-OFF Disc Brake Covers Bolt ovat olennaiset suojavarusteet, jotka on suunniteltu est\u00e4m\u00e4\u00e4n jarrulevyjen ja jarrupalojen likaantuminen voiteluaineiden ja suoja-aineiden roiskeilta py\u00f6r\u00e4n huollon aikana. T\u00e4m\u00e4 auttaa s\u00e4ilytt\u00e4m\u00e4\u00e4n jarrutustehon ja turvallisuuden, mik\u00e4 tekee niist\u00e4 ihanteellisen valinnan maantie- ja maastopy\u00f6r\u00e4ilij\u00f6ille. Suojukset on valmistettu hengitt\u00e4v\u00e4st\u00e4 neopreenista, joka est\u00e4\u00e4 korroosiota ja on pest\u00e4v\u00e4, tarjoten n\u00e4in kest\u00e4vyytt\u00e4 ja helpon uudelleenk\u00e4yt\u00f6n. Asennus [...]L\u00e4s mer \u2026 from MUC-OFF Disc Brake Covers Bolt\" \/>\n<meta property=\"og:url\" content=\"https:\/\/vmsport.fi\/sv\/webbutik\/tillbehor\/byggnadsstallningar\/forvaringsstall-och-transportstall\/muc-off-skivbromsskydd-bult\/\" \/>\n<meta property=\"og:site_name\" content=\"VM Sport\" \/>\n<meta property=\"article:publisher\" content=\"https:\/\/www.facebook.com\/Vmsport.fi\/\" \/>\n<meta property=\"article:modified_time\" content=\"2026-01-16T11:22:54+00:00\" \/>\n<meta property=\"og:image\" content=\"https:\/\/vmsport.fi\/wp-content\/uploads\/2025\/03\/hN8PDYxzKqu6edXKCCZmCIApFCTAE5xWc5giCgRXSLO60N5szc-1.jpg\" \/>\n\t<meta property=\"og:image:width\" content=\"800\" \/>\n\t<meta property=\"og:image:height\" content=\"800\" \/>\n\t<meta property=\"og:image:type\" content=\"image\/jpeg\" \/>\n<meta name=\"twitter:card\" content=\"summary_large_image\" \/>\n<meta name=\"twitter:label1\" content=\"Ber\u00e4knad l\u00e4stid\" \/>\n\t<meta name=\"twitter:data1\" content=\"1 minut\" \/>\n<script type=\"application\/ld+json\" class=\"yoast-schema-graph\">{\"@context\":\"https:\\\/\\\/schema.org\",\"@graph\":[{\"@type\":[\"WebPage\",\"ItemPage\"],\"@id\":\"https:\\\/\\\/vmsport.fi\\\/verkkokauppa\\\/tarvikkeet\\\/telineet\\\/sailytys-ja-kuljetustelineet\\\/muc-off-disc-brake-covers-bolt\\\/\",\"url\":\"https:\\\/\\\/vmsport.fi\\\/verkkokauppa\\\/tarvikkeet\\\/telineet\\\/sailytys-ja-kuljetustelineet\\\/muc-off-disc-brake-covers-bolt\\\/\",\"name\":\"MUC-OFF Disc Brake Covers Bolt - VM Sport\",\"isPartOf\":{\"@id\":\"https:\\\/\\\/vmsport.fi\\\/#website\"},\"primaryImageOfPage\":{\"@id\":\"https:\\\/\\\/vmsport.fi\\\/verkkokauppa\\\/tarvikkeet\\\/telineet\\\/sailytys-ja-kuljetustelineet\\\/muc-off-disc-brake-covers-bolt\\\/#primaryimage\"},\"image\":{\"@id\":\"https:\\\/\\\/vmsport.fi\\\/verkkokauppa\\\/tarvikkeet\\\/telineet\\\/sailytys-ja-kuljetustelineet\\\/muc-off-disc-brake-covers-bolt\\\/#primaryimage\"},\"thumbnailUrl\":\"https:\\\/\\\/vmsport.fi\\\/wp-content\\\/uploads\\\/2025\\\/03\\\/hN8PDYxzKqu6edXKCCZmCIApFCTAE5xWc5giCgRXSLO60N5szc-1.jpg\",\"datePublished\":\"2025-03-05T22:16:41+00:00\",\"dateModified\":\"2026-01-16T11:22:54+00:00\",\"breadcrumb\":{\"@id\":\"https:\\\/\\\/vmsport.fi\\\/verkkokauppa\\\/tarvikkeet\\\/telineet\\\/sailytys-ja-kuljetustelineet\\\/muc-off-disc-brake-covers-bolt\\\/#breadcrumb\"},\"inLanguage\":\"sv-SE\",\"potentialAction\":[{\"@type\":\"ReadAction\",\"target\":[\"https:\\\/\\\/vmsport.fi\\\/verkkokauppa\\\/tarvikkeet\\\/telineet\\\/sailytys-ja-kuljetustelineet\\\/muc-off-disc-brake-covers-bolt\\\/\"]}]},{\"@type\":\"ImageObject\",\"inLanguage\":\"sv-SE\",\"@id\":\"https:\\\/\\\/vmsport.fi\\\/verkkokauppa\\\/tarvikkeet\\\/telineet\\\/sailytys-ja-kuljetustelineet\\\/muc-off-disc-brake-covers-bolt\\\/#primaryimage\",\"url\":\"https:\\\/\\\/vmsport.fi\\\/wp-content\\\/uploads\\\/2025\\\/03\\\/hN8PDYxzKqu6edXKCCZmCIApFCTAE5xWc5giCgRXSLO60N5szc-1.jpg\",\"contentUrl\":\"https:\\\/\\\/vmsport.fi\\\/wp-content\\\/uploads\\\/2025\\\/03\\\/hN8PDYxzKqu6edXKCCZmCIApFCTAE5xWc5giCgRXSLO60N5szc-1.jpg\",\"width\":800,\"height\":800,\"caption\":\"hN8PDYxzKqu6edXKCCZmCIApFCTAE5xWc5giCgRXSLO60N5szc\"},{\"@type\":\"BreadcrumbList\",\"@id\":\"https:\\\/\\\/vmsport.fi\\\/verkkokauppa\\\/tarvikkeet\\\/telineet\\\/sailytys-ja-kuljetustelineet\\\/muc-off-disc-brake-covers-bolt\\\/#breadcrumb\",\"itemListElement\":[{\"@type\":\"ListItem\",\"position\":1,\"name\":\"Etusivu\",\"item\":\"https:\\\/\\\/vmsport.fi\\\/\"},{\"@type\":\"ListItem\",\"position\":2,\"name\":\"Online Store\",\"item\":\"https:\\\/\\\/vmsport.fi\\\/en\\\/online-store\\\/\"},{\"@type\":\"ListItem\",\"position\":3,\"name\":\"MUC-OFF Disc Brake Covers Bolt\"}]},{\"@type\":\"WebSite\",\"@id\":\"https:\\\/\\\/vmsport.fi\\\/#website\",\"url\":\"https:\\\/\\\/vmsport.fi\\\/\",\"name\":\"Vmsport\",\"description\":\"Kaikki py\u00f6r\u00e4ilyyn yhdest\u00e4 paikasta\",\"publisher\":{\"@id\":\"https:\\\/\\\/vmsport.fi\\\/#organization\"},\"potentialAction\":[{\"@type\":\"SearchAction\",\"target\":{\"@type\":\"EntryPoint\",\"urlTemplate\":\"https:\\\/\\\/vmsport.fi\\\/?s={search_term_string}\"},\"query-input\":{\"@type\":\"PropertyValueSpecification\",\"valueRequired\":true,\"valueName\":\"search_term_string\"}}],\"inLanguage\":\"sv-SE\"},{\"@type\":\"Organization\",\"@id\":\"https:\\\/\\\/vmsport.fi\\\/#organization\",\"name\":\"Vmsport\",\"url\":\"https:\\\/\\\/vmsport.fi\\\/\",\"logo\":{\"@type\":\"ImageObject\",\"inLanguage\":\"sv-SE\",\"@id\":\"https:\\\/\\\/vmsport.fi\\\/#\\\/schema\\\/logo\\\/image\\\/\",\"url\":\"https:\\\/\\\/vmsport.fi\\\/wp-content\\\/uploads\\\/2024\\\/12\\\/vm_sport_RGB_horisontal-e1734526017575.png\",\"contentUrl\":\"https:\\\/\\\/vmsport.fi\\\/wp-content\\\/uploads\\\/2024\\\/12\\\/vm_sport_RGB_horisontal-e1734526017575.png\",\"width\":668,\"height\":85,\"caption\":\"Vmsport\"},\"image\":{\"@id\":\"https:\\\/\\\/vmsport.fi\\\/#\\\/schema\\\/logo\\\/image\\\/\"},\"sameAs\":[\"https:\\\/\\\/www.facebook.com\\\/Vmsport.fi\\\/\",\"https:\\\/\\\/www.instagram.com\\\/vmsport\\\/\"]}]}<\/script>\n<!-- \/ Yoast SEO plugin. -->","yoast_head_json":{"title":"MUC-OFF Skivbroms\u00f6verdrag Bult - VM Sport","robots":{"index":"index","follow":"follow","max-snippet":"max-snippet:-1","max-image-preview":"max-image-preview:large","max-video-preview":"max-video-preview:-1"},"canonical":"https:\/\/vmsport.fi\/sv\/webbutik\/tillbehor\/byggnadsstallningar\/forvaringsstall-och-transportstall\/muc-off-skivbromsskydd-bult\/","og_locale":"sv_SE","og_type":"article","og_title":"MUC-OFF Disc Brake Covers Bolt - VM Sport","og_description":"MUC-OFF Disc Brake Covers Bolt ovat olennaiset suojavarusteet, jotka on suunniteltu est\u00e4m\u00e4\u00e4n jarrulevyjen ja jarrupalojen likaantuminen voiteluaineiden ja suoja-aineiden roiskeilta py\u00f6r\u00e4n huollon aikana. T\u00e4m\u00e4 auttaa s\u00e4ilytt\u00e4m\u00e4\u00e4n jarrutustehon ja turvallisuuden, mik\u00e4 tekee niist\u00e4 ihanteellisen valinnan maantie- ja maastopy\u00f6r\u00e4ilij\u00f6ille. Suojukset on valmistettu hengitt\u00e4v\u00e4st\u00e4 neopreenista, joka est\u00e4\u00e4 korroosiota ja on pest\u00e4v\u00e4, tarjoten n\u00e4in kest\u00e4vyytt\u00e4 ja helpon uudelleenk\u00e4yt\u00f6n. Asennus [...]L\u00e4s mer \u2026 from MUC-OFF Disc Brake Covers Bolt","og_url":"https:\/\/vmsport.fi\/sv\/webbutik\/tillbehor\/byggnadsstallningar\/forvaringsstall-och-transportstall\/muc-off-skivbromsskydd-bult\/","og_site_name":"VM Sport","article_publisher":"https:\/\/www.facebook.com\/Vmsport.fi\/","article_modified_time":"2026-01-16T11:22:54+00:00","og_image":[{"width":800,"height":800,"url":"https:\/\/vmsport.fi\/wp-content\/uploads\/2025\/03\/hN8PDYxzKqu6edXKCCZmCIApFCTAE5xWc5giCgRXSLO60N5szc-1.jpg","type":"image\/jpeg"}],"twitter_card":"summary_large_image","twitter_misc":{"Ber\u00e4knad l\u00e4stid":"1 minut"},"schema":{"@context":"https:\/\/schema.org","@graph":[{"@type":["WebPage","ItemPage"],"@id":"https:\/\/vmsport.fi\/verkkokauppa\/tarvikkeet\/telineet\/sailytys-ja-kuljetustelineet\/muc-off-disc-brake-covers-bolt\/","url":"https:\/\/vmsport.fi\/verkkokauppa\/tarvikkeet\/telineet\/sailytys-ja-kuljetustelineet\/muc-off-disc-brake-covers-bolt\/","name":"MUC-OFF Skivbroms\u00f6verdrag Bult - VM Sport","isPartOf":{"@id":"https:\/\/vmsport.fi\/#website"},"primaryImageOfPage":{"@id":"https:\/\/vmsport.fi\/verkkokauppa\/tarvikkeet\/telineet\/sailytys-ja-kuljetustelineet\/muc-off-disc-brake-covers-bolt\/#primaryimage"},"image":{"@id":"https:\/\/vmsport.fi\/verkkokauppa\/tarvikkeet\/telineet\/sailytys-ja-kuljetustelineet\/muc-off-disc-brake-covers-bolt\/#primaryimage"},"thumbnailUrl":"https:\/\/vmsport.fi\/wp-content\/uploads\/2025\/03\/hN8PDYxzKqu6edXKCCZmCIApFCTAE5xWc5giCgRXSLO60N5szc-1.jpg","datePublished":"2025-03-05T22:16:41+00:00","dateModified":"2026-01-16T11:22:54+00:00","breadcrumb":{"@id":"https:\/\/vmsport.fi\/verkkokauppa\/tarvikkeet\/telineet\/sailytys-ja-kuljetustelineet\/muc-off-disc-brake-covers-bolt\/#breadcrumb"},"inLanguage":"sv-SE","potentialAction":[{"@type":"ReadAction","target":["https:\/\/vmsport.fi\/verkkokauppa\/tarvikkeet\/telineet\/sailytys-ja-kuljetustelineet\/muc-off-disc-brake-covers-bolt\/"]}]},{"@type":"ImageObject","inLanguage":"sv-SE","@id":"https:\/\/vmsport.fi\/verkkokauppa\/tarvikkeet\/telineet\/sailytys-ja-kuljetustelineet\/muc-off-disc-brake-covers-bolt\/#primaryimage","url":"https:\/\/vmsport.fi\/wp-content\/uploads\/2025\/03\/hN8PDYxzKqu6edXKCCZmCIApFCTAE5xWc5giCgRXSLO60N5szc-1.jpg","contentUrl":"https:\/\/vmsport.fi\/wp-content\/uploads\/2025\/03\/hN8PDYxzKqu6edXKCCZmCIApFCTAE5xWc5giCgRXSLO60N5szc-1.jpg","width":800,"height":800,"caption":"hN8PDYxzKqu6edXKCCZmCIApFCTAE5xWc5giCgRXSLO60N5szc"},{"@type":"BreadcrumbList","@id":"https:\/\/vmsport.fi\/verkkokauppa\/tarvikkeet\/telineet\/sailytys-ja-kuljetustelineet\/muc-off-disc-brake-covers-bolt\/#breadcrumb","itemListElement":[{"@type":"ListItem","position":1,"name":"Etusivu","item":"https:\/\/vmsport.fi\/"},{"@type":"ListItem","position":2,"name":"Online Store","item":"https:\/\/vmsport.fi\/en\/online-store\/"},{"@type":"ListItem","position":3,"name":"MUC-OFF Disc Brake Covers Bolt"}]},{"@type":"WebSite","@id":"https:\/\/vmsport.fi\/#website","url":"https:\/\/vmsport.fi\/","name":"Vmsport","description":"Allt p\u00e5 ett st\u00e4lle f\u00f6r cykling","publisher":{"@id":"https:\/\/vmsport.fi\/#organization"},"potentialAction":[{"@type":"SearchAction","target":{"@type":"EntryPoint","urlTemplate":"https:\/\/vmsport.fi\/?s={search_term_string}"},"query-input":{"@type":"PropertyValueSpecification","valueRequired":true,"valueName":"search_term_string"}}],"inLanguage":"sv-SE"},{"@type":"Organization","@id":"https:\/\/vmsport.fi\/#organization","name":"Vmsport","url":"https:\/\/vmsport.fi\/","logo":{"@type":"ImageObject","inLanguage":"sv-SE","@id":"https:\/\/vmsport.fi\/#\/schema\/logo\/image\/","url":"https:\/\/vmsport.fi\/wp-content\/uploads\/2024\/12\/vm_sport_RGB_horisontal-e1734526017575.png","contentUrl":"https:\/\/vmsport.fi\/wp-content\/uploads\/2024\/12\/vm_sport_RGB_horisontal-e1734526017575.png","width":668,"height":85,"caption":"Vmsport"},"image":{"@id":"https:\/\/vmsport.fi\/#\/schema\/logo\/image\/"},"sameAs":["https:\/\/www.facebook.com\/Vmsport.fi\/","https:\/\/www.instagram.com\/vmsport\/"]}]}},"global_unique_id":"","_links":{"self":[{"href":"https:\/\/vmsport.fi\/sv\/wp-json\/wp\/v2\/product\/56179","targetHints":{"allow":["GET"]}}],"collection":[{"href":"https:\/\/vmsport.fi\/sv\/wp-json\/wp\/v2\/product"}],"about":[{"href":"https:\/\/vmsport.fi\/sv\/wp-json\/wp\/v2\/types\/product"}],"replies":[{"embeddable":true,"href":"https:\/\/vmsport.fi\/sv\/wp-json\/wp\/v2\/comments?post=56179"}],"wp:featuredmedia":[{"embeddable":true,"href":"https:\/\/vmsport.fi\/sv\/wp-json\/wp\/v2\/media\/56178"}],"wp:attachment":[{"href":"https:\/\/vmsport.fi\/sv\/wp-json\/wp\/v2\/media?parent=56179"}],"wp:term":[{"taxonomy":"product_brand","embeddable":true,"href":"https:\/\/vmsport.fi\/sv\/wp-json\/wp\/v2\/product_brand?post=56179"},{"taxonomy":"product_model","embeddable":true,"href":"https:\/\/vmsport.fi\/sv\/wp-json\/wp\/v2\/product_model?post=56179"},{"taxonomy":"product_cat","embeddable":true,"href":"https:\/\/vmsport.fi\/sv\/wp-json\/wp\/v2\/product_cat?post=56179"},{"taxonomy":"product_tag","embeddable":true,"href":"https:\/\/vmsport.fi\/sv\/wp-json\/wp\/v2\/product_tag?post=56179"},{"taxonomy":"industry_terminology","embeddable":true,"href":"https:\/\/vmsport.fi\/sv\/wp-json\/wp\/v2\/industry-terminology?post=56179"}],"curies":[{"name":"wp","href":"https:\/\/api.w.org\/{rel}","templated":true}]}}