{"id":56175,"date":"2025-03-06T00:16:39","date_gmt":"2025-03-05T22:16:39","guid":{"rendered":"https:\/\/vmsport.fi\/verkkokauppa\/Ei-luokiteltu\/spanninga-light-bracket-for-suntour-nex-cr8\/"},"modified":"2026-01-16T13:23:33","modified_gmt":"2026-01-16T11:23:33","slug":"spanninga-ljusfaste-for-suntour-nex-cr8","status":"publish","type":"product","link":"https:\/\/vmsport.fi\/sv\/verkkokauppa\/varaosat\/sahkopyorien-osat\/spanninga-light-bracket-for-suntour-nex-cr8\/","title":{"rendered":"Spanninga ljusf\u00e4ste f\u00f6r Suntour NEX\/CR8"},"content":{"rendered":"<p>Spanningas ljuskl\u00e4mma \u00e4r s\u00e4rskilt utformad f\u00f6r Suntour NEX- och CR8-cyklarnas upph\u00e4ngningsarmar, vilket garanterar exakt kompatibilitet. Denna \u00e4kta Spanninga-produkt erbjuder sina anv\u00e4ndare tillf\u00f6rlitlighet och s\u00e4kerhet. F\u00e4stet m\u00f6jligg\u00f6r enkel och s\u00e4ker installation av cykellampor. Den robusta konstruktionen \u00e4r h\u00e5llbar, s\u00e5 den t\u00e5l regelbunden anv\u00e4ndning och exponering f\u00f6r milj\u00f6f\u00f6rh\u00e5llanden v\u00e4l. Cyklister kan njuta av f\u00f6rb\u00e4ttrad synlighet och s\u00e4kerhet eftersom lampan sitter stadigt p\u00e5 plats p\u00e5 r\u00e4tt modeller.<\/p>","protected":false},"excerpt":{"rendered":"<p>Spanninga-valokiinnike on suunniteltu erityisesti Suntour NEX- ja CR8-py\u00f6rien jousituskeuloja varten, mik\u00e4 takaa tarkan yhteensopivuuden. T\u00e4m\u00e4 aito Spanninga-tuote tarjoaa k\u00e4ytt\u00e4jilleen luotettavuutta ja varmuutta. Kiinnike mahdollistaa polkupy\u00f6r\u00e4nvalojen helpon ja turvallisen asennuksen. Sen vankka rakenne on kest\u00e4v\u00e4, joten se siet\u00e4\u00e4 hyvin s\u00e4\u00e4nn\u00f6llist\u00e4 k\u00e4ytt\u00f6\u00e4 ja altistumista ymp\u00e4rist\u00f6olosuhteille. Py\u00f6r\u00e4ilij\u00e4t voivat nauttia paremmasta n\u00e4kyvyydest\u00e4 ja turvallisuudesta, sill\u00e4 valaisin pysyy tukevasti paikoillaan [&#8230;]<\/p>\n<p><a class=\"btn btn-secondary understrap-read-more-link\" href=\"https:\/\/vmsport.fi\/sv\/verkkokauppa\/varaosat\/sahkopyorien-osat\/spanninga-light-bracket-for-suntour-nex-cr8\/\">L\u00e4s mer \u2026<span class=\"screen-reader-text\"> from Spanninga Light Bracket for Suntour NEX\/CR8<\/span><\/a><\/p>\n","protected":false},"featured_media":56174,"comment_status":"open","ping_status":"closed","template":"","meta":{"_acf_changed":false,"_improvement_type_select":"improve_an_existing","_thumb_yes_seoaic":false,"_frame_yes_seoaic":false,"seoaic_generate_description":"","seoaic_improve_instructions_prompt":"","seoaic_rollback_content_improvement":"","seoaic_idea_thumbnail_generator":"","thumbnail_generated":false,"thumbnail_generate_prompt":"","seoaic_article_description":"","_supplier_stock_quantity":0},"product_brand":[],"product_model":[],"product_cat":[9278],"product_tag":[],"industry-terminology":[],"class_list":{"0":"post-56175","1":"product","2":"type-product","3":"status-publish","4":"has-post-thumbnail","6":"product_cat-sahkopyorien-osat","8":"first","9":"outofstock","10":"taxable","11":"shipping-taxable","12":"product-type-simple"},"acf":{"bike_features":null,"overview":{"copy_overview":null,"key_features":null,"statement":"","youtube_url":""}},"yoast_head":"<!-- This site is optimized with the Yoast SEO plugin v27.3 - https:\/\/yoast.com\/product\/yoast-seo-wordpress\/ -->\n<title>Spanninga Light Bracket for Suntour NEX\/CR8 - VM Sport<\/title>\n<meta name=\"robots\" content=\"index, follow, max-snippet:-1, max-image-preview:large, max-video-preview:-1\" \/>\n<link rel=\"canonical\" href=\"https:\/\/vmsport.fi\/sv\/webbutik\/reservdelar\/delar-av-sagbockar\/spanninga-ljusfaste-for-suntour-nex-cr8\/\" \/>\n<meta property=\"og:locale\" content=\"sv_SE\" \/>\n<meta property=\"og:type\" content=\"article\" \/>\n<meta property=\"og:title\" content=\"Spanninga Light Bracket for Suntour NEX\/CR8 - VM Sport\" \/>\n<meta property=\"og:description\" content=\"Spanninga-valokiinnike on suunniteltu erityisesti Suntour NEX- ja CR8-py\u00f6rien jousituskeuloja varten, mik\u00e4 takaa tarkan yhteensopivuuden. T\u00e4m\u00e4 aito Spanninga-tuote tarjoaa k\u00e4ytt\u00e4jilleen luotettavuutta ja varmuutta. Kiinnike mahdollistaa polkupy\u00f6r\u00e4nvalojen helpon ja turvallisen asennuksen. Sen vankka rakenne on kest\u00e4v\u00e4, joten se siet\u00e4\u00e4 hyvin s\u00e4\u00e4nn\u00f6llist\u00e4 k\u00e4ytt\u00f6\u00e4 ja altistumista ymp\u00e4rist\u00f6olosuhteille. Py\u00f6r\u00e4ilij\u00e4t voivat nauttia paremmasta n\u00e4kyvyydest\u00e4 ja turvallisuudesta, sill\u00e4 valaisin pysyy tukevasti paikoillaan [...]L\u00e4s mer \u2026 from Spanninga Light Bracket for Suntour NEX\/CR8\" \/>\n<meta property=\"og:url\" content=\"https:\/\/vmsport.fi\/sv\/webbutik\/reservdelar\/delar-av-sagbockar\/spanninga-ljusfaste-for-suntour-nex-cr8\/\" \/>\n<meta property=\"og:site_name\" content=\"VM Sport\" \/>\n<meta property=\"article:publisher\" content=\"https:\/\/www.facebook.com\/Vmsport.fi\/\" \/>\n<meta property=\"article:modified_time\" content=\"2026-01-16T11:23:33+00:00\" \/>\n<meta property=\"og:image\" content=\"https:\/\/vmsport.fi\/wp-content\/uploads\/2025\/03\/BQcdGWtAEG5PtrlMnJGlxrYunX1TplSZOVol7104fT79d7WG3o-1.jpg\" \/>\n\t<meta property=\"og:image:width\" content=\"300\" \/>\n\t<meta property=\"og:image:height\" content=\"400\" \/>\n\t<meta property=\"og:image:type\" content=\"image\/jpeg\" \/>\n<meta name=\"twitter:card\" content=\"summary_large_image\" \/>\n<script type=\"application\/ld+json\" class=\"yoast-schema-graph\">{\"@context\":\"https:\\\/\\\/schema.org\",\"@graph\":[{\"@type\":[\"WebPage\",\"ItemPage\"],\"@id\":\"https:\\\/\\\/vmsport.fi\\\/verkkokauppa\\\/varaosat\\\/sahkopyorien-osat\\\/spanninga-light-bracket-for-suntour-nex-cr8\\\/\",\"url\":\"https:\\\/\\\/vmsport.fi\\\/verkkokauppa\\\/varaosat\\\/sahkopyorien-osat\\\/spanninga-light-bracket-for-suntour-nex-cr8\\\/\",\"name\":\"Spanninga Light Bracket for Suntour NEX\\\/CR8 - VM Sport\",\"isPartOf\":{\"@id\":\"https:\\\/\\\/vmsport.fi\\\/#website\"},\"primaryImageOfPage\":{\"@id\":\"https:\\\/\\\/vmsport.fi\\\/verkkokauppa\\\/varaosat\\\/sahkopyorien-osat\\\/spanninga-light-bracket-for-suntour-nex-cr8\\\/#primaryimage\"},\"image\":{\"@id\":\"https:\\\/\\\/vmsport.fi\\\/verkkokauppa\\\/varaosat\\\/sahkopyorien-osat\\\/spanninga-light-bracket-for-suntour-nex-cr8\\\/#primaryimage\"},\"thumbnailUrl\":\"https:\\\/\\\/vmsport.fi\\\/wp-content\\\/uploads\\\/2025\\\/03\\\/BQcdGWtAEG5PtrlMnJGlxrYunX1TplSZOVol7104fT79d7WG3o-1.jpg\",\"datePublished\":\"2025-03-05T22:16:39+00:00\",\"dateModified\":\"2026-01-16T11:23:33+00:00\",\"breadcrumb\":{\"@id\":\"https:\\\/\\\/vmsport.fi\\\/verkkokauppa\\\/varaosat\\\/sahkopyorien-osat\\\/spanninga-light-bracket-for-suntour-nex-cr8\\\/#breadcrumb\"},\"inLanguage\":\"sv-SE\",\"potentialAction\":[{\"@type\":\"ReadAction\",\"target\":[\"https:\\\/\\\/vmsport.fi\\\/verkkokauppa\\\/varaosat\\\/sahkopyorien-osat\\\/spanninga-light-bracket-for-suntour-nex-cr8\\\/\"]}]},{\"@type\":\"ImageObject\",\"inLanguage\":\"sv-SE\",\"@id\":\"https:\\\/\\\/vmsport.fi\\\/verkkokauppa\\\/varaosat\\\/sahkopyorien-osat\\\/spanninga-light-bracket-for-suntour-nex-cr8\\\/#primaryimage\",\"url\":\"https:\\\/\\\/vmsport.fi\\\/wp-content\\\/uploads\\\/2025\\\/03\\\/BQcdGWtAEG5PtrlMnJGlxrYunX1TplSZOVol7104fT79d7WG3o-1.jpg\",\"contentUrl\":\"https:\\\/\\\/vmsport.fi\\\/wp-content\\\/uploads\\\/2025\\\/03\\\/BQcdGWtAEG5PtrlMnJGlxrYunX1TplSZOVol7104fT79d7WG3o-1.jpg\",\"width\":300,\"height\":400,\"caption\":\"BQcdGWtAEG5PtrlMnJGlxrYunX1TplSZOVol7104fT79d7WG3o\"},{\"@type\":\"BreadcrumbList\",\"@id\":\"https:\\\/\\\/vmsport.fi\\\/verkkokauppa\\\/varaosat\\\/sahkopyorien-osat\\\/spanninga-light-bracket-for-suntour-nex-cr8\\\/#breadcrumb\",\"itemListElement\":[{\"@type\":\"ListItem\",\"position\":1,\"name\":\"Etusivu\",\"item\":\"https:\\\/\\\/vmsport.fi\\\/\"},{\"@type\":\"ListItem\",\"position\":2,\"name\":\"Online Store\",\"item\":\"https:\\\/\\\/vmsport.fi\\\/en\\\/online-store\\\/\"},{\"@type\":\"ListItem\",\"position\":3,\"name\":\"Spanninga Light Bracket for Suntour NEX\\\/CR8\"}]},{\"@type\":\"WebSite\",\"@id\":\"https:\\\/\\\/vmsport.fi\\\/#website\",\"url\":\"https:\\\/\\\/vmsport.fi\\\/\",\"name\":\"Vmsport\",\"description\":\"Kaikki py\u00f6r\u00e4ilyyn yhdest\u00e4 paikasta\",\"publisher\":{\"@id\":\"https:\\\/\\\/vmsport.fi\\\/#organization\"},\"potentialAction\":[{\"@type\":\"SearchAction\",\"target\":{\"@type\":\"EntryPoint\",\"urlTemplate\":\"https:\\\/\\\/vmsport.fi\\\/?s={search_term_string}\"},\"query-input\":{\"@type\":\"PropertyValueSpecification\",\"valueRequired\":true,\"valueName\":\"search_term_string\"}}],\"inLanguage\":\"sv-SE\"},{\"@type\":\"Organization\",\"@id\":\"https:\\\/\\\/vmsport.fi\\\/#organization\",\"name\":\"Vmsport\",\"url\":\"https:\\\/\\\/vmsport.fi\\\/\",\"logo\":{\"@type\":\"ImageObject\",\"inLanguage\":\"sv-SE\",\"@id\":\"https:\\\/\\\/vmsport.fi\\\/#\\\/schema\\\/logo\\\/image\\\/\",\"url\":\"https:\\\/\\\/vmsport.fi\\\/wp-content\\\/uploads\\\/2024\\\/12\\\/vm_sport_RGB_horisontal-e1734526017575.png\",\"contentUrl\":\"https:\\\/\\\/vmsport.fi\\\/wp-content\\\/uploads\\\/2024\\\/12\\\/vm_sport_RGB_horisontal-e1734526017575.png\",\"width\":668,\"height\":85,\"caption\":\"Vmsport\"},\"image\":{\"@id\":\"https:\\\/\\\/vmsport.fi\\\/#\\\/schema\\\/logo\\\/image\\\/\"},\"sameAs\":[\"https:\\\/\\\/www.facebook.com\\\/Vmsport.fi\\\/\",\"https:\\\/\\\/www.instagram.com\\\/vmsport\\\/\"]}]}<\/script>\n<!-- \/ Yoast SEO plugin. -->","yoast_head_json":{"title":"Spanninga ljusf\u00e4ste f\u00f6r Suntour NEX\/CR8 - VM Sport","robots":{"index":"index","follow":"follow","max-snippet":"max-snippet:-1","max-image-preview":"max-image-preview:large","max-video-preview":"max-video-preview:-1"},"canonical":"https:\/\/vmsport.fi\/sv\/webbutik\/reservdelar\/delar-av-sagbockar\/spanninga-ljusfaste-for-suntour-nex-cr8\/","og_locale":"sv_SE","og_type":"article","og_title":"Spanninga Light Bracket for Suntour NEX\/CR8 - VM Sport","og_description":"Spanninga-valokiinnike on suunniteltu erityisesti Suntour NEX- ja CR8-py\u00f6rien jousituskeuloja varten, mik\u00e4 takaa tarkan yhteensopivuuden. T\u00e4m\u00e4 aito Spanninga-tuote tarjoaa k\u00e4ytt\u00e4jilleen luotettavuutta ja varmuutta. Kiinnike mahdollistaa polkupy\u00f6r\u00e4nvalojen helpon ja turvallisen asennuksen. Sen vankka rakenne on kest\u00e4v\u00e4, joten se siet\u00e4\u00e4 hyvin s\u00e4\u00e4nn\u00f6llist\u00e4 k\u00e4ytt\u00f6\u00e4 ja altistumista ymp\u00e4rist\u00f6olosuhteille. Py\u00f6r\u00e4ilij\u00e4t voivat nauttia paremmasta n\u00e4kyvyydest\u00e4 ja turvallisuudesta, sill\u00e4 valaisin pysyy tukevasti paikoillaan [...]L\u00e4s mer \u2026 from Spanninga Light Bracket for Suntour NEX\/CR8","og_url":"https:\/\/vmsport.fi\/sv\/webbutik\/reservdelar\/delar-av-sagbockar\/spanninga-ljusfaste-for-suntour-nex-cr8\/","og_site_name":"VM Sport","article_publisher":"https:\/\/www.facebook.com\/Vmsport.fi\/","article_modified_time":"2026-01-16T11:23:33+00:00","og_image":[{"width":300,"height":400,"url":"https:\/\/vmsport.fi\/wp-content\/uploads\/2025\/03\/BQcdGWtAEG5PtrlMnJGlxrYunX1TplSZOVol7104fT79d7WG3o-1.jpg","type":"image\/jpeg"}],"twitter_card":"summary_large_image","schema":{"@context":"https:\/\/schema.org","@graph":[{"@type":["WebPage","ItemPage"],"@id":"https:\/\/vmsport.fi\/verkkokauppa\/varaosat\/sahkopyorien-osat\/spanninga-light-bracket-for-suntour-nex-cr8\/","url":"https:\/\/vmsport.fi\/verkkokauppa\/varaosat\/sahkopyorien-osat\/spanninga-light-bracket-for-suntour-nex-cr8\/","name":"Spanninga ljusf\u00e4ste f\u00f6r Suntour NEX\/CR8 - VM Sport","isPartOf":{"@id":"https:\/\/vmsport.fi\/#website"},"primaryImageOfPage":{"@id":"https:\/\/vmsport.fi\/verkkokauppa\/varaosat\/sahkopyorien-osat\/spanninga-light-bracket-for-suntour-nex-cr8\/#primaryimage"},"image":{"@id":"https:\/\/vmsport.fi\/verkkokauppa\/varaosat\/sahkopyorien-osat\/spanninga-light-bracket-for-suntour-nex-cr8\/#primaryimage"},"thumbnailUrl":"https:\/\/vmsport.fi\/wp-content\/uploads\/2025\/03\/BQcdGWtAEG5PtrlMnJGlxrYunX1TplSZOVol7104fT79d7WG3o-1.jpg","datePublished":"2025-03-05T22:16:39+00:00","dateModified":"2026-01-16T11:23:33+00:00","breadcrumb":{"@id":"https:\/\/vmsport.fi\/verkkokauppa\/varaosat\/sahkopyorien-osat\/spanninga-light-bracket-for-suntour-nex-cr8\/#breadcrumb"},"inLanguage":"sv-SE","potentialAction":[{"@type":"ReadAction","target":["https:\/\/vmsport.fi\/verkkokauppa\/varaosat\/sahkopyorien-osat\/spanninga-light-bracket-for-suntour-nex-cr8\/"]}]},{"@type":"ImageObject","inLanguage":"sv-SE","@id":"https:\/\/vmsport.fi\/verkkokauppa\/varaosat\/sahkopyorien-osat\/spanninga-light-bracket-for-suntour-nex-cr8\/#primaryimage","url":"https:\/\/vmsport.fi\/wp-content\/uploads\/2025\/03\/BQcdGWtAEG5PtrlMnJGlxrYunX1TplSZOVol7104fT79d7WG3o-1.jpg","contentUrl":"https:\/\/vmsport.fi\/wp-content\/uploads\/2025\/03\/BQcdGWtAEG5PtrlMnJGlxrYunX1TplSZOVol7104fT79d7WG3o-1.jpg","width":300,"height":400,"caption":"BQcdGWtAEG5PtrlMnJGlxrYunX1TplSZOVol7104fT79d7WG3o"},{"@type":"BreadcrumbList","@id":"https:\/\/vmsport.fi\/verkkokauppa\/varaosat\/sahkopyorien-osat\/spanninga-light-bracket-for-suntour-nex-cr8\/#breadcrumb","itemListElement":[{"@type":"ListItem","position":1,"name":"Etusivu","item":"https:\/\/vmsport.fi\/"},{"@type":"ListItem","position":2,"name":"Online Store","item":"https:\/\/vmsport.fi\/en\/online-store\/"},{"@type":"ListItem","position":3,"name":"Spanninga Light Bracket for Suntour NEX\/CR8"}]},{"@type":"WebSite","@id":"https:\/\/vmsport.fi\/#website","url":"https:\/\/vmsport.fi\/","name":"Vmsport","description":"Allt p\u00e5 ett st\u00e4lle f\u00f6r cykling","publisher":{"@id":"https:\/\/vmsport.fi\/#organization"},"potentialAction":[{"@type":"SearchAction","target":{"@type":"EntryPoint","urlTemplate":"https:\/\/vmsport.fi\/?s={search_term_string}"},"query-input":{"@type":"PropertyValueSpecification","valueRequired":true,"valueName":"search_term_string"}}],"inLanguage":"sv-SE"},{"@type":"Organization","@id":"https:\/\/vmsport.fi\/#organization","name":"Vmsport","url":"https:\/\/vmsport.fi\/","logo":{"@type":"ImageObject","inLanguage":"sv-SE","@id":"https:\/\/vmsport.fi\/#\/schema\/logo\/image\/","url":"https:\/\/vmsport.fi\/wp-content\/uploads\/2024\/12\/vm_sport_RGB_horisontal-e1734526017575.png","contentUrl":"https:\/\/vmsport.fi\/wp-content\/uploads\/2024\/12\/vm_sport_RGB_horisontal-e1734526017575.png","width":668,"height":85,"caption":"Vmsport"},"image":{"@id":"https:\/\/vmsport.fi\/#\/schema\/logo\/image\/"},"sameAs":["https:\/\/www.facebook.com\/Vmsport.fi\/","https:\/\/www.instagram.com\/vmsport\/"]}]}},"global_unique_id":"","_links":{"self":[{"href":"https:\/\/vmsport.fi\/sv\/wp-json\/wp\/v2\/product\/56175","targetHints":{"allow":["GET"]}}],"collection":[{"href":"https:\/\/vmsport.fi\/sv\/wp-json\/wp\/v2\/product"}],"about":[{"href":"https:\/\/vmsport.fi\/sv\/wp-json\/wp\/v2\/types\/product"}],"replies":[{"embeddable":true,"href":"https:\/\/vmsport.fi\/sv\/wp-json\/wp\/v2\/comments?post=56175"}],"wp:featuredmedia":[{"embeddable":true,"href":"https:\/\/vmsport.fi\/sv\/wp-json\/wp\/v2\/media\/56174"}],"wp:attachment":[{"href":"https:\/\/vmsport.fi\/sv\/wp-json\/wp\/v2\/media?parent=56175"}],"wp:term":[{"taxonomy":"product_brand","embeddable":true,"href":"https:\/\/vmsport.fi\/sv\/wp-json\/wp\/v2\/product_brand?post=56175"},{"taxonomy":"product_model","embeddable":true,"href":"https:\/\/vmsport.fi\/sv\/wp-json\/wp\/v2\/product_model?post=56175"},{"taxonomy":"product_cat","embeddable":true,"href":"https:\/\/vmsport.fi\/sv\/wp-json\/wp\/v2\/product_cat?post=56175"},{"taxonomy":"product_tag","embeddable":true,"href":"https:\/\/vmsport.fi\/sv\/wp-json\/wp\/v2\/product_tag?post=56175"},{"taxonomy":"industry_terminology","embeddable":true,"href":"https:\/\/vmsport.fi\/sv\/wp-json\/wp\/v2\/industry-terminology?post=56175"}],"curies":[{"name":"wp","href":"https:\/\/api.w.org\/{rel}","templated":true}]}}