{"id":56168,"date":"2025-03-06T00:16:36","date_gmt":"2025-03-05T22:16:36","guid":{"rendered":"https:\/\/vmsport.fi\/verkkokauppa\/Ei-luokiteltu\/xlc-etukiekko-rodi-tryp-35-29-front-15-x-110-mm-thru-axle-disc-brake\/"},"modified":"2026-01-16T13:26:09","modified_gmt":"2026-01-16T11:26:09","slug":"xlc-front-hockey-rodi-tryp-35-29-fram-15-x-110-mm-genomgaende-axel-skivbroms","status":"publish","type":"product","link":"https:\/\/vmsport.fi\/sv\/verkkokauppa\/varaosat\/kiekot-ja-navat\/etukiekot\/xlc-etukiekko-rodi-tryp-35-29-front-15-x-110-mm-thru-axle-disc-brake\/","title":{"rendered":"XLC framhjul Rodi TRYP 35 29\u2033 Fram 15 x 110 mm genomg\u00e5ende axel, skivbroms,"},"content":{"rendered":"<p>Rodi TRYP 35 landsv\u00e4gshjul, som utvecklats av XLC och \u00e4r avsett f\u00f6r 29\"-hjul, \u00e4r ett h\u00f6gkvalitativt och h\u00e5llbart val f\u00f6r mountainbikecykling. Hjulets 15 x 110 mm genomg\u00e5ende axel ger utm\u00e4rkt styvhet och stabilitet, vilket hj\u00e4lper till att h\u00e5lla cykeln under kontroll \u00e4ven i utmanande terr\u00e4ng. St\u00f6d f\u00f6r skivbroms f\u00f6rb\u00e4ttrar bromsprestandan, vilket g\u00f6r skivbromsen till ett s\u00e4kert och p\u00e5litligt val f\u00f6r alla underlag. Den innovativa designen kombinerar h\u00e5llbarhet och prestanda, vilket g\u00f6r den till ett utm\u00e4rkt val f\u00f6r b\u00e5de amat\u00f6rer och proffs.<\/p>","protected":false},"excerpt":{"rendered":"<p>XLC:n kehitt\u00e4m\u00e4 Rodi TRYP 35 -etukiekko, joka on suunniteltu 29-tuumaiseen py\u00f6r\u00e4\u00e4n, on laadukas ja kest\u00e4v\u00e4 valinta maastopy\u00f6r\u00e4ilyyn. Kiekon 15 x 110 mm l\u00e4piakseli tarjoaa erinomaisen j\u00e4ykkyyden ja vakauden, mik\u00e4 auttaa pit\u00e4m\u00e4\u00e4n py\u00f6r\u00e4n hallinnassa my\u00f6s haastavissa maastoissa. Levyjarrutuki parantaa jarrutustehoa, mik\u00e4 tekee t\u00e4st\u00e4 kiekosta turvallisen ja luotettavan valinnan kaikille alustoille. Innovatiivinen muotoilu yhdist\u00e4\u00e4 kest\u00e4vyyden ja suorituskyvyn, [&#8230;]<\/p>\n<p><a class=\"btn btn-secondary understrap-read-more-link\" href=\"https:\/\/vmsport.fi\/sv\/verkkokauppa\/varaosat\/kiekot-ja-navat\/etukiekot\/xlc-etukiekko-rodi-tryp-35-29-front-15-x-110-mm-thru-axle-disc-brake\/\">L\u00e4s mer \u2026<span class=\"screen-reader-text\"> from XLC etukiekko Rodi TRYP 35 29&#8243; Front 15 x 110 mm thru axle, Disc brake,<\/span><\/a><\/p>\n","protected":false},"featured_media":56167,"comment_status":"open","ping_status":"closed","template":"","meta":{"_acf_changed":false,"_improvement_type_select":"improve_an_existing","_thumb_yes_seoaic":false,"_frame_yes_seoaic":false,"seoaic_generate_description":"","seoaic_improve_instructions_prompt":"","seoaic_rollback_content_improvement":"","seoaic_idea_thumbnail_generator":"","thumbnail_generated":false,"thumbnail_generate_prompt":"","seoaic_article_description":"","_supplier_stock_quantity":0},"product_brand":[],"product_model":[],"product_cat":[9484],"product_tag":[],"industry-terminology":[],"class_list":{"0":"post-56168","1":"product","2":"type-product","3":"status-publish","4":"has-post-thumbnail","6":"product_cat-etukiekot","8":"first","9":"outofstock","10":"taxable","11":"shipping-taxable","12":"product-type-simple"},"acf":{"bike_features":null,"overview":{"copy_overview":null,"key_features":null,"statement":"","youtube_url":""}},"yoast_head":"<!-- This site is optimized with the Yoast SEO plugin v27.3 - https:\/\/yoast.com\/product\/yoast-seo-wordpress\/ -->\n<title>XLC etukiekko Rodi TRYP 35 29&quot; Front 15 x 110 mm thru axle, Disc brake, - VM Sport<\/title>\n<meta name=\"robots\" content=\"index, follow, max-snippet:-1, max-image-preview:large, max-video-preview:-1\" \/>\n<link rel=\"canonical\" href=\"https:\/\/vmsport.fi\/sv\/webbutik\/reservdelar\/skivor-och-nav\/fram-falg\/xlc-front-hockey-rodi-tryp-35-29-fram-15-x-110-mm-genomgaende-axel-skivbroms\/\" \/>\n<meta property=\"og:locale\" content=\"sv_SE\" \/>\n<meta property=\"og:type\" content=\"article\" \/>\n<meta property=\"og:title\" content=\"XLC etukiekko Rodi TRYP 35 29&quot; Front 15 x 110 mm thru axle, Disc brake, - VM Sport\" \/>\n<meta property=\"og:description\" content=\"XLC:n kehitt\u00e4m\u00e4 Rodi TRYP 35 -etukiekko, joka on suunniteltu 29-tuumaiseen py\u00f6r\u00e4\u00e4n, on laadukas ja kest\u00e4v\u00e4 valinta maastopy\u00f6r\u00e4ilyyn. Kiekon 15 x 110 mm l\u00e4piakseli tarjoaa erinomaisen j\u00e4ykkyyden ja vakauden, mik\u00e4 auttaa pit\u00e4m\u00e4\u00e4n py\u00f6r\u00e4n hallinnassa my\u00f6s haastavissa maastoissa. Levyjarrutuki parantaa jarrutustehoa, mik\u00e4 tekee t\u00e4st\u00e4 kiekosta turvallisen ja luotettavan valinnan kaikille alustoille. Innovatiivinen muotoilu yhdist\u00e4\u00e4 kest\u00e4vyyden ja suorituskyvyn, [...]L\u00e4s mer \u2026 from XLC etukiekko Rodi TRYP 35 29&#8243; Front 15 x 110 mm thru axle, Disc brake,\" \/>\n<meta property=\"og:url\" content=\"https:\/\/vmsport.fi\/sv\/webbutik\/reservdelar\/skivor-och-nav\/fram-falg\/xlc-front-hockey-rodi-tryp-35-29-fram-15-x-110-mm-genomgaende-axel-skivbroms\/\" \/>\n<meta property=\"og:site_name\" content=\"VM Sport\" \/>\n<meta property=\"article:publisher\" content=\"https:\/\/www.facebook.com\/Vmsport.fi\/\" \/>\n<meta property=\"article:modified_time\" content=\"2026-01-16T11:26:09+00:00\" \/>\n<meta property=\"og:image\" content=\"https:\/\/vmsport.fi\/wp-content\/uploads\/2025\/03\/KNg2U2WPMaRso1TbEUWFWWbXn9tCqtHd3VuRoxWXE0EopCk6aC-1.jpg\" \/>\n\t<meta property=\"og:image:width\" content=\"800\" \/>\n\t<meta property=\"og:image:height\" content=\"800\" \/>\n\t<meta property=\"og:image:type\" content=\"image\/jpeg\" \/>\n<meta name=\"twitter:card\" content=\"summary_large_image\" \/>\n<script type=\"application\/ld+json\" class=\"yoast-schema-graph\">{\"@context\":\"https:\\\/\\\/schema.org\",\"@graph\":[{\"@type\":[\"WebPage\",\"ItemPage\"],\"@id\":\"https:\\\/\\\/vmsport.fi\\\/verkkokauppa\\\/varaosat\\\/kiekot-ja-navat\\\/etukiekot\\\/xlc-etukiekko-rodi-tryp-35-29-front-15-x-110-mm-thru-axle-disc-brake\\\/\",\"url\":\"https:\\\/\\\/vmsport.fi\\\/verkkokauppa\\\/varaosat\\\/kiekot-ja-navat\\\/etukiekot\\\/xlc-etukiekko-rodi-tryp-35-29-front-15-x-110-mm-thru-axle-disc-brake\\\/\",\"name\":\"XLC etukiekko Rodi TRYP 35 29\\\" Front 15 x 110 mm thru axle, Disc brake, - VM Sport\",\"isPartOf\":{\"@id\":\"https:\\\/\\\/vmsport.fi\\\/#website\"},\"primaryImageOfPage\":{\"@id\":\"https:\\\/\\\/vmsport.fi\\\/verkkokauppa\\\/varaosat\\\/kiekot-ja-navat\\\/etukiekot\\\/xlc-etukiekko-rodi-tryp-35-29-front-15-x-110-mm-thru-axle-disc-brake\\\/#primaryimage\"},\"image\":{\"@id\":\"https:\\\/\\\/vmsport.fi\\\/verkkokauppa\\\/varaosat\\\/kiekot-ja-navat\\\/etukiekot\\\/xlc-etukiekko-rodi-tryp-35-29-front-15-x-110-mm-thru-axle-disc-brake\\\/#primaryimage\"},\"thumbnailUrl\":\"https:\\\/\\\/vmsport.fi\\\/wp-content\\\/uploads\\\/2025\\\/03\\\/KNg2U2WPMaRso1TbEUWFWWbXn9tCqtHd3VuRoxWXE0EopCk6aC-1.jpg\",\"datePublished\":\"2025-03-05T22:16:36+00:00\",\"dateModified\":\"2026-01-16T11:26:09+00:00\",\"breadcrumb\":{\"@id\":\"https:\\\/\\\/vmsport.fi\\\/verkkokauppa\\\/varaosat\\\/kiekot-ja-navat\\\/etukiekot\\\/xlc-etukiekko-rodi-tryp-35-29-front-15-x-110-mm-thru-axle-disc-brake\\\/#breadcrumb\"},\"inLanguage\":\"sv-SE\",\"potentialAction\":[{\"@type\":\"ReadAction\",\"target\":[\"https:\\\/\\\/vmsport.fi\\\/verkkokauppa\\\/varaosat\\\/kiekot-ja-navat\\\/etukiekot\\\/xlc-etukiekko-rodi-tryp-35-29-front-15-x-110-mm-thru-axle-disc-brake\\\/\"]}]},{\"@type\":\"ImageObject\",\"inLanguage\":\"sv-SE\",\"@id\":\"https:\\\/\\\/vmsport.fi\\\/verkkokauppa\\\/varaosat\\\/kiekot-ja-navat\\\/etukiekot\\\/xlc-etukiekko-rodi-tryp-35-29-front-15-x-110-mm-thru-axle-disc-brake\\\/#primaryimage\",\"url\":\"https:\\\/\\\/vmsport.fi\\\/wp-content\\\/uploads\\\/2025\\\/03\\\/KNg2U2WPMaRso1TbEUWFWWbXn9tCqtHd3VuRoxWXE0EopCk6aC-1.jpg\",\"contentUrl\":\"https:\\\/\\\/vmsport.fi\\\/wp-content\\\/uploads\\\/2025\\\/03\\\/KNg2U2WPMaRso1TbEUWFWWbXn9tCqtHd3VuRoxWXE0EopCk6aC-1.jpg\",\"width\":800,\"height\":800,\"caption\":\"KNg2U2WPMaRso1TbEUWFWWbXn9tCqtHd3VuRoxWXE0EopCk6aC\"},{\"@type\":\"BreadcrumbList\",\"@id\":\"https:\\\/\\\/vmsport.fi\\\/verkkokauppa\\\/varaosat\\\/kiekot-ja-navat\\\/etukiekot\\\/xlc-etukiekko-rodi-tryp-35-29-front-15-x-110-mm-thru-axle-disc-brake\\\/#breadcrumb\",\"itemListElement\":[{\"@type\":\"ListItem\",\"position\":1,\"name\":\"Etusivu\",\"item\":\"https:\\\/\\\/vmsport.fi\\\/\"},{\"@type\":\"ListItem\",\"position\":2,\"name\":\"Online Store\",\"item\":\"https:\\\/\\\/vmsport.fi\\\/en\\\/online-store\\\/\"},{\"@type\":\"ListItem\",\"position\":3,\"name\":\"XLC etukiekko Rodi TRYP 35 29&#8243; Front 15 x 110 mm thru axle, Disc brake,\"}]},{\"@type\":\"WebSite\",\"@id\":\"https:\\\/\\\/vmsport.fi\\\/#website\",\"url\":\"https:\\\/\\\/vmsport.fi\\\/\",\"name\":\"Vmsport\",\"description\":\"Kaikki py\u00f6r\u00e4ilyyn yhdest\u00e4 paikasta\",\"publisher\":{\"@id\":\"https:\\\/\\\/vmsport.fi\\\/#organization\"},\"potentialAction\":[{\"@type\":\"SearchAction\",\"target\":{\"@type\":\"EntryPoint\",\"urlTemplate\":\"https:\\\/\\\/vmsport.fi\\\/?s={search_term_string}\"},\"query-input\":{\"@type\":\"PropertyValueSpecification\",\"valueRequired\":true,\"valueName\":\"search_term_string\"}}],\"inLanguage\":\"sv-SE\"},{\"@type\":\"Organization\",\"@id\":\"https:\\\/\\\/vmsport.fi\\\/#organization\",\"name\":\"Vmsport\",\"url\":\"https:\\\/\\\/vmsport.fi\\\/\",\"logo\":{\"@type\":\"ImageObject\",\"inLanguage\":\"sv-SE\",\"@id\":\"https:\\\/\\\/vmsport.fi\\\/#\\\/schema\\\/logo\\\/image\\\/\",\"url\":\"https:\\\/\\\/vmsport.fi\\\/wp-content\\\/uploads\\\/2024\\\/12\\\/vm_sport_RGB_horisontal-e1734526017575.png\",\"contentUrl\":\"https:\\\/\\\/vmsport.fi\\\/wp-content\\\/uploads\\\/2024\\\/12\\\/vm_sport_RGB_horisontal-e1734526017575.png\",\"width\":668,\"height\":85,\"caption\":\"Vmsport\"},\"image\":{\"@id\":\"https:\\\/\\\/vmsport.fi\\\/#\\\/schema\\\/logo\\\/image\\\/\"},\"sameAs\":[\"https:\\\/\\\/www.facebook.com\\\/Vmsport.fi\\\/\",\"https:\\\/\\\/www.instagram.com\\\/vmsport\\\/\"]}]}<\/script>\n<!-- \/ Yoast SEO plugin. -->","yoast_head_json":{"title":"XLC skivbroms fram Rodi TRYP 35 29\" Fram 15 x 110 mm genomg\u00e5ende axel, Skivbroms, - VM Sport","robots":{"index":"index","follow":"follow","max-snippet":"max-snippet:-1","max-image-preview":"max-image-preview:large","max-video-preview":"max-video-preview:-1"},"canonical":"https:\/\/vmsport.fi\/sv\/webbutik\/reservdelar\/skivor-och-nav\/fram-falg\/xlc-front-hockey-rodi-tryp-35-29-fram-15-x-110-mm-genomgaende-axel-skivbroms\/","og_locale":"sv_SE","og_type":"article","og_title":"XLC etukiekko Rodi TRYP 35 29\" Front 15 x 110 mm thru axle, Disc brake, - VM Sport","og_description":"XLC:n kehitt\u00e4m\u00e4 Rodi TRYP 35 -etukiekko, joka on suunniteltu 29-tuumaiseen py\u00f6r\u00e4\u00e4n, on laadukas ja kest\u00e4v\u00e4 valinta maastopy\u00f6r\u00e4ilyyn. Kiekon 15 x 110 mm l\u00e4piakseli tarjoaa erinomaisen j\u00e4ykkyyden ja vakauden, mik\u00e4 auttaa pit\u00e4m\u00e4\u00e4n py\u00f6r\u00e4n hallinnassa my\u00f6s haastavissa maastoissa. Levyjarrutuki parantaa jarrutustehoa, mik\u00e4 tekee t\u00e4st\u00e4 kiekosta turvallisen ja luotettavan valinnan kaikille alustoille. Innovatiivinen muotoilu yhdist\u00e4\u00e4 kest\u00e4vyyden ja suorituskyvyn, [...]L\u00e4s mer \u2026 from XLC etukiekko Rodi TRYP 35 29&#8243; Front 15 x 110 mm thru axle, Disc brake,","og_url":"https:\/\/vmsport.fi\/sv\/webbutik\/reservdelar\/skivor-och-nav\/fram-falg\/xlc-front-hockey-rodi-tryp-35-29-fram-15-x-110-mm-genomgaende-axel-skivbroms\/","og_site_name":"VM Sport","article_publisher":"https:\/\/www.facebook.com\/Vmsport.fi\/","article_modified_time":"2026-01-16T11:26:09+00:00","og_image":[{"width":800,"height":800,"url":"https:\/\/vmsport.fi\/wp-content\/uploads\/2025\/03\/KNg2U2WPMaRso1TbEUWFWWbXn9tCqtHd3VuRoxWXE0EopCk6aC-1.jpg","type":"image\/jpeg"}],"twitter_card":"summary_large_image","schema":{"@context":"https:\/\/schema.org","@graph":[{"@type":["WebPage","ItemPage"],"@id":"https:\/\/vmsport.fi\/verkkokauppa\/varaosat\/kiekot-ja-navat\/etukiekot\/xlc-etukiekko-rodi-tryp-35-29-front-15-x-110-mm-thru-axle-disc-brake\/","url":"https:\/\/vmsport.fi\/verkkokauppa\/varaosat\/kiekot-ja-navat\/etukiekot\/xlc-etukiekko-rodi-tryp-35-29-front-15-x-110-mm-thru-axle-disc-brake\/","name":"XLC skivbroms fram Rodi TRYP 35 29\" Fram 15 x 110 mm genomg\u00e5ende axel, Skivbroms, - VM Sport","isPartOf":{"@id":"https:\/\/vmsport.fi\/#website"},"primaryImageOfPage":{"@id":"https:\/\/vmsport.fi\/verkkokauppa\/varaosat\/kiekot-ja-navat\/etukiekot\/xlc-etukiekko-rodi-tryp-35-29-front-15-x-110-mm-thru-axle-disc-brake\/#primaryimage"},"image":{"@id":"https:\/\/vmsport.fi\/verkkokauppa\/varaosat\/kiekot-ja-navat\/etukiekot\/xlc-etukiekko-rodi-tryp-35-29-front-15-x-110-mm-thru-axle-disc-brake\/#primaryimage"},"thumbnailUrl":"https:\/\/vmsport.fi\/wp-content\/uploads\/2025\/03\/KNg2U2WPMaRso1TbEUWFWWbXn9tCqtHd3VuRoxWXE0EopCk6aC-1.jpg","datePublished":"2025-03-05T22:16:36+00:00","dateModified":"2026-01-16T11:26:09+00:00","breadcrumb":{"@id":"https:\/\/vmsport.fi\/verkkokauppa\/varaosat\/kiekot-ja-navat\/etukiekot\/xlc-etukiekko-rodi-tryp-35-29-front-15-x-110-mm-thru-axle-disc-brake\/#breadcrumb"},"inLanguage":"sv-SE","potentialAction":[{"@type":"ReadAction","target":["https:\/\/vmsport.fi\/verkkokauppa\/varaosat\/kiekot-ja-navat\/etukiekot\/xlc-etukiekko-rodi-tryp-35-29-front-15-x-110-mm-thru-axle-disc-brake\/"]}]},{"@type":"ImageObject","inLanguage":"sv-SE","@id":"https:\/\/vmsport.fi\/verkkokauppa\/varaosat\/kiekot-ja-navat\/etukiekot\/xlc-etukiekko-rodi-tryp-35-29-front-15-x-110-mm-thru-axle-disc-brake\/#primaryimage","url":"https:\/\/vmsport.fi\/wp-content\/uploads\/2025\/03\/KNg2U2WPMaRso1TbEUWFWWbXn9tCqtHd3VuRoxWXE0EopCk6aC-1.jpg","contentUrl":"https:\/\/vmsport.fi\/wp-content\/uploads\/2025\/03\/KNg2U2WPMaRso1TbEUWFWWbXn9tCqtHd3VuRoxWXE0EopCk6aC-1.jpg","width":800,"height":800,"caption":"KNg2U2WPMaRso1TbEUWFWWbXn9tCqtHd3VuRoxWXE0EopCk6aC"},{"@type":"BreadcrumbList","@id":"https:\/\/vmsport.fi\/verkkokauppa\/varaosat\/kiekot-ja-navat\/etukiekot\/xlc-etukiekko-rodi-tryp-35-29-front-15-x-110-mm-thru-axle-disc-brake\/#breadcrumb","itemListElement":[{"@type":"ListItem","position":1,"name":"Etusivu","item":"https:\/\/vmsport.fi\/"},{"@type":"ListItem","position":2,"name":"Online Store","item":"https:\/\/vmsport.fi\/en\/online-store\/"},{"@type":"ListItem","position":3,"name":"XLC etukiekko Rodi TRYP 35 29&#8243; Front 15 x 110 mm thru axle, Disc brake,"}]},{"@type":"WebSite","@id":"https:\/\/vmsport.fi\/#website","url":"https:\/\/vmsport.fi\/","name":"Vmsport","description":"Allt p\u00e5 ett st\u00e4lle f\u00f6r cykling","publisher":{"@id":"https:\/\/vmsport.fi\/#organization"},"potentialAction":[{"@type":"SearchAction","target":{"@type":"EntryPoint","urlTemplate":"https:\/\/vmsport.fi\/?s={search_term_string}"},"query-input":{"@type":"PropertyValueSpecification","valueRequired":true,"valueName":"search_term_string"}}],"inLanguage":"sv-SE"},{"@type":"Organization","@id":"https:\/\/vmsport.fi\/#organization","name":"Vmsport","url":"https:\/\/vmsport.fi\/","logo":{"@type":"ImageObject","inLanguage":"sv-SE","@id":"https:\/\/vmsport.fi\/#\/schema\/logo\/image\/","url":"https:\/\/vmsport.fi\/wp-content\/uploads\/2024\/12\/vm_sport_RGB_horisontal-e1734526017575.png","contentUrl":"https:\/\/vmsport.fi\/wp-content\/uploads\/2024\/12\/vm_sport_RGB_horisontal-e1734526017575.png","width":668,"height":85,"caption":"Vmsport"},"image":{"@id":"https:\/\/vmsport.fi\/#\/schema\/logo\/image\/"},"sameAs":["https:\/\/www.facebook.com\/Vmsport.fi\/","https:\/\/www.instagram.com\/vmsport\/"]}]}},"global_unique_id":"","_links":{"self":[{"href":"https:\/\/vmsport.fi\/sv\/wp-json\/wp\/v2\/product\/56168","targetHints":{"allow":["GET"]}}],"collection":[{"href":"https:\/\/vmsport.fi\/sv\/wp-json\/wp\/v2\/product"}],"about":[{"href":"https:\/\/vmsport.fi\/sv\/wp-json\/wp\/v2\/types\/product"}],"replies":[{"embeddable":true,"href":"https:\/\/vmsport.fi\/sv\/wp-json\/wp\/v2\/comments?post=56168"}],"wp:featuredmedia":[{"embeddable":true,"href":"https:\/\/vmsport.fi\/sv\/wp-json\/wp\/v2\/media\/56167"}],"wp:attachment":[{"href":"https:\/\/vmsport.fi\/sv\/wp-json\/wp\/v2\/media?parent=56168"}],"wp:term":[{"taxonomy":"product_brand","embeddable":true,"href":"https:\/\/vmsport.fi\/sv\/wp-json\/wp\/v2\/product_brand?post=56168"},{"taxonomy":"product_model","embeddable":true,"href":"https:\/\/vmsport.fi\/sv\/wp-json\/wp\/v2\/product_model?post=56168"},{"taxonomy":"product_cat","embeddable":true,"href":"https:\/\/vmsport.fi\/sv\/wp-json\/wp\/v2\/product_cat?post=56168"},{"taxonomy":"product_tag","embeddable":true,"href":"https:\/\/vmsport.fi\/sv\/wp-json\/wp\/v2\/product_tag?post=56168"},{"taxonomy":"industry_terminology","embeddable":true,"href":"https:\/\/vmsport.fi\/sv\/wp-json\/wp\/v2\/industry-terminology?post=56168"}],"curies":[{"name":"wp","href":"https:\/\/api.w.org\/{rel}","templated":true}]}}