{"id":56166,"date":"2025-03-06T00:16:35","date_gmt":"2025-03-05T22:16:35","guid":{"rendered":"https:\/\/vmsport.fi\/verkkokauppa\/Ei-luokiteltu\/poljin-9-16-union-sp-820\/"},"modified":"2026-04-22T15:00:53","modified_gmt":"2026-04-22T12:00:53","slug":"poljin-9-16-union-sp-820","status":"publish","type":"product","link":"https:\/\/vmsport.fi\/sv\/verkkokauppa\/varaosat\/polkimet\/flat-bmx-ja-dh-polkimet\/poljin-9-16-union-sp-820\/","title":{"rendered":"Poljin 9\/16 UNION SP-820"},"content":{"rendered":"<p>Union SP-820 -polkimet on suunniteltu tarjoamaan tehokkaan ja mukavan ajokokemuksen niiden kest\u00e4v\u00e4ss\u00e4, mustassa rungossa, joka takaa pitk\u00e4n k\u00e4ytt\u00f6i\u00e4n. N\u00e4iss\u00e4 polkimissa on 9\/16 tuuman kierteet, jotka tekev\u00e4t niist\u00e4 yhteensopivat useimpien polkupy\u00f6rien kanssa, lis\u00e4ten niiden monipuolisuutta. Polkimien liukumaton pinta tarjoaa erinomaisen pidon haastavissakin olosuhteissa, mik\u00e4 parantaa ajon turvallisuutta. Lis\u00e4ksi polkimissa olevat heijastimet parantavat n\u00e4kyvyytt\u00e4 liikenteess\u00e4, varmistaen, ett\u00e4 pysyt havaittavissa pime\u00e4ss\u00e4 ajaessasi. N\u00e4iden polkimien kest\u00e4vyys tekee niist\u00e4 ihanteellisen valinnan aktiivisille py\u00f6r\u00e4ilij\u00f6ille, jotka arvostavat laatua ja luotettavuutta.<\/p>","protected":false},"excerpt":{"rendered":"<p>Union SP-820 -polkimet on suunniteltu tarjoamaan tehokkaan ja mukavan ajokokemuksen niiden kest\u00e4v\u00e4ss\u00e4, mustassa rungossa, joka takaa pitk\u00e4n k\u00e4ytt\u00f6i\u00e4n. N\u00e4iss\u00e4 polkimissa on 9\/16 tuuman kierteet, jotka tekev\u00e4t niist\u00e4 yhteensopivat useimpien polkupy\u00f6rien kanssa, lis\u00e4ten niiden monipuolisuutta. Polkimien liukumaton pinta tarjoaa erinomaisen pidon haastavissakin olosuhteissa, mik\u00e4 parantaa ajon turvallisuutta. Lis\u00e4ksi polkimissa olevat heijastimet parantavat n\u00e4kyvyytt\u00e4 liikenteess\u00e4, varmistaen, ett\u00e4 [&#8230;]<\/p>\n<p><a class=\"btn btn-secondary understrap-read-more-link\" href=\"https:\/\/vmsport.fi\/sv\/verkkokauppa\/varaosat\/polkimet\/flat-bmx-ja-dh-polkimet\/poljin-9-16-union-sp-820\/\">L\u00e4s mer \u2026<span class=\"screen-reader-text\"> from Poljin 9\/16 UNION SP-820<\/span><\/a><\/p>\n","protected":false},"featured_media":56165,"comment_status":"open","ping_status":"closed","template":"","meta":{"_acf_changed":false,"_improvement_type_select":"improve_an_existing","_thumb_yes_seoaic":false,"_frame_yes_seoaic":false,"seoaic_generate_description":"","seoaic_improve_instructions_prompt":"","seoaic_rollback_content_improvement":"","seoaic_idea_thumbnail_generator":"","thumbnail_generated":false,"thumbnail_generate_prompt":"","seoaic_article_description":"","_supplier_stock_quantity":0},"product_brand":[],"product_model":[],"product_cat":[9308],"product_tag":[],"industry-terminology":[],"class_list":{"0":"post-56166","1":"product","2":"type-product","3":"status-publish","4":"has-post-thumbnail","6":"product_cat-flat-bmx-ja-dh-polkimet","8":"first","9":"outofstock","10":"taxable","11":"shipping-taxable","12":"product-type-simple"},"acf":{"bike_features":null,"overview":{"copy_overview":null,"key_features":null,"statement":"","youtube_url":""}},"yoast_head":"<!-- This site is optimized with the Yoast SEO plugin v27.4 - https:\/\/yoast.com\/product\/yoast-seo-wordpress\/ -->\n<title>Poljin 9\/16 UNION SP-820 - VM Sport<\/title>\n<meta name=\"robots\" content=\"index, follow, max-snippet:-1, max-image-preview:large, max-video-preview:-1\" \/>\n<link rel=\"canonical\" href=\"https:\/\/vmsport.fi\/sv\/webbutik\/reservdelar\/pedaler\/platta-bmx-och-dh-pedaler\/poljin-9-16-union-sp-820\/\" \/>\n<meta property=\"og:locale\" content=\"sv_SE\" \/>\n<meta property=\"og:type\" content=\"article\" \/>\n<meta property=\"og:title\" content=\"Poljin 9\/16 UNION SP-820 - VM Sport\" \/>\n<meta property=\"og:description\" content=\"Union SP-820 -polkimet on suunniteltu tarjoamaan tehokkaan ja mukavan ajokokemuksen niiden kest\u00e4v\u00e4ss\u00e4, mustassa rungossa, joka takaa pitk\u00e4n k\u00e4ytt\u00f6i\u00e4n. N\u00e4iss\u00e4 polkimissa on 9\/16 tuuman kierteet, jotka tekev\u00e4t niist\u00e4 yhteensopivat useimpien polkupy\u00f6rien kanssa, lis\u00e4ten niiden monipuolisuutta. Polkimien liukumaton pinta tarjoaa erinomaisen pidon haastavissakin olosuhteissa, mik\u00e4 parantaa ajon turvallisuutta. Lis\u00e4ksi polkimissa olevat heijastimet parantavat n\u00e4kyvyytt\u00e4 liikenteess\u00e4, varmistaen, ett\u00e4 [...]L\u00e4s mer \u2026 from Poljin 9\/16 UNION SP-820\" \/>\n<meta property=\"og:url\" content=\"https:\/\/vmsport.fi\/sv\/webbutik\/reservdelar\/pedaler\/platta-bmx-och-dh-pedaler\/poljin-9-16-union-sp-820\/\" \/>\n<meta property=\"og:site_name\" content=\"VM Sport\" \/>\n<meta property=\"article:publisher\" content=\"https:\/\/www.facebook.com\/Vmsport.fi\/\" \/>\n<meta property=\"article:modified_time\" content=\"2026-04-22T12:00:53+00:00\" \/>\n<meta property=\"og:image\" content=\"https:\/\/vmsport.fi\/wp-content\/uploads\/2025\/03\/60821-1.jpg\" \/>\n\t<meta property=\"og:image:width\" content=\"1000\" \/>\n\t<meta property=\"og:image:height\" content=\"680\" \/>\n\t<meta property=\"og:image:type\" content=\"image\/jpeg\" \/>\n<meta name=\"twitter:card\" content=\"summary_large_image\" \/>\n<script type=\"application\/ld+json\" class=\"yoast-schema-graph\">{\"@context\":\"https:\\\/\\\/schema.org\",\"@graph\":[{\"@type\":[\"WebPage\",\"ItemPage\"],\"@id\":\"https:\\\/\\\/vmsport.fi\\\/verkkokauppa\\\/varaosat\\\/polkimet\\\/flat-bmx-ja-dh-polkimet\\\/poljin-9-16-union-sp-820\\\/\",\"url\":\"https:\\\/\\\/vmsport.fi\\\/verkkokauppa\\\/varaosat\\\/polkimet\\\/flat-bmx-ja-dh-polkimet\\\/poljin-9-16-union-sp-820\\\/\",\"name\":\"Poljin 9\\\/16 UNION SP-820 - VM Sport\",\"isPartOf\":{\"@id\":\"https:\\\/\\\/vmsport.fi\\\/#website\"},\"primaryImageOfPage\":{\"@id\":\"https:\\\/\\\/vmsport.fi\\\/verkkokauppa\\\/varaosat\\\/polkimet\\\/flat-bmx-ja-dh-polkimet\\\/poljin-9-16-union-sp-820\\\/#primaryimage\"},\"image\":{\"@id\":\"https:\\\/\\\/vmsport.fi\\\/verkkokauppa\\\/varaosat\\\/polkimet\\\/flat-bmx-ja-dh-polkimet\\\/poljin-9-16-union-sp-820\\\/#primaryimage\"},\"thumbnailUrl\":\"https:\\\/\\\/vmsport.fi\\\/wp-content\\\/uploads\\\/2025\\\/03\\\/60821-1.jpg\",\"datePublished\":\"2025-03-05T22:16:35+00:00\",\"dateModified\":\"2026-04-22T12:00:53+00:00\",\"breadcrumb\":{\"@id\":\"https:\\\/\\\/vmsport.fi\\\/verkkokauppa\\\/varaosat\\\/polkimet\\\/flat-bmx-ja-dh-polkimet\\\/poljin-9-16-union-sp-820\\\/#breadcrumb\"},\"inLanguage\":\"sv-SE\",\"potentialAction\":[{\"@type\":\"ReadAction\",\"target\":[\"https:\\\/\\\/vmsport.fi\\\/verkkokauppa\\\/varaosat\\\/polkimet\\\/flat-bmx-ja-dh-polkimet\\\/poljin-9-16-union-sp-820\\\/\"]}]},{\"@type\":\"ImageObject\",\"inLanguage\":\"sv-SE\",\"@id\":\"https:\\\/\\\/vmsport.fi\\\/verkkokauppa\\\/varaosat\\\/polkimet\\\/flat-bmx-ja-dh-polkimet\\\/poljin-9-16-union-sp-820\\\/#primaryimage\",\"url\":\"https:\\\/\\\/vmsport.fi\\\/wp-content\\\/uploads\\\/2025\\\/03\\\/60821-1.jpg\",\"contentUrl\":\"https:\\\/\\\/vmsport.fi\\\/wp-content\\\/uploads\\\/2025\\\/03\\\/60821-1.jpg\",\"width\":1000,\"height\":680,\"caption\":\"60821\"},{\"@type\":\"BreadcrumbList\",\"@id\":\"https:\\\/\\\/vmsport.fi\\\/verkkokauppa\\\/varaosat\\\/polkimet\\\/flat-bmx-ja-dh-polkimet\\\/poljin-9-16-union-sp-820\\\/#breadcrumb\",\"itemListElement\":[{\"@type\":\"ListItem\",\"position\":1,\"name\":\"Etusivu\",\"item\":\"https:\\\/\\\/vmsport.fi\\\/\"},{\"@type\":\"ListItem\",\"position\":2,\"name\":\"Online Store\",\"item\":\"https:\\\/\\\/vmsport.fi\\\/en\\\/online-store\\\/\"},{\"@type\":\"ListItem\",\"position\":3,\"name\":\"Poljin 9\\\/16 UNION SP-820\"}]},{\"@type\":\"WebSite\",\"@id\":\"https:\\\/\\\/vmsport.fi\\\/#website\",\"url\":\"https:\\\/\\\/vmsport.fi\\\/\",\"name\":\"Vmsport\",\"description\":\"Kaikki py\u00f6r\u00e4ilyyn yhdest\u00e4 paikasta\",\"publisher\":{\"@id\":\"https:\\\/\\\/vmsport.fi\\\/#organization\"},\"potentialAction\":[{\"@type\":\"SearchAction\",\"target\":{\"@type\":\"EntryPoint\",\"urlTemplate\":\"https:\\\/\\\/vmsport.fi\\\/?s={search_term_string}\"},\"query-input\":{\"@type\":\"PropertyValueSpecification\",\"valueRequired\":true,\"valueName\":\"search_term_string\"}}],\"inLanguage\":\"sv-SE\"},{\"@type\":\"Organization\",\"@id\":\"https:\\\/\\\/vmsport.fi\\\/#organization\",\"name\":\"Vmsport\",\"url\":\"https:\\\/\\\/vmsport.fi\\\/\",\"logo\":{\"@type\":\"ImageObject\",\"inLanguage\":\"sv-SE\",\"@id\":\"https:\\\/\\\/vmsport.fi\\\/#\\\/schema\\\/logo\\\/image\\\/\",\"url\":\"https:\\\/\\\/vmsport.fi\\\/wp-content\\\/uploads\\\/2024\\\/12\\\/vm_sport_RGB_horisontal-e1734526017575.png\",\"contentUrl\":\"https:\\\/\\\/vmsport.fi\\\/wp-content\\\/uploads\\\/2024\\\/12\\\/vm_sport_RGB_horisontal-e1734526017575.png\",\"width\":668,\"height\":85,\"caption\":\"Vmsport\"},\"image\":{\"@id\":\"https:\\\/\\\/vmsport.fi\\\/#\\\/schema\\\/logo\\\/image\\\/\"},\"sameAs\":[\"https:\\\/\\\/www.facebook.com\\\/Vmsport.fi\\\/\",\"https:\\\/\\\/www.instagram.com\\\/vmsport\\\/\"]}]}<\/script>\n<!-- \/ Yoast SEO plugin. -->","yoast_head_json":{"title":"Poljin 9\/16 UNION SP-820 - VM Sport","robots":{"index":"index","follow":"follow","max-snippet":"max-snippet:-1","max-image-preview":"max-image-preview:large","max-video-preview":"max-video-preview:-1"},"canonical":"https:\/\/vmsport.fi\/sv\/webbutik\/reservdelar\/pedaler\/platta-bmx-och-dh-pedaler\/poljin-9-16-union-sp-820\/","og_locale":"sv_SE","og_type":"article","og_title":"Poljin 9\/16 UNION SP-820 - VM Sport","og_description":"Union SP-820 -polkimet on suunniteltu tarjoamaan tehokkaan ja mukavan ajokokemuksen niiden kest\u00e4v\u00e4ss\u00e4, mustassa rungossa, joka takaa pitk\u00e4n k\u00e4ytt\u00f6i\u00e4n. N\u00e4iss\u00e4 polkimissa on 9\/16 tuuman kierteet, jotka tekev\u00e4t niist\u00e4 yhteensopivat useimpien polkupy\u00f6rien kanssa, lis\u00e4ten niiden monipuolisuutta. Polkimien liukumaton pinta tarjoaa erinomaisen pidon haastavissakin olosuhteissa, mik\u00e4 parantaa ajon turvallisuutta. Lis\u00e4ksi polkimissa olevat heijastimet parantavat n\u00e4kyvyytt\u00e4 liikenteess\u00e4, varmistaen, ett\u00e4 [...]L\u00e4s mer \u2026 from Poljin 9\/16 UNION SP-820","og_url":"https:\/\/vmsport.fi\/sv\/webbutik\/reservdelar\/pedaler\/platta-bmx-och-dh-pedaler\/poljin-9-16-union-sp-820\/","og_site_name":"VM Sport","article_publisher":"https:\/\/www.facebook.com\/Vmsport.fi\/","article_modified_time":"2026-04-22T12:00:53+00:00","og_image":[{"width":1000,"height":680,"url":"https:\/\/vmsport.fi\/wp-content\/uploads\/2025\/03\/60821-1.jpg","type":"image\/jpeg"}],"twitter_card":"summary_large_image","schema":{"@context":"https:\/\/schema.org","@graph":[{"@type":["WebPage","ItemPage"],"@id":"https:\/\/vmsport.fi\/verkkokauppa\/varaosat\/polkimet\/flat-bmx-ja-dh-polkimet\/poljin-9-16-union-sp-820\/","url":"https:\/\/vmsport.fi\/verkkokauppa\/varaosat\/polkimet\/flat-bmx-ja-dh-polkimet\/poljin-9-16-union-sp-820\/","name":"Poljin 9\/16 UNION SP-820 - VM Sport","isPartOf":{"@id":"https:\/\/vmsport.fi\/#website"},"primaryImageOfPage":{"@id":"https:\/\/vmsport.fi\/verkkokauppa\/varaosat\/polkimet\/flat-bmx-ja-dh-polkimet\/poljin-9-16-union-sp-820\/#primaryimage"},"image":{"@id":"https:\/\/vmsport.fi\/verkkokauppa\/varaosat\/polkimet\/flat-bmx-ja-dh-polkimet\/poljin-9-16-union-sp-820\/#primaryimage"},"thumbnailUrl":"https:\/\/vmsport.fi\/wp-content\/uploads\/2025\/03\/60821-1.jpg","datePublished":"2025-03-05T22:16:35+00:00","dateModified":"2026-04-22T12:00:53+00:00","breadcrumb":{"@id":"https:\/\/vmsport.fi\/verkkokauppa\/varaosat\/polkimet\/flat-bmx-ja-dh-polkimet\/poljin-9-16-union-sp-820\/#breadcrumb"},"inLanguage":"sv-SE","potentialAction":[{"@type":"ReadAction","target":["https:\/\/vmsport.fi\/verkkokauppa\/varaosat\/polkimet\/flat-bmx-ja-dh-polkimet\/poljin-9-16-union-sp-820\/"]}]},{"@type":"ImageObject","inLanguage":"sv-SE","@id":"https:\/\/vmsport.fi\/verkkokauppa\/varaosat\/polkimet\/flat-bmx-ja-dh-polkimet\/poljin-9-16-union-sp-820\/#primaryimage","url":"https:\/\/vmsport.fi\/wp-content\/uploads\/2025\/03\/60821-1.jpg","contentUrl":"https:\/\/vmsport.fi\/wp-content\/uploads\/2025\/03\/60821-1.jpg","width":1000,"height":680,"caption":"60821"},{"@type":"BreadcrumbList","@id":"https:\/\/vmsport.fi\/verkkokauppa\/varaosat\/polkimet\/flat-bmx-ja-dh-polkimet\/poljin-9-16-union-sp-820\/#breadcrumb","itemListElement":[{"@type":"ListItem","position":1,"name":"Etusivu","item":"https:\/\/vmsport.fi\/"},{"@type":"ListItem","position":2,"name":"Online Store","item":"https:\/\/vmsport.fi\/en\/online-store\/"},{"@type":"ListItem","position":3,"name":"Poljin 9\/16 UNION SP-820"}]},{"@type":"WebSite","@id":"https:\/\/vmsport.fi\/#website","url":"https:\/\/vmsport.fi\/","name":"Vmsport","description":"Allt p\u00e5 ett st\u00e4lle f\u00f6r cykling","publisher":{"@id":"https:\/\/vmsport.fi\/#organization"},"potentialAction":[{"@type":"SearchAction","target":{"@type":"EntryPoint","urlTemplate":"https:\/\/vmsport.fi\/?s={search_term_string}"},"query-input":{"@type":"PropertyValueSpecification","valueRequired":true,"valueName":"search_term_string"}}],"inLanguage":"sv-SE"},{"@type":"Organization","@id":"https:\/\/vmsport.fi\/#organization","name":"Vmsport","url":"https:\/\/vmsport.fi\/","logo":{"@type":"ImageObject","inLanguage":"sv-SE","@id":"https:\/\/vmsport.fi\/#\/schema\/logo\/image\/","url":"https:\/\/vmsport.fi\/wp-content\/uploads\/2024\/12\/vm_sport_RGB_horisontal-e1734526017575.png","contentUrl":"https:\/\/vmsport.fi\/wp-content\/uploads\/2024\/12\/vm_sport_RGB_horisontal-e1734526017575.png","width":668,"height":85,"caption":"Vmsport"},"image":{"@id":"https:\/\/vmsport.fi\/#\/schema\/logo\/image\/"},"sameAs":["https:\/\/www.facebook.com\/Vmsport.fi\/","https:\/\/www.instagram.com\/vmsport\/"]}]}},"global_unique_id":"","_links":{"self":[{"href":"https:\/\/vmsport.fi\/sv\/wp-json\/wp\/v2\/product\/56166","targetHints":{"allow":["GET"]}}],"collection":[{"href":"https:\/\/vmsport.fi\/sv\/wp-json\/wp\/v2\/product"}],"about":[{"href":"https:\/\/vmsport.fi\/sv\/wp-json\/wp\/v2\/types\/product"}],"replies":[{"embeddable":true,"href":"https:\/\/vmsport.fi\/sv\/wp-json\/wp\/v2\/comments?post=56166"}],"wp:featuredmedia":[{"embeddable":true,"href":"https:\/\/vmsport.fi\/sv\/wp-json\/wp\/v2\/media\/56165"}],"wp:attachment":[{"href":"https:\/\/vmsport.fi\/sv\/wp-json\/wp\/v2\/media?parent=56166"}],"wp:term":[{"taxonomy":"product_brand","embeddable":true,"href":"https:\/\/vmsport.fi\/sv\/wp-json\/wp\/v2\/product_brand?post=56166"},{"taxonomy":"product_model","embeddable":true,"href":"https:\/\/vmsport.fi\/sv\/wp-json\/wp\/v2\/product_model?post=56166"},{"taxonomy":"product_cat","embeddable":true,"href":"https:\/\/vmsport.fi\/sv\/wp-json\/wp\/v2\/product_cat?post=56166"},{"taxonomy":"product_tag","embeddable":true,"href":"https:\/\/vmsport.fi\/sv\/wp-json\/wp\/v2\/product_tag?post=56166"},{"taxonomy":"industry_terminology","embeddable":true,"href":"https:\/\/vmsport.fi\/sv\/wp-json\/wp\/v2\/industry-terminology?post=56166"}],"curies":[{"name":"wp","href":"https:\/\/api.w.org\/{rel}","templated":true}]}}