{"id":56162,"date":"2025-03-06T00:16:33","date_gmt":"2025-03-05T22:16:33","guid":{"rendered":"https:\/\/vmsport.fi\/verkkokauppa\/Ei-luokiteltu\/sram-chain-connector-powerlock-11-speed-silver\/"},"modified":"2026-04-22T15:09:58","modified_gmt":"2026-04-22T12:09:58","slug":"sram-kedjekoppling-powerlock-11-vaxlar-silver","status":"publish","type":"product","link":"https:\/\/vmsport.fi\/sv\/verkkokauppa\/varaosat\/voimansiirto\/ketjut\/sram-chain-connector-powerlock-11-speed-silver\/","title":{"rendered":"SRAM kedjekoppling PowerLock 11 v\u00e4xlar Silver"},"content":{"rendered":"<p>SRAM PowerLock-kedjekl\u00e4mman g\u00f6r att 11-v\u00e4xlade kedjor kan anslutas snabbt och s\u00e4kert utan verktyg, f\u00f6r \u00f6kad anv\u00e4ndarv\u00e4nlighet och komfort. Denna p\u00e5litliga komponent i SRAM:s 1x\u2122 drivlina kombinerar l\u00e4tthet och h\u00e5llbarhet, vilket \u00e5terspeglar avancerad kedjeteknik. Den silverf\u00e4rgade, nickelpl\u00e4terade kedjeringen representerar premiumdesign, vilket g\u00f6r den till ett utm\u00e4rkt val f\u00f6r alla som letar efter en h\u00e5llbar och l\u00e4ttanv\u00e4nd l\u00f6sning.<\/p>","protected":false},"excerpt":{"rendered":"<p>SRAM PowerLock -ketjukiinnike mahdollistaa 11-vaihteisten ketjujen nopean ja turvallisen liitt\u00e4misen ilman ty\u00f6kaluja, mik\u00e4 parantaa k\u00e4yt\u00f6n vaivattomuutta ja mukavuutta. T\u00e4m\u00e4 luotettava osa SRAMin 1x\u2122-voimansiirrossa yhdist\u00e4\u00e4 keveyden ja kest\u00e4vyyden, mik\u00e4 ilment\u00e4\u00e4 edistynytt\u00e4 ketjuteknologiaa. Hopeanv\u00e4rinen, nikkelipinnoitettu ketjuliitin edustaa korkealuokkaista suunnittelua, tehden siit\u00e4 loistavan valinnan kaikille, jotka etsiv\u00e4t kest\u00e4v\u00e4\u00e4 ja helppok\u00e4ytt\u00f6ist\u00e4 ratkaisua. [&#8230;]<\/p>\n<p><a class=\"btn btn-secondary understrap-read-more-link\" href=\"https:\/\/vmsport.fi\/sv\/verkkokauppa\/varaosat\/voimansiirto\/ketjut\/sram-chain-connector-powerlock-11-speed-silver\/\">L\u00e4s mer \u2026<span class=\"screen-reader-text\"> from SRAM Chain connector PowerLock 11 speed Silver<\/span><\/a><\/p>\n","protected":false},"featured_media":56161,"comment_status":"open","ping_status":"closed","template":"","meta":{"_acf_changed":false,"_improvement_type_select":"improve_an_existing","_thumb_yes_seoaic":false,"_frame_yes_seoaic":false,"seoaic_generate_description":"","seoaic_improve_instructions_prompt":"","seoaic_rollback_content_improvement":"","seoaic_idea_thumbnail_generator":"","thumbnail_generated":false,"thumbnail_generate_prompt":"","seoaic_article_description":"","_supplier_stock_quantity":0},"product_brand":[1588],"product_model":[],"product_cat":[9352],"product_tag":[],"industry-terminology":[],"class_list":{"0":"post-56162","1":"product","2":"type-product","3":"status-publish","4":"has-post-thumbnail","6":"product_brand-sram","7":"product_cat-ketjut","9":"first","10":"instock","11":"taxable","12":"shipping-taxable","13":"purchasable","14":"product-type-simple"},"acf":{"bike_features":null,"overview":{"copy_overview":null,"key_features":null,"statement":"","youtube_url":""}},"yoast_head":"<!-- This site is optimized with the Yoast SEO plugin v27.4 - https:\/\/yoast.com\/product\/yoast-seo-wordpress\/ -->\n<title>SRAM Chain connector PowerLock 11 speed Silver - VM Sport<\/title>\n<meta name=\"robots\" content=\"index, follow, max-snippet:-1, max-image-preview:large, max-video-preview:-1\" \/>\n<link rel=\"canonical\" href=\"https:\/\/vmsport.fi\/sv\/webbutik\/reservdelar\/transmission\/kedjor\/sram-kedjekoppling-powerlock-11-vaxlar-silver\/\" \/>\n<meta property=\"og:locale\" content=\"sv_SE\" \/>\n<meta property=\"og:type\" content=\"article\" \/>\n<meta property=\"og:title\" content=\"SRAM Chain connector PowerLock 11 speed Silver - VM Sport\" \/>\n<meta property=\"og:description\" content=\"SRAM PowerLock -ketjukiinnike mahdollistaa 11-vaihteisten ketjujen nopean ja turvallisen liitt\u00e4misen ilman ty\u00f6kaluja, mik\u00e4 parantaa k\u00e4yt\u00f6n vaivattomuutta ja mukavuutta. T\u00e4m\u00e4 luotettava osa SRAMin 1x\u2122-voimansiirrossa yhdist\u00e4\u00e4 keveyden ja kest\u00e4vyyden, mik\u00e4 ilment\u00e4\u00e4 edistynytt\u00e4 ketjuteknologiaa. Hopeanv\u00e4rinen, nikkelipinnoitettu ketjuliitin edustaa korkealuokkaista suunnittelua, tehden siit\u00e4 loistavan valinnan kaikille, jotka etsiv\u00e4t kest\u00e4v\u00e4\u00e4 ja helppok\u00e4ytt\u00f6ist\u00e4 ratkaisua. [...]L\u00e4s mer \u2026 from SRAM Chain connector PowerLock 11 speed Silver\" \/>\n<meta property=\"og:url\" content=\"https:\/\/vmsport.fi\/sv\/webbutik\/reservdelar\/transmission\/kedjor\/sram-kedjekoppling-powerlock-11-vaxlar-silver\/\" \/>\n<meta property=\"og:site_name\" content=\"VM Sport\" \/>\n<meta property=\"article:publisher\" content=\"https:\/\/www.facebook.com\/Vmsport.fi\/\" \/>\n<meta property=\"article:modified_time\" content=\"2026-04-22T12:09:58+00:00\" \/>\n<meta property=\"og:image\" content=\"https:\/\/vmsport.fi\/wp-content\/uploads\/2025\/03\/Abe2Q8H2IAYNpqatyBVzP5Nfv2TkntxngFyt90VfbeHjBmdTtk-1.jpg\" \/>\n\t<meta property=\"og:image:width\" content=\"800\" \/>\n\t<meta property=\"og:image:height\" content=\"800\" \/>\n\t<meta property=\"og:image:type\" content=\"image\/jpeg\" \/>\n<meta name=\"twitter:card\" content=\"summary_large_image\" \/>\n<script type=\"application\/ld+json\" class=\"yoast-schema-graph\">{\"@context\":\"https:\\\/\\\/schema.org\",\"@graph\":[{\"@type\":[\"WebPage\",\"ItemPage\"],\"@id\":\"https:\\\/\\\/vmsport.fi\\\/verkkokauppa\\\/varaosat\\\/voimansiirto\\\/ketjut\\\/sram-chain-connector-powerlock-11-speed-silver\\\/\",\"url\":\"https:\\\/\\\/vmsport.fi\\\/verkkokauppa\\\/varaosat\\\/voimansiirto\\\/ketjut\\\/sram-chain-connector-powerlock-11-speed-silver\\\/\",\"name\":\"SRAM Chain connector PowerLock 11 speed Silver - VM Sport\",\"isPartOf\":{\"@id\":\"https:\\\/\\\/vmsport.fi\\\/#website\"},\"primaryImageOfPage\":{\"@id\":\"https:\\\/\\\/vmsport.fi\\\/verkkokauppa\\\/varaosat\\\/voimansiirto\\\/ketjut\\\/sram-chain-connector-powerlock-11-speed-silver\\\/#primaryimage\"},\"image\":{\"@id\":\"https:\\\/\\\/vmsport.fi\\\/verkkokauppa\\\/varaosat\\\/voimansiirto\\\/ketjut\\\/sram-chain-connector-powerlock-11-speed-silver\\\/#primaryimage\"},\"thumbnailUrl\":\"https:\\\/\\\/vmsport.fi\\\/wp-content\\\/uploads\\\/2025\\\/03\\\/Abe2Q8H2IAYNpqatyBVzP5Nfv2TkntxngFyt90VfbeHjBmdTtk-1.jpg\",\"datePublished\":\"2025-03-05T22:16:33+00:00\",\"dateModified\":\"2026-04-22T12:09:58+00:00\",\"breadcrumb\":{\"@id\":\"https:\\\/\\\/vmsport.fi\\\/verkkokauppa\\\/varaosat\\\/voimansiirto\\\/ketjut\\\/sram-chain-connector-powerlock-11-speed-silver\\\/#breadcrumb\"},\"inLanguage\":\"sv-SE\",\"potentialAction\":[{\"@type\":\"ReadAction\",\"target\":[\"https:\\\/\\\/vmsport.fi\\\/verkkokauppa\\\/varaosat\\\/voimansiirto\\\/ketjut\\\/sram-chain-connector-powerlock-11-speed-silver\\\/\"]}]},{\"@type\":\"ImageObject\",\"inLanguage\":\"sv-SE\",\"@id\":\"https:\\\/\\\/vmsport.fi\\\/verkkokauppa\\\/varaosat\\\/voimansiirto\\\/ketjut\\\/sram-chain-connector-powerlock-11-speed-silver\\\/#primaryimage\",\"url\":\"https:\\\/\\\/vmsport.fi\\\/wp-content\\\/uploads\\\/2025\\\/03\\\/Abe2Q8H2IAYNpqatyBVzP5Nfv2TkntxngFyt90VfbeHjBmdTtk-1.jpg\",\"contentUrl\":\"https:\\\/\\\/vmsport.fi\\\/wp-content\\\/uploads\\\/2025\\\/03\\\/Abe2Q8H2IAYNpqatyBVzP5Nfv2TkntxngFyt90VfbeHjBmdTtk-1.jpg\",\"width\":800,\"height\":800,\"caption\":\"Abe2Q8H2IAYNpqatyBVzP5Nfv2TkntxngFyt90VfbeHjBmdTtk\"},{\"@type\":\"BreadcrumbList\",\"@id\":\"https:\\\/\\\/vmsport.fi\\\/verkkokauppa\\\/varaosat\\\/voimansiirto\\\/ketjut\\\/sram-chain-connector-powerlock-11-speed-silver\\\/#breadcrumb\",\"itemListElement\":[{\"@type\":\"ListItem\",\"position\":1,\"name\":\"Etusivu\",\"item\":\"https:\\\/\\\/vmsport.fi\\\/\"},{\"@type\":\"ListItem\",\"position\":2,\"name\":\"Online Store\",\"item\":\"https:\\\/\\\/vmsport.fi\\\/en\\\/online-store\\\/\"},{\"@type\":\"ListItem\",\"position\":3,\"name\":\"SRAM Chain connector PowerLock 11 speed Silver\"}]},{\"@type\":\"WebSite\",\"@id\":\"https:\\\/\\\/vmsport.fi\\\/#website\",\"url\":\"https:\\\/\\\/vmsport.fi\\\/\",\"name\":\"Vmsport\",\"description\":\"Kaikki py\u00f6r\u00e4ilyyn yhdest\u00e4 paikasta\",\"publisher\":{\"@id\":\"https:\\\/\\\/vmsport.fi\\\/#organization\"},\"potentialAction\":[{\"@type\":\"SearchAction\",\"target\":{\"@type\":\"EntryPoint\",\"urlTemplate\":\"https:\\\/\\\/vmsport.fi\\\/?s={search_term_string}\"},\"query-input\":{\"@type\":\"PropertyValueSpecification\",\"valueRequired\":true,\"valueName\":\"search_term_string\"}}],\"inLanguage\":\"sv-SE\"},{\"@type\":\"Organization\",\"@id\":\"https:\\\/\\\/vmsport.fi\\\/#organization\",\"name\":\"Vmsport\",\"url\":\"https:\\\/\\\/vmsport.fi\\\/\",\"logo\":{\"@type\":\"ImageObject\",\"inLanguage\":\"sv-SE\",\"@id\":\"https:\\\/\\\/vmsport.fi\\\/#\\\/schema\\\/logo\\\/image\\\/\",\"url\":\"https:\\\/\\\/vmsport.fi\\\/wp-content\\\/uploads\\\/2024\\\/12\\\/vm_sport_RGB_horisontal-e1734526017575.png\",\"contentUrl\":\"https:\\\/\\\/vmsport.fi\\\/wp-content\\\/uploads\\\/2024\\\/12\\\/vm_sport_RGB_horisontal-e1734526017575.png\",\"width\":668,\"height\":85,\"caption\":\"Vmsport\"},\"image\":{\"@id\":\"https:\\\/\\\/vmsport.fi\\\/#\\\/schema\\\/logo\\\/image\\\/\"},\"sameAs\":[\"https:\\\/\\\/www.facebook.com\\\/Vmsport.fi\\\/\",\"https:\\\/\\\/www.instagram.com\\\/vmsport\\\/\"]}]}<\/script>\n<!-- \/ Yoast SEO plugin. -->","yoast_head_json":{"title":"SRAM kedjekoppling PowerLock 11 v\u00e4xlar Silver - VM Sport","robots":{"index":"index","follow":"follow","max-snippet":"max-snippet:-1","max-image-preview":"max-image-preview:large","max-video-preview":"max-video-preview:-1"},"canonical":"https:\/\/vmsport.fi\/sv\/webbutik\/reservdelar\/transmission\/kedjor\/sram-kedjekoppling-powerlock-11-vaxlar-silver\/","og_locale":"sv_SE","og_type":"article","og_title":"SRAM Chain connector PowerLock 11 speed Silver - VM Sport","og_description":"SRAM PowerLock -ketjukiinnike mahdollistaa 11-vaihteisten ketjujen nopean ja turvallisen liitt\u00e4misen ilman ty\u00f6kaluja, mik\u00e4 parantaa k\u00e4yt\u00f6n vaivattomuutta ja mukavuutta. T\u00e4m\u00e4 luotettava osa SRAMin 1x\u2122-voimansiirrossa yhdist\u00e4\u00e4 keveyden ja kest\u00e4vyyden, mik\u00e4 ilment\u00e4\u00e4 edistynytt\u00e4 ketjuteknologiaa. Hopeanv\u00e4rinen, nikkelipinnoitettu ketjuliitin edustaa korkealuokkaista suunnittelua, tehden siit\u00e4 loistavan valinnan kaikille, jotka etsiv\u00e4t kest\u00e4v\u00e4\u00e4 ja helppok\u00e4ytt\u00f6ist\u00e4 ratkaisua. [...]L\u00e4s mer \u2026 from SRAM Chain connector PowerLock 11 speed Silver","og_url":"https:\/\/vmsport.fi\/sv\/webbutik\/reservdelar\/transmission\/kedjor\/sram-kedjekoppling-powerlock-11-vaxlar-silver\/","og_site_name":"VM Sport","article_publisher":"https:\/\/www.facebook.com\/Vmsport.fi\/","article_modified_time":"2026-04-22T12:09:58+00:00","og_image":[{"width":800,"height":800,"url":"https:\/\/vmsport.fi\/wp-content\/uploads\/2025\/03\/Abe2Q8H2IAYNpqatyBVzP5Nfv2TkntxngFyt90VfbeHjBmdTtk-1.jpg","type":"image\/jpeg"}],"twitter_card":"summary_large_image","schema":{"@context":"https:\/\/schema.org","@graph":[{"@type":["WebPage","ItemPage"],"@id":"https:\/\/vmsport.fi\/verkkokauppa\/varaosat\/voimansiirto\/ketjut\/sram-chain-connector-powerlock-11-speed-silver\/","url":"https:\/\/vmsport.fi\/verkkokauppa\/varaosat\/voimansiirto\/ketjut\/sram-chain-connector-powerlock-11-speed-silver\/","name":"SRAM kedjekoppling PowerLock 11 v\u00e4xlar Silver - VM Sport","isPartOf":{"@id":"https:\/\/vmsport.fi\/#website"},"primaryImageOfPage":{"@id":"https:\/\/vmsport.fi\/verkkokauppa\/varaosat\/voimansiirto\/ketjut\/sram-chain-connector-powerlock-11-speed-silver\/#primaryimage"},"image":{"@id":"https:\/\/vmsport.fi\/verkkokauppa\/varaosat\/voimansiirto\/ketjut\/sram-chain-connector-powerlock-11-speed-silver\/#primaryimage"},"thumbnailUrl":"https:\/\/vmsport.fi\/wp-content\/uploads\/2025\/03\/Abe2Q8H2IAYNpqatyBVzP5Nfv2TkntxngFyt90VfbeHjBmdTtk-1.jpg","datePublished":"2025-03-05T22:16:33+00:00","dateModified":"2026-04-22T12:09:58+00:00","breadcrumb":{"@id":"https:\/\/vmsport.fi\/verkkokauppa\/varaosat\/voimansiirto\/ketjut\/sram-chain-connector-powerlock-11-speed-silver\/#breadcrumb"},"inLanguage":"sv-SE","potentialAction":[{"@type":"ReadAction","target":["https:\/\/vmsport.fi\/verkkokauppa\/varaosat\/voimansiirto\/ketjut\/sram-chain-connector-powerlock-11-speed-silver\/"]}]},{"@type":"ImageObject","inLanguage":"sv-SE","@id":"https:\/\/vmsport.fi\/verkkokauppa\/varaosat\/voimansiirto\/ketjut\/sram-chain-connector-powerlock-11-speed-silver\/#primaryimage","url":"https:\/\/vmsport.fi\/wp-content\/uploads\/2025\/03\/Abe2Q8H2IAYNpqatyBVzP5Nfv2TkntxngFyt90VfbeHjBmdTtk-1.jpg","contentUrl":"https:\/\/vmsport.fi\/wp-content\/uploads\/2025\/03\/Abe2Q8H2IAYNpqatyBVzP5Nfv2TkntxngFyt90VfbeHjBmdTtk-1.jpg","width":800,"height":800,"caption":"Abe2Q8H2IAYNpqatyBVzP5Nfv2TkntxngFyt90VfbeHjBmdTtk"},{"@type":"BreadcrumbList","@id":"https:\/\/vmsport.fi\/verkkokauppa\/varaosat\/voimansiirto\/ketjut\/sram-chain-connector-powerlock-11-speed-silver\/#breadcrumb","itemListElement":[{"@type":"ListItem","position":1,"name":"Etusivu","item":"https:\/\/vmsport.fi\/"},{"@type":"ListItem","position":2,"name":"Online Store","item":"https:\/\/vmsport.fi\/en\/online-store\/"},{"@type":"ListItem","position":3,"name":"SRAM Chain connector PowerLock 11 speed Silver"}]},{"@type":"WebSite","@id":"https:\/\/vmsport.fi\/#website","url":"https:\/\/vmsport.fi\/","name":"Vmsport","description":"Allt p\u00e5 ett st\u00e4lle f\u00f6r cykling","publisher":{"@id":"https:\/\/vmsport.fi\/#organization"},"potentialAction":[{"@type":"SearchAction","target":{"@type":"EntryPoint","urlTemplate":"https:\/\/vmsport.fi\/?s={search_term_string}"},"query-input":{"@type":"PropertyValueSpecification","valueRequired":true,"valueName":"search_term_string"}}],"inLanguage":"sv-SE"},{"@type":"Organization","@id":"https:\/\/vmsport.fi\/#organization","name":"Vmsport","url":"https:\/\/vmsport.fi\/","logo":{"@type":"ImageObject","inLanguage":"sv-SE","@id":"https:\/\/vmsport.fi\/#\/schema\/logo\/image\/","url":"https:\/\/vmsport.fi\/wp-content\/uploads\/2024\/12\/vm_sport_RGB_horisontal-e1734526017575.png","contentUrl":"https:\/\/vmsport.fi\/wp-content\/uploads\/2024\/12\/vm_sport_RGB_horisontal-e1734526017575.png","width":668,"height":85,"caption":"Vmsport"},"image":{"@id":"https:\/\/vmsport.fi\/#\/schema\/logo\/image\/"},"sameAs":["https:\/\/www.facebook.com\/Vmsport.fi\/","https:\/\/www.instagram.com\/vmsport\/"]}]}},"global_unique_id":"","_links":{"self":[{"href":"https:\/\/vmsport.fi\/sv\/wp-json\/wp\/v2\/product\/56162","targetHints":{"allow":["GET"]}}],"collection":[{"href":"https:\/\/vmsport.fi\/sv\/wp-json\/wp\/v2\/product"}],"about":[{"href":"https:\/\/vmsport.fi\/sv\/wp-json\/wp\/v2\/types\/product"}],"replies":[{"embeddable":true,"href":"https:\/\/vmsport.fi\/sv\/wp-json\/wp\/v2\/comments?post=56162"}],"wp:featuredmedia":[{"embeddable":true,"href":"https:\/\/vmsport.fi\/sv\/wp-json\/wp\/v2\/media\/56161"}],"wp:attachment":[{"href":"https:\/\/vmsport.fi\/sv\/wp-json\/wp\/v2\/media?parent=56162"}],"wp:term":[{"taxonomy":"product_brand","embeddable":true,"href":"https:\/\/vmsport.fi\/sv\/wp-json\/wp\/v2\/product_brand?post=56162"},{"taxonomy":"product_model","embeddable":true,"href":"https:\/\/vmsport.fi\/sv\/wp-json\/wp\/v2\/product_model?post=56162"},{"taxonomy":"product_cat","embeddable":true,"href":"https:\/\/vmsport.fi\/sv\/wp-json\/wp\/v2\/product_cat?post=56162"},{"taxonomy":"product_tag","embeddable":true,"href":"https:\/\/vmsport.fi\/sv\/wp-json\/wp\/v2\/product_tag?post=56162"},{"taxonomy":"industry_terminology","embeddable":true,"href":"https:\/\/vmsport.fi\/sv\/wp-json\/wp\/v2\/industry-terminology?post=56162"}],"curies":[{"name":"wp","href":"https:\/\/api.w.org\/{rel}","templated":true}]}}