{"id":56160,"date":"2025-03-06T00:16:32","date_gmt":"2025-03-05T22:16:32","guid":{"rendered":"https:\/\/vmsport.fi\/verkkokauppa\/Ei-luokiteltu\/xlc-pulloteline-satulaan-45mm\/"},"modified":"2026-04-22T15:02:43","modified_gmt":"2026-04-22T12:02:43","slug":"xlc-flaskhallare-for-sadel-45mm","status":"publish","type":"product","link":"https:\/\/vmsport.fi\/sv\/verkkokauppa\/tarvikkeet\/telineet\/pullotelineet\/xlc-pulloteline-satulaan-45mm\/","title":{"rendered":"XLC flaskh\u00e5llare f\u00f6r sadel 45 mm"},"content":{"rendered":"<p>XLC sadelmonterad flaskh\u00e5llare, 45 mm bred, \u00e4r ett praktiskt cykeltillbeh\u00f6r. Den svarta metallkonstruktionen garanterar h\u00e5llbarhet och ett snyggt utseende. N\u00e4r flaskan monteras under sadeln \u00e4r den l\u00e4tt\u00e5tkomlig. Den h\u00e4r produkten f\u00f6rh\u00f6jer cykelupplevelsen genom att se till att v\u00e4tska alltid finns till hands.<\/p>","protected":false},"excerpt":{"rendered":"<p>XLC:n satulaan kiinnitett\u00e4v\u00e4 pulloteline, joka on 45 mm leve\u00e4, on k\u00e4yt\u00e4nn\u00f6llinen py\u00f6r\u00e4ilyvaruste. Musta metallirakenne takaa kest\u00e4vyyden ja tyylikk\u00e4\u00e4n ulkon\u00e4\u00f6n. Kun teline on asennettu satulan alle, juomapullo on helposti saatavilla. T\u00e4m\u00e4 tuote parantaa py\u00f6r\u00e4ilykokemusta, sill\u00e4 se varmistaa, ett\u00e4 nesteytys on aina k\u00e4sill\u00e4. [&#8230;]<\/p>\n<p><a class=\"btn btn-secondary understrap-read-more-link\" href=\"https:\/\/vmsport.fi\/sv\/verkkokauppa\/tarvikkeet\/telineet\/pullotelineet\/xlc-pulloteline-satulaan-45mm\/\">L\u00e4s mer \u2026<span class=\"screen-reader-text\"> from XLC pulloteline satulaan 45mm<\/span><\/a><\/p>\n","protected":false},"featured_media":56159,"comment_status":"open","ping_status":"closed","template":"","meta":{"_acf_changed":false,"_improvement_type_select":"improve_an_existing","_thumb_yes_seoaic":false,"_frame_yes_seoaic":false,"seoaic_generate_description":"","seoaic_improve_instructions_prompt":"","seoaic_rollback_content_improvement":"","seoaic_idea_thumbnail_generator":"","thumbnail_generated":false,"thumbnail_generate_prompt":"","seoaic_article_description":"","_supplier_stock_quantity":0},"product_brand":[],"product_model":[],"product_cat":[9344],"product_tag":[],"industry-terminology":[],"class_list":{"0":"post-56160","1":"product","2":"type-product","3":"status-publish","4":"has-post-thumbnail","6":"product_cat-pullotelineet","8":"first","9":"outofstock","10":"taxable","11":"shipping-taxable","12":"product-type-simple"},"acf":{"bike_features":null,"overview":{"copy_overview":null,"key_features":null,"statement":"","youtube_url":""}},"yoast_head":"<!-- This site is optimized with the Yoast SEO plugin v27.4 - https:\/\/yoast.com\/product\/yoast-seo-wordpress\/ -->\n<title>XLC pulloteline satulaan 45mm - VM Sport<\/title>\n<meta name=\"robots\" content=\"index, follow, max-snippet:-1, max-image-preview:large, max-video-preview:-1\" \/>\n<link rel=\"canonical\" href=\"https:\/\/vmsport.fi\/sv\/webbutik\/tillbehor\/byggnadsstallningar\/flaskhallare\/xlc-flaskhallare-for-sadel-45mm\/\" \/>\n<meta property=\"og:locale\" content=\"sv_SE\" \/>\n<meta property=\"og:type\" content=\"article\" \/>\n<meta property=\"og:title\" content=\"XLC pulloteline satulaan 45mm - VM Sport\" \/>\n<meta property=\"og:description\" content=\"XLC:n satulaan kiinnitett\u00e4v\u00e4 pulloteline, joka on 45 mm leve\u00e4, on k\u00e4yt\u00e4nn\u00f6llinen py\u00f6r\u00e4ilyvaruste. Musta metallirakenne takaa kest\u00e4vyyden ja tyylikk\u00e4\u00e4n ulkon\u00e4\u00f6n. Kun teline on asennettu satulan alle, juomapullo on helposti saatavilla. T\u00e4m\u00e4 tuote parantaa py\u00f6r\u00e4ilykokemusta, sill\u00e4 se varmistaa, ett\u00e4 nesteytys on aina k\u00e4sill\u00e4. [...]L\u00e4s mer \u2026 from XLC pulloteline satulaan 45mm\" \/>\n<meta property=\"og:url\" content=\"https:\/\/vmsport.fi\/sv\/webbutik\/tillbehor\/byggnadsstallningar\/flaskhallare\/xlc-flaskhallare-for-sadel-45mm\/\" \/>\n<meta property=\"og:site_name\" content=\"VM Sport\" \/>\n<meta property=\"article:publisher\" content=\"https:\/\/www.facebook.com\/Vmsport.fi\/\" \/>\n<meta property=\"article:modified_time\" content=\"2026-04-22T12:02:43+00:00\" \/>\n<meta property=\"og:image\" content=\"https:\/\/vmsport.fi\/wp-content\/uploads\/2025\/03\/xlc-pulloteline-satulaan-45mm-1.jpg\" \/>\n\t<meta property=\"og:image:width\" content=\"800\" \/>\n\t<meta property=\"og:image:height\" content=\"800\" \/>\n\t<meta property=\"og:image:type\" content=\"image\/jpeg\" \/>\n<meta name=\"twitter:card\" content=\"summary_large_image\" \/>\n<script type=\"application\/ld+json\" class=\"yoast-schema-graph\">{\"@context\":\"https:\\\/\\\/schema.org\",\"@graph\":[{\"@type\":[\"WebPage\",\"ItemPage\"],\"@id\":\"https:\\\/\\\/vmsport.fi\\\/verkkokauppa\\\/tarvikkeet\\\/telineet\\\/pullotelineet\\\/xlc-pulloteline-satulaan-45mm\\\/\",\"url\":\"https:\\\/\\\/vmsport.fi\\\/verkkokauppa\\\/tarvikkeet\\\/telineet\\\/pullotelineet\\\/xlc-pulloteline-satulaan-45mm\\\/\",\"name\":\"XLC pulloteline satulaan 45mm - VM Sport\",\"isPartOf\":{\"@id\":\"https:\\\/\\\/vmsport.fi\\\/#website\"},\"primaryImageOfPage\":{\"@id\":\"https:\\\/\\\/vmsport.fi\\\/verkkokauppa\\\/tarvikkeet\\\/telineet\\\/pullotelineet\\\/xlc-pulloteline-satulaan-45mm\\\/#primaryimage\"},\"image\":{\"@id\":\"https:\\\/\\\/vmsport.fi\\\/verkkokauppa\\\/tarvikkeet\\\/telineet\\\/pullotelineet\\\/xlc-pulloteline-satulaan-45mm\\\/#primaryimage\"},\"thumbnailUrl\":\"https:\\\/\\\/vmsport.fi\\\/wp-content\\\/uploads\\\/2025\\\/03\\\/xlc-pulloteline-satulaan-45mm-1.jpg\",\"datePublished\":\"2025-03-05T22:16:32+00:00\",\"dateModified\":\"2026-04-22T12:02:43+00:00\",\"breadcrumb\":{\"@id\":\"https:\\\/\\\/vmsport.fi\\\/verkkokauppa\\\/tarvikkeet\\\/telineet\\\/pullotelineet\\\/xlc-pulloteline-satulaan-45mm\\\/#breadcrumb\"},\"inLanguage\":\"sv-SE\",\"potentialAction\":[{\"@type\":\"ReadAction\",\"target\":[\"https:\\\/\\\/vmsport.fi\\\/verkkokauppa\\\/tarvikkeet\\\/telineet\\\/pullotelineet\\\/xlc-pulloteline-satulaan-45mm\\\/\"]}]},{\"@type\":\"ImageObject\",\"inLanguage\":\"sv-SE\",\"@id\":\"https:\\\/\\\/vmsport.fi\\\/verkkokauppa\\\/tarvikkeet\\\/telineet\\\/pullotelineet\\\/xlc-pulloteline-satulaan-45mm\\\/#primaryimage\",\"url\":\"https:\\\/\\\/vmsport.fi\\\/wp-content\\\/uploads\\\/2025\\\/03\\\/xlc-pulloteline-satulaan-45mm-1.jpg\",\"contentUrl\":\"https:\\\/\\\/vmsport.fi\\\/wp-content\\\/uploads\\\/2025\\\/03\\\/xlc-pulloteline-satulaan-45mm-1.jpg\",\"width\":800,\"height\":800,\"caption\":\"xlc-pulloteline-satulaan-45mm\"},{\"@type\":\"BreadcrumbList\",\"@id\":\"https:\\\/\\\/vmsport.fi\\\/verkkokauppa\\\/tarvikkeet\\\/telineet\\\/pullotelineet\\\/xlc-pulloteline-satulaan-45mm\\\/#breadcrumb\",\"itemListElement\":[{\"@type\":\"ListItem\",\"position\":1,\"name\":\"Etusivu\",\"item\":\"https:\\\/\\\/vmsport.fi\\\/\"},{\"@type\":\"ListItem\",\"position\":2,\"name\":\"Online Store\",\"item\":\"https:\\\/\\\/vmsport.fi\\\/en\\\/online-store\\\/\"},{\"@type\":\"ListItem\",\"position\":3,\"name\":\"XLC pulloteline satulaan 45mm\"}]},{\"@type\":\"WebSite\",\"@id\":\"https:\\\/\\\/vmsport.fi\\\/#website\",\"url\":\"https:\\\/\\\/vmsport.fi\\\/\",\"name\":\"Vmsport\",\"description\":\"Kaikki py\u00f6r\u00e4ilyyn yhdest\u00e4 paikasta\",\"publisher\":{\"@id\":\"https:\\\/\\\/vmsport.fi\\\/#organization\"},\"potentialAction\":[{\"@type\":\"SearchAction\",\"target\":{\"@type\":\"EntryPoint\",\"urlTemplate\":\"https:\\\/\\\/vmsport.fi\\\/?s={search_term_string}\"},\"query-input\":{\"@type\":\"PropertyValueSpecification\",\"valueRequired\":true,\"valueName\":\"search_term_string\"}}],\"inLanguage\":\"sv-SE\"},{\"@type\":\"Organization\",\"@id\":\"https:\\\/\\\/vmsport.fi\\\/#organization\",\"name\":\"Vmsport\",\"url\":\"https:\\\/\\\/vmsport.fi\\\/\",\"logo\":{\"@type\":\"ImageObject\",\"inLanguage\":\"sv-SE\",\"@id\":\"https:\\\/\\\/vmsport.fi\\\/#\\\/schema\\\/logo\\\/image\\\/\",\"url\":\"https:\\\/\\\/vmsport.fi\\\/wp-content\\\/uploads\\\/2024\\\/12\\\/vm_sport_RGB_horisontal-e1734526017575.png\",\"contentUrl\":\"https:\\\/\\\/vmsport.fi\\\/wp-content\\\/uploads\\\/2024\\\/12\\\/vm_sport_RGB_horisontal-e1734526017575.png\",\"width\":668,\"height\":85,\"caption\":\"Vmsport\"},\"image\":{\"@id\":\"https:\\\/\\\/vmsport.fi\\\/#\\\/schema\\\/logo\\\/image\\\/\"},\"sameAs\":[\"https:\\\/\\\/www.facebook.com\\\/Vmsport.fi\\\/\",\"https:\\\/\\\/www.instagram.com\\\/vmsport\\\/\"]}]}<\/script>\n<!-- \/ Yoast SEO plugin. -->","yoast_head_json":{"title":"XLC sadelflaskh\u00e5llare 45 mm - VM Sport","robots":{"index":"index","follow":"follow","max-snippet":"max-snippet:-1","max-image-preview":"max-image-preview:large","max-video-preview":"max-video-preview:-1"},"canonical":"https:\/\/vmsport.fi\/sv\/webbutik\/tillbehor\/byggnadsstallningar\/flaskhallare\/xlc-flaskhallare-for-sadel-45mm\/","og_locale":"sv_SE","og_type":"article","og_title":"XLC pulloteline satulaan 45mm - VM Sport","og_description":"XLC:n satulaan kiinnitett\u00e4v\u00e4 pulloteline, joka on 45 mm leve\u00e4, on k\u00e4yt\u00e4nn\u00f6llinen py\u00f6r\u00e4ilyvaruste. Musta metallirakenne takaa kest\u00e4vyyden ja tyylikk\u00e4\u00e4n ulkon\u00e4\u00f6n. Kun teline on asennettu satulan alle, juomapullo on helposti saatavilla. T\u00e4m\u00e4 tuote parantaa py\u00f6r\u00e4ilykokemusta, sill\u00e4 se varmistaa, ett\u00e4 nesteytys on aina k\u00e4sill\u00e4. [...]L\u00e4s mer \u2026 from XLC pulloteline satulaan 45mm","og_url":"https:\/\/vmsport.fi\/sv\/webbutik\/tillbehor\/byggnadsstallningar\/flaskhallare\/xlc-flaskhallare-for-sadel-45mm\/","og_site_name":"VM Sport","article_publisher":"https:\/\/www.facebook.com\/Vmsport.fi\/","article_modified_time":"2026-04-22T12:02:43+00:00","og_image":[{"width":800,"height":800,"url":"https:\/\/vmsport.fi\/wp-content\/uploads\/2025\/03\/xlc-pulloteline-satulaan-45mm-1.jpg","type":"image\/jpeg"}],"twitter_card":"summary_large_image","schema":{"@context":"https:\/\/schema.org","@graph":[{"@type":["WebPage","ItemPage"],"@id":"https:\/\/vmsport.fi\/verkkokauppa\/tarvikkeet\/telineet\/pullotelineet\/xlc-pulloteline-satulaan-45mm\/","url":"https:\/\/vmsport.fi\/verkkokauppa\/tarvikkeet\/telineet\/pullotelineet\/xlc-pulloteline-satulaan-45mm\/","name":"XLC sadelflaskh\u00e5llare 45 mm - VM Sport","isPartOf":{"@id":"https:\/\/vmsport.fi\/#website"},"primaryImageOfPage":{"@id":"https:\/\/vmsport.fi\/verkkokauppa\/tarvikkeet\/telineet\/pullotelineet\/xlc-pulloteline-satulaan-45mm\/#primaryimage"},"image":{"@id":"https:\/\/vmsport.fi\/verkkokauppa\/tarvikkeet\/telineet\/pullotelineet\/xlc-pulloteline-satulaan-45mm\/#primaryimage"},"thumbnailUrl":"https:\/\/vmsport.fi\/wp-content\/uploads\/2025\/03\/xlc-pulloteline-satulaan-45mm-1.jpg","datePublished":"2025-03-05T22:16:32+00:00","dateModified":"2026-04-22T12:02:43+00:00","breadcrumb":{"@id":"https:\/\/vmsport.fi\/verkkokauppa\/tarvikkeet\/telineet\/pullotelineet\/xlc-pulloteline-satulaan-45mm\/#breadcrumb"},"inLanguage":"sv-SE","potentialAction":[{"@type":"ReadAction","target":["https:\/\/vmsport.fi\/verkkokauppa\/tarvikkeet\/telineet\/pullotelineet\/xlc-pulloteline-satulaan-45mm\/"]}]},{"@type":"ImageObject","inLanguage":"sv-SE","@id":"https:\/\/vmsport.fi\/verkkokauppa\/tarvikkeet\/telineet\/pullotelineet\/xlc-pulloteline-satulaan-45mm\/#primaryimage","url":"https:\/\/vmsport.fi\/wp-content\/uploads\/2025\/03\/xlc-pulloteline-satulaan-45mm-1.jpg","contentUrl":"https:\/\/vmsport.fi\/wp-content\/uploads\/2025\/03\/xlc-pulloteline-satulaan-45mm-1.jpg","width":800,"height":800,"caption":"xlc-pulloteline-satulaan-45mm"},{"@type":"BreadcrumbList","@id":"https:\/\/vmsport.fi\/verkkokauppa\/tarvikkeet\/telineet\/pullotelineet\/xlc-pulloteline-satulaan-45mm\/#breadcrumb","itemListElement":[{"@type":"ListItem","position":1,"name":"Etusivu","item":"https:\/\/vmsport.fi\/"},{"@type":"ListItem","position":2,"name":"Online Store","item":"https:\/\/vmsport.fi\/en\/online-store\/"},{"@type":"ListItem","position":3,"name":"XLC pulloteline satulaan 45mm"}]},{"@type":"WebSite","@id":"https:\/\/vmsport.fi\/#website","url":"https:\/\/vmsport.fi\/","name":"Vmsport","description":"Allt p\u00e5 ett st\u00e4lle f\u00f6r cykling","publisher":{"@id":"https:\/\/vmsport.fi\/#organization"},"potentialAction":[{"@type":"SearchAction","target":{"@type":"EntryPoint","urlTemplate":"https:\/\/vmsport.fi\/?s={search_term_string}"},"query-input":{"@type":"PropertyValueSpecification","valueRequired":true,"valueName":"search_term_string"}}],"inLanguage":"sv-SE"},{"@type":"Organization","@id":"https:\/\/vmsport.fi\/#organization","name":"Vmsport","url":"https:\/\/vmsport.fi\/","logo":{"@type":"ImageObject","inLanguage":"sv-SE","@id":"https:\/\/vmsport.fi\/#\/schema\/logo\/image\/","url":"https:\/\/vmsport.fi\/wp-content\/uploads\/2024\/12\/vm_sport_RGB_horisontal-e1734526017575.png","contentUrl":"https:\/\/vmsport.fi\/wp-content\/uploads\/2024\/12\/vm_sport_RGB_horisontal-e1734526017575.png","width":668,"height":85,"caption":"Vmsport"},"image":{"@id":"https:\/\/vmsport.fi\/#\/schema\/logo\/image\/"},"sameAs":["https:\/\/www.facebook.com\/Vmsport.fi\/","https:\/\/www.instagram.com\/vmsport\/"]}]}},"global_unique_id":"","_links":{"self":[{"href":"https:\/\/vmsport.fi\/sv\/wp-json\/wp\/v2\/product\/56160","targetHints":{"allow":["GET"]}}],"collection":[{"href":"https:\/\/vmsport.fi\/sv\/wp-json\/wp\/v2\/product"}],"about":[{"href":"https:\/\/vmsport.fi\/sv\/wp-json\/wp\/v2\/types\/product"}],"replies":[{"embeddable":true,"href":"https:\/\/vmsport.fi\/sv\/wp-json\/wp\/v2\/comments?post=56160"}],"wp:featuredmedia":[{"embeddable":true,"href":"https:\/\/vmsport.fi\/sv\/wp-json\/wp\/v2\/media\/56159"}],"wp:attachment":[{"href":"https:\/\/vmsport.fi\/sv\/wp-json\/wp\/v2\/media?parent=56160"}],"wp:term":[{"taxonomy":"product_brand","embeddable":true,"href":"https:\/\/vmsport.fi\/sv\/wp-json\/wp\/v2\/product_brand?post=56160"},{"taxonomy":"product_model","embeddable":true,"href":"https:\/\/vmsport.fi\/sv\/wp-json\/wp\/v2\/product_model?post=56160"},{"taxonomy":"product_cat","embeddable":true,"href":"https:\/\/vmsport.fi\/sv\/wp-json\/wp\/v2\/product_cat?post=56160"},{"taxonomy":"product_tag","embeddable":true,"href":"https:\/\/vmsport.fi\/sv\/wp-json\/wp\/v2\/product_tag?post=56160"},{"taxonomy":"industry_terminology","embeddable":true,"href":"https:\/\/vmsport.fi\/sv\/wp-json\/wp\/v2\/industry-terminology?post=56160"}],"curies":[{"name":"wp","href":"https:\/\/api.w.org\/{rel}","templated":true}]}}