{"id":56158,"date":"2025-03-06T00:16:31","date_gmt":"2025-03-05T22:16:31","guid":{"rendered":"https:\/\/vmsport.fi\/verkkokauppa\/Ei-luokiteltu\/tankonauha-bontrager-gel-cork-vice-pink\/"},"modified":"2026-04-22T15:06:18","modified_gmt":"2026-04-22T12:06:18","slug":"tankonauha-bontrager-gel-cork-vice-pink","status":"publish","type":"product","link":"https:\/\/vmsport.fi\/sv\/verkkokauppa\/varaosat\/ohjaamo\/gripit\/tankonauha-bontrager-gel-cork-vice-pink\/","title":{"rendered":"Tankdr\u00e4kt Bontrager Gel Cork Vice Pink"},"content":{"rendered":"<p>Bontrager Gel Cork -tankonauha tarjoaa py\u00f6r\u00e4ilij\u00f6ille erinomaisen mukavuuden ja tyylin. Pehme\u00e4 geelikerros v\u00e4hent\u00e4\u00e4 tehokkaasti t\u00e4rin\u00e4\u00e4, kun taas luonnonkorkki takaa kest\u00e4vyyden ja hyv\u00e4n pidon. Raikas vaaleanpunainen v\u00e4ri lis\u00e4\u00e4 py\u00f6r\u00e4n ulkon\u00e4k\u00f6\u00f6n persoonallisuutta. T\u00e4m\u00e4 tankonauha on erinomainen valinta niille, jotka arvostavat sek\u00e4 k\u00e4yt\u00e4nn\u00f6llisyytt\u00e4 ett\u00e4 visuaalista vieh\u00e4tyst\u00e4.<\/p>","protected":false},"excerpt":{"rendered":"<p>Bontrager Gel Cork -tankonauha tarjoaa py\u00f6r\u00e4ilij\u00f6ille erinomaisen mukavuuden ja tyylin. Pehme\u00e4 geelikerros v\u00e4hent\u00e4\u00e4 tehokkaasti t\u00e4rin\u00e4\u00e4, kun taas luonnonkorkki takaa kest\u00e4vyyden ja hyv\u00e4n pidon. Raikas vaaleanpunainen v\u00e4ri lis\u00e4\u00e4 py\u00f6r\u00e4n ulkon\u00e4k\u00f6\u00f6n persoonallisuutta. T\u00e4m\u00e4 tankonauha on erinomainen valinta niille, jotka arvostavat sek\u00e4 k\u00e4yt\u00e4nn\u00f6llisyytt\u00e4 ett\u00e4 visuaalista vieh\u00e4tyst\u00e4. [&#8230;]<\/p>\n<p><a class=\"btn btn-secondary understrap-read-more-link\" href=\"https:\/\/vmsport.fi\/sv\/verkkokauppa\/varaosat\/ohjaamo\/gripit\/tankonauha-bontrager-gel-cork-vice-pink\/\">L\u00e4s mer \u2026<span class=\"screen-reader-text\"> from Tankonauha Bontrager Gel Cork Vice Pink<\/span><\/a><\/p>\n","protected":false},"featured_media":56156,"comment_status":"open","ping_status":"closed","template":"","meta":{"_acf_changed":false,"_improvement_type_select":"improve_an_existing","_thumb_yes_seoaic":false,"_frame_yes_seoaic":false,"seoaic_generate_description":"","seoaic_improve_instructions_prompt":"","seoaic_rollback_content_improvement":"","seoaic_idea_thumbnail_generator":"","thumbnail_generated":false,"thumbnail_generate_prompt":"","seoaic_article_description":"","_supplier_stock_quantity":0},"product_brand":[],"product_model":[],"product_cat":[9292],"product_tag":[],"industry-terminology":[],"class_list":{"0":"post-56158","1":"product","2":"type-product","3":"status-publish","4":"has-post-thumbnail","6":"product_cat-gripit","8":"first","9":"instock","10":"taxable","11":"shipping-taxable","12":"purchasable","13":"product-type-simple"},"acf":{"bike_features":null,"overview":{"copy_overview":null,"key_features":null,"statement":"","youtube_url":""}},"yoast_head":"<!-- This site is optimized with the Yoast SEO plugin v27.4 - https:\/\/yoast.com\/product\/yoast-seo-wordpress\/ -->\n<title>Tankonauha Bontrager Gel Cork Vice Pink - VM Sport<\/title>\n<meta name=\"robots\" content=\"index, follow, max-snippet:-1, max-image-preview:large, max-video-preview:-1\" \/>\n<link rel=\"canonical\" href=\"https:\/\/vmsport.fi\/sv\/webbutik\/reservdelar\/taxi\/grepp\/tankonauha-bontrager-gel-cork-vice-pink\/\" \/>\n<meta property=\"og:locale\" content=\"sv_SE\" \/>\n<meta property=\"og:type\" content=\"article\" \/>\n<meta property=\"og:title\" content=\"Tankonauha Bontrager Gel Cork Vice Pink - VM Sport\" \/>\n<meta property=\"og:description\" content=\"Bontrager Gel Cork -tankonauha tarjoaa py\u00f6r\u00e4ilij\u00f6ille erinomaisen mukavuuden ja tyylin. Pehme\u00e4 geelikerros v\u00e4hent\u00e4\u00e4 tehokkaasti t\u00e4rin\u00e4\u00e4, kun taas luonnonkorkki takaa kest\u00e4vyyden ja hyv\u00e4n pidon. Raikas vaaleanpunainen v\u00e4ri lis\u00e4\u00e4 py\u00f6r\u00e4n ulkon\u00e4k\u00f6\u00f6n persoonallisuutta. T\u00e4m\u00e4 tankonauha on erinomainen valinta niille, jotka arvostavat sek\u00e4 k\u00e4yt\u00e4nn\u00f6llisyytt\u00e4 ett\u00e4 visuaalista vieh\u00e4tyst\u00e4. [...]L\u00e4s mer \u2026 from Tankonauha Bontrager Gel Cork Vice Pink\" \/>\n<meta property=\"og:url\" content=\"https:\/\/vmsport.fi\/sv\/webbutik\/reservdelar\/taxi\/grepp\/tankonauha-bontrager-gel-cork-vice-pink\/\" \/>\n<meta property=\"og:site_name\" content=\"VM Sport\" \/>\n<meta property=\"article:publisher\" content=\"https:\/\/www.facebook.com\/Vmsport.fi\/\" \/>\n<meta property=\"article:modified_time\" content=\"2026-04-22T12:06:18+00:00\" \/>\n<meta property=\"og:image\" content=\"https:\/\/vmsport.fi\/wp-content\/uploads\/2025\/03\/76d89c18-5f52-4e53-ab44-d0c6ada5f3fa-1.jpg\" \/>\n\t<meta property=\"og:image:width\" content=\"720\" \/>\n\t<meta property=\"og:image:height\" content=\"720\" \/>\n\t<meta property=\"og:image:type\" content=\"image\/jpeg\" \/>\n<meta name=\"twitter:card\" content=\"summary_large_image\" \/>\n<script type=\"application\/ld+json\" class=\"yoast-schema-graph\">{\"@context\":\"https:\\\/\\\/schema.org\",\"@graph\":[{\"@type\":[\"WebPage\",\"ItemPage\"],\"@id\":\"https:\\\/\\\/vmsport.fi\\\/verkkokauppa\\\/varaosat\\\/ohjaamo\\\/gripit\\\/tankonauha-bontrager-gel-cork-vice-pink\\\/\",\"url\":\"https:\\\/\\\/vmsport.fi\\\/verkkokauppa\\\/varaosat\\\/ohjaamo\\\/gripit\\\/tankonauha-bontrager-gel-cork-vice-pink\\\/\",\"name\":\"Tankonauha Bontrager Gel Cork Vice Pink - VM Sport\",\"isPartOf\":{\"@id\":\"https:\\\/\\\/vmsport.fi\\\/#website\"},\"primaryImageOfPage\":{\"@id\":\"https:\\\/\\\/vmsport.fi\\\/verkkokauppa\\\/varaosat\\\/ohjaamo\\\/gripit\\\/tankonauha-bontrager-gel-cork-vice-pink\\\/#primaryimage\"},\"image\":{\"@id\":\"https:\\\/\\\/vmsport.fi\\\/verkkokauppa\\\/varaosat\\\/ohjaamo\\\/gripit\\\/tankonauha-bontrager-gel-cork-vice-pink\\\/#primaryimage\"},\"thumbnailUrl\":\"https:\\\/\\\/vmsport.fi\\\/wp-content\\\/uploads\\\/2025\\\/03\\\/76d89c18-5f52-4e53-ab44-d0c6ada5f3fa-1.jpg\",\"datePublished\":\"2025-03-05T22:16:31+00:00\",\"dateModified\":\"2026-04-22T12:06:18+00:00\",\"breadcrumb\":{\"@id\":\"https:\\\/\\\/vmsport.fi\\\/verkkokauppa\\\/varaosat\\\/ohjaamo\\\/gripit\\\/tankonauha-bontrager-gel-cork-vice-pink\\\/#breadcrumb\"},\"inLanguage\":\"sv-SE\",\"potentialAction\":[{\"@type\":\"ReadAction\",\"target\":[\"https:\\\/\\\/vmsport.fi\\\/verkkokauppa\\\/varaosat\\\/ohjaamo\\\/gripit\\\/tankonauha-bontrager-gel-cork-vice-pink\\\/\"]}]},{\"@type\":\"ImageObject\",\"inLanguage\":\"sv-SE\",\"@id\":\"https:\\\/\\\/vmsport.fi\\\/verkkokauppa\\\/varaosat\\\/ohjaamo\\\/gripit\\\/tankonauha-bontrager-gel-cork-vice-pink\\\/#primaryimage\",\"url\":\"https:\\\/\\\/vmsport.fi\\\/wp-content\\\/uploads\\\/2025\\\/03\\\/76d89c18-5f52-4e53-ab44-d0c6ada5f3fa-1.jpg\",\"contentUrl\":\"https:\\\/\\\/vmsport.fi\\\/wp-content\\\/uploads\\\/2025\\\/03\\\/76d89c18-5f52-4e53-ab44-d0c6ada5f3fa-1.jpg\",\"width\":720,\"height\":720,\"caption\":\"76d89c18-5f52-4e53-ab44-d0c6ada5f3fa\"},{\"@type\":\"BreadcrumbList\",\"@id\":\"https:\\\/\\\/vmsport.fi\\\/verkkokauppa\\\/varaosat\\\/ohjaamo\\\/gripit\\\/tankonauha-bontrager-gel-cork-vice-pink\\\/#breadcrumb\",\"itemListElement\":[{\"@type\":\"ListItem\",\"position\":1,\"name\":\"Etusivu\",\"item\":\"https:\\\/\\\/vmsport.fi\\\/\"},{\"@type\":\"ListItem\",\"position\":2,\"name\":\"Online Store\",\"item\":\"https:\\\/\\\/vmsport.fi\\\/en\\\/online-store\\\/\"},{\"@type\":\"ListItem\",\"position\":3,\"name\":\"Tankonauha Bontrager Gel Cork Vice Pink\"}]},{\"@type\":\"WebSite\",\"@id\":\"https:\\\/\\\/vmsport.fi\\\/#website\",\"url\":\"https:\\\/\\\/vmsport.fi\\\/\",\"name\":\"Vmsport\",\"description\":\"Kaikki py\u00f6r\u00e4ilyyn yhdest\u00e4 paikasta\",\"publisher\":{\"@id\":\"https:\\\/\\\/vmsport.fi\\\/#organization\"},\"potentialAction\":[{\"@type\":\"SearchAction\",\"target\":{\"@type\":\"EntryPoint\",\"urlTemplate\":\"https:\\\/\\\/vmsport.fi\\\/?s={search_term_string}\"},\"query-input\":{\"@type\":\"PropertyValueSpecification\",\"valueRequired\":true,\"valueName\":\"search_term_string\"}}],\"inLanguage\":\"sv-SE\"},{\"@type\":\"Organization\",\"@id\":\"https:\\\/\\\/vmsport.fi\\\/#organization\",\"name\":\"Vmsport\",\"url\":\"https:\\\/\\\/vmsport.fi\\\/\",\"logo\":{\"@type\":\"ImageObject\",\"inLanguage\":\"sv-SE\",\"@id\":\"https:\\\/\\\/vmsport.fi\\\/#\\\/schema\\\/logo\\\/image\\\/\",\"url\":\"https:\\\/\\\/vmsport.fi\\\/wp-content\\\/uploads\\\/2024\\\/12\\\/vm_sport_RGB_horisontal-e1734526017575.png\",\"contentUrl\":\"https:\\\/\\\/vmsport.fi\\\/wp-content\\\/uploads\\\/2024\\\/12\\\/vm_sport_RGB_horisontal-e1734526017575.png\",\"width\":668,\"height\":85,\"caption\":\"Vmsport\"},\"image\":{\"@id\":\"https:\\\/\\\/vmsport.fi\\\/#\\\/schema\\\/logo\\\/image\\\/\"},\"sameAs\":[\"https:\\\/\\\/www.facebook.com\\\/Vmsport.fi\\\/\",\"https:\\\/\\\/www.instagram.com\\\/vmsport\\\/\"]}]}<\/script>\n<!-- \/ Yoast SEO plugin. -->","yoast_head_json":{"title":"Tankonauha Bontrager Gel Cork Vice Pink - VM Sport","robots":{"index":"index","follow":"follow","max-snippet":"max-snippet:-1","max-image-preview":"max-image-preview:large","max-video-preview":"max-video-preview:-1"},"canonical":"https:\/\/vmsport.fi\/sv\/webbutik\/reservdelar\/taxi\/grepp\/tankonauha-bontrager-gel-cork-vice-pink\/","og_locale":"sv_SE","og_type":"article","og_title":"Tankonauha Bontrager Gel Cork Vice Pink - VM Sport","og_description":"Bontrager Gel Cork -tankonauha tarjoaa py\u00f6r\u00e4ilij\u00f6ille erinomaisen mukavuuden ja tyylin. Pehme\u00e4 geelikerros v\u00e4hent\u00e4\u00e4 tehokkaasti t\u00e4rin\u00e4\u00e4, kun taas luonnonkorkki takaa kest\u00e4vyyden ja hyv\u00e4n pidon. Raikas vaaleanpunainen v\u00e4ri lis\u00e4\u00e4 py\u00f6r\u00e4n ulkon\u00e4k\u00f6\u00f6n persoonallisuutta. T\u00e4m\u00e4 tankonauha on erinomainen valinta niille, jotka arvostavat sek\u00e4 k\u00e4yt\u00e4nn\u00f6llisyytt\u00e4 ett\u00e4 visuaalista vieh\u00e4tyst\u00e4. [...]L\u00e4s mer \u2026 from Tankonauha Bontrager Gel Cork Vice Pink","og_url":"https:\/\/vmsport.fi\/sv\/webbutik\/reservdelar\/taxi\/grepp\/tankonauha-bontrager-gel-cork-vice-pink\/","og_site_name":"VM Sport","article_publisher":"https:\/\/www.facebook.com\/Vmsport.fi\/","article_modified_time":"2026-04-22T12:06:18+00:00","og_image":[{"width":720,"height":720,"url":"https:\/\/vmsport.fi\/wp-content\/uploads\/2025\/03\/76d89c18-5f52-4e53-ab44-d0c6ada5f3fa-1.jpg","type":"image\/jpeg"}],"twitter_card":"summary_large_image","schema":{"@context":"https:\/\/schema.org","@graph":[{"@type":["WebPage","ItemPage"],"@id":"https:\/\/vmsport.fi\/verkkokauppa\/varaosat\/ohjaamo\/gripit\/tankonauha-bontrager-gel-cork-vice-pink\/","url":"https:\/\/vmsport.fi\/verkkokauppa\/varaosat\/ohjaamo\/gripit\/tankonauha-bontrager-gel-cork-vice-pink\/","name":"Tankonauha Bontrager Gel Cork Vice Pink - VM Sport","isPartOf":{"@id":"https:\/\/vmsport.fi\/#website"},"primaryImageOfPage":{"@id":"https:\/\/vmsport.fi\/verkkokauppa\/varaosat\/ohjaamo\/gripit\/tankonauha-bontrager-gel-cork-vice-pink\/#primaryimage"},"image":{"@id":"https:\/\/vmsport.fi\/verkkokauppa\/varaosat\/ohjaamo\/gripit\/tankonauha-bontrager-gel-cork-vice-pink\/#primaryimage"},"thumbnailUrl":"https:\/\/vmsport.fi\/wp-content\/uploads\/2025\/03\/76d89c18-5f52-4e53-ab44-d0c6ada5f3fa-1.jpg","datePublished":"2025-03-05T22:16:31+00:00","dateModified":"2026-04-22T12:06:18+00:00","breadcrumb":{"@id":"https:\/\/vmsport.fi\/verkkokauppa\/varaosat\/ohjaamo\/gripit\/tankonauha-bontrager-gel-cork-vice-pink\/#breadcrumb"},"inLanguage":"sv-SE","potentialAction":[{"@type":"ReadAction","target":["https:\/\/vmsport.fi\/verkkokauppa\/varaosat\/ohjaamo\/gripit\/tankonauha-bontrager-gel-cork-vice-pink\/"]}]},{"@type":"ImageObject","inLanguage":"sv-SE","@id":"https:\/\/vmsport.fi\/verkkokauppa\/varaosat\/ohjaamo\/gripit\/tankonauha-bontrager-gel-cork-vice-pink\/#primaryimage","url":"https:\/\/vmsport.fi\/wp-content\/uploads\/2025\/03\/76d89c18-5f52-4e53-ab44-d0c6ada5f3fa-1.jpg","contentUrl":"https:\/\/vmsport.fi\/wp-content\/uploads\/2025\/03\/76d89c18-5f52-4e53-ab44-d0c6ada5f3fa-1.jpg","width":720,"height":720,"caption":"76d89c18-5f52-4e53-ab44-d0c6ada5f3fa"},{"@type":"BreadcrumbList","@id":"https:\/\/vmsport.fi\/verkkokauppa\/varaosat\/ohjaamo\/gripit\/tankonauha-bontrager-gel-cork-vice-pink\/#breadcrumb","itemListElement":[{"@type":"ListItem","position":1,"name":"Etusivu","item":"https:\/\/vmsport.fi\/"},{"@type":"ListItem","position":2,"name":"Online Store","item":"https:\/\/vmsport.fi\/en\/online-store\/"},{"@type":"ListItem","position":3,"name":"Tankonauha Bontrager Gel Cork Vice Pink"}]},{"@type":"WebSite","@id":"https:\/\/vmsport.fi\/#website","url":"https:\/\/vmsport.fi\/","name":"Vmsport","description":"Allt p\u00e5 ett st\u00e4lle f\u00f6r cykling","publisher":{"@id":"https:\/\/vmsport.fi\/#organization"},"potentialAction":[{"@type":"SearchAction","target":{"@type":"EntryPoint","urlTemplate":"https:\/\/vmsport.fi\/?s={search_term_string}"},"query-input":{"@type":"PropertyValueSpecification","valueRequired":true,"valueName":"search_term_string"}}],"inLanguage":"sv-SE"},{"@type":"Organization","@id":"https:\/\/vmsport.fi\/#organization","name":"Vmsport","url":"https:\/\/vmsport.fi\/","logo":{"@type":"ImageObject","inLanguage":"sv-SE","@id":"https:\/\/vmsport.fi\/#\/schema\/logo\/image\/","url":"https:\/\/vmsport.fi\/wp-content\/uploads\/2024\/12\/vm_sport_RGB_horisontal-e1734526017575.png","contentUrl":"https:\/\/vmsport.fi\/wp-content\/uploads\/2024\/12\/vm_sport_RGB_horisontal-e1734526017575.png","width":668,"height":85,"caption":"Vmsport"},"image":{"@id":"https:\/\/vmsport.fi\/#\/schema\/logo\/image\/"},"sameAs":["https:\/\/www.facebook.com\/Vmsport.fi\/","https:\/\/www.instagram.com\/vmsport\/"]}]}},"global_unique_id":"","_links":{"self":[{"href":"https:\/\/vmsport.fi\/sv\/wp-json\/wp\/v2\/product\/56158","targetHints":{"allow":["GET"]}}],"collection":[{"href":"https:\/\/vmsport.fi\/sv\/wp-json\/wp\/v2\/product"}],"about":[{"href":"https:\/\/vmsport.fi\/sv\/wp-json\/wp\/v2\/types\/product"}],"replies":[{"embeddable":true,"href":"https:\/\/vmsport.fi\/sv\/wp-json\/wp\/v2\/comments?post=56158"}],"wp:featuredmedia":[{"embeddable":true,"href":"https:\/\/vmsport.fi\/sv\/wp-json\/wp\/v2\/media\/56156"}],"wp:attachment":[{"href":"https:\/\/vmsport.fi\/sv\/wp-json\/wp\/v2\/media?parent=56158"}],"wp:term":[{"taxonomy":"product_brand","embeddable":true,"href":"https:\/\/vmsport.fi\/sv\/wp-json\/wp\/v2\/product_brand?post=56158"},{"taxonomy":"product_model","embeddable":true,"href":"https:\/\/vmsport.fi\/sv\/wp-json\/wp\/v2\/product_model?post=56158"},{"taxonomy":"product_cat","embeddable":true,"href":"https:\/\/vmsport.fi\/sv\/wp-json\/wp\/v2\/product_cat?post=56158"},{"taxonomy":"product_tag","embeddable":true,"href":"https:\/\/vmsport.fi\/sv\/wp-json\/wp\/v2\/product_tag?post=56158"},{"taxonomy":"industry_terminology","embeddable":true,"href":"https:\/\/vmsport.fi\/sv\/wp-json\/wp\/v2\/industry-terminology?post=56158"}],"curies":[{"name":"wp","href":"https:\/\/api.w.org\/{rel}","templated":true}]}}