{"id":56155,"date":"2025-03-06T00:16:30","date_gmt":"2025-03-05T22:16:30","guid":{"rendered":"https:\/\/vmsport.fi\/verkkokauppa\/Ei-luokiteltu\/vaihde-jarrukahva-oikea-8v-st-ef500-4-sormi-musta\/"},"modified":"2026-04-22T15:06:52","modified_gmt":"2026-04-22T12:06:52","slug":"vaxelbromsspak-hoger-8v-st-ef500-4-finger-svart","status":"publish","type":"product","link":"https:\/\/vmsport.fi\/sv\/verkkokauppa\/varaosat\/vaihteistot\/vaihdevivut\/vaihde-jarrukahva-oikea-8v-st-ef500-4-sormi-musta\/","title":{"rendered":"V\u00e4xel-\/bromsspak h\u00f6ger 8v ST-EF500 4-finger svart"},"content":{"rendered":"<p>V\u00e4xel- och bromsspaken som visas p\u00e5 bilden \u00e4r avsedd f\u00f6r h\u00f6ger sida och \u00e4r kompatibel med 8-v\u00e4xlade system. ST-EF500 kombinerar p\u00e5 ett elegant s\u00e4tt b\u00e5de v\u00e4xling och bromsning i en och samma komponent. Den svarta fyrfingerspaken ger ett utm\u00e4rkt grepp f\u00f6r b\u00e4ttre kontroll och k\u00f6rkomfort. Denna praktiska l\u00f6sning s\u00e4kerst\u00e4ller en smidig k\u00f6rning, eftersom den medf\u00f6ljande v\u00e4xlingskabeln m\u00f6jligg\u00f6r enkel installation och anv\u00e4ndning.<\/p>","protected":false},"excerpt":{"rendered":"<p>Kuvassa oleva vaihde- ja jarrukahva on suunniteltu oikealle puolelle, ja se on yhteensopiva 8-vaihteisten j\u00e4rjestelmien kanssa. Malli ST-EF500 yhdist\u00e4\u00e4 tyylikk\u00e4\u00e4sti sek\u00e4 vaihteiden vaihtamisen ett\u00e4 jarrutuksen yhdeksi komponentiksi. Musta, nelisorminen vipu tarjoaa erinomaisen otteen, mik\u00e4 parantaa hallintaa ja ajomukavuutta. T\u00e4m\u00e4 k\u00e4yt\u00e4nn\u00f6llinen ratkaisu varmistaa sujuvan ajon, sill\u00e4 pakettiin sis\u00e4ltyv\u00e4 vaihdevaijeri mahdollistaa helpon asennuksen ja k\u00e4yt\u00f6n. [&#8230;]<\/p>\n<p><a class=\"btn btn-secondary understrap-read-more-link\" href=\"https:\/\/vmsport.fi\/sv\/verkkokauppa\/varaosat\/vaihteistot\/vaihdevivut\/vaihde-jarrukahva-oikea-8v-st-ef500-4-sormi-musta\/\">L\u00e4s mer \u2026<span class=\"screen-reader-text\"> from Vaihde\/jarrukahva oikea 8v ST-EF500 4-sormi musta<\/span><\/a><\/p>\n","protected":false},"featured_media":56154,"comment_status":"open","ping_status":"closed","template":"","meta":{"_acf_changed":false,"_improvement_type_select":"improve_an_existing","_thumb_yes_seoaic":false,"_frame_yes_seoaic":false,"seoaic_generate_description":"","seoaic_improve_instructions_prompt":"","seoaic_rollback_content_improvement":"","seoaic_idea_thumbnail_generator":"","thumbnail_generated":false,"thumbnail_generate_prompt":"","seoaic_article_description":"","_supplier_stock_quantity":0},"product_brand":[],"product_model":[],"product_cat":[9388],"product_tag":[],"industry-terminology":[],"class_list":{"0":"post-56155","1":"product","2":"type-product","3":"status-publish","4":"has-post-thumbnail","6":"product_cat-vaihdevivut","8":"first","9":"instock","10":"taxable","11":"shipping-taxable","12":"purchasable","13":"product-type-simple"},"acf":{"bike_features":null,"overview":{"copy_overview":null,"key_features":null,"statement":"","youtube_url":""}},"yoast_head":"<!-- This site is optimized with the Yoast SEO plugin v27.4 - https:\/\/yoast.com\/product\/yoast-seo-wordpress\/ -->\n<title>Vaihde\/jarrukahva oikea 8v ST-EF500 4-sormi musta - VM Sport<\/title>\n<meta name=\"robots\" content=\"index, follow, max-snippet:-1, max-image-preview:large, max-video-preview:-1\" \/>\n<link rel=\"canonical\" href=\"https:\/\/vmsport.fi\/sv\/webbutik\/reservdelar\/vaxellador\/sidor-om-vaxellador\/vaxelbromsspak-hoger-8v-st-ef500-4-finger-svart\/\" \/>\n<meta property=\"og:locale\" content=\"sv_SE\" \/>\n<meta property=\"og:type\" content=\"article\" \/>\n<meta property=\"og:title\" content=\"Vaihde\/jarrukahva oikea 8v ST-EF500 4-sormi musta - VM Sport\" \/>\n<meta property=\"og:description\" content=\"Kuvassa oleva vaihde- ja jarrukahva on suunniteltu oikealle puolelle, ja se on yhteensopiva 8-vaihteisten j\u00e4rjestelmien kanssa. Malli ST-EF500 yhdist\u00e4\u00e4 tyylikk\u00e4\u00e4sti sek\u00e4 vaihteiden vaihtamisen ett\u00e4 jarrutuksen yhdeksi komponentiksi. Musta, nelisorminen vipu tarjoaa erinomaisen otteen, mik\u00e4 parantaa hallintaa ja ajomukavuutta. T\u00e4m\u00e4 k\u00e4yt\u00e4nn\u00f6llinen ratkaisu varmistaa sujuvan ajon, sill\u00e4 pakettiin sis\u00e4ltyv\u00e4 vaihdevaijeri mahdollistaa helpon asennuksen ja k\u00e4yt\u00f6n. [...]L\u00e4s mer \u2026 from Vaihde\/jarrukahva oikea 8v ST-EF500 4-sormi musta\" \/>\n<meta property=\"og:url\" content=\"https:\/\/vmsport.fi\/sv\/webbutik\/reservdelar\/vaxellador\/sidor-om-vaxellador\/vaxelbromsspak-hoger-8v-st-ef500-4-finger-svart\/\" \/>\n<meta property=\"og:site_name\" content=\"VM Sport\" \/>\n<meta property=\"article:publisher\" content=\"https:\/\/www.facebook.com\/Vmsport.fi\/\" \/>\n<meta property=\"article:modified_time\" content=\"2026-04-22T12:06:52+00:00\" \/>\n<meta property=\"og:image\" content=\"https:\/\/vmsport.fi\/wp-content\/uploads\/2025\/03\/tZIrKKpCIZm4d5vkfo98XzRwmlnWXFdxBoRKm4sHuwsIQ9C6jX-1.jpg\" \/>\n\t<meta property=\"og:image:width\" content=\"600\" \/>\n\t<meta property=\"og:image:height\" content=\"600\" \/>\n\t<meta property=\"og:image:type\" content=\"image\/jpeg\" \/>\n<meta name=\"twitter:card\" content=\"summary_large_image\" \/>\n<script type=\"application\/ld+json\" class=\"yoast-schema-graph\">{\"@context\":\"https:\\\/\\\/schema.org\",\"@graph\":[{\"@type\":[\"WebPage\",\"ItemPage\"],\"@id\":\"https:\\\/\\\/vmsport.fi\\\/verkkokauppa\\\/varaosat\\\/vaihteistot\\\/vaihdevivut\\\/vaihde-jarrukahva-oikea-8v-st-ef500-4-sormi-musta\\\/\",\"url\":\"https:\\\/\\\/vmsport.fi\\\/verkkokauppa\\\/varaosat\\\/vaihteistot\\\/vaihdevivut\\\/vaihde-jarrukahva-oikea-8v-st-ef500-4-sormi-musta\\\/\",\"name\":\"Vaihde\\\/jarrukahva oikea 8v ST-EF500 4-sormi musta - VM Sport\",\"isPartOf\":{\"@id\":\"https:\\\/\\\/vmsport.fi\\\/#website\"},\"primaryImageOfPage\":{\"@id\":\"https:\\\/\\\/vmsport.fi\\\/verkkokauppa\\\/varaosat\\\/vaihteistot\\\/vaihdevivut\\\/vaihde-jarrukahva-oikea-8v-st-ef500-4-sormi-musta\\\/#primaryimage\"},\"image\":{\"@id\":\"https:\\\/\\\/vmsport.fi\\\/verkkokauppa\\\/varaosat\\\/vaihteistot\\\/vaihdevivut\\\/vaihde-jarrukahva-oikea-8v-st-ef500-4-sormi-musta\\\/#primaryimage\"},\"thumbnailUrl\":\"https:\\\/\\\/vmsport.fi\\\/wp-content\\\/uploads\\\/2025\\\/03\\\/tZIrKKpCIZm4d5vkfo98XzRwmlnWXFdxBoRKm4sHuwsIQ9C6jX-1.jpg\",\"datePublished\":\"2025-03-05T22:16:30+00:00\",\"dateModified\":\"2026-04-22T12:06:52+00:00\",\"breadcrumb\":{\"@id\":\"https:\\\/\\\/vmsport.fi\\\/verkkokauppa\\\/varaosat\\\/vaihteistot\\\/vaihdevivut\\\/vaihde-jarrukahva-oikea-8v-st-ef500-4-sormi-musta\\\/#breadcrumb\"},\"inLanguage\":\"sv-SE\",\"potentialAction\":[{\"@type\":\"ReadAction\",\"target\":[\"https:\\\/\\\/vmsport.fi\\\/verkkokauppa\\\/varaosat\\\/vaihteistot\\\/vaihdevivut\\\/vaihde-jarrukahva-oikea-8v-st-ef500-4-sormi-musta\\\/\"]}]},{\"@type\":\"ImageObject\",\"inLanguage\":\"sv-SE\",\"@id\":\"https:\\\/\\\/vmsport.fi\\\/verkkokauppa\\\/varaosat\\\/vaihteistot\\\/vaihdevivut\\\/vaihde-jarrukahva-oikea-8v-st-ef500-4-sormi-musta\\\/#primaryimage\",\"url\":\"https:\\\/\\\/vmsport.fi\\\/wp-content\\\/uploads\\\/2025\\\/03\\\/tZIrKKpCIZm4d5vkfo98XzRwmlnWXFdxBoRKm4sHuwsIQ9C6jX-1.jpg\",\"contentUrl\":\"https:\\\/\\\/vmsport.fi\\\/wp-content\\\/uploads\\\/2025\\\/03\\\/tZIrKKpCIZm4d5vkfo98XzRwmlnWXFdxBoRKm4sHuwsIQ9C6jX-1.jpg\",\"width\":600,\"height\":600,\"caption\":\"tZIrKKpCIZm4d5vkfo98XzRwmlnWXFdxBoRKm4sHuwsIQ9C6jX\"},{\"@type\":\"BreadcrumbList\",\"@id\":\"https:\\\/\\\/vmsport.fi\\\/verkkokauppa\\\/varaosat\\\/vaihteistot\\\/vaihdevivut\\\/vaihde-jarrukahva-oikea-8v-st-ef500-4-sormi-musta\\\/#breadcrumb\",\"itemListElement\":[{\"@type\":\"ListItem\",\"position\":1,\"name\":\"Etusivu\",\"item\":\"https:\\\/\\\/vmsport.fi\\\/\"},{\"@type\":\"ListItem\",\"position\":2,\"name\":\"Online Store\",\"item\":\"https:\\\/\\\/vmsport.fi\\\/en\\\/online-store\\\/\"},{\"@type\":\"ListItem\",\"position\":3,\"name\":\"Vaihde\\\/jarrukahva oikea 8v ST-EF500 4-sormi musta\"}]},{\"@type\":\"WebSite\",\"@id\":\"https:\\\/\\\/vmsport.fi\\\/#website\",\"url\":\"https:\\\/\\\/vmsport.fi\\\/\",\"name\":\"Vmsport\",\"description\":\"Kaikki py\u00f6r\u00e4ilyyn yhdest\u00e4 paikasta\",\"publisher\":{\"@id\":\"https:\\\/\\\/vmsport.fi\\\/#organization\"},\"potentialAction\":[{\"@type\":\"SearchAction\",\"target\":{\"@type\":\"EntryPoint\",\"urlTemplate\":\"https:\\\/\\\/vmsport.fi\\\/?s={search_term_string}\"},\"query-input\":{\"@type\":\"PropertyValueSpecification\",\"valueRequired\":true,\"valueName\":\"search_term_string\"}}],\"inLanguage\":\"sv-SE\"},{\"@type\":\"Organization\",\"@id\":\"https:\\\/\\\/vmsport.fi\\\/#organization\",\"name\":\"Vmsport\",\"url\":\"https:\\\/\\\/vmsport.fi\\\/\",\"logo\":{\"@type\":\"ImageObject\",\"inLanguage\":\"sv-SE\",\"@id\":\"https:\\\/\\\/vmsport.fi\\\/#\\\/schema\\\/logo\\\/image\\\/\",\"url\":\"https:\\\/\\\/vmsport.fi\\\/wp-content\\\/uploads\\\/2024\\\/12\\\/vm_sport_RGB_horisontal-e1734526017575.png\",\"contentUrl\":\"https:\\\/\\\/vmsport.fi\\\/wp-content\\\/uploads\\\/2024\\\/12\\\/vm_sport_RGB_horisontal-e1734526017575.png\",\"width\":668,\"height\":85,\"caption\":\"Vmsport\"},\"image\":{\"@id\":\"https:\\\/\\\/vmsport.fi\\\/#\\\/schema\\\/logo\\\/image\\\/\"},\"sameAs\":[\"https:\\\/\\\/www.facebook.com\\\/Vmsport.fi\\\/\",\"https:\\\/\\\/www.instagram.com\\\/vmsport\\\/\"]}]}<\/script>\n<!-- \/ Yoast SEO plugin. -->","yoast_head_json":{"title":"V\u00e4xel-\/bromsspak h\u00f6ger 8v ST-EF500 4-finger svart - VM Sport","robots":{"index":"index","follow":"follow","max-snippet":"max-snippet:-1","max-image-preview":"max-image-preview:large","max-video-preview":"max-video-preview:-1"},"canonical":"https:\/\/vmsport.fi\/sv\/webbutik\/reservdelar\/vaxellador\/sidor-om-vaxellador\/vaxelbromsspak-hoger-8v-st-ef500-4-finger-svart\/","og_locale":"sv_SE","og_type":"article","og_title":"Vaihde\/jarrukahva oikea 8v ST-EF500 4-sormi musta - VM Sport","og_description":"Kuvassa oleva vaihde- ja jarrukahva on suunniteltu oikealle puolelle, ja se on yhteensopiva 8-vaihteisten j\u00e4rjestelmien kanssa. Malli ST-EF500 yhdist\u00e4\u00e4 tyylikk\u00e4\u00e4sti sek\u00e4 vaihteiden vaihtamisen ett\u00e4 jarrutuksen yhdeksi komponentiksi. Musta, nelisorminen vipu tarjoaa erinomaisen otteen, mik\u00e4 parantaa hallintaa ja ajomukavuutta. T\u00e4m\u00e4 k\u00e4yt\u00e4nn\u00f6llinen ratkaisu varmistaa sujuvan ajon, sill\u00e4 pakettiin sis\u00e4ltyv\u00e4 vaihdevaijeri mahdollistaa helpon asennuksen ja k\u00e4yt\u00f6n. [...]L\u00e4s mer \u2026 from Vaihde\/jarrukahva oikea 8v ST-EF500 4-sormi musta","og_url":"https:\/\/vmsport.fi\/sv\/webbutik\/reservdelar\/vaxellador\/sidor-om-vaxellador\/vaxelbromsspak-hoger-8v-st-ef500-4-finger-svart\/","og_site_name":"VM Sport","article_publisher":"https:\/\/www.facebook.com\/Vmsport.fi\/","article_modified_time":"2026-04-22T12:06:52+00:00","og_image":[{"width":600,"height":600,"url":"https:\/\/vmsport.fi\/wp-content\/uploads\/2025\/03\/tZIrKKpCIZm4d5vkfo98XzRwmlnWXFdxBoRKm4sHuwsIQ9C6jX-1.jpg","type":"image\/jpeg"}],"twitter_card":"summary_large_image","schema":{"@context":"https:\/\/schema.org","@graph":[{"@type":["WebPage","ItemPage"],"@id":"https:\/\/vmsport.fi\/verkkokauppa\/varaosat\/vaihteistot\/vaihdevivut\/vaihde-jarrukahva-oikea-8v-st-ef500-4-sormi-musta\/","url":"https:\/\/vmsport.fi\/verkkokauppa\/varaosat\/vaihteistot\/vaihdevivut\/vaihde-jarrukahva-oikea-8v-st-ef500-4-sormi-musta\/","name":"V\u00e4xel-\/bromsspak h\u00f6ger 8v ST-EF500 4-finger svart - VM Sport","isPartOf":{"@id":"https:\/\/vmsport.fi\/#website"},"primaryImageOfPage":{"@id":"https:\/\/vmsport.fi\/verkkokauppa\/varaosat\/vaihteistot\/vaihdevivut\/vaihde-jarrukahva-oikea-8v-st-ef500-4-sormi-musta\/#primaryimage"},"image":{"@id":"https:\/\/vmsport.fi\/verkkokauppa\/varaosat\/vaihteistot\/vaihdevivut\/vaihde-jarrukahva-oikea-8v-st-ef500-4-sormi-musta\/#primaryimage"},"thumbnailUrl":"https:\/\/vmsport.fi\/wp-content\/uploads\/2025\/03\/tZIrKKpCIZm4d5vkfo98XzRwmlnWXFdxBoRKm4sHuwsIQ9C6jX-1.jpg","datePublished":"2025-03-05T22:16:30+00:00","dateModified":"2026-04-22T12:06:52+00:00","breadcrumb":{"@id":"https:\/\/vmsport.fi\/verkkokauppa\/varaosat\/vaihteistot\/vaihdevivut\/vaihde-jarrukahva-oikea-8v-st-ef500-4-sormi-musta\/#breadcrumb"},"inLanguage":"sv-SE","potentialAction":[{"@type":"ReadAction","target":["https:\/\/vmsport.fi\/verkkokauppa\/varaosat\/vaihteistot\/vaihdevivut\/vaihde-jarrukahva-oikea-8v-st-ef500-4-sormi-musta\/"]}]},{"@type":"ImageObject","inLanguage":"sv-SE","@id":"https:\/\/vmsport.fi\/verkkokauppa\/varaosat\/vaihteistot\/vaihdevivut\/vaihde-jarrukahva-oikea-8v-st-ef500-4-sormi-musta\/#primaryimage","url":"https:\/\/vmsport.fi\/wp-content\/uploads\/2025\/03\/tZIrKKpCIZm4d5vkfo98XzRwmlnWXFdxBoRKm4sHuwsIQ9C6jX-1.jpg","contentUrl":"https:\/\/vmsport.fi\/wp-content\/uploads\/2025\/03\/tZIrKKpCIZm4d5vkfo98XzRwmlnWXFdxBoRKm4sHuwsIQ9C6jX-1.jpg","width":600,"height":600,"caption":"tZIrKKpCIZm4d5vkfo98XzRwmlnWXFdxBoRKm4sHuwsIQ9C6jX"},{"@type":"BreadcrumbList","@id":"https:\/\/vmsport.fi\/verkkokauppa\/varaosat\/vaihteistot\/vaihdevivut\/vaihde-jarrukahva-oikea-8v-st-ef500-4-sormi-musta\/#breadcrumb","itemListElement":[{"@type":"ListItem","position":1,"name":"Etusivu","item":"https:\/\/vmsport.fi\/"},{"@type":"ListItem","position":2,"name":"Online Store","item":"https:\/\/vmsport.fi\/en\/online-store\/"},{"@type":"ListItem","position":3,"name":"Vaihde\/jarrukahva oikea 8v ST-EF500 4-sormi musta"}]},{"@type":"WebSite","@id":"https:\/\/vmsport.fi\/#website","url":"https:\/\/vmsport.fi\/","name":"Vmsport","description":"Allt p\u00e5 ett st\u00e4lle f\u00f6r cykling","publisher":{"@id":"https:\/\/vmsport.fi\/#organization"},"potentialAction":[{"@type":"SearchAction","target":{"@type":"EntryPoint","urlTemplate":"https:\/\/vmsport.fi\/?s={search_term_string}"},"query-input":{"@type":"PropertyValueSpecification","valueRequired":true,"valueName":"search_term_string"}}],"inLanguage":"sv-SE"},{"@type":"Organization","@id":"https:\/\/vmsport.fi\/#organization","name":"Vmsport","url":"https:\/\/vmsport.fi\/","logo":{"@type":"ImageObject","inLanguage":"sv-SE","@id":"https:\/\/vmsport.fi\/#\/schema\/logo\/image\/","url":"https:\/\/vmsport.fi\/wp-content\/uploads\/2024\/12\/vm_sport_RGB_horisontal-e1734526017575.png","contentUrl":"https:\/\/vmsport.fi\/wp-content\/uploads\/2024\/12\/vm_sport_RGB_horisontal-e1734526017575.png","width":668,"height":85,"caption":"Vmsport"},"image":{"@id":"https:\/\/vmsport.fi\/#\/schema\/logo\/image\/"},"sameAs":["https:\/\/www.facebook.com\/Vmsport.fi\/","https:\/\/www.instagram.com\/vmsport\/"]}]}},"global_unique_id":"","_links":{"self":[{"href":"https:\/\/vmsport.fi\/sv\/wp-json\/wp\/v2\/product\/56155","targetHints":{"allow":["GET"]}}],"collection":[{"href":"https:\/\/vmsport.fi\/sv\/wp-json\/wp\/v2\/product"}],"about":[{"href":"https:\/\/vmsport.fi\/sv\/wp-json\/wp\/v2\/types\/product"}],"replies":[{"embeddable":true,"href":"https:\/\/vmsport.fi\/sv\/wp-json\/wp\/v2\/comments?post=56155"}],"wp:featuredmedia":[{"embeddable":true,"href":"https:\/\/vmsport.fi\/sv\/wp-json\/wp\/v2\/media\/56154"}],"wp:attachment":[{"href":"https:\/\/vmsport.fi\/sv\/wp-json\/wp\/v2\/media?parent=56155"}],"wp:term":[{"taxonomy":"product_brand","embeddable":true,"href":"https:\/\/vmsport.fi\/sv\/wp-json\/wp\/v2\/product_brand?post=56155"},{"taxonomy":"product_model","embeddable":true,"href":"https:\/\/vmsport.fi\/sv\/wp-json\/wp\/v2\/product_model?post=56155"},{"taxonomy":"product_cat","embeddable":true,"href":"https:\/\/vmsport.fi\/sv\/wp-json\/wp\/v2\/product_cat?post=56155"},{"taxonomy":"product_tag","embeddable":true,"href":"https:\/\/vmsport.fi\/sv\/wp-json\/wp\/v2\/product_tag?post=56155"},{"taxonomy":"industry_terminology","embeddable":true,"href":"https:\/\/vmsport.fi\/sv\/wp-json\/wp\/v2\/industry-terminology?post=56155"}],"curies":[{"name":"wp","href":"https:\/\/api.w.org\/{rel}","templated":true}]}}