{"id":56146,"date":"2025-03-06T00:16:25","date_gmt":"2025-03-05T22:16:25","guid":{"rendered":"https:\/\/vmsport.fi\/verkkokauppa\/Ei-luokiteltu\/rengas-road-zaffiro-pro-v-musta-28-622-fold-g2\/"},"modified":"2026-01-16T13:21:12","modified_gmt":"2026-01-16T11:21:12","slug":"dack-road-zaffiro-pro-v-svart-28-622-fold-g2","status":"publish","type":"product","link":"https:\/\/vmsport.fi\/sv\/verkkokauppa\/renkaat\/ulkorenkaat\/maantierenkaat\/rengas-road-zaffiro-pro-v-musta-28-622-fold-g2\/","title":{"rendered":"D\u00e4ck Road Zaffiro Pro V svart 28-622 Fold G2"},"content":{"rendered":"<p>Road Zaffiro Pro V black 28-622 Fold G2-d\u00e4cket \u00e4r utformat f\u00f6r utmanande terr\u00e4ngk\u00f6rning. Dess slitstarka och l\u00e4tta konstruktion, tillverkad av 26 TPI nylon, kombineras med en vikbar struktur. Det specialdesignade ytm\u00f6nstret garanterar m\u00e5ngsidighet. Den starka nylonstommen och det extra stabskyddet med remf\u00f6rst\u00e4rkning \u00f6kar s\u00e4kerheten, s\u00e4rskilt i v\u00e5ta f\u00f6rh\u00e5llanden, tack vare Graphene 2.0-materialet. D\u00e4cket ger l\u00e5ng livsl\u00e4ngd och tillf\u00f6rlitlighet vid tr\u00e4ning och v\u00e4ger endast 340 g, vilket g\u00f6r det till det perfekta valet f\u00f6r effektiv landsv\u00e4gscykling. Den snygga svarta f\u00e4rgen g\u00f6r det till en diskret men effektiv f\u00f6ljeslagare.<\/p>","protected":false},"excerpt":{"rendered":"<p>Rengas Road Zaffiro Pro V musta 28-622 Fold G2 on suunniteltu haastaviin maantieharjoituksiin. Sen kest\u00e4v\u00e4 ja kevyt rakenne, joka on valmistettu 26 TPI nylonista, yhdistyy taittuvaan rakenteeseen. Erityisesti suunniteltu pintakuviointi takaa monik\u00e4ytt\u00f6isyyden. Vahva nylonrunko ja lis\u00e4tty pistosuoja hihnavahvikkeella parantavat turvallisuutta, erityisesti m\u00e4riss\u00e4 olosuhteissa, kiitos Graphene 2.0 -materiaalin. T\u00e4m\u00e4 rengas tarjoaa pitk\u00e4ik\u00e4isyytt\u00e4 ja luotettavuutta harjoitteluun, ja [&#8230;]<\/p>\n<p><a class=\"btn btn-secondary understrap-read-more-link\" href=\"https:\/\/vmsport.fi\/sv\/verkkokauppa\/renkaat\/ulkorenkaat\/maantierenkaat\/rengas-road-zaffiro-pro-v-musta-28-622-fold-g2\/\">L\u00e4s mer \u2026<span class=\"screen-reader-text\"> from Rengas Road Zaffiro Pro V musta 28-622 Fold G2<\/span><\/a><\/p>\n","protected":false},"featured_media":56145,"comment_status":"open","ping_status":"closed","template":"","meta":{"_acf_changed":false,"_improvement_type_select":"improve_an_existing","_thumb_yes_seoaic":false,"_frame_yes_seoaic":false,"seoaic_generate_description":"","seoaic_improve_instructions_prompt":"","seoaic_rollback_content_improvement":"","seoaic_idea_thumbnail_generator":"","thumbnail_generated":false,"thumbnail_generate_prompt":"","seoaic_article_description":"","_supplier_stock_quantity":0},"product_brand":[],"product_model":[],"product_cat":[9320],"product_tag":[],"industry-terminology":[],"class_list":{"0":"post-56146","1":"product","2":"type-product","3":"status-publish","4":"has-post-thumbnail","6":"product_cat-maantierenkaat","8":"first","9":"instock","10":"taxable","11":"shipping-taxable","12":"purchasable","13":"product-type-simple"},"acf":{"bike_features":null,"overview":{"copy_overview":null,"key_features":null,"statement":"","youtube_url":""}},"yoast_head":"<!-- This site is optimized with the Yoast SEO plugin v27.3 - https:\/\/yoast.com\/product\/yoast-seo-wordpress\/ -->\n<title>Rengas Road Zaffiro Pro V musta 28-622 Fold G2 - VM Sport<\/title>\n<meta name=\"robots\" content=\"index, follow, max-snippet:-1, max-image-preview:large, max-video-preview:-1\" \/>\n<link rel=\"canonical\" href=\"https:\/\/vmsport.fi\/sv\/webbutik\/dack\/dack-for-utomhusbruk\/maantierenkaat\/dack-road-zaffiro-pro-v-svart-28-622-fold-g2\/\" \/>\n<meta property=\"og:locale\" content=\"sv_SE\" \/>\n<meta property=\"og:type\" content=\"article\" \/>\n<meta property=\"og:title\" content=\"Rengas Road Zaffiro Pro V musta 28-622 Fold G2 - VM Sport\" \/>\n<meta property=\"og:description\" content=\"Rengas Road Zaffiro Pro V musta 28-622 Fold G2 on suunniteltu haastaviin maantieharjoituksiin. Sen kest\u00e4v\u00e4 ja kevyt rakenne, joka on valmistettu 26 TPI nylonista, yhdistyy taittuvaan rakenteeseen. Erityisesti suunniteltu pintakuviointi takaa monik\u00e4ytt\u00f6isyyden. Vahva nylonrunko ja lis\u00e4tty pistosuoja hihnavahvikkeella parantavat turvallisuutta, erityisesti m\u00e4riss\u00e4 olosuhteissa, kiitos Graphene 2.0 -materiaalin. T\u00e4m\u00e4 rengas tarjoaa pitk\u00e4ik\u00e4isyytt\u00e4 ja luotettavuutta harjoitteluun, ja [...]L\u00e4s mer \u2026 from Rengas Road Zaffiro Pro V musta 28-622 Fold G2\" \/>\n<meta property=\"og:url\" content=\"https:\/\/vmsport.fi\/sv\/webbutik\/dack\/dack-for-utomhusbruk\/maantierenkaat\/dack-road-zaffiro-pro-v-svart-28-622-fold-g2\/\" \/>\n<meta property=\"og:site_name\" content=\"VM Sport\" \/>\n<meta property=\"article:publisher\" content=\"https:\/\/www.facebook.com\/Vmsport.fi\/\" \/>\n<meta property=\"article:modified_time\" content=\"2026-01-16T11:21:12+00:00\" \/>\n<meta property=\"og:image\" content=\"https:\/\/vmsport.fi\/wp-content\/uploads\/2025\/03\/QUsmbHeYIU7tvcgHSxwbcr6zdNBDgxemleeHyNNCcdvry1itBY-1.jpg\" \/>\n\t<meta property=\"og:image:width\" content=\"600\" \/>\n\t<meta property=\"og:image:height\" content=\"600\" \/>\n\t<meta property=\"og:image:type\" content=\"image\/jpeg\" \/>\n<meta name=\"twitter:card\" content=\"summary_large_image\" \/>\n<script type=\"application\/ld+json\" class=\"yoast-schema-graph\">{\"@context\":\"https:\\\/\\\/schema.org\",\"@graph\":[{\"@type\":[\"WebPage\",\"ItemPage\"],\"@id\":\"https:\\\/\\\/vmsport.fi\\\/verkkokauppa\\\/renkaat\\\/ulkorenkaat\\\/maantierenkaat\\\/rengas-road-zaffiro-pro-v-musta-28-622-fold-g2\\\/\",\"url\":\"https:\\\/\\\/vmsport.fi\\\/verkkokauppa\\\/renkaat\\\/ulkorenkaat\\\/maantierenkaat\\\/rengas-road-zaffiro-pro-v-musta-28-622-fold-g2\\\/\",\"name\":\"Rengas Road Zaffiro Pro V musta 28-622 Fold G2 - VM Sport\",\"isPartOf\":{\"@id\":\"https:\\\/\\\/vmsport.fi\\\/#website\"},\"primaryImageOfPage\":{\"@id\":\"https:\\\/\\\/vmsport.fi\\\/verkkokauppa\\\/renkaat\\\/ulkorenkaat\\\/maantierenkaat\\\/rengas-road-zaffiro-pro-v-musta-28-622-fold-g2\\\/#primaryimage\"},\"image\":{\"@id\":\"https:\\\/\\\/vmsport.fi\\\/verkkokauppa\\\/renkaat\\\/ulkorenkaat\\\/maantierenkaat\\\/rengas-road-zaffiro-pro-v-musta-28-622-fold-g2\\\/#primaryimage\"},\"thumbnailUrl\":\"https:\\\/\\\/vmsport.fi\\\/wp-content\\\/uploads\\\/2025\\\/03\\\/QUsmbHeYIU7tvcgHSxwbcr6zdNBDgxemleeHyNNCcdvry1itBY-1.jpg\",\"datePublished\":\"2025-03-05T22:16:25+00:00\",\"dateModified\":\"2026-01-16T11:21:12+00:00\",\"breadcrumb\":{\"@id\":\"https:\\\/\\\/vmsport.fi\\\/verkkokauppa\\\/renkaat\\\/ulkorenkaat\\\/maantierenkaat\\\/rengas-road-zaffiro-pro-v-musta-28-622-fold-g2\\\/#breadcrumb\"},\"inLanguage\":\"sv-SE\",\"potentialAction\":[{\"@type\":\"ReadAction\",\"target\":[\"https:\\\/\\\/vmsport.fi\\\/verkkokauppa\\\/renkaat\\\/ulkorenkaat\\\/maantierenkaat\\\/rengas-road-zaffiro-pro-v-musta-28-622-fold-g2\\\/\"]}]},{\"@type\":\"ImageObject\",\"inLanguage\":\"sv-SE\",\"@id\":\"https:\\\/\\\/vmsport.fi\\\/verkkokauppa\\\/renkaat\\\/ulkorenkaat\\\/maantierenkaat\\\/rengas-road-zaffiro-pro-v-musta-28-622-fold-g2\\\/#primaryimage\",\"url\":\"https:\\\/\\\/vmsport.fi\\\/wp-content\\\/uploads\\\/2025\\\/03\\\/QUsmbHeYIU7tvcgHSxwbcr6zdNBDgxemleeHyNNCcdvry1itBY-1.jpg\",\"contentUrl\":\"https:\\\/\\\/vmsport.fi\\\/wp-content\\\/uploads\\\/2025\\\/03\\\/QUsmbHeYIU7tvcgHSxwbcr6zdNBDgxemleeHyNNCcdvry1itBY-1.jpg\",\"width\":600,\"height\":600,\"caption\":\"QUsmbHeYIU7tvcgHSxwbcr6zdNBDgxemleeHyNNCcdvry1itBY\"},{\"@type\":\"BreadcrumbList\",\"@id\":\"https:\\\/\\\/vmsport.fi\\\/verkkokauppa\\\/renkaat\\\/ulkorenkaat\\\/maantierenkaat\\\/rengas-road-zaffiro-pro-v-musta-28-622-fold-g2\\\/#breadcrumb\",\"itemListElement\":[{\"@type\":\"ListItem\",\"position\":1,\"name\":\"Etusivu\",\"item\":\"https:\\\/\\\/vmsport.fi\\\/\"},{\"@type\":\"ListItem\",\"position\":2,\"name\":\"Online Store\",\"item\":\"https:\\\/\\\/vmsport.fi\\\/en\\\/online-store\\\/\"},{\"@type\":\"ListItem\",\"position\":3,\"name\":\"Rengas Road Zaffiro Pro V musta 28-622 Fold G2\"}]},{\"@type\":\"WebSite\",\"@id\":\"https:\\\/\\\/vmsport.fi\\\/#website\",\"url\":\"https:\\\/\\\/vmsport.fi\\\/\",\"name\":\"Vmsport\",\"description\":\"Kaikki py\u00f6r\u00e4ilyyn yhdest\u00e4 paikasta\",\"publisher\":{\"@id\":\"https:\\\/\\\/vmsport.fi\\\/#organization\"},\"potentialAction\":[{\"@type\":\"SearchAction\",\"target\":{\"@type\":\"EntryPoint\",\"urlTemplate\":\"https:\\\/\\\/vmsport.fi\\\/?s={search_term_string}\"},\"query-input\":{\"@type\":\"PropertyValueSpecification\",\"valueRequired\":true,\"valueName\":\"search_term_string\"}}],\"inLanguage\":\"sv-SE\"},{\"@type\":\"Organization\",\"@id\":\"https:\\\/\\\/vmsport.fi\\\/#organization\",\"name\":\"Vmsport\",\"url\":\"https:\\\/\\\/vmsport.fi\\\/\",\"logo\":{\"@type\":\"ImageObject\",\"inLanguage\":\"sv-SE\",\"@id\":\"https:\\\/\\\/vmsport.fi\\\/#\\\/schema\\\/logo\\\/image\\\/\",\"url\":\"https:\\\/\\\/vmsport.fi\\\/wp-content\\\/uploads\\\/2024\\\/12\\\/vm_sport_RGB_horisontal-e1734526017575.png\",\"contentUrl\":\"https:\\\/\\\/vmsport.fi\\\/wp-content\\\/uploads\\\/2024\\\/12\\\/vm_sport_RGB_horisontal-e1734526017575.png\",\"width\":668,\"height\":85,\"caption\":\"Vmsport\"},\"image\":{\"@id\":\"https:\\\/\\\/vmsport.fi\\\/#\\\/schema\\\/logo\\\/image\\\/\"},\"sameAs\":[\"https:\\\/\\\/www.facebook.com\\\/Vmsport.fi\\\/\",\"https:\\\/\\\/www.instagram.com\\\/vmsport\\\/\"]}]}<\/script>\n<!-- \/ Yoast SEO plugin. -->","yoast_head_json":{"title":"D\u00e4ck Road Zaffiro Pro V svart 28-622 Fold G2 - VM Sport","robots":{"index":"index","follow":"follow","max-snippet":"max-snippet:-1","max-image-preview":"max-image-preview:large","max-video-preview":"max-video-preview:-1"},"canonical":"https:\/\/vmsport.fi\/sv\/webbutik\/dack\/dack-for-utomhusbruk\/maantierenkaat\/dack-road-zaffiro-pro-v-svart-28-622-fold-g2\/","og_locale":"sv_SE","og_type":"article","og_title":"Rengas Road Zaffiro Pro V musta 28-622 Fold G2 - VM Sport","og_description":"Rengas Road Zaffiro Pro V musta 28-622 Fold G2 on suunniteltu haastaviin maantieharjoituksiin. Sen kest\u00e4v\u00e4 ja kevyt rakenne, joka on valmistettu 26 TPI nylonista, yhdistyy taittuvaan rakenteeseen. Erityisesti suunniteltu pintakuviointi takaa monik\u00e4ytt\u00f6isyyden. Vahva nylonrunko ja lis\u00e4tty pistosuoja hihnavahvikkeella parantavat turvallisuutta, erityisesti m\u00e4riss\u00e4 olosuhteissa, kiitos Graphene 2.0 -materiaalin. T\u00e4m\u00e4 rengas tarjoaa pitk\u00e4ik\u00e4isyytt\u00e4 ja luotettavuutta harjoitteluun, ja [...]L\u00e4s mer \u2026 from Rengas Road Zaffiro Pro V musta 28-622 Fold G2","og_url":"https:\/\/vmsport.fi\/sv\/webbutik\/dack\/dack-for-utomhusbruk\/maantierenkaat\/dack-road-zaffiro-pro-v-svart-28-622-fold-g2\/","og_site_name":"VM Sport","article_publisher":"https:\/\/www.facebook.com\/Vmsport.fi\/","article_modified_time":"2026-01-16T11:21:12+00:00","og_image":[{"width":600,"height":600,"url":"https:\/\/vmsport.fi\/wp-content\/uploads\/2025\/03\/QUsmbHeYIU7tvcgHSxwbcr6zdNBDgxemleeHyNNCcdvry1itBY-1.jpg","type":"image\/jpeg"}],"twitter_card":"summary_large_image","schema":{"@context":"https:\/\/schema.org","@graph":[{"@type":["WebPage","ItemPage"],"@id":"https:\/\/vmsport.fi\/verkkokauppa\/renkaat\/ulkorenkaat\/maantierenkaat\/rengas-road-zaffiro-pro-v-musta-28-622-fold-g2\/","url":"https:\/\/vmsport.fi\/verkkokauppa\/renkaat\/ulkorenkaat\/maantierenkaat\/rengas-road-zaffiro-pro-v-musta-28-622-fold-g2\/","name":"D\u00e4ck Road Zaffiro Pro V svart 28-622 Fold G2 - VM Sport","isPartOf":{"@id":"https:\/\/vmsport.fi\/#website"},"primaryImageOfPage":{"@id":"https:\/\/vmsport.fi\/verkkokauppa\/renkaat\/ulkorenkaat\/maantierenkaat\/rengas-road-zaffiro-pro-v-musta-28-622-fold-g2\/#primaryimage"},"image":{"@id":"https:\/\/vmsport.fi\/verkkokauppa\/renkaat\/ulkorenkaat\/maantierenkaat\/rengas-road-zaffiro-pro-v-musta-28-622-fold-g2\/#primaryimage"},"thumbnailUrl":"https:\/\/vmsport.fi\/wp-content\/uploads\/2025\/03\/QUsmbHeYIU7tvcgHSxwbcr6zdNBDgxemleeHyNNCcdvry1itBY-1.jpg","datePublished":"2025-03-05T22:16:25+00:00","dateModified":"2026-01-16T11:21:12+00:00","breadcrumb":{"@id":"https:\/\/vmsport.fi\/verkkokauppa\/renkaat\/ulkorenkaat\/maantierenkaat\/rengas-road-zaffiro-pro-v-musta-28-622-fold-g2\/#breadcrumb"},"inLanguage":"sv-SE","potentialAction":[{"@type":"ReadAction","target":["https:\/\/vmsport.fi\/verkkokauppa\/renkaat\/ulkorenkaat\/maantierenkaat\/rengas-road-zaffiro-pro-v-musta-28-622-fold-g2\/"]}]},{"@type":"ImageObject","inLanguage":"sv-SE","@id":"https:\/\/vmsport.fi\/verkkokauppa\/renkaat\/ulkorenkaat\/maantierenkaat\/rengas-road-zaffiro-pro-v-musta-28-622-fold-g2\/#primaryimage","url":"https:\/\/vmsport.fi\/wp-content\/uploads\/2025\/03\/QUsmbHeYIU7tvcgHSxwbcr6zdNBDgxemleeHyNNCcdvry1itBY-1.jpg","contentUrl":"https:\/\/vmsport.fi\/wp-content\/uploads\/2025\/03\/QUsmbHeYIU7tvcgHSxwbcr6zdNBDgxemleeHyNNCcdvry1itBY-1.jpg","width":600,"height":600,"caption":"QUsmbHeYIU7tvcgHSxwbcr6zdNBDgxemleeHyNNCcdvry1itBY"},{"@type":"BreadcrumbList","@id":"https:\/\/vmsport.fi\/verkkokauppa\/renkaat\/ulkorenkaat\/maantierenkaat\/rengas-road-zaffiro-pro-v-musta-28-622-fold-g2\/#breadcrumb","itemListElement":[{"@type":"ListItem","position":1,"name":"Etusivu","item":"https:\/\/vmsport.fi\/"},{"@type":"ListItem","position":2,"name":"Online Store","item":"https:\/\/vmsport.fi\/en\/online-store\/"},{"@type":"ListItem","position":3,"name":"Rengas Road Zaffiro Pro V musta 28-622 Fold G2"}]},{"@type":"WebSite","@id":"https:\/\/vmsport.fi\/#website","url":"https:\/\/vmsport.fi\/","name":"Vmsport","description":"Allt p\u00e5 ett st\u00e4lle f\u00f6r cykling","publisher":{"@id":"https:\/\/vmsport.fi\/#organization"},"potentialAction":[{"@type":"SearchAction","target":{"@type":"EntryPoint","urlTemplate":"https:\/\/vmsport.fi\/?s={search_term_string}"},"query-input":{"@type":"PropertyValueSpecification","valueRequired":true,"valueName":"search_term_string"}}],"inLanguage":"sv-SE"},{"@type":"Organization","@id":"https:\/\/vmsport.fi\/#organization","name":"Vmsport","url":"https:\/\/vmsport.fi\/","logo":{"@type":"ImageObject","inLanguage":"sv-SE","@id":"https:\/\/vmsport.fi\/#\/schema\/logo\/image\/","url":"https:\/\/vmsport.fi\/wp-content\/uploads\/2024\/12\/vm_sport_RGB_horisontal-e1734526017575.png","contentUrl":"https:\/\/vmsport.fi\/wp-content\/uploads\/2024\/12\/vm_sport_RGB_horisontal-e1734526017575.png","width":668,"height":85,"caption":"Vmsport"},"image":{"@id":"https:\/\/vmsport.fi\/#\/schema\/logo\/image\/"},"sameAs":["https:\/\/www.facebook.com\/Vmsport.fi\/","https:\/\/www.instagram.com\/vmsport\/"]}]}},"global_unique_id":"","_links":{"self":[{"href":"https:\/\/vmsport.fi\/sv\/wp-json\/wp\/v2\/product\/56146","targetHints":{"allow":["GET"]}}],"collection":[{"href":"https:\/\/vmsport.fi\/sv\/wp-json\/wp\/v2\/product"}],"about":[{"href":"https:\/\/vmsport.fi\/sv\/wp-json\/wp\/v2\/types\/product"}],"replies":[{"embeddable":true,"href":"https:\/\/vmsport.fi\/sv\/wp-json\/wp\/v2\/comments?post=56146"}],"wp:featuredmedia":[{"embeddable":true,"href":"https:\/\/vmsport.fi\/sv\/wp-json\/wp\/v2\/media\/56145"}],"wp:attachment":[{"href":"https:\/\/vmsport.fi\/sv\/wp-json\/wp\/v2\/media?parent=56146"}],"wp:term":[{"taxonomy":"product_brand","embeddable":true,"href":"https:\/\/vmsport.fi\/sv\/wp-json\/wp\/v2\/product_brand?post=56146"},{"taxonomy":"product_model","embeddable":true,"href":"https:\/\/vmsport.fi\/sv\/wp-json\/wp\/v2\/product_model?post=56146"},{"taxonomy":"product_cat","embeddable":true,"href":"https:\/\/vmsport.fi\/sv\/wp-json\/wp\/v2\/product_cat?post=56146"},{"taxonomy":"product_tag","embeddable":true,"href":"https:\/\/vmsport.fi\/sv\/wp-json\/wp\/v2\/product_tag?post=56146"},{"taxonomy":"industry_terminology","embeddable":true,"href":"https:\/\/vmsport.fi\/sv\/wp-json\/wp\/v2\/industry-terminology?post=56146"}],"curies":[{"name":"wp","href":"https:\/\/api.w.org\/{rel}","templated":true}]}}