{"id":56144,"date":"2025-03-06T00:16:25","date_gmt":"2025-03-05T22:16:25","guid":{"rendered":"https:\/\/vmsport.fi\/verkkokauppa\/Ei-luokiteltu\/bontrager-line-35-0-degree-stem-70mm\/"},"modified":"2026-04-22T15:03:06","modified_gmt":"2026-04-22T12:03:06","slug":"bontrager-line-35-0-degree-stem-70mm","status":"publish","type":"product","link":"https:\/\/vmsport.fi\/sv\/verkkokauppa\/varaosat\/ohjaamo\/ohjainkannattimet\/bontrager-line-35-0-degree-stem-70mm\/","title":{"rendered":"Bontrager Line 35 0 graders styrstam 70 mm"},"content":{"rendered":"<p>Bontrager Line 35 0 Asteen Stem on ensiluokkainen polkupy\u00f6r\u00e4n osa, joka lis\u00e4\u00e4 ajon vakautta ja tarkkuutta. Sen 70 mm pituus parantaa ohjaustuntumaa ja ajokokemusta. T\u00e4m\u00e4 stemmi on suunniteltu kest\u00e4m\u00e4\u00e4n vaativissa olosuhteissa, joten se sopii erinomaisesti monenlaisiin ajoihin. \u00c4lyk\u00e4s muotoilu takaa t\u00e4ydellisen soveltuvuuden py\u00f6r\u00e4si kanssa, mink\u00e4 ansiosta voit nauttia sujuvasta ja tehokkaasta py\u00f6r\u00e4ilyst\u00e4.<\/p>","protected":false},"excerpt":{"rendered":"<p>Bontrager Line 35 0 Asteen Stem on ensiluokkainen polkupy\u00f6r\u00e4n osa, joka lis\u00e4\u00e4 ajon vakautta ja tarkkuutta. Sen 70 mm pituus parantaa ohjaustuntumaa ja ajokokemusta. T\u00e4m\u00e4 stemmi on suunniteltu kest\u00e4m\u00e4\u00e4n vaativissa olosuhteissa, joten se sopii erinomaisesti monenlaisiin ajoihin. \u00c4lyk\u00e4s muotoilu takaa t\u00e4ydellisen soveltuvuuden py\u00f6r\u00e4si kanssa, mink\u00e4 ansiosta voit nauttia sujuvasta ja tehokkaasta py\u00f6r\u00e4ilyst\u00e4. [&#8230;]<\/p>\n<p><a class=\"btn btn-secondary understrap-read-more-link\" href=\"https:\/\/vmsport.fi\/sv\/verkkokauppa\/varaosat\/ohjaamo\/ohjainkannattimet\/bontrager-line-35-0-degree-stem-70mm\/\">L\u00e4s mer \u2026<span class=\"screen-reader-text\"> from Bontrager Line 35 0 Degree Stem 70mm<\/span><\/a><\/p>\n","protected":false},"featured_media":56143,"comment_status":"open","ping_status":"closed","template":"","meta":{"_acf_changed":false,"_improvement_type_select":"improve_an_existing","_thumb_yes_seoaic":false,"_frame_yes_seoaic":false,"seoaic_generate_description":"","seoaic_improve_instructions_prompt":"","seoaic_rollback_content_improvement":"","seoaic_idea_thumbnail_generator":"","thumbnail_generated":false,"thumbnail_generate_prompt":"","seoaic_article_description":"","_supplier_stock_quantity":0},"product_brand":[],"product_model":[],"product_cat":[9432],"product_tag":[],"industry-terminology":[],"class_list":{"0":"post-56144","1":"product","2":"type-product","3":"status-publish","4":"has-post-thumbnail","6":"product_cat-ohjainkannattimet","8":"first","9":"instock","10":"taxable","11":"shipping-taxable","12":"purchasable","13":"product-type-simple"},"acf":{"bike_features":null,"overview":{"copy_overview":null,"key_features":null,"statement":"","youtube_url":""}},"yoast_head":"<!-- This site is optimized with the Yoast SEO plugin v27.4 - https:\/\/yoast.com\/product\/yoast-seo-wordpress\/ -->\n<title>Bontrager Line 35 0 Degree Stem 70mm - VM Sport<\/title>\n<meta name=\"robots\" content=\"index, follow, max-snippet:-1, max-image-preview:large, max-video-preview:-1\" \/>\n<link rel=\"canonical\" href=\"https:\/\/vmsport.fi\/sv\/webbutik\/reservdelar\/taxi\/styrfasten\/bontrager-line-35-0-degree-stem-70mm\/\" \/>\n<meta property=\"og:locale\" content=\"sv_SE\" \/>\n<meta property=\"og:type\" content=\"article\" \/>\n<meta property=\"og:title\" content=\"Bontrager Line 35 0 Degree Stem 70mm - VM Sport\" \/>\n<meta property=\"og:description\" content=\"Bontrager Line 35 0 Asteen Stem on ensiluokkainen polkupy\u00f6r\u00e4n osa, joka lis\u00e4\u00e4 ajon vakautta ja tarkkuutta. Sen 70 mm pituus parantaa ohjaustuntumaa ja ajokokemusta. T\u00e4m\u00e4 stemmi on suunniteltu kest\u00e4m\u00e4\u00e4n vaativissa olosuhteissa, joten se sopii erinomaisesti monenlaisiin ajoihin. \u00c4lyk\u00e4s muotoilu takaa t\u00e4ydellisen soveltuvuuden py\u00f6r\u00e4si kanssa, mink\u00e4 ansiosta voit nauttia sujuvasta ja tehokkaasta py\u00f6r\u00e4ilyst\u00e4. [...]L\u00e4s mer \u2026 from Bontrager Line 35 0 Degree Stem 70mm\" \/>\n<meta property=\"og:url\" content=\"https:\/\/vmsport.fi\/sv\/webbutik\/reservdelar\/taxi\/styrfasten\/bontrager-line-35-0-degree-stem-70mm\/\" \/>\n<meta property=\"og:site_name\" content=\"VM Sport\" \/>\n<meta property=\"article:publisher\" content=\"https:\/\/www.facebook.com\/Vmsport.fi\/\" \/>\n<meta property=\"article:modified_time\" content=\"2026-04-22T12:03:06+00:00\" \/>\n<meta property=\"og:image\" content=\"https:\/\/vmsport.fi\/wp-content\/uploads\/2025\/03\/13525-A-1-Line-35-Stem-1.jpg\" \/>\n\t<meta property=\"og:image:width\" content=\"1000\" \/>\n\t<meta property=\"og:image:height\" content=\"750\" \/>\n\t<meta property=\"og:image:type\" content=\"image\/jpeg\" \/>\n<meta name=\"twitter:card\" content=\"summary_large_image\" \/>\n<script type=\"application\/ld+json\" class=\"yoast-schema-graph\">{\"@context\":\"https:\\\/\\\/schema.org\",\"@graph\":[{\"@type\":[\"WebPage\",\"ItemPage\"],\"@id\":\"https:\\\/\\\/vmsport.fi\\\/verkkokauppa\\\/varaosat\\\/ohjaamo\\\/ohjainkannattimet\\\/bontrager-line-35-0-degree-stem-70mm\\\/\",\"url\":\"https:\\\/\\\/vmsport.fi\\\/verkkokauppa\\\/varaosat\\\/ohjaamo\\\/ohjainkannattimet\\\/bontrager-line-35-0-degree-stem-70mm\\\/\",\"name\":\"Bontrager Line 35 0 Degree Stem 70mm - VM Sport\",\"isPartOf\":{\"@id\":\"https:\\\/\\\/vmsport.fi\\\/#website\"},\"primaryImageOfPage\":{\"@id\":\"https:\\\/\\\/vmsport.fi\\\/verkkokauppa\\\/varaosat\\\/ohjaamo\\\/ohjainkannattimet\\\/bontrager-line-35-0-degree-stem-70mm\\\/#primaryimage\"},\"image\":{\"@id\":\"https:\\\/\\\/vmsport.fi\\\/verkkokauppa\\\/varaosat\\\/ohjaamo\\\/ohjainkannattimet\\\/bontrager-line-35-0-degree-stem-70mm\\\/#primaryimage\"},\"thumbnailUrl\":\"https:\\\/\\\/vmsport.fi\\\/wp-content\\\/uploads\\\/2025\\\/03\\\/13525-A-1-Line-35-Stem-1.jpg\",\"datePublished\":\"2025-03-05T22:16:25+00:00\",\"dateModified\":\"2026-04-22T12:03:06+00:00\",\"breadcrumb\":{\"@id\":\"https:\\\/\\\/vmsport.fi\\\/verkkokauppa\\\/varaosat\\\/ohjaamo\\\/ohjainkannattimet\\\/bontrager-line-35-0-degree-stem-70mm\\\/#breadcrumb\"},\"inLanguage\":\"sv-SE\",\"potentialAction\":[{\"@type\":\"ReadAction\",\"target\":[\"https:\\\/\\\/vmsport.fi\\\/verkkokauppa\\\/varaosat\\\/ohjaamo\\\/ohjainkannattimet\\\/bontrager-line-35-0-degree-stem-70mm\\\/\"]}]},{\"@type\":\"ImageObject\",\"inLanguage\":\"sv-SE\",\"@id\":\"https:\\\/\\\/vmsport.fi\\\/verkkokauppa\\\/varaosat\\\/ohjaamo\\\/ohjainkannattimet\\\/bontrager-line-35-0-degree-stem-70mm\\\/#primaryimage\",\"url\":\"https:\\\/\\\/vmsport.fi\\\/wp-content\\\/uploads\\\/2025\\\/03\\\/13525-A-1-Line-35-Stem-1.jpg\",\"contentUrl\":\"https:\\\/\\\/vmsport.fi\\\/wp-content\\\/uploads\\\/2025\\\/03\\\/13525-A-1-Line-35-Stem-1.jpg\",\"width\":1000,\"height\":750,\"caption\":\"13525-A-1-Line-35-Stem\"},{\"@type\":\"BreadcrumbList\",\"@id\":\"https:\\\/\\\/vmsport.fi\\\/verkkokauppa\\\/varaosat\\\/ohjaamo\\\/ohjainkannattimet\\\/bontrager-line-35-0-degree-stem-70mm\\\/#breadcrumb\",\"itemListElement\":[{\"@type\":\"ListItem\",\"position\":1,\"name\":\"Etusivu\",\"item\":\"https:\\\/\\\/vmsport.fi\\\/\"},{\"@type\":\"ListItem\",\"position\":2,\"name\":\"Online Store\",\"item\":\"https:\\\/\\\/vmsport.fi\\\/en\\\/online-store\\\/\"},{\"@type\":\"ListItem\",\"position\":3,\"name\":\"Bontrager Line 35 0 Degree Stem 70mm\"}]},{\"@type\":\"WebSite\",\"@id\":\"https:\\\/\\\/vmsport.fi\\\/#website\",\"url\":\"https:\\\/\\\/vmsport.fi\\\/\",\"name\":\"Vmsport\",\"description\":\"Kaikki py\u00f6r\u00e4ilyyn yhdest\u00e4 paikasta\",\"publisher\":{\"@id\":\"https:\\\/\\\/vmsport.fi\\\/#organization\"},\"potentialAction\":[{\"@type\":\"SearchAction\",\"target\":{\"@type\":\"EntryPoint\",\"urlTemplate\":\"https:\\\/\\\/vmsport.fi\\\/?s={search_term_string}\"},\"query-input\":{\"@type\":\"PropertyValueSpecification\",\"valueRequired\":true,\"valueName\":\"search_term_string\"}}],\"inLanguage\":\"sv-SE\"},{\"@type\":\"Organization\",\"@id\":\"https:\\\/\\\/vmsport.fi\\\/#organization\",\"name\":\"Vmsport\",\"url\":\"https:\\\/\\\/vmsport.fi\\\/\",\"logo\":{\"@type\":\"ImageObject\",\"inLanguage\":\"sv-SE\",\"@id\":\"https:\\\/\\\/vmsport.fi\\\/#\\\/schema\\\/logo\\\/image\\\/\",\"url\":\"https:\\\/\\\/vmsport.fi\\\/wp-content\\\/uploads\\\/2024\\\/12\\\/vm_sport_RGB_horisontal-e1734526017575.png\",\"contentUrl\":\"https:\\\/\\\/vmsport.fi\\\/wp-content\\\/uploads\\\/2024\\\/12\\\/vm_sport_RGB_horisontal-e1734526017575.png\",\"width\":668,\"height\":85,\"caption\":\"Vmsport\"},\"image\":{\"@id\":\"https:\\\/\\\/vmsport.fi\\\/#\\\/schema\\\/logo\\\/image\\\/\"},\"sameAs\":[\"https:\\\/\\\/www.facebook.com\\\/Vmsport.fi\\\/\",\"https:\\\/\\\/www.instagram.com\\\/vmsport\\\/\"]}]}<\/script>\n<!-- \/ Yoast SEO plugin. -->","yoast_head_json":{"title":"Bontrager Line 35 0 Degree Stem 70mm - VM Sport","robots":{"index":"index","follow":"follow","max-snippet":"max-snippet:-1","max-image-preview":"max-image-preview:large","max-video-preview":"max-video-preview:-1"},"canonical":"https:\/\/vmsport.fi\/sv\/webbutik\/reservdelar\/taxi\/styrfasten\/bontrager-line-35-0-degree-stem-70mm\/","og_locale":"sv_SE","og_type":"article","og_title":"Bontrager Line 35 0 Degree Stem 70mm - VM Sport","og_description":"Bontrager Line 35 0 Asteen Stem on ensiluokkainen polkupy\u00f6r\u00e4n osa, joka lis\u00e4\u00e4 ajon vakautta ja tarkkuutta. Sen 70 mm pituus parantaa ohjaustuntumaa ja ajokokemusta. T\u00e4m\u00e4 stemmi on suunniteltu kest\u00e4m\u00e4\u00e4n vaativissa olosuhteissa, joten se sopii erinomaisesti monenlaisiin ajoihin. \u00c4lyk\u00e4s muotoilu takaa t\u00e4ydellisen soveltuvuuden py\u00f6r\u00e4si kanssa, mink\u00e4 ansiosta voit nauttia sujuvasta ja tehokkaasta py\u00f6r\u00e4ilyst\u00e4. [...]L\u00e4s mer \u2026 from Bontrager Line 35 0 Degree Stem 70mm","og_url":"https:\/\/vmsport.fi\/sv\/webbutik\/reservdelar\/taxi\/styrfasten\/bontrager-line-35-0-degree-stem-70mm\/","og_site_name":"VM Sport","article_publisher":"https:\/\/www.facebook.com\/Vmsport.fi\/","article_modified_time":"2026-04-22T12:03:06+00:00","og_image":[{"width":1000,"height":750,"url":"https:\/\/vmsport.fi\/wp-content\/uploads\/2025\/03\/13525-A-1-Line-35-Stem-1.jpg","type":"image\/jpeg"}],"twitter_card":"summary_large_image","schema":{"@context":"https:\/\/schema.org","@graph":[{"@type":["WebPage","ItemPage"],"@id":"https:\/\/vmsport.fi\/verkkokauppa\/varaosat\/ohjaamo\/ohjainkannattimet\/bontrager-line-35-0-degree-stem-70mm\/","url":"https:\/\/vmsport.fi\/verkkokauppa\/varaosat\/ohjaamo\/ohjainkannattimet\/bontrager-line-35-0-degree-stem-70mm\/","name":"Bontrager Line 35 0 Degree Stem 70mm - VM Sport","isPartOf":{"@id":"https:\/\/vmsport.fi\/#website"},"primaryImageOfPage":{"@id":"https:\/\/vmsport.fi\/verkkokauppa\/varaosat\/ohjaamo\/ohjainkannattimet\/bontrager-line-35-0-degree-stem-70mm\/#primaryimage"},"image":{"@id":"https:\/\/vmsport.fi\/verkkokauppa\/varaosat\/ohjaamo\/ohjainkannattimet\/bontrager-line-35-0-degree-stem-70mm\/#primaryimage"},"thumbnailUrl":"https:\/\/vmsport.fi\/wp-content\/uploads\/2025\/03\/13525-A-1-Line-35-Stem-1.jpg","datePublished":"2025-03-05T22:16:25+00:00","dateModified":"2026-04-22T12:03:06+00:00","breadcrumb":{"@id":"https:\/\/vmsport.fi\/verkkokauppa\/varaosat\/ohjaamo\/ohjainkannattimet\/bontrager-line-35-0-degree-stem-70mm\/#breadcrumb"},"inLanguage":"sv-SE","potentialAction":[{"@type":"ReadAction","target":["https:\/\/vmsport.fi\/verkkokauppa\/varaosat\/ohjaamo\/ohjainkannattimet\/bontrager-line-35-0-degree-stem-70mm\/"]}]},{"@type":"ImageObject","inLanguage":"sv-SE","@id":"https:\/\/vmsport.fi\/verkkokauppa\/varaosat\/ohjaamo\/ohjainkannattimet\/bontrager-line-35-0-degree-stem-70mm\/#primaryimage","url":"https:\/\/vmsport.fi\/wp-content\/uploads\/2025\/03\/13525-A-1-Line-35-Stem-1.jpg","contentUrl":"https:\/\/vmsport.fi\/wp-content\/uploads\/2025\/03\/13525-A-1-Line-35-Stem-1.jpg","width":1000,"height":750,"caption":"13525-A-1-Line-35-Stem"},{"@type":"BreadcrumbList","@id":"https:\/\/vmsport.fi\/verkkokauppa\/varaosat\/ohjaamo\/ohjainkannattimet\/bontrager-line-35-0-degree-stem-70mm\/#breadcrumb","itemListElement":[{"@type":"ListItem","position":1,"name":"Etusivu","item":"https:\/\/vmsport.fi\/"},{"@type":"ListItem","position":2,"name":"Online Store","item":"https:\/\/vmsport.fi\/en\/online-store\/"},{"@type":"ListItem","position":3,"name":"Bontrager Line 35 0 Degree Stem 70mm"}]},{"@type":"WebSite","@id":"https:\/\/vmsport.fi\/#website","url":"https:\/\/vmsport.fi\/","name":"Vmsport","description":"Allt p\u00e5 ett st\u00e4lle f\u00f6r cykling","publisher":{"@id":"https:\/\/vmsport.fi\/#organization"},"potentialAction":[{"@type":"SearchAction","target":{"@type":"EntryPoint","urlTemplate":"https:\/\/vmsport.fi\/?s={search_term_string}"},"query-input":{"@type":"PropertyValueSpecification","valueRequired":true,"valueName":"search_term_string"}}],"inLanguage":"sv-SE"},{"@type":"Organization","@id":"https:\/\/vmsport.fi\/#organization","name":"Vmsport","url":"https:\/\/vmsport.fi\/","logo":{"@type":"ImageObject","inLanguage":"sv-SE","@id":"https:\/\/vmsport.fi\/#\/schema\/logo\/image\/","url":"https:\/\/vmsport.fi\/wp-content\/uploads\/2024\/12\/vm_sport_RGB_horisontal-e1734526017575.png","contentUrl":"https:\/\/vmsport.fi\/wp-content\/uploads\/2024\/12\/vm_sport_RGB_horisontal-e1734526017575.png","width":668,"height":85,"caption":"Vmsport"},"image":{"@id":"https:\/\/vmsport.fi\/#\/schema\/logo\/image\/"},"sameAs":["https:\/\/www.facebook.com\/Vmsport.fi\/","https:\/\/www.instagram.com\/vmsport\/"]}]}},"global_unique_id":"","_links":{"self":[{"href":"https:\/\/vmsport.fi\/sv\/wp-json\/wp\/v2\/product\/56144","targetHints":{"allow":["GET"]}}],"collection":[{"href":"https:\/\/vmsport.fi\/sv\/wp-json\/wp\/v2\/product"}],"about":[{"href":"https:\/\/vmsport.fi\/sv\/wp-json\/wp\/v2\/types\/product"}],"replies":[{"embeddable":true,"href":"https:\/\/vmsport.fi\/sv\/wp-json\/wp\/v2\/comments?post=56144"}],"wp:featuredmedia":[{"embeddable":true,"href":"https:\/\/vmsport.fi\/sv\/wp-json\/wp\/v2\/media\/56143"}],"wp:attachment":[{"href":"https:\/\/vmsport.fi\/sv\/wp-json\/wp\/v2\/media?parent=56144"}],"wp:term":[{"taxonomy":"product_brand","embeddable":true,"href":"https:\/\/vmsport.fi\/sv\/wp-json\/wp\/v2\/product_brand?post=56144"},{"taxonomy":"product_model","embeddable":true,"href":"https:\/\/vmsport.fi\/sv\/wp-json\/wp\/v2\/product_model?post=56144"},{"taxonomy":"product_cat","embeddable":true,"href":"https:\/\/vmsport.fi\/sv\/wp-json\/wp\/v2\/product_cat?post=56144"},{"taxonomy":"product_tag","embeddable":true,"href":"https:\/\/vmsport.fi\/sv\/wp-json\/wp\/v2\/product_tag?post=56144"},{"taxonomy":"industry_terminology","embeddable":true,"href":"https:\/\/vmsport.fi\/sv\/wp-json\/wp\/v2\/industry-terminology?post=56144"}],"curies":[{"name":"wp","href":"https:\/\/api.w.org\/{rel}","templated":true}]}}