{"id":56142,"date":"2025-03-06T00:16:23","date_gmt":"2025-03-05T22:16:23","guid":{"rendered":"https:\/\/vmsport.fi\/verkkokauppa\/Ei-luokiteltu\/poljin-spd-sis-sm-sh56-pd-eh500\/"},"modified":"2026-02-12T11:13:23","modified_gmt":"2026-02-12T09:13:23","slug":"poljin-spd-sis-sm-sh56-pd-eh500","status":"publish","type":"product","link":"https:\/\/vmsport.fi\/sv\/verkkokauppa\/varaosat\/polkimet\/kombipolkimet\/poljin-spd-sis-sm-sh56-pd-eh500\/","title":{"rendered":"Poljin SPD Sis. SM-SH56 PD-EH500"},"content":{"rendered":"<p>Shimano SPD-pedalen SM-SH56 PD-EH500 \u00e4r ett utm\u00e4rkt val f\u00f6r m\u00e5ngsidig cykling och kombinerar tv\u00e5 olika cykelstilar i en pedal. SPD-pedalen p\u00e5 ena sidan \u00e4r s\u00e4rskilt utformad f\u00f6r dubbeldrivna klossar, medan den robusta plattan p\u00e5 den andra sidan g\u00f6r det m\u00f6jligt att cykla med vanliga skor. Denna m\u00e5ngsidighet \u00e4r s\u00e4rskilt l\u00e4mpad f\u00f6r b\u00e5de stadscykling och cykelturer.<\/p>\n<p>SPD-kl\u00e4msp\u00e4nningen kan justeras efter anv\u00e4ndarens \u00f6nskem\u00e5l, vilket g\u00f6r att pedalerna kan anpassas till olika f\u00f6rh\u00e5llanden. Det l\u00e4tta monteringssystemet g\u00f6r det enkelt att f\u00e4sta toaletten, vilket \u00e4r s\u00e4rskilt anv\u00e4ndbart f\u00f6r nyb\u00f6rjare och i v\u00e5ta v\u00e4derf\u00f6rh\u00e5llanden. Balansytan ger utm\u00e4rkt grepp f\u00f6r stabil k\u00f6rning \u00e4ven under kr\u00e4vande milj\u00f6f\u00f6rh\u00e5llanden.<\/p>\n<p>Pedalerna har en h\u00e5llbar konstruktion med en t\u00e4tad patron-axel-enhet, vilket minskar behovet av underh\u00e5ll och f\u00f6rl\u00e4nger deras livsl\u00e4ngd. De l\u00e4tta pedalerna v\u00e4ger cirka 383 gram per par, vilket ger en bra balans mellan h\u00e5llbarhet och k\u00f6rkomfort.<\/p>\n<p>De medf\u00f6ljande SM-SH56 multi-clip-kl\u00e4mmorna g\u00f6r det enkelt att f\u00e4sta och ta loss pedalen i olika situationer. Den h\u00e4r pedalen \u00e4r idealisk f\u00f6r stadscykling, avslappnade turer och cykelturer och erbjuder tillf\u00f6rlitlighet f\u00f6r b\u00e5de toalettcyklister och traditionella skob\u00e4rare, samtidigt som den fr\u00e4mjar komfort och effektivitet f\u00f6r nyb\u00f6rjare.<\/p>","protected":false},"excerpt":{"rendered":"<p>Shimano SPD-poljin SM-SH56 PD-EH500 on erinomainen valinta monipuoliseen py\u00f6r\u00e4ilyyn, yhdist\u00e4en kaksi erilaista ajotapaa yhteen polkimeen. Toisella puolella oleva SPD-poljin on suunniteltu erityisesti kaksipulttisille klossikengille, kun taas toisella puolella oleva tukeva tasapinta tekee ajon mahdolliseksi tavallisilla kengill\u00e4. T\u00e4m\u00e4 monik\u00e4ytt\u00f6isyys sopii erityisesti sek\u00e4 kaupunkiajoon ett\u00e4 py\u00f6r\u00e4matkoille. SPD-kiristysj\u00e4nnitett\u00e4 voi s\u00e4\u00e4t\u00e4\u00e4 k\u00e4ytt\u00e4j\u00e4n mieltymysten mukaan, jolloin polkimet voi mukauttaa erilaisiin [&#8230;]<\/p>\n<p><a class=\"btn btn-secondary understrap-read-more-link\" href=\"https:\/\/vmsport.fi\/sv\/verkkokauppa\/varaosat\/polkimet\/kombipolkimet\/poljin-spd-sis-sm-sh56-pd-eh500\/\">L\u00e4s mer \u2026<span class=\"screen-reader-text\"> from Poljin SPD Sis. SM-SH56 PD-EH500<\/span><\/a><\/p>\n","protected":false},"featured_media":56141,"comment_status":"open","ping_status":"closed","template":"","meta":{"_acf_changed":false,"_improvement_type_select":"improve_an_existing","_thumb_yes_seoaic":false,"_frame_yes_seoaic":false,"seoaic_generate_description":"","seoaic_improve_instructions_prompt":"","seoaic_rollback_content_improvement":"","seoaic_idea_thumbnail_generator":"","thumbnail_generated":false,"thumbnail_generate_prompt":"","seoaic_article_description":"","_supplier_stock_quantity":0},"product_brand":[],"product_model":[],"product_cat":[9434],"product_tag":[],"industry-terminology":[],"class_list":{"0":"post-56142","1":"product","2":"type-product","3":"status-publish","4":"has-post-thumbnail","6":"product_cat-kombipolkimet","8":"first","9":"instock","10":"taxable","11":"shipping-taxable","12":"purchasable","13":"product-type-simple"},"acf":{"bike_features":null,"overview":{"copy_overview":null,"key_features":null,"statement":"","youtube_url":""}},"yoast_head":"<!-- This site is optimized with the Yoast SEO plugin v27.3 - https:\/\/yoast.com\/product\/yoast-seo-wordpress\/ -->\n<title>Poljin SPD Sis. SM-SH56 PD-EH500 - VM Sport<\/title>\n<meta name=\"robots\" content=\"index, follow, max-snippet:-1, max-image-preview:large, max-video-preview:-1\" \/>\n<link rel=\"canonical\" href=\"https:\/\/vmsport.fi\/sv\/webbutik\/reservdelar\/pedaler\/kombipedaler\/poljin-spd-sis-sm-sh56-pd-eh500\/\" \/>\n<meta property=\"og:locale\" content=\"sv_SE\" \/>\n<meta property=\"og:type\" content=\"article\" \/>\n<meta property=\"og:title\" content=\"Poljin SPD Sis. SM-SH56 PD-EH500 - VM Sport\" \/>\n<meta property=\"og:description\" content=\"Shimano SPD-poljin SM-SH56 PD-EH500 on erinomainen valinta monipuoliseen py\u00f6r\u00e4ilyyn, yhdist\u00e4en kaksi erilaista ajotapaa yhteen polkimeen. Toisella puolella oleva SPD-poljin on suunniteltu erityisesti kaksipulttisille klossikengille, kun taas toisella puolella oleva tukeva tasapinta tekee ajon mahdolliseksi tavallisilla kengill\u00e4. T\u00e4m\u00e4 monik\u00e4ytt\u00f6isyys sopii erityisesti sek\u00e4 kaupunkiajoon ett\u00e4 py\u00f6r\u00e4matkoille. SPD-kiristysj\u00e4nnitett\u00e4 voi s\u00e4\u00e4t\u00e4\u00e4 k\u00e4ytt\u00e4j\u00e4n mieltymysten mukaan, jolloin polkimet voi mukauttaa erilaisiin [...]L\u00e4s mer \u2026 from Poljin SPD Sis. SM-SH56 PD-EH500\" \/>\n<meta property=\"og:url\" content=\"https:\/\/vmsport.fi\/sv\/webbutik\/reservdelar\/pedaler\/kombipedaler\/poljin-spd-sis-sm-sh56-pd-eh500\/\" \/>\n<meta property=\"og:site_name\" content=\"VM Sport\" \/>\n<meta property=\"article:publisher\" content=\"https:\/\/www.facebook.com\/Vmsport.fi\/\" \/>\n<meta property=\"article:modified_time\" content=\"2026-02-12T09:13:23+00:00\" \/>\n<meta property=\"og:image\" content=\"https:\/\/vmsport.fi\/wp-content\/uploads\/2025\/03\/20180628-PD-EH500-S1-1.jpg\" \/>\n\t<meta property=\"og:image:width\" content=\"600\" \/>\n\t<meta property=\"og:image:height\" content=\"600\" \/>\n\t<meta property=\"og:image:type\" content=\"image\/jpeg\" \/>\n<meta name=\"twitter:card\" content=\"summary_large_image\" \/>\n<meta name=\"twitter:label1\" content=\"Ber\u00e4knad l\u00e4stid\" \/>\n\t<meta name=\"twitter:data1\" content=\"1 minut\" \/>\n<script type=\"application\/ld+json\" class=\"yoast-schema-graph\">{\"@context\":\"https:\\\/\\\/schema.org\",\"@graph\":[{\"@type\":[\"WebPage\",\"ItemPage\"],\"@id\":\"https:\\\/\\\/vmsport.fi\\\/verkkokauppa\\\/varaosat\\\/polkimet\\\/kombipolkimet\\\/poljin-spd-sis-sm-sh56-pd-eh500\\\/\",\"url\":\"https:\\\/\\\/vmsport.fi\\\/verkkokauppa\\\/varaosat\\\/polkimet\\\/kombipolkimet\\\/poljin-spd-sis-sm-sh56-pd-eh500\\\/\",\"name\":\"Poljin SPD Sis. SM-SH56 PD-EH500 - VM Sport\",\"isPartOf\":{\"@id\":\"https:\\\/\\\/vmsport.fi\\\/#website\"},\"primaryImageOfPage\":{\"@id\":\"https:\\\/\\\/vmsport.fi\\\/verkkokauppa\\\/varaosat\\\/polkimet\\\/kombipolkimet\\\/poljin-spd-sis-sm-sh56-pd-eh500\\\/#primaryimage\"},\"image\":{\"@id\":\"https:\\\/\\\/vmsport.fi\\\/verkkokauppa\\\/varaosat\\\/polkimet\\\/kombipolkimet\\\/poljin-spd-sis-sm-sh56-pd-eh500\\\/#primaryimage\"},\"thumbnailUrl\":\"https:\\\/\\\/vmsport.fi\\\/wp-content\\\/uploads\\\/2025\\\/03\\\/20180628-PD-EH500-S1-1.jpg\",\"datePublished\":\"2025-03-05T22:16:23+00:00\",\"dateModified\":\"2026-02-12T09:13:23+00:00\",\"breadcrumb\":{\"@id\":\"https:\\\/\\\/vmsport.fi\\\/verkkokauppa\\\/varaosat\\\/polkimet\\\/kombipolkimet\\\/poljin-spd-sis-sm-sh56-pd-eh500\\\/#breadcrumb\"},\"inLanguage\":\"sv-SE\",\"potentialAction\":[{\"@type\":\"ReadAction\",\"target\":[\"https:\\\/\\\/vmsport.fi\\\/verkkokauppa\\\/varaosat\\\/polkimet\\\/kombipolkimet\\\/poljin-spd-sis-sm-sh56-pd-eh500\\\/\"]}]},{\"@type\":\"ImageObject\",\"inLanguage\":\"sv-SE\",\"@id\":\"https:\\\/\\\/vmsport.fi\\\/verkkokauppa\\\/varaosat\\\/polkimet\\\/kombipolkimet\\\/poljin-spd-sis-sm-sh56-pd-eh500\\\/#primaryimage\",\"url\":\"https:\\\/\\\/vmsport.fi\\\/wp-content\\\/uploads\\\/2025\\\/03\\\/20180628-PD-EH500-S1-1.jpg\",\"contentUrl\":\"https:\\\/\\\/vmsport.fi\\\/wp-content\\\/uploads\\\/2025\\\/03\\\/20180628-PD-EH500-S1-1.jpg\",\"width\":600,\"height\":600,\"caption\":\"20180628-PD-EH500-S1\"},{\"@type\":\"BreadcrumbList\",\"@id\":\"https:\\\/\\\/vmsport.fi\\\/verkkokauppa\\\/varaosat\\\/polkimet\\\/kombipolkimet\\\/poljin-spd-sis-sm-sh56-pd-eh500\\\/#breadcrumb\",\"itemListElement\":[{\"@type\":\"ListItem\",\"position\":1,\"name\":\"Etusivu\",\"item\":\"https:\\\/\\\/vmsport.fi\\\/\"},{\"@type\":\"ListItem\",\"position\":2,\"name\":\"Online Store\",\"item\":\"https:\\\/\\\/vmsport.fi\\\/en\\\/online-store\\\/\"},{\"@type\":\"ListItem\",\"position\":3,\"name\":\"Poljin SPD Sis. SM-SH56 PD-EH500\"}]},{\"@type\":\"WebSite\",\"@id\":\"https:\\\/\\\/vmsport.fi\\\/#website\",\"url\":\"https:\\\/\\\/vmsport.fi\\\/\",\"name\":\"Vmsport\",\"description\":\"Kaikki py\u00f6r\u00e4ilyyn yhdest\u00e4 paikasta\",\"publisher\":{\"@id\":\"https:\\\/\\\/vmsport.fi\\\/#organization\"},\"potentialAction\":[{\"@type\":\"SearchAction\",\"target\":{\"@type\":\"EntryPoint\",\"urlTemplate\":\"https:\\\/\\\/vmsport.fi\\\/?s={search_term_string}\"},\"query-input\":{\"@type\":\"PropertyValueSpecification\",\"valueRequired\":true,\"valueName\":\"search_term_string\"}}],\"inLanguage\":\"sv-SE\"},{\"@type\":\"Organization\",\"@id\":\"https:\\\/\\\/vmsport.fi\\\/#organization\",\"name\":\"Vmsport\",\"url\":\"https:\\\/\\\/vmsport.fi\\\/\",\"logo\":{\"@type\":\"ImageObject\",\"inLanguage\":\"sv-SE\",\"@id\":\"https:\\\/\\\/vmsport.fi\\\/#\\\/schema\\\/logo\\\/image\\\/\",\"url\":\"https:\\\/\\\/vmsport.fi\\\/wp-content\\\/uploads\\\/2024\\\/12\\\/vm_sport_RGB_horisontal-e1734526017575.png\",\"contentUrl\":\"https:\\\/\\\/vmsport.fi\\\/wp-content\\\/uploads\\\/2024\\\/12\\\/vm_sport_RGB_horisontal-e1734526017575.png\",\"width\":668,\"height\":85,\"caption\":\"Vmsport\"},\"image\":{\"@id\":\"https:\\\/\\\/vmsport.fi\\\/#\\\/schema\\\/logo\\\/image\\\/\"},\"sameAs\":[\"https:\\\/\\\/www.facebook.com\\\/Vmsport.fi\\\/\",\"https:\\\/\\\/www.instagram.com\\\/vmsport\\\/\"]}]}<\/script>\n<!-- \/ Yoast SEO plugin. -->","yoast_head_json":{"title":"Poljin SPD Sis. SM-SH56 PD-EH500 - VM Sport","robots":{"index":"index","follow":"follow","max-snippet":"max-snippet:-1","max-image-preview":"max-image-preview:large","max-video-preview":"max-video-preview:-1"},"canonical":"https:\/\/vmsport.fi\/sv\/webbutik\/reservdelar\/pedaler\/kombipedaler\/poljin-spd-sis-sm-sh56-pd-eh500\/","og_locale":"sv_SE","og_type":"article","og_title":"Poljin SPD Sis. SM-SH56 PD-EH500 - VM Sport","og_description":"Shimano SPD-poljin SM-SH56 PD-EH500 on erinomainen valinta monipuoliseen py\u00f6r\u00e4ilyyn, yhdist\u00e4en kaksi erilaista ajotapaa yhteen polkimeen. Toisella puolella oleva SPD-poljin on suunniteltu erityisesti kaksipulttisille klossikengille, kun taas toisella puolella oleva tukeva tasapinta tekee ajon mahdolliseksi tavallisilla kengill\u00e4. T\u00e4m\u00e4 monik\u00e4ytt\u00f6isyys sopii erityisesti sek\u00e4 kaupunkiajoon ett\u00e4 py\u00f6r\u00e4matkoille. SPD-kiristysj\u00e4nnitett\u00e4 voi s\u00e4\u00e4t\u00e4\u00e4 k\u00e4ytt\u00e4j\u00e4n mieltymysten mukaan, jolloin polkimet voi mukauttaa erilaisiin [...]L\u00e4s mer \u2026 from Poljin SPD Sis. SM-SH56 PD-EH500","og_url":"https:\/\/vmsport.fi\/sv\/webbutik\/reservdelar\/pedaler\/kombipedaler\/poljin-spd-sis-sm-sh56-pd-eh500\/","og_site_name":"VM Sport","article_publisher":"https:\/\/www.facebook.com\/Vmsport.fi\/","article_modified_time":"2026-02-12T09:13:23+00:00","og_image":[{"width":600,"height":600,"url":"https:\/\/vmsport.fi\/wp-content\/uploads\/2025\/03\/20180628-PD-EH500-S1-1.jpg","type":"image\/jpeg"}],"twitter_card":"summary_large_image","twitter_misc":{"Ber\u00e4knad l\u00e4stid":"1 minut"},"schema":{"@context":"https:\/\/schema.org","@graph":[{"@type":["WebPage","ItemPage"],"@id":"https:\/\/vmsport.fi\/verkkokauppa\/varaosat\/polkimet\/kombipolkimet\/poljin-spd-sis-sm-sh56-pd-eh500\/","url":"https:\/\/vmsport.fi\/verkkokauppa\/varaosat\/polkimet\/kombipolkimet\/poljin-spd-sis-sm-sh56-pd-eh500\/","name":"Poljin SPD Sis. SM-SH56 PD-EH500 - VM Sport","isPartOf":{"@id":"https:\/\/vmsport.fi\/#website"},"primaryImageOfPage":{"@id":"https:\/\/vmsport.fi\/verkkokauppa\/varaosat\/polkimet\/kombipolkimet\/poljin-spd-sis-sm-sh56-pd-eh500\/#primaryimage"},"image":{"@id":"https:\/\/vmsport.fi\/verkkokauppa\/varaosat\/polkimet\/kombipolkimet\/poljin-spd-sis-sm-sh56-pd-eh500\/#primaryimage"},"thumbnailUrl":"https:\/\/vmsport.fi\/wp-content\/uploads\/2025\/03\/20180628-PD-EH500-S1-1.jpg","datePublished":"2025-03-05T22:16:23+00:00","dateModified":"2026-02-12T09:13:23+00:00","breadcrumb":{"@id":"https:\/\/vmsport.fi\/verkkokauppa\/varaosat\/polkimet\/kombipolkimet\/poljin-spd-sis-sm-sh56-pd-eh500\/#breadcrumb"},"inLanguage":"sv-SE","potentialAction":[{"@type":"ReadAction","target":["https:\/\/vmsport.fi\/verkkokauppa\/varaosat\/polkimet\/kombipolkimet\/poljin-spd-sis-sm-sh56-pd-eh500\/"]}]},{"@type":"ImageObject","inLanguage":"sv-SE","@id":"https:\/\/vmsport.fi\/verkkokauppa\/varaosat\/polkimet\/kombipolkimet\/poljin-spd-sis-sm-sh56-pd-eh500\/#primaryimage","url":"https:\/\/vmsport.fi\/wp-content\/uploads\/2025\/03\/20180628-PD-EH500-S1-1.jpg","contentUrl":"https:\/\/vmsport.fi\/wp-content\/uploads\/2025\/03\/20180628-PD-EH500-S1-1.jpg","width":600,"height":600,"caption":"20180628-PD-EH500-S1"},{"@type":"BreadcrumbList","@id":"https:\/\/vmsport.fi\/verkkokauppa\/varaosat\/polkimet\/kombipolkimet\/poljin-spd-sis-sm-sh56-pd-eh500\/#breadcrumb","itemListElement":[{"@type":"ListItem","position":1,"name":"Etusivu","item":"https:\/\/vmsport.fi\/"},{"@type":"ListItem","position":2,"name":"Online Store","item":"https:\/\/vmsport.fi\/en\/online-store\/"},{"@type":"ListItem","position":3,"name":"Poljin SPD Sis. SM-SH56 PD-EH500"}]},{"@type":"WebSite","@id":"https:\/\/vmsport.fi\/#website","url":"https:\/\/vmsport.fi\/","name":"Vmsport","description":"Allt p\u00e5 ett st\u00e4lle f\u00f6r cykling","publisher":{"@id":"https:\/\/vmsport.fi\/#organization"},"potentialAction":[{"@type":"SearchAction","target":{"@type":"EntryPoint","urlTemplate":"https:\/\/vmsport.fi\/?s={search_term_string}"},"query-input":{"@type":"PropertyValueSpecification","valueRequired":true,"valueName":"search_term_string"}}],"inLanguage":"sv-SE"},{"@type":"Organization","@id":"https:\/\/vmsport.fi\/#organization","name":"Vmsport","url":"https:\/\/vmsport.fi\/","logo":{"@type":"ImageObject","inLanguage":"sv-SE","@id":"https:\/\/vmsport.fi\/#\/schema\/logo\/image\/","url":"https:\/\/vmsport.fi\/wp-content\/uploads\/2024\/12\/vm_sport_RGB_horisontal-e1734526017575.png","contentUrl":"https:\/\/vmsport.fi\/wp-content\/uploads\/2024\/12\/vm_sport_RGB_horisontal-e1734526017575.png","width":668,"height":85,"caption":"Vmsport"},"image":{"@id":"https:\/\/vmsport.fi\/#\/schema\/logo\/image\/"},"sameAs":["https:\/\/www.facebook.com\/Vmsport.fi\/","https:\/\/www.instagram.com\/vmsport\/"]}]}},"global_unique_id":"","_links":{"self":[{"href":"https:\/\/vmsport.fi\/sv\/wp-json\/wp\/v2\/product\/56142","targetHints":{"allow":["GET"]}}],"collection":[{"href":"https:\/\/vmsport.fi\/sv\/wp-json\/wp\/v2\/product"}],"about":[{"href":"https:\/\/vmsport.fi\/sv\/wp-json\/wp\/v2\/types\/product"}],"replies":[{"embeddable":true,"href":"https:\/\/vmsport.fi\/sv\/wp-json\/wp\/v2\/comments?post=56142"}],"wp:featuredmedia":[{"embeddable":true,"href":"https:\/\/vmsport.fi\/sv\/wp-json\/wp\/v2\/media\/56141"}],"wp:attachment":[{"href":"https:\/\/vmsport.fi\/sv\/wp-json\/wp\/v2\/media?parent=56142"}],"wp:term":[{"taxonomy":"product_brand","embeddable":true,"href":"https:\/\/vmsport.fi\/sv\/wp-json\/wp\/v2\/product_brand?post=56142"},{"taxonomy":"product_model","embeddable":true,"href":"https:\/\/vmsport.fi\/sv\/wp-json\/wp\/v2\/product_model?post=56142"},{"taxonomy":"product_cat","embeddable":true,"href":"https:\/\/vmsport.fi\/sv\/wp-json\/wp\/v2\/product_cat?post=56142"},{"taxonomy":"product_tag","embeddable":true,"href":"https:\/\/vmsport.fi\/sv\/wp-json\/wp\/v2\/product_tag?post=56142"},{"taxonomy":"industry_terminology","embeddable":true,"href":"https:\/\/vmsport.fi\/sv\/wp-json\/wp\/v2\/industry-terminology?post=56142"}],"curies":[{"name":"wp","href":"https:\/\/api.w.org\/{rel}","templated":true}]}}