{"id":56133,"date":"2025-03-06T00:16:19","date_gmt":"2025-03-05T22:16:19","guid":{"rendered":"https:\/\/vmsport.fi\/verkkokauppa\/Ei-luokiteltu\/scott-swingarm-rep-kit-spark-10mm-22\/"},"modified":"2026-01-16T13:22:18","modified_gmt":"2026-01-16T11:22:18","slug":"scott-svangarm-rep-kit-gnista-10mm-22","status":"publish","type":"product","link":"https:\/\/vmsport.fi\/sv\/verkkokauppa\/varaosat\/haarukat-ja-rungonosat\/rungon-osat\/scott-swingarm-rep-kit-spark-10mm-22\/","title":{"rendered":"SCOTT sv\u00e4ngarm rep kit Spark 10mm 22"},"content":{"rendered":"<p>SCOTT Swingarm Repair Kit Spark 10mm 22 \u00e4r ett utm\u00e4rkt val f\u00f6r alla cyklister som vill h\u00e5lla sin cykel i utm\u00e4rkt skick. Satsen inneh\u00e5ller h\u00f6gkvalitativa reservdelar som g\u00f6r det enkelt och problemfritt att serva viktiga cykeldelar. Alla n\u00f6dv\u00e4ndiga delar ing\u00e5r i satsen, vilket g\u00f6r installationen snabb och enkel. Noggrant utvalda komponenter s\u00e4kerst\u00e4ller h\u00e5llbarhet och prestanda, s\u00e5 att din cykel f\u00f6rblir p\u00e5litlig att cykla p\u00e5 \u00e4ven i den mest kr\u00e4vande terr\u00e4ngen. Reparationssatsen \u00e4r skr\u00e4ddarsydd f\u00f6r SCOTT Spark-modeller, vilket garanterar perfekt kompatibilitet och en s\u00f6ml\u00f6s k\u00f6rupplevelse.<\/p>","protected":false},"excerpt":{"rendered":"<p>SCOTT Swingarm -korjaussarja Spark 10mm 22 on loistava valinta jokaiselle py\u00f6r\u00e4ilij\u00e4lle, joka haluaa pit\u00e4\u00e4 py\u00f6r\u00e4ns\u00e4 erinomaisessa kunnossa. T\u00e4m\u00e4 sarja sis\u00e4lt\u00e4\u00e4 korkealaatuisia varaosia, jotka tekev\u00e4t py\u00f6r\u00e4n kriittisten osien huollosta helppoa ja vaivatonta. Kaikki tarvittavat osat sis\u00e4ltyv\u00e4t pakettiin, mik\u00e4 tekee asennuksesta nopeaa ja sujuvaa. Huolellisesti valitut komponentit takaavat kest\u00e4vyyden ja suorituskyvyn, joten py\u00f6r\u00e4 pysyy luotettavasti ajettavana, vaikka [&#8230;]<\/p>\n<p><a class=\"btn btn-secondary understrap-read-more-link\" href=\"https:\/\/vmsport.fi\/sv\/verkkokauppa\/varaosat\/haarukat-ja-rungonosat\/rungon-osat\/scott-swingarm-rep-kit-spark-10mm-22\/\">L\u00e4s mer \u2026<span class=\"screen-reader-text\"> from SCOTT Swingarm rep kit Spark 10mm 22<\/span><\/a><\/p>\n","protected":false},"featured_media":56132,"comment_status":"open","ping_status":"closed","template":"","meta":{"_acf_changed":false,"_improvement_type_select":"improve_an_existing","_thumb_yes_seoaic":false,"_frame_yes_seoaic":false,"seoaic_generate_description":"","seoaic_improve_instructions_prompt":"","seoaic_rollback_content_improvement":"","seoaic_idea_thumbnail_generator":"","thumbnail_generated":false,"thumbnail_generate_prompt":"","seoaic_article_description":"","_supplier_stock_quantity":0},"product_brand":[38],"product_model":[],"product_cat":[9528],"product_tag":[],"industry-terminology":[],"class_list":{"0":"post-56133","1":"product","2":"type-product","3":"status-publish","4":"has-post-thumbnail","6":"product_brand-scott","7":"product_cat-rungon-osat","9":"first","10":"outofstock","11":"taxable","12":"shipping-taxable","13":"product-type-simple"},"acf":{"bike_features":null,"overview":{"copy_overview":null,"key_features":null,"statement":"","youtube_url":""}},"yoast_head":"<!-- This site is optimized with the Yoast SEO plugin v27.3 - https:\/\/yoast.com\/product\/yoast-seo-wordpress\/ -->\n<title>SCOTT Swingarm rep kit Spark 10mm 22 - VM Sport<\/title>\n<meta name=\"robots\" content=\"index, follow, max-snippet:-1, max-image-preview:large, max-video-preview:-1\" \/>\n<link rel=\"canonical\" href=\"https:\/\/vmsport.fi\/sv\/webbutik\/reservdelar\/gafflar-och-kroppsdelar\/ramdelar\/scott-svangarm-rep-kit-gnista-10mm-22\/\" \/>\n<meta property=\"og:locale\" content=\"sv_SE\" \/>\n<meta property=\"og:type\" content=\"article\" \/>\n<meta property=\"og:title\" content=\"SCOTT Swingarm rep kit Spark 10mm 22 - VM Sport\" \/>\n<meta property=\"og:description\" content=\"SCOTT Swingarm -korjaussarja Spark 10mm 22 on loistava valinta jokaiselle py\u00f6r\u00e4ilij\u00e4lle, joka haluaa pit\u00e4\u00e4 py\u00f6r\u00e4ns\u00e4 erinomaisessa kunnossa. T\u00e4m\u00e4 sarja sis\u00e4lt\u00e4\u00e4 korkealaatuisia varaosia, jotka tekev\u00e4t py\u00f6r\u00e4n kriittisten osien huollosta helppoa ja vaivatonta. Kaikki tarvittavat osat sis\u00e4ltyv\u00e4t pakettiin, mik\u00e4 tekee asennuksesta nopeaa ja sujuvaa. Huolellisesti valitut komponentit takaavat kest\u00e4vyyden ja suorituskyvyn, joten py\u00f6r\u00e4 pysyy luotettavasti ajettavana, vaikka [...]L\u00e4s mer \u2026 from SCOTT Swingarm rep kit Spark 10mm 22\" \/>\n<meta property=\"og:url\" content=\"https:\/\/vmsport.fi\/sv\/webbutik\/reservdelar\/gafflar-och-kroppsdelar\/ramdelar\/scott-svangarm-rep-kit-gnista-10mm-22\/\" \/>\n<meta property=\"og:site_name\" content=\"VM Sport\" \/>\n<meta property=\"article:publisher\" content=\"https:\/\/www.facebook.com\/Vmsport.fi\/\" \/>\n<meta property=\"article:modified_time\" content=\"2026-01-16T11:22:18+00:00\" \/>\n<meta property=\"og:image\" content=\"https:\/\/vmsport.fi\/wp-content\/uploads\/2025\/03\/Skaermavbild-2023-12-07-kl-10-44-23-1.png\" \/>\n\t<meta property=\"og:image:width\" content=\"1000\" \/>\n\t<meta property=\"og:image:height\" content=\"471\" \/>\n\t<meta property=\"og:image:type\" content=\"image\/png\" \/>\n<meta name=\"twitter:card\" content=\"summary_large_image\" \/>\n<script type=\"application\/ld+json\" class=\"yoast-schema-graph\">{\"@context\":\"https:\\\/\\\/schema.org\",\"@graph\":[{\"@type\":[\"WebPage\",\"ItemPage\"],\"@id\":\"https:\\\/\\\/vmsport.fi\\\/verkkokauppa\\\/varaosat\\\/haarukat-ja-rungonosat\\\/rungon-osat\\\/scott-swingarm-rep-kit-spark-10mm-22\\\/\",\"url\":\"https:\\\/\\\/vmsport.fi\\\/verkkokauppa\\\/varaosat\\\/haarukat-ja-rungonosat\\\/rungon-osat\\\/scott-swingarm-rep-kit-spark-10mm-22\\\/\",\"name\":\"SCOTT Swingarm rep kit Spark 10mm 22 - VM Sport\",\"isPartOf\":{\"@id\":\"https:\\\/\\\/vmsport.fi\\\/#website\"},\"primaryImageOfPage\":{\"@id\":\"https:\\\/\\\/vmsport.fi\\\/verkkokauppa\\\/varaosat\\\/haarukat-ja-rungonosat\\\/rungon-osat\\\/scott-swingarm-rep-kit-spark-10mm-22\\\/#primaryimage\"},\"image\":{\"@id\":\"https:\\\/\\\/vmsport.fi\\\/verkkokauppa\\\/varaosat\\\/haarukat-ja-rungonosat\\\/rungon-osat\\\/scott-swingarm-rep-kit-spark-10mm-22\\\/#primaryimage\"},\"thumbnailUrl\":\"https:\\\/\\\/vmsport.fi\\\/wp-content\\\/uploads\\\/2025\\\/03\\\/Skaermavbild-2023-12-07-kl-10-44-23-1.png\",\"datePublished\":\"2025-03-05T22:16:19+00:00\",\"dateModified\":\"2026-01-16T11:22:18+00:00\",\"breadcrumb\":{\"@id\":\"https:\\\/\\\/vmsport.fi\\\/verkkokauppa\\\/varaosat\\\/haarukat-ja-rungonosat\\\/rungon-osat\\\/scott-swingarm-rep-kit-spark-10mm-22\\\/#breadcrumb\"},\"inLanguage\":\"sv-SE\",\"potentialAction\":[{\"@type\":\"ReadAction\",\"target\":[\"https:\\\/\\\/vmsport.fi\\\/verkkokauppa\\\/varaosat\\\/haarukat-ja-rungonosat\\\/rungon-osat\\\/scott-swingarm-rep-kit-spark-10mm-22\\\/\"]}]},{\"@type\":\"ImageObject\",\"inLanguage\":\"sv-SE\",\"@id\":\"https:\\\/\\\/vmsport.fi\\\/verkkokauppa\\\/varaosat\\\/haarukat-ja-rungonosat\\\/rungon-osat\\\/scott-swingarm-rep-kit-spark-10mm-22\\\/#primaryimage\",\"url\":\"https:\\\/\\\/vmsport.fi\\\/wp-content\\\/uploads\\\/2025\\\/03\\\/Skaermavbild-2023-12-07-kl-10-44-23-1.png\",\"contentUrl\":\"https:\\\/\\\/vmsport.fi\\\/wp-content\\\/uploads\\\/2025\\\/03\\\/Skaermavbild-2023-12-07-kl-10-44-23-1.png\",\"width\":1000,\"height\":471,\"caption\":\"Skaermavbild-2023-12-07-kl-10-44-23\"},{\"@type\":\"BreadcrumbList\",\"@id\":\"https:\\\/\\\/vmsport.fi\\\/verkkokauppa\\\/varaosat\\\/haarukat-ja-rungonosat\\\/rungon-osat\\\/scott-swingarm-rep-kit-spark-10mm-22\\\/#breadcrumb\",\"itemListElement\":[{\"@type\":\"ListItem\",\"position\":1,\"name\":\"Etusivu\",\"item\":\"https:\\\/\\\/vmsport.fi\\\/\"},{\"@type\":\"ListItem\",\"position\":2,\"name\":\"Online Store\",\"item\":\"https:\\\/\\\/vmsport.fi\\\/en\\\/online-store\\\/\"},{\"@type\":\"ListItem\",\"position\":3,\"name\":\"SCOTT Swingarm rep kit Spark 10mm 22\"}]},{\"@type\":\"WebSite\",\"@id\":\"https:\\\/\\\/vmsport.fi\\\/#website\",\"url\":\"https:\\\/\\\/vmsport.fi\\\/\",\"name\":\"Vmsport\",\"description\":\"Kaikki py\u00f6r\u00e4ilyyn yhdest\u00e4 paikasta\",\"publisher\":{\"@id\":\"https:\\\/\\\/vmsport.fi\\\/#organization\"},\"potentialAction\":[{\"@type\":\"SearchAction\",\"target\":{\"@type\":\"EntryPoint\",\"urlTemplate\":\"https:\\\/\\\/vmsport.fi\\\/?s={search_term_string}\"},\"query-input\":{\"@type\":\"PropertyValueSpecification\",\"valueRequired\":true,\"valueName\":\"search_term_string\"}}],\"inLanguage\":\"sv-SE\"},{\"@type\":\"Organization\",\"@id\":\"https:\\\/\\\/vmsport.fi\\\/#organization\",\"name\":\"Vmsport\",\"url\":\"https:\\\/\\\/vmsport.fi\\\/\",\"logo\":{\"@type\":\"ImageObject\",\"inLanguage\":\"sv-SE\",\"@id\":\"https:\\\/\\\/vmsport.fi\\\/#\\\/schema\\\/logo\\\/image\\\/\",\"url\":\"https:\\\/\\\/vmsport.fi\\\/wp-content\\\/uploads\\\/2024\\\/12\\\/vm_sport_RGB_horisontal-e1734526017575.png\",\"contentUrl\":\"https:\\\/\\\/vmsport.fi\\\/wp-content\\\/uploads\\\/2024\\\/12\\\/vm_sport_RGB_horisontal-e1734526017575.png\",\"width\":668,\"height\":85,\"caption\":\"Vmsport\"},\"image\":{\"@id\":\"https:\\\/\\\/vmsport.fi\\\/#\\\/schema\\\/logo\\\/image\\\/\"},\"sameAs\":[\"https:\\\/\\\/www.facebook.com\\\/Vmsport.fi\\\/\",\"https:\\\/\\\/www.instagram.com\\\/vmsport\\\/\"]}]}<\/script>\n<!-- \/ Yoast SEO plugin. -->","yoast_head_json":{"title":"SCOTT svingarmsreparationssats Spark 10mm 22 - VM Sport","robots":{"index":"index","follow":"follow","max-snippet":"max-snippet:-1","max-image-preview":"max-image-preview:large","max-video-preview":"max-video-preview:-1"},"canonical":"https:\/\/vmsport.fi\/sv\/webbutik\/reservdelar\/gafflar-och-kroppsdelar\/ramdelar\/scott-svangarm-rep-kit-gnista-10mm-22\/","og_locale":"sv_SE","og_type":"article","og_title":"SCOTT Swingarm rep kit Spark 10mm 22 - VM Sport","og_description":"SCOTT Swingarm -korjaussarja Spark 10mm 22 on loistava valinta jokaiselle py\u00f6r\u00e4ilij\u00e4lle, joka haluaa pit\u00e4\u00e4 py\u00f6r\u00e4ns\u00e4 erinomaisessa kunnossa. T\u00e4m\u00e4 sarja sis\u00e4lt\u00e4\u00e4 korkealaatuisia varaosia, jotka tekev\u00e4t py\u00f6r\u00e4n kriittisten osien huollosta helppoa ja vaivatonta. Kaikki tarvittavat osat sis\u00e4ltyv\u00e4t pakettiin, mik\u00e4 tekee asennuksesta nopeaa ja sujuvaa. Huolellisesti valitut komponentit takaavat kest\u00e4vyyden ja suorituskyvyn, joten py\u00f6r\u00e4 pysyy luotettavasti ajettavana, vaikka [...]L\u00e4s mer \u2026 from SCOTT Swingarm rep kit Spark 10mm 22","og_url":"https:\/\/vmsport.fi\/sv\/webbutik\/reservdelar\/gafflar-och-kroppsdelar\/ramdelar\/scott-svangarm-rep-kit-gnista-10mm-22\/","og_site_name":"VM Sport","article_publisher":"https:\/\/www.facebook.com\/Vmsport.fi\/","article_modified_time":"2026-01-16T11:22:18+00:00","og_image":[{"width":1000,"height":471,"url":"https:\/\/vmsport.fi\/wp-content\/uploads\/2025\/03\/Skaermavbild-2023-12-07-kl-10-44-23-1.png","type":"image\/png"}],"twitter_card":"summary_large_image","schema":{"@context":"https:\/\/schema.org","@graph":[{"@type":["WebPage","ItemPage"],"@id":"https:\/\/vmsport.fi\/verkkokauppa\/varaosat\/haarukat-ja-rungonosat\/rungon-osat\/scott-swingarm-rep-kit-spark-10mm-22\/","url":"https:\/\/vmsport.fi\/verkkokauppa\/varaosat\/haarukat-ja-rungonosat\/rungon-osat\/scott-swingarm-rep-kit-spark-10mm-22\/","name":"SCOTT svingarmsreparationssats Spark 10mm 22 - VM Sport","isPartOf":{"@id":"https:\/\/vmsport.fi\/#website"},"primaryImageOfPage":{"@id":"https:\/\/vmsport.fi\/verkkokauppa\/varaosat\/haarukat-ja-rungonosat\/rungon-osat\/scott-swingarm-rep-kit-spark-10mm-22\/#primaryimage"},"image":{"@id":"https:\/\/vmsport.fi\/verkkokauppa\/varaosat\/haarukat-ja-rungonosat\/rungon-osat\/scott-swingarm-rep-kit-spark-10mm-22\/#primaryimage"},"thumbnailUrl":"https:\/\/vmsport.fi\/wp-content\/uploads\/2025\/03\/Skaermavbild-2023-12-07-kl-10-44-23-1.png","datePublished":"2025-03-05T22:16:19+00:00","dateModified":"2026-01-16T11:22:18+00:00","breadcrumb":{"@id":"https:\/\/vmsport.fi\/verkkokauppa\/varaosat\/haarukat-ja-rungonosat\/rungon-osat\/scott-swingarm-rep-kit-spark-10mm-22\/#breadcrumb"},"inLanguage":"sv-SE","potentialAction":[{"@type":"ReadAction","target":["https:\/\/vmsport.fi\/verkkokauppa\/varaosat\/haarukat-ja-rungonosat\/rungon-osat\/scott-swingarm-rep-kit-spark-10mm-22\/"]}]},{"@type":"ImageObject","inLanguage":"sv-SE","@id":"https:\/\/vmsport.fi\/verkkokauppa\/varaosat\/haarukat-ja-rungonosat\/rungon-osat\/scott-swingarm-rep-kit-spark-10mm-22\/#primaryimage","url":"https:\/\/vmsport.fi\/wp-content\/uploads\/2025\/03\/Skaermavbild-2023-12-07-kl-10-44-23-1.png","contentUrl":"https:\/\/vmsport.fi\/wp-content\/uploads\/2025\/03\/Skaermavbild-2023-12-07-kl-10-44-23-1.png","width":1000,"height":471,"caption":"Skaermavbild-2023-12-07-kl-10-44-23"},{"@type":"BreadcrumbList","@id":"https:\/\/vmsport.fi\/verkkokauppa\/varaosat\/haarukat-ja-rungonosat\/rungon-osat\/scott-swingarm-rep-kit-spark-10mm-22\/#breadcrumb","itemListElement":[{"@type":"ListItem","position":1,"name":"Etusivu","item":"https:\/\/vmsport.fi\/"},{"@type":"ListItem","position":2,"name":"Online Store","item":"https:\/\/vmsport.fi\/en\/online-store\/"},{"@type":"ListItem","position":3,"name":"SCOTT Swingarm rep kit Spark 10mm 22"}]},{"@type":"WebSite","@id":"https:\/\/vmsport.fi\/#website","url":"https:\/\/vmsport.fi\/","name":"Vmsport","description":"Allt p\u00e5 ett st\u00e4lle f\u00f6r cykling","publisher":{"@id":"https:\/\/vmsport.fi\/#organization"},"potentialAction":[{"@type":"SearchAction","target":{"@type":"EntryPoint","urlTemplate":"https:\/\/vmsport.fi\/?s={search_term_string}"},"query-input":{"@type":"PropertyValueSpecification","valueRequired":true,"valueName":"search_term_string"}}],"inLanguage":"sv-SE"},{"@type":"Organization","@id":"https:\/\/vmsport.fi\/#organization","name":"Vmsport","url":"https:\/\/vmsport.fi\/","logo":{"@type":"ImageObject","inLanguage":"sv-SE","@id":"https:\/\/vmsport.fi\/#\/schema\/logo\/image\/","url":"https:\/\/vmsport.fi\/wp-content\/uploads\/2024\/12\/vm_sport_RGB_horisontal-e1734526017575.png","contentUrl":"https:\/\/vmsport.fi\/wp-content\/uploads\/2024\/12\/vm_sport_RGB_horisontal-e1734526017575.png","width":668,"height":85,"caption":"Vmsport"},"image":{"@id":"https:\/\/vmsport.fi\/#\/schema\/logo\/image\/"},"sameAs":["https:\/\/www.facebook.com\/Vmsport.fi\/","https:\/\/www.instagram.com\/vmsport\/"]}]}},"global_unique_id":"","_links":{"self":[{"href":"https:\/\/vmsport.fi\/sv\/wp-json\/wp\/v2\/product\/56133","targetHints":{"allow":["GET"]}}],"collection":[{"href":"https:\/\/vmsport.fi\/sv\/wp-json\/wp\/v2\/product"}],"about":[{"href":"https:\/\/vmsport.fi\/sv\/wp-json\/wp\/v2\/types\/product"}],"replies":[{"embeddable":true,"href":"https:\/\/vmsport.fi\/sv\/wp-json\/wp\/v2\/comments?post=56133"}],"wp:featuredmedia":[{"embeddable":true,"href":"https:\/\/vmsport.fi\/sv\/wp-json\/wp\/v2\/media\/56132"}],"wp:attachment":[{"href":"https:\/\/vmsport.fi\/sv\/wp-json\/wp\/v2\/media?parent=56133"}],"wp:term":[{"taxonomy":"product_brand","embeddable":true,"href":"https:\/\/vmsport.fi\/sv\/wp-json\/wp\/v2\/product_brand?post=56133"},{"taxonomy":"product_model","embeddable":true,"href":"https:\/\/vmsport.fi\/sv\/wp-json\/wp\/v2\/product_model?post=56133"},{"taxonomy":"product_cat","embeddable":true,"href":"https:\/\/vmsport.fi\/sv\/wp-json\/wp\/v2\/product_cat?post=56133"},{"taxonomy":"product_tag","embeddable":true,"href":"https:\/\/vmsport.fi\/sv\/wp-json\/wp\/v2\/product_tag?post=56133"},{"taxonomy":"industry_terminology","embeddable":true,"href":"https:\/\/vmsport.fi\/sv\/wp-json\/wp\/v2\/industry-terminology?post=56133"}],"curies":[{"name":"wp","href":"https:\/\/api.w.org\/{rel}","templated":true}]}}