{"id":56131,"date":"2025-03-06T00:16:18","date_gmt":"2025-03-05T22:16:18","guid":{"rendered":"https:\/\/vmsport.fi\/verkkokauppa\/Ei-luokiteltu\/axa-chain-absolute-8-90-hyvaksytty-ketjulukko\/"},"modified":"2026-03-23T12:07:59","modified_gmt":"2026-03-23T10:07:59","slug":"axa-chain-absolute-8-90-godkant-kedjelas","status":"publish","type":"product","link":"https:\/\/vmsport.fi\/sv\/verkkokauppa\/tarvikkeet\/lukot\/ketjulukot\/axa-chain-absolute-8-90-hyvaksytty-ketjulukko\/","title":{"rendered":"AXA Chain Absolute 8 - 90 Godk\u00e4nt kedjel\u00e5s"},"content":{"rendered":"<p>AXA Chain Absolute 8 - 90 \u00e4r utformat f\u00f6r att ge h\u00f6g s\u00e4kerhet f\u00f6r cyklar genom att uppfylla f\u00f6rs\u00e4kringsbolagens krav. L\u00e5set har tilldelats Sold Secure-certifikatet med silverbetyg och f\u00e5r 9\/15 p\u00e5 s\u00e4kerhetsskalan. Med en kedjel\u00e4ngd p\u00e5 90 cm och en diameter p\u00e5 8 mm \u00e4r det ett h\u00e5llbart och p\u00e5litligt val f\u00f6r cykelskydd. Med en vikt p\u00e5 1740 gram ger det extra s\u00e4kerhet f\u00f6r daglig anv\u00e4ndning. Polyesterbel\u00e4ggningen skyddar cykeln fr\u00e5n repor och \u00f6kar l\u00e5sets anv\u00e4ndarkomfort.<\/p>","protected":false},"excerpt":{"rendered":"<p>AXA Chain Absolute 8 &#8211; 90 on suunniteltu tarjoamaan vahvaa turvallisuutta polkupy\u00f6rille, sill\u00e4 se t\u00e4ytt\u00e4\u00e4 vakuutusyhti\u00f6iden vaatimukset. T\u00e4m\u00e4 lukko on saanut Sold Secure -sertifikaatin hopealuokituksella ja saavuttaa turvallisuusasteikolla 9\/15 pistett\u00e4. Ketjun pituus on 90 cm ja sen halkaisija 8 mm, mik\u00e4 tekee siit\u00e4 kest\u00e4v\u00e4n ja luotettavan valinnan polkupy\u00f6r\u00e4n suojaamiseen. Painoltaan 1740 grammaa se tuo lis\u00e4turvaa [&#8230;]<\/p>\n<p><a class=\"btn btn-secondary understrap-read-more-link\" href=\"https:\/\/vmsport.fi\/sv\/verkkokauppa\/tarvikkeet\/lukot\/ketjulukot\/axa-chain-absolute-8-90-hyvaksytty-ketjulukko\/\">L\u00e4s mer \u2026<span class=\"screen-reader-text\"> from AXA Chain Absolute 8 &#8211; 90 Hyv\u00e4ksytty ketjulukko<\/span><\/a><\/p>\n","protected":false},"featured_media":56128,"comment_status":"open","ping_status":"closed","template":"","meta":{"_acf_changed":false,"_improvement_type_select":"improve_an_existing","_thumb_yes_seoaic":false,"_frame_yes_seoaic":false,"seoaic_generate_description":"","seoaic_improve_instructions_prompt":"","seoaic_rollback_content_improvement":"","seoaic_idea_thumbnail_generator":"","thumbnail_generated":false,"thumbnail_generate_prompt":"","seoaic_article_description":"","_supplier_stock_quantity":0},"product_brand":[1587],"product_model":[],"product_cat":[9552],"product_tag":[],"industry-terminology":[],"class_list":{"0":"post-56131","1":"product","2":"type-product","3":"status-publish","4":"has-post-thumbnail","6":"product_brand-axa","7":"product_cat-ketjulukot","9":"first","10":"instock","11":"taxable","12":"shipping-taxable","13":"purchasable","14":"product-type-simple"},"acf":{"bike_features":null,"overview":{"copy_overview":null,"key_features":null,"statement":"","youtube_url":""}},"yoast_head":"<!-- This site is optimized with the Yoast SEO plugin v27.3 - https:\/\/yoast.com\/product\/yoast-seo-wordpress\/ -->\n<title>AXA Chain Absolute 8 - 90 Hyv\u00e4ksytty ketjulukko - VM Sport<\/title>\n<meta name=\"robots\" content=\"index, follow, max-snippet:-1, max-image-preview:large, max-video-preview:-1\" \/>\n<link rel=\"canonical\" href=\"https:\/\/vmsport.fi\/sv\/webbutik\/tillbehor\/las\/kedjelas\/axa-chain-absolute-8-90-godkant-kedjelas\/\" \/>\n<meta property=\"og:locale\" content=\"sv_SE\" \/>\n<meta property=\"og:type\" content=\"article\" \/>\n<meta property=\"og:title\" content=\"AXA Chain Absolute 8 - 90 Hyv\u00e4ksytty ketjulukko - VM Sport\" \/>\n<meta property=\"og:description\" content=\"AXA Chain Absolute 8 &#8211; 90 on suunniteltu tarjoamaan vahvaa turvallisuutta polkupy\u00f6rille, sill\u00e4 se t\u00e4ytt\u00e4\u00e4 vakuutusyhti\u00f6iden vaatimukset. T\u00e4m\u00e4 lukko on saanut Sold Secure -sertifikaatin hopealuokituksella ja saavuttaa turvallisuusasteikolla 9\/15 pistett\u00e4. Ketjun pituus on 90 cm ja sen halkaisija 8 mm, mik\u00e4 tekee siit\u00e4 kest\u00e4v\u00e4n ja luotettavan valinnan polkupy\u00f6r\u00e4n suojaamiseen. Painoltaan 1740 grammaa se tuo lis\u00e4turvaa [...]L\u00e4s mer \u2026 from AXA Chain Absolute 8 &#8211; 90 Hyv\u00e4ksytty ketjulukko\" \/>\n<meta property=\"og:url\" content=\"https:\/\/vmsport.fi\/sv\/webbutik\/tillbehor\/las\/kedjelas\/axa-chain-absolute-8-90-godkant-kedjelas\/\" \/>\n<meta property=\"og:site_name\" content=\"VM Sport\" \/>\n<meta property=\"article:publisher\" content=\"https:\/\/www.facebook.com\/Vmsport.fi\/\" \/>\n<meta property=\"article:modified_time\" content=\"2026-03-23T10:07:59+00:00\" \/>\n<meta property=\"og:image\" content=\"https:\/\/vmsport.fi\/wp-content\/uploads\/2025\/03\/59080995ss-3.jpg\" \/>\n\t<meta property=\"og:image:width\" content=\"800\" \/>\n\t<meta property=\"og:image:height\" content=\"600\" \/>\n\t<meta property=\"og:image:type\" content=\"image\/jpeg\" \/>\n<meta name=\"twitter:card\" content=\"summary_large_image\" \/>\n<script type=\"application\/ld+json\" class=\"yoast-schema-graph\">{\"@context\":\"https:\\\/\\\/schema.org\",\"@graph\":[{\"@type\":[\"WebPage\",\"ItemPage\"],\"@id\":\"https:\\\/\\\/vmsport.fi\\\/verkkokauppa\\\/tarvikkeet\\\/lukot\\\/ketjulukot\\\/axa-chain-absolute-8-90-hyvaksytty-ketjulukko\\\/\",\"url\":\"https:\\\/\\\/vmsport.fi\\\/verkkokauppa\\\/tarvikkeet\\\/lukot\\\/ketjulukot\\\/axa-chain-absolute-8-90-hyvaksytty-ketjulukko\\\/\",\"name\":\"AXA Chain Absolute 8 - 90 Hyv\u00e4ksytty ketjulukko - VM Sport\",\"isPartOf\":{\"@id\":\"https:\\\/\\\/vmsport.fi\\\/#website\"},\"primaryImageOfPage\":{\"@id\":\"https:\\\/\\\/vmsport.fi\\\/verkkokauppa\\\/tarvikkeet\\\/lukot\\\/ketjulukot\\\/axa-chain-absolute-8-90-hyvaksytty-ketjulukko\\\/#primaryimage\"},\"image\":{\"@id\":\"https:\\\/\\\/vmsport.fi\\\/verkkokauppa\\\/tarvikkeet\\\/lukot\\\/ketjulukot\\\/axa-chain-absolute-8-90-hyvaksytty-ketjulukko\\\/#primaryimage\"},\"thumbnailUrl\":\"https:\\\/\\\/vmsport.fi\\\/wp-content\\\/uploads\\\/2025\\\/03\\\/59080995ss-3.jpg\",\"datePublished\":\"2025-03-05T22:16:18+00:00\",\"dateModified\":\"2026-03-23T10:07:59+00:00\",\"breadcrumb\":{\"@id\":\"https:\\\/\\\/vmsport.fi\\\/verkkokauppa\\\/tarvikkeet\\\/lukot\\\/ketjulukot\\\/axa-chain-absolute-8-90-hyvaksytty-ketjulukko\\\/#breadcrumb\"},\"inLanguage\":\"sv-SE\",\"potentialAction\":[{\"@type\":\"ReadAction\",\"target\":[\"https:\\\/\\\/vmsport.fi\\\/verkkokauppa\\\/tarvikkeet\\\/lukot\\\/ketjulukot\\\/axa-chain-absolute-8-90-hyvaksytty-ketjulukko\\\/\"]}]},{\"@type\":\"ImageObject\",\"inLanguage\":\"sv-SE\",\"@id\":\"https:\\\/\\\/vmsport.fi\\\/verkkokauppa\\\/tarvikkeet\\\/lukot\\\/ketjulukot\\\/axa-chain-absolute-8-90-hyvaksytty-ketjulukko\\\/#primaryimage\",\"url\":\"https:\\\/\\\/vmsport.fi\\\/wp-content\\\/uploads\\\/2025\\\/03\\\/59080995ss-3.jpg\",\"contentUrl\":\"https:\\\/\\\/vmsport.fi\\\/wp-content\\\/uploads\\\/2025\\\/03\\\/59080995ss-3.jpg\",\"width\":800,\"height\":600,\"caption\":\"59080995ss\"},{\"@type\":\"BreadcrumbList\",\"@id\":\"https:\\\/\\\/vmsport.fi\\\/verkkokauppa\\\/tarvikkeet\\\/lukot\\\/ketjulukot\\\/axa-chain-absolute-8-90-hyvaksytty-ketjulukko\\\/#breadcrumb\",\"itemListElement\":[{\"@type\":\"ListItem\",\"position\":1,\"name\":\"Etusivu\",\"item\":\"https:\\\/\\\/vmsport.fi\\\/\"},{\"@type\":\"ListItem\",\"position\":2,\"name\":\"Online Store\",\"item\":\"https:\\\/\\\/vmsport.fi\\\/en\\\/online-store\\\/\"},{\"@type\":\"ListItem\",\"position\":3,\"name\":\"Axa\",\"item\":\"https:\\\/\\\/vmsport.fi\\\/merkki\\\/axa\\\/\"},{\"@type\":\"ListItem\",\"position\":4,\"name\":\"AXA Chain Absolute 8 &#8211; 90 Hyv\u00e4ksytty ketjulukko\"}]},{\"@type\":\"WebSite\",\"@id\":\"https:\\\/\\\/vmsport.fi\\\/#website\",\"url\":\"https:\\\/\\\/vmsport.fi\\\/\",\"name\":\"Vmsport\",\"description\":\"Kaikki py\u00f6r\u00e4ilyyn yhdest\u00e4 paikasta\",\"publisher\":{\"@id\":\"https:\\\/\\\/vmsport.fi\\\/#organization\"},\"potentialAction\":[{\"@type\":\"SearchAction\",\"target\":{\"@type\":\"EntryPoint\",\"urlTemplate\":\"https:\\\/\\\/vmsport.fi\\\/?s={search_term_string}\"},\"query-input\":{\"@type\":\"PropertyValueSpecification\",\"valueRequired\":true,\"valueName\":\"search_term_string\"}}],\"inLanguage\":\"sv-SE\"},{\"@type\":\"Organization\",\"@id\":\"https:\\\/\\\/vmsport.fi\\\/#organization\",\"name\":\"Vmsport\",\"url\":\"https:\\\/\\\/vmsport.fi\\\/\",\"logo\":{\"@type\":\"ImageObject\",\"inLanguage\":\"sv-SE\",\"@id\":\"https:\\\/\\\/vmsport.fi\\\/#\\\/schema\\\/logo\\\/image\\\/\",\"url\":\"https:\\\/\\\/vmsport.fi\\\/wp-content\\\/uploads\\\/2024\\\/12\\\/vm_sport_RGB_horisontal-e1734526017575.png\",\"contentUrl\":\"https:\\\/\\\/vmsport.fi\\\/wp-content\\\/uploads\\\/2024\\\/12\\\/vm_sport_RGB_horisontal-e1734526017575.png\",\"width\":668,\"height\":85,\"caption\":\"Vmsport\"},\"image\":{\"@id\":\"https:\\\/\\\/vmsport.fi\\\/#\\\/schema\\\/logo\\\/image\\\/\"},\"sameAs\":[\"https:\\\/\\\/www.facebook.com\\\/Vmsport.fi\\\/\",\"https:\\\/\\\/www.instagram.com\\\/vmsport\\\/\"]}]}<\/script>\n<!-- \/ Yoast SEO plugin. -->","yoast_head_json":{"title":"AXA Chain Absolute 8 - 90 Godk\u00e4nt kedjel\u00e5s - VM Sport","robots":{"index":"index","follow":"follow","max-snippet":"max-snippet:-1","max-image-preview":"max-image-preview:large","max-video-preview":"max-video-preview:-1"},"canonical":"https:\/\/vmsport.fi\/sv\/webbutik\/tillbehor\/las\/kedjelas\/axa-chain-absolute-8-90-godkant-kedjelas\/","og_locale":"sv_SE","og_type":"article","og_title":"AXA Chain Absolute 8 - 90 Hyv\u00e4ksytty ketjulukko - VM Sport","og_description":"AXA Chain Absolute 8 &#8211; 90 on suunniteltu tarjoamaan vahvaa turvallisuutta polkupy\u00f6rille, sill\u00e4 se t\u00e4ytt\u00e4\u00e4 vakuutusyhti\u00f6iden vaatimukset. T\u00e4m\u00e4 lukko on saanut Sold Secure -sertifikaatin hopealuokituksella ja saavuttaa turvallisuusasteikolla 9\/15 pistett\u00e4. Ketjun pituus on 90 cm ja sen halkaisija 8 mm, mik\u00e4 tekee siit\u00e4 kest\u00e4v\u00e4n ja luotettavan valinnan polkupy\u00f6r\u00e4n suojaamiseen. Painoltaan 1740 grammaa se tuo lis\u00e4turvaa [...]L\u00e4s mer \u2026 from AXA Chain Absolute 8 &#8211; 90 Hyv\u00e4ksytty ketjulukko","og_url":"https:\/\/vmsport.fi\/sv\/webbutik\/tillbehor\/las\/kedjelas\/axa-chain-absolute-8-90-godkant-kedjelas\/","og_site_name":"VM Sport","article_publisher":"https:\/\/www.facebook.com\/Vmsport.fi\/","article_modified_time":"2026-03-23T10:07:59+00:00","og_image":[{"width":800,"height":600,"url":"https:\/\/vmsport.fi\/wp-content\/uploads\/2025\/03\/59080995ss-3.jpg","type":"image\/jpeg"}],"twitter_card":"summary_large_image","schema":{"@context":"https:\/\/schema.org","@graph":[{"@type":["WebPage","ItemPage"],"@id":"https:\/\/vmsport.fi\/verkkokauppa\/tarvikkeet\/lukot\/ketjulukot\/axa-chain-absolute-8-90-hyvaksytty-ketjulukko\/","url":"https:\/\/vmsport.fi\/verkkokauppa\/tarvikkeet\/lukot\/ketjulukot\/axa-chain-absolute-8-90-hyvaksytty-ketjulukko\/","name":"AXA Chain Absolute 8 - 90 Godk\u00e4nt kedjel\u00e5s - VM Sport","isPartOf":{"@id":"https:\/\/vmsport.fi\/#website"},"primaryImageOfPage":{"@id":"https:\/\/vmsport.fi\/verkkokauppa\/tarvikkeet\/lukot\/ketjulukot\/axa-chain-absolute-8-90-hyvaksytty-ketjulukko\/#primaryimage"},"image":{"@id":"https:\/\/vmsport.fi\/verkkokauppa\/tarvikkeet\/lukot\/ketjulukot\/axa-chain-absolute-8-90-hyvaksytty-ketjulukko\/#primaryimage"},"thumbnailUrl":"https:\/\/vmsport.fi\/wp-content\/uploads\/2025\/03\/59080995ss-3.jpg","datePublished":"2025-03-05T22:16:18+00:00","dateModified":"2026-03-23T10:07:59+00:00","breadcrumb":{"@id":"https:\/\/vmsport.fi\/verkkokauppa\/tarvikkeet\/lukot\/ketjulukot\/axa-chain-absolute-8-90-hyvaksytty-ketjulukko\/#breadcrumb"},"inLanguage":"sv-SE","potentialAction":[{"@type":"ReadAction","target":["https:\/\/vmsport.fi\/verkkokauppa\/tarvikkeet\/lukot\/ketjulukot\/axa-chain-absolute-8-90-hyvaksytty-ketjulukko\/"]}]},{"@type":"ImageObject","inLanguage":"sv-SE","@id":"https:\/\/vmsport.fi\/verkkokauppa\/tarvikkeet\/lukot\/ketjulukot\/axa-chain-absolute-8-90-hyvaksytty-ketjulukko\/#primaryimage","url":"https:\/\/vmsport.fi\/wp-content\/uploads\/2025\/03\/59080995ss-3.jpg","contentUrl":"https:\/\/vmsport.fi\/wp-content\/uploads\/2025\/03\/59080995ss-3.jpg","width":800,"height":600,"caption":"59080995ss"},{"@type":"BreadcrumbList","@id":"https:\/\/vmsport.fi\/verkkokauppa\/tarvikkeet\/lukot\/ketjulukot\/axa-chain-absolute-8-90-hyvaksytty-ketjulukko\/#breadcrumb","itemListElement":[{"@type":"ListItem","position":1,"name":"Etusivu","item":"https:\/\/vmsport.fi\/"},{"@type":"ListItem","position":2,"name":"Online Store","item":"https:\/\/vmsport.fi\/en\/online-store\/"},{"@type":"ListItem","position":3,"name":"Axa","item":"https:\/\/vmsport.fi\/merkki\/axa\/"},{"@type":"ListItem","position":4,"name":"AXA Chain Absolute 8 &#8211; 90 Hyv\u00e4ksytty ketjulukko"}]},{"@type":"WebSite","@id":"https:\/\/vmsport.fi\/#website","url":"https:\/\/vmsport.fi\/","name":"Vmsport","description":"Allt p\u00e5 ett st\u00e4lle f\u00f6r cykling","publisher":{"@id":"https:\/\/vmsport.fi\/#organization"},"potentialAction":[{"@type":"SearchAction","target":{"@type":"EntryPoint","urlTemplate":"https:\/\/vmsport.fi\/?s={search_term_string}"},"query-input":{"@type":"PropertyValueSpecification","valueRequired":true,"valueName":"search_term_string"}}],"inLanguage":"sv-SE"},{"@type":"Organization","@id":"https:\/\/vmsport.fi\/#organization","name":"Vmsport","url":"https:\/\/vmsport.fi\/","logo":{"@type":"ImageObject","inLanguage":"sv-SE","@id":"https:\/\/vmsport.fi\/#\/schema\/logo\/image\/","url":"https:\/\/vmsport.fi\/wp-content\/uploads\/2024\/12\/vm_sport_RGB_horisontal-e1734526017575.png","contentUrl":"https:\/\/vmsport.fi\/wp-content\/uploads\/2024\/12\/vm_sport_RGB_horisontal-e1734526017575.png","width":668,"height":85,"caption":"Vmsport"},"image":{"@id":"https:\/\/vmsport.fi\/#\/schema\/logo\/image\/"},"sameAs":["https:\/\/www.facebook.com\/Vmsport.fi\/","https:\/\/www.instagram.com\/vmsport\/"]}]}},"global_unique_id":"","_links":{"self":[{"href":"https:\/\/vmsport.fi\/sv\/wp-json\/wp\/v2\/product\/56131","targetHints":{"allow":["GET"]}}],"collection":[{"href":"https:\/\/vmsport.fi\/sv\/wp-json\/wp\/v2\/product"}],"about":[{"href":"https:\/\/vmsport.fi\/sv\/wp-json\/wp\/v2\/types\/product"}],"replies":[{"embeddable":true,"href":"https:\/\/vmsport.fi\/sv\/wp-json\/wp\/v2\/comments?post=56131"}],"wp:featuredmedia":[{"embeddable":true,"href":"https:\/\/vmsport.fi\/sv\/wp-json\/wp\/v2\/media\/56128"}],"wp:attachment":[{"href":"https:\/\/vmsport.fi\/sv\/wp-json\/wp\/v2\/media?parent=56131"}],"wp:term":[{"taxonomy":"product_brand","embeddable":true,"href":"https:\/\/vmsport.fi\/sv\/wp-json\/wp\/v2\/product_brand?post=56131"},{"taxonomy":"product_model","embeddable":true,"href":"https:\/\/vmsport.fi\/sv\/wp-json\/wp\/v2\/product_model?post=56131"},{"taxonomy":"product_cat","embeddable":true,"href":"https:\/\/vmsport.fi\/sv\/wp-json\/wp\/v2\/product_cat?post=56131"},{"taxonomy":"product_tag","embeddable":true,"href":"https:\/\/vmsport.fi\/sv\/wp-json\/wp\/v2\/product_tag?post=56131"},{"taxonomy":"industry_terminology","embeddable":true,"href":"https:\/\/vmsport.fi\/sv\/wp-json\/wp\/v2\/industry-terminology?post=56131"}],"curies":[{"name":"wp","href":"https:\/\/api.w.org\/{rel}","templated":true}]}}