{"id":56127,"date":"2025-03-06T00:16:16","date_gmt":"2025-03-05T22:16:16","guid":{"rendered":"https:\/\/vmsport.fi\/verkkokauppa\/Ei-luokiteltu\/takavaihtaja-105-5800-musta-11v-lyhyt-hakki\/"},"modified":"2026-01-16T13:20:40","modified_gmt":"2026-01-16T11:20:40","slug":"bakre-vaxelspak-105-5800-svart-11v-kort-krok","status":"publish","type":"product","link":"https:\/\/vmsport.fi\/sv\/verkkokauppa\/varaosat\/vaihteistot\/takavaihtaja-105-5800-musta-11v-lyhyt-hakki\/","title":{"rendered":"Bakv\u00e4xlare 105 5800 svart 11v kort bur"},"content":{"rendered":"<p>Shimano 105-bakv\u00e4xeln ger mjuka och exakta v\u00e4xlingar f\u00f6r landsv\u00e4gscyklar. Denna svarta, 11-v\u00e4xlade v\u00e4xel med kort bur \u00e4r idealisk f\u00f6r sportig cykling d\u00e4r l\u00e4tthet och prestanda \u00e4r viktigt. Den geniala designen s\u00e4kerst\u00e4ller h\u00e5llbarhet och tillf\u00f6rlitlighet \u00e4ven under utmanande k\u00f6rf\u00f6rh\u00e5llanden, vilket g\u00f6r den till ett perfekt val f\u00f6r den kr\u00e4vande cyklisten.<\/p>","protected":false},"excerpt":{"rendered":"<p>Shimano 105 -takavaihtaja tarjoaa sujuvan ja tarkan vaihteenvaihdon maantiepy\u00f6riin. T\u00e4m\u00e4 musta, 11-vaihteinen vaihtaja, jossa on lyhyt h\u00e4kki, sopii erinomaisesti urheilulliseen ajoon, miss\u00e4 keveys ja suorituskyky ovat t\u00e4rkeit\u00e4. Nerokas muotoilu varmistaa kest\u00e4vyyden ja luotettavuuden my\u00f6s haastavissa ajo-olosuhteissa, joten se on ihanteellinen valinta vaativalle py\u00f6r\u00e4ilij\u00e4lle. [&#8230;]<\/p>\n<p><a class=\"btn btn-secondary understrap-read-more-link\" href=\"https:\/\/vmsport.fi\/sv\/verkkokauppa\/varaosat\/vaihteistot\/takavaihtaja-105-5800-musta-11v-lyhyt-hakki\/\">L\u00e4s mer \u2026<span class=\"screen-reader-text\"> from Takavaihtaja 105 5800 musta 11v lyhyt h\u00e4kki<\/span><\/a><\/p>\n","protected":false},"featured_media":56125,"comment_status":"open","ping_status":"closed","template":"","meta":{"_acf_changed":false,"_improvement_type_select":"improve_an_existing","_thumb_yes_seoaic":false,"_frame_yes_seoaic":false,"seoaic_generate_description":"","seoaic_improve_instructions_prompt":"","seoaic_rollback_content_improvement":"","seoaic_idea_thumbnail_generator":"","thumbnail_generated":false,"thumbnail_generate_prompt":"","seoaic_article_description":"","_supplier_stock_quantity":0},"product_brand":[],"product_model":[],"product_cat":[9316],"product_tag":[],"industry-terminology":[],"class_list":{"0":"post-56127","1":"product","2":"type-product","3":"status-publish","4":"has-post-thumbnail","6":"product_cat-vaihteistot","8":"first","9":"outofstock","10":"taxable","11":"shipping-taxable","12":"product-type-simple"},"acf":{"bike_features":null,"overview":{"copy_overview":null,"key_features":null,"statement":"","youtube_url":""}},"yoast_head":"<!-- This site is optimized with the Yoast SEO plugin v27.3 - https:\/\/yoast.com\/product\/yoast-seo-wordpress\/ -->\n<title>Takavaihtaja 105 5800 musta 11v lyhyt h\u00e4kki - VM Sport<\/title>\n<meta name=\"robots\" content=\"index, follow, max-snippet:-1, max-image-preview:large, max-video-preview:-1\" \/>\n<link rel=\"canonical\" href=\"https:\/\/vmsport.fi\/sv\/webbutik\/reservdelar\/vaxellador\/bakre-vaxelspak-105-5800-svart-11v-kort-krok\/\" \/>\n<meta property=\"og:locale\" content=\"sv_SE\" \/>\n<meta property=\"og:type\" content=\"article\" \/>\n<meta property=\"og:title\" content=\"Takavaihtaja 105 5800 musta 11v lyhyt h\u00e4kki - VM Sport\" \/>\n<meta property=\"og:description\" content=\"Shimano 105 -takavaihtaja tarjoaa sujuvan ja tarkan vaihteenvaihdon maantiepy\u00f6riin. T\u00e4m\u00e4 musta, 11-vaihteinen vaihtaja, jossa on lyhyt h\u00e4kki, sopii erinomaisesti urheilulliseen ajoon, miss\u00e4 keveys ja suorituskyky ovat t\u00e4rkeit\u00e4. Nerokas muotoilu varmistaa kest\u00e4vyyden ja luotettavuuden my\u00f6s haastavissa ajo-olosuhteissa, joten se on ihanteellinen valinta vaativalle py\u00f6r\u00e4ilij\u00e4lle. [...]L\u00e4s mer \u2026 from Takavaihtaja 105 5800 musta 11v lyhyt h\u00e4kki\" \/>\n<meta property=\"og:url\" content=\"https:\/\/vmsport.fi\/sv\/webbutik\/reservdelar\/vaxellador\/bakre-vaxelspak-105-5800-svart-11v-kort-krok\/\" \/>\n<meta property=\"og:site_name\" content=\"VM Sport\" \/>\n<meta property=\"article:publisher\" content=\"https:\/\/www.facebook.com\/Vmsport.fi\/\" \/>\n<meta property=\"article:modified_time\" content=\"2026-01-16T11:20:40+00:00\" \/>\n<meta property=\"og:image\" content=\"https:\/\/vmsport.fi\/wp-content\/uploads\/2025\/03\/4e3c43ee-36c3-4931-9696-a98580e699cb-1.jpg\" \/>\n\t<meta property=\"og:image:width\" content=\"1000\" \/>\n\t<meta property=\"og:image:height\" content=\"1000\" \/>\n\t<meta property=\"og:image:type\" content=\"image\/jpeg\" \/>\n<meta name=\"twitter:card\" content=\"summary_large_image\" \/>\n<script type=\"application\/ld+json\" class=\"yoast-schema-graph\">{\"@context\":\"https:\\\/\\\/schema.org\",\"@graph\":[{\"@type\":[\"WebPage\",\"ItemPage\"],\"@id\":\"https:\\\/\\\/vmsport.fi\\\/verkkokauppa\\\/varaosat\\\/vaihteistot\\\/takavaihtaja-105-5800-musta-11v-lyhyt-hakki\\\/\",\"url\":\"https:\\\/\\\/vmsport.fi\\\/verkkokauppa\\\/varaosat\\\/vaihteistot\\\/takavaihtaja-105-5800-musta-11v-lyhyt-hakki\\\/\",\"name\":\"Takavaihtaja 105 5800 musta 11v lyhyt h\u00e4kki - VM Sport\",\"isPartOf\":{\"@id\":\"https:\\\/\\\/vmsport.fi\\\/#website\"},\"primaryImageOfPage\":{\"@id\":\"https:\\\/\\\/vmsport.fi\\\/verkkokauppa\\\/varaosat\\\/vaihteistot\\\/takavaihtaja-105-5800-musta-11v-lyhyt-hakki\\\/#primaryimage\"},\"image\":{\"@id\":\"https:\\\/\\\/vmsport.fi\\\/verkkokauppa\\\/varaosat\\\/vaihteistot\\\/takavaihtaja-105-5800-musta-11v-lyhyt-hakki\\\/#primaryimage\"},\"thumbnailUrl\":\"https:\\\/\\\/vmsport.fi\\\/wp-content\\\/uploads\\\/2025\\\/03\\\/4e3c43ee-36c3-4931-9696-a98580e699cb-1.jpg\",\"datePublished\":\"2025-03-05T22:16:16+00:00\",\"dateModified\":\"2026-01-16T11:20:40+00:00\",\"breadcrumb\":{\"@id\":\"https:\\\/\\\/vmsport.fi\\\/verkkokauppa\\\/varaosat\\\/vaihteistot\\\/takavaihtaja-105-5800-musta-11v-lyhyt-hakki\\\/#breadcrumb\"},\"inLanguage\":\"sv-SE\",\"potentialAction\":[{\"@type\":\"ReadAction\",\"target\":[\"https:\\\/\\\/vmsport.fi\\\/verkkokauppa\\\/varaosat\\\/vaihteistot\\\/takavaihtaja-105-5800-musta-11v-lyhyt-hakki\\\/\"]}]},{\"@type\":\"ImageObject\",\"inLanguage\":\"sv-SE\",\"@id\":\"https:\\\/\\\/vmsport.fi\\\/verkkokauppa\\\/varaosat\\\/vaihteistot\\\/takavaihtaja-105-5800-musta-11v-lyhyt-hakki\\\/#primaryimage\",\"url\":\"https:\\\/\\\/vmsport.fi\\\/wp-content\\\/uploads\\\/2025\\\/03\\\/4e3c43ee-36c3-4931-9696-a98580e699cb-1.jpg\",\"contentUrl\":\"https:\\\/\\\/vmsport.fi\\\/wp-content\\\/uploads\\\/2025\\\/03\\\/4e3c43ee-36c3-4931-9696-a98580e699cb-1.jpg\",\"width\":1000,\"height\":1000,\"caption\":\"4e3c43ee-36c3-4931-9696-a98580e699cb\"},{\"@type\":\"BreadcrumbList\",\"@id\":\"https:\\\/\\\/vmsport.fi\\\/verkkokauppa\\\/varaosat\\\/vaihteistot\\\/takavaihtaja-105-5800-musta-11v-lyhyt-hakki\\\/#breadcrumb\",\"itemListElement\":[{\"@type\":\"ListItem\",\"position\":1,\"name\":\"Etusivu\",\"item\":\"https:\\\/\\\/vmsport.fi\\\/\"},{\"@type\":\"ListItem\",\"position\":2,\"name\":\"Online Store\",\"item\":\"https:\\\/\\\/vmsport.fi\\\/en\\\/online-store\\\/\"},{\"@type\":\"ListItem\",\"position\":3,\"name\":\"Takavaihtaja 105 5800 musta 11v lyhyt h\u00e4kki\"}]},{\"@type\":\"WebSite\",\"@id\":\"https:\\\/\\\/vmsport.fi\\\/#website\",\"url\":\"https:\\\/\\\/vmsport.fi\\\/\",\"name\":\"Vmsport\",\"description\":\"Kaikki py\u00f6r\u00e4ilyyn yhdest\u00e4 paikasta\",\"publisher\":{\"@id\":\"https:\\\/\\\/vmsport.fi\\\/#organization\"},\"potentialAction\":[{\"@type\":\"SearchAction\",\"target\":{\"@type\":\"EntryPoint\",\"urlTemplate\":\"https:\\\/\\\/vmsport.fi\\\/?s={search_term_string}\"},\"query-input\":{\"@type\":\"PropertyValueSpecification\",\"valueRequired\":true,\"valueName\":\"search_term_string\"}}],\"inLanguage\":\"sv-SE\"},{\"@type\":\"Organization\",\"@id\":\"https:\\\/\\\/vmsport.fi\\\/#organization\",\"name\":\"Vmsport\",\"url\":\"https:\\\/\\\/vmsport.fi\\\/\",\"logo\":{\"@type\":\"ImageObject\",\"inLanguage\":\"sv-SE\",\"@id\":\"https:\\\/\\\/vmsport.fi\\\/#\\\/schema\\\/logo\\\/image\\\/\",\"url\":\"https:\\\/\\\/vmsport.fi\\\/wp-content\\\/uploads\\\/2024\\\/12\\\/vm_sport_RGB_horisontal-e1734526017575.png\",\"contentUrl\":\"https:\\\/\\\/vmsport.fi\\\/wp-content\\\/uploads\\\/2024\\\/12\\\/vm_sport_RGB_horisontal-e1734526017575.png\",\"width\":668,\"height\":85,\"caption\":\"Vmsport\"},\"image\":{\"@id\":\"https:\\\/\\\/vmsport.fi\\\/#\\\/schema\\\/logo\\\/image\\\/\"},\"sameAs\":[\"https:\\\/\\\/www.facebook.com\\\/Vmsport.fi\\\/\",\"https:\\\/\\\/www.instagram.com\\\/vmsport\\\/\"]}]}<\/script>\n<!-- \/ Yoast SEO plugin. -->","yoast_head_json":{"title":"Bakv\u00e4xel 105 5800 svart 11v kort bur - VM Sport","robots":{"index":"index","follow":"follow","max-snippet":"max-snippet:-1","max-image-preview":"max-image-preview:large","max-video-preview":"max-video-preview:-1"},"canonical":"https:\/\/vmsport.fi\/sv\/webbutik\/reservdelar\/vaxellador\/bakre-vaxelspak-105-5800-svart-11v-kort-krok\/","og_locale":"sv_SE","og_type":"article","og_title":"Takavaihtaja 105 5800 musta 11v lyhyt h\u00e4kki - VM Sport","og_description":"Shimano 105 -takavaihtaja tarjoaa sujuvan ja tarkan vaihteenvaihdon maantiepy\u00f6riin. T\u00e4m\u00e4 musta, 11-vaihteinen vaihtaja, jossa on lyhyt h\u00e4kki, sopii erinomaisesti urheilulliseen ajoon, miss\u00e4 keveys ja suorituskyky ovat t\u00e4rkeit\u00e4. Nerokas muotoilu varmistaa kest\u00e4vyyden ja luotettavuuden my\u00f6s haastavissa ajo-olosuhteissa, joten se on ihanteellinen valinta vaativalle py\u00f6r\u00e4ilij\u00e4lle. [...]L\u00e4s mer \u2026 from Takavaihtaja 105 5800 musta 11v lyhyt h\u00e4kki","og_url":"https:\/\/vmsport.fi\/sv\/webbutik\/reservdelar\/vaxellador\/bakre-vaxelspak-105-5800-svart-11v-kort-krok\/","og_site_name":"VM Sport","article_publisher":"https:\/\/www.facebook.com\/Vmsport.fi\/","article_modified_time":"2026-01-16T11:20:40+00:00","og_image":[{"width":1000,"height":1000,"url":"https:\/\/vmsport.fi\/wp-content\/uploads\/2025\/03\/4e3c43ee-36c3-4931-9696-a98580e699cb-1.jpg","type":"image\/jpeg"}],"twitter_card":"summary_large_image","schema":{"@context":"https:\/\/schema.org","@graph":[{"@type":["WebPage","ItemPage"],"@id":"https:\/\/vmsport.fi\/verkkokauppa\/varaosat\/vaihteistot\/takavaihtaja-105-5800-musta-11v-lyhyt-hakki\/","url":"https:\/\/vmsport.fi\/verkkokauppa\/varaosat\/vaihteistot\/takavaihtaja-105-5800-musta-11v-lyhyt-hakki\/","name":"Bakv\u00e4xel 105 5800 svart 11v kort bur - VM Sport","isPartOf":{"@id":"https:\/\/vmsport.fi\/#website"},"primaryImageOfPage":{"@id":"https:\/\/vmsport.fi\/verkkokauppa\/varaosat\/vaihteistot\/takavaihtaja-105-5800-musta-11v-lyhyt-hakki\/#primaryimage"},"image":{"@id":"https:\/\/vmsport.fi\/verkkokauppa\/varaosat\/vaihteistot\/takavaihtaja-105-5800-musta-11v-lyhyt-hakki\/#primaryimage"},"thumbnailUrl":"https:\/\/vmsport.fi\/wp-content\/uploads\/2025\/03\/4e3c43ee-36c3-4931-9696-a98580e699cb-1.jpg","datePublished":"2025-03-05T22:16:16+00:00","dateModified":"2026-01-16T11:20:40+00:00","breadcrumb":{"@id":"https:\/\/vmsport.fi\/verkkokauppa\/varaosat\/vaihteistot\/takavaihtaja-105-5800-musta-11v-lyhyt-hakki\/#breadcrumb"},"inLanguage":"sv-SE","potentialAction":[{"@type":"ReadAction","target":["https:\/\/vmsport.fi\/verkkokauppa\/varaosat\/vaihteistot\/takavaihtaja-105-5800-musta-11v-lyhyt-hakki\/"]}]},{"@type":"ImageObject","inLanguage":"sv-SE","@id":"https:\/\/vmsport.fi\/verkkokauppa\/varaosat\/vaihteistot\/takavaihtaja-105-5800-musta-11v-lyhyt-hakki\/#primaryimage","url":"https:\/\/vmsport.fi\/wp-content\/uploads\/2025\/03\/4e3c43ee-36c3-4931-9696-a98580e699cb-1.jpg","contentUrl":"https:\/\/vmsport.fi\/wp-content\/uploads\/2025\/03\/4e3c43ee-36c3-4931-9696-a98580e699cb-1.jpg","width":1000,"height":1000,"caption":"4e3c43ee-36c3-4931-9696-a98580e699cb"},{"@type":"BreadcrumbList","@id":"https:\/\/vmsport.fi\/verkkokauppa\/varaosat\/vaihteistot\/takavaihtaja-105-5800-musta-11v-lyhyt-hakki\/#breadcrumb","itemListElement":[{"@type":"ListItem","position":1,"name":"Etusivu","item":"https:\/\/vmsport.fi\/"},{"@type":"ListItem","position":2,"name":"Online Store","item":"https:\/\/vmsport.fi\/en\/online-store\/"},{"@type":"ListItem","position":3,"name":"Takavaihtaja 105 5800 musta 11v lyhyt h\u00e4kki"}]},{"@type":"WebSite","@id":"https:\/\/vmsport.fi\/#website","url":"https:\/\/vmsport.fi\/","name":"Vmsport","description":"Allt p\u00e5 ett st\u00e4lle f\u00f6r cykling","publisher":{"@id":"https:\/\/vmsport.fi\/#organization"},"potentialAction":[{"@type":"SearchAction","target":{"@type":"EntryPoint","urlTemplate":"https:\/\/vmsport.fi\/?s={search_term_string}"},"query-input":{"@type":"PropertyValueSpecification","valueRequired":true,"valueName":"search_term_string"}}],"inLanguage":"sv-SE"},{"@type":"Organization","@id":"https:\/\/vmsport.fi\/#organization","name":"Vmsport","url":"https:\/\/vmsport.fi\/","logo":{"@type":"ImageObject","inLanguage":"sv-SE","@id":"https:\/\/vmsport.fi\/#\/schema\/logo\/image\/","url":"https:\/\/vmsport.fi\/wp-content\/uploads\/2024\/12\/vm_sport_RGB_horisontal-e1734526017575.png","contentUrl":"https:\/\/vmsport.fi\/wp-content\/uploads\/2024\/12\/vm_sport_RGB_horisontal-e1734526017575.png","width":668,"height":85,"caption":"Vmsport"},"image":{"@id":"https:\/\/vmsport.fi\/#\/schema\/logo\/image\/"},"sameAs":["https:\/\/www.facebook.com\/Vmsport.fi\/","https:\/\/www.instagram.com\/vmsport\/"]}]}},"global_unique_id":"","_links":{"self":[{"href":"https:\/\/vmsport.fi\/sv\/wp-json\/wp\/v2\/product\/56127","targetHints":{"allow":["GET"]}}],"collection":[{"href":"https:\/\/vmsport.fi\/sv\/wp-json\/wp\/v2\/product"}],"about":[{"href":"https:\/\/vmsport.fi\/sv\/wp-json\/wp\/v2\/types\/product"}],"replies":[{"embeddable":true,"href":"https:\/\/vmsport.fi\/sv\/wp-json\/wp\/v2\/comments?post=56127"}],"wp:featuredmedia":[{"embeddable":true,"href":"https:\/\/vmsport.fi\/sv\/wp-json\/wp\/v2\/media\/56125"}],"wp:attachment":[{"href":"https:\/\/vmsport.fi\/sv\/wp-json\/wp\/v2\/media?parent=56127"}],"wp:term":[{"taxonomy":"product_brand","embeddable":true,"href":"https:\/\/vmsport.fi\/sv\/wp-json\/wp\/v2\/product_brand?post=56127"},{"taxonomy":"product_model","embeddable":true,"href":"https:\/\/vmsport.fi\/sv\/wp-json\/wp\/v2\/product_model?post=56127"},{"taxonomy":"product_cat","embeddable":true,"href":"https:\/\/vmsport.fi\/sv\/wp-json\/wp\/v2\/product_cat?post=56127"},{"taxonomy":"product_tag","embeddable":true,"href":"https:\/\/vmsport.fi\/sv\/wp-json\/wp\/v2\/product_tag?post=56127"},{"taxonomy":"industry_terminology","embeddable":true,"href":"https:\/\/vmsport.fi\/sv\/wp-json\/wp\/v2\/industry-terminology?post=56127"}],"curies":[{"name":"wp","href":"https:\/\/api.w.org\/{rel}","templated":true}]}}