{"id":56122,"date":"2025-03-06T00:16:12","date_gmt":"2025-03-05T22:16:12","guid":{"rendered":"https:\/\/vmsport.fi\/verkkokauppa\/Ei-luokiteltu\/michelin-airstop-tube-700x33-46c\/"},"modified":"2026-01-16T13:25:31","modified_gmt":"2026-01-16T11:25:31","slug":"michelin-airstop-slang-700x33-46c","status":"publish","type":"product","link":"https:\/\/vmsport.fi\/sv\/verkkokauppa\/renkaat\/sisarenkaat\/kaupunki-ja-hybridi\/michelin-airstop-tube-700x33-46c\/","title":{"rendered":"MICHELIN Airstop-slang 700\u00d733-46c"},"content":{"rendered":"<p>MICHELIN Airstop \u00e4r utformat f\u00f6r d\u00e4ckstorlekarna 700\u00d733-46c och \u00e4r tillverkat av h\u00f6gkvalitativt butylgummi som bibeh\u00e5ller ett utm\u00e4rkt lufttryck och minskar behovet av pumpning. H\u00e5llbarheten s\u00e4kerst\u00e4lls av ett f\u00f6rb\u00e4ttrat punkteringsskydd, vilket g\u00f6r att produkten erbjuder p\u00e5litlig tillf\u00f6rlitlighet och l\u00e5ng livsl\u00e4ngd. Denna 28-tums innerslang med Presta-ventil \u00e4r ett idealiskt val f\u00f6r cykling, vilket m\u00f6jligg\u00f6r bekymmersfria turer tack vare dess l\u00e5ngvariga tryckh\u00e5llning och h\u00e5llbarhet.<\/p>","protected":false},"excerpt":{"rendered":"<p>MICHELIN Airstop -sis\u00e4kumi on suunniteltu rengaskokoihin 700&#215;33-46c, ja se on valmistettu eritt\u00e4in laadukkaasta butyylikumista, joka s\u00e4ilytt\u00e4\u00e4 ilmanpaineen erinomaisesti ja v\u00e4hent\u00e4\u00e4 t\u00e4yt\u00f6n tarvetta. Kest\u00e4vyys on varmistettu parannetun puhkaisusuojan avulla, mink\u00e4 ansiosta tuote tarjoaa luotettavaa k\u00e4ytt\u00f6varmuutta ja pitk\u00e4\u00e4 k\u00e4ytt\u00f6ik\u00e4\u00e4. T\u00e4m\u00e4 28-tuumainen sis\u00e4kumi, jossa on Presta-venttiili, on ihanteellinen valinta py\u00f6r\u00e4ilyyn, sill\u00e4 se mahdollistaa huolettomat ajomatkat pitk\u00e4kestoisen paineen pit\u00e4vyyden [&#8230;]<\/p>\n<p><a class=\"btn btn-secondary understrap-read-more-link\" href=\"https:\/\/vmsport.fi\/sv\/verkkokauppa\/renkaat\/sisarenkaat\/kaupunki-ja-hybridi\/michelin-airstop-tube-700x33-46c\/\">L\u00e4s mer \u2026<span class=\"screen-reader-text\"> from MICHELIN Airstop tube 700&#215;33-46c<\/span><\/a><\/p>\n","protected":false},"featured_media":56121,"comment_status":"open","ping_status":"closed","template":"","meta":{"_acf_changed":false,"_improvement_type_select":"improve_an_existing","_thumb_yes_seoaic":false,"_frame_yes_seoaic":false,"seoaic_generate_description":"","seoaic_improve_instructions_prompt":"","seoaic_rollback_content_improvement":"","seoaic_idea_thumbnail_generator":"","thumbnail_generated":false,"thumbnail_generate_prompt":"","seoaic_article_description":"","_supplier_stock_quantity":0},"product_brand":[],"product_model":[],"product_cat":[9540],"product_tag":[],"industry-terminology":[],"class_list":{"0":"post-56122","1":"product","2":"type-product","3":"status-publish","4":"has-post-thumbnail","6":"product_cat-kaupunki-ja-hybridi","8":"first","9":"outofstock","10":"taxable","11":"shipping-taxable","12":"product-type-simple"},"acf":{"bike_features":null,"overview":{"copy_overview":null,"key_features":null,"statement":"","youtube_url":""}},"yoast_head":"<!-- This site is optimized with the Yoast SEO plugin v27.3 - https:\/\/yoast.com\/product\/yoast-seo-wordpress\/ -->\n<title>MICHELIN Airstop tube 700x33-46c - VM Sport<\/title>\n<meta name=\"robots\" content=\"index, follow, max-snippet:-1, max-image-preview:large, max-video-preview:-1\" \/>\n<link rel=\"canonical\" href=\"https:\/\/vmsport.fi\/sv\/webbutik\/dack\/systerdack\/urban-och-hybrid\/michelin-airstop-slang-700x33-46c\/\" \/>\n<meta property=\"og:locale\" content=\"sv_SE\" \/>\n<meta property=\"og:type\" content=\"article\" \/>\n<meta property=\"og:title\" content=\"MICHELIN Airstop tube 700x33-46c - VM Sport\" \/>\n<meta property=\"og:description\" content=\"MICHELIN Airstop -sis\u00e4kumi on suunniteltu rengaskokoihin 700&#215;33-46c, ja se on valmistettu eritt\u00e4in laadukkaasta butyylikumista, joka s\u00e4ilytt\u00e4\u00e4 ilmanpaineen erinomaisesti ja v\u00e4hent\u00e4\u00e4 t\u00e4yt\u00f6n tarvetta. Kest\u00e4vyys on varmistettu parannetun puhkaisusuojan avulla, mink\u00e4 ansiosta tuote tarjoaa luotettavaa k\u00e4ytt\u00f6varmuutta ja pitk\u00e4\u00e4 k\u00e4ytt\u00f6ik\u00e4\u00e4. T\u00e4m\u00e4 28-tuumainen sis\u00e4kumi, jossa on Presta-venttiili, on ihanteellinen valinta py\u00f6r\u00e4ilyyn, sill\u00e4 se mahdollistaa huolettomat ajomatkat pitk\u00e4kestoisen paineen pit\u00e4vyyden [...]L\u00e4s mer \u2026 from MICHELIN Airstop tube 700&#215;33-46c\" \/>\n<meta property=\"og:url\" content=\"https:\/\/vmsport.fi\/sv\/webbutik\/dack\/systerdack\/urban-och-hybrid\/michelin-airstop-slang-700x33-46c\/\" \/>\n<meta property=\"og:site_name\" content=\"VM Sport\" \/>\n<meta property=\"article:publisher\" content=\"https:\/\/www.facebook.com\/Vmsport.fi\/\" \/>\n<meta property=\"article:modified_time\" content=\"2026-01-16T11:25:31+00:00\" \/>\n<meta property=\"og:image\" content=\"https:\/\/vmsport.fi\/wp-content\/uploads\/2025\/03\/M86LYX4AnVjNrXdSskTyoPwO4HXxXsz7x2azkuF0Vo2uAwVAjJ-1.jpg\" \/>\n\t<meta property=\"og:image:width\" content=\"800\" \/>\n\t<meta property=\"og:image:height\" content=\"800\" \/>\n\t<meta property=\"og:image:type\" content=\"image\/jpeg\" \/>\n<meta name=\"twitter:card\" content=\"summary_large_image\" \/>\n<script type=\"application\/ld+json\" class=\"yoast-schema-graph\">{\"@context\":\"https:\\\/\\\/schema.org\",\"@graph\":[{\"@type\":[\"WebPage\",\"ItemPage\"],\"@id\":\"https:\\\/\\\/vmsport.fi\\\/verkkokauppa\\\/renkaat\\\/sisarenkaat\\\/kaupunki-ja-hybridi\\\/michelin-airstop-tube-700x33-46c\\\/\",\"url\":\"https:\\\/\\\/vmsport.fi\\\/verkkokauppa\\\/renkaat\\\/sisarenkaat\\\/kaupunki-ja-hybridi\\\/michelin-airstop-tube-700x33-46c\\\/\",\"name\":\"MICHELIN Airstop tube 700x33-46c - VM Sport\",\"isPartOf\":{\"@id\":\"https:\\\/\\\/vmsport.fi\\\/#website\"},\"primaryImageOfPage\":{\"@id\":\"https:\\\/\\\/vmsport.fi\\\/verkkokauppa\\\/renkaat\\\/sisarenkaat\\\/kaupunki-ja-hybridi\\\/michelin-airstop-tube-700x33-46c\\\/#primaryimage\"},\"image\":{\"@id\":\"https:\\\/\\\/vmsport.fi\\\/verkkokauppa\\\/renkaat\\\/sisarenkaat\\\/kaupunki-ja-hybridi\\\/michelin-airstop-tube-700x33-46c\\\/#primaryimage\"},\"thumbnailUrl\":\"https:\\\/\\\/vmsport.fi\\\/wp-content\\\/uploads\\\/2025\\\/03\\\/M86LYX4AnVjNrXdSskTyoPwO4HXxXsz7x2azkuF0Vo2uAwVAjJ-1.jpg\",\"datePublished\":\"2025-03-05T22:16:12+00:00\",\"dateModified\":\"2026-01-16T11:25:31+00:00\",\"breadcrumb\":{\"@id\":\"https:\\\/\\\/vmsport.fi\\\/verkkokauppa\\\/renkaat\\\/sisarenkaat\\\/kaupunki-ja-hybridi\\\/michelin-airstop-tube-700x33-46c\\\/#breadcrumb\"},\"inLanguage\":\"sv-SE\",\"potentialAction\":[{\"@type\":\"ReadAction\",\"target\":[\"https:\\\/\\\/vmsport.fi\\\/verkkokauppa\\\/renkaat\\\/sisarenkaat\\\/kaupunki-ja-hybridi\\\/michelin-airstop-tube-700x33-46c\\\/\"]}]},{\"@type\":\"ImageObject\",\"inLanguage\":\"sv-SE\",\"@id\":\"https:\\\/\\\/vmsport.fi\\\/verkkokauppa\\\/renkaat\\\/sisarenkaat\\\/kaupunki-ja-hybridi\\\/michelin-airstop-tube-700x33-46c\\\/#primaryimage\",\"url\":\"https:\\\/\\\/vmsport.fi\\\/wp-content\\\/uploads\\\/2025\\\/03\\\/M86LYX4AnVjNrXdSskTyoPwO4HXxXsz7x2azkuF0Vo2uAwVAjJ-1.jpg\",\"contentUrl\":\"https:\\\/\\\/vmsport.fi\\\/wp-content\\\/uploads\\\/2025\\\/03\\\/M86LYX4AnVjNrXdSskTyoPwO4HXxXsz7x2azkuF0Vo2uAwVAjJ-1.jpg\",\"width\":800,\"height\":800,\"caption\":\"M86LYX4AnVjNrXdSskTyoPwO4HXxXsz7x2azkuF0Vo2uAwVAjJ\"},{\"@type\":\"BreadcrumbList\",\"@id\":\"https:\\\/\\\/vmsport.fi\\\/verkkokauppa\\\/renkaat\\\/sisarenkaat\\\/kaupunki-ja-hybridi\\\/michelin-airstop-tube-700x33-46c\\\/#breadcrumb\",\"itemListElement\":[{\"@type\":\"ListItem\",\"position\":1,\"name\":\"Etusivu\",\"item\":\"https:\\\/\\\/vmsport.fi\\\/\"},{\"@type\":\"ListItem\",\"position\":2,\"name\":\"Online Store\",\"item\":\"https:\\\/\\\/vmsport.fi\\\/en\\\/online-store\\\/\"},{\"@type\":\"ListItem\",\"position\":3,\"name\":\"MICHELIN Airstop tube 700&#215;33-46c\"}]},{\"@type\":\"WebSite\",\"@id\":\"https:\\\/\\\/vmsport.fi\\\/#website\",\"url\":\"https:\\\/\\\/vmsport.fi\\\/\",\"name\":\"Vmsport\",\"description\":\"Kaikki py\u00f6r\u00e4ilyyn yhdest\u00e4 paikasta\",\"publisher\":{\"@id\":\"https:\\\/\\\/vmsport.fi\\\/#organization\"},\"potentialAction\":[{\"@type\":\"SearchAction\",\"target\":{\"@type\":\"EntryPoint\",\"urlTemplate\":\"https:\\\/\\\/vmsport.fi\\\/?s={search_term_string}\"},\"query-input\":{\"@type\":\"PropertyValueSpecification\",\"valueRequired\":true,\"valueName\":\"search_term_string\"}}],\"inLanguage\":\"sv-SE\"},{\"@type\":\"Organization\",\"@id\":\"https:\\\/\\\/vmsport.fi\\\/#organization\",\"name\":\"Vmsport\",\"url\":\"https:\\\/\\\/vmsport.fi\\\/\",\"logo\":{\"@type\":\"ImageObject\",\"inLanguage\":\"sv-SE\",\"@id\":\"https:\\\/\\\/vmsport.fi\\\/#\\\/schema\\\/logo\\\/image\\\/\",\"url\":\"https:\\\/\\\/vmsport.fi\\\/wp-content\\\/uploads\\\/2024\\\/12\\\/vm_sport_RGB_horisontal-e1734526017575.png\",\"contentUrl\":\"https:\\\/\\\/vmsport.fi\\\/wp-content\\\/uploads\\\/2024\\\/12\\\/vm_sport_RGB_horisontal-e1734526017575.png\",\"width\":668,\"height\":85,\"caption\":\"Vmsport\"},\"image\":{\"@id\":\"https:\\\/\\\/vmsport.fi\\\/#\\\/schema\\\/logo\\\/image\\\/\"},\"sameAs\":[\"https:\\\/\\\/www.facebook.com\\\/Vmsport.fi\\\/\",\"https:\\\/\\\/www.instagram.com\\\/vmsport\\\/\"]}]}<\/script>\n<!-- \/ Yoast SEO plugin. -->","yoast_head_json":{"title":"MICHELIN Airstop-slang 700x33-46c - VM Sport","robots":{"index":"index","follow":"follow","max-snippet":"max-snippet:-1","max-image-preview":"max-image-preview:large","max-video-preview":"max-video-preview:-1"},"canonical":"https:\/\/vmsport.fi\/sv\/webbutik\/dack\/systerdack\/urban-och-hybrid\/michelin-airstop-slang-700x33-46c\/","og_locale":"sv_SE","og_type":"article","og_title":"MICHELIN Airstop tube 700x33-46c - VM Sport","og_description":"MICHELIN Airstop -sis\u00e4kumi on suunniteltu rengaskokoihin 700&#215;33-46c, ja se on valmistettu eritt\u00e4in laadukkaasta butyylikumista, joka s\u00e4ilytt\u00e4\u00e4 ilmanpaineen erinomaisesti ja v\u00e4hent\u00e4\u00e4 t\u00e4yt\u00f6n tarvetta. Kest\u00e4vyys on varmistettu parannetun puhkaisusuojan avulla, mink\u00e4 ansiosta tuote tarjoaa luotettavaa k\u00e4ytt\u00f6varmuutta ja pitk\u00e4\u00e4 k\u00e4ytt\u00f6ik\u00e4\u00e4. T\u00e4m\u00e4 28-tuumainen sis\u00e4kumi, jossa on Presta-venttiili, on ihanteellinen valinta py\u00f6r\u00e4ilyyn, sill\u00e4 se mahdollistaa huolettomat ajomatkat pitk\u00e4kestoisen paineen pit\u00e4vyyden [...]L\u00e4s mer \u2026 from MICHELIN Airstop tube 700&#215;33-46c","og_url":"https:\/\/vmsport.fi\/sv\/webbutik\/dack\/systerdack\/urban-och-hybrid\/michelin-airstop-slang-700x33-46c\/","og_site_name":"VM Sport","article_publisher":"https:\/\/www.facebook.com\/Vmsport.fi\/","article_modified_time":"2026-01-16T11:25:31+00:00","og_image":[{"width":800,"height":800,"url":"https:\/\/vmsport.fi\/wp-content\/uploads\/2025\/03\/M86LYX4AnVjNrXdSskTyoPwO4HXxXsz7x2azkuF0Vo2uAwVAjJ-1.jpg","type":"image\/jpeg"}],"twitter_card":"summary_large_image","schema":{"@context":"https:\/\/schema.org","@graph":[{"@type":["WebPage","ItemPage"],"@id":"https:\/\/vmsport.fi\/verkkokauppa\/renkaat\/sisarenkaat\/kaupunki-ja-hybridi\/michelin-airstop-tube-700x33-46c\/","url":"https:\/\/vmsport.fi\/verkkokauppa\/renkaat\/sisarenkaat\/kaupunki-ja-hybridi\/michelin-airstop-tube-700x33-46c\/","name":"MICHELIN Airstop-slang 700x33-46c - VM Sport","isPartOf":{"@id":"https:\/\/vmsport.fi\/#website"},"primaryImageOfPage":{"@id":"https:\/\/vmsport.fi\/verkkokauppa\/renkaat\/sisarenkaat\/kaupunki-ja-hybridi\/michelin-airstop-tube-700x33-46c\/#primaryimage"},"image":{"@id":"https:\/\/vmsport.fi\/verkkokauppa\/renkaat\/sisarenkaat\/kaupunki-ja-hybridi\/michelin-airstop-tube-700x33-46c\/#primaryimage"},"thumbnailUrl":"https:\/\/vmsport.fi\/wp-content\/uploads\/2025\/03\/M86LYX4AnVjNrXdSskTyoPwO4HXxXsz7x2azkuF0Vo2uAwVAjJ-1.jpg","datePublished":"2025-03-05T22:16:12+00:00","dateModified":"2026-01-16T11:25:31+00:00","breadcrumb":{"@id":"https:\/\/vmsport.fi\/verkkokauppa\/renkaat\/sisarenkaat\/kaupunki-ja-hybridi\/michelin-airstop-tube-700x33-46c\/#breadcrumb"},"inLanguage":"sv-SE","potentialAction":[{"@type":"ReadAction","target":["https:\/\/vmsport.fi\/verkkokauppa\/renkaat\/sisarenkaat\/kaupunki-ja-hybridi\/michelin-airstop-tube-700x33-46c\/"]}]},{"@type":"ImageObject","inLanguage":"sv-SE","@id":"https:\/\/vmsport.fi\/verkkokauppa\/renkaat\/sisarenkaat\/kaupunki-ja-hybridi\/michelin-airstop-tube-700x33-46c\/#primaryimage","url":"https:\/\/vmsport.fi\/wp-content\/uploads\/2025\/03\/M86LYX4AnVjNrXdSskTyoPwO4HXxXsz7x2azkuF0Vo2uAwVAjJ-1.jpg","contentUrl":"https:\/\/vmsport.fi\/wp-content\/uploads\/2025\/03\/M86LYX4AnVjNrXdSskTyoPwO4HXxXsz7x2azkuF0Vo2uAwVAjJ-1.jpg","width":800,"height":800,"caption":"M86LYX4AnVjNrXdSskTyoPwO4HXxXsz7x2azkuF0Vo2uAwVAjJ"},{"@type":"BreadcrumbList","@id":"https:\/\/vmsport.fi\/verkkokauppa\/renkaat\/sisarenkaat\/kaupunki-ja-hybridi\/michelin-airstop-tube-700x33-46c\/#breadcrumb","itemListElement":[{"@type":"ListItem","position":1,"name":"Etusivu","item":"https:\/\/vmsport.fi\/"},{"@type":"ListItem","position":2,"name":"Online Store","item":"https:\/\/vmsport.fi\/en\/online-store\/"},{"@type":"ListItem","position":3,"name":"MICHELIN Airstop tube 700&#215;33-46c"}]},{"@type":"WebSite","@id":"https:\/\/vmsport.fi\/#website","url":"https:\/\/vmsport.fi\/","name":"Vmsport","description":"Allt p\u00e5 ett st\u00e4lle f\u00f6r cykling","publisher":{"@id":"https:\/\/vmsport.fi\/#organization"},"potentialAction":[{"@type":"SearchAction","target":{"@type":"EntryPoint","urlTemplate":"https:\/\/vmsport.fi\/?s={search_term_string}"},"query-input":{"@type":"PropertyValueSpecification","valueRequired":true,"valueName":"search_term_string"}}],"inLanguage":"sv-SE"},{"@type":"Organization","@id":"https:\/\/vmsport.fi\/#organization","name":"Vmsport","url":"https:\/\/vmsport.fi\/","logo":{"@type":"ImageObject","inLanguage":"sv-SE","@id":"https:\/\/vmsport.fi\/#\/schema\/logo\/image\/","url":"https:\/\/vmsport.fi\/wp-content\/uploads\/2024\/12\/vm_sport_RGB_horisontal-e1734526017575.png","contentUrl":"https:\/\/vmsport.fi\/wp-content\/uploads\/2024\/12\/vm_sport_RGB_horisontal-e1734526017575.png","width":668,"height":85,"caption":"Vmsport"},"image":{"@id":"https:\/\/vmsport.fi\/#\/schema\/logo\/image\/"},"sameAs":["https:\/\/www.facebook.com\/Vmsport.fi\/","https:\/\/www.instagram.com\/vmsport\/"]}]}},"global_unique_id":"","_links":{"self":[{"href":"https:\/\/vmsport.fi\/sv\/wp-json\/wp\/v2\/product\/56122","targetHints":{"allow":["GET"]}}],"collection":[{"href":"https:\/\/vmsport.fi\/sv\/wp-json\/wp\/v2\/product"}],"about":[{"href":"https:\/\/vmsport.fi\/sv\/wp-json\/wp\/v2\/types\/product"}],"replies":[{"embeddable":true,"href":"https:\/\/vmsport.fi\/sv\/wp-json\/wp\/v2\/comments?post=56122"}],"wp:featuredmedia":[{"embeddable":true,"href":"https:\/\/vmsport.fi\/sv\/wp-json\/wp\/v2\/media\/56121"}],"wp:attachment":[{"href":"https:\/\/vmsport.fi\/sv\/wp-json\/wp\/v2\/media?parent=56122"}],"wp:term":[{"taxonomy":"product_brand","embeddable":true,"href":"https:\/\/vmsport.fi\/sv\/wp-json\/wp\/v2\/product_brand?post=56122"},{"taxonomy":"product_model","embeddable":true,"href":"https:\/\/vmsport.fi\/sv\/wp-json\/wp\/v2\/product_model?post=56122"},{"taxonomy":"product_cat","embeddable":true,"href":"https:\/\/vmsport.fi\/sv\/wp-json\/wp\/v2\/product_cat?post=56122"},{"taxonomy":"product_tag","embeddable":true,"href":"https:\/\/vmsport.fi\/sv\/wp-json\/wp\/v2\/product_tag?post=56122"},{"taxonomy":"industry_terminology","embeddable":true,"href":"https:\/\/vmsport.fi\/sv\/wp-json\/wp\/v2\/industry-terminology?post=56122"}],"curies":[{"name":"wp","href":"https:\/\/api.w.org\/{rel}","templated":true}]}}