{"id":56120,"date":"2025-03-06T00:16:11","date_gmt":"2025-03-05T22:16:11","guid":{"rendered":"https:\/\/vmsport.fi\/verkkokauppa\/Ei-luokiteltu\/sks-takalokasuoja-x-blade-dark-26275\/"},"modified":"2026-04-23T14:03:09","modified_gmt":"2026-04-23T11:03:09","slug":"sks-bakre-stankskarm-x-blade-dark-26275","status":"publish","type":"product","link":"https:\/\/vmsport.fi\/sv\/verkkokauppa\/tarvikkeet\/lokasuojat\/takalokasuojat\/sks-takalokasuoja-x-blade-dark-26275\/","title":{"rendered":"SKS Bakre st\u00e4nksk\u00e4rm X-Blade Dark 26\u2033+27,5\u2033"},"content":{"rendered":"<p>SKS X-Blade Dark 26\u2033 + 27,5\u2033 baksk\u00e4rm \u00e4r det perfekta valet f\u00f6r mountainbikecykling och ger utm\u00e4rkt skydd mot st\u00e4nk. Den justerbara frontspoilern och den l\u00e5nga bakspoilern ger ytterligare skydd. St\u00e4nksk\u00e4rmen \u00e4r tillverkad av h\u00f6gkvalitativ tv\u00e5komponentplast och \u00e4r h\u00e5llbar och flexibel. Spoilerns mjuka plastkant skyddar f\u00f6raren n\u00e4r denne kliver p\u00e5 och av cykeln. Sk\u00e4rmen passar ett brett spektrum av d\u00e4ckstorlekar med en maximal bredd p\u00e5 3,0 tum, inklusive 26\u2033 och 27,5\u2033 d\u00e4ck. F\u00f6r enkel installation finns en snabbf\u00e4stningsmekanism som g\u00f6r att st\u00e4nksk\u00e4rmen kan f\u00e4stas s\u00e4kert p\u00e5 n\u00e4stan alla sadelstolpar med starka remmar. Tack vare dual-pin-tekniken kan st\u00e4nksk\u00e4rmen justeras f\u00f6r att passa mountainbikeramar av olika storlek. Den moderna kombinationen av svart och gr\u00e5tt ger din cykel ett snyggt utseende.<\/p>","protected":false},"excerpt":{"rendered":"<p>SKS Takalokasuoja X-Blade Dark 26&#8243; + 27,5&#8243; on t\u00e4ydellinen valinta maastopy\u00f6r\u00e4ilyyn, sill\u00e4 se antaa erinomaisen suojan roiskeilta. S\u00e4\u00e4dett\u00e4v\u00e4 etuspoileri ja pitk\u00e4 takaspoileri lis\u00e4\u00e4v\u00e4t suojan kattavuutta. Laadukkaasta kaksikomponenttisesta muovista valmistettu lokasuoja on kest\u00e4v\u00e4 ja joustava. Spoilerin pehme\u00e4 muovireuna suojaa py\u00f6r\u00e4ilij\u00e4\u00e4 py\u00f6r\u00e4n p\u00e4\u00e4lle noustessa ja siit\u00e4 laskeutuessa. Lokasuoja sopii useisiin eri rengaskokoihin, joiden maksimileveys on 3,0 tuumaa, [&#8230;]<\/p>\n<p><a class=\"btn btn-secondary understrap-read-more-link\" href=\"https:\/\/vmsport.fi\/sv\/verkkokauppa\/tarvikkeet\/lokasuojat\/takalokasuojat\/sks-takalokasuoja-x-blade-dark-26275\/\">L\u00e4s mer \u2026<span class=\"screen-reader-text\"> from SKS Takalokasuoja X-Blade Dark 26&#8243;+27,5&#8243;<\/span><\/a><\/p>\n","protected":false},"featured_media":56119,"comment_status":"open","ping_status":"closed","template":"","meta":{"_acf_changed":false,"_improvement_type_select":"improve_an_existing","_thumb_yes_seoaic":false,"_frame_yes_seoaic":false,"seoaic_generate_description":"","seoaic_improve_instructions_prompt":"","seoaic_rollback_content_improvement":"","seoaic_idea_thumbnail_generator":"","thumbnail_generated":false,"thumbnail_generate_prompt":"","seoaic_article_description":"","_supplier_stock_quantity":0},"product_brand":[1583],"product_model":[],"product_cat":[9572],"product_tag":[],"industry-terminology":[],"class_list":{"0":"post-56120","1":"product","2":"type-product","3":"status-publish","4":"has-post-thumbnail","6":"product_brand-sks-germany","7":"product_cat-takalokasuojat","9":"first","10":"instock","11":"taxable","12":"shipping-taxable","13":"purchasable","14":"product-type-simple"},"acf":{"bike_features":null,"overview":{"copy_overview":null,"key_features":null,"statement":"","youtube_url":""}},"yoast_head":"<!-- This site is optimized with the Yoast SEO plugin v27.4 - https:\/\/yoast.com\/product\/yoast-seo-wordpress\/ -->\n<title>SKS Takalokasuoja X-Blade Dark 26&quot;+27,5&quot; - VM Sport<\/title>\n<meta name=\"robots\" content=\"index, follow, max-snippet:-1, max-image-preview:large, max-video-preview:-1\" \/>\n<link rel=\"canonical\" href=\"https:\/\/vmsport.fi\/sv\/webbutik\/tillbehor\/stankskarmar\/bakre-stankskarmar\/sks-bakre-stankskarm-x-blade-dark-26275\/\" \/>\n<meta property=\"og:locale\" content=\"sv_SE\" \/>\n<meta property=\"og:type\" content=\"article\" \/>\n<meta property=\"og:title\" content=\"SKS Takalokasuoja X-Blade Dark 26&quot;+27,5&quot; - VM Sport\" \/>\n<meta property=\"og:description\" content=\"SKS Takalokasuoja X-Blade Dark 26&#8243; + 27,5&#8243; on t\u00e4ydellinen valinta maastopy\u00f6r\u00e4ilyyn, sill\u00e4 se antaa erinomaisen suojan roiskeilta. S\u00e4\u00e4dett\u00e4v\u00e4 etuspoileri ja pitk\u00e4 takaspoileri lis\u00e4\u00e4v\u00e4t suojan kattavuutta. Laadukkaasta kaksikomponenttisesta muovista valmistettu lokasuoja on kest\u00e4v\u00e4 ja joustava. Spoilerin pehme\u00e4 muovireuna suojaa py\u00f6r\u00e4ilij\u00e4\u00e4 py\u00f6r\u00e4n p\u00e4\u00e4lle noustessa ja siit\u00e4 laskeutuessa. Lokasuoja sopii useisiin eri rengaskokoihin, joiden maksimileveys on 3,0 tuumaa, [...]L\u00e4s mer \u2026 from SKS Takalokasuoja X-Blade Dark 26&#8243;+27,5&#8243;\" \/>\n<meta property=\"og:url\" content=\"https:\/\/vmsport.fi\/sv\/webbutik\/tillbehor\/stankskarmar\/bakre-stankskarmar\/sks-bakre-stankskarm-x-blade-dark-26275\/\" \/>\n<meta property=\"og:site_name\" content=\"VM Sport\" \/>\n<meta property=\"article:publisher\" content=\"https:\/\/www.facebook.com\/Vmsport.fi\/\" \/>\n<meta property=\"article:modified_time\" content=\"2026-04-23T11:03:09+00:00\" \/>\n<meta property=\"og:image\" content=\"https:\/\/vmsport.fi\/wp-content\/uploads\/2025\/03\/11449-3-1.jpg\" \/>\n\t<meta property=\"og:image:width\" content=\"800\" \/>\n\t<meta property=\"og:image:height\" content=\"762\" \/>\n\t<meta property=\"og:image:type\" content=\"image\/jpeg\" \/>\n<meta name=\"twitter:card\" content=\"summary_large_image\" \/>\n<meta name=\"twitter:label1\" content=\"Ber\u00e4knad l\u00e4stid\" \/>\n\t<meta name=\"twitter:data1\" content=\"1 minut\" \/>\n<script type=\"application\/ld+json\" class=\"yoast-schema-graph\">{\"@context\":\"https:\\\/\\\/schema.org\",\"@graph\":[{\"@type\":[\"WebPage\",\"ItemPage\"],\"@id\":\"https:\\\/\\\/vmsport.fi\\\/verkkokauppa\\\/tarvikkeet\\\/lokasuojat\\\/takalokasuojat\\\/sks-takalokasuoja-x-blade-dark-26275\\\/\",\"url\":\"https:\\\/\\\/vmsport.fi\\\/verkkokauppa\\\/tarvikkeet\\\/lokasuojat\\\/takalokasuojat\\\/sks-takalokasuoja-x-blade-dark-26275\\\/\",\"name\":\"SKS Takalokasuoja X-Blade Dark 26\\\"+27,5\\\" - VM Sport\",\"isPartOf\":{\"@id\":\"https:\\\/\\\/vmsport.fi\\\/#website\"},\"primaryImageOfPage\":{\"@id\":\"https:\\\/\\\/vmsport.fi\\\/verkkokauppa\\\/tarvikkeet\\\/lokasuojat\\\/takalokasuojat\\\/sks-takalokasuoja-x-blade-dark-26275\\\/#primaryimage\"},\"image\":{\"@id\":\"https:\\\/\\\/vmsport.fi\\\/verkkokauppa\\\/tarvikkeet\\\/lokasuojat\\\/takalokasuojat\\\/sks-takalokasuoja-x-blade-dark-26275\\\/#primaryimage\"},\"thumbnailUrl\":\"https:\\\/\\\/vmsport.fi\\\/wp-content\\\/uploads\\\/2025\\\/03\\\/11449-3-1.jpg\",\"datePublished\":\"2025-03-05T22:16:11+00:00\",\"dateModified\":\"2026-04-23T11:03:09+00:00\",\"breadcrumb\":{\"@id\":\"https:\\\/\\\/vmsport.fi\\\/verkkokauppa\\\/tarvikkeet\\\/lokasuojat\\\/takalokasuojat\\\/sks-takalokasuoja-x-blade-dark-26275\\\/#breadcrumb\"},\"inLanguage\":\"sv-SE\",\"potentialAction\":[{\"@type\":\"ReadAction\",\"target\":[\"https:\\\/\\\/vmsport.fi\\\/verkkokauppa\\\/tarvikkeet\\\/lokasuojat\\\/takalokasuojat\\\/sks-takalokasuoja-x-blade-dark-26275\\\/\"]}]},{\"@type\":\"ImageObject\",\"inLanguage\":\"sv-SE\",\"@id\":\"https:\\\/\\\/vmsport.fi\\\/verkkokauppa\\\/tarvikkeet\\\/lokasuojat\\\/takalokasuojat\\\/sks-takalokasuoja-x-blade-dark-26275\\\/#primaryimage\",\"url\":\"https:\\\/\\\/vmsport.fi\\\/wp-content\\\/uploads\\\/2025\\\/03\\\/11449-3-1.jpg\",\"contentUrl\":\"https:\\\/\\\/vmsport.fi\\\/wp-content\\\/uploads\\\/2025\\\/03\\\/11449-3-1.jpg\",\"width\":800,\"height\":762,\"caption\":\"11449-3\"},{\"@type\":\"BreadcrumbList\",\"@id\":\"https:\\\/\\\/vmsport.fi\\\/verkkokauppa\\\/tarvikkeet\\\/lokasuojat\\\/takalokasuojat\\\/sks-takalokasuoja-x-blade-dark-26275\\\/#breadcrumb\",\"itemListElement\":[{\"@type\":\"ListItem\",\"position\":1,\"name\":\"Etusivu\",\"item\":\"https:\\\/\\\/vmsport.fi\\\/\"},{\"@type\":\"ListItem\",\"position\":2,\"name\":\"Online Store\",\"item\":\"https:\\\/\\\/vmsport.fi\\\/en\\\/online-store\\\/\"},{\"@type\":\"ListItem\",\"position\":3,\"name\":\"SKS Germany\",\"item\":\"https:\\\/\\\/vmsport.fi\\\/merkki\\\/sks-germany\\\/\"},{\"@type\":\"ListItem\",\"position\":4,\"name\":\"SKS Takalokasuoja X-Blade Dark 26&#8243;+27,5&#8243;\"}]},{\"@type\":\"WebSite\",\"@id\":\"https:\\\/\\\/vmsport.fi\\\/#website\",\"url\":\"https:\\\/\\\/vmsport.fi\\\/\",\"name\":\"Vmsport\",\"description\":\"Kaikki py\u00f6r\u00e4ilyyn yhdest\u00e4 paikasta\",\"publisher\":{\"@id\":\"https:\\\/\\\/vmsport.fi\\\/#organization\"},\"potentialAction\":[{\"@type\":\"SearchAction\",\"target\":{\"@type\":\"EntryPoint\",\"urlTemplate\":\"https:\\\/\\\/vmsport.fi\\\/?s={search_term_string}\"},\"query-input\":{\"@type\":\"PropertyValueSpecification\",\"valueRequired\":true,\"valueName\":\"search_term_string\"}}],\"inLanguage\":\"sv-SE\"},{\"@type\":\"Organization\",\"@id\":\"https:\\\/\\\/vmsport.fi\\\/#organization\",\"name\":\"Vmsport\",\"url\":\"https:\\\/\\\/vmsport.fi\\\/\",\"logo\":{\"@type\":\"ImageObject\",\"inLanguage\":\"sv-SE\",\"@id\":\"https:\\\/\\\/vmsport.fi\\\/#\\\/schema\\\/logo\\\/image\\\/\",\"url\":\"https:\\\/\\\/vmsport.fi\\\/wp-content\\\/uploads\\\/2024\\\/12\\\/vm_sport_RGB_horisontal-e1734526017575.png\",\"contentUrl\":\"https:\\\/\\\/vmsport.fi\\\/wp-content\\\/uploads\\\/2024\\\/12\\\/vm_sport_RGB_horisontal-e1734526017575.png\",\"width\":668,\"height\":85,\"caption\":\"Vmsport\"},\"image\":{\"@id\":\"https:\\\/\\\/vmsport.fi\\\/#\\\/schema\\\/logo\\\/image\\\/\"},\"sameAs\":[\"https:\\\/\\\/www.facebook.com\\\/Vmsport.fi\\\/\",\"https:\\\/\\\/www.instagram.com\\\/vmsport\\\/\"]}]}<\/script>\n<!-- \/ Yoast SEO plugin. -->","yoast_head_json":{"title":"SKS St\u00e4nksk\u00e4rm bak X-Blade Dark 26\"+27,5\" - VM Sport","robots":{"index":"index","follow":"follow","max-snippet":"max-snippet:-1","max-image-preview":"max-image-preview:large","max-video-preview":"max-video-preview:-1"},"canonical":"https:\/\/vmsport.fi\/sv\/webbutik\/tillbehor\/stankskarmar\/bakre-stankskarmar\/sks-bakre-stankskarm-x-blade-dark-26275\/","og_locale":"sv_SE","og_type":"article","og_title":"SKS Takalokasuoja X-Blade Dark 26\"+27,5\" - VM Sport","og_description":"SKS Takalokasuoja X-Blade Dark 26&#8243; + 27,5&#8243; on t\u00e4ydellinen valinta maastopy\u00f6r\u00e4ilyyn, sill\u00e4 se antaa erinomaisen suojan roiskeilta. S\u00e4\u00e4dett\u00e4v\u00e4 etuspoileri ja pitk\u00e4 takaspoileri lis\u00e4\u00e4v\u00e4t suojan kattavuutta. Laadukkaasta kaksikomponenttisesta muovista valmistettu lokasuoja on kest\u00e4v\u00e4 ja joustava. Spoilerin pehme\u00e4 muovireuna suojaa py\u00f6r\u00e4ilij\u00e4\u00e4 py\u00f6r\u00e4n p\u00e4\u00e4lle noustessa ja siit\u00e4 laskeutuessa. Lokasuoja sopii useisiin eri rengaskokoihin, joiden maksimileveys on 3,0 tuumaa, [...]L\u00e4s mer \u2026 from SKS Takalokasuoja X-Blade Dark 26&#8243;+27,5&#8243;","og_url":"https:\/\/vmsport.fi\/sv\/webbutik\/tillbehor\/stankskarmar\/bakre-stankskarmar\/sks-bakre-stankskarm-x-blade-dark-26275\/","og_site_name":"VM Sport","article_publisher":"https:\/\/www.facebook.com\/Vmsport.fi\/","article_modified_time":"2026-04-23T11:03:09+00:00","og_image":[{"width":800,"height":762,"url":"https:\/\/vmsport.fi\/wp-content\/uploads\/2025\/03\/11449-3-1.jpg","type":"image\/jpeg"}],"twitter_card":"summary_large_image","twitter_misc":{"Ber\u00e4knad l\u00e4stid":"1 minut"},"schema":{"@context":"https:\/\/schema.org","@graph":[{"@type":["WebPage","ItemPage"],"@id":"https:\/\/vmsport.fi\/verkkokauppa\/tarvikkeet\/lokasuojat\/takalokasuojat\/sks-takalokasuoja-x-blade-dark-26275\/","url":"https:\/\/vmsport.fi\/verkkokauppa\/tarvikkeet\/lokasuojat\/takalokasuojat\/sks-takalokasuoja-x-blade-dark-26275\/","name":"SKS St\u00e4nksk\u00e4rm bak X-Blade Dark 26\"+27,5\" - VM Sport","isPartOf":{"@id":"https:\/\/vmsport.fi\/#website"},"primaryImageOfPage":{"@id":"https:\/\/vmsport.fi\/verkkokauppa\/tarvikkeet\/lokasuojat\/takalokasuojat\/sks-takalokasuoja-x-blade-dark-26275\/#primaryimage"},"image":{"@id":"https:\/\/vmsport.fi\/verkkokauppa\/tarvikkeet\/lokasuojat\/takalokasuojat\/sks-takalokasuoja-x-blade-dark-26275\/#primaryimage"},"thumbnailUrl":"https:\/\/vmsport.fi\/wp-content\/uploads\/2025\/03\/11449-3-1.jpg","datePublished":"2025-03-05T22:16:11+00:00","dateModified":"2026-04-23T11:03:09+00:00","breadcrumb":{"@id":"https:\/\/vmsport.fi\/verkkokauppa\/tarvikkeet\/lokasuojat\/takalokasuojat\/sks-takalokasuoja-x-blade-dark-26275\/#breadcrumb"},"inLanguage":"sv-SE","potentialAction":[{"@type":"ReadAction","target":["https:\/\/vmsport.fi\/verkkokauppa\/tarvikkeet\/lokasuojat\/takalokasuojat\/sks-takalokasuoja-x-blade-dark-26275\/"]}]},{"@type":"ImageObject","inLanguage":"sv-SE","@id":"https:\/\/vmsport.fi\/verkkokauppa\/tarvikkeet\/lokasuojat\/takalokasuojat\/sks-takalokasuoja-x-blade-dark-26275\/#primaryimage","url":"https:\/\/vmsport.fi\/wp-content\/uploads\/2025\/03\/11449-3-1.jpg","contentUrl":"https:\/\/vmsport.fi\/wp-content\/uploads\/2025\/03\/11449-3-1.jpg","width":800,"height":762,"caption":"11449-3"},{"@type":"BreadcrumbList","@id":"https:\/\/vmsport.fi\/verkkokauppa\/tarvikkeet\/lokasuojat\/takalokasuojat\/sks-takalokasuoja-x-blade-dark-26275\/#breadcrumb","itemListElement":[{"@type":"ListItem","position":1,"name":"Etusivu","item":"https:\/\/vmsport.fi\/"},{"@type":"ListItem","position":2,"name":"Online Store","item":"https:\/\/vmsport.fi\/en\/online-store\/"},{"@type":"ListItem","position":3,"name":"SKS Germany","item":"https:\/\/vmsport.fi\/merkki\/sks-germany\/"},{"@type":"ListItem","position":4,"name":"SKS Takalokasuoja X-Blade Dark 26&#8243;+27,5&#8243;"}]},{"@type":"WebSite","@id":"https:\/\/vmsport.fi\/#website","url":"https:\/\/vmsport.fi\/","name":"Vmsport","description":"Allt p\u00e5 ett st\u00e4lle f\u00f6r cykling","publisher":{"@id":"https:\/\/vmsport.fi\/#organization"},"potentialAction":[{"@type":"SearchAction","target":{"@type":"EntryPoint","urlTemplate":"https:\/\/vmsport.fi\/?s={search_term_string}"},"query-input":{"@type":"PropertyValueSpecification","valueRequired":true,"valueName":"search_term_string"}}],"inLanguage":"sv-SE"},{"@type":"Organization","@id":"https:\/\/vmsport.fi\/#organization","name":"Vmsport","url":"https:\/\/vmsport.fi\/","logo":{"@type":"ImageObject","inLanguage":"sv-SE","@id":"https:\/\/vmsport.fi\/#\/schema\/logo\/image\/","url":"https:\/\/vmsport.fi\/wp-content\/uploads\/2024\/12\/vm_sport_RGB_horisontal-e1734526017575.png","contentUrl":"https:\/\/vmsport.fi\/wp-content\/uploads\/2024\/12\/vm_sport_RGB_horisontal-e1734526017575.png","width":668,"height":85,"caption":"Vmsport"},"image":{"@id":"https:\/\/vmsport.fi\/#\/schema\/logo\/image\/"},"sameAs":["https:\/\/www.facebook.com\/Vmsport.fi\/","https:\/\/www.instagram.com\/vmsport\/"]}]}},"global_unique_id":"","_links":{"self":[{"href":"https:\/\/vmsport.fi\/sv\/wp-json\/wp\/v2\/product\/56120","targetHints":{"allow":["GET"]}}],"collection":[{"href":"https:\/\/vmsport.fi\/sv\/wp-json\/wp\/v2\/product"}],"about":[{"href":"https:\/\/vmsport.fi\/sv\/wp-json\/wp\/v2\/types\/product"}],"replies":[{"embeddable":true,"href":"https:\/\/vmsport.fi\/sv\/wp-json\/wp\/v2\/comments?post=56120"}],"wp:featuredmedia":[{"embeddable":true,"href":"https:\/\/vmsport.fi\/sv\/wp-json\/wp\/v2\/media\/56119"}],"wp:attachment":[{"href":"https:\/\/vmsport.fi\/sv\/wp-json\/wp\/v2\/media?parent=56120"}],"wp:term":[{"taxonomy":"product_brand","embeddable":true,"href":"https:\/\/vmsport.fi\/sv\/wp-json\/wp\/v2\/product_brand?post=56120"},{"taxonomy":"product_model","embeddable":true,"href":"https:\/\/vmsport.fi\/sv\/wp-json\/wp\/v2\/product_model?post=56120"},{"taxonomy":"product_cat","embeddable":true,"href":"https:\/\/vmsport.fi\/sv\/wp-json\/wp\/v2\/product_cat?post=56120"},{"taxonomy":"product_tag","embeddable":true,"href":"https:\/\/vmsport.fi\/sv\/wp-json\/wp\/v2\/product_tag?post=56120"},{"taxonomy":"industry_terminology","embeddable":true,"href":"https:\/\/vmsport.fi\/sv\/wp-json\/wp\/v2\/industry-terminology?post=56120"}],"curies":[{"name":"wp","href":"https:\/\/api.w.org\/{rel}","templated":true}]}}