{"id":56106,"date":"2025-03-06T00:16:03","date_gmt":"2025-03-05T22:16:03","guid":{"rendered":"https:\/\/vmsport.fi\/verkkokauppa\/Ei-luokiteltu\/jarrupala-g05s-resin-pad-and-spring-with-split-pin\/"},"modified":"2026-02-11T16:58:16","modified_gmt":"2026-02-11T14:58:16","slug":"jarrupala-g05s-hartsdyna-och-fjader-med-delad-stift","status":"publish","type":"product","link":"https:\/\/vmsport.fi\/sv\/verkkokauppa\/varaosat\/jarrut\/jarrupalat\/jarrupala-g05s-resin-pad-and-spring-with-split-pin\/","title":{"rendered":"Jarrupala G05S Kudde och fj\u00e4der av harts med delad stift"},"content":{"rendered":"<p>G05S Resin-bromsbel\u00e4gget \u00e4r speciellt utformat f\u00f6r cykling. Den har en slitstark fj\u00e4der och ett l\u00e4ttanv\u00e4nt och s\u00e4kert l\u00e5sstift. Detta bromsbel\u00e4gg ger tillf\u00f6rlitlig och tyst bromsprestanda och \u00e4r perfekt f\u00f6r m\u00e5nga olika typer av k\u00f6rf\u00f6rh\u00e5llanden. Dess hartsyta ger j\u00e4mn friktion, vilket f\u00f6rb\u00e4ttrar hjulets styrbarhet och bromsnoggrannheten. Det h\u00e4r cykeltillbeh\u00f6ret \u00e4r det perfekta valet f\u00f6r dig som v\u00e4rdes\u00e4tter en kombination av prestanda och h\u00e5llbarhet.<\/p>","protected":false},"excerpt":{"rendered":"<p>Jarrupala G05S Resin on suunniteltu erityisesti py\u00f6r\u00e4ilyyn. Se sis\u00e4lt\u00e4\u00e4 kest\u00e4v\u00e4n jousen sek\u00e4 helppok\u00e4ytt\u00f6isen ja turvallisen lukitustapin. T\u00e4ss\u00e4 jarrupalassa on luotettava ja hiljainen jarrutusteho, joka sopii erinomaisesti monenlaisiin ajo-olosuhteisiin. Sen hartsipinta varmistaa tasaisen kitkan, mik\u00e4 parantaa py\u00f6r\u00e4n hallittavuutta ja jarrutustarkkuutta. T\u00e4m\u00e4 py\u00f6r\u00e4ilytarvike on ihanteellinen valinta niille, jotka arvostavat suorituskyvyn ja kest\u00e4vyyden yhdistelm\u00e4\u00e4. [&#8230;]<\/p>\n<p><a class=\"btn btn-secondary understrap-read-more-link\" href=\"https:\/\/vmsport.fi\/sv\/verkkokauppa\/varaosat\/jarrut\/jarrupalat\/jarrupala-g05s-resin-pad-and-spring-with-split-pin\/\">L\u00e4s mer \u2026<span class=\"screen-reader-text\"> from Jarrupala G05S Resin pad and spring with split pin<\/span><\/a><\/p>\n","protected":false},"featured_media":56104,"comment_status":"open","ping_status":"closed","template":"","meta":{"_acf_changed":false,"_improvement_type_select":"improve_an_existing","_thumb_yes_seoaic":false,"_frame_yes_seoaic":false,"seoaic_generate_description":"","seoaic_improve_instructions_prompt":"","seoaic_rollback_content_improvement":"","seoaic_idea_thumbnail_generator":"","thumbnail_generated":false,"thumbnail_generate_prompt":"","seoaic_article_description":"","_supplier_stock_quantity":0},"product_brand":[],"product_model":[],"product_cat":[9288],"product_tag":[],"industry-terminology":[],"class_list":{"0":"post-56106","1":"product","2":"type-product","3":"status-publish","4":"has-post-thumbnail","6":"product_cat-jarrupalat","8":"first","9":"outofstock","10":"taxable","11":"shipping-taxable","12":"product-type-simple"},"acf":{"bike_features":null,"overview":{"copy_overview":null,"key_features":null,"statement":"","youtube_url":""}},"yoast_head":"<!-- This site is optimized with the Yoast SEO plugin v27.3 - https:\/\/yoast.com\/product\/yoast-seo-wordpress\/ -->\n<title>Jarrupala G05S Resin pad and spring with split pin - VM Sport<\/title>\n<meta name=\"robots\" content=\"index, follow, max-snippet:-1, max-image-preview:large, max-video-preview:-1\" \/>\n<link rel=\"canonical\" href=\"https:\/\/vmsport.fi\/sv\/webbutik\/reservdelar\/bromsar\/bromsbelagg\/jarrupala-g05s-hartsdyna-och-fjader-med-delad-stift\/\" \/>\n<meta property=\"og:locale\" content=\"sv_SE\" \/>\n<meta property=\"og:type\" content=\"article\" \/>\n<meta property=\"og:title\" content=\"Jarrupala G05S Resin pad and spring with split pin - VM Sport\" \/>\n<meta property=\"og:description\" content=\"Jarrupala G05S Resin on suunniteltu erityisesti py\u00f6r\u00e4ilyyn. Se sis\u00e4lt\u00e4\u00e4 kest\u00e4v\u00e4n jousen sek\u00e4 helppok\u00e4ytt\u00f6isen ja turvallisen lukitustapin. T\u00e4ss\u00e4 jarrupalassa on luotettava ja hiljainen jarrutusteho, joka sopii erinomaisesti monenlaisiin ajo-olosuhteisiin. Sen hartsipinta varmistaa tasaisen kitkan, mik\u00e4 parantaa py\u00f6r\u00e4n hallittavuutta ja jarrutustarkkuutta. T\u00e4m\u00e4 py\u00f6r\u00e4ilytarvike on ihanteellinen valinta niille, jotka arvostavat suorituskyvyn ja kest\u00e4vyyden yhdistelm\u00e4\u00e4. [...]L\u00e4s mer \u2026 from Jarrupala G05S Resin pad and spring with split pin\" \/>\n<meta property=\"og:url\" content=\"https:\/\/vmsport.fi\/sv\/webbutik\/reservdelar\/bromsar\/bromsbelagg\/jarrupala-g05s-hartsdyna-och-fjader-med-delad-stift\/\" \/>\n<meta property=\"og:site_name\" content=\"VM Sport\" \/>\n<meta property=\"article:publisher\" content=\"https:\/\/www.facebook.com\/Vmsport.fi\/\" \/>\n<meta property=\"article:modified_time\" content=\"2026-02-11T14:58:16+00:00\" \/>\n<meta property=\"og:image\" content=\"https:\/\/vmsport.fi\/wp-content\/uploads\/2025\/03\/EBPG05SRXA-G05S-RX-1-jpg-thumb-572-572-1.png\" \/>\n\t<meta property=\"og:image:width\" content=\"572\" \/>\n\t<meta property=\"og:image:height\" content=\"572\" \/>\n\t<meta property=\"og:image:type\" content=\"image\/png\" \/>\n<meta name=\"twitter:card\" content=\"summary_large_image\" \/>\n<script type=\"application\/ld+json\" class=\"yoast-schema-graph\">{\"@context\":\"https:\\\/\\\/schema.org\",\"@graph\":[{\"@type\":[\"WebPage\",\"ItemPage\"],\"@id\":\"https:\\\/\\\/vmsport.fi\\\/verkkokauppa\\\/varaosat\\\/jarrut\\\/jarrupalat\\\/jarrupala-g05s-resin-pad-and-spring-with-split-pin\\\/\",\"url\":\"https:\\\/\\\/vmsport.fi\\\/verkkokauppa\\\/varaosat\\\/jarrut\\\/jarrupalat\\\/jarrupala-g05s-resin-pad-and-spring-with-split-pin\\\/\",\"name\":\"Jarrupala G05S Resin pad and spring with split pin - VM Sport\",\"isPartOf\":{\"@id\":\"https:\\\/\\\/vmsport.fi\\\/#website\"},\"primaryImageOfPage\":{\"@id\":\"https:\\\/\\\/vmsport.fi\\\/verkkokauppa\\\/varaosat\\\/jarrut\\\/jarrupalat\\\/jarrupala-g05s-resin-pad-and-spring-with-split-pin\\\/#primaryimage\"},\"image\":{\"@id\":\"https:\\\/\\\/vmsport.fi\\\/verkkokauppa\\\/varaosat\\\/jarrut\\\/jarrupalat\\\/jarrupala-g05s-resin-pad-and-spring-with-split-pin\\\/#primaryimage\"},\"thumbnailUrl\":\"https:\\\/\\\/vmsport.fi\\\/wp-content\\\/uploads\\\/2025\\\/03\\\/EBPG05SRXA-G05S-RX-1-jpg-thumb-572-572-1.png\",\"datePublished\":\"2025-03-05T22:16:03+00:00\",\"dateModified\":\"2026-02-11T14:58:16+00:00\",\"breadcrumb\":{\"@id\":\"https:\\\/\\\/vmsport.fi\\\/verkkokauppa\\\/varaosat\\\/jarrut\\\/jarrupalat\\\/jarrupala-g05s-resin-pad-and-spring-with-split-pin\\\/#breadcrumb\"},\"inLanguage\":\"sv-SE\",\"potentialAction\":[{\"@type\":\"ReadAction\",\"target\":[\"https:\\\/\\\/vmsport.fi\\\/verkkokauppa\\\/varaosat\\\/jarrut\\\/jarrupalat\\\/jarrupala-g05s-resin-pad-and-spring-with-split-pin\\\/\"]}]},{\"@type\":\"ImageObject\",\"inLanguage\":\"sv-SE\",\"@id\":\"https:\\\/\\\/vmsport.fi\\\/verkkokauppa\\\/varaosat\\\/jarrut\\\/jarrupalat\\\/jarrupala-g05s-resin-pad-and-spring-with-split-pin\\\/#primaryimage\",\"url\":\"https:\\\/\\\/vmsport.fi\\\/wp-content\\\/uploads\\\/2025\\\/03\\\/EBPG05SRXA-G05S-RX-1-jpg-thumb-572-572-1.png\",\"contentUrl\":\"https:\\\/\\\/vmsport.fi\\\/wp-content\\\/uploads\\\/2025\\\/03\\\/EBPG05SRXA-G05S-RX-1-jpg-thumb-572-572-1.png\",\"width\":572,\"height\":572,\"caption\":\"EBPG05SRXA-G05S-RX-1-jpg-thumb-572-572\"},{\"@type\":\"BreadcrumbList\",\"@id\":\"https:\\\/\\\/vmsport.fi\\\/verkkokauppa\\\/varaosat\\\/jarrut\\\/jarrupalat\\\/jarrupala-g05s-resin-pad-and-spring-with-split-pin\\\/#breadcrumb\",\"itemListElement\":[{\"@type\":\"ListItem\",\"position\":1,\"name\":\"Etusivu\",\"item\":\"https:\\\/\\\/vmsport.fi\\\/\"},{\"@type\":\"ListItem\",\"position\":2,\"name\":\"Online Store\",\"item\":\"https:\\\/\\\/vmsport.fi\\\/en\\\/online-store\\\/\"},{\"@type\":\"ListItem\",\"position\":3,\"name\":\"Jarrupala G05S Resin pad and spring with split pin\"}]},{\"@type\":\"WebSite\",\"@id\":\"https:\\\/\\\/vmsport.fi\\\/#website\",\"url\":\"https:\\\/\\\/vmsport.fi\\\/\",\"name\":\"Vmsport\",\"description\":\"Kaikki py\u00f6r\u00e4ilyyn yhdest\u00e4 paikasta\",\"publisher\":{\"@id\":\"https:\\\/\\\/vmsport.fi\\\/#organization\"},\"potentialAction\":[{\"@type\":\"SearchAction\",\"target\":{\"@type\":\"EntryPoint\",\"urlTemplate\":\"https:\\\/\\\/vmsport.fi\\\/?s={search_term_string}\"},\"query-input\":{\"@type\":\"PropertyValueSpecification\",\"valueRequired\":true,\"valueName\":\"search_term_string\"}}],\"inLanguage\":\"sv-SE\"},{\"@type\":\"Organization\",\"@id\":\"https:\\\/\\\/vmsport.fi\\\/#organization\",\"name\":\"Vmsport\",\"url\":\"https:\\\/\\\/vmsport.fi\\\/\",\"logo\":{\"@type\":\"ImageObject\",\"inLanguage\":\"sv-SE\",\"@id\":\"https:\\\/\\\/vmsport.fi\\\/#\\\/schema\\\/logo\\\/image\\\/\",\"url\":\"https:\\\/\\\/vmsport.fi\\\/wp-content\\\/uploads\\\/2024\\\/12\\\/vm_sport_RGB_horisontal-e1734526017575.png\",\"contentUrl\":\"https:\\\/\\\/vmsport.fi\\\/wp-content\\\/uploads\\\/2024\\\/12\\\/vm_sport_RGB_horisontal-e1734526017575.png\",\"width\":668,\"height\":85,\"caption\":\"Vmsport\"},\"image\":{\"@id\":\"https:\\\/\\\/vmsport.fi\\\/#\\\/schema\\\/logo\\\/image\\\/\"},\"sameAs\":[\"https:\\\/\\\/www.facebook.com\\\/Vmsport.fi\\\/\",\"https:\\\/\\\/www.instagram.com\\\/vmsport\\\/\"]}]}<\/script>\n<!-- \/ Yoast SEO plugin. -->","yoast_head_json":{"title":"Jarrupala G05S Resin pad och fj\u00e4der med split pin - VM Sport","robots":{"index":"index","follow":"follow","max-snippet":"max-snippet:-1","max-image-preview":"max-image-preview:large","max-video-preview":"max-video-preview:-1"},"canonical":"https:\/\/vmsport.fi\/sv\/webbutik\/reservdelar\/bromsar\/bromsbelagg\/jarrupala-g05s-hartsdyna-och-fjader-med-delad-stift\/","og_locale":"sv_SE","og_type":"article","og_title":"Jarrupala G05S Resin pad and spring with split pin - VM Sport","og_description":"Jarrupala G05S Resin on suunniteltu erityisesti py\u00f6r\u00e4ilyyn. Se sis\u00e4lt\u00e4\u00e4 kest\u00e4v\u00e4n jousen sek\u00e4 helppok\u00e4ytt\u00f6isen ja turvallisen lukitustapin. T\u00e4ss\u00e4 jarrupalassa on luotettava ja hiljainen jarrutusteho, joka sopii erinomaisesti monenlaisiin ajo-olosuhteisiin. Sen hartsipinta varmistaa tasaisen kitkan, mik\u00e4 parantaa py\u00f6r\u00e4n hallittavuutta ja jarrutustarkkuutta. T\u00e4m\u00e4 py\u00f6r\u00e4ilytarvike on ihanteellinen valinta niille, jotka arvostavat suorituskyvyn ja kest\u00e4vyyden yhdistelm\u00e4\u00e4. [...]L\u00e4s mer \u2026 from Jarrupala G05S Resin pad and spring with split pin","og_url":"https:\/\/vmsport.fi\/sv\/webbutik\/reservdelar\/bromsar\/bromsbelagg\/jarrupala-g05s-hartsdyna-och-fjader-med-delad-stift\/","og_site_name":"VM Sport","article_publisher":"https:\/\/www.facebook.com\/Vmsport.fi\/","article_modified_time":"2026-02-11T14:58:16+00:00","og_image":[{"width":572,"height":572,"url":"https:\/\/vmsport.fi\/wp-content\/uploads\/2025\/03\/EBPG05SRXA-G05S-RX-1-jpg-thumb-572-572-1.png","type":"image\/png"}],"twitter_card":"summary_large_image","schema":{"@context":"https:\/\/schema.org","@graph":[{"@type":["WebPage","ItemPage"],"@id":"https:\/\/vmsport.fi\/verkkokauppa\/varaosat\/jarrut\/jarrupalat\/jarrupala-g05s-resin-pad-and-spring-with-split-pin\/","url":"https:\/\/vmsport.fi\/verkkokauppa\/varaosat\/jarrut\/jarrupalat\/jarrupala-g05s-resin-pad-and-spring-with-split-pin\/","name":"Jarrupala G05S Resin pad och fj\u00e4der med split pin - VM Sport","isPartOf":{"@id":"https:\/\/vmsport.fi\/#website"},"primaryImageOfPage":{"@id":"https:\/\/vmsport.fi\/verkkokauppa\/varaosat\/jarrut\/jarrupalat\/jarrupala-g05s-resin-pad-and-spring-with-split-pin\/#primaryimage"},"image":{"@id":"https:\/\/vmsport.fi\/verkkokauppa\/varaosat\/jarrut\/jarrupalat\/jarrupala-g05s-resin-pad-and-spring-with-split-pin\/#primaryimage"},"thumbnailUrl":"https:\/\/vmsport.fi\/wp-content\/uploads\/2025\/03\/EBPG05SRXA-G05S-RX-1-jpg-thumb-572-572-1.png","datePublished":"2025-03-05T22:16:03+00:00","dateModified":"2026-02-11T14:58:16+00:00","breadcrumb":{"@id":"https:\/\/vmsport.fi\/verkkokauppa\/varaosat\/jarrut\/jarrupalat\/jarrupala-g05s-resin-pad-and-spring-with-split-pin\/#breadcrumb"},"inLanguage":"sv-SE","potentialAction":[{"@type":"ReadAction","target":["https:\/\/vmsport.fi\/verkkokauppa\/varaosat\/jarrut\/jarrupalat\/jarrupala-g05s-resin-pad-and-spring-with-split-pin\/"]}]},{"@type":"ImageObject","inLanguage":"sv-SE","@id":"https:\/\/vmsport.fi\/verkkokauppa\/varaosat\/jarrut\/jarrupalat\/jarrupala-g05s-resin-pad-and-spring-with-split-pin\/#primaryimage","url":"https:\/\/vmsport.fi\/wp-content\/uploads\/2025\/03\/EBPG05SRXA-G05S-RX-1-jpg-thumb-572-572-1.png","contentUrl":"https:\/\/vmsport.fi\/wp-content\/uploads\/2025\/03\/EBPG05SRXA-G05S-RX-1-jpg-thumb-572-572-1.png","width":572,"height":572,"caption":"EBPG05SRXA-G05S-RX-1-jpg-thumb-572-572"},{"@type":"BreadcrumbList","@id":"https:\/\/vmsport.fi\/verkkokauppa\/varaosat\/jarrut\/jarrupalat\/jarrupala-g05s-resin-pad-and-spring-with-split-pin\/#breadcrumb","itemListElement":[{"@type":"ListItem","position":1,"name":"Etusivu","item":"https:\/\/vmsport.fi\/"},{"@type":"ListItem","position":2,"name":"Online Store","item":"https:\/\/vmsport.fi\/en\/online-store\/"},{"@type":"ListItem","position":3,"name":"Jarrupala G05S Resin pad and spring with split pin"}]},{"@type":"WebSite","@id":"https:\/\/vmsport.fi\/#website","url":"https:\/\/vmsport.fi\/","name":"Vmsport","description":"Allt p\u00e5 ett st\u00e4lle f\u00f6r cykling","publisher":{"@id":"https:\/\/vmsport.fi\/#organization"},"potentialAction":[{"@type":"SearchAction","target":{"@type":"EntryPoint","urlTemplate":"https:\/\/vmsport.fi\/?s={search_term_string}"},"query-input":{"@type":"PropertyValueSpecification","valueRequired":true,"valueName":"search_term_string"}}],"inLanguage":"sv-SE"},{"@type":"Organization","@id":"https:\/\/vmsport.fi\/#organization","name":"Vmsport","url":"https:\/\/vmsport.fi\/","logo":{"@type":"ImageObject","inLanguage":"sv-SE","@id":"https:\/\/vmsport.fi\/#\/schema\/logo\/image\/","url":"https:\/\/vmsport.fi\/wp-content\/uploads\/2024\/12\/vm_sport_RGB_horisontal-e1734526017575.png","contentUrl":"https:\/\/vmsport.fi\/wp-content\/uploads\/2024\/12\/vm_sport_RGB_horisontal-e1734526017575.png","width":668,"height":85,"caption":"Vmsport"},"image":{"@id":"https:\/\/vmsport.fi\/#\/schema\/logo\/image\/"},"sameAs":["https:\/\/www.facebook.com\/Vmsport.fi\/","https:\/\/www.instagram.com\/vmsport\/"]}]}},"global_unique_id":"","_links":{"self":[{"href":"https:\/\/vmsport.fi\/sv\/wp-json\/wp\/v2\/product\/56106","targetHints":{"allow":["GET"]}}],"collection":[{"href":"https:\/\/vmsport.fi\/sv\/wp-json\/wp\/v2\/product"}],"about":[{"href":"https:\/\/vmsport.fi\/sv\/wp-json\/wp\/v2\/types\/product"}],"replies":[{"embeddable":true,"href":"https:\/\/vmsport.fi\/sv\/wp-json\/wp\/v2\/comments?post=56106"}],"wp:featuredmedia":[{"embeddable":true,"href":"https:\/\/vmsport.fi\/sv\/wp-json\/wp\/v2\/media\/56104"}],"wp:attachment":[{"href":"https:\/\/vmsport.fi\/sv\/wp-json\/wp\/v2\/media?parent=56106"}],"wp:term":[{"taxonomy":"product_brand","embeddable":true,"href":"https:\/\/vmsport.fi\/sv\/wp-json\/wp\/v2\/product_brand?post=56106"},{"taxonomy":"product_model","embeddable":true,"href":"https:\/\/vmsport.fi\/sv\/wp-json\/wp\/v2\/product_model?post=56106"},{"taxonomy":"product_cat","embeddable":true,"href":"https:\/\/vmsport.fi\/sv\/wp-json\/wp\/v2\/product_cat?post=56106"},{"taxonomy":"product_tag","embeddable":true,"href":"https:\/\/vmsport.fi\/sv\/wp-json\/wp\/v2\/product_tag?post=56106"},{"taxonomy":"industry_terminology","embeddable":true,"href":"https:\/\/vmsport.fi\/sv\/wp-json\/wp\/v2\/industry-terminology?post=56106"}],"curies":[{"name":"wp","href":"https:\/\/api.w.org\/{rel}","templated":true}]}}