{"id":56100,"date":"2025-03-06T00:16:00","date_gmt":"2025-03-05T22:16:00","guid":{"rendered":"https:\/\/vmsport.fi\/verkkokauppa\/Ei-luokiteltu\/poljin-9-16-pfc-mtb-bmx-thermoplastic-musta-teollisuuslaakerit-vaihdettavat\/"},"modified":"2026-01-16T13:26:13","modified_gmt":"2026-01-16T11:26:13","slug":"poljin-9-16-pfc-mtb-bmx-termoplast-svart-industrilager-utbytbara","status":"publish","type":"product","link":"https:\/\/vmsport.fi\/sv\/verkkokauppa\/varaosat\/polkimet\/flat-bmx-ja-dh-polkimet\/poljin-9-16-pfc-mtb-bmx-thermoplastic-musta-teollisuuslaakerit-vaihdettavat\/","title":{"rendered":"Pedal 9\/16\u2033 PFC MTB\/BMX, termoplast, svart, industrilager, utbytbar"},"content":{"rendered":"<p>Den h\u00e4r 9\/16-tumspedalen \u00e4r s\u00e4rskilt utformad f\u00f6r mountainbikes och BMX-cyklar och erbjuder en utm\u00e4rkt kombination av h\u00e5llbarhet och prestanda. Termoplastiskt material g\u00f6r pedalen l\u00e4tt men h\u00e5llbar, medan h\u00f6gkvalitativa lager s\u00e4kerst\u00e4ller j\u00e4mn rotation under alla k\u00f6rf\u00f6rh\u00e5llanden. Den svarta finishen ger en elegant look, medan de utbytbara pinnarna f\u00f6rb\u00e4ttrar greppet och s\u00e4kerheten. Pedalen \u00e4r utrustad med dessa egenskaper och \u00e4r idealisk f\u00f6r b\u00e5de amat\u00f6rer och kr\u00e4vande cyklister.<\/p>","protected":false},"excerpt":{"rendered":"<p>T\u00e4m\u00e4 9\/16 tuuman poljin, suunniteltu erityisesti maasto- ja BMX-py\u00f6riin, tarjoaa erinomaisen yhdistelm\u00e4n kest\u00e4vyytt\u00e4 ja suorituskyky\u00e4. Termoplastinen materiaali tekee polkimesta kevyen mutta kest\u00e4v\u00e4n, kun taas korkealaatuiset laakerit takaavat sujuvan py\u00f6rimisen kaikissa ajo-olosuhteissa. Musta viimeistely antaa tyylikk\u00e4\u00e4n ulkon\u00e4\u00f6n, ja vaihdettavat tapit parantavat pitoa ja turvallisuutta. N\u00e4ill\u00e4 ominaisuuksilla varusteltu poljin sopii erinomaisesti sek\u00e4 harrastajille ett\u00e4 vaativille py\u00f6r\u00e4ilij\u00f6ille. [&#8230;]<\/p>\n<p><a class=\"btn btn-secondary understrap-read-more-link\" href=\"https:\/\/vmsport.fi\/sv\/verkkokauppa\/varaosat\/polkimet\/flat-bmx-ja-dh-polkimet\/poljin-9-16-pfc-mtb-bmx-thermoplastic-musta-teollisuuslaakerit-vaihdettavat\/\">L\u00e4s mer \u2026<span class=\"screen-reader-text\"> from Poljin 9\/16&#8243; PFC MTB\/BMX, thermoplastic, musta, teollisuuslaakerit, vaihdettavat<\/span><\/a><\/p>\n","protected":false},"featured_media":56099,"comment_status":"open","ping_status":"closed","template":"","meta":{"_acf_changed":false,"_improvement_type_select":"improve_an_existing","_thumb_yes_seoaic":false,"_frame_yes_seoaic":false,"seoaic_generate_description":"","seoaic_improve_instructions_prompt":"","seoaic_rollback_content_improvement":"","seoaic_idea_thumbnail_generator":"","thumbnail_generated":false,"thumbnail_generate_prompt":"","seoaic_article_description":"","_supplier_stock_quantity":0},"product_brand":[],"product_model":[],"product_cat":[9308],"product_tag":[],"industry-terminology":[],"class_list":{"0":"post-56100","1":"product","2":"type-product","3":"status-publish","4":"has-post-thumbnail","6":"product_cat-flat-bmx-ja-dh-polkimet","8":"first","9":"outofstock","10":"taxable","11":"shipping-taxable","12":"product-type-simple"},"acf":{"bike_features":null,"overview":{"copy_overview":null,"key_features":null,"statement":"","youtube_url":""}},"yoast_head":"<!-- This site is optimized with the Yoast SEO plugin v27.3 - https:\/\/yoast.com\/product\/yoast-seo-wordpress\/ -->\n<title>Poljin 9\/16&quot; PFC MTB\/BMX, thermoplastic, musta, teollisuuslaakerit, vaihdettavat - VM Sport<\/title>\n<meta name=\"robots\" content=\"index, follow, max-snippet:-1, max-image-preview:large, max-video-preview:-1\" \/>\n<link rel=\"canonical\" href=\"https:\/\/vmsport.fi\/sv\/webbutik\/reservdelar\/pedaler\/platta-bmx-och-dh-pedaler\/poljin-9-16-pfc-mtb-bmx-termoplast-svart-industrilager-utbytbara\/\" \/>\n<meta property=\"og:locale\" content=\"sv_SE\" \/>\n<meta property=\"og:type\" content=\"article\" \/>\n<meta property=\"og:title\" content=\"Poljin 9\/16&quot; PFC MTB\/BMX, thermoplastic, musta, teollisuuslaakerit, vaihdettavat - VM Sport\" \/>\n<meta property=\"og:description\" content=\"T\u00e4m\u00e4 9\/16 tuuman poljin, suunniteltu erityisesti maasto- ja BMX-py\u00f6riin, tarjoaa erinomaisen yhdistelm\u00e4n kest\u00e4vyytt\u00e4 ja suorituskyky\u00e4. Termoplastinen materiaali tekee polkimesta kevyen mutta kest\u00e4v\u00e4n, kun taas korkealaatuiset laakerit takaavat sujuvan py\u00f6rimisen kaikissa ajo-olosuhteissa. Musta viimeistely antaa tyylikk\u00e4\u00e4n ulkon\u00e4\u00f6n, ja vaihdettavat tapit parantavat pitoa ja turvallisuutta. N\u00e4ill\u00e4 ominaisuuksilla varusteltu poljin sopii erinomaisesti sek\u00e4 harrastajille ett\u00e4 vaativille py\u00f6r\u00e4ilij\u00f6ille. [...]L\u00e4s mer \u2026 from Poljin 9\/16&#8243; PFC MTB\/BMX, thermoplastic, musta, teollisuuslaakerit, vaihdettavat\" \/>\n<meta property=\"og:url\" content=\"https:\/\/vmsport.fi\/sv\/webbutik\/reservdelar\/pedaler\/platta-bmx-och-dh-pedaler\/poljin-9-16-pfc-mtb-bmx-termoplast-svart-industrilager-utbytbara\/\" \/>\n<meta property=\"og:site_name\" content=\"VM Sport\" \/>\n<meta property=\"article:publisher\" content=\"https:\/\/www.facebook.com\/Vmsport.fi\/\" \/>\n<meta property=\"article:modified_time\" content=\"2026-01-16T11:26:13+00:00\" \/>\n<meta property=\"og:image\" content=\"https:\/\/vmsport.fi\/wp-content\/uploads\/2025\/03\/UI60828-1.jpg\" \/>\n\t<meta property=\"og:image:width\" content=\"480\" \/>\n\t<meta property=\"og:image:height\" content=\"480\" \/>\n\t<meta property=\"og:image:type\" content=\"image\/jpeg\" \/>\n<meta name=\"twitter:card\" content=\"summary_large_image\" \/>\n<script type=\"application\/ld+json\" class=\"yoast-schema-graph\">{\"@context\":\"https:\\\/\\\/schema.org\",\"@graph\":[{\"@type\":[\"WebPage\",\"ItemPage\"],\"@id\":\"https:\\\/\\\/vmsport.fi\\\/verkkokauppa\\\/varaosat\\\/polkimet\\\/flat-bmx-ja-dh-polkimet\\\/poljin-9-16-pfc-mtb-bmx-thermoplastic-musta-teollisuuslaakerit-vaihdettavat\\\/\",\"url\":\"https:\\\/\\\/vmsport.fi\\\/verkkokauppa\\\/varaosat\\\/polkimet\\\/flat-bmx-ja-dh-polkimet\\\/poljin-9-16-pfc-mtb-bmx-thermoplastic-musta-teollisuuslaakerit-vaihdettavat\\\/\",\"name\":\"Poljin 9\\\/16\\\" PFC MTB\\\/BMX, thermoplastic, musta, teollisuuslaakerit, vaihdettavat - VM Sport\",\"isPartOf\":{\"@id\":\"https:\\\/\\\/vmsport.fi\\\/#website\"},\"primaryImageOfPage\":{\"@id\":\"https:\\\/\\\/vmsport.fi\\\/verkkokauppa\\\/varaosat\\\/polkimet\\\/flat-bmx-ja-dh-polkimet\\\/poljin-9-16-pfc-mtb-bmx-thermoplastic-musta-teollisuuslaakerit-vaihdettavat\\\/#primaryimage\"},\"image\":{\"@id\":\"https:\\\/\\\/vmsport.fi\\\/verkkokauppa\\\/varaosat\\\/polkimet\\\/flat-bmx-ja-dh-polkimet\\\/poljin-9-16-pfc-mtb-bmx-thermoplastic-musta-teollisuuslaakerit-vaihdettavat\\\/#primaryimage\"},\"thumbnailUrl\":\"https:\\\/\\\/vmsport.fi\\\/wp-content\\\/uploads\\\/2025\\\/03\\\/UI60828-1.jpg\",\"datePublished\":\"2025-03-05T22:16:00+00:00\",\"dateModified\":\"2026-01-16T11:26:13+00:00\",\"breadcrumb\":{\"@id\":\"https:\\\/\\\/vmsport.fi\\\/verkkokauppa\\\/varaosat\\\/polkimet\\\/flat-bmx-ja-dh-polkimet\\\/poljin-9-16-pfc-mtb-bmx-thermoplastic-musta-teollisuuslaakerit-vaihdettavat\\\/#breadcrumb\"},\"inLanguage\":\"sv-SE\",\"potentialAction\":[{\"@type\":\"ReadAction\",\"target\":[\"https:\\\/\\\/vmsport.fi\\\/verkkokauppa\\\/varaosat\\\/polkimet\\\/flat-bmx-ja-dh-polkimet\\\/poljin-9-16-pfc-mtb-bmx-thermoplastic-musta-teollisuuslaakerit-vaihdettavat\\\/\"]}]},{\"@type\":\"ImageObject\",\"inLanguage\":\"sv-SE\",\"@id\":\"https:\\\/\\\/vmsport.fi\\\/verkkokauppa\\\/varaosat\\\/polkimet\\\/flat-bmx-ja-dh-polkimet\\\/poljin-9-16-pfc-mtb-bmx-thermoplastic-musta-teollisuuslaakerit-vaihdettavat\\\/#primaryimage\",\"url\":\"https:\\\/\\\/vmsport.fi\\\/wp-content\\\/uploads\\\/2025\\\/03\\\/UI60828-1.jpg\",\"contentUrl\":\"https:\\\/\\\/vmsport.fi\\\/wp-content\\\/uploads\\\/2025\\\/03\\\/UI60828-1.jpg\",\"width\":480,\"height\":480,\"caption\":\"UI60828\"},{\"@type\":\"BreadcrumbList\",\"@id\":\"https:\\\/\\\/vmsport.fi\\\/verkkokauppa\\\/varaosat\\\/polkimet\\\/flat-bmx-ja-dh-polkimet\\\/poljin-9-16-pfc-mtb-bmx-thermoplastic-musta-teollisuuslaakerit-vaihdettavat\\\/#breadcrumb\",\"itemListElement\":[{\"@type\":\"ListItem\",\"position\":1,\"name\":\"Etusivu\",\"item\":\"https:\\\/\\\/vmsport.fi\\\/\"},{\"@type\":\"ListItem\",\"position\":2,\"name\":\"Online Store\",\"item\":\"https:\\\/\\\/vmsport.fi\\\/en\\\/online-store\\\/\"},{\"@type\":\"ListItem\",\"position\":3,\"name\":\"Poljin 9\\\/16&#8243; PFC MTB\\\/BMX, thermoplastic, musta, teollisuuslaakerit, vaihdettavat\"}]},{\"@type\":\"WebSite\",\"@id\":\"https:\\\/\\\/vmsport.fi\\\/#website\",\"url\":\"https:\\\/\\\/vmsport.fi\\\/\",\"name\":\"Vmsport\",\"description\":\"Kaikki py\u00f6r\u00e4ilyyn yhdest\u00e4 paikasta\",\"publisher\":{\"@id\":\"https:\\\/\\\/vmsport.fi\\\/#organization\"},\"potentialAction\":[{\"@type\":\"SearchAction\",\"target\":{\"@type\":\"EntryPoint\",\"urlTemplate\":\"https:\\\/\\\/vmsport.fi\\\/?s={search_term_string}\"},\"query-input\":{\"@type\":\"PropertyValueSpecification\",\"valueRequired\":true,\"valueName\":\"search_term_string\"}}],\"inLanguage\":\"sv-SE\"},{\"@type\":\"Organization\",\"@id\":\"https:\\\/\\\/vmsport.fi\\\/#organization\",\"name\":\"Vmsport\",\"url\":\"https:\\\/\\\/vmsport.fi\\\/\",\"logo\":{\"@type\":\"ImageObject\",\"inLanguage\":\"sv-SE\",\"@id\":\"https:\\\/\\\/vmsport.fi\\\/#\\\/schema\\\/logo\\\/image\\\/\",\"url\":\"https:\\\/\\\/vmsport.fi\\\/wp-content\\\/uploads\\\/2024\\\/12\\\/vm_sport_RGB_horisontal-e1734526017575.png\",\"contentUrl\":\"https:\\\/\\\/vmsport.fi\\\/wp-content\\\/uploads\\\/2024\\\/12\\\/vm_sport_RGB_horisontal-e1734526017575.png\",\"width\":668,\"height\":85,\"caption\":\"Vmsport\"},\"image\":{\"@id\":\"https:\\\/\\\/vmsport.fi\\\/#\\\/schema\\\/logo\\\/image\\\/\"},\"sameAs\":[\"https:\\\/\\\/www.facebook.com\\\/Vmsport.fi\\\/\",\"https:\\\/\\\/www.instagram.com\\\/vmsport\\\/\"]}]}<\/script>\n<!-- \/ Yoast SEO plugin. -->","yoast_head_json":{"title":"Pedal 9\/16\" PFC MTB\/BMX, termoplast, svart, industrilager, utbytbar - VM Sport","robots":{"index":"index","follow":"follow","max-snippet":"max-snippet:-1","max-image-preview":"max-image-preview:large","max-video-preview":"max-video-preview:-1"},"canonical":"https:\/\/vmsport.fi\/sv\/webbutik\/reservdelar\/pedaler\/platta-bmx-och-dh-pedaler\/poljin-9-16-pfc-mtb-bmx-termoplast-svart-industrilager-utbytbara\/","og_locale":"sv_SE","og_type":"article","og_title":"Poljin 9\/16\" PFC MTB\/BMX, thermoplastic, musta, teollisuuslaakerit, vaihdettavat - VM Sport","og_description":"T\u00e4m\u00e4 9\/16 tuuman poljin, suunniteltu erityisesti maasto- ja BMX-py\u00f6riin, tarjoaa erinomaisen yhdistelm\u00e4n kest\u00e4vyytt\u00e4 ja suorituskyky\u00e4. Termoplastinen materiaali tekee polkimesta kevyen mutta kest\u00e4v\u00e4n, kun taas korkealaatuiset laakerit takaavat sujuvan py\u00f6rimisen kaikissa ajo-olosuhteissa. Musta viimeistely antaa tyylikk\u00e4\u00e4n ulkon\u00e4\u00f6n, ja vaihdettavat tapit parantavat pitoa ja turvallisuutta. N\u00e4ill\u00e4 ominaisuuksilla varusteltu poljin sopii erinomaisesti sek\u00e4 harrastajille ett\u00e4 vaativille py\u00f6r\u00e4ilij\u00f6ille. [...]L\u00e4s mer \u2026 from Poljin 9\/16&#8243; PFC MTB\/BMX, thermoplastic, musta, teollisuuslaakerit, vaihdettavat","og_url":"https:\/\/vmsport.fi\/sv\/webbutik\/reservdelar\/pedaler\/platta-bmx-och-dh-pedaler\/poljin-9-16-pfc-mtb-bmx-termoplast-svart-industrilager-utbytbara\/","og_site_name":"VM Sport","article_publisher":"https:\/\/www.facebook.com\/Vmsport.fi\/","article_modified_time":"2026-01-16T11:26:13+00:00","og_image":[{"width":480,"height":480,"url":"https:\/\/vmsport.fi\/wp-content\/uploads\/2025\/03\/UI60828-1.jpg","type":"image\/jpeg"}],"twitter_card":"summary_large_image","schema":{"@context":"https:\/\/schema.org","@graph":[{"@type":["WebPage","ItemPage"],"@id":"https:\/\/vmsport.fi\/verkkokauppa\/varaosat\/polkimet\/flat-bmx-ja-dh-polkimet\/poljin-9-16-pfc-mtb-bmx-thermoplastic-musta-teollisuuslaakerit-vaihdettavat\/","url":"https:\/\/vmsport.fi\/verkkokauppa\/varaosat\/polkimet\/flat-bmx-ja-dh-polkimet\/poljin-9-16-pfc-mtb-bmx-thermoplastic-musta-teollisuuslaakerit-vaihdettavat\/","name":"Pedal 9\/16\" PFC MTB\/BMX, termoplast, svart, industrilager, utbytbar - VM Sport","isPartOf":{"@id":"https:\/\/vmsport.fi\/#website"},"primaryImageOfPage":{"@id":"https:\/\/vmsport.fi\/verkkokauppa\/varaosat\/polkimet\/flat-bmx-ja-dh-polkimet\/poljin-9-16-pfc-mtb-bmx-thermoplastic-musta-teollisuuslaakerit-vaihdettavat\/#primaryimage"},"image":{"@id":"https:\/\/vmsport.fi\/verkkokauppa\/varaosat\/polkimet\/flat-bmx-ja-dh-polkimet\/poljin-9-16-pfc-mtb-bmx-thermoplastic-musta-teollisuuslaakerit-vaihdettavat\/#primaryimage"},"thumbnailUrl":"https:\/\/vmsport.fi\/wp-content\/uploads\/2025\/03\/UI60828-1.jpg","datePublished":"2025-03-05T22:16:00+00:00","dateModified":"2026-01-16T11:26:13+00:00","breadcrumb":{"@id":"https:\/\/vmsport.fi\/verkkokauppa\/varaosat\/polkimet\/flat-bmx-ja-dh-polkimet\/poljin-9-16-pfc-mtb-bmx-thermoplastic-musta-teollisuuslaakerit-vaihdettavat\/#breadcrumb"},"inLanguage":"sv-SE","potentialAction":[{"@type":"ReadAction","target":["https:\/\/vmsport.fi\/verkkokauppa\/varaosat\/polkimet\/flat-bmx-ja-dh-polkimet\/poljin-9-16-pfc-mtb-bmx-thermoplastic-musta-teollisuuslaakerit-vaihdettavat\/"]}]},{"@type":"ImageObject","inLanguage":"sv-SE","@id":"https:\/\/vmsport.fi\/verkkokauppa\/varaosat\/polkimet\/flat-bmx-ja-dh-polkimet\/poljin-9-16-pfc-mtb-bmx-thermoplastic-musta-teollisuuslaakerit-vaihdettavat\/#primaryimage","url":"https:\/\/vmsport.fi\/wp-content\/uploads\/2025\/03\/UI60828-1.jpg","contentUrl":"https:\/\/vmsport.fi\/wp-content\/uploads\/2025\/03\/UI60828-1.jpg","width":480,"height":480,"caption":"UI60828"},{"@type":"BreadcrumbList","@id":"https:\/\/vmsport.fi\/verkkokauppa\/varaosat\/polkimet\/flat-bmx-ja-dh-polkimet\/poljin-9-16-pfc-mtb-bmx-thermoplastic-musta-teollisuuslaakerit-vaihdettavat\/#breadcrumb","itemListElement":[{"@type":"ListItem","position":1,"name":"Etusivu","item":"https:\/\/vmsport.fi\/"},{"@type":"ListItem","position":2,"name":"Online Store","item":"https:\/\/vmsport.fi\/en\/online-store\/"},{"@type":"ListItem","position":3,"name":"Poljin 9\/16&#8243; PFC MTB\/BMX, thermoplastic, musta, teollisuuslaakerit, vaihdettavat"}]},{"@type":"WebSite","@id":"https:\/\/vmsport.fi\/#website","url":"https:\/\/vmsport.fi\/","name":"Vmsport","description":"Allt p\u00e5 ett st\u00e4lle f\u00f6r cykling","publisher":{"@id":"https:\/\/vmsport.fi\/#organization"},"potentialAction":[{"@type":"SearchAction","target":{"@type":"EntryPoint","urlTemplate":"https:\/\/vmsport.fi\/?s={search_term_string}"},"query-input":{"@type":"PropertyValueSpecification","valueRequired":true,"valueName":"search_term_string"}}],"inLanguage":"sv-SE"},{"@type":"Organization","@id":"https:\/\/vmsport.fi\/#organization","name":"Vmsport","url":"https:\/\/vmsport.fi\/","logo":{"@type":"ImageObject","inLanguage":"sv-SE","@id":"https:\/\/vmsport.fi\/#\/schema\/logo\/image\/","url":"https:\/\/vmsport.fi\/wp-content\/uploads\/2024\/12\/vm_sport_RGB_horisontal-e1734526017575.png","contentUrl":"https:\/\/vmsport.fi\/wp-content\/uploads\/2024\/12\/vm_sport_RGB_horisontal-e1734526017575.png","width":668,"height":85,"caption":"Vmsport"},"image":{"@id":"https:\/\/vmsport.fi\/#\/schema\/logo\/image\/"},"sameAs":["https:\/\/www.facebook.com\/Vmsport.fi\/","https:\/\/www.instagram.com\/vmsport\/"]}]}},"global_unique_id":"","_links":{"self":[{"href":"https:\/\/vmsport.fi\/sv\/wp-json\/wp\/v2\/product\/56100","targetHints":{"allow":["GET"]}}],"collection":[{"href":"https:\/\/vmsport.fi\/sv\/wp-json\/wp\/v2\/product"}],"about":[{"href":"https:\/\/vmsport.fi\/sv\/wp-json\/wp\/v2\/types\/product"}],"replies":[{"embeddable":true,"href":"https:\/\/vmsport.fi\/sv\/wp-json\/wp\/v2\/comments?post=56100"}],"wp:featuredmedia":[{"embeddable":true,"href":"https:\/\/vmsport.fi\/sv\/wp-json\/wp\/v2\/media\/56099"}],"wp:attachment":[{"href":"https:\/\/vmsport.fi\/sv\/wp-json\/wp\/v2\/media?parent=56100"}],"wp:term":[{"taxonomy":"product_brand","embeddable":true,"href":"https:\/\/vmsport.fi\/sv\/wp-json\/wp\/v2\/product_brand?post=56100"},{"taxonomy":"product_model","embeddable":true,"href":"https:\/\/vmsport.fi\/sv\/wp-json\/wp\/v2\/product_model?post=56100"},{"taxonomy":"product_cat","embeddable":true,"href":"https:\/\/vmsport.fi\/sv\/wp-json\/wp\/v2\/product_cat?post=56100"},{"taxonomy":"product_tag","embeddable":true,"href":"https:\/\/vmsport.fi\/sv\/wp-json\/wp\/v2\/product_tag?post=56100"},{"taxonomy":"industry_terminology","embeddable":true,"href":"https:\/\/vmsport.fi\/sv\/wp-json\/wp\/v2\/industry-terminology?post=56100"}],"curies":[{"name":"wp","href":"https:\/\/api.w.org\/{rel}","templated":true}]}}