{"id":56091,"date":"2025-03-06T00:15:53","date_gmt":"2025-03-05T22:15:53","guid":{"rendered":"https:\/\/vmsport.fi\/verkkokauppa\/Ei-luokiteltu\/levyjarrusarja-slx-m7120-taka-postmount-ei-levya-adapteria\/"},"modified":"2026-04-22T15:05:46","modified_gmt":"2026-04-22T12:05:46","slug":"skivbromssats-slx-m7120-bak-postmount-utan-skivadapter","status":"publish","type":"product","link":"https:\/\/vmsport.fi\/sv\/verkkokauppa\/varaosat\/jarrut\/levyjarrusetit\/levyjarrusarja-slx-m7120-taka-postmount-ei-levya-adapteria\/","title":{"rendered":"Skivbromssats SLX M7120 bak postmount, utan skiva\/adapter"},"content":{"rendered":"<p>Skivbromsen i SLX M7120-serien har ett kraftfullt 4-kolvsok som ger mer bromskraft och minskar skivvibrationerna j\u00e4mf\u00f6rt med tidigare modeller. Justeringen av h\u00e4varmens r\u00e4ckvidd \u00e4r verktygsfri och systemet har en banjoanslutning och ett inv\u00e4ndigt slanguttag f\u00f6r enklare installation. F\u00f6rb\u00e4ttrad ergonomi ger kontrollerad bromsning i kr\u00e4vande terr\u00e4ngf\u00f6rh\u00e5llanden. Bromsskiva och adapter ing\u00e5r ej.<\/p>","protected":false},"excerpt":{"rendered":"<p>Tehokas 4-m\u00e4nt\u00e4inen hydraulinen jarru MTB-k\u00e4ytt\u00f6\u00f6n, helppo asennus ja s\u00e4\u00e4dett\u00e4vyys, hyv\u00e4 ergonomia. [&#8230;]<\/p>\n<p><a class=\"btn btn-secondary understrap-read-more-link\" href=\"https:\/\/vmsport.fi\/sv\/verkkokauppa\/varaosat\/jarrut\/levyjarrusetit\/levyjarrusarja-slx-m7120-taka-postmount-ei-levya-adapteria\/\">L\u00e4s mer \u2026<span class=\"screen-reader-text\"> from Levyjarrusarja SLX M7120 taka postmount, ei levy\u00e4\/adapteria<\/span><\/a><\/p>\n","protected":false},"featured_media":56090,"comment_status":"open","ping_status":"closed","template":"","meta":{"_acf_changed":false,"_improvement_type_select":"improve_an_existing","_thumb_yes_seoaic":false,"_frame_yes_seoaic":false,"seoaic_generate_description":"","seoaic_improve_instructions_prompt":"","seoaic_rollback_content_improvement":"","seoaic_idea_thumbnail_generator":"","thumbnail_generated":false,"thumbnail_generate_prompt":"","seoaic_article_description":"","_supplier_stock_quantity":0},"product_brand":[],"product_model":[],"product_cat":[9354],"product_tag":[],"industry-terminology":[],"class_list":{"0":"post-56091","1":"product","2":"type-product","3":"status-publish","4":"has-post-thumbnail","6":"product_cat-levyjarrusetit","8":"first","9":"outofstock","10":"taxable","11":"shipping-taxable","12":"product-type-simple"},"acf":{"bike_features":null,"overview":{"copy_overview":null,"key_features":null,"statement":"","youtube_url":""}},"yoast_head":"<!-- This site is optimized with the Yoast SEO plugin v27.4 - https:\/\/yoast.com\/product\/yoast-seo-wordpress\/ -->\n<title>Levyjarrusarja SLX M7120 taka postmount, ei levy\u00e4\/adapteria - VM Sport<\/title>\n<meta name=\"robots\" content=\"index, follow, max-snippet:-1, max-image-preview:large, max-video-preview:-1\" \/>\n<link rel=\"canonical\" href=\"https:\/\/vmsport.fi\/sv\/webbutik\/reservdelar\/bromsar\/skivbromsskivor\/skivbromssats-slx-m7120-bak-postmount-utan-skivadapter\/\" \/>\n<meta property=\"og:locale\" content=\"sv_SE\" \/>\n<meta property=\"og:type\" content=\"article\" \/>\n<meta property=\"og:title\" content=\"Levyjarrusarja SLX M7120 taka postmount, ei levy\u00e4\/adapteria - VM Sport\" \/>\n<meta property=\"og:description\" content=\"Tehokas 4-m\u00e4nt\u00e4inen hydraulinen jarru MTB-k\u00e4ytt\u00f6\u00f6n, helppo asennus ja s\u00e4\u00e4dett\u00e4vyys, hyv\u00e4 ergonomia. [...]L\u00e4s mer \u2026 from Levyjarrusarja SLX M7120 taka postmount, ei levy\u00e4\/adapteria\" \/>\n<meta property=\"og:url\" content=\"https:\/\/vmsport.fi\/sv\/webbutik\/reservdelar\/bromsar\/skivbromsskivor\/skivbromssats-slx-m7120-bak-postmount-utan-skivadapter\/\" \/>\n<meta property=\"og:site_name\" content=\"VM Sport\" \/>\n<meta property=\"article:publisher\" content=\"https:\/\/www.facebook.com\/Vmsport.fi\/\" \/>\n<meta property=\"article:modified_time\" content=\"2026-04-22T12:05:46+00:00\" \/>\n<meta property=\"og:image\" content=\"https:\/\/vmsport.fi\/wp-content\/uploads\/2025\/03\/20190508-IM7120JRRXSA170-1.jpg\" \/>\n\t<meta property=\"og:image:width\" content=\"600\" \/>\n\t<meta property=\"og:image:height\" content=\"600\" \/>\n\t<meta property=\"og:image:type\" content=\"image\/jpeg\" \/>\n<meta name=\"twitter:card\" content=\"summary_large_image\" \/>\n<script type=\"application\/ld+json\" class=\"yoast-schema-graph\">{\"@context\":\"https:\\\/\\\/schema.org\",\"@graph\":[{\"@type\":[\"WebPage\",\"ItemPage\"],\"@id\":\"https:\\\/\\\/vmsport.fi\\\/verkkokauppa\\\/varaosat\\\/jarrut\\\/levyjarrusetit\\\/levyjarrusarja-slx-m7120-taka-postmount-ei-levya-adapteria\\\/\",\"url\":\"https:\\\/\\\/vmsport.fi\\\/verkkokauppa\\\/varaosat\\\/jarrut\\\/levyjarrusetit\\\/levyjarrusarja-slx-m7120-taka-postmount-ei-levya-adapteria\\\/\",\"name\":\"Levyjarrusarja SLX M7120 taka postmount, ei levy\u00e4\\\/adapteria - VM Sport\",\"isPartOf\":{\"@id\":\"https:\\\/\\\/vmsport.fi\\\/#website\"},\"primaryImageOfPage\":{\"@id\":\"https:\\\/\\\/vmsport.fi\\\/verkkokauppa\\\/varaosat\\\/jarrut\\\/levyjarrusetit\\\/levyjarrusarja-slx-m7120-taka-postmount-ei-levya-adapteria\\\/#primaryimage\"},\"image\":{\"@id\":\"https:\\\/\\\/vmsport.fi\\\/verkkokauppa\\\/varaosat\\\/jarrut\\\/levyjarrusetit\\\/levyjarrusarja-slx-m7120-taka-postmount-ei-levya-adapteria\\\/#primaryimage\"},\"thumbnailUrl\":\"https:\\\/\\\/vmsport.fi\\\/wp-content\\\/uploads\\\/2025\\\/03\\\/20190508-IM7120JRRXSA170-1.jpg\",\"datePublished\":\"2025-03-05T22:15:53+00:00\",\"dateModified\":\"2026-04-22T12:05:46+00:00\",\"breadcrumb\":{\"@id\":\"https:\\\/\\\/vmsport.fi\\\/verkkokauppa\\\/varaosat\\\/jarrut\\\/levyjarrusetit\\\/levyjarrusarja-slx-m7120-taka-postmount-ei-levya-adapteria\\\/#breadcrumb\"},\"inLanguage\":\"sv-SE\",\"potentialAction\":[{\"@type\":\"ReadAction\",\"target\":[\"https:\\\/\\\/vmsport.fi\\\/verkkokauppa\\\/varaosat\\\/jarrut\\\/levyjarrusetit\\\/levyjarrusarja-slx-m7120-taka-postmount-ei-levya-adapteria\\\/\"]}]},{\"@type\":\"ImageObject\",\"inLanguage\":\"sv-SE\",\"@id\":\"https:\\\/\\\/vmsport.fi\\\/verkkokauppa\\\/varaosat\\\/jarrut\\\/levyjarrusetit\\\/levyjarrusarja-slx-m7120-taka-postmount-ei-levya-adapteria\\\/#primaryimage\",\"url\":\"https:\\\/\\\/vmsport.fi\\\/wp-content\\\/uploads\\\/2025\\\/03\\\/20190508-IM7120JRRXSA170-1.jpg\",\"contentUrl\":\"https:\\\/\\\/vmsport.fi\\\/wp-content\\\/uploads\\\/2025\\\/03\\\/20190508-IM7120JRRXSA170-1.jpg\",\"width\":600,\"height\":600,\"caption\":\"20190508-IM7120JRRXSA170\"},{\"@type\":\"BreadcrumbList\",\"@id\":\"https:\\\/\\\/vmsport.fi\\\/verkkokauppa\\\/varaosat\\\/jarrut\\\/levyjarrusetit\\\/levyjarrusarja-slx-m7120-taka-postmount-ei-levya-adapteria\\\/#breadcrumb\",\"itemListElement\":[{\"@type\":\"ListItem\",\"position\":1,\"name\":\"Etusivu\",\"item\":\"https:\\\/\\\/vmsport.fi\\\/\"},{\"@type\":\"ListItem\",\"position\":2,\"name\":\"Online Store\",\"item\":\"https:\\\/\\\/vmsport.fi\\\/en\\\/online-store\\\/\"},{\"@type\":\"ListItem\",\"position\":3,\"name\":\"Levyjarrusarja SLX M7120 taka postmount, ei levy\u00e4\\\/adapteria\"}]},{\"@type\":\"WebSite\",\"@id\":\"https:\\\/\\\/vmsport.fi\\\/#website\",\"url\":\"https:\\\/\\\/vmsport.fi\\\/\",\"name\":\"Vmsport\",\"description\":\"Kaikki py\u00f6r\u00e4ilyyn yhdest\u00e4 paikasta\",\"publisher\":{\"@id\":\"https:\\\/\\\/vmsport.fi\\\/#organization\"},\"potentialAction\":[{\"@type\":\"SearchAction\",\"target\":{\"@type\":\"EntryPoint\",\"urlTemplate\":\"https:\\\/\\\/vmsport.fi\\\/?s={search_term_string}\"},\"query-input\":{\"@type\":\"PropertyValueSpecification\",\"valueRequired\":true,\"valueName\":\"search_term_string\"}}],\"inLanguage\":\"sv-SE\"},{\"@type\":\"Organization\",\"@id\":\"https:\\\/\\\/vmsport.fi\\\/#organization\",\"name\":\"Vmsport\",\"url\":\"https:\\\/\\\/vmsport.fi\\\/\",\"logo\":{\"@type\":\"ImageObject\",\"inLanguage\":\"sv-SE\",\"@id\":\"https:\\\/\\\/vmsport.fi\\\/#\\\/schema\\\/logo\\\/image\\\/\",\"url\":\"https:\\\/\\\/vmsport.fi\\\/wp-content\\\/uploads\\\/2024\\\/12\\\/vm_sport_RGB_horisontal-e1734526017575.png\",\"contentUrl\":\"https:\\\/\\\/vmsport.fi\\\/wp-content\\\/uploads\\\/2024\\\/12\\\/vm_sport_RGB_horisontal-e1734526017575.png\",\"width\":668,\"height\":85,\"caption\":\"Vmsport\"},\"image\":{\"@id\":\"https:\\\/\\\/vmsport.fi\\\/#\\\/schema\\\/logo\\\/image\\\/\"},\"sameAs\":[\"https:\\\/\\\/www.facebook.com\\\/Vmsport.fi\\\/\",\"https:\\\/\\\/www.instagram.com\\\/vmsport\\\/\"]}]}<\/script>\n<!-- \/ Yoast SEO plugin. -->","yoast_head_json":{"title":"Skivbromssats SLX M7120 bak postmount, utan skiva\/adapter - VM Sport","robots":{"index":"index","follow":"follow","max-snippet":"max-snippet:-1","max-image-preview":"max-image-preview:large","max-video-preview":"max-video-preview:-1"},"canonical":"https:\/\/vmsport.fi\/sv\/webbutik\/reservdelar\/bromsar\/skivbromsskivor\/skivbromssats-slx-m7120-bak-postmount-utan-skivadapter\/","og_locale":"sv_SE","og_type":"article","og_title":"Levyjarrusarja SLX M7120 taka postmount, ei levy\u00e4\/adapteria - VM Sport","og_description":"Tehokas 4-m\u00e4nt\u00e4inen hydraulinen jarru MTB-k\u00e4ytt\u00f6\u00f6n, helppo asennus ja s\u00e4\u00e4dett\u00e4vyys, hyv\u00e4 ergonomia. [...]L\u00e4s mer \u2026 from Levyjarrusarja SLX M7120 taka postmount, ei levy\u00e4\/adapteria","og_url":"https:\/\/vmsport.fi\/sv\/webbutik\/reservdelar\/bromsar\/skivbromsskivor\/skivbromssats-slx-m7120-bak-postmount-utan-skivadapter\/","og_site_name":"VM Sport","article_publisher":"https:\/\/www.facebook.com\/Vmsport.fi\/","article_modified_time":"2026-04-22T12:05:46+00:00","og_image":[{"width":600,"height":600,"url":"https:\/\/vmsport.fi\/wp-content\/uploads\/2025\/03\/20190508-IM7120JRRXSA170-1.jpg","type":"image\/jpeg"}],"twitter_card":"summary_large_image","schema":{"@context":"https:\/\/schema.org","@graph":[{"@type":["WebPage","ItemPage"],"@id":"https:\/\/vmsport.fi\/verkkokauppa\/varaosat\/jarrut\/levyjarrusetit\/levyjarrusarja-slx-m7120-taka-postmount-ei-levya-adapteria\/","url":"https:\/\/vmsport.fi\/verkkokauppa\/varaosat\/jarrut\/levyjarrusetit\/levyjarrusarja-slx-m7120-taka-postmount-ei-levya-adapteria\/","name":"Skivbromssats SLX M7120 bak postmount, utan skiva\/adapter - VM Sport","isPartOf":{"@id":"https:\/\/vmsport.fi\/#website"},"primaryImageOfPage":{"@id":"https:\/\/vmsport.fi\/verkkokauppa\/varaosat\/jarrut\/levyjarrusetit\/levyjarrusarja-slx-m7120-taka-postmount-ei-levya-adapteria\/#primaryimage"},"image":{"@id":"https:\/\/vmsport.fi\/verkkokauppa\/varaosat\/jarrut\/levyjarrusetit\/levyjarrusarja-slx-m7120-taka-postmount-ei-levya-adapteria\/#primaryimage"},"thumbnailUrl":"https:\/\/vmsport.fi\/wp-content\/uploads\/2025\/03\/20190508-IM7120JRRXSA170-1.jpg","datePublished":"2025-03-05T22:15:53+00:00","dateModified":"2026-04-22T12:05:46+00:00","breadcrumb":{"@id":"https:\/\/vmsport.fi\/verkkokauppa\/varaosat\/jarrut\/levyjarrusetit\/levyjarrusarja-slx-m7120-taka-postmount-ei-levya-adapteria\/#breadcrumb"},"inLanguage":"sv-SE","potentialAction":[{"@type":"ReadAction","target":["https:\/\/vmsport.fi\/verkkokauppa\/varaosat\/jarrut\/levyjarrusetit\/levyjarrusarja-slx-m7120-taka-postmount-ei-levya-adapteria\/"]}]},{"@type":"ImageObject","inLanguage":"sv-SE","@id":"https:\/\/vmsport.fi\/verkkokauppa\/varaosat\/jarrut\/levyjarrusetit\/levyjarrusarja-slx-m7120-taka-postmount-ei-levya-adapteria\/#primaryimage","url":"https:\/\/vmsport.fi\/wp-content\/uploads\/2025\/03\/20190508-IM7120JRRXSA170-1.jpg","contentUrl":"https:\/\/vmsport.fi\/wp-content\/uploads\/2025\/03\/20190508-IM7120JRRXSA170-1.jpg","width":600,"height":600,"caption":"20190508-IM7120JRRXSA170"},{"@type":"BreadcrumbList","@id":"https:\/\/vmsport.fi\/verkkokauppa\/varaosat\/jarrut\/levyjarrusetit\/levyjarrusarja-slx-m7120-taka-postmount-ei-levya-adapteria\/#breadcrumb","itemListElement":[{"@type":"ListItem","position":1,"name":"Etusivu","item":"https:\/\/vmsport.fi\/"},{"@type":"ListItem","position":2,"name":"Online Store","item":"https:\/\/vmsport.fi\/en\/online-store\/"},{"@type":"ListItem","position":3,"name":"Levyjarrusarja SLX M7120 taka postmount, ei levy\u00e4\/adapteria"}]},{"@type":"WebSite","@id":"https:\/\/vmsport.fi\/#website","url":"https:\/\/vmsport.fi\/","name":"Vmsport","description":"Allt p\u00e5 ett st\u00e4lle f\u00f6r cykling","publisher":{"@id":"https:\/\/vmsport.fi\/#organization"},"potentialAction":[{"@type":"SearchAction","target":{"@type":"EntryPoint","urlTemplate":"https:\/\/vmsport.fi\/?s={search_term_string}"},"query-input":{"@type":"PropertyValueSpecification","valueRequired":true,"valueName":"search_term_string"}}],"inLanguage":"sv-SE"},{"@type":"Organization","@id":"https:\/\/vmsport.fi\/#organization","name":"Vmsport","url":"https:\/\/vmsport.fi\/","logo":{"@type":"ImageObject","inLanguage":"sv-SE","@id":"https:\/\/vmsport.fi\/#\/schema\/logo\/image\/","url":"https:\/\/vmsport.fi\/wp-content\/uploads\/2024\/12\/vm_sport_RGB_horisontal-e1734526017575.png","contentUrl":"https:\/\/vmsport.fi\/wp-content\/uploads\/2024\/12\/vm_sport_RGB_horisontal-e1734526017575.png","width":668,"height":85,"caption":"Vmsport"},"image":{"@id":"https:\/\/vmsport.fi\/#\/schema\/logo\/image\/"},"sameAs":["https:\/\/www.facebook.com\/Vmsport.fi\/","https:\/\/www.instagram.com\/vmsport\/"]}]}},"global_unique_id":"","_links":{"self":[{"href":"https:\/\/vmsport.fi\/sv\/wp-json\/wp\/v2\/product\/56091","targetHints":{"allow":["GET"]}}],"collection":[{"href":"https:\/\/vmsport.fi\/sv\/wp-json\/wp\/v2\/product"}],"about":[{"href":"https:\/\/vmsport.fi\/sv\/wp-json\/wp\/v2\/types\/product"}],"replies":[{"embeddable":true,"href":"https:\/\/vmsport.fi\/sv\/wp-json\/wp\/v2\/comments?post=56091"}],"wp:featuredmedia":[{"embeddable":true,"href":"https:\/\/vmsport.fi\/sv\/wp-json\/wp\/v2\/media\/56090"}],"wp:attachment":[{"href":"https:\/\/vmsport.fi\/sv\/wp-json\/wp\/v2\/media?parent=56091"}],"wp:term":[{"taxonomy":"product_brand","embeddable":true,"href":"https:\/\/vmsport.fi\/sv\/wp-json\/wp\/v2\/product_brand?post=56091"},{"taxonomy":"product_model","embeddable":true,"href":"https:\/\/vmsport.fi\/sv\/wp-json\/wp\/v2\/product_model?post=56091"},{"taxonomy":"product_cat","embeddable":true,"href":"https:\/\/vmsport.fi\/sv\/wp-json\/wp\/v2\/product_cat?post=56091"},{"taxonomy":"product_tag","embeddable":true,"href":"https:\/\/vmsport.fi\/sv\/wp-json\/wp\/v2\/product_tag?post=56091"},{"taxonomy":"industry_terminology","embeddable":true,"href":"https:\/\/vmsport.fi\/sv\/wp-json\/wp\/v2\/industry-terminology?post=56091"}],"curies":[{"name":"wp","href":"https:\/\/api.w.org\/{rel}","templated":true}]}}