{"id":56089,"date":"2025-03-06T00:15:52","date_gmt":"2025-03-05T22:15:52","guid":{"rendered":"https:\/\/vmsport.fi\/verkkokauppa\/Ei-luokiteltu\/trek-verse-short-comp-pyorily-satula\/"},"modified":"2026-04-22T15:40:47","modified_gmt":"2026-04-22T12:40:47","slug":"trek-verse-short-comp-pyorily-satula","status":"publish","type":"product","link":"https:\/\/vmsport.fi\/sv\/verkkokauppa\/varaosat\/satulat-ja-satulatolpat\/satulat\/trek-verse-short-comp-pyorily-satula\/","title":{"rendered":"Trek Verse Short Comp cykelsadel"},"content":{"rendered":"<p>Satula perustuu viimeisimp\u00e4\u00e4n biomekaniikan tutkimukseen, tarjoaa tukea ja mukavuutta eri ajotyyleiss\u00e4. Sen kevyt runkorakenne yhdist\u00e4\u00e4 lujuuden ja joustavuuden, kun taas eri leveysvaihtoehdot ja pidennetty kiskojen kiinnitysalue antavat enemm\u00e4n mahdollisuuksia istuinkorkeuden ja asennon s\u00e4\u00e4t\u00e4miseen. Blendr-integraatio helpottaa takavalon ja satulalaukun kiinnityst\u00e4, mik\u00e4 lis\u00e4\u00e4 k\u00e4yt\u00e4nn\u00f6llisyytt\u00e4 maasto- ja maantieajossa. Vaahdotettu Comp-taso on suunniteltu keveytt\u00e4 ja mukavuutta silm\u00e4ll\u00e4 pit\u00e4en.<\/p>","protected":false},"excerpt":{"rendered":"<p>Lyhyt, urheilullinen satula, joka tarjoaa kohdistetun tuen ja pitk\u00e4kestoisen mukavuuden Wing Flex -teknologian ja t\u00e4yspitk\u00e4n halkaisun ansiosta. [&#8230;]<\/p>\n<p><a class=\"btn btn-secondary understrap-read-more-link\" href=\"https:\/\/vmsport.fi\/sv\/verkkokauppa\/varaosat\/satulat-ja-satulatolpat\/satulat\/trek-verse-short-comp-pyorily-satula\/\">L\u00e4s mer \u2026<span class=\"screen-reader-text\"> from Trek Verse Short Comp Py\u00f6rily Satula<\/span><\/a><\/p>\n","protected":false},"featured_media":56084,"comment_status":"open","ping_status":"closed","template":"","meta":{"_acf_changed":false,"_improvement_type_select":"improve_an_existing","_thumb_yes_seoaic":false,"_frame_yes_seoaic":false,"seoaic_generate_description":"","seoaic_improve_instructions_prompt":"","seoaic_rollback_content_improvement":"","seoaic_idea_thumbnail_generator":"","thumbnail_generated":false,"thumbnail_generate_prompt":"","seoaic_article_description":"","_supplier_stock_quantity":0},"product_brand":[],"product_model":[],"product_cat":[9380],"product_tag":[],"industry-terminology":[],"class_list":{"0":"post-56089","1":"product","2":"type-product","3":"status-publish","4":"has-post-thumbnail","6":"product_cat-satulat","8":"first","9":"outofstock","10":"taxable","11":"shipping-taxable","12":"product-type-variable"},"acf":{"bike_features":null,"overview":{"copy_overview":null,"key_features":null,"statement":"","youtube_url":""}},"yoast_head":"<!-- This site is optimized with the Yoast SEO plugin v27.4 - https:\/\/yoast.com\/product\/yoast-seo-wordpress\/ -->\n<title>Trek Verse Short Comp Py\u00f6rily Satula - VM Sport<\/title>\n<meta name=\"robots\" content=\"index, follow, max-snippet:-1, max-image-preview:large, max-video-preview:-1\" \/>\n<link rel=\"canonical\" href=\"https:\/\/vmsport.fi\/sv\/webbutik\/reservdelar\/sadlar-och-sadelstolpar\/sadlar\/trek-verse-short-comp-pyorily-satula\/\" \/>\n<meta property=\"og:locale\" content=\"sv_SE\" \/>\n<meta property=\"og:type\" content=\"article\" \/>\n<meta property=\"og:title\" content=\"Trek Verse Short Comp Py\u00f6rily Satula - VM Sport\" \/>\n<meta property=\"og:description\" content=\"Lyhyt, urheilullinen satula, joka tarjoaa kohdistetun tuen ja pitk\u00e4kestoisen mukavuuden Wing Flex -teknologian ja t\u00e4yspitk\u00e4n halkaisun ansiosta. [...]L\u00e4s mer \u2026 from Trek Verse Short Comp Py\u00f6rily Satula\" \/>\n<meta property=\"og:url\" content=\"https:\/\/vmsport.fi\/sv\/webbutik\/reservdelar\/sadlar-och-sadelstolpar\/sadlar\/trek-verse-short-comp-pyorily-satula\/\" \/>\n<meta property=\"og:site_name\" content=\"VM Sport\" \/>\n<meta property=\"article:publisher\" content=\"https:\/\/www.facebook.com\/Vmsport.fi\/\" \/>\n<meta property=\"article:modified_time\" content=\"2026-04-22T12:40:47+00:00\" \/>\n<meta property=\"og:image\" content=\"https:\/\/vmsport.fi\/wp-content\/uploads\/2025\/03\/mbwS6ETsz0g8LnN3J71Ny7T9KYap8NrVektQjKslpGl2a90Eon-1.jpg\" \/>\n\t<meta property=\"og:image:width\" content=\"1000\" \/>\n\t<meta property=\"og:image:height\" content=\"750\" \/>\n\t<meta property=\"og:image:type\" content=\"image\/jpeg\" \/>\n<meta name=\"twitter:card\" content=\"summary_large_image\" \/>\n<script type=\"application\/ld+json\" class=\"yoast-schema-graph\">{\"@context\":\"https:\\\/\\\/schema.org\",\"@graph\":[{\"@type\":[\"WebPage\",\"ItemPage\"],\"@id\":\"https:\\\/\\\/vmsport.fi\\\/verkkokauppa\\\/varaosat\\\/satulat-ja-satulatolpat\\\/satulat\\\/trek-verse-short-comp-pyorily-satula\\\/\",\"url\":\"https:\\\/\\\/vmsport.fi\\\/verkkokauppa\\\/varaosat\\\/satulat-ja-satulatolpat\\\/satulat\\\/trek-verse-short-comp-pyorily-satula\\\/\",\"name\":\"Trek Verse Short Comp Py\u00f6rily Satula - VM Sport\",\"isPartOf\":{\"@id\":\"https:\\\/\\\/vmsport.fi\\\/#website\"},\"primaryImageOfPage\":{\"@id\":\"https:\\\/\\\/vmsport.fi\\\/verkkokauppa\\\/varaosat\\\/satulat-ja-satulatolpat\\\/satulat\\\/trek-verse-short-comp-pyorily-satula\\\/#primaryimage\"},\"image\":{\"@id\":\"https:\\\/\\\/vmsport.fi\\\/verkkokauppa\\\/varaosat\\\/satulat-ja-satulatolpat\\\/satulat\\\/trek-verse-short-comp-pyorily-satula\\\/#primaryimage\"},\"thumbnailUrl\":\"https:\\\/\\\/vmsport.fi\\\/wp-content\\\/uploads\\\/2025\\\/03\\\/mbwS6ETsz0g8LnN3J71Ny7T9KYap8NrVektQjKslpGl2a90Eon-1.jpg\",\"datePublished\":\"2025-03-05T22:15:52+00:00\",\"dateModified\":\"2026-04-22T12:40:47+00:00\",\"breadcrumb\":{\"@id\":\"https:\\\/\\\/vmsport.fi\\\/verkkokauppa\\\/varaosat\\\/satulat-ja-satulatolpat\\\/satulat\\\/trek-verse-short-comp-pyorily-satula\\\/#breadcrumb\"},\"inLanguage\":\"sv-SE\",\"potentialAction\":[{\"@type\":\"ReadAction\",\"target\":[\"https:\\\/\\\/vmsport.fi\\\/verkkokauppa\\\/varaosat\\\/satulat-ja-satulatolpat\\\/satulat\\\/trek-verse-short-comp-pyorily-satula\\\/\"]}]},{\"@type\":\"ImageObject\",\"inLanguage\":\"sv-SE\",\"@id\":\"https:\\\/\\\/vmsport.fi\\\/verkkokauppa\\\/varaosat\\\/satulat-ja-satulatolpat\\\/satulat\\\/trek-verse-short-comp-pyorily-satula\\\/#primaryimage\",\"url\":\"https:\\\/\\\/vmsport.fi\\\/wp-content\\\/uploads\\\/2025\\\/03\\\/mbwS6ETsz0g8LnN3J71Ny7T9KYap8NrVektQjKslpGl2a90Eon-1.jpg\",\"contentUrl\":\"https:\\\/\\\/vmsport.fi\\\/wp-content\\\/uploads\\\/2025\\\/03\\\/mbwS6ETsz0g8LnN3J71Ny7T9KYap8NrVektQjKslpGl2a90Eon-1.jpg\",\"width\":1000,\"height\":750,\"caption\":\"mbwS6ETsz0g8LnN3J71Ny7T9KYap8NrVektQjKslpGl2a90Eon\"},{\"@type\":\"BreadcrumbList\",\"@id\":\"https:\\\/\\\/vmsport.fi\\\/verkkokauppa\\\/varaosat\\\/satulat-ja-satulatolpat\\\/satulat\\\/trek-verse-short-comp-pyorily-satula\\\/#breadcrumb\",\"itemListElement\":[{\"@type\":\"ListItem\",\"position\":1,\"name\":\"Etusivu\",\"item\":\"https:\\\/\\\/vmsport.fi\\\/\"},{\"@type\":\"ListItem\",\"position\":2,\"name\":\"Online Store\",\"item\":\"https:\\\/\\\/vmsport.fi\\\/en\\\/online-store\\\/\"},{\"@type\":\"ListItem\",\"position\":3,\"name\":\"Trek Verse Short Comp Py\u00f6rily Satula\"}]},{\"@type\":\"WebSite\",\"@id\":\"https:\\\/\\\/vmsport.fi\\\/#website\",\"url\":\"https:\\\/\\\/vmsport.fi\\\/\",\"name\":\"Vmsport\",\"description\":\"Kaikki py\u00f6r\u00e4ilyyn yhdest\u00e4 paikasta\",\"publisher\":{\"@id\":\"https:\\\/\\\/vmsport.fi\\\/#organization\"},\"potentialAction\":[{\"@type\":\"SearchAction\",\"target\":{\"@type\":\"EntryPoint\",\"urlTemplate\":\"https:\\\/\\\/vmsport.fi\\\/?s={search_term_string}\"},\"query-input\":{\"@type\":\"PropertyValueSpecification\",\"valueRequired\":true,\"valueName\":\"search_term_string\"}}],\"inLanguage\":\"sv-SE\"},{\"@type\":\"Organization\",\"@id\":\"https:\\\/\\\/vmsport.fi\\\/#organization\",\"name\":\"Vmsport\",\"url\":\"https:\\\/\\\/vmsport.fi\\\/\",\"logo\":{\"@type\":\"ImageObject\",\"inLanguage\":\"sv-SE\",\"@id\":\"https:\\\/\\\/vmsport.fi\\\/#\\\/schema\\\/logo\\\/image\\\/\",\"url\":\"https:\\\/\\\/vmsport.fi\\\/wp-content\\\/uploads\\\/2024\\\/12\\\/vm_sport_RGB_horisontal-e1734526017575.png\",\"contentUrl\":\"https:\\\/\\\/vmsport.fi\\\/wp-content\\\/uploads\\\/2024\\\/12\\\/vm_sport_RGB_horisontal-e1734526017575.png\",\"width\":668,\"height\":85,\"caption\":\"Vmsport\"},\"image\":{\"@id\":\"https:\\\/\\\/vmsport.fi\\\/#\\\/schema\\\/logo\\\/image\\\/\"},\"sameAs\":[\"https:\\\/\\\/www.facebook.com\\\/Vmsport.fi\\\/\",\"https:\\\/\\\/www.instagram.com\\\/vmsport\\\/\"]}]}<\/script>\n<!-- \/ Yoast SEO plugin. -->","yoast_head_json":{"title":"Trek Verse Short Comp Py\u00f6rily Satula - VM Sport","robots":{"index":"index","follow":"follow","max-snippet":"max-snippet:-1","max-image-preview":"max-image-preview:large","max-video-preview":"max-video-preview:-1"},"canonical":"https:\/\/vmsport.fi\/sv\/webbutik\/reservdelar\/sadlar-och-sadelstolpar\/sadlar\/trek-verse-short-comp-pyorily-satula\/","og_locale":"sv_SE","og_type":"article","og_title":"Trek Verse Short Comp Py\u00f6rily Satula - VM Sport","og_description":"Lyhyt, urheilullinen satula, joka tarjoaa kohdistetun tuen ja pitk\u00e4kestoisen mukavuuden Wing Flex -teknologian ja t\u00e4yspitk\u00e4n halkaisun ansiosta. [...]L\u00e4s mer \u2026 from Trek Verse Short Comp Py\u00f6rily Satula","og_url":"https:\/\/vmsport.fi\/sv\/webbutik\/reservdelar\/sadlar-och-sadelstolpar\/sadlar\/trek-verse-short-comp-pyorily-satula\/","og_site_name":"VM Sport","article_publisher":"https:\/\/www.facebook.com\/Vmsport.fi\/","article_modified_time":"2026-04-22T12:40:47+00:00","og_image":[{"width":1000,"height":750,"url":"https:\/\/vmsport.fi\/wp-content\/uploads\/2025\/03\/mbwS6ETsz0g8LnN3J71Ny7T9KYap8NrVektQjKslpGl2a90Eon-1.jpg","type":"image\/jpeg"}],"twitter_card":"summary_large_image","schema":{"@context":"https:\/\/schema.org","@graph":[{"@type":["WebPage","ItemPage"],"@id":"https:\/\/vmsport.fi\/verkkokauppa\/varaosat\/satulat-ja-satulatolpat\/satulat\/trek-verse-short-comp-pyorily-satula\/","url":"https:\/\/vmsport.fi\/verkkokauppa\/varaosat\/satulat-ja-satulatolpat\/satulat\/trek-verse-short-comp-pyorily-satula\/","name":"Trek Verse Short Comp Py\u00f6rily Satula - VM Sport","isPartOf":{"@id":"https:\/\/vmsport.fi\/#website"},"primaryImageOfPage":{"@id":"https:\/\/vmsport.fi\/verkkokauppa\/varaosat\/satulat-ja-satulatolpat\/satulat\/trek-verse-short-comp-pyorily-satula\/#primaryimage"},"image":{"@id":"https:\/\/vmsport.fi\/verkkokauppa\/varaosat\/satulat-ja-satulatolpat\/satulat\/trek-verse-short-comp-pyorily-satula\/#primaryimage"},"thumbnailUrl":"https:\/\/vmsport.fi\/wp-content\/uploads\/2025\/03\/mbwS6ETsz0g8LnN3J71Ny7T9KYap8NrVektQjKslpGl2a90Eon-1.jpg","datePublished":"2025-03-05T22:15:52+00:00","dateModified":"2026-04-22T12:40:47+00:00","breadcrumb":{"@id":"https:\/\/vmsport.fi\/verkkokauppa\/varaosat\/satulat-ja-satulatolpat\/satulat\/trek-verse-short-comp-pyorily-satula\/#breadcrumb"},"inLanguage":"sv-SE","potentialAction":[{"@type":"ReadAction","target":["https:\/\/vmsport.fi\/verkkokauppa\/varaosat\/satulat-ja-satulatolpat\/satulat\/trek-verse-short-comp-pyorily-satula\/"]}]},{"@type":"ImageObject","inLanguage":"sv-SE","@id":"https:\/\/vmsport.fi\/verkkokauppa\/varaosat\/satulat-ja-satulatolpat\/satulat\/trek-verse-short-comp-pyorily-satula\/#primaryimage","url":"https:\/\/vmsport.fi\/wp-content\/uploads\/2025\/03\/mbwS6ETsz0g8LnN3J71Ny7T9KYap8NrVektQjKslpGl2a90Eon-1.jpg","contentUrl":"https:\/\/vmsport.fi\/wp-content\/uploads\/2025\/03\/mbwS6ETsz0g8LnN3J71Ny7T9KYap8NrVektQjKslpGl2a90Eon-1.jpg","width":1000,"height":750,"caption":"mbwS6ETsz0g8LnN3J71Ny7T9KYap8NrVektQjKslpGl2a90Eon"},{"@type":"BreadcrumbList","@id":"https:\/\/vmsport.fi\/verkkokauppa\/varaosat\/satulat-ja-satulatolpat\/satulat\/trek-verse-short-comp-pyorily-satula\/#breadcrumb","itemListElement":[{"@type":"ListItem","position":1,"name":"Etusivu","item":"https:\/\/vmsport.fi\/"},{"@type":"ListItem","position":2,"name":"Online Store","item":"https:\/\/vmsport.fi\/en\/online-store\/"},{"@type":"ListItem","position":3,"name":"Trek Verse Short Comp Py\u00f6rily Satula"}]},{"@type":"WebSite","@id":"https:\/\/vmsport.fi\/#website","url":"https:\/\/vmsport.fi\/","name":"Vmsport","description":"Allt p\u00e5 ett st\u00e4lle f\u00f6r cykling","publisher":{"@id":"https:\/\/vmsport.fi\/#organization"},"potentialAction":[{"@type":"SearchAction","target":{"@type":"EntryPoint","urlTemplate":"https:\/\/vmsport.fi\/?s={search_term_string}"},"query-input":{"@type":"PropertyValueSpecification","valueRequired":true,"valueName":"search_term_string"}}],"inLanguage":"sv-SE"},{"@type":"Organization","@id":"https:\/\/vmsport.fi\/#organization","name":"Vmsport","url":"https:\/\/vmsport.fi\/","logo":{"@type":"ImageObject","inLanguage":"sv-SE","@id":"https:\/\/vmsport.fi\/#\/schema\/logo\/image\/","url":"https:\/\/vmsport.fi\/wp-content\/uploads\/2024\/12\/vm_sport_RGB_horisontal-e1734526017575.png","contentUrl":"https:\/\/vmsport.fi\/wp-content\/uploads\/2024\/12\/vm_sport_RGB_horisontal-e1734526017575.png","width":668,"height":85,"caption":"Vmsport"},"image":{"@id":"https:\/\/vmsport.fi\/#\/schema\/logo\/image\/"},"sameAs":["https:\/\/www.facebook.com\/Vmsport.fi\/","https:\/\/www.instagram.com\/vmsport\/"]}]}},"global_unique_id":"","_links":{"self":[{"href":"https:\/\/vmsport.fi\/sv\/wp-json\/wp\/v2\/product\/56089","targetHints":{"allow":["GET"]}}],"collection":[{"href":"https:\/\/vmsport.fi\/sv\/wp-json\/wp\/v2\/product"}],"about":[{"href":"https:\/\/vmsport.fi\/sv\/wp-json\/wp\/v2\/types\/product"}],"replies":[{"embeddable":true,"href":"https:\/\/vmsport.fi\/sv\/wp-json\/wp\/v2\/comments?post=56089"}],"wp:featuredmedia":[{"embeddable":true,"href":"https:\/\/vmsport.fi\/sv\/wp-json\/wp\/v2\/media\/56084"}],"wp:attachment":[{"href":"https:\/\/vmsport.fi\/sv\/wp-json\/wp\/v2\/media?parent=56089"}],"wp:term":[{"taxonomy":"product_brand","embeddable":true,"href":"https:\/\/vmsport.fi\/sv\/wp-json\/wp\/v2\/product_brand?post=56089"},{"taxonomy":"product_model","embeddable":true,"href":"https:\/\/vmsport.fi\/sv\/wp-json\/wp\/v2\/product_model?post=56089"},{"taxonomy":"product_cat","embeddable":true,"href":"https:\/\/vmsport.fi\/sv\/wp-json\/wp\/v2\/product_cat?post=56089"},{"taxonomy":"product_tag","embeddable":true,"href":"https:\/\/vmsport.fi\/sv\/wp-json\/wp\/v2\/product_tag?post=56089"},{"taxonomy":"industry_terminology","embeddable":true,"href":"https:\/\/vmsport.fi\/sv\/wp-json\/wp\/v2\/industry-terminology?post=56089"}],"curies":[{"name":"wp","href":"https:\/\/api.w.org\/{rel}","templated":true}]}}