{"id":56081,"date":"2025-03-06T00:15:46","date_gmt":"2025-03-05T22:15:46","guid":{"rendered":"https:\/\/vmsport.fi\/verkkokauppa\/Ei-luokiteltu\/ajokenka-gr501-oliivi-43\/"},"modified":"2026-04-22T15:10:10","modified_gmt":"2026-04-22T12:10:10","slug":"drivring-gr501-oliv-43","status":"publish","type":"product","link":"https:\/\/vmsport.fi\/sv\/verkkokauppa\/ajovarusteet\/kengat\/maastokengat\/ajokenka-gr501-oliivi-43\/","title":{"rendered":"K\u00f6rsko GR501 Olive 43"},"content":{"rendered":"<p>H\u00e4r \u00e4r Shimano GR501, k\u00e4nd f\u00f6r sin utm\u00e4rkta komfort och h\u00e5llbarhet. Den olivgr\u00f6na modellen kombinerar snyggt utseende och funktionalitet, vilket g\u00f6r den till ett idealiskt val f\u00f6r cyklister. Skons slitstarka konstruktion och greppv\u00e4nliga sula \u00e4r utformade f\u00f6r att ge optimal kontroll under k\u00f6rning, vilket f\u00f6rb\u00e4ttrar b\u00e5de prestanda och s\u00e4kerhet. Innovativ design och detaljer som andningsbara material \u00f6kar komforten under l\u00e5nga cykelturer.<\/p>","protected":false},"excerpt":{"rendered":"<p>T\u00e4ss\u00e4 on Shimano GR501 -ajokenk\u00e4, joka tunnetaan erinomaisesta mukavuudestaan ja kest\u00e4vyydest\u00e4\u00e4n. Oliivinvihre\u00e4 malli yhdist\u00e4\u00e4 tyylikk\u00e4\u00e4n ulkon\u00e4\u00f6n ja toiminnallisuuden, mik\u00e4 tekee siit\u00e4 ihanteellisen valinnan py\u00f6r\u00e4ilij\u00f6ille. Keng\u00e4n kest\u00e4v\u00e4 rakenne ja pit\u00e4v\u00e4 pohja on suunniteltu tarjoamaan optimaalista hallintaa ajon aikana, mik\u00e4 parantaa sek\u00e4 suorituskyky\u00e4 ett\u00e4 turvallisuutta. Innovatiivinen muotoilu ja yksityiskohdat, kuten hengitt\u00e4v\u00e4t materiaalit, lis\u00e4\u00e4v\u00e4t k\u00e4ytt\u00f6mukavuutta pitkill\u00e4 ajomatkoilla. [&#8230;]<\/p>\n<p><a class=\"btn btn-secondary understrap-read-more-link\" href=\"https:\/\/vmsport.fi\/sv\/verkkokauppa\/ajovarusteet\/kengat\/maastokengat\/ajokenka-gr501-oliivi-43\/\">L\u00e4s mer \u2026<span class=\"screen-reader-text\"> from Ajokenk\u00e4 GR501 Oliivi 43<\/span><\/a><\/p>\n","protected":false},"featured_media":56080,"comment_status":"open","ping_status":"closed","template":"","meta":{"_acf_changed":false,"_improvement_type_select":"improve_an_existing","_thumb_yes_seoaic":false,"_frame_yes_seoaic":false,"seoaic_generate_description":"","seoaic_improve_instructions_prompt":"","seoaic_rollback_content_improvement":"","seoaic_idea_thumbnail_generator":"","thumbnail_generated":false,"thumbnail_generate_prompt":"","seoaic_article_description":"","_supplier_stock_quantity":0},"product_brand":[],"product_model":[],"product_cat":[9498],"product_tag":[],"industry-terminology":[],"class_list":{"0":"post-56081","1":"product","2":"type-product","3":"status-publish","4":"has-post-thumbnail","6":"product_cat-maastokengat","8":"first","9":"instock","10":"taxable","11":"shipping-taxable","12":"purchasable","13":"product-type-simple"},"acf":{"bike_features":null,"overview":{"copy_overview":null,"key_features":null,"statement":"","youtube_url":""}},"yoast_head":"<!-- This site is optimized with the Yoast SEO plugin v27.4 - https:\/\/yoast.com\/product\/yoast-seo-wordpress\/ -->\n<title>Ajokenk\u00e4 GR501 Oliivi 43 - VM Sport<\/title>\n<meta name=\"robots\" content=\"index, follow, max-snippet:-1, max-image-preview:large, max-video-preview:-1\" \/>\n<link rel=\"canonical\" href=\"https:\/\/vmsport.fi\/sv\/webbutik\/korutrustning\/skor\/terrangskor\/drivring-gr501-oliv-43\/\" \/>\n<meta property=\"og:locale\" content=\"sv_SE\" \/>\n<meta property=\"og:type\" content=\"article\" \/>\n<meta property=\"og:title\" content=\"Ajokenk\u00e4 GR501 Oliivi 43 - VM Sport\" \/>\n<meta property=\"og:description\" content=\"T\u00e4ss\u00e4 on Shimano GR501 -ajokenk\u00e4, joka tunnetaan erinomaisesta mukavuudestaan ja kest\u00e4vyydest\u00e4\u00e4n. Oliivinvihre\u00e4 malli yhdist\u00e4\u00e4 tyylikk\u00e4\u00e4n ulkon\u00e4\u00f6n ja toiminnallisuuden, mik\u00e4 tekee siit\u00e4 ihanteellisen valinnan py\u00f6r\u00e4ilij\u00f6ille. Keng\u00e4n kest\u00e4v\u00e4 rakenne ja pit\u00e4v\u00e4 pohja on suunniteltu tarjoamaan optimaalista hallintaa ajon aikana, mik\u00e4 parantaa sek\u00e4 suorituskyky\u00e4 ett\u00e4 turvallisuutta. Innovatiivinen muotoilu ja yksityiskohdat, kuten hengitt\u00e4v\u00e4t materiaalit, lis\u00e4\u00e4v\u00e4t k\u00e4ytt\u00f6mukavuutta pitkill\u00e4 ajomatkoilla. [...]L\u00e4s mer \u2026 from Ajokenk\u00e4 GR501 Oliivi 43\" \/>\n<meta property=\"og:url\" content=\"https:\/\/vmsport.fi\/sv\/webbutik\/korutrustning\/skor\/terrangskor\/drivring-gr501-oliv-43\/\" \/>\n<meta property=\"og:site_name\" content=\"VM Sport\" \/>\n<meta property=\"article:publisher\" content=\"https:\/\/www.facebook.com\/Vmsport.fi\/\" \/>\n<meta property=\"article:modified_time\" content=\"2026-04-22T12:10:10+00:00\" \/>\n<meta property=\"og:image\" content=\"https:\/\/vmsport.fi\/wp-content\/uploads\/2025\/03\/cABvB3m1HDqAPqkb4XFvE49im1AcpVfKQ7lX5pbV5ceHXfvAEI-1.jpg\" \/>\n\t<meta property=\"og:image:width\" content=\"600\" \/>\n\t<meta property=\"og:image:height\" content=\"600\" \/>\n\t<meta property=\"og:image:type\" content=\"image\/jpeg\" \/>\n<meta name=\"twitter:card\" content=\"summary_large_image\" \/>\n<script type=\"application\/ld+json\" class=\"yoast-schema-graph\">{\"@context\":\"https:\\\/\\\/schema.org\",\"@graph\":[{\"@type\":[\"WebPage\",\"ItemPage\"],\"@id\":\"https:\\\/\\\/vmsport.fi\\\/verkkokauppa\\\/ajovarusteet\\\/kengat\\\/maastokengat\\\/ajokenka-gr501-oliivi-43\\\/\",\"url\":\"https:\\\/\\\/vmsport.fi\\\/verkkokauppa\\\/ajovarusteet\\\/kengat\\\/maastokengat\\\/ajokenka-gr501-oliivi-43\\\/\",\"name\":\"Ajokenk\u00e4 GR501 Oliivi 43 - VM Sport\",\"isPartOf\":{\"@id\":\"https:\\\/\\\/vmsport.fi\\\/#website\"},\"primaryImageOfPage\":{\"@id\":\"https:\\\/\\\/vmsport.fi\\\/verkkokauppa\\\/ajovarusteet\\\/kengat\\\/maastokengat\\\/ajokenka-gr501-oliivi-43\\\/#primaryimage\"},\"image\":{\"@id\":\"https:\\\/\\\/vmsport.fi\\\/verkkokauppa\\\/ajovarusteet\\\/kengat\\\/maastokengat\\\/ajokenka-gr501-oliivi-43\\\/#primaryimage\"},\"thumbnailUrl\":\"https:\\\/\\\/vmsport.fi\\\/wp-content\\\/uploads\\\/2025\\\/03\\\/cABvB3m1HDqAPqkb4XFvE49im1AcpVfKQ7lX5pbV5ceHXfvAEI-1.jpg\",\"datePublished\":\"2025-03-05T22:15:46+00:00\",\"dateModified\":\"2026-04-22T12:10:10+00:00\",\"breadcrumb\":{\"@id\":\"https:\\\/\\\/vmsport.fi\\\/verkkokauppa\\\/ajovarusteet\\\/kengat\\\/maastokengat\\\/ajokenka-gr501-oliivi-43\\\/#breadcrumb\"},\"inLanguage\":\"sv-SE\",\"potentialAction\":[{\"@type\":\"ReadAction\",\"target\":[\"https:\\\/\\\/vmsport.fi\\\/verkkokauppa\\\/ajovarusteet\\\/kengat\\\/maastokengat\\\/ajokenka-gr501-oliivi-43\\\/\"]}]},{\"@type\":\"ImageObject\",\"inLanguage\":\"sv-SE\",\"@id\":\"https:\\\/\\\/vmsport.fi\\\/verkkokauppa\\\/ajovarusteet\\\/kengat\\\/maastokengat\\\/ajokenka-gr501-oliivi-43\\\/#primaryimage\",\"url\":\"https:\\\/\\\/vmsport.fi\\\/wp-content\\\/uploads\\\/2025\\\/03\\\/cABvB3m1HDqAPqkb4XFvE49im1AcpVfKQ7lX5pbV5ceHXfvAEI-1.jpg\",\"contentUrl\":\"https:\\\/\\\/vmsport.fi\\\/wp-content\\\/uploads\\\/2025\\\/03\\\/cABvB3m1HDqAPqkb4XFvE49im1AcpVfKQ7lX5pbV5ceHXfvAEI-1.jpg\",\"width\":600,\"height\":600,\"caption\":\"cABvB3m1HDqAPqkb4XFvE49im1AcpVfKQ7lX5pbV5ceHXfvAEI\"},{\"@type\":\"BreadcrumbList\",\"@id\":\"https:\\\/\\\/vmsport.fi\\\/verkkokauppa\\\/ajovarusteet\\\/kengat\\\/maastokengat\\\/ajokenka-gr501-oliivi-43\\\/#breadcrumb\",\"itemListElement\":[{\"@type\":\"ListItem\",\"position\":1,\"name\":\"Etusivu\",\"item\":\"https:\\\/\\\/vmsport.fi\\\/\"},{\"@type\":\"ListItem\",\"position\":2,\"name\":\"Online Store\",\"item\":\"https:\\\/\\\/vmsport.fi\\\/en\\\/online-store\\\/\"},{\"@type\":\"ListItem\",\"position\":3,\"name\":\"Ajokenk\u00e4 GR501 Oliivi 43\"}]},{\"@type\":\"WebSite\",\"@id\":\"https:\\\/\\\/vmsport.fi\\\/#website\",\"url\":\"https:\\\/\\\/vmsport.fi\\\/\",\"name\":\"Vmsport\",\"description\":\"Kaikki py\u00f6r\u00e4ilyyn yhdest\u00e4 paikasta\",\"publisher\":{\"@id\":\"https:\\\/\\\/vmsport.fi\\\/#organization\"},\"potentialAction\":[{\"@type\":\"SearchAction\",\"target\":{\"@type\":\"EntryPoint\",\"urlTemplate\":\"https:\\\/\\\/vmsport.fi\\\/?s={search_term_string}\"},\"query-input\":{\"@type\":\"PropertyValueSpecification\",\"valueRequired\":true,\"valueName\":\"search_term_string\"}}],\"inLanguage\":\"sv-SE\"},{\"@type\":\"Organization\",\"@id\":\"https:\\\/\\\/vmsport.fi\\\/#organization\",\"name\":\"Vmsport\",\"url\":\"https:\\\/\\\/vmsport.fi\\\/\",\"logo\":{\"@type\":\"ImageObject\",\"inLanguage\":\"sv-SE\",\"@id\":\"https:\\\/\\\/vmsport.fi\\\/#\\\/schema\\\/logo\\\/image\\\/\",\"url\":\"https:\\\/\\\/vmsport.fi\\\/wp-content\\\/uploads\\\/2024\\\/12\\\/vm_sport_RGB_horisontal-e1734526017575.png\",\"contentUrl\":\"https:\\\/\\\/vmsport.fi\\\/wp-content\\\/uploads\\\/2024\\\/12\\\/vm_sport_RGB_horisontal-e1734526017575.png\",\"width\":668,\"height\":85,\"caption\":\"Vmsport\"},\"image\":{\"@id\":\"https:\\\/\\\/vmsport.fi\\\/#\\\/schema\\\/logo\\\/image\\\/\"},\"sameAs\":[\"https:\\\/\\\/www.facebook.com\\\/Vmsport.fi\\\/\",\"https:\\\/\\\/www.instagram.com\\\/vmsport\\\/\"]}]}<\/script>\n<!-- \/ Yoast SEO plugin. -->","yoast_head_json":{"title":"K\u00f6rsko GR501 Olive 43 - VM Sport","robots":{"index":"index","follow":"follow","max-snippet":"max-snippet:-1","max-image-preview":"max-image-preview:large","max-video-preview":"max-video-preview:-1"},"canonical":"https:\/\/vmsport.fi\/sv\/webbutik\/korutrustning\/skor\/terrangskor\/drivring-gr501-oliv-43\/","og_locale":"sv_SE","og_type":"article","og_title":"Ajokenk\u00e4 GR501 Oliivi 43 - VM Sport","og_description":"T\u00e4ss\u00e4 on Shimano GR501 -ajokenk\u00e4, joka tunnetaan erinomaisesta mukavuudestaan ja kest\u00e4vyydest\u00e4\u00e4n. Oliivinvihre\u00e4 malli yhdist\u00e4\u00e4 tyylikk\u00e4\u00e4n ulkon\u00e4\u00f6n ja toiminnallisuuden, mik\u00e4 tekee siit\u00e4 ihanteellisen valinnan py\u00f6r\u00e4ilij\u00f6ille. Keng\u00e4n kest\u00e4v\u00e4 rakenne ja pit\u00e4v\u00e4 pohja on suunniteltu tarjoamaan optimaalista hallintaa ajon aikana, mik\u00e4 parantaa sek\u00e4 suorituskyky\u00e4 ett\u00e4 turvallisuutta. Innovatiivinen muotoilu ja yksityiskohdat, kuten hengitt\u00e4v\u00e4t materiaalit, lis\u00e4\u00e4v\u00e4t k\u00e4ytt\u00f6mukavuutta pitkill\u00e4 ajomatkoilla. [...]L\u00e4s mer \u2026 from Ajokenk\u00e4 GR501 Oliivi 43","og_url":"https:\/\/vmsport.fi\/sv\/webbutik\/korutrustning\/skor\/terrangskor\/drivring-gr501-oliv-43\/","og_site_name":"VM Sport","article_publisher":"https:\/\/www.facebook.com\/Vmsport.fi\/","article_modified_time":"2026-04-22T12:10:10+00:00","og_image":[{"width":600,"height":600,"url":"https:\/\/vmsport.fi\/wp-content\/uploads\/2025\/03\/cABvB3m1HDqAPqkb4XFvE49im1AcpVfKQ7lX5pbV5ceHXfvAEI-1.jpg","type":"image\/jpeg"}],"twitter_card":"summary_large_image","schema":{"@context":"https:\/\/schema.org","@graph":[{"@type":["WebPage","ItemPage"],"@id":"https:\/\/vmsport.fi\/verkkokauppa\/ajovarusteet\/kengat\/maastokengat\/ajokenka-gr501-oliivi-43\/","url":"https:\/\/vmsport.fi\/verkkokauppa\/ajovarusteet\/kengat\/maastokengat\/ajokenka-gr501-oliivi-43\/","name":"K\u00f6rsko GR501 Olive 43 - VM Sport","isPartOf":{"@id":"https:\/\/vmsport.fi\/#website"},"primaryImageOfPage":{"@id":"https:\/\/vmsport.fi\/verkkokauppa\/ajovarusteet\/kengat\/maastokengat\/ajokenka-gr501-oliivi-43\/#primaryimage"},"image":{"@id":"https:\/\/vmsport.fi\/verkkokauppa\/ajovarusteet\/kengat\/maastokengat\/ajokenka-gr501-oliivi-43\/#primaryimage"},"thumbnailUrl":"https:\/\/vmsport.fi\/wp-content\/uploads\/2025\/03\/cABvB3m1HDqAPqkb4XFvE49im1AcpVfKQ7lX5pbV5ceHXfvAEI-1.jpg","datePublished":"2025-03-05T22:15:46+00:00","dateModified":"2026-04-22T12:10:10+00:00","breadcrumb":{"@id":"https:\/\/vmsport.fi\/verkkokauppa\/ajovarusteet\/kengat\/maastokengat\/ajokenka-gr501-oliivi-43\/#breadcrumb"},"inLanguage":"sv-SE","potentialAction":[{"@type":"ReadAction","target":["https:\/\/vmsport.fi\/verkkokauppa\/ajovarusteet\/kengat\/maastokengat\/ajokenka-gr501-oliivi-43\/"]}]},{"@type":"ImageObject","inLanguage":"sv-SE","@id":"https:\/\/vmsport.fi\/verkkokauppa\/ajovarusteet\/kengat\/maastokengat\/ajokenka-gr501-oliivi-43\/#primaryimage","url":"https:\/\/vmsport.fi\/wp-content\/uploads\/2025\/03\/cABvB3m1HDqAPqkb4XFvE49im1AcpVfKQ7lX5pbV5ceHXfvAEI-1.jpg","contentUrl":"https:\/\/vmsport.fi\/wp-content\/uploads\/2025\/03\/cABvB3m1HDqAPqkb4XFvE49im1AcpVfKQ7lX5pbV5ceHXfvAEI-1.jpg","width":600,"height":600,"caption":"cABvB3m1HDqAPqkb4XFvE49im1AcpVfKQ7lX5pbV5ceHXfvAEI"},{"@type":"BreadcrumbList","@id":"https:\/\/vmsport.fi\/verkkokauppa\/ajovarusteet\/kengat\/maastokengat\/ajokenka-gr501-oliivi-43\/#breadcrumb","itemListElement":[{"@type":"ListItem","position":1,"name":"Etusivu","item":"https:\/\/vmsport.fi\/"},{"@type":"ListItem","position":2,"name":"Online Store","item":"https:\/\/vmsport.fi\/en\/online-store\/"},{"@type":"ListItem","position":3,"name":"Ajokenk\u00e4 GR501 Oliivi 43"}]},{"@type":"WebSite","@id":"https:\/\/vmsport.fi\/#website","url":"https:\/\/vmsport.fi\/","name":"Vmsport","description":"Allt p\u00e5 ett st\u00e4lle f\u00f6r cykling","publisher":{"@id":"https:\/\/vmsport.fi\/#organization"},"potentialAction":[{"@type":"SearchAction","target":{"@type":"EntryPoint","urlTemplate":"https:\/\/vmsport.fi\/?s={search_term_string}"},"query-input":{"@type":"PropertyValueSpecification","valueRequired":true,"valueName":"search_term_string"}}],"inLanguage":"sv-SE"},{"@type":"Organization","@id":"https:\/\/vmsport.fi\/#organization","name":"Vmsport","url":"https:\/\/vmsport.fi\/","logo":{"@type":"ImageObject","inLanguage":"sv-SE","@id":"https:\/\/vmsport.fi\/#\/schema\/logo\/image\/","url":"https:\/\/vmsport.fi\/wp-content\/uploads\/2024\/12\/vm_sport_RGB_horisontal-e1734526017575.png","contentUrl":"https:\/\/vmsport.fi\/wp-content\/uploads\/2024\/12\/vm_sport_RGB_horisontal-e1734526017575.png","width":668,"height":85,"caption":"Vmsport"},"image":{"@id":"https:\/\/vmsport.fi\/#\/schema\/logo\/image\/"},"sameAs":["https:\/\/www.facebook.com\/Vmsport.fi\/","https:\/\/www.instagram.com\/vmsport\/"]}]}},"global_unique_id":"","_links":{"self":[{"href":"https:\/\/vmsport.fi\/sv\/wp-json\/wp\/v2\/product\/56081","targetHints":{"allow":["GET"]}}],"collection":[{"href":"https:\/\/vmsport.fi\/sv\/wp-json\/wp\/v2\/product"}],"about":[{"href":"https:\/\/vmsport.fi\/sv\/wp-json\/wp\/v2\/types\/product"}],"replies":[{"embeddable":true,"href":"https:\/\/vmsport.fi\/sv\/wp-json\/wp\/v2\/comments?post=56081"}],"wp:featuredmedia":[{"embeddable":true,"href":"https:\/\/vmsport.fi\/sv\/wp-json\/wp\/v2\/media\/56080"}],"wp:attachment":[{"href":"https:\/\/vmsport.fi\/sv\/wp-json\/wp\/v2\/media?parent=56081"}],"wp:term":[{"taxonomy":"product_brand","embeddable":true,"href":"https:\/\/vmsport.fi\/sv\/wp-json\/wp\/v2\/product_brand?post=56081"},{"taxonomy":"product_model","embeddable":true,"href":"https:\/\/vmsport.fi\/sv\/wp-json\/wp\/v2\/product_model?post=56081"},{"taxonomy":"product_cat","embeddable":true,"href":"https:\/\/vmsport.fi\/sv\/wp-json\/wp\/v2\/product_cat?post=56081"},{"taxonomy":"product_tag","embeddable":true,"href":"https:\/\/vmsport.fi\/sv\/wp-json\/wp\/v2\/product_tag?post=56081"},{"taxonomy":"industry_terminology","embeddable":true,"href":"https:\/\/vmsport.fi\/sv\/wp-json\/wp\/v2\/industry-terminology?post=56081"}],"curies":[{"name":"wp","href":"https:\/\/api.w.org\/{rel}","templated":true}]}}