{"id":56077,"date":"2025-03-06T00:15:44","date_gmt":"2025-03-05T22:15:44","guid":{"rendered":"https:\/\/vmsport.fi\/verkkokauppa\/Ei-luokiteltu\/shimano-jarrulevy-160mm-centerlock-sm-rt54-ei-lukkorengasta\/"},"modified":"2026-04-01T10:45:32","modified_gmt":"2026-04-01T07:45:32","slug":"shimano-bromsskiva-160mm-centerlock-sm-rt54-utan-lasring","status":"publish","type":"product","link":"https:\/\/vmsport.fi\/sv\/verkkokauppa\/varaosat\/jarrut\/jarrulevyt\/shimano-jarrulevy-160mm-centerlock-sm-rt54-ei-lukkorengasta\/","title":{"rendered":"Shimano-bromsskiva 160 mm Centerlock SM-RT54, utan l\u00e5sring"},"content":{"rendered":"<p>Shimano 160 mm Centerlock-bromsskiva SM-RT54 \u00e4r k\u00e4nd f\u00f6r sin effektivitet och \u00e4r s\u00e4rskilt utformad f\u00f6r hartsbromsbel\u00e4gg. En l\u00e5sring ing\u00e5r inte i paketet, s\u00e5 den m\u00e5ste k\u00f6pas separat. Centerlock-f\u00e4stsystemet g\u00f6r monteringen enkel och s\u00e4ker, samtidigt som det ger en tillf\u00f6rlitlig fixering. Den slitstarka konstruktionen s\u00e4kerst\u00e4ller att bromsskivan beh\u00e5ller sin prestanda p\u00e5 l\u00e5ng sikt. Denna 160 mm bromsskiva f\u00f6rb\u00e4ttrar hjulets bromsprestanda och s\u00e4kerst\u00e4ller en smidig k\u00f6rupplevelse under alla f\u00f6rh\u00e5llanden.<\/p>","protected":false},"excerpt":{"rendered":"<p>Shimano 160 mm Centerlock-jarrulevy SM-RT54 on tunnettu tehokkuudestaan ja se on suunniteltu erityisesti hartsijarrupaloille. Pakkauksessa ei tule mukana lukitusrengasta, joten se on ostettava erikseen. Centerlock-kiinnitysj\u00e4rjestelm\u00e4 tekee asennuksesta helppoa ja turvallista, tarjoten samalla luotettavan kiinnityksen. Kest\u00e4v\u00e4 rakenne takaa jarrulevyn pitk\u00e4aikaisten k\u00e4ytt\u00f6ominaisuuksien s\u00e4ilymisen. T\u00e4m\u00e4 160 mm jarrulevy parantaa py\u00f6r\u00e4n jarrutustehoa ja varmistaa sile\u00e4n ajoel\u00e4myksen kaikissa olosuhteissa. [&#8230;]<\/p>\n<p><a class=\"btn btn-secondary understrap-read-more-link\" href=\"https:\/\/vmsport.fi\/sv\/verkkokauppa\/varaosat\/jarrut\/jarrulevyt\/shimano-jarrulevy-160mm-centerlock-sm-rt54-ei-lukkorengasta\/\">L\u00e4s mer \u2026<span class=\"screen-reader-text\"> from Shimano Jarrulevy 160mm Centerlock SM-RT54, Ei Lukkorengasta<\/span><\/a><\/p>\n","protected":false},"featured_media":56076,"comment_status":"open","ping_status":"closed","template":"","meta":{"_acf_changed":false,"_improvement_type_select":"improve_an_existing","_thumb_yes_seoaic":false,"_frame_yes_seoaic":false,"seoaic_generate_description":"","seoaic_improve_instructions_prompt":"","seoaic_rollback_content_improvement":"","seoaic_idea_thumbnail_generator":"","thumbnail_generated":false,"thumbnail_generate_prompt":"","seoaic_article_description":"","_supplier_stock_quantity":0},"product_brand":[],"product_model":[],"product_cat":[9340],"product_tag":[],"industry-terminology":[],"class_list":{"0":"post-56077","1":"product","2":"type-product","3":"status-publish","4":"has-post-thumbnail","6":"product_cat-jarrulevyt","8":"first","9":"instock","10":"taxable","11":"shipping-taxable","12":"purchasable","13":"product-type-simple"},"acf":{"bike_features":null,"overview":{"copy_overview":null,"key_features":null,"statement":"","youtube_url":""}},"yoast_head":"<!-- This site is optimized with the Yoast SEO plugin v27.3 - https:\/\/yoast.com\/product\/yoast-seo-wordpress\/ -->\n<title>Shimano Jarrulevy 160mm Centerlock SM-RT54, Ei Lukkorengasta - VM Sport<\/title>\n<meta name=\"robots\" content=\"index, follow, max-snippet:-1, max-image-preview:large, max-video-preview:-1\" \/>\n<link rel=\"canonical\" href=\"https:\/\/vmsport.fi\/sv\/webbutik\/reservdelar\/bromsar\/bromsskivor\/shimano-bromsskiva-160mm-centerlock-sm-rt54-utan-lasring\/\" \/>\n<meta property=\"og:locale\" content=\"sv_SE\" \/>\n<meta property=\"og:type\" content=\"article\" \/>\n<meta property=\"og:title\" content=\"Shimano Jarrulevy 160mm Centerlock SM-RT54, Ei Lukkorengasta - VM Sport\" \/>\n<meta property=\"og:description\" content=\"Shimano 160 mm Centerlock-jarrulevy SM-RT54 on tunnettu tehokkuudestaan ja se on suunniteltu erityisesti hartsijarrupaloille. Pakkauksessa ei tule mukana lukitusrengasta, joten se on ostettava erikseen. Centerlock-kiinnitysj\u00e4rjestelm\u00e4 tekee asennuksesta helppoa ja turvallista, tarjoten samalla luotettavan kiinnityksen. Kest\u00e4v\u00e4 rakenne takaa jarrulevyn pitk\u00e4aikaisten k\u00e4ytt\u00f6ominaisuuksien s\u00e4ilymisen. T\u00e4m\u00e4 160 mm jarrulevy parantaa py\u00f6r\u00e4n jarrutustehoa ja varmistaa sile\u00e4n ajoel\u00e4myksen kaikissa olosuhteissa. [...]L\u00e4s mer \u2026 from Shimano Jarrulevy 160mm Centerlock SM-RT54, Ei Lukkorengasta\" \/>\n<meta property=\"og:url\" content=\"https:\/\/vmsport.fi\/sv\/webbutik\/reservdelar\/bromsar\/bromsskivor\/shimano-bromsskiva-160mm-centerlock-sm-rt54-utan-lasring\/\" \/>\n<meta property=\"og:site_name\" content=\"VM Sport\" \/>\n<meta property=\"article:publisher\" content=\"https:\/\/www.facebook.com\/Vmsport.fi\/\" \/>\n<meta property=\"article:modified_time\" content=\"2026-04-01T07:45:32+00:00\" \/>\n<meta property=\"og:image\" content=\"https:\/\/vmsport.fi\/wp-content\/uploads\/2025\/03\/P-SM-RT54-2014products0377-jpg-thumb-572-572-1.png\" \/>\n\t<meta property=\"og:image:width\" content=\"572\" \/>\n\t<meta property=\"og:image:height\" content=\"572\" \/>\n\t<meta property=\"og:image:type\" content=\"image\/png\" \/>\n<meta name=\"twitter:card\" content=\"summary_large_image\" \/>\n<script type=\"application\/ld+json\" class=\"yoast-schema-graph\">{\"@context\":\"https:\\\/\\\/schema.org\",\"@graph\":[{\"@type\":[\"WebPage\",\"ItemPage\"],\"@id\":\"https:\\\/\\\/vmsport.fi\\\/verkkokauppa\\\/varaosat\\\/jarrut\\\/jarrulevyt\\\/shimano-jarrulevy-160mm-centerlock-sm-rt54-ei-lukkorengasta\\\/\",\"url\":\"https:\\\/\\\/vmsport.fi\\\/verkkokauppa\\\/varaosat\\\/jarrut\\\/jarrulevyt\\\/shimano-jarrulevy-160mm-centerlock-sm-rt54-ei-lukkorengasta\\\/\",\"name\":\"Shimano Jarrulevy 160mm Centerlock SM-RT54, Ei Lukkorengasta - VM Sport\",\"isPartOf\":{\"@id\":\"https:\\\/\\\/vmsport.fi\\\/#website\"},\"primaryImageOfPage\":{\"@id\":\"https:\\\/\\\/vmsport.fi\\\/verkkokauppa\\\/varaosat\\\/jarrut\\\/jarrulevyt\\\/shimano-jarrulevy-160mm-centerlock-sm-rt54-ei-lukkorengasta\\\/#primaryimage\"},\"image\":{\"@id\":\"https:\\\/\\\/vmsport.fi\\\/verkkokauppa\\\/varaosat\\\/jarrut\\\/jarrulevyt\\\/shimano-jarrulevy-160mm-centerlock-sm-rt54-ei-lukkorengasta\\\/#primaryimage\"},\"thumbnailUrl\":\"https:\\\/\\\/vmsport.fi\\\/wp-content\\\/uploads\\\/2025\\\/03\\\/P-SM-RT54-2014products0377-jpg-thumb-572-572-1.png\",\"datePublished\":\"2025-03-05T22:15:44+00:00\",\"dateModified\":\"2026-04-01T07:45:32+00:00\",\"breadcrumb\":{\"@id\":\"https:\\\/\\\/vmsport.fi\\\/verkkokauppa\\\/varaosat\\\/jarrut\\\/jarrulevyt\\\/shimano-jarrulevy-160mm-centerlock-sm-rt54-ei-lukkorengasta\\\/#breadcrumb\"},\"inLanguage\":\"sv-SE\",\"potentialAction\":[{\"@type\":\"ReadAction\",\"target\":[\"https:\\\/\\\/vmsport.fi\\\/verkkokauppa\\\/varaosat\\\/jarrut\\\/jarrulevyt\\\/shimano-jarrulevy-160mm-centerlock-sm-rt54-ei-lukkorengasta\\\/\"]}]},{\"@type\":\"ImageObject\",\"inLanguage\":\"sv-SE\",\"@id\":\"https:\\\/\\\/vmsport.fi\\\/verkkokauppa\\\/varaosat\\\/jarrut\\\/jarrulevyt\\\/shimano-jarrulevy-160mm-centerlock-sm-rt54-ei-lukkorengasta\\\/#primaryimage\",\"url\":\"https:\\\/\\\/vmsport.fi\\\/wp-content\\\/uploads\\\/2025\\\/03\\\/P-SM-RT54-2014products0377-jpg-thumb-572-572-1.png\",\"contentUrl\":\"https:\\\/\\\/vmsport.fi\\\/wp-content\\\/uploads\\\/2025\\\/03\\\/P-SM-RT54-2014products0377-jpg-thumb-572-572-1.png\",\"width\":572,\"height\":572,\"caption\":\"P-SM-RT54-2014products0377-jpg-thumb-572-572\"},{\"@type\":\"BreadcrumbList\",\"@id\":\"https:\\\/\\\/vmsport.fi\\\/verkkokauppa\\\/varaosat\\\/jarrut\\\/jarrulevyt\\\/shimano-jarrulevy-160mm-centerlock-sm-rt54-ei-lukkorengasta\\\/#breadcrumb\",\"itemListElement\":[{\"@type\":\"ListItem\",\"position\":1,\"name\":\"Etusivu\",\"item\":\"https:\\\/\\\/vmsport.fi\\\/\"},{\"@type\":\"ListItem\",\"position\":2,\"name\":\"Online Store\",\"item\":\"https:\\\/\\\/vmsport.fi\\\/en\\\/online-store\\\/\"},{\"@type\":\"ListItem\",\"position\":3,\"name\":\"Shimano Jarrulevy 160mm Centerlock SM-RT54, Ei Lukkorengasta\"}]},{\"@type\":\"WebSite\",\"@id\":\"https:\\\/\\\/vmsport.fi\\\/#website\",\"url\":\"https:\\\/\\\/vmsport.fi\\\/\",\"name\":\"Vmsport\",\"description\":\"Kaikki py\u00f6r\u00e4ilyyn yhdest\u00e4 paikasta\",\"publisher\":{\"@id\":\"https:\\\/\\\/vmsport.fi\\\/#organization\"},\"potentialAction\":[{\"@type\":\"SearchAction\",\"target\":{\"@type\":\"EntryPoint\",\"urlTemplate\":\"https:\\\/\\\/vmsport.fi\\\/?s={search_term_string}\"},\"query-input\":{\"@type\":\"PropertyValueSpecification\",\"valueRequired\":true,\"valueName\":\"search_term_string\"}}],\"inLanguage\":\"sv-SE\"},{\"@type\":\"Organization\",\"@id\":\"https:\\\/\\\/vmsport.fi\\\/#organization\",\"name\":\"Vmsport\",\"url\":\"https:\\\/\\\/vmsport.fi\\\/\",\"logo\":{\"@type\":\"ImageObject\",\"inLanguage\":\"sv-SE\",\"@id\":\"https:\\\/\\\/vmsport.fi\\\/#\\\/schema\\\/logo\\\/image\\\/\",\"url\":\"https:\\\/\\\/vmsport.fi\\\/wp-content\\\/uploads\\\/2024\\\/12\\\/vm_sport_RGB_horisontal-e1734526017575.png\",\"contentUrl\":\"https:\\\/\\\/vmsport.fi\\\/wp-content\\\/uploads\\\/2024\\\/12\\\/vm_sport_RGB_horisontal-e1734526017575.png\",\"width\":668,\"height\":85,\"caption\":\"Vmsport\"},\"image\":{\"@id\":\"https:\\\/\\\/vmsport.fi\\\/#\\\/schema\\\/logo\\\/image\\\/\"},\"sameAs\":[\"https:\\\/\\\/www.facebook.com\\\/Vmsport.fi\\\/\",\"https:\\\/\\\/www.instagram.com\\\/vmsport\\\/\"]}]}<\/script>\n<!-- \/ Yoast SEO plugin. -->","yoast_head_json":{"title":"Shimano-bromsskiva 160 mm Centerlock SM-RT54, utan l\u00e5sring - VM Sport","robots":{"index":"index","follow":"follow","max-snippet":"max-snippet:-1","max-image-preview":"max-image-preview:large","max-video-preview":"max-video-preview:-1"},"canonical":"https:\/\/vmsport.fi\/sv\/webbutik\/reservdelar\/bromsar\/bromsskivor\/shimano-bromsskiva-160mm-centerlock-sm-rt54-utan-lasring\/","og_locale":"sv_SE","og_type":"article","og_title":"Shimano Jarrulevy 160mm Centerlock SM-RT54, Ei Lukkorengasta - VM Sport","og_description":"Shimano 160 mm Centerlock-jarrulevy SM-RT54 on tunnettu tehokkuudestaan ja se on suunniteltu erityisesti hartsijarrupaloille. Pakkauksessa ei tule mukana lukitusrengasta, joten se on ostettava erikseen. Centerlock-kiinnitysj\u00e4rjestelm\u00e4 tekee asennuksesta helppoa ja turvallista, tarjoten samalla luotettavan kiinnityksen. Kest\u00e4v\u00e4 rakenne takaa jarrulevyn pitk\u00e4aikaisten k\u00e4ytt\u00f6ominaisuuksien s\u00e4ilymisen. T\u00e4m\u00e4 160 mm jarrulevy parantaa py\u00f6r\u00e4n jarrutustehoa ja varmistaa sile\u00e4n ajoel\u00e4myksen kaikissa olosuhteissa. [...]L\u00e4s mer \u2026 from Shimano Jarrulevy 160mm Centerlock SM-RT54, Ei Lukkorengasta","og_url":"https:\/\/vmsport.fi\/sv\/webbutik\/reservdelar\/bromsar\/bromsskivor\/shimano-bromsskiva-160mm-centerlock-sm-rt54-utan-lasring\/","og_site_name":"VM Sport","article_publisher":"https:\/\/www.facebook.com\/Vmsport.fi\/","article_modified_time":"2026-04-01T07:45:32+00:00","og_image":[{"width":572,"height":572,"url":"https:\/\/vmsport.fi\/wp-content\/uploads\/2025\/03\/P-SM-RT54-2014products0377-jpg-thumb-572-572-1.png","type":"image\/png"}],"twitter_card":"summary_large_image","schema":{"@context":"https:\/\/schema.org","@graph":[{"@type":["WebPage","ItemPage"],"@id":"https:\/\/vmsport.fi\/verkkokauppa\/varaosat\/jarrut\/jarrulevyt\/shimano-jarrulevy-160mm-centerlock-sm-rt54-ei-lukkorengasta\/","url":"https:\/\/vmsport.fi\/verkkokauppa\/varaosat\/jarrut\/jarrulevyt\/shimano-jarrulevy-160mm-centerlock-sm-rt54-ei-lukkorengasta\/","name":"Shimano-bromsskiva 160 mm Centerlock SM-RT54, utan l\u00e5sring - VM Sport","isPartOf":{"@id":"https:\/\/vmsport.fi\/#website"},"primaryImageOfPage":{"@id":"https:\/\/vmsport.fi\/verkkokauppa\/varaosat\/jarrut\/jarrulevyt\/shimano-jarrulevy-160mm-centerlock-sm-rt54-ei-lukkorengasta\/#primaryimage"},"image":{"@id":"https:\/\/vmsport.fi\/verkkokauppa\/varaosat\/jarrut\/jarrulevyt\/shimano-jarrulevy-160mm-centerlock-sm-rt54-ei-lukkorengasta\/#primaryimage"},"thumbnailUrl":"https:\/\/vmsport.fi\/wp-content\/uploads\/2025\/03\/P-SM-RT54-2014products0377-jpg-thumb-572-572-1.png","datePublished":"2025-03-05T22:15:44+00:00","dateModified":"2026-04-01T07:45:32+00:00","breadcrumb":{"@id":"https:\/\/vmsport.fi\/verkkokauppa\/varaosat\/jarrut\/jarrulevyt\/shimano-jarrulevy-160mm-centerlock-sm-rt54-ei-lukkorengasta\/#breadcrumb"},"inLanguage":"sv-SE","potentialAction":[{"@type":"ReadAction","target":["https:\/\/vmsport.fi\/verkkokauppa\/varaosat\/jarrut\/jarrulevyt\/shimano-jarrulevy-160mm-centerlock-sm-rt54-ei-lukkorengasta\/"]}]},{"@type":"ImageObject","inLanguage":"sv-SE","@id":"https:\/\/vmsport.fi\/verkkokauppa\/varaosat\/jarrut\/jarrulevyt\/shimano-jarrulevy-160mm-centerlock-sm-rt54-ei-lukkorengasta\/#primaryimage","url":"https:\/\/vmsport.fi\/wp-content\/uploads\/2025\/03\/P-SM-RT54-2014products0377-jpg-thumb-572-572-1.png","contentUrl":"https:\/\/vmsport.fi\/wp-content\/uploads\/2025\/03\/P-SM-RT54-2014products0377-jpg-thumb-572-572-1.png","width":572,"height":572,"caption":"P-SM-RT54-2014products0377-jpg-thumb-572-572"},{"@type":"BreadcrumbList","@id":"https:\/\/vmsport.fi\/verkkokauppa\/varaosat\/jarrut\/jarrulevyt\/shimano-jarrulevy-160mm-centerlock-sm-rt54-ei-lukkorengasta\/#breadcrumb","itemListElement":[{"@type":"ListItem","position":1,"name":"Etusivu","item":"https:\/\/vmsport.fi\/"},{"@type":"ListItem","position":2,"name":"Online Store","item":"https:\/\/vmsport.fi\/en\/online-store\/"},{"@type":"ListItem","position":3,"name":"Shimano Jarrulevy 160mm Centerlock SM-RT54, Ei Lukkorengasta"}]},{"@type":"WebSite","@id":"https:\/\/vmsport.fi\/#website","url":"https:\/\/vmsport.fi\/","name":"Vmsport","description":"Allt p\u00e5 ett st\u00e4lle f\u00f6r cykling","publisher":{"@id":"https:\/\/vmsport.fi\/#organization"},"potentialAction":[{"@type":"SearchAction","target":{"@type":"EntryPoint","urlTemplate":"https:\/\/vmsport.fi\/?s={search_term_string}"},"query-input":{"@type":"PropertyValueSpecification","valueRequired":true,"valueName":"search_term_string"}}],"inLanguage":"sv-SE"},{"@type":"Organization","@id":"https:\/\/vmsport.fi\/#organization","name":"Vmsport","url":"https:\/\/vmsport.fi\/","logo":{"@type":"ImageObject","inLanguage":"sv-SE","@id":"https:\/\/vmsport.fi\/#\/schema\/logo\/image\/","url":"https:\/\/vmsport.fi\/wp-content\/uploads\/2024\/12\/vm_sport_RGB_horisontal-e1734526017575.png","contentUrl":"https:\/\/vmsport.fi\/wp-content\/uploads\/2024\/12\/vm_sport_RGB_horisontal-e1734526017575.png","width":668,"height":85,"caption":"Vmsport"},"image":{"@id":"https:\/\/vmsport.fi\/#\/schema\/logo\/image\/"},"sameAs":["https:\/\/www.facebook.com\/Vmsport.fi\/","https:\/\/www.instagram.com\/vmsport\/"]}]}},"global_unique_id":"","_links":{"self":[{"href":"https:\/\/vmsport.fi\/sv\/wp-json\/wp\/v2\/product\/56077","targetHints":{"allow":["GET"]}}],"collection":[{"href":"https:\/\/vmsport.fi\/sv\/wp-json\/wp\/v2\/product"}],"about":[{"href":"https:\/\/vmsport.fi\/sv\/wp-json\/wp\/v2\/types\/product"}],"replies":[{"embeddable":true,"href":"https:\/\/vmsport.fi\/sv\/wp-json\/wp\/v2\/comments?post=56077"}],"wp:featuredmedia":[{"embeddable":true,"href":"https:\/\/vmsport.fi\/sv\/wp-json\/wp\/v2\/media\/56076"}],"wp:attachment":[{"href":"https:\/\/vmsport.fi\/sv\/wp-json\/wp\/v2\/media?parent=56077"}],"wp:term":[{"taxonomy":"product_brand","embeddable":true,"href":"https:\/\/vmsport.fi\/sv\/wp-json\/wp\/v2\/product_brand?post=56077"},{"taxonomy":"product_model","embeddable":true,"href":"https:\/\/vmsport.fi\/sv\/wp-json\/wp\/v2\/product_model?post=56077"},{"taxonomy":"product_cat","embeddable":true,"href":"https:\/\/vmsport.fi\/sv\/wp-json\/wp\/v2\/product_cat?post=56077"},{"taxonomy":"product_tag","embeddable":true,"href":"https:\/\/vmsport.fi\/sv\/wp-json\/wp\/v2\/product_tag?post=56077"},{"taxonomy":"industry_terminology","embeddable":true,"href":"https:\/\/vmsport.fi\/sv\/wp-json\/wp\/v2\/industry-terminology?post=56077"}],"curies":[{"name":"wp","href":"https:\/\/api.w.org\/{rel}","templated":true}]}}