{"id":56075,"date":"2025-03-06T00:15:43","date_gmt":"2025-03-05T22:15:43","guid":{"rendered":"https:\/\/vmsport.fi\/verkkokauppa\/Ei-luokiteltu\/klossi-sh-sh11-keltainen-6-asteen-vapaaliike-spd-sl\/"},"modified":"2026-04-22T15:06:39","modified_gmt":"2026-04-22T12:06:39","slug":"toalett-sh-sh11-gul-6-graders-fri-rorelse-spd-sl","status":"publish","type":"product","link":"https:\/\/vmsport.fi\/sv\/verkkokauppa\/varaosat\/polkimet\/klossit-ja-varaosat\/klossi-sh-sh11-keltainen-6-asteen-vapaaliike-spd-sl\/","title":{"rendered":"L\u00e5s SH-SH11 gul 6 graders fri r\u00f6rlighet, SPD-SL"},"content":{"rendered":"<p>SH-SH11-toaletten \u00e4r utformad f\u00f6r cykelentusiaster och dess ljusgula f\u00e4rg f\u00f6rb\u00e4ttrar synligheten och s\u00e4kerheten i trafiken. De 6 frihetsgraderna ger komfort och man\u00f6vrerbarhet, vilket g\u00f6r cyklingen smidigare och roligare. SPD-SL-kompatibilitet s\u00e4kerst\u00e4ller att toaletten passar ett brett utbud av cykelskor, vilket g\u00f6r bytet enkelt och problemfritt.<\/p>","protected":false},"excerpt":{"rendered":"<p>Klossi SH-SH11 on suunniteltu py\u00f6r\u00e4ilyn harrastajille, ja sen kirkas keltainen v\u00e4ri parantaa n\u00e4kyvyytt\u00e4 ja turvallisuutta liikenteess\u00e4. Kuuden asteen vapaaliike tarjoaa mukavuutta ja liikkumavaraa, mik\u00e4 tekee ajamisesta sujuvampaa ja miellytt\u00e4v\u00e4mp\u00e4\u00e4. SPD-SL-yhteensopivuus varmistaa, ett\u00e4 klossi sopii monenlaisiin py\u00f6r\u00e4ilykenkiin, mik\u00e4 tekee vaihtamisesta helppoa ja vaivatonta. [&#8230;]<\/p>\n<p><a class=\"btn btn-secondary understrap-read-more-link\" href=\"https:\/\/vmsport.fi\/sv\/verkkokauppa\/varaosat\/polkimet\/klossit-ja-varaosat\/klossi-sh-sh11-keltainen-6-asteen-vapaaliike-spd-sl\/\">L\u00e4s mer \u2026<span class=\"screen-reader-text\"> from Klossi SH-SH11 keltainen 6 asteen vapaaliike, SPD-SL<\/span><\/a><\/p>\n","protected":false},"featured_media":56074,"comment_status":"open","ping_status":"closed","template":"","meta":{"_acf_changed":false,"_improvement_type_select":"improve_an_existing","_thumb_yes_seoaic":false,"_frame_yes_seoaic":false,"seoaic_generate_description":"","seoaic_improve_instructions_prompt":"","seoaic_rollback_content_improvement":"","seoaic_idea_thumbnail_generator":"","thumbnail_generated":false,"thumbnail_generate_prompt":"","seoaic_article_description":"","_supplier_stock_quantity":0},"product_brand":[],"product_model":[],"product_cat":[9322],"product_tag":[],"industry-terminology":[],"class_list":{"0":"post-56075","1":"product","2":"type-product","3":"status-publish","4":"has-post-thumbnail","6":"product_cat-klossit-ja-varaosat","8":"first","9":"outofstock","10":"taxable","11":"shipping-taxable","12":"product-type-simple"},"acf":{"bike_features":null,"overview":{"copy_overview":null,"key_features":null,"statement":"","youtube_url":""}},"yoast_head":"<!-- This site is optimized with the Yoast SEO plugin v27.4 - https:\/\/yoast.com\/product\/yoast-seo-wordpress\/ -->\n<title>Klossi SH-SH11 keltainen 6 asteen vapaaliike, SPD-SL - VM Sport<\/title>\n<meta name=\"robots\" content=\"index, follow, max-snippet:-1, max-image-preview:large, max-video-preview:-1\" \/>\n<link rel=\"canonical\" href=\"https:\/\/vmsport.fi\/sv\/webbutik\/reservdelar\/pedaler\/klossit-och-reservdelar\/toalett-sh-sh11-gul-6-graders-fri-rorelse-spd-sl\/\" \/>\n<meta property=\"og:locale\" content=\"sv_SE\" \/>\n<meta property=\"og:type\" content=\"article\" \/>\n<meta property=\"og:title\" content=\"Klossi SH-SH11 keltainen 6 asteen vapaaliike, SPD-SL - VM Sport\" \/>\n<meta property=\"og:description\" content=\"Klossi SH-SH11 on suunniteltu py\u00f6r\u00e4ilyn harrastajille, ja sen kirkas keltainen v\u00e4ri parantaa n\u00e4kyvyytt\u00e4 ja turvallisuutta liikenteess\u00e4. Kuuden asteen vapaaliike tarjoaa mukavuutta ja liikkumavaraa, mik\u00e4 tekee ajamisesta sujuvampaa ja miellytt\u00e4v\u00e4mp\u00e4\u00e4. SPD-SL-yhteensopivuus varmistaa, ett\u00e4 klossi sopii monenlaisiin py\u00f6r\u00e4ilykenkiin, mik\u00e4 tekee vaihtamisesta helppoa ja vaivatonta. [...]L\u00e4s mer \u2026 from Klossi SH-SH11 keltainen 6 asteen vapaaliike, SPD-SL\" \/>\n<meta property=\"og:url\" content=\"https:\/\/vmsport.fi\/sv\/webbutik\/reservdelar\/pedaler\/klossit-och-reservdelar\/toalett-sh-sh11-gul-6-graders-fri-rorelse-spd-sl\/\" \/>\n<meta property=\"og:site_name\" content=\"VM Sport\" \/>\n<meta property=\"article:publisher\" content=\"https:\/\/www.facebook.com\/Vmsport.fi\/\" \/>\n<meta property=\"article:modified_time\" content=\"2026-04-22T12:06:39+00:00\" \/>\n<meta property=\"og:image\" content=\"https:\/\/vmsport.fi\/wp-content\/uploads\/2025\/03\/u3hwsp2ilJjbFy5I1n6WxTW4SIf5MSUV4lvSQNiMl3KNjsZci7-1.jpg\" \/>\n\t<meta property=\"og:image:width\" content=\"600\" \/>\n\t<meta property=\"og:image:height\" content=\"600\" \/>\n\t<meta property=\"og:image:type\" content=\"image\/jpeg\" \/>\n<meta name=\"twitter:card\" content=\"summary_large_image\" \/>\n<script type=\"application\/ld+json\" class=\"yoast-schema-graph\">{\"@context\":\"https:\\\/\\\/schema.org\",\"@graph\":[{\"@type\":[\"WebPage\",\"ItemPage\"],\"@id\":\"https:\\\/\\\/vmsport.fi\\\/verkkokauppa\\\/varaosat\\\/polkimet\\\/klossit-ja-varaosat\\\/klossi-sh-sh11-keltainen-6-asteen-vapaaliike-spd-sl\\\/\",\"url\":\"https:\\\/\\\/vmsport.fi\\\/verkkokauppa\\\/varaosat\\\/polkimet\\\/klossit-ja-varaosat\\\/klossi-sh-sh11-keltainen-6-asteen-vapaaliike-spd-sl\\\/\",\"name\":\"Klossi SH-SH11 keltainen 6 asteen vapaaliike, SPD-SL - VM Sport\",\"isPartOf\":{\"@id\":\"https:\\\/\\\/vmsport.fi\\\/#website\"},\"primaryImageOfPage\":{\"@id\":\"https:\\\/\\\/vmsport.fi\\\/verkkokauppa\\\/varaosat\\\/polkimet\\\/klossit-ja-varaosat\\\/klossi-sh-sh11-keltainen-6-asteen-vapaaliike-spd-sl\\\/#primaryimage\"},\"image\":{\"@id\":\"https:\\\/\\\/vmsport.fi\\\/verkkokauppa\\\/varaosat\\\/polkimet\\\/klossit-ja-varaosat\\\/klossi-sh-sh11-keltainen-6-asteen-vapaaliike-spd-sl\\\/#primaryimage\"},\"thumbnailUrl\":\"https:\\\/\\\/vmsport.fi\\\/wp-content\\\/uploads\\\/2025\\\/03\\\/u3hwsp2ilJjbFy5I1n6WxTW4SIf5MSUV4lvSQNiMl3KNjsZci7-1.jpg\",\"datePublished\":\"2025-03-05T22:15:43+00:00\",\"dateModified\":\"2026-04-22T12:06:39+00:00\",\"breadcrumb\":{\"@id\":\"https:\\\/\\\/vmsport.fi\\\/verkkokauppa\\\/varaosat\\\/polkimet\\\/klossit-ja-varaosat\\\/klossi-sh-sh11-keltainen-6-asteen-vapaaliike-spd-sl\\\/#breadcrumb\"},\"inLanguage\":\"sv-SE\",\"potentialAction\":[{\"@type\":\"ReadAction\",\"target\":[\"https:\\\/\\\/vmsport.fi\\\/verkkokauppa\\\/varaosat\\\/polkimet\\\/klossit-ja-varaosat\\\/klossi-sh-sh11-keltainen-6-asteen-vapaaliike-spd-sl\\\/\"]}]},{\"@type\":\"ImageObject\",\"inLanguage\":\"sv-SE\",\"@id\":\"https:\\\/\\\/vmsport.fi\\\/verkkokauppa\\\/varaosat\\\/polkimet\\\/klossit-ja-varaosat\\\/klossi-sh-sh11-keltainen-6-asteen-vapaaliike-spd-sl\\\/#primaryimage\",\"url\":\"https:\\\/\\\/vmsport.fi\\\/wp-content\\\/uploads\\\/2025\\\/03\\\/u3hwsp2ilJjbFy5I1n6WxTW4SIf5MSUV4lvSQNiMl3KNjsZci7-1.jpg\",\"contentUrl\":\"https:\\\/\\\/vmsport.fi\\\/wp-content\\\/uploads\\\/2025\\\/03\\\/u3hwsp2ilJjbFy5I1n6WxTW4SIf5MSUV4lvSQNiMl3KNjsZci7-1.jpg\",\"width\":600,\"height\":600,\"caption\":\"u3hwsp2ilJjbFy5I1n6WxTW4SIf5MSUV4lvSQNiMl3KNjsZci7\"},{\"@type\":\"BreadcrumbList\",\"@id\":\"https:\\\/\\\/vmsport.fi\\\/verkkokauppa\\\/varaosat\\\/polkimet\\\/klossit-ja-varaosat\\\/klossi-sh-sh11-keltainen-6-asteen-vapaaliike-spd-sl\\\/#breadcrumb\",\"itemListElement\":[{\"@type\":\"ListItem\",\"position\":1,\"name\":\"Etusivu\",\"item\":\"https:\\\/\\\/vmsport.fi\\\/\"},{\"@type\":\"ListItem\",\"position\":2,\"name\":\"Online Store\",\"item\":\"https:\\\/\\\/vmsport.fi\\\/en\\\/online-store\\\/\"},{\"@type\":\"ListItem\",\"position\":3,\"name\":\"Klossi SH-SH11 keltainen 6 asteen vapaaliike, SPD-SL\"}]},{\"@type\":\"WebSite\",\"@id\":\"https:\\\/\\\/vmsport.fi\\\/#website\",\"url\":\"https:\\\/\\\/vmsport.fi\\\/\",\"name\":\"Vmsport\",\"description\":\"Kaikki py\u00f6r\u00e4ilyyn yhdest\u00e4 paikasta\",\"publisher\":{\"@id\":\"https:\\\/\\\/vmsport.fi\\\/#organization\"},\"potentialAction\":[{\"@type\":\"SearchAction\",\"target\":{\"@type\":\"EntryPoint\",\"urlTemplate\":\"https:\\\/\\\/vmsport.fi\\\/?s={search_term_string}\"},\"query-input\":{\"@type\":\"PropertyValueSpecification\",\"valueRequired\":true,\"valueName\":\"search_term_string\"}}],\"inLanguage\":\"sv-SE\"},{\"@type\":\"Organization\",\"@id\":\"https:\\\/\\\/vmsport.fi\\\/#organization\",\"name\":\"Vmsport\",\"url\":\"https:\\\/\\\/vmsport.fi\\\/\",\"logo\":{\"@type\":\"ImageObject\",\"inLanguage\":\"sv-SE\",\"@id\":\"https:\\\/\\\/vmsport.fi\\\/#\\\/schema\\\/logo\\\/image\\\/\",\"url\":\"https:\\\/\\\/vmsport.fi\\\/wp-content\\\/uploads\\\/2024\\\/12\\\/vm_sport_RGB_horisontal-e1734526017575.png\",\"contentUrl\":\"https:\\\/\\\/vmsport.fi\\\/wp-content\\\/uploads\\\/2024\\\/12\\\/vm_sport_RGB_horisontal-e1734526017575.png\",\"width\":668,\"height\":85,\"caption\":\"Vmsport\"},\"image\":{\"@id\":\"https:\\\/\\\/vmsport.fi\\\/#\\\/schema\\\/logo\\\/image\\\/\"},\"sameAs\":[\"https:\\\/\\\/www.facebook.com\\\/Vmsport.fi\\\/\",\"https:\\\/\\\/www.instagram.com\\\/vmsport\\\/\"]}]}<\/script>\n<!-- \/ Yoast SEO plugin. -->","yoast_head_json":{"title":"L\u00e5s SH-SH11 gul 6 graders fri r\u00f6rlighet, SPD-SL - VM Sport","robots":{"index":"index","follow":"follow","max-snippet":"max-snippet:-1","max-image-preview":"max-image-preview:large","max-video-preview":"max-video-preview:-1"},"canonical":"https:\/\/vmsport.fi\/sv\/webbutik\/reservdelar\/pedaler\/klossit-och-reservdelar\/toalett-sh-sh11-gul-6-graders-fri-rorelse-spd-sl\/","og_locale":"sv_SE","og_type":"article","og_title":"Klossi SH-SH11 keltainen 6 asteen vapaaliike, SPD-SL - VM Sport","og_description":"Klossi SH-SH11 on suunniteltu py\u00f6r\u00e4ilyn harrastajille, ja sen kirkas keltainen v\u00e4ri parantaa n\u00e4kyvyytt\u00e4 ja turvallisuutta liikenteess\u00e4. Kuuden asteen vapaaliike tarjoaa mukavuutta ja liikkumavaraa, mik\u00e4 tekee ajamisesta sujuvampaa ja miellytt\u00e4v\u00e4mp\u00e4\u00e4. SPD-SL-yhteensopivuus varmistaa, ett\u00e4 klossi sopii monenlaisiin py\u00f6r\u00e4ilykenkiin, mik\u00e4 tekee vaihtamisesta helppoa ja vaivatonta. [...]L\u00e4s mer \u2026 from Klossi SH-SH11 keltainen 6 asteen vapaaliike, SPD-SL","og_url":"https:\/\/vmsport.fi\/sv\/webbutik\/reservdelar\/pedaler\/klossit-och-reservdelar\/toalett-sh-sh11-gul-6-graders-fri-rorelse-spd-sl\/","og_site_name":"VM Sport","article_publisher":"https:\/\/www.facebook.com\/Vmsport.fi\/","article_modified_time":"2026-04-22T12:06:39+00:00","og_image":[{"width":600,"height":600,"url":"https:\/\/vmsport.fi\/wp-content\/uploads\/2025\/03\/u3hwsp2ilJjbFy5I1n6WxTW4SIf5MSUV4lvSQNiMl3KNjsZci7-1.jpg","type":"image\/jpeg"}],"twitter_card":"summary_large_image","schema":{"@context":"https:\/\/schema.org","@graph":[{"@type":["WebPage","ItemPage"],"@id":"https:\/\/vmsport.fi\/verkkokauppa\/varaosat\/polkimet\/klossit-ja-varaosat\/klossi-sh-sh11-keltainen-6-asteen-vapaaliike-spd-sl\/","url":"https:\/\/vmsport.fi\/verkkokauppa\/varaosat\/polkimet\/klossit-ja-varaosat\/klossi-sh-sh11-keltainen-6-asteen-vapaaliike-spd-sl\/","name":"L\u00e5s SH-SH11 gul 6 graders fri r\u00f6rlighet, SPD-SL - VM Sport","isPartOf":{"@id":"https:\/\/vmsport.fi\/#website"},"primaryImageOfPage":{"@id":"https:\/\/vmsport.fi\/verkkokauppa\/varaosat\/polkimet\/klossit-ja-varaosat\/klossi-sh-sh11-keltainen-6-asteen-vapaaliike-spd-sl\/#primaryimage"},"image":{"@id":"https:\/\/vmsport.fi\/verkkokauppa\/varaosat\/polkimet\/klossit-ja-varaosat\/klossi-sh-sh11-keltainen-6-asteen-vapaaliike-spd-sl\/#primaryimage"},"thumbnailUrl":"https:\/\/vmsport.fi\/wp-content\/uploads\/2025\/03\/u3hwsp2ilJjbFy5I1n6WxTW4SIf5MSUV4lvSQNiMl3KNjsZci7-1.jpg","datePublished":"2025-03-05T22:15:43+00:00","dateModified":"2026-04-22T12:06:39+00:00","breadcrumb":{"@id":"https:\/\/vmsport.fi\/verkkokauppa\/varaosat\/polkimet\/klossit-ja-varaosat\/klossi-sh-sh11-keltainen-6-asteen-vapaaliike-spd-sl\/#breadcrumb"},"inLanguage":"sv-SE","potentialAction":[{"@type":"ReadAction","target":["https:\/\/vmsport.fi\/verkkokauppa\/varaosat\/polkimet\/klossit-ja-varaosat\/klossi-sh-sh11-keltainen-6-asteen-vapaaliike-spd-sl\/"]}]},{"@type":"ImageObject","inLanguage":"sv-SE","@id":"https:\/\/vmsport.fi\/verkkokauppa\/varaosat\/polkimet\/klossit-ja-varaosat\/klossi-sh-sh11-keltainen-6-asteen-vapaaliike-spd-sl\/#primaryimage","url":"https:\/\/vmsport.fi\/wp-content\/uploads\/2025\/03\/u3hwsp2ilJjbFy5I1n6WxTW4SIf5MSUV4lvSQNiMl3KNjsZci7-1.jpg","contentUrl":"https:\/\/vmsport.fi\/wp-content\/uploads\/2025\/03\/u3hwsp2ilJjbFy5I1n6WxTW4SIf5MSUV4lvSQNiMl3KNjsZci7-1.jpg","width":600,"height":600,"caption":"u3hwsp2ilJjbFy5I1n6WxTW4SIf5MSUV4lvSQNiMl3KNjsZci7"},{"@type":"BreadcrumbList","@id":"https:\/\/vmsport.fi\/verkkokauppa\/varaosat\/polkimet\/klossit-ja-varaosat\/klossi-sh-sh11-keltainen-6-asteen-vapaaliike-spd-sl\/#breadcrumb","itemListElement":[{"@type":"ListItem","position":1,"name":"Etusivu","item":"https:\/\/vmsport.fi\/"},{"@type":"ListItem","position":2,"name":"Online Store","item":"https:\/\/vmsport.fi\/en\/online-store\/"},{"@type":"ListItem","position":3,"name":"Klossi SH-SH11 keltainen 6 asteen vapaaliike, SPD-SL"}]},{"@type":"WebSite","@id":"https:\/\/vmsport.fi\/#website","url":"https:\/\/vmsport.fi\/","name":"Vmsport","description":"Allt p\u00e5 ett st\u00e4lle f\u00f6r cykling","publisher":{"@id":"https:\/\/vmsport.fi\/#organization"},"potentialAction":[{"@type":"SearchAction","target":{"@type":"EntryPoint","urlTemplate":"https:\/\/vmsport.fi\/?s={search_term_string}"},"query-input":{"@type":"PropertyValueSpecification","valueRequired":true,"valueName":"search_term_string"}}],"inLanguage":"sv-SE"},{"@type":"Organization","@id":"https:\/\/vmsport.fi\/#organization","name":"Vmsport","url":"https:\/\/vmsport.fi\/","logo":{"@type":"ImageObject","inLanguage":"sv-SE","@id":"https:\/\/vmsport.fi\/#\/schema\/logo\/image\/","url":"https:\/\/vmsport.fi\/wp-content\/uploads\/2024\/12\/vm_sport_RGB_horisontal-e1734526017575.png","contentUrl":"https:\/\/vmsport.fi\/wp-content\/uploads\/2024\/12\/vm_sport_RGB_horisontal-e1734526017575.png","width":668,"height":85,"caption":"Vmsport"},"image":{"@id":"https:\/\/vmsport.fi\/#\/schema\/logo\/image\/"},"sameAs":["https:\/\/www.facebook.com\/Vmsport.fi\/","https:\/\/www.instagram.com\/vmsport\/"]}]}},"global_unique_id":"","_links":{"self":[{"href":"https:\/\/vmsport.fi\/sv\/wp-json\/wp\/v2\/product\/56075","targetHints":{"allow":["GET"]}}],"collection":[{"href":"https:\/\/vmsport.fi\/sv\/wp-json\/wp\/v2\/product"}],"about":[{"href":"https:\/\/vmsport.fi\/sv\/wp-json\/wp\/v2\/types\/product"}],"replies":[{"embeddable":true,"href":"https:\/\/vmsport.fi\/sv\/wp-json\/wp\/v2\/comments?post=56075"}],"wp:featuredmedia":[{"embeddable":true,"href":"https:\/\/vmsport.fi\/sv\/wp-json\/wp\/v2\/media\/56074"}],"wp:attachment":[{"href":"https:\/\/vmsport.fi\/sv\/wp-json\/wp\/v2\/media?parent=56075"}],"wp:term":[{"taxonomy":"product_brand","embeddable":true,"href":"https:\/\/vmsport.fi\/sv\/wp-json\/wp\/v2\/product_brand?post=56075"},{"taxonomy":"product_model","embeddable":true,"href":"https:\/\/vmsport.fi\/sv\/wp-json\/wp\/v2\/product_model?post=56075"},{"taxonomy":"product_cat","embeddable":true,"href":"https:\/\/vmsport.fi\/sv\/wp-json\/wp\/v2\/product_cat?post=56075"},{"taxonomy":"product_tag","embeddable":true,"href":"https:\/\/vmsport.fi\/sv\/wp-json\/wp\/v2\/product_tag?post=56075"},{"taxonomy":"industry_terminology","embeddable":true,"href":"https:\/\/vmsport.fi\/sv\/wp-json\/wp\/v2\/industry-terminology?post=56075"}],"curies":[{"name":"wp","href":"https:\/\/api.w.org\/{rel}","templated":true}]}}