{"id":56073,"date":"2025-03-06T00:15:42","date_gmt":"2025-03-05T22:15:42","guid":{"rendered":"https:\/\/vmsport.fi\/verkkokauppa\/Ei-luokiteltu\/takavaihtaja-6-7-v-rd-ty300-ty\/"},"modified":"2026-04-22T15:07:12","modified_gmt":"2026-04-22T12:07:12","slug":"takavaihtaja-6-7-v-rd-ty300-ty","status":"publish","type":"product","link":"https:\/\/vmsport.fi\/sv\/verkkokauppa\/varaosat\/vaihteistot\/takavaihtajat\/takavaihtaja-6-7-v-rd-ty300-ty\/","title":{"rendered":"Bakre omvandlare 6\/7-v RD-TY300 TY"},"content":{"rendered":"<p>Shimano RD-TY300 on takavaihtaja, joka on suunniteltu 6- tai 7-vaihteisille polkupy\u00f6rille. Se tarjoaa sujuvan ja luotettavan vaihteiden vaihdon, mik\u00e4 tekee siit\u00e4 erinomaisen valinnan niille py\u00f6r\u00e4ilij\u00f6ille, jotka arvostavat kest\u00e4vi\u00e4 ja hiljaisia komponentteja. T\u00e4m\u00e4 vaihdehallintalaite pystyy tukemaan jopa 34-hammasrattaan k\u00e4ytt\u00f6\u00e4, mik\u00e4 antaa laajasti vaihtoehtoja vaihdevalikoimaan.<\/p>\n<p>Takavaihtajan SIS-j\u00e4rjestelm\u00e4 takaa tarkan vaihteiden vaihtamisen, ja 13-hampaisilla hihnapy\u00f6rill\u00e4 varustettu SGS-h\u00e4kkimalli parantaa laitteen kest\u00e4vyytt\u00e4 ja v\u00e4hent\u00e4\u00e4 \u00e4\u00e4nitasoa. Asennus on vaivatonta, sill\u00e4 se kiinnitet\u00e4\u00e4n suoraan ripustuskoukun kautta, ja valmiiksi asennettu sis\u00e4isen kaapelin kiinnitysmutteri tekee prosessista yksinkertaisemman.<\/p>\n<p>Vahvasta ter\u00e4ksest\u00e4 rakennettu rakenne takaa pitk\u00e4ik\u00e4isyyden ja kest\u00e4vyyden, ja pitk\u00e4 h\u00e4kki s\u00e4\u00e4telee ketjun kireytt\u00e4 tehokkaasti. Tyylik\u00e4s musta v\u00e4ri antaa takavaihtajalle huomaamattoman mutta elegantin ulkon\u00e4\u00f6n, joka sulautuu saumattomasti py\u00f6r\u00e4si yleisilmeeseen.<\/p>","protected":false},"excerpt":{"rendered":"<p>Shimano RD-TY300 on takavaihtaja, joka on suunniteltu 6- tai 7-vaihteisille polkupy\u00f6rille. Se tarjoaa sujuvan ja luotettavan vaihteiden vaihdon, mik\u00e4 tekee siit\u00e4 erinomaisen valinnan niille py\u00f6r\u00e4ilij\u00f6ille, jotka arvostavat kest\u00e4vi\u00e4 ja hiljaisia komponentteja. T\u00e4m\u00e4 vaihdehallintalaite pystyy tukemaan jopa 34-hammasrattaan k\u00e4ytt\u00f6\u00e4, mik\u00e4 antaa laajasti vaihtoehtoja vaihdevalikoimaan. Takavaihtajan SIS-j\u00e4rjestelm\u00e4 takaa tarkan vaihteiden vaihtamisen, ja 13-hampaisilla hihnapy\u00f6rill\u00e4 varustettu SGS-h\u00e4kkimalli parantaa [&#8230;]<\/p>\n<p><a class=\"btn btn-secondary understrap-read-more-link\" href=\"https:\/\/vmsport.fi\/sv\/verkkokauppa\/varaosat\/vaihteistot\/takavaihtajat\/takavaihtaja-6-7-v-rd-ty300-ty\/\">L\u00e4s mer \u2026<span class=\"screen-reader-text\"> from Takavaihtaja 6\/7-v RD-TY300 TY<\/span><\/a><\/p>\n","protected":false},"featured_media":56072,"comment_status":"open","ping_status":"closed","template":"","meta":{"_acf_changed":false,"_improvement_type_select":"improve_an_existing","_thumb_yes_seoaic":false,"_frame_yes_seoaic":false,"seoaic_generate_description":"","seoaic_improve_instructions_prompt":"","seoaic_rollback_content_improvement":"","seoaic_idea_thumbnail_generator":"","thumbnail_generated":false,"thumbnail_generate_prompt":"","seoaic_article_description":"","_supplier_stock_quantity":0},"product_brand":[],"product_model":[],"product_cat":[9390],"product_tag":[],"industry-terminology":[],"class_list":{"0":"post-56073","1":"product","2":"type-product","3":"status-publish","4":"has-post-thumbnail","6":"product_cat-takavaihtajat","8":"first","9":"outofstock","10":"taxable","11":"shipping-taxable","12":"product-type-simple"},"acf":{"bike_features":null,"overview":{"copy_overview":null,"key_features":null,"statement":"","youtube_url":""}},"yoast_head":"<!-- This site is optimized with the Yoast SEO plugin v27.4 - https:\/\/yoast.com\/product\/yoast-seo-wordpress\/ -->\n<title>Takavaihtaja 6\/7-v RD-TY300 TY - VM Sport<\/title>\n<meta name=\"robots\" content=\"index, follow, max-snippet:-1, max-image-preview:large, max-video-preview:-1\" \/>\n<link rel=\"canonical\" href=\"https:\/\/vmsport.fi\/sv\/webbutik\/reservdelar\/vaxellador\/bakre-vaxlar\/takavaihtaja-6-7-v-rd-ty300-ty\/\" \/>\n<meta property=\"og:locale\" content=\"sv_SE\" \/>\n<meta property=\"og:type\" content=\"article\" \/>\n<meta property=\"og:title\" content=\"Takavaihtaja 6\/7-v RD-TY300 TY - VM Sport\" \/>\n<meta property=\"og:description\" content=\"Shimano RD-TY300 on takavaihtaja, joka on suunniteltu 6- tai 7-vaihteisille polkupy\u00f6rille. Se tarjoaa sujuvan ja luotettavan vaihteiden vaihdon, mik\u00e4 tekee siit\u00e4 erinomaisen valinnan niille py\u00f6r\u00e4ilij\u00f6ille, jotka arvostavat kest\u00e4vi\u00e4 ja hiljaisia komponentteja. T\u00e4m\u00e4 vaihdehallintalaite pystyy tukemaan jopa 34-hammasrattaan k\u00e4ytt\u00f6\u00e4, mik\u00e4 antaa laajasti vaihtoehtoja vaihdevalikoimaan. Takavaihtajan SIS-j\u00e4rjestelm\u00e4 takaa tarkan vaihteiden vaihtamisen, ja 13-hampaisilla hihnapy\u00f6rill\u00e4 varustettu SGS-h\u00e4kkimalli parantaa [...]L\u00e4s mer \u2026 from Takavaihtaja 6\/7-v RD-TY300 TY\" \/>\n<meta property=\"og:url\" content=\"https:\/\/vmsport.fi\/sv\/webbutik\/reservdelar\/vaxellador\/bakre-vaxlar\/takavaihtaja-6-7-v-rd-ty300-ty\/\" \/>\n<meta property=\"og:site_name\" content=\"VM Sport\" \/>\n<meta property=\"article:publisher\" content=\"https:\/\/www.facebook.com\/Vmsport.fi\/\" \/>\n<meta property=\"article:modified_time\" content=\"2026-04-22T12:07:12+00:00\" \/>\n<meta property=\"og:image\" content=\"https:\/\/vmsport.fi\/wp-content\/uploads\/2025\/03\/ODjwf4KzkRU0eZW8MggJyP7iAMWl2iRBpuKY2CbQ3YxqpkBcTs-1.jpg\" \/>\n\t<meta property=\"og:image:width\" content=\"600\" \/>\n\t<meta property=\"og:image:height\" content=\"600\" \/>\n\t<meta property=\"og:image:type\" content=\"image\/jpeg\" \/>\n<meta name=\"twitter:card\" content=\"summary_large_image\" \/>\n<meta name=\"twitter:label1\" content=\"Ber\u00e4knad l\u00e4stid\" \/>\n\t<meta name=\"twitter:data1\" content=\"1 minut\" \/>\n<script type=\"application\/ld+json\" class=\"yoast-schema-graph\">{\"@context\":\"https:\\\/\\\/schema.org\",\"@graph\":[{\"@type\":[\"WebPage\",\"ItemPage\"],\"@id\":\"https:\\\/\\\/vmsport.fi\\\/verkkokauppa\\\/varaosat\\\/vaihteistot\\\/takavaihtajat\\\/takavaihtaja-6-7-v-rd-ty300-ty\\\/\",\"url\":\"https:\\\/\\\/vmsport.fi\\\/verkkokauppa\\\/varaosat\\\/vaihteistot\\\/takavaihtajat\\\/takavaihtaja-6-7-v-rd-ty300-ty\\\/\",\"name\":\"Takavaihtaja 6\\\/7-v RD-TY300 TY - VM Sport\",\"isPartOf\":{\"@id\":\"https:\\\/\\\/vmsport.fi\\\/#website\"},\"primaryImageOfPage\":{\"@id\":\"https:\\\/\\\/vmsport.fi\\\/verkkokauppa\\\/varaosat\\\/vaihteistot\\\/takavaihtajat\\\/takavaihtaja-6-7-v-rd-ty300-ty\\\/#primaryimage\"},\"image\":{\"@id\":\"https:\\\/\\\/vmsport.fi\\\/verkkokauppa\\\/varaosat\\\/vaihteistot\\\/takavaihtajat\\\/takavaihtaja-6-7-v-rd-ty300-ty\\\/#primaryimage\"},\"thumbnailUrl\":\"https:\\\/\\\/vmsport.fi\\\/wp-content\\\/uploads\\\/2025\\\/03\\\/ODjwf4KzkRU0eZW8MggJyP7iAMWl2iRBpuKY2CbQ3YxqpkBcTs-1.jpg\",\"datePublished\":\"2025-03-05T22:15:42+00:00\",\"dateModified\":\"2026-04-22T12:07:12+00:00\",\"breadcrumb\":{\"@id\":\"https:\\\/\\\/vmsport.fi\\\/verkkokauppa\\\/varaosat\\\/vaihteistot\\\/takavaihtajat\\\/takavaihtaja-6-7-v-rd-ty300-ty\\\/#breadcrumb\"},\"inLanguage\":\"sv-SE\",\"potentialAction\":[{\"@type\":\"ReadAction\",\"target\":[\"https:\\\/\\\/vmsport.fi\\\/verkkokauppa\\\/varaosat\\\/vaihteistot\\\/takavaihtajat\\\/takavaihtaja-6-7-v-rd-ty300-ty\\\/\"]}]},{\"@type\":\"ImageObject\",\"inLanguage\":\"sv-SE\",\"@id\":\"https:\\\/\\\/vmsport.fi\\\/verkkokauppa\\\/varaosat\\\/vaihteistot\\\/takavaihtajat\\\/takavaihtaja-6-7-v-rd-ty300-ty\\\/#primaryimage\",\"url\":\"https:\\\/\\\/vmsport.fi\\\/wp-content\\\/uploads\\\/2025\\\/03\\\/ODjwf4KzkRU0eZW8MggJyP7iAMWl2iRBpuKY2CbQ3YxqpkBcTs-1.jpg\",\"contentUrl\":\"https:\\\/\\\/vmsport.fi\\\/wp-content\\\/uploads\\\/2025\\\/03\\\/ODjwf4KzkRU0eZW8MggJyP7iAMWl2iRBpuKY2CbQ3YxqpkBcTs-1.jpg\",\"width\":600,\"height\":600,\"caption\":\"ODjwf4KzkRU0eZW8MggJyP7iAMWl2iRBpuKY2CbQ3YxqpkBcTs\"},{\"@type\":\"BreadcrumbList\",\"@id\":\"https:\\\/\\\/vmsport.fi\\\/verkkokauppa\\\/varaosat\\\/vaihteistot\\\/takavaihtajat\\\/takavaihtaja-6-7-v-rd-ty300-ty\\\/#breadcrumb\",\"itemListElement\":[{\"@type\":\"ListItem\",\"position\":1,\"name\":\"Etusivu\",\"item\":\"https:\\\/\\\/vmsport.fi\\\/\"},{\"@type\":\"ListItem\",\"position\":2,\"name\":\"Online Store\",\"item\":\"https:\\\/\\\/vmsport.fi\\\/en\\\/online-store\\\/\"},{\"@type\":\"ListItem\",\"position\":3,\"name\":\"Takavaihtaja 6\\\/7-v RD-TY300 TY\"}]},{\"@type\":\"WebSite\",\"@id\":\"https:\\\/\\\/vmsport.fi\\\/#website\",\"url\":\"https:\\\/\\\/vmsport.fi\\\/\",\"name\":\"Vmsport\",\"description\":\"Kaikki py\u00f6r\u00e4ilyyn yhdest\u00e4 paikasta\",\"publisher\":{\"@id\":\"https:\\\/\\\/vmsport.fi\\\/#organization\"},\"potentialAction\":[{\"@type\":\"SearchAction\",\"target\":{\"@type\":\"EntryPoint\",\"urlTemplate\":\"https:\\\/\\\/vmsport.fi\\\/?s={search_term_string}\"},\"query-input\":{\"@type\":\"PropertyValueSpecification\",\"valueRequired\":true,\"valueName\":\"search_term_string\"}}],\"inLanguage\":\"sv-SE\"},{\"@type\":\"Organization\",\"@id\":\"https:\\\/\\\/vmsport.fi\\\/#organization\",\"name\":\"Vmsport\",\"url\":\"https:\\\/\\\/vmsport.fi\\\/\",\"logo\":{\"@type\":\"ImageObject\",\"inLanguage\":\"sv-SE\",\"@id\":\"https:\\\/\\\/vmsport.fi\\\/#\\\/schema\\\/logo\\\/image\\\/\",\"url\":\"https:\\\/\\\/vmsport.fi\\\/wp-content\\\/uploads\\\/2024\\\/12\\\/vm_sport_RGB_horisontal-e1734526017575.png\",\"contentUrl\":\"https:\\\/\\\/vmsport.fi\\\/wp-content\\\/uploads\\\/2024\\\/12\\\/vm_sport_RGB_horisontal-e1734526017575.png\",\"width\":668,\"height\":85,\"caption\":\"Vmsport\"},\"image\":{\"@id\":\"https:\\\/\\\/vmsport.fi\\\/#\\\/schema\\\/logo\\\/image\\\/\"},\"sameAs\":[\"https:\\\/\\\/www.facebook.com\\\/Vmsport.fi\\\/\",\"https:\\\/\\\/www.instagram.com\\\/vmsport\\\/\"]}]}<\/script>\n<!-- \/ Yoast SEO plugin. -->","yoast_head_json":{"title":"Takavaihtaja 6\/7-v RD-TY300 TY - VM Sport","robots":{"index":"index","follow":"follow","max-snippet":"max-snippet:-1","max-image-preview":"max-image-preview:large","max-video-preview":"max-video-preview:-1"},"canonical":"https:\/\/vmsport.fi\/sv\/webbutik\/reservdelar\/vaxellador\/bakre-vaxlar\/takavaihtaja-6-7-v-rd-ty300-ty\/","og_locale":"sv_SE","og_type":"article","og_title":"Takavaihtaja 6\/7-v RD-TY300 TY - VM Sport","og_description":"Shimano RD-TY300 on takavaihtaja, joka on suunniteltu 6- tai 7-vaihteisille polkupy\u00f6rille. Se tarjoaa sujuvan ja luotettavan vaihteiden vaihdon, mik\u00e4 tekee siit\u00e4 erinomaisen valinnan niille py\u00f6r\u00e4ilij\u00f6ille, jotka arvostavat kest\u00e4vi\u00e4 ja hiljaisia komponentteja. T\u00e4m\u00e4 vaihdehallintalaite pystyy tukemaan jopa 34-hammasrattaan k\u00e4ytt\u00f6\u00e4, mik\u00e4 antaa laajasti vaihtoehtoja vaihdevalikoimaan. Takavaihtajan SIS-j\u00e4rjestelm\u00e4 takaa tarkan vaihteiden vaihtamisen, ja 13-hampaisilla hihnapy\u00f6rill\u00e4 varustettu SGS-h\u00e4kkimalli parantaa [...]L\u00e4s mer \u2026 from Takavaihtaja 6\/7-v RD-TY300 TY","og_url":"https:\/\/vmsport.fi\/sv\/webbutik\/reservdelar\/vaxellador\/bakre-vaxlar\/takavaihtaja-6-7-v-rd-ty300-ty\/","og_site_name":"VM Sport","article_publisher":"https:\/\/www.facebook.com\/Vmsport.fi\/","article_modified_time":"2026-04-22T12:07:12+00:00","og_image":[{"width":600,"height":600,"url":"https:\/\/vmsport.fi\/wp-content\/uploads\/2025\/03\/ODjwf4KzkRU0eZW8MggJyP7iAMWl2iRBpuKY2CbQ3YxqpkBcTs-1.jpg","type":"image\/jpeg"}],"twitter_card":"summary_large_image","twitter_misc":{"Ber\u00e4knad l\u00e4stid":"1 minut"},"schema":{"@context":"https:\/\/schema.org","@graph":[{"@type":["WebPage","ItemPage"],"@id":"https:\/\/vmsport.fi\/verkkokauppa\/varaosat\/vaihteistot\/takavaihtajat\/takavaihtaja-6-7-v-rd-ty300-ty\/","url":"https:\/\/vmsport.fi\/verkkokauppa\/varaosat\/vaihteistot\/takavaihtajat\/takavaihtaja-6-7-v-rd-ty300-ty\/","name":"Takavaihtaja 6\/7-v RD-TY300 TY - VM Sport","isPartOf":{"@id":"https:\/\/vmsport.fi\/#website"},"primaryImageOfPage":{"@id":"https:\/\/vmsport.fi\/verkkokauppa\/varaosat\/vaihteistot\/takavaihtajat\/takavaihtaja-6-7-v-rd-ty300-ty\/#primaryimage"},"image":{"@id":"https:\/\/vmsport.fi\/verkkokauppa\/varaosat\/vaihteistot\/takavaihtajat\/takavaihtaja-6-7-v-rd-ty300-ty\/#primaryimage"},"thumbnailUrl":"https:\/\/vmsport.fi\/wp-content\/uploads\/2025\/03\/ODjwf4KzkRU0eZW8MggJyP7iAMWl2iRBpuKY2CbQ3YxqpkBcTs-1.jpg","datePublished":"2025-03-05T22:15:42+00:00","dateModified":"2026-04-22T12:07:12+00:00","breadcrumb":{"@id":"https:\/\/vmsport.fi\/verkkokauppa\/varaosat\/vaihteistot\/takavaihtajat\/takavaihtaja-6-7-v-rd-ty300-ty\/#breadcrumb"},"inLanguage":"sv-SE","potentialAction":[{"@type":"ReadAction","target":["https:\/\/vmsport.fi\/verkkokauppa\/varaosat\/vaihteistot\/takavaihtajat\/takavaihtaja-6-7-v-rd-ty300-ty\/"]}]},{"@type":"ImageObject","inLanguage":"sv-SE","@id":"https:\/\/vmsport.fi\/verkkokauppa\/varaosat\/vaihteistot\/takavaihtajat\/takavaihtaja-6-7-v-rd-ty300-ty\/#primaryimage","url":"https:\/\/vmsport.fi\/wp-content\/uploads\/2025\/03\/ODjwf4KzkRU0eZW8MggJyP7iAMWl2iRBpuKY2CbQ3YxqpkBcTs-1.jpg","contentUrl":"https:\/\/vmsport.fi\/wp-content\/uploads\/2025\/03\/ODjwf4KzkRU0eZW8MggJyP7iAMWl2iRBpuKY2CbQ3YxqpkBcTs-1.jpg","width":600,"height":600,"caption":"ODjwf4KzkRU0eZW8MggJyP7iAMWl2iRBpuKY2CbQ3YxqpkBcTs"},{"@type":"BreadcrumbList","@id":"https:\/\/vmsport.fi\/verkkokauppa\/varaosat\/vaihteistot\/takavaihtajat\/takavaihtaja-6-7-v-rd-ty300-ty\/#breadcrumb","itemListElement":[{"@type":"ListItem","position":1,"name":"Etusivu","item":"https:\/\/vmsport.fi\/"},{"@type":"ListItem","position":2,"name":"Online Store","item":"https:\/\/vmsport.fi\/en\/online-store\/"},{"@type":"ListItem","position":3,"name":"Takavaihtaja 6\/7-v RD-TY300 TY"}]},{"@type":"WebSite","@id":"https:\/\/vmsport.fi\/#website","url":"https:\/\/vmsport.fi\/","name":"Vmsport","description":"Allt p\u00e5 ett st\u00e4lle f\u00f6r cykling","publisher":{"@id":"https:\/\/vmsport.fi\/#organization"},"potentialAction":[{"@type":"SearchAction","target":{"@type":"EntryPoint","urlTemplate":"https:\/\/vmsport.fi\/?s={search_term_string}"},"query-input":{"@type":"PropertyValueSpecification","valueRequired":true,"valueName":"search_term_string"}}],"inLanguage":"sv-SE"},{"@type":"Organization","@id":"https:\/\/vmsport.fi\/#organization","name":"Vmsport","url":"https:\/\/vmsport.fi\/","logo":{"@type":"ImageObject","inLanguage":"sv-SE","@id":"https:\/\/vmsport.fi\/#\/schema\/logo\/image\/","url":"https:\/\/vmsport.fi\/wp-content\/uploads\/2024\/12\/vm_sport_RGB_horisontal-e1734526017575.png","contentUrl":"https:\/\/vmsport.fi\/wp-content\/uploads\/2024\/12\/vm_sport_RGB_horisontal-e1734526017575.png","width":668,"height":85,"caption":"Vmsport"},"image":{"@id":"https:\/\/vmsport.fi\/#\/schema\/logo\/image\/"},"sameAs":["https:\/\/www.facebook.com\/Vmsport.fi\/","https:\/\/www.instagram.com\/vmsport\/"]}]}},"global_unique_id":"","_links":{"self":[{"href":"https:\/\/vmsport.fi\/sv\/wp-json\/wp\/v2\/product\/56073","targetHints":{"allow":["GET"]}}],"collection":[{"href":"https:\/\/vmsport.fi\/sv\/wp-json\/wp\/v2\/product"}],"about":[{"href":"https:\/\/vmsport.fi\/sv\/wp-json\/wp\/v2\/types\/product"}],"replies":[{"embeddable":true,"href":"https:\/\/vmsport.fi\/sv\/wp-json\/wp\/v2\/comments?post=56073"}],"wp:featuredmedia":[{"embeddable":true,"href":"https:\/\/vmsport.fi\/sv\/wp-json\/wp\/v2\/media\/56072"}],"wp:attachment":[{"href":"https:\/\/vmsport.fi\/sv\/wp-json\/wp\/v2\/media?parent=56073"}],"wp:term":[{"taxonomy":"product_brand","embeddable":true,"href":"https:\/\/vmsport.fi\/sv\/wp-json\/wp\/v2\/product_brand?post=56073"},{"taxonomy":"product_model","embeddable":true,"href":"https:\/\/vmsport.fi\/sv\/wp-json\/wp\/v2\/product_model?post=56073"},{"taxonomy":"product_cat","embeddable":true,"href":"https:\/\/vmsport.fi\/sv\/wp-json\/wp\/v2\/product_cat?post=56073"},{"taxonomy":"product_tag","embeddable":true,"href":"https:\/\/vmsport.fi\/sv\/wp-json\/wp\/v2\/product_tag?post=56073"},{"taxonomy":"industry_terminology","embeddable":true,"href":"https:\/\/vmsport.fi\/sv\/wp-json\/wp\/v2\/industry-terminology?post=56073"}],"curies":[{"name":"wp","href":"https:\/\/api.w.org\/{rel}","templated":true}]}}