{"id":56036,"date":"2025-03-06T00:15:14","date_gmt":"2025-03-05T22:15:14","guid":{"rendered":"https:\/\/vmsport.fi\/verkkokauppa\/Ei-luokiteltu\/roeckl-vadura-trigger-pyorailyhanska\/"},"modified":"2026-04-22T15:27:01","modified_gmt":"2026-04-22T12:27:01","slug":"roeckl-vadura-trigger-pyorailyhanska","status":"publish","type":"product","link":"https:\/\/vmsport.fi\/sv\/verkkokauppa\/ajovarusteet\/vaatteet\/pyorailyhanskat\/roeckl-vadura-trigger-pyorailyhanska\/","title":{"rendered":"Roeckl Vadura Trigger Cykelhandskar"},"content":{"rendered":"<p>Roeckl Vadura Trigger -py\u00f6r\u00e4ilyhanska, suunniteltu talviurheiluun, tarjoaa erinomaisen suojan kylmi\u00e4 s\u00e4it\u00e4 vastaan. Hengitt\u00e4v\u00e4t materiaalit varmistavat, ett\u00e4 k\u00e4tesi pysyv\u00e4t kuivina intensiivisen py\u00f6r\u00e4ilyn aikana. Kest\u00e4v\u00e4 rakenne takaa hanskojen pitk\u00e4ik\u00e4isyyden ja toimivuuden vaativissa olosuhteissa, joten ne ovat luotettava valinta urheilulliseen k\u00e4ytt\u00f6\u00f6n. Musta v\u00e4ri antaa tyylikk\u00e4\u00e4n ilmeen ja sopii monenlaisiin asukokonaisuuksiin. N\u00e4m\u00e4 hanskat tarjoavat sek\u00e4 mukavuutta ett\u00e4 suojaa, mik\u00e4 tekee niist\u00e4 ihanteellisen kumppanin talvipy\u00f6r\u00e4ilyyn.<\/p>","protected":false},"excerpt":{"rendered":"<p>Roeckl Vadura Trigger -py\u00f6r\u00e4ilyhanska, suunniteltu talviurheiluun, tarjoaa erinomaisen suojan kylmi\u00e4 s\u00e4it\u00e4 vastaan. Hengitt\u00e4v\u00e4t materiaalit varmistavat, ett\u00e4 k\u00e4tesi pysyv\u00e4t kuivina intensiivisen py\u00f6r\u00e4ilyn aikana. Kest\u00e4v\u00e4 rakenne takaa hanskojen pitk\u00e4ik\u00e4isyyden ja toimivuuden vaativissa olosuhteissa, joten ne ovat luotettava valinta urheilulliseen k\u00e4ytt\u00f6\u00f6n. Musta v\u00e4ri antaa tyylikk\u00e4\u00e4n ilmeen ja sopii monenlaisiin asukokonaisuuksiin. N\u00e4m\u00e4 hanskat tarjoavat sek\u00e4 mukavuutta ett\u00e4 suojaa, mik\u00e4 [&#8230;]<\/p>\n<p><a class=\"btn btn-secondary understrap-read-more-link\" href=\"https:\/\/vmsport.fi\/sv\/verkkokauppa\/ajovarusteet\/vaatteet\/pyorailyhanskat\/roeckl-vadura-trigger-pyorailyhanska\/\">L\u00e4s mer \u2026<span class=\"screen-reader-text\"> from Roeckl Vadura Trigger Py\u00f6r\u00e4ilyhanska<\/span><\/a><\/p>\n","protected":false},"featured_media":56035,"comment_status":"open","ping_status":"closed","template":"","meta":{"_acf_changed":false,"_improvement_type_select":"improve_an_existing","_thumb_yes_seoaic":false,"_frame_yes_seoaic":false,"seoaic_generate_description":"","seoaic_improve_instructions_prompt":"","seoaic_rollback_content_improvement":"","seoaic_idea_thumbnail_generator":"","thumbnail_generated":false,"thumbnail_generate_prompt":"","seoaic_article_description":"","_supplier_stock_quantity":0},"product_brand":[],"product_model":[],"product_cat":[9454],"product_tag":[],"industry-terminology":[],"class_list":{"0":"post-56036","1":"product","2":"type-product","3":"status-publish","4":"has-post-thumbnail","6":"product_cat-pyorailyhanskat","8":"first","9":"outofstock","10":"sale","11":"taxable","12":"shipping-taxable","13":"product-type-variable"},"acf":{"bike_features":null,"overview":{"copy_overview":null,"key_features":null,"statement":"","youtube_url":""}},"yoast_head":"<!-- This site is optimized with the Yoast SEO plugin v27.4 - https:\/\/yoast.com\/product\/yoast-seo-wordpress\/ -->\n<title>Roeckl Vadura Trigger Py\u00f6r\u00e4ilyhanska - VM Sport<\/title>\n<meta name=\"robots\" content=\"index, follow, max-snippet:-1, max-image-preview:large, max-video-preview:-1\" \/>\n<link rel=\"canonical\" href=\"https:\/\/vmsport.fi\/sv\/webbutik\/korutrustning\/klader\/pyorailhandskar\/roeckl-vadura-trigger-pyorailyhanska\/\" \/>\n<meta property=\"og:locale\" content=\"sv_SE\" \/>\n<meta property=\"og:type\" content=\"article\" \/>\n<meta property=\"og:title\" content=\"Roeckl Vadura Trigger Py\u00f6r\u00e4ilyhanska - VM Sport\" \/>\n<meta property=\"og:description\" content=\"Roeckl Vadura Trigger -py\u00f6r\u00e4ilyhanska, suunniteltu talviurheiluun, tarjoaa erinomaisen suojan kylmi\u00e4 s\u00e4it\u00e4 vastaan. Hengitt\u00e4v\u00e4t materiaalit varmistavat, ett\u00e4 k\u00e4tesi pysyv\u00e4t kuivina intensiivisen py\u00f6r\u00e4ilyn aikana. Kest\u00e4v\u00e4 rakenne takaa hanskojen pitk\u00e4ik\u00e4isyyden ja toimivuuden vaativissa olosuhteissa, joten ne ovat luotettava valinta urheilulliseen k\u00e4ytt\u00f6\u00f6n. Musta v\u00e4ri antaa tyylikk\u00e4\u00e4n ilmeen ja sopii monenlaisiin asukokonaisuuksiin. N\u00e4m\u00e4 hanskat tarjoavat sek\u00e4 mukavuutta ett\u00e4 suojaa, mik\u00e4 [...]L\u00e4s mer \u2026 from Roeckl Vadura Trigger Py\u00f6r\u00e4ilyhanska\" \/>\n<meta property=\"og:url\" content=\"https:\/\/vmsport.fi\/sv\/webbutik\/korutrustning\/klader\/pyorailhandskar\/roeckl-vadura-trigger-pyorailyhanska\/\" \/>\n<meta property=\"og:site_name\" content=\"VM Sport\" \/>\n<meta property=\"article:publisher\" content=\"https:\/\/www.facebook.com\/Vmsport.fi\/\" \/>\n<meta property=\"article:modified_time\" content=\"2026-04-22T12:27:01+00:00\" \/>\n<meta property=\"og:image\" content=\"https:\/\/vmsport.fi\/wp-content\/uploads\/2025\/03\/3103-831-000VaduraTrigger-1.jpg\" \/>\n\t<meta property=\"og:image:width\" content=\"268\" \/>\n\t<meta property=\"og:image:height\" content=\"500\" \/>\n\t<meta property=\"og:image:type\" content=\"image\/jpeg\" \/>\n<meta name=\"twitter:card\" content=\"summary_large_image\" \/>\n<script type=\"application\/ld+json\" class=\"yoast-schema-graph\">{\"@context\":\"https:\\\/\\\/schema.org\",\"@graph\":[{\"@type\":[\"WebPage\",\"ItemPage\"],\"@id\":\"https:\\\/\\\/vmsport.fi\\\/verkkokauppa\\\/ajovarusteet\\\/vaatteet\\\/pyorailyhanskat\\\/roeckl-vadura-trigger-pyorailyhanska\\\/\",\"url\":\"https:\\\/\\\/vmsport.fi\\\/verkkokauppa\\\/ajovarusteet\\\/vaatteet\\\/pyorailyhanskat\\\/roeckl-vadura-trigger-pyorailyhanska\\\/\",\"name\":\"Roeckl Vadura Trigger Py\u00f6r\u00e4ilyhanska - VM Sport\",\"isPartOf\":{\"@id\":\"https:\\\/\\\/vmsport.fi\\\/#website\"},\"primaryImageOfPage\":{\"@id\":\"https:\\\/\\\/vmsport.fi\\\/verkkokauppa\\\/ajovarusteet\\\/vaatteet\\\/pyorailyhanskat\\\/roeckl-vadura-trigger-pyorailyhanska\\\/#primaryimage\"},\"image\":{\"@id\":\"https:\\\/\\\/vmsport.fi\\\/verkkokauppa\\\/ajovarusteet\\\/vaatteet\\\/pyorailyhanskat\\\/roeckl-vadura-trigger-pyorailyhanska\\\/#primaryimage\"},\"thumbnailUrl\":\"https:\\\/\\\/vmsport.fi\\\/wp-content\\\/uploads\\\/2025\\\/03\\\/3103-831-000VaduraTrigger-1.jpg\",\"datePublished\":\"2025-03-05T22:15:14+00:00\",\"dateModified\":\"2026-04-22T12:27:01+00:00\",\"breadcrumb\":{\"@id\":\"https:\\\/\\\/vmsport.fi\\\/verkkokauppa\\\/ajovarusteet\\\/vaatteet\\\/pyorailyhanskat\\\/roeckl-vadura-trigger-pyorailyhanska\\\/#breadcrumb\"},\"inLanguage\":\"sv-SE\",\"potentialAction\":[{\"@type\":\"ReadAction\",\"target\":[\"https:\\\/\\\/vmsport.fi\\\/verkkokauppa\\\/ajovarusteet\\\/vaatteet\\\/pyorailyhanskat\\\/roeckl-vadura-trigger-pyorailyhanska\\\/\"]}]},{\"@type\":\"ImageObject\",\"inLanguage\":\"sv-SE\",\"@id\":\"https:\\\/\\\/vmsport.fi\\\/verkkokauppa\\\/ajovarusteet\\\/vaatteet\\\/pyorailyhanskat\\\/roeckl-vadura-trigger-pyorailyhanska\\\/#primaryimage\",\"url\":\"https:\\\/\\\/vmsport.fi\\\/wp-content\\\/uploads\\\/2025\\\/03\\\/3103-831-000VaduraTrigger-1.jpg\",\"contentUrl\":\"https:\\\/\\\/vmsport.fi\\\/wp-content\\\/uploads\\\/2025\\\/03\\\/3103-831-000VaduraTrigger-1.jpg\",\"width\":268,\"height\":500,\"caption\":\"3103-831-000VaduraTrigger\"},{\"@type\":\"BreadcrumbList\",\"@id\":\"https:\\\/\\\/vmsport.fi\\\/verkkokauppa\\\/ajovarusteet\\\/vaatteet\\\/pyorailyhanskat\\\/roeckl-vadura-trigger-pyorailyhanska\\\/#breadcrumb\",\"itemListElement\":[{\"@type\":\"ListItem\",\"position\":1,\"name\":\"Etusivu\",\"item\":\"https:\\\/\\\/vmsport.fi\\\/\"},{\"@type\":\"ListItem\",\"position\":2,\"name\":\"Online Store\",\"item\":\"https:\\\/\\\/vmsport.fi\\\/en\\\/online-store\\\/\"},{\"@type\":\"ListItem\",\"position\":3,\"name\":\"Roeckl Vadura Trigger Py\u00f6r\u00e4ilyhanska\"}]},{\"@type\":\"WebSite\",\"@id\":\"https:\\\/\\\/vmsport.fi\\\/#website\",\"url\":\"https:\\\/\\\/vmsport.fi\\\/\",\"name\":\"Vmsport\",\"description\":\"Kaikki py\u00f6r\u00e4ilyyn yhdest\u00e4 paikasta\",\"publisher\":{\"@id\":\"https:\\\/\\\/vmsport.fi\\\/#organization\"},\"potentialAction\":[{\"@type\":\"SearchAction\",\"target\":{\"@type\":\"EntryPoint\",\"urlTemplate\":\"https:\\\/\\\/vmsport.fi\\\/?s={search_term_string}\"},\"query-input\":{\"@type\":\"PropertyValueSpecification\",\"valueRequired\":true,\"valueName\":\"search_term_string\"}}],\"inLanguage\":\"sv-SE\"},{\"@type\":\"Organization\",\"@id\":\"https:\\\/\\\/vmsport.fi\\\/#organization\",\"name\":\"Vmsport\",\"url\":\"https:\\\/\\\/vmsport.fi\\\/\",\"logo\":{\"@type\":\"ImageObject\",\"inLanguage\":\"sv-SE\",\"@id\":\"https:\\\/\\\/vmsport.fi\\\/#\\\/schema\\\/logo\\\/image\\\/\",\"url\":\"https:\\\/\\\/vmsport.fi\\\/wp-content\\\/uploads\\\/2024\\\/12\\\/vm_sport_RGB_horisontal-e1734526017575.png\",\"contentUrl\":\"https:\\\/\\\/vmsport.fi\\\/wp-content\\\/uploads\\\/2024\\\/12\\\/vm_sport_RGB_horisontal-e1734526017575.png\",\"width\":668,\"height\":85,\"caption\":\"Vmsport\"},\"image\":{\"@id\":\"https:\\\/\\\/vmsport.fi\\\/#\\\/schema\\\/logo\\\/image\\\/\"},\"sameAs\":[\"https:\\\/\\\/www.facebook.com\\\/Vmsport.fi\\\/\",\"https:\\\/\\\/www.instagram.com\\\/vmsport\\\/\"]}]}<\/script>\n<!-- \/ Yoast SEO plugin. -->","yoast_head_json":{"title":"Roeckl Vadura Trigger Py\u00f6r\u00e4ilyhanska - VM Sport","robots":{"index":"index","follow":"follow","max-snippet":"max-snippet:-1","max-image-preview":"max-image-preview:large","max-video-preview":"max-video-preview:-1"},"canonical":"https:\/\/vmsport.fi\/sv\/webbutik\/korutrustning\/klader\/pyorailhandskar\/roeckl-vadura-trigger-pyorailyhanska\/","og_locale":"sv_SE","og_type":"article","og_title":"Roeckl Vadura Trigger Py\u00f6r\u00e4ilyhanska - VM Sport","og_description":"Roeckl Vadura Trigger -py\u00f6r\u00e4ilyhanska, suunniteltu talviurheiluun, tarjoaa erinomaisen suojan kylmi\u00e4 s\u00e4it\u00e4 vastaan. Hengitt\u00e4v\u00e4t materiaalit varmistavat, ett\u00e4 k\u00e4tesi pysyv\u00e4t kuivina intensiivisen py\u00f6r\u00e4ilyn aikana. Kest\u00e4v\u00e4 rakenne takaa hanskojen pitk\u00e4ik\u00e4isyyden ja toimivuuden vaativissa olosuhteissa, joten ne ovat luotettava valinta urheilulliseen k\u00e4ytt\u00f6\u00f6n. Musta v\u00e4ri antaa tyylikk\u00e4\u00e4n ilmeen ja sopii monenlaisiin asukokonaisuuksiin. N\u00e4m\u00e4 hanskat tarjoavat sek\u00e4 mukavuutta ett\u00e4 suojaa, mik\u00e4 [...]L\u00e4s mer \u2026 from Roeckl Vadura Trigger Py\u00f6r\u00e4ilyhanska","og_url":"https:\/\/vmsport.fi\/sv\/webbutik\/korutrustning\/klader\/pyorailhandskar\/roeckl-vadura-trigger-pyorailyhanska\/","og_site_name":"VM Sport","article_publisher":"https:\/\/www.facebook.com\/Vmsport.fi\/","article_modified_time":"2026-04-22T12:27:01+00:00","og_image":[{"width":268,"height":500,"url":"https:\/\/vmsport.fi\/wp-content\/uploads\/2025\/03\/3103-831-000VaduraTrigger-1.jpg","type":"image\/jpeg"}],"twitter_card":"summary_large_image","schema":{"@context":"https:\/\/schema.org","@graph":[{"@type":["WebPage","ItemPage"],"@id":"https:\/\/vmsport.fi\/verkkokauppa\/ajovarusteet\/vaatteet\/pyorailyhanskat\/roeckl-vadura-trigger-pyorailyhanska\/","url":"https:\/\/vmsport.fi\/verkkokauppa\/ajovarusteet\/vaatteet\/pyorailyhanskat\/roeckl-vadura-trigger-pyorailyhanska\/","name":"Roeckl Vadura Trigger Py\u00f6r\u00e4ilyhanska - VM Sport","isPartOf":{"@id":"https:\/\/vmsport.fi\/#website"},"primaryImageOfPage":{"@id":"https:\/\/vmsport.fi\/verkkokauppa\/ajovarusteet\/vaatteet\/pyorailyhanskat\/roeckl-vadura-trigger-pyorailyhanska\/#primaryimage"},"image":{"@id":"https:\/\/vmsport.fi\/verkkokauppa\/ajovarusteet\/vaatteet\/pyorailyhanskat\/roeckl-vadura-trigger-pyorailyhanska\/#primaryimage"},"thumbnailUrl":"https:\/\/vmsport.fi\/wp-content\/uploads\/2025\/03\/3103-831-000VaduraTrigger-1.jpg","datePublished":"2025-03-05T22:15:14+00:00","dateModified":"2026-04-22T12:27:01+00:00","breadcrumb":{"@id":"https:\/\/vmsport.fi\/verkkokauppa\/ajovarusteet\/vaatteet\/pyorailyhanskat\/roeckl-vadura-trigger-pyorailyhanska\/#breadcrumb"},"inLanguage":"sv-SE","potentialAction":[{"@type":"ReadAction","target":["https:\/\/vmsport.fi\/verkkokauppa\/ajovarusteet\/vaatteet\/pyorailyhanskat\/roeckl-vadura-trigger-pyorailyhanska\/"]}]},{"@type":"ImageObject","inLanguage":"sv-SE","@id":"https:\/\/vmsport.fi\/verkkokauppa\/ajovarusteet\/vaatteet\/pyorailyhanskat\/roeckl-vadura-trigger-pyorailyhanska\/#primaryimage","url":"https:\/\/vmsport.fi\/wp-content\/uploads\/2025\/03\/3103-831-000VaduraTrigger-1.jpg","contentUrl":"https:\/\/vmsport.fi\/wp-content\/uploads\/2025\/03\/3103-831-000VaduraTrigger-1.jpg","width":268,"height":500,"caption":"3103-831-000VaduraTrigger"},{"@type":"BreadcrumbList","@id":"https:\/\/vmsport.fi\/verkkokauppa\/ajovarusteet\/vaatteet\/pyorailyhanskat\/roeckl-vadura-trigger-pyorailyhanska\/#breadcrumb","itemListElement":[{"@type":"ListItem","position":1,"name":"Etusivu","item":"https:\/\/vmsport.fi\/"},{"@type":"ListItem","position":2,"name":"Online Store","item":"https:\/\/vmsport.fi\/en\/online-store\/"},{"@type":"ListItem","position":3,"name":"Roeckl Vadura Trigger Py\u00f6r\u00e4ilyhanska"}]},{"@type":"WebSite","@id":"https:\/\/vmsport.fi\/#website","url":"https:\/\/vmsport.fi\/","name":"Vmsport","description":"Allt p\u00e5 ett st\u00e4lle f\u00f6r cykling","publisher":{"@id":"https:\/\/vmsport.fi\/#organization"},"potentialAction":[{"@type":"SearchAction","target":{"@type":"EntryPoint","urlTemplate":"https:\/\/vmsport.fi\/?s={search_term_string}"},"query-input":{"@type":"PropertyValueSpecification","valueRequired":true,"valueName":"search_term_string"}}],"inLanguage":"sv-SE"},{"@type":"Organization","@id":"https:\/\/vmsport.fi\/#organization","name":"Vmsport","url":"https:\/\/vmsport.fi\/","logo":{"@type":"ImageObject","inLanguage":"sv-SE","@id":"https:\/\/vmsport.fi\/#\/schema\/logo\/image\/","url":"https:\/\/vmsport.fi\/wp-content\/uploads\/2024\/12\/vm_sport_RGB_horisontal-e1734526017575.png","contentUrl":"https:\/\/vmsport.fi\/wp-content\/uploads\/2024\/12\/vm_sport_RGB_horisontal-e1734526017575.png","width":668,"height":85,"caption":"Vmsport"},"image":{"@id":"https:\/\/vmsport.fi\/#\/schema\/logo\/image\/"},"sameAs":["https:\/\/www.facebook.com\/Vmsport.fi\/","https:\/\/www.instagram.com\/vmsport\/"]}]}},"global_unique_id":"","_links":{"self":[{"href":"https:\/\/vmsport.fi\/sv\/wp-json\/wp\/v2\/product\/56036","targetHints":{"allow":["GET"]}}],"collection":[{"href":"https:\/\/vmsport.fi\/sv\/wp-json\/wp\/v2\/product"}],"about":[{"href":"https:\/\/vmsport.fi\/sv\/wp-json\/wp\/v2\/types\/product"}],"replies":[{"embeddable":true,"href":"https:\/\/vmsport.fi\/sv\/wp-json\/wp\/v2\/comments?post=56036"}],"wp:featuredmedia":[{"embeddable":true,"href":"https:\/\/vmsport.fi\/sv\/wp-json\/wp\/v2\/media\/56035"}],"wp:attachment":[{"href":"https:\/\/vmsport.fi\/sv\/wp-json\/wp\/v2\/media?parent=56036"}],"wp:term":[{"taxonomy":"product_brand","embeddable":true,"href":"https:\/\/vmsport.fi\/sv\/wp-json\/wp\/v2\/product_brand?post=56036"},{"taxonomy":"product_model","embeddable":true,"href":"https:\/\/vmsport.fi\/sv\/wp-json\/wp\/v2\/product_model?post=56036"},{"taxonomy":"product_cat","embeddable":true,"href":"https:\/\/vmsport.fi\/sv\/wp-json\/wp\/v2\/product_cat?post=56036"},{"taxonomy":"product_tag","embeddable":true,"href":"https:\/\/vmsport.fi\/sv\/wp-json\/wp\/v2\/product_tag?post=56036"},{"taxonomy":"industry_terminology","embeddable":true,"href":"https:\/\/vmsport.fi\/sv\/wp-json\/wp\/v2\/industry-terminology?post=56036"}],"curies":[{"name":"wp","href":"https:\/\/api.w.org\/{rel}","templated":true}]}}