{"id":56029,"date":"2025-03-06T00:15:11","date_gmt":"2025-03-05T22:15:11","guid":{"rendered":"https:\/\/vmsport.fi\/verkkokauppa\/Ei-luokiteltu\/ajotietokone-steps-sc-e6000-naytto\/"},"modified":"2026-01-16T13:24:59","modified_gmt":"2026-01-16T11:24:59","slug":"farddator-steg-sc-e6000-naytto","status":"publish","type":"product","link":"https:\/\/vmsport.fi\/sv\/verkkokauppa\/varaosat\/sahkopyorien-osat\/ajotietokone-steps-sc-e6000-naytto\/","title":{"rendered":"F\u00e4rdskrivare STEPS SC-E6000 display"},"content":{"rendered":"<p>Shimano STEPS SC-E6000 f\u00e4rddator \u00e4r utformad f\u00f6r att g\u00f6ra din cykling smidigare genom att tillhandah\u00e5lla en tydlig digital display. Den l\u00e5ter dig \u00f6vervaka din hastighet i kilometer per timme och uppskatta hur mycket l\u00e4ngre du har kvar att k\u00f6ra. Eftersom den \u00e4r monterad p\u00e5 styret \u00e4r den l\u00e4tt synlig under cyklingen, s\u00e5 att du kan h\u00e5lla dig uppdaterad med din cykelinformation utan distraktioner.<\/p>","protected":false},"excerpt":{"rendered":"<p>Shimano STEPS SC-E6000 -ajotietokone on suunniteltu tekem\u00e4\u00e4n py\u00f6r\u00e4ilyst\u00e4si sujuvampaa tarjoamalla selke\u00e4n digitaalisen n\u00e4yt\u00f6n. Sen avulla voit seurata nopeutta kilometrein\u00e4 tunnissa ja arvioida, kuinka pitk\u00e4 matka on viel\u00e4 edess\u00e4. Koska laite asennetaan ohjaustankoon, se on helposti havaittavissa ajon aikana, mik\u00e4 mahdollistaa pysymisen ajan tasalla py\u00f6r\u00e4ilyyn liittyvist\u00e4 tiedoistasi ilman h\u00e4iri\u00f6it\u00e4. [&#8230;]<\/p>\n<p><a class=\"btn btn-secondary understrap-read-more-link\" href=\"https:\/\/vmsport.fi\/sv\/verkkokauppa\/varaosat\/sahkopyorien-osat\/ajotietokone-steps-sc-e6000-naytto\/\">L\u00e4s mer \u2026<span class=\"screen-reader-text\"> from Ajotietokone STEPS SC-E6000 n\u00e4ytt\u00f6<\/span><\/a><\/p>\n","protected":false},"featured_media":56028,"comment_status":"open","ping_status":"closed","template":"","meta":{"_acf_changed":false,"_improvement_type_select":"improve_an_existing","_thumb_yes_seoaic":false,"_frame_yes_seoaic":false,"seoaic_generate_description":"","seoaic_improve_instructions_prompt":"","seoaic_rollback_content_improvement":"","seoaic_idea_thumbnail_generator":"","thumbnail_generated":false,"thumbnail_generate_prompt":"","seoaic_article_description":"","_supplier_stock_quantity":0},"product_brand":[],"product_model":[],"product_cat":[9278],"product_tag":[],"industry-terminology":[],"class_list":{"0":"post-56029","1":"product","2":"type-product","3":"status-publish","4":"has-post-thumbnail","6":"product_cat-sahkopyorien-osat","8":"first","9":"outofstock","10":"taxable","11":"shipping-taxable","12":"product-type-simple"},"acf":{"bike_features":null,"overview":{"copy_overview":null,"key_features":null,"statement":"","youtube_url":""}},"yoast_head":"<!-- This site is optimized with the Yoast SEO plugin v27.3 - https:\/\/yoast.com\/product\/yoast-seo-wordpress\/ -->\n<title>Ajotietokone STEPS SC-E6000 n\u00e4ytt\u00f6 - VM Sport<\/title>\n<meta name=\"robots\" content=\"index, follow, max-snippet:-1, max-image-preview:large, max-video-preview:-1\" \/>\n<link rel=\"canonical\" href=\"https:\/\/vmsport.fi\/sv\/webbutik\/reservdelar\/delar-av-sagbockar\/farddator-steg-sc-e6000-naytto\/\" \/>\n<meta property=\"og:locale\" content=\"sv_SE\" \/>\n<meta property=\"og:type\" content=\"article\" \/>\n<meta property=\"og:title\" content=\"Ajotietokone STEPS SC-E6000 n\u00e4ytt\u00f6 - VM Sport\" \/>\n<meta property=\"og:description\" content=\"Shimano STEPS SC-E6000 -ajotietokone on suunniteltu tekem\u00e4\u00e4n py\u00f6r\u00e4ilyst\u00e4si sujuvampaa tarjoamalla selke\u00e4n digitaalisen n\u00e4yt\u00f6n. Sen avulla voit seurata nopeutta kilometrein\u00e4 tunnissa ja arvioida, kuinka pitk\u00e4 matka on viel\u00e4 edess\u00e4. Koska laite asennetaan ohjaustankoon, se on helposti havaittavissa ajon aikana, mik\u00e4 mahdollistaa pysymisen ajan tasalla py\u00f6r\u00e4ilyyn liittyvist\u00e4 tiedoistasi ilman h\u00e4iri\u00f6it\u00e4. [...]L\u00e4s mer \u2026 from Ajotietokone STEPS SC-E6000 n\u00e4ytt\u00f6\" \/>\n<meta property=\"og:url\" content=\"https:\/\/vmsport.fi\/sv\/webbutik\/reservdelar\/delar-av-sagbockar\/farddator-steg-sc-e6000-naytto\/\" \/>\n<meta property=\"og:site_name\" content=\"VM Sport\" \/>\n<meta property=\"article:publisher\" content=\"https:\/\/www.facebook.com\/Vmsport.fi\/\" \/>\n<meta property=\"article:modified_time\" content=\"2026-01-16T11:24:59+00:00\" \/>\n<meta property=\"og:image\" content=\"https:\/\/vmsport.fi\/wp-content\/uploads\/2025\/03\/TRVVseyQoQbaa9O6kRQbZizI9t507C1AKCinjEBZSQF4DfsQrm-1.jpg\" \/>\n\t<meta property=\"og:image:width\" content=\"600\" \/>\n\t<meta property=\"og:image:height\" content=\"600\" \/>\n\t<meta property=\"og:image:type\" content=\"image\/jpeg\" \/>\n<meta name=\"twitter:card\" content=\"summary_large_image\" \/>\n<script type=\"application\/ld+json\" class=\"yoast-schema-graph\">{\"@context\":\"https:\\\/\\\/schema.org\",\"@graph\":[{\"@type\":[\"WebPage\",\"ItemPage\"],\"@id\":\"https:\\\/\\\/vmsport.fi\\\/verkkokauppa\\\/varaosat\\\/sahkopyorien-osat\\\/ajotietokone-steps-sc-e6000-naytto\\\/\",\"url\":\"https:\\\/\\\/vmsport.fi\\\/verkkokauppa\\\/varaosat\\\/sahkopyorien-osat\\\/ajotietokone-steps-sc-e6000-naytto\\\/\",\"name\":\"Ajotietokone STEPS SC-E6000 n\u00e4ytt\u00f6 - VM Sport\",\"isPartOf\":{\"@id\":\"https:\\\/\\\/vmsport.fi\\\/#website\"},\"primaryImageOfPage\":{\"@id\":\"https:\\\/\\\/vmsport.fi\\\/verkkokauppa\\\/varaosat\\\/sahkopyorien-osat\\\/ajotietokone-steps-sc-e6000-naytto\\\/#primaryimage\"},\"image\":{\"@id\":\"https:\\\/\\\/vmsport.fi\\\/verkkokauppa\\\/varaosat\\\/sahkopyorien-osat\\\/ajotietokone-steps-sc-e6000-naytto\\\/#primaryimage\"},\"thumbnailUrl\":\"https:\\\/\\\/vmsport.fi\\\/wp-content\\\/uploads\\\/2025\\\/03\\\/TRVVseyQoQbaa9O6kRQbZizI9t507C1AKCinjEBZSQF4DfsQrm-1.jpg\",\"datePublished\":\"2025-03-05T22:15:11+00:00\",\"dateModified\":\"2026-01-16T11:24:59+00:00\",\"breadcrumb\":{\"@id\":\"https:\\\/\\\/vmsport.fi\\\/verkkokauppa\\\/varaosat\\\/sahkopyorien-osat\\\/ajotietokone-steps-sc-e6000-naytto\\\/#breadcrumb\"},\"inLanguage\":\"sv-SE\",\"potentialAction\":[{\"@type\":\"ReadAction\",\"target\":[\"https:\\\/\\\/vmsport.fi\\\/verkkokauppa\\\/varaosat\\\/sahkopyorien-osat\\\/ajotietokone-steps-sc-e6000-naytto\\\/\"]}]},{\"@type\":\"ImageObject\",\"inLanguage\":\"sv-SE\",\"@id\":\"https:\\\/\\\/vmsport.fi\\\/verkkokauppa\\\/varaosat\\\/sahkopyorien-osat\\\/ajotietokone-steps-sc-e6000-naytto\\\/#primaryimage\",\"url\":\"https:\\\/\\\/vmsport.fi\\\/wp-content\\\/uploads\\\/2025\\\/03\\\/TRVVseyQoQbaa9O6kRQbZizI9t507C1AKCinjEBZSQF4DfsQrm-1.jpg\",\"contentUrl\":\"https:\\\/\\\/vmsport.fi\\\/wp-content\\\/uploads\\\/2025\\\/03\\\/TRVVseyQoQbaa9O6kRQbZizI9t507C1AKCinjEBZSQF4DfsQrm-1.jpg\",\"width\":600,\"height\":600,\"caption\":\"TRVVseyQoQbaa9O6kRQbZizI9t507C1AKCinjEBZSQF4DfsQrm\"},{\"@type\":\"BreadcrumbList\",\"@id\":\"https:\\\/\\\/vmsport.fi\\\/verkkokauppa\\\/varaosat\\\/sahkopyorien-osat\\\/ajotietokone-steps-sc-e6000-naytto\\\/#breadcrumb\",\"itemListElement\":[{\"@type\":\"ListItem\",\"position\":1,\"name\":\"Etusivu\",\"item\":\"https:\\\/\\\/vmsport.fi\\\/\"},{\"@type\":\"ListItem\",\"position\":2,\"name\":\"Online Store\",\"item\":\"https:\\\/\\\/vmsport.fi\\\/en\\\/online-store\\\/\"},{\"@type\":\"ListItem\",\"position\":3,\"name\":\"Ajotietokone STEPS SC-E6000 n\u00e4ytt\u00f6\"}]},{\"@type\":\"WebSite\",\"@id\":\"https:\\\/\\\/vmsport.fi\\\/#website\",\"url\":\"https:\\\/\\\/vmsport.fi\\\/\",\"name\":\"Vmsport\",\"description\":\"Kaikki py\u00f6r\u00e4ilyyn yhdest\u00e4 paikasta\",\"publisher\":{\"@id\":\"https:\\\/\\\/vmsport.fi\\\/#organization\"},\"potentialAction\":[{\"@type\":\"SearchAction\",\"target\":{\"@type\":\"EntryPoint\",\"urlTemplate\":\"https:\\\/\\\/vmsport.fi\\\/?s={search_term_string}\"},\"query-input\":{\"@type\":\"PropertyValueSpecification\",\"valueRequired\":true,\"valueName\":\"search_term_string\"}}],\"inLanguage\":\"sv-SE\"},{\"@type\":\"Organization\",\"@id\":\"https:\\\/\\\/vmsport.fi\\\/#organization\",\"name\":\"Vmsport\",\"url\":\"https:\\\/\\\/vmsport.fi\\\/\",\"logo\":{\"@type\":\"ImageObject\",\"inLanguage\":\"sv-SE\",\"@id\":\"https:\\\/\\\/vmsport.fi\\\/#\\\/schema\\\/logo\\\/image\\\/\",\"url\":\"https:\\\/\\\/vmsport.fi\\\/wp-content\\\/uploads\\\/2024\\\/12\\\/vm_sport_RGB_horisontal-e1734526017575.png\",\"contentUrl\":\"https:\\\/\\\/vmsport.fi\\\/wp-content\\\/uploads\\\/2024\\\/12\\\/vm_sport_RGB_horisontal-e1734526017575.png\",\"width\":668,\"height\":85,\"caption\":\"Vmsport\"},\"image\":{\"@id\":\"https:\\\/\\\/vmsport.fi\\\/#\\\/schema\\\/logo\\\/image\\\/\"},\"sameAs\":[\"https:\\\/\\\/www.facebook.com\\\/Vmsport.fi\\\/\",\"https:\\\/\\\/www.instagram.com\\\/vmsport\\\/\"]}]}<\/script>\n<!-- \/ Yoast SEO plugin. -->","yoast_head_json":{"title":"F\u00f6rardator STEPS SC-E6000 display - VM Sport","robots":{"index":"index","follow":"follow","max-snippet":"max-snippet:-1","max-image-preview":"max-image-preview:large","max-video-preview":"max-video-preview:-1"},"canonical":"https:\/\/vmsport.fi\/sv\/webbutik\/reservdelar\/delar-av-sagbockar\/farddator-steg-sc-e6000-naytto\/","og_locale":"sv_SE","og_type":"article","og_title":"Ajotietokone STEPS SC-E6000 n\u00e4ytt\u00f6 - VM Sport","og_description":"Shimano STEPS SC-E6000 -ajotietokone on suunniteltu tekem\u00e4\u00e4n py\u00f6r\u00e4ilyst\u00e4si sujuvampaa tarjoamalla selke\u00e4n digitaalisen n\u00e4yt\u00f6n. Sen avulla voit seurata nopeutta kilometrein\u00e4 tunnissa ja arvioida, kuinka pitk\u00e4 matka on viel\u00e4 edess\u00e4. Koska laite asennetaan ohjaustankoon, se on helposti havaittavissa ajon aikana, mik\u00e4 mahdollistaa pysymisen ajan tasalla py\u00f6r\u00e4ilyyn liittyvist\u00e4 tiedoistasi ilman h\u00e4iri\u00f6it\u00e4. [...]L\u00e4s mer \u2026 from Ajotietokone STEPS SC-E6000 n\u00e4ytt\u00f6","og_url":"https:\/\/vmsport.fi\/sv\/webbutik\/reservdelar\/delar-av-sagbockar\/farddator-steg-sc-e6000-naytto\/","og_site_name":"VM Sport","article_publisher":"https:\/\/www.facebook.com\/Vmsport.fi\/","article_modified_time":"2026-01-16T11:24:59+00:00","og_image":[{"width":600,"height":600,"url":"https:\/\/vmsport.fi\/wp-content\/uploads\/2025\/03\/TRVVseyQoQbaa9O6kRQbZizI9t507C1AKCinjEBZSQF4DfsQrm-1.jpg","type":"image\/jpeg"}],"twitter_card":"summary_large_image","schema":{"@context":"https:\/\/schema.org","@graph":[{"@type":["WebPage","ItemPage"],"@id":"https:\/\/vmsport.fi\/verkkokauppa\/varaosat\/sahkopyorien-osat\/ajotietokone-steps-sc-e6000-naytto\/","url":"https:\/\/vmsport.fi\/verkkokauppa\/varaosat\/sahkopyorien-osat\/ajotietokone-steps-sc-e6000-naytto\/","name":"F\u00f6rardator STEPS SC-E6000 display - VM Sport","isPartOf":{"@id":"https:\/\/vmsport.fi\/#website"},"primaryImageOfPage":{"@id":"https:\/\/vmsport.fi\/verkkokauppa\/varaosat\/sahkopyorien-osat\/ajotietokone-steps-sc-e6000-naytto\/#primaryimage"},"image":{"@id":"https:\/\/vmsport.fi\/verkkokauppa\/varaosat\/sahkopyorien-osat\/ajotietokone-steps-sc-e6000-naytto\/#primaryimage"},"thumbnailUrl":"https:\/\/vmsport.fi\/wp-content\/uploads\/2025\/03\/TRVVseyQoQbaa9O6kRQbZizI9t507C1AKCinjEBZSQF4DfsQrm-1.jpg","datePublished":"2025-03-05T22:15:11+00:00","dateModified":"2026-01-16T11:24:59+00:00","breadcrumb":{"@id":"https:\/\/vmsport.fi\/verkkokauppa\/varaosat\/sahkopyorien-osat\/ajotietokone-steps-sc-e6000-naytto\/#breadcrumb"},"inLanguage":"sv-SE","potentialAction":[{"@type":"ReadAction","target":["https:\/\/vmsport.fi\/verkkokauppa\/varaosat\/sahkopyorien-osat\/ajotietokone-steps-sc-e6000-naytto\/"]}]},{"@type":"ImageObject","inLanguage":"sv-SE","@id":"https:\/\/vmsport.fi\/verkkokauppa\/varaosat\/sahkopyorien-osat\/ajotietokone-steps-sc-e6000-naytto\/#primaryimage","url":"https:\/\/vmsport.fi\/wp-content\/uploads\/2025\/03\/TRVVseyQoQbaa9O6kRQbZizI9t507C1AKCinjEBZSQF4DfsQrm-1.jpg","contentUrl":"https:\/\/vmsport.fi\/wp-content\/uploads\/2025\/03\/TRVVseyQoQbaa9O6kRQbZizI9t507C1AKCinjEBZSQF4DfsQrm-1.jpg","width":600,"height":600,"caption":"TRVVseyQoQbaa9O6kRQbZizI9t507C1AKCinjEBZSQF4DfsQrm"},{"@type":"BreadcrumbList","@id":"https:\/\/vmsport.fi\/verkkokauppa\/varaosat\/sahkopyorien-osat\/ajotietokone-steps-sc-e6000-naytto\/#breadcrumb","itemListElement":[{"@type":"ListItem","position":1,"name":"Etusivu","item":"https:\/\/vmsport.fi\/"},{"@type":"ListItem","position":2,"name":"Online Store","item":"https:\/\/vmsport.fi\/en\/online-store\/"},{"@type":"ListItem","position":3,"name":"Ajotietokone STEPS SC-E6000 n\u00e4ytt\u00f6"}]},{"@type":"WebSite","@id":"https:\/\/vmsport.fi\/#website","url":"https:\/\/vmsport.fi\/","name":"Vmsport","description":"Allt p\u00e5 ett st\u00e4lle f\u00f6r cykling","publisher":{"@id":"https:\/\/vmsport.fi\/#organization"},"potentialAction":[{"@type":"SearchAction","target":{"@type":"EntryPoint","urlTemplate":"https:\/\/vmsport.fi\/?s={search_term_string}"},"query-input":{"@type":"PropertyValueSpecification","valueRequired":true,"valueName":"search_term_string"}}],"inLanguage":"sv-SE"},{"@type":"Organization","@id":"https:\/\/vmsport.fi\/#organization","name":"Vmsport","url":"https:\/\/vmsport.fi\/","logo":{"@type":"ImageObject","inLanguage":"sv-SE","@id":"https:\/\/vmsport.fi\/#\/schema\/logo\/image\/","url":"https:\/\/vmsport.fi\/wp-content\/uploads\/2024\/12\/vm_sport_RGB_horisontal-e1734526017575.png","contentUrl":"https:\/\/vmsport.fi\/wp-content\/uploads\/2024\/12\/vm_sport_RGB_horisontal-e1734526017575.png","width":668,"height":85,"caption":"Vmsport"},"image":{"@id":"https:\/\/vmsport.fi\/#\/schema\/logo\/image\/"},"sameAs":["https:\/\/www.facebook.com\/Vmsport.fi\/","https:\/\/www.instagram.com\/vmsport\/"]}]}},"global_unique_id":"","_links":{"self":[{"href":"https:\/\/vmsport.fi\/sv\/wp-json\/wp\/v2\/product\/56029","targetHints":{"allow":["GET"]}}],"collection":[{"href":"https:\/\/vmsport.fi\/sv\/wp-json\/wp\/v2\/product"}],"about":[{"href":"https:\/\/vmsport.fi\/sv\/wp-json\/wp\/v2\/types\/product"}],"replies":[{"embeddable":true,"href":"https:\/\/vmsport.fi\/sv\/wp-json\/wp\/v2\/comments?post=56029"}],"wp:featuredmedia":[{"embeddable":true,"href":"https:\/\/vmsport.fi\/sv\/wp-json\/wp\/v2\/media\/56028"}],"wp:attachment":[{"href":"https:\/\/vmsport.fi\/sv\/wp-json\/wp\/v2\/media?parent=56029"}],"wp:term":[{"taxonomy":"product_brand","embeddable":true,"href":"https:\/\/vmsport.fi\/sv\/wp-json\/wp\/v2\/product_brand?post=56029"},{"taxonomy":"product_model","embeddable":true,"href":"https:\/\/vmsport.fi\/sv\/wp-json\/wp\/v2\/product_model?post=56029"},{"taxonomy":"product_cat","embeddable":true,"href":"https:\/\/vmsport.fi\/sv\/wp-json\/wp\/v2\/product_cat?post=56029"},{"taxonomy":"product_tag","embeddable":true,"href":"https:\/\/vmsport.fi\/sv\/wp-json\/wp\/v2\/product_tag?post=56029"},{"taxonomy":"industry_terminology","embeddable":true,"href":"https:\/\/vmsport.fi\/sv\/wp-json\/wp\/v2\/industry-terminology?post=56029"}],"curies":[{"name":"wp","href":"https:\/\/api.w.org\/{rel}","templated":true}]}}