{"id":56025,"date":"2025-03-06T00:15:09","date_gmt":"2025-03-05T22:15:09","guid":{"rendered":"https:\/\/vmsport.fi\/verkkokauppa\/Ei-luokiteltu\/pro-ohjaustanko-koryak-riser-musta-800mm-31-8mm-20mm-alloy\/"},"modified":"2026-04-22T15:03:03","modified_gmt":"2026-04-22T12:03:03","slug":"pro-styrstang-koryak-riser-svart-800mm-31-8mm-20mm-legering","status":"publish","type":"product","link":"https:\/\/vmsport.fi\/sv\/verkkokauppa\/varaosat\/ohjaamo\/ohjaustangot\/pro-ohjaustanko-koryak-riser-musta-800mm-31-8mm-20mm-alloy\/","title":{"rendered":"PRO Styrst\u00e5ng Koryak Riser svart 800mm\/31,8mm\/20mm\/legerad"},"content":{"rendered":"<p>PRO Koryak Riser-styret ger cyklisten utm\u00e4rkt kontroll tack vare den optimerade bredden p\u00e5 800 mm. Styret \u00e4r tillverkat av den t\u00e5liga aluminiumlegeringen AL201 4 med dubbla skikt och \u00e4r d\u00e4rf\u00f6r b\u00e5de l\u00e4tt och starkt. H\u00f6jningen p\u00e5 20 mm och kr\u00f6kningen bak\u00e5t p\u00e5 9\u00b0 \u00f6kar k\u00f6rkomforten och ergonomin. Styrets l\u00e4ngd kan kortas med upp till 40 mm, vilket g\u00f6r det l\u00e4mpligt f\u00f6r m\u00e5nga olika k\u00f6rstilar. Det svarta styret \u00e4r kompatibelt med 31,8 mm-styrstammen f\u00f6r enkel installation och s\u00e4ker montering.<\/p>","protected":false},"excerpt":{"rendered":"<p>PRO Koryak Riser -ohjaustanko tarjoaa py\u00f6r\u00e4ilij\u00e4lle erinomaisen hallinnan optimoidun 800 mm leveyden ansiosta. Valmistettu kest\u00e4v\u00e4st\u00e4 AL201 4 kaksinkertaisesti ohennetusta alumiiniseoksesta, ohjaustanko on sek\u00e4 kevyt ett\u00e4 luja. Sen 20 mm nousu ja 9 asteen taaksep\u00e4in kaarevuus lis\u00e4\u00e4v\u00e4t ajomukavuutta ja ergonomiaa. Sopii monenlaisiin ajotyyleihin, sill\u00e4 tangon pituutta voi lyhent\u00e4\u00e4 jopa 40 mm. Musta ohjaustanko on yhteensopiva 31,8 [&#8230;]<\/p>\n<p><a class=\"btn btn-secondary understrap-read-more-link\" href=\"https:\/\/vmsport.fi\/sv\/verkkokauppa\/varaosat\/ohjaamo\/ohjaustangot\/pro-ohjaustanko-koryak-riser-musta-800mm-31-8mm-20mm-alloy\/\">L\u00e4s mer \u2026<span class=\"screen-reader-text\"> from PRO Ohjaustanko Koryak Riser musta 800mm\/31.8mm\/20mm\/alloy<\/span><\/a><\/p>\n","protected":false},"featured_media":56024,"comment_status":"open","ping_status":"closed","template":"","meta":{"_acf_changed":false,"_improvement_type_select":"improve_an_existing","_thumb_yes_seoaic":false,"_frame_yes_seoaic":false,"seoaic_generate_description":"","seoaic_improve_instructions_prompt":"","seoaic_rollback_content_improvement":"","seoaic_idea_thumbnail_generator":"","thumbnail_generated":false,"thumbnail_generate_prompt":"","seoaic_article_description":"","_supplier_stock_quantity":0},"product_brand":[],"product_model":[],"product_cat":[9490],"product_tag":[],"industry-terminology":[],"class_list":{"0":"post-56025","1":"product","2":"type-product","3":"status-publish","4":"has-post-thumbnail","6":"product_cat-ohjaustangot","8":"first","9":"instock","10":"taxable","11":"shipping-taxable","12":"purchasable","13":"product-type-simple"},"acf":{"bike_features":null,"overview":{"copy_overview":null,"key_features":null,"statement":"","youtube_url":""}},"yoast_head":"<!-- This site is optimized with the Yoast SEO plugin v27.4 - https:\/\/yoast.com\/product\/yoast-seo-wordpress\/ -->\n<title>PRO Ohjaustanko Koryak Riser musta 800mm\/31.8mm\/20mm\/alloy - VM Sport<\/title>\n<meta name=\"robots\" content=\"index, follow, max-snippet:-1, max-image-preview:large, max-video-preview:-1\" \/>\n<link rel=\"canonical\" href=\"https:\/\/vmsport.fi\/sv\/webbutik\/reservdelar\/taxi\/styrstanger\/pro-styrstang-koryak-riser-svart-800mm-31-8mm-20mm-legering\/\" \/>\n<meta property=\"og:locale\" content=\"sv_SE\" \/>\n<meta property=\"og:type\" content=\"article\" \/>\n<meta property=\"og:title\" content=\"PRO Ohjaustanko Koryak Riser musta 800mm\/31.8mm\/20mm\/alloy - VM Sport\" \/>\n<meta property=\"og:description\" content=\"PRO Koryak Riser -ohjaustanko tarjoaa py\u00f6r\u00e4ilij\u00e4lle erinomaisen hallinnan optimoidun 800 mm leveyden ansiosta. Valmistettu kest\u00e4v\u00e4st\u00e4 AL201 4 kaksinkertaisesti ohennetusta alumiiniseoksesta, ohjaustanko on sek\u00e4 kevyt ett\u00e4 luja. Sen 20 mm nousu ja 9 asteen taaksep\u00e4in kaarevuus lis\u00e4\u00e4v\u00e4t ajomukavuutta ja ergonomiaa. Sopii monenlaisiin ajotyyleihin, sill\u00e4 tangon pituutta voi lyhent\u00e4\u00e4 jopa 40 mm. Musta ohjaustanko on yhteensopiva 31,8 [...]L\u00e4s mer \u2026 from PRO Ohjaustanko Koryak Riser musta 800mm\/31.8mm\/20mm\/alloy\" \/>\n<meta property=\"og:url\" content=\"https:\/\/vmsport.fi\/sv\/webbutik\/reservdelar\/taxi\/styrstanger\/pro-styrstang-koryak-riser-svart-800mm-31-8mm-20mm-legering\/\" \/>\n<meta property=\"og:site_name\" content=\"VM Sport\" \/>\n<meta property=\"article:publisher\" content=\"https:\/\/www.facebook.com\/Vmsport.fi\/\" \/>\n<meta property=\"article:modified_time\" content=\"2026-04-22T12:03:03+00:00\" \/>\n<meta property=\"og:image\" content=\"https:\/\/vmsport.fi\/wp-content\/uploads\/2025\/03\/pzDGDLwisI6M15eUkUIi38fr7ttu5qa2vxVc4Ek6LejZUUZKEg-1.jpg\" \/>\n\t<meta property=\"og:image:width\" content=\"600\" \/>\n\t<meta property=\"og:image:height\" content=\"600\" \/>\n\t<meta property=\"og:image:type\" content=\"image\/jpeg\" \/>\n<meta name=\"twitter:card\" content=\"summary_large_image\" \/>\n<script type=\"application\/ld+json\" class=\"yoast-schema-graph\">{\"@context\":\"https:\\\/\\\/schema.org\",\"@graph\":[{\"@type\":[\"WebPage\",\"ItemPage\"],\"@id\":\"https:\\\/\\\/vmsport.fi\\\/verkkokauppa\\\/varaosat\\\/ohjaamo\\\/ohjaustangot\\\/pro-ohjaustanko-koryak-riser-musta-800mm-31-8mm-20mm-alloy\\\/\",\"url\":\"https:\\\/\\\/vmsport.fi\\\/verkkokauppa\\\/varaosat\\\/ohjaamo\\\/ohjaustangot\\\/pro-ohjaustanko-koryak-riser-musta-800mm-31-8mm-20mm-alloy\\\/\",\"name\":\"PRO Ohjaustanko Koryak Riser musta 800mm\\\/31.8mm\\\/20mm\\\/alloy - VM Sport\",\"isPartOf\":{\"@id\":\"https:\\\/\\\/vmsport.fi\\\/#website\"},\"primaryImageOfPage\":{\"@id\":\"https:\\\/\\\/vmsport.fi\\\/verkkokauppa\\\/varaosat\\\/ohjaamo\\\/ohjaustangot\\\/pro-ohjaustanko-koryak-riser-musta-800mm-31-8mm-20mm-alloy\\\/#primaryimage\"},\"image\":{\"@id\":\"https:\\\/\\\/vmsport.fi\\\/verkkokauppa\\\/varaosat\\\/ohjaamo\\\/ohjaustangot\\\/pro-ohjaustanko-koryak-riser-musta-800mm-31-8mm-20mm-alloy\\\/#primaryimage\"},\"thumbnailUrl\":\"https:\\\/\\\/vmsport.fi\\\/wp-content\\\/uploads\\\/2025\\\/03\\\/pzDGDLwisI6M15eUkUIi38fr7ttu5qa2vxVc4Ek6LejZUUZKEg-1.jpg\",\"datePublished\":\"2025-03-05T22:15:09+00:00\",\"dateModified\":\"2026-04-22T12:03:03+00:00\",\"breadcrumb\":{\"@id\":\"https:\\\/\\\/vmsport.fi\\\/verkkokauppa\\\/varaosat\\\/ohjaamo\\\/ohjaustangot\\\/pro-ohjaustanko-koryak-riser-musta-800mm-31-8mm-20mm-alloy\\\/#breadcrumb\"},\"inLanguage\":\"sv-SE\",\"potentialAction\":[{\"@type\":\"ReadAction\",\"target\":[\"https:\\\/\\\/vmsport.fi\\\/verkkokauppa\\\/varaosat\\\/ohjaamo\\\/ohjaustangot\\\/pro-ohjaustanko-koryak-riser-musta-800mm-31-8mm-20mm-alloy\\\/\"]}]},{\"@type\":\"ImageObject\",\"inLanguage\":\"sv-SE\",\"@id\":\"https:\\\/\\\/vmsport.fi\\\/verkkokauppa\\\/varaosat\\\/ohjaamo\\\/ohjaustangot\\\/pro-ohjaustanko-koryak-riser-musta-800mm-31-8mm-20mm-alloy\\\/#primaryimage\",\"url\":\"https:\\\/\\\/vmsport.fi\\\/wp-content\\\/uploads\\\/2025\\\/03\\\/pzDGDLwisI6M15eUkUIi38fr7ttu5qa2vxVc4Ek6LejZUUZKEg-1.jpg\",\"contentUrl\":\"https:\\\/\\\/vmsport.fi\\\/wp-content\\\/uploads\\\/2025\\\/03\\\/pzDGDLwisI6M15eUkUIi38fr7ttu5qa2vxVc4Ek6LejZUUZKEg-1.jpg\",\"width\":600,\"height\":600,\"caption\":\"pzDGDLwisI6M15eUkUIi38fr7ttu5qa2vxVc4Ek6LejZUUZKEg\"},{\"@type\":\"BreadcrumbList\",\"@id\":\"https:\\\/\\\/vmsport.fi\\\/verkkokauppa\\\/varaosat\\\/ohjaamo\\\/ohjaustangot\\\/pro-ohjaustanko-koryak-riser-musta-800mm-31-8mm-20mm-alloy\\\/#breadcrumb\",\"itemListElement\":[{\"@type\":\"ListItem\",\"position\":1,\"name\":\"Etusivu\",\"item\":\"https:\\\/\\\/vmsport.fi\\\/\"},{\"@type\":\"ListItem\",\"position\":2,\"name\":\"Online Store\",\"item\":\"https:\\\/\\\/vmsport.fi\\\/en\\\/online-store\\\/\"},{\"@type\":\"ListItem\",\"position\":3,\"name\":\"PRO Ohjaustanko Koryak Riser musta 800mm\\\/31.8mm\\\/20mm\\\/alloy\"}]},{\"@type\":\"WebSite\",\"@id\":\"https:\\\/\\\/vmsport.fi\\\/#website\",\"url\":\"https:\\\/\\\/vmsport.fi\\\/\",\"name\":\"Vmsport\",\"description\":\"Kaikki py\u00f6r\u00e4ilyyn yhdest\u00e4 paikasta\",\"publisher\":{\"@id\":\"https:\\\/\\\/vmsport.fi\\\/#organization\"},\"potentialAction\":[{\"@type\":\"SearchAction\",\"target\":{\"@type\":\"EntryPoint\",\"urlTemplate\":\"https:\\\/\\\/vmsport.fi\\\/?s={search_term_string}\"},\"query-input\":{\"@type\":\"PropertyValueSpecification\",\"valueRequired\":true,\"valueName\":\"search_term_string\"}}],\"inLanguage\":\"sv-SE\"},{\"@type\":\"Organization\",\"@id\":\"https:\\\/\\\/vmsport.fi\\\/#organization\",\"name\":\"Vmsport\",\"url\":\"https:\\\/\\\/vmsport.fi\\\/\",\"logo\":{\"@type\":\"ImageObject\",\"inLanguage\":\"sv-SE\",\"@id\":\"https:\\\/\\\/vmsport.fi\\\/#\\\/schema\\\/logo\\\/image\\\/\",\"url\":\"https:\\\/\\\/vmsport.fi\\\/wp-content\\\/uploads\\\/2024\\\/12\\\/vm_sport_RGB_horisontal-e1734526017575.png\",\"contentUrl\":\"https:\\\/\\\/vmsport.fi\\\/wp-content\\\/uploads\\\/2024\\\/12\\\/vm_sport_RGB_horisontal-e1734526017575.png\",\"width\":668,\"height\":85,\"caption\":\"Vmsport\"},\"image\":{\"@id\":\"https:\\\/\\\/vmsport.fi\\\/#\\\/schema\\\/logo\\\/image\\\/\"},\"sameAs\":[\"https:\\\/\\\/www.facebook.com\\\/Vmsport.fi\\\/\",\"https:\\\/\\\/www.instagram.com\\\/vmsport\\\/\"]}]}<\/script>\n<!-- \/ Yoast SEO plugin. -->","yoast_head_json":{"title":"PRO Styrst\u00e5ng Koryak Riser svart 800mm\/31,8mm\/20mm\/legerat - VM Sport","robots":{"index":"index","follow":"follow","max-snippet":"max-snippet:-1","max-image-preview":"max-image-preview:large","max-video-preview":"max-video-preview:-1"},"canonical":"https:\/\/vmsport.fi\/sv\/webbutik\/reservdelar\/taxi\/styrstanger\/pro-styrstang-koryak-riser-svart-800mm-31-8mm-20mm-legering\/","og_locale":"sv_SE","og_type":"article","og_title":"PRO Ohjaustanko Koryak Riser musta 800mm\/31.8mm\/20mm\/alloy - VM Sport","og_description":"PRO Koryak Riser -ohjaustanko tarjoaa py\u00f6r\u00e4ilij\u00e4lle erinomaisen hallinnan optimoidun 800 mm leveyden ansiosta. Valmistettu kest\u00e4v\u00e4st\u00e4 AL201 4 kaksinkertaisesti ohennetusta alumiiniseoksesta, ohjaustanko on sek\u00e4 kevyt ett\u00e4 luja. Sen 20 mm nousu ja 9 asteen taaksep\u00e4in kaarevuus lis\u00e4\u00e4v\u00e4t ajomukavuutta ja ergonomiaa. Sopii monenlaisiin ajotyyleihin, sill\u00e4 tangon pituutta voi lyhent\u00e4\u00e4 jopa 40 mm. Musta ohjaustanko on yhteensopiva 31,8 [...]L\u00e4s mer \u2026 from PRO Ohjaustanko Koryak Riser musta 800mm\/31.8mm\/20mm\/alloy","og_url":"https:\/\/vmsport.fi\/sv\/webbutik\/reservdelar\/taxi\/styrstanger\/pro-styrstang-koryak-riser-svart-800mm-31-8mm-20mm-legering\/","og_site_name":"VM Sport","article_publisher":"https:\/\/www.facebook.com\/Vmsport.fi\/","article_modified_time":"2026-04-22T12:03:03+00:00","og_image":[{"width":600,"height":600,"url":"https:\/\/vmsport.fi\/wp-content\/uploads\/2025\/03\/pzDGDLwisI6M15eUkUIi38fr7ttu5qa2vxVc4Ek6LejZUUZKEg-1.jpg","type":"image\/jpeg"}],"twitter_card":"summary_large_image","schema":{"@context":"https:\/\/schema.org","@graph":[{"@type":["WebPage","ItemPage"],"@id":"https:\/\/vmsport.fi\/verkkokauppa\/varaosat\/ohjaamo\/ohjaustangot\/pro-ohjaustanko-koryak-riser-musta-800mm-31-8mm-20mm-alloy\/","url":"https:\/\/vmsport.fi\/verkkokauppa\/varaosat\/ohjaamo\/ohjaustangot\/pro-ohjaustanko-koryak-riser-musta-800mm-31-8mm-20mm-alloy\/","name":"PRO Styrst\u00e5ng Koryak Riser svart 800mm\/31,8mm\/20mm\/legerat - VM Sport","isPartOf":{"@id":"https:\/\/vmsport.fi\/#website"},"primaryImageOfPage":{"@id":"https:\/\/vmsport.fi\/verkkokauppa\/varaosat\/ohjaamo\/ohjaustangot\/pro-ohjaustanko-koryak-riser-musta-800mm-31-8mm-20mm-alloy\/#primaryimage"},"image":{"@id":"https:\/\/vmsport.fi\/verkkokauppa\/varaosat\/ohjaamo\/ohjaustangot\/pro-ohjaustanko-koryak-riser-musta-800mm-31-8mm-20mm-alloy\/#primaryimage"},"thumbnailUrl":"https:\/\/vmsport.fi\/wp-content\/uploads\/2025\/03\/pzDGDLwisI6M15eUkUIi38fr7ttu5qa2vxVc4Ek6LejZUUZKEg-1.jpg","datePublished":"2025-03-05T22:15:09+00:00","dateModified":"2026-04-22T12:03:03+00:00","breadcrumb":{"@id":"https:\/\/vmsport.fi\/verkkokauppa\/varaosat\/ohjaamo\/ohjaustangot\/pro-ohjaustanko-koryak-riser-musta-800mm-31-8mm-20mm-alloy\/#breadcrumb"},"inLanguage":"sv-SE","potentialAction":[{"@type":"ReadAction","target":["https:\/\/vmsport.fi\/verkkokauppa\/varaosat\/ohjaamo\/ohjaustangot\/pro-ohjaustanko-koryak-riser-musta-800mm-31-8mm-20mm-alloy\/"]}]},{"@type":"ImageObject","inLanguage":"sv-SE","@id":"https:\/\/vmsport.fi\/verkkokauppa\/varaosat\/ohjaamo\/ohjaustangot\/pro-ohjaustanko-koryak-riser-musta-800mm-31-8mm-20mm-alloy\/#primaryimage","url":"https:\/\/vmsport.fi\/wp-content\/uploads\/2025\/03\/pzDGDLwisI6M15eUkUIi38fr7ttu5qa2vxVc4Ek6LejZUUZKEg-1.jpg","contentUrl":"https:\/\/vmsport.fi\/wp-content\/uploads\/2025\/03\/pzDGDLwisI6M15eUkUIi38fr7ttu5qa2vxVc4Ek6LejZUUZKEg-1.jpg","width":600,"height":600,"caption":"pzDGDLwisI6M15eUkUIi38fr7ttu5qa2vxVc4Ek6LejZUUZKEg"},{"@type":"BreadcrumbList","@id":"https:\/\/vmsport.fi\/verkkokauppa\/varaosat\/ohjaamo\/ohjaustangot\/pro-ohjaustanko-koryak-riser-musta-800mm-31-8mm-20mm-alloy\/#breadcrumb","itemListElement":[{"@type":"ListItem","position":1,"name":"Etusivu","item":"https:\/\/vmsport.fi\/"},{"@type":"ListItem","position":2,"name":"Online Store","item":"https:\/\/vmsport.fi\/en\/online-store\/"},{"@type":"ListItem","position":3,"name":"PRO Ohjaustanko Koryak Riser musta 800mm\/31.8mm\/20mm\/alloy"}]},{"@type":"WebSite","@id":"https:\/\/vmsport.fi\/#website","url":"https:\/\/vmsport.fi\/","name":"Vmsport","description":"Allt p\u00e5 ett st\u00e4lle f\u00f6r cykling","publisher":{"@id":"https:\/\/vmsport.fi\/#organization"},"potentialAction":[{"@type":"SearchAction","target":{"@type":"EntryPoint","urlTemplate":"https:\/\/vmsport.fi\/?s={search_term_string}"},"query-input":{"@type":"PropertyValueSpecification","valueRequired":true,"valueName":"search_term_string"}}],"inLanguage":"sv-SE"},{"@type":"Organization","@id":"https:\/\/vmsport.fi\/#organization","name":"Vmsport","url":"https:\/\/vmsport.fi\/","logo":{"@type":"ImageObject","inLanguage":"sv-SE","@id":"https:\/\/vmsport.fi\/#\/schema\/logo\/image\/","url":"https:\/\/vmsport.fi\/wp-content\/uploads\/2024\/12\/vm_sport_RGB_horisontal-e1734526017575.png","contentUrl":"https:\/\/vmsport.fi\/wp-content\/uploads\/2024\/12\/vm_sport_RGB_horisontal-e1734526017575.png","width":668,"height":85,"caption":"Vmsport"},"image":{"@id":"https:\/\/vmsport.fi\/#\/schema\/logo\/image\/"},"sameAs":["https:\/\/www.facebook.com\/Vmsport.fi\/","https:\/\/www.instagram.com\/vmsport\/"]}]}},"global_unique_id":"","_links":{"self":[{"href":"https:\/\/vmsport.fi\/sv\/wp-json\/wp\/v2\/product\/56025","targetHints":{"allow":["GET"]}}],"collection":[{"href":"https:\/\/vmsport.fi\/sv\/wp-json\/wp\/v2\/product"}],"about":[{"href":"https:\/\/vmsport.fi\/sv\/wp-json\/wp\/v2\/types\/product"}],"replies":[{"embeddable":true,"href":"https:\/\/vmsport.fi\/sv\/wp-json\/wp\/v2\/comments?post=56025"}],"wp:featuredmedia":[{"embeddable":true,"href":"https:\/\/vmsport.fi\/sv\/wp-json\/wp\/v2\/media\/56024"}],"wp:attachment":[{"href":"https:\/\/vmsport.fi\/sv\/wp-json\/wp\/v2\/media?parent=56025"}],"wp:term":[{"taxonomy":"product_brand","embeddable":true,"href":"https:\/\/vmsport.fi\/sv\/wp-json\/wp\/v2\/product_brand?post=56025"},{"taxonomy":"product_model","embeddable":true,"href":"https:\/\/vmsport.fi\/sv\/wp-json\/wp\/v2\/product_model?post=56025"},{"taxonomy":"product_cat","embeddable":true,"href":"https:\/\/vmsport.fi\/sv\/wp-json\/wp\/v2\/product_cat?post=56025"},{"taxonomy":"product_tag","embeddable":true,"href":"https:\/\/vmsport.fi\/sv\/wp-json\/wp\/v2\/product_tag?post=56025"},{"taxonomy":"industry_terminology","embeddable":true,"href":"https:\/\/vmsport.fi\/sv\/wp-json\/wp\/v2\/industry-terminology?post=56025"}],"curies":[{"name":"wp","href":"https:\/\/api.w.org\/{rel}","templated":true}]}}