{"id":56011,"date":"2025-03-06T00:14:57","date_gmt":"2025-03-05T22:14:57","guid":{"rendered":"https:\/\/vmsport.fi\/verkkokauppa\/Ei-luokiteltu\/crankbrothers-cleat-kit-0-float\/"},"modified":"2026-01-16T13:26:18","modified_gmt":"2026-01-16T11:26:18","slug":"crankbrothers-kloss-kit-0-flottor","status":"publish","type":"product","link":"https:\/\/vmsport.fi\/sv\/verkkokauppa\/varaosat\/polkimet\/klossit-ja-varaosat\/crankbrothers-cleat-kit-0-float\/","title":{"rendered":"CRANKBROTHERS Cleat kit 0 flott\u00f6r"},"content":{"rendered":"<p>CRANKBROTHERS Cleat kit 0 float \u00e4r det perfekta valet f\u00f6r cyklister som uppskattar exakt och effektiv trampning. Cleatsatsen \u00e4r tillverkad av slitstark m\u00e4ssing och garanterar l\u00e5ng livsl\u00e4ngd och tillf\u00f6rlitlighet i alla v\u00e4derf\u00f6rh\u00e5llanden. Satsen inneh\u00e5ller enkla och s\u00e4kra skruvar som h\u00e5ller klossarna stadigt p\u00e5 plats. Den speciella 0-float-designen ger en solid anslutning till pedalerna, vilket maximerar kraft\u00f6verf\u00f6ringen utan on\u00f6diga r\u00f6relser i sidled. Perfekt f\u00f6r dig som vill ha stabilitet och topprestanda fr\u00e5n din cykel.<\/p>","protected":false},"excerpt":{"rendered":"<p>CRANKBROTHERSin Cleat kit 0 float on ihanteellinen valinta py\u00f6r\u00e4ilij\u00f6ille, jotka arvostavat tarkkaa ja tehokasta polkemista. Kest\u00e4v\u00e4st\u00e4 messingist\u00e4 valmistettu klossisarja varmistaa pitk\u00e4ik\u00e4isyyden ja luotettavuuden kaikissa s\u00e4\u00e4olosuhteissa. Pakkaus sis\u00e4lt\u00e4\u00e4 helposti ja turvallisesti kiinnitett\u00e4v\u00e4t ruuvit, jotka pit\u00e4v\u00e4t klossit lujasti paikoillaan. Erityisesti 0 float -muotoilu tarjoaa kiinte\u00e4n yhteyden polkimiin, mik\u00e4 maksimoi voimansiirron ilman turhaa sivuttaisliikett\u00e4. T\u00e4ydellinen niille, jotka haluavat [&#8230;]<\/p>\n<p><a class=\"btn btn-secondary understrap-read-more-link\" href=\"https:\/\/vmsport.fi\/sv\/verkkokauppa\/varaosat\/polkimet\/klossit-ja-varaosat\/crankbrothers-cleat-kit-0-float\/\">L\u00e4s mer \u2026<span class=\"screen-reader-text\"> from CRANKBROTHERS Cleat kit 0 float<\/span><\/a><\/p>\n","protected":false},"featured_media":56009,"comment_status":"open","ping_status":"closed","template":"","meta":{"_acf_changed":false,"_improvement_type_select":"improve_an_existing","_thumb_yes_seoaic":false,"_frame_yes_seoaic":false,"seoaic_generate_description":"","seoaic_improve_instructions_prompt":"","seoaic_rollback_content_improvement":"","seoaic_idea_thumbnail_generator":"","thumbnail_generated":false,"thumbnail_generate_prompt":"","seoaic_article_description":"","_supplier_stock_quantity":0},"product_brand":[1586],"product_model":[],"product_cat":[9322],"product_tag":[],"industry-terminology":[],"class_list":{"0":"post-56011","1":"product","2":"type-product","3":"status-publish","4":"has-post-thumbnail","6":"product_brand-crankbrothers","7":"product_cat-klossit-ja-varaosat","9":"first","10":"outofstock","11":"taxable","12":"shipping-taxable","13":"product-type-simple"},"acf":{"bike_features":null,"overview":{"copy_overview":null,"key_features":null,"statement":"","youtube_url":""}},"yoast_head":"<!-- This site is optimized with the Yoast SEO plugin v27.3 - https:\/\/yoast.com\/product\/yoast-seo-wordpress\/ -->\n<title>CRANKBROTHERS Cleat kit 0 float - VM Sport<\/title>\n<meta name=\"robots\" content=\"index, follow, max-snippet:-1, max-image-preview:large, max-video-preview:-1\" \/>\n<link rel=\"canonical\" href=\"https:\/\/vmsport.fi\/sv\/webbutik\/reservdelar\/pedaler\/klossit-och-reservdelar\/crankbrothers-kloss-kit-0-flottor\/\" \/>\n<meta property=\"og:locale\" content=\"sv_SE\" \/>\n<meta property=\"og:type\" content=\"article\" \/>\n<meta property=\"og:title\" content=\"CRANKBROTHERS Cleat kit 0 float - VM Sport\" \/>\n<meta property=\"og:description\" content=\"CRANKBROTHERSin Cleat kit 0 float on ihanteellinen valinta py\u00f6r\u00e4ilij\u00f6ille, jotka arvostavat tarkkaa ja tehokasta polkemista. Kest\u00e4v\u00e4st\u00e4 messingist\u00e4 valmistettu klossisarja varmistaa pitk\u00e4ik\u00e4isyyden ja luotettavuuden kaikissa s\u00e4\u00e4olosuhteissa. Pakkaus sis\u00e4lt\u00e4\u00e4 helposti ja turvallisesti kiinnitett\u00e4v\u00e4t ruuvit, jotka pit\u00e4v\u00e4t klossit lujasti paikoillaan. Erityisesti 0 float -muotoilu tarjoaa kiinte\u00e4n yhteyden polkimiin, mik\u00e4 maksimoi voimansiirron ilman turhaa sivuttaisliikett\u00e4. T\u00e4ydellinen niille, jotka haluavat [...]L\u00e4s mer \u2026 from CRANKBROTHERS Cleat kit 0 float\" \/>\n<meta property=\"og:url\" content=\"https:\/\/vmsport.fi\/sv\/webbutik\/reservdelar\/pedaler\/klossit-och-reservdelar\/crankbrothers-kloss-kit-0-flottor\/\" \/>\n<meta property=\"og:site_name\" content=\"VM Sport\" \/>\n<meta property=\"article:publisher\" content=\"https:\/\/www.facebook.com\/Vmsport.fi\/\" \/>\n<meta property=\"article:modified_time\" content=\"2026-01-16T11:26:18+00:00\" \/>\n<meta property=\"og:image\" content=\"https:\/\/vmsport.fi\/wp-content\/uploads\/2025\/03\/CB15338-1.jpg\" \/>\n\t<meta property=\"og:image:width\" content=\"800\" \/>\n\t<meta property=\"og:image:height\" content=\"484\" \/>\n\t<meta property=\"og:image:type\" content=\"image\/jpeg\" \/>\n<meta name=\"twitter:card\" content=\"summary_large_image\" \/>\n<script type=\"application\/ld+json\" class=\"yoast-schema-graph\">{\"@context\":\"https:\\\/\\\/schema.org\",\"@graph\":[{\"@type\":[\"WebPage\",\"ItemPage\"],\"@id\":\"https:\\\/\\\/vmsport.fi\\\/verkkokauppa\\\/varaosat\\\/polkimet\\\/klossit-ja-varaosat\\\/crankbrothers-cleat-kit-0-float\\\/\",\"url\":\"https:\\\/\\\/vmsport.fi\\\/verkkokauppa\\\/varaosat\\\/polkimet\\\/klossit-ja-varaosat\\\/crankbrothers-cleat-kit-0-float\\\/\",\"name\":\"CRANKBROTHERS Cleat kit 0 float - VM Sport\",\"isPartOf\":{\"@id\":\"https:\\\/\\\/vmsport.fi\\\/#website\"},\"primaryImageOfPage\":{\"@id\":\"https:\\\/\\\/vmsport.fi\\\/verkkokauppa\\\/varaosat\\\/polkimet\\\/klossit-ja-varaosat\\\/crankbrothers-cleat-kit-0-float\\\/#primaryimage\"},\"image\":{\"@id\":\"https:\\\/\\\/vmsport.fi\\\/verkkokauppa\\\/varaosat\\\/polkimet\\\/klossit-ja-varaosat\\\/crankbrothers-cleat-kit-0-float\\\/#primaryimage\"},\"thumbnailUrl\":\"https:\\\/\\\/vmsport.fi\\\/wp-content\\\/uploads\\\/2025\\\/03\\\/CB15338-1.jpg\",\"datePublished\":\"2025-03-05T22:14:57+00:00\",\"dateModified\":\"2026-01-16T11:26:18+00:00\",\"breadcrumb\":{\"@id\":\"https:\\\/\\\/vmsport.fi\\\/verkkokauppa\\\/varaosat\\\/polkimet\\\/klossit-ja-varaosat\\\/crankbrothers-cleat-kit-0-float\\\/#breadcrumb\"},\"inLanguage\":\"sv-SE\",\"potentialAction\":[{\"@type\":\"ReadAction\",\"target\":[\"https:\\\/\\\/vmsport.fi\\\/verkkokauppa\\\/varaosat\\\/polkimet\\\/klossit-ja-varaosat\\\/crankbrothers-cleat-kit-0-float\\\/\"]}]},{\"@type\":\"ImageObject\",\"inLanguage\":\"sv-SE\",\"@id\":\"https:\\\/\\\/vmsport.fi\\\/verkkokauppa\\\/varaosat\\\/polkimet\\\/klossit-ja-varaosat\\\/crankbrothers-cleat-kit-0-float\\\/#primaryimage\",\"url\":\"https:\\\/\\\/vmsport.fi\\\/wp-content\\\/uploads\\\/2025\\\/03\\\/CB15338-1.jpg\",\"contentUrl\":\"https:\\\/\\\/vmsport.fi\\\/wp-content\\\/uploads\\\/2025\\\/03\\\/CB15338-1.jpg\",\"width\":800,\"height\":484,\"caption\":\"CB15338\"},{\"@type\":\"BreadcrumbList\",\"@id\":\"https:\\\/\\\/vmsport.fi\\\/verkkokauppa\\\/varaosat\\\/polkimet\\\/klossit-ja-varaosat\\\/crankbrothers-cleat-kit-0-float\\\/#breadcrumb\",\"itemListElement\":[{\"@type\":\"ListItem\",\"position\":1,\"name\":\"Etusivu\",\"item\":\"https:\\\/\\\/vmsport.fi\\\/\"},{\"@type\":\"ListItem\",\"position\":2,\"name\":\"Online Store\",\"item\":\"https:\\\/\\\/vmsport.fi\\\/en\\\/online-store\\\/\"},{\"@type\":\"ListItem\",\"position\":3,\"name\":\"Crankbrothers\",\"item\":\"https:\\\/\\\/vmsport.fi\\\/merkki\\\/crankbrothers\\\/\"},{\"@type\":\"ListItem\",\"position\":4,\"name\":\"CRANKBROTHERS Cleat kit 0 float\"}]},{\"@type\":\"WebSite\",\"@id\":\"https:\\\/\\\/vmsport.fi\\\/#website\",\"url\":\"https:\\\/\\\/vmsport.fi\\\/\",\"name\":\"Vmsport\",\"description\":\"Kaikki py\u00f6r\u00e4ilyyn yhdest\u00e4 paikasta\",\"publisher\":{\"@id\":\"https:\\\/\\\/vmsport.fi\\\/#organization\"},\"potentialAction\":[{\"@type\":\"SearchAction\",\"target\":{\"@type\":\"EntryPoint\",\"urlTemplate\":\"https:\\\/\\\/vmsport.fi\\\/?s={search_term_string}\"},\"query-input\":{\"@type\":\"PropertyValueSpecification\",\"valueRequired\":true,\"valueName\":\"search_term_string\"}}],\"inLanguage\":\"sv-SE\"},{\"@type\":\"Organization\",\"@id\":\"https:\\\/\\\/vmsport.fi\\\/#organization\",\"name\":\"Vmsport\",\"url\":\"https:\\\/\\\/vmsport.fi\\\/\",\"logo\":{\"@type\":\"ImageObject\",\"inLanguage\":\"sv-SE\",\"@id\":\"https:\\\/\\\/vmsport.fi\\\/#\\\/schema\\\/logo\\\/image\\\/\",\"url\":\"https:\\\/\\\/vmsport.fi\\\/wp-content\\\/uploads\\\/2024\\\/12\\\/vm_sport_RGB_horisontal-e1734526017575.png\",\"contentUrl\":\"https:\\\/\\\/vmsport.fi\\\/wp-content\\\/uploads\\\/2024\\\/12\\\/vm_sport_RGB_horisontal-e1734526017575.png\",\"width\":668,\"height\":85,\"caption\":\"Vmsport\"},\"image\":{\"@id\":\"https:\\\/\\\/vmsport.fi\\\/#\\\/schema\\\/logo\\\/image\\\/\"},\"sameAs\":[\"https:\\\/\\\/www.facebook.com\\\/Vmsport.fi\\\/\",\"https:\\\/\\\/www.instagram.com\\\/vmsport\\\/\"]}]}<\/script>\n<!-- \/ Yoast SEO plugin. -->","yoast_head_json":{"title":"CRANKBROTHERS klossats 0 flott\u00f6r - VM Sport","robots":{"index":"index","follow":"follow","max-snippet":"max-snippet:-1","max-image-preview":"max-image-preview:large","max-video-preview":"max-video-preview:-1"},"canonical":"https:\/\/vmsport.fi\/sv\/webbutik\/reservdelar\/pedaler\/klossit-och-reservdelar\/crankbrothers-kloss-kit-0-flottor\/","og_locale":"sv_SE","og_type":"article","og_title":"CRANKBROTHERS Cleat kit 0 float - VM Sport","og_description":"CRANKBROTHERSin Cleat kit 0 float on ihanteellinen valinta py\u00f6r\u00e4ilij\u00f6ille, jotka arvostavat tarkkaa ja tehokasta polkemista. Kest\u00e4v\u00e4st\u00e4 messingist\u00e4 valmistettu klossisarja varmistaa pitk\u00e4ik\u00e4isyyden ja luotettavuuden kaikissa s\u00e4\u00e4olosuhteissa. Pakkaus sis\u00e4lt\u00e4\u00e4 helposti ja turvallisesti kiinnitett\u00e4v\u00e4t ruuvit, jotka pit\u00e4v\u00e4t klossit lujasti paikoillaan. Erityisesti 0 float -muotoilu tarjoaa kiinte\u00e4n yhteyden polkimiin, mik\u00e4 maksimoi voimansiirron ilman turhaa sivuttaisliikett\u00e4. T\u00e4ydellinen niille, jotka haluavat [...]L\u00e4s mer \u2026 from CRANKBROTHERS Cleat kit 0 float","og_url":"https:\/\/vmsport.fi\/sv\/webbutik\/reservdelar\/pedaler\/klossit-och-reservdelar\/crankbrothers-kloss-kit-0-flottor\/","og_site_name":"VM Sport","article_publisher":"https:\/\/www.facebook.com\/Vmsport.fi\/","article_modified_time":"2026-01-16T11:26:18+00:00","og_image":[{"width":800,"height":484,"url":"https:\/\/vmsport.fi\/wp-content\/uploads\/2025\/03\/CB15338-1.jpg","type":"image\/jpeg"}],"twitter_card":"summary_large_image","schema":{"@context":"https:\/\/schema.org","@graph":[{"@type":["WebPage","ItemPage"],"@id":"https:\/\/vmsport.fi\/verkkokauppa\/varaosat\/polkimet\/klossit-ja-varaosat\/crankbrothers-cleat-kit-0-float\/","url":"https:\/\/vmsport.fi\/verkkokauppa\/varaosat\/polkimet\/klossit-ja-varaosat\/crankbrothers-cleat-kit-0-float\/","name":"CRANKBROTHERS klossats 0 flott\u00f6r - VM Sport","isPartOf":{"@id":"https:\/\/vmsport.fi\/#website"},"primaryImageOfPage":{"@id":"https:\/\/vmsport.fi\/verkkokauppa\/varaosat\/polkimet\/klossit-ja-varaosat\/crankbrothers-cleat-kit-0-float\/#primaryimage"},"image":{"@id":"https:\/\/vmsport.fi\/verkkokauppa\/varaosat\/polkimet\/klossit-ja-varaosat\/crankbrothers-cleat-kit-0-float\/#primaryimage"},"thumbnailUrl":"https:\/\/vmsport.fi\/wp-content\/uploads\/2025\/03\/CB15338-1.jpg","datePublished":"2025-03-05T22:14:57+00:00","dateModified":"2026-01-16T11:26:18+00:00","breadcrumb":{"@id":"https:\/\/vmsport.fi\/verkkokauppa\/varaosat\/polkimet\/klossit-ja-varaosat\/crankbrothers-cleat-kit-0-float\/#breadcrumb"},"inLanguage":"sv-SE","potentialAction":[{"@type":"ReadAction","target":["https:\/\/vmsport.fi\/verkkokauppa\/varaosat\/polkimet\/klossit-ja-varaosat\/crankbrothers-cleat-kit-0-float\/"]}]},{"@type":"ImageObject","inLanguage":"sv-SE","@id":"https:\/\/vmsport.fi\/verkkokauppa\/varaosat\/polkimet\/klossit-ja-varaosat\/crankbrothers-cleat-kit-0-float\/#primaryimage","url":"https:\/\/vmsport.fi\/wp-content\/uploads\/2025\/03\/CB15338-1.jpg","contentUrl":"https:\/\/vmsport.fi\/wp-content\/uploads\/2025\/03\/CB15338-1.jpg","width":800,"height":484,"caption":"CB15338"},{"@type":"BreadcrumbList","@id":"https:\/\/vmsport.fi\/verkkokauppa\/varaosat\/polkimet\/klossit-ja-varaosat\/crankbrothers-cleat-kit-0-float\/#breadcrumb","itemListElement":[{"@type":"ListItem","position":1,"name":"Etusivu","item":"https:\/\/vmsport.fi\/"},{"@type":"ListItem","position":2,"name":"Online Store","item":"https:\/\/vmsport.fi\/en\/online-store\/"},{"@type":"ListItem","position":3,"name":"Crankbrothers","item":"https:\/\/vmsport.fi\/merkki\/crankbrothers\/"},{"@type":"ListItem","position":4,"name":"CRANKBROTHERS Cleat kit 0 float"}]},{"@type":"WebSite","@id":"https:\/\/vmsport.fi\/#website","url":"https:\/\/vmsport.fi\/","name":"Vmsport","description":"Allt p\u00e5 ett st\u00e4lle f\u00f6r cykling","publisher":{"@id":"https:\/\/vmsport.fi\/#organization"},"potentialAction":[{"@type":"SearchAction","target":{"@type":"EntryPoint","urlTemplate":"https:\/\/vmsport.fi\/?s={search_term_string}"},"query-input":{"@type":"PropertyValueSpecification","valueRequired":true,"valueName":"search_term_string"}}],"inLanguage":"sv-SE"},{"@type":"Organization","@id":"https:\/\/vmsport.fi\/#organization","name":"Vmsport","url":"https:\/\/vmsport.fi\/","logo":{"@type":"ImageObject","inLanguage":"sv-SE","@id":"https:\/\/vmsport.fi\/#\/schema\/logo\/image\/","url":"https:\/\/vmsport.fi\/wp-content\/uploads\/2024\/12\/vm_sport_RGB_horisontal-e1734526017575.png","contentUrl":"https:\/\/vmsport.fi\/wp-content\/uploads\/2024\/12\/vm_sport_RGB_horisontal-e1734526017575.png","width":668,"height":85,"caption":"Vmsport"},"image":{"@id":"https:\/\/vmsport.fi\/#\/schema\/logo\/image\/"},"sameAs":["https:\/\/www.facebook.com\/Vmsport.fi\/","https:\/\/www.instagram.com\/vmsport\/"]}]}},"global_unique_id":"","_links":{"self":[{"href":"https:\/\/vmsport.fi\/sv\/wp-json\/wp\/v2\/product\/56011","targetHints":{"allow":["GET"]}}],"collection":[{"href":"https:\/\/vmsport.fi\/sv\/wp-json\/wp\/v2\/product"}],"about":[{"href":"https:\/\/vmsport.fi\/sv\/wp-json\/wp\/v2\/types\/product"}],"replies":[{"embeddable":true,"href":"https:\/\/vmsport.fi\/sv\/wp-json\/wp\/v2\/comments?post=56011"}],"wp:featuredmedia":[{"embeddable":true,"href":"https:\/\/vmsport.fi\/sv\/wp-json\/wp\/v2\/media\/56009"}],"wp:attachment":[{"href":"https:\/\/vmsport.fi\/sv\/wp-json\/wp\/v2\/media?parent=56011"}],"wp:term":[{"taxonomy":"product_brand","embeddable":true,"href":"https:\/\/vmsport.fi\/sv\/wp-json\/wp\/v2\/product_brand?post=56011"},{"taxonomy":"product_model","embeddable":true,"href":"https:\/\/vmsport.fi\/sv\/wp-json\/wp\/v2\/product_model?post=56011"},{"taxonomy":"product_cat","embeddable":true,"href":"https:\/\/vmsport.fi\/sv\/wp-json\/wp\/v2\/product_cat?post=56011"},{"taxonomy":"product_tag","embeddable":true,"href":"https:\/\/vmsport.fi\/sv\/wp-json\/wp\/v2\/product_tag?post=56011"},{"taxonomy":"industry_terminology","embeddable":true,"href":"https:\/\/vmsport.fi\/sv\/wp-json\/wp\/v2\/industry-terminology?post=56011"}],"curies":[{"name":"wp","href":"https:\/\/api.w.org\/{rel}","templated":true}]}}