{"id":56007,"date":"2025-03-06T00:14:56","date_gmt":"2025-03-05T22:14:56","guid":{"rendered":"https:\/\/vmsport.fi\/verkkokauppa\/Ei-luokiteltu\/linkkulukko-axa-fold-lite-100-numerokoodi-taitettava-pituus-100cm-musta\/"},"modified":"2026-04-05T03:00:27","modified_gmt":"2026-04-05T00:00:27","slug":"linkkulukko-axa-fold-lite-100-numerokoodi-taitettava-pituus-100cm-musta","status":"publish","type":"product","link":"https:\/\/vmsport.fi\/sv\/verkkokauppa\/tarvikkeet\/lukot\/linkkulukot\/linkkulukko-axa-fold-lite-100-numerokoodi-taitettava-pituus-100cm-musta\/","title":{"rendered":"L\u00e4nkl\u00e5s AXA Fold Lite 100 nummerkod, vikbar l\u00e4ngd 100cm, svart"},"content":{"rendered":"<p>AXA Fold Lite 100 on \u00e4lyk\u00e4s ja kompakti lukko, joka tarjoaa erinomaisen suojan polkupy\u00f6r\u00e4llesi. T\u00e4m\u00e4 taitettava lukko on 100 cm pitk\u00e4 ja valmistettu karkaistusta ter\u00e4ksest\u00e4, mik\u00e4 tekee siit\u00e4 erityisen turvallisen. Sen kahdeksanosainen rakenne mahdollistaa lukon helpon k\u00e4sittelyn, ja kumipinnoite est\u00e4\u00e4 naarmuja ja muita vaurioita.<\/p>\n<p>K\u00e4tev\u00e4n kannettavuutensa ansiosta lukko on helppo ottaa mukaan minne tahansa. Se on varustettu numerokoodilla, joka yksinkertaistaa lukon k\u00e4ytt\u00f6\u00e4. Lukko kiinnittyy helposti polkupy\u00f6r\u00e4n runkoon tai juomapullotelineen kiinnitysreikiin. Tyylik\u00e4s musta v\u00e4ri ja kevyt, vain 660 gramman paino tekev\u00e4t siit\u00e4 huomaamattoman matkakumppanin. Pakkaukseen sis\u00e4ltyv\u00e4 pidike ja lukon sylinterin suojus parantavat sen k\u00e4ytett\u00e4vyytt\u00e4 ja suojaavat lukkoa.<\/p>","protected":false},"excerpt":{"rendered":"<p>AXA Fold Lite 100 on \u00e4lyk\u00e4s ja kompakti lukko, joka tarjoaa erinomaisen suojan polkupy\u00f6r\u00e4llesi. T\u00e4m\u00e4 taitettava lukko on 100 cm pitk\u00e4 ja valmistettu karkaistusta ter\u00e4ksest\u00e4, mik\u00e4 tekee siit\u00e4 erityisen turvallisen. Sen kahdeksanosainen rakenne mahdollistaa lukon helpon k\u00e4sittelyn, ja kumipinnoite est\u00e4\u00e4 naarmuja ja muita vaurioita. K\u00e4tev\u00e4n kannettavuutensa ansiosta lukko on helppo ottaa mukaan minne tahansa. Se [&#8230;]<\/p>\n<p><a class=\"btn btn-secondary understrap-read-more-link\" href=\"https:\/\/vmsport.fi\/sv\/verkkokauppa\/tarvikkeet\/lukot\/linkkulukot\/linkkulukko-axa-fold-lite-100-numerokoodi-taitettava-pituus-100cm-musta\/\">L\u00e4s mer \u2026<span class=\"screen-reader-text\"> from Linkkulukko AXA Fold Lite 100 numerokoodi, taitettava pituus 100cm, musta<\/span><\/a><\/p>\n","protected":false},"featured_media":56004,"comment_status":"open","ping_status":"closed","template":"","meta":{"_acf_changed":false,"_improvement_type_select":"improve_an_existing","_thumb_yes_seoaic":false,"_frame_yes_seoaic":false,"seoaic_generate_description":"","seoaic_improve_instructions_prompt":"","seoaic_rollback_content_improvement":"","seoaic_idea_thumbnail_generator":"","thumbnail_generated":false,"thumbnail_generate_prompt":"","seoaic_article_description":"","_supplier_stock_quantity":0},"product_brand":[1587],"product_model":[],"product_cat":[9554],"product_tag":[],"industry-terminology":[],"class_list":{"0":"post-56007","1":"product","2":"type-product","3":"status-publish","4":"has-post-thumbnail","6":"product_brand-axa","7":"product_cat-linkkulukot","9":"first","10":"instock","11":"taxable","12":"shipping-taxable","13":"purchasable","14":"product-type-simple"},"acf":{"bike_features":null,"overview":{"copy_overview":null,"key_features":null,"statement":"","youtube_url":""}},"yoast_head":"<!-- This site is optimized with the Yoast SEO plugin v27.3 - https:\/\/yoast.com\/product\/yoast-seo-wordpress\/ -->\n<title>Linkkulukko AXA Fold Lite 100 numerokoodi, taitettava pituus 100cm, musta - VM Sport<\/title>\n<meta name=\"robots\" content=\"index, follow, max-snippet:-1, max-image-preview:large, max-video-preview:-1\" \/>\n<link rel=\"canonical\" href=\"https:\/\/vmsport.fi\/sv\/webbutik\/tillbehor\/las\/lank-till\/linkkulukko-axa-fold-lite-100-numerokoodi-taitettava-pituus-100cm-musta\/\" \/>\n<meta property=\"og:locale\" content=\"sv_SE\" \/>\n<meta property=\"og:type\" content=\"article\" \/>\n<meta property=\"og:title\" content=\"Linkkulukko AXA Fold Lite 100 numerokoodi, taitettava pituus 100cm, musta - VM Sport\" \/>\n<meta property=\"og:description\" content=\"AXA Fold Lite 100 on \u00e4lyk\u00e4s ja kompakti lukko, joka tarjoaa erinomaisen suojan polkupy\u00f6r\u00e4llesi. T\u00e4m\u00e4 taitettava lukko on 100 cm pitk\u00e4 ja valmistettu karkaistusta ter\u00e4ksest\u00e4, mik\u00e4 tekee siit\u00e4 erityisen turvallisen. Sen kahdeksanosainen rakenne mahdollistaa lukon helpon k\u00e4sittelyn, ja kumipinnoite est\u00e4\u00e4 naarmuja ja muita vaurioita. K\u00e4tev\u00e4n kannettavuutensa ansiosta lukko on helppo ottaa mukaan minne tahansa. Se [...]L\u00e4s mer \u2026 from Linkkulukko AXA Fold Lite 100 numerokoodi, taitettava pituus 100cm, musta\" \/>\n<meta property=\"og:url\" content=\"https:\/\/vmsport.fi\/sv\/webbutik\/tillbehor\/las\/lank-till\/linkkulukko-axa-fold-lite-100-numerokoodi-taitettava-pituus-100cm-musta\/\" \/>\n<meta property=\"og:site_name\" content=\"VM Sport\" \/>\n<meta property=\"article:publisher\" content=\"https:\/\/www.facebook.com\/Vmsport.fi\/\" \/>\n<meta property=\"article:modified_time\" content=\"2026-04-05T00:00:27+00:00\" \/>\n<meta property=\"og:image\" content=\"https:\/\/vmsport.fi\/wp-content\/uploads\/2025\/03\/59842095sc-1-1.jpg\" \/>\n\t<meta property=\"og:image:width\" content=\"1000\" \/>\n\t<meta property=\"og:image:height\" content=\"1000\" \/>\n\t<meta property=\"og:image:type\" content=\"image\/jpeg\" \/>\n<meta name=\"twitter:card\" content=\"summary_large_image\" \/>\n<meta name=\"twitter:label1\" content=\"Ber\u00e4knad l\u00e4stid\" \/>\n\t<meta name=\"twitter:data1\" content=\"1 minut\" \/>\n<script type=\"application\/ld+json\" class=\"yoast-schema-graph\">{\"@context\":\"https:\\\/\\\/schema.org\",\"@graph\":[{\"@type\":[\"WebPage\",\"ItemPage\"],\"@id\":\"https:\\\/\\\/vmsport.fi\\\/verkkokauppa\\\/tarvikkeet\\\/lukot\\\/linkkulukot\\\/linkkulukko-axa-fold-lite-100-numerokoodi-taitettava-pituus-100cm-musta\\\/\",\"url\":\"https:\\\/\\\/vmsport.fi\\\/verkkokauppa\\\/tarvikkeet\\\/lukot\\\/linkkulukot\\\/linkkulukko-axa-fold-lite-100-numerokoodi-taitettava-pituus-100cm-musta\\\/\",\"name\":\"Linkkulukko AXA Fold Lite 100 numerokoodi, taitettava pituus 100cm, musta - VM Sport\",\"isPartOf\":{\"@id\":\"https:\\\/\\\/vmsport.fi\\\/#website\"},\"primaryImageOfPage\":{\"@id\":\"https:\\\/\\\/vmsport.fi\\\/verkkokauppa\\\/tarvikkeet\\\/lukot\\\/linkkulukot\\\/linkkulukko-axa-fold-lite-100-numerokoodi-taitettava-pituus-100cm-musta\\\/#primaryimage\"},\"image\":{\"@id\":\"https:\\\/\\\/vmsport.fi\\\/verkkokauppa\\\/tarvikkeet\\\/lukot\\\/linkkulukot\\\/linkkulukko-axa-fold-lite-100-numerokoodi-taitettava-pituus-100cm-musta\\\/#primaryimage\"},\"thumbnailUrl\":\"https:\\\/\\\/vmsport.fi\\\/wp-content\\\/uploads\\\/2025\\\/03\\\/59842095sc-1-1.jpg\",\"datePublished\":\"2025-03-05T22:14:56+00:00\",\"dateModified\":\"2026-04-05T00:00:27+00:00\",\"breadcrumb\":{\"@id\":\"https:\\\/\\\/vmsport.fi\\\/verkkokauppa\\\/tarvikkeet\\\/lukot\\\/linkkulukot\\\/linkkulukko-axa-fold-lite-100-numerokoodi-taitettava-pituus-100cm-musta\\\/#breadcrumb\"},\"inLanguage\":\"sv-SE\",\"potentialAction\":[{\"@type\":\"ReadAction\",\"target\":[\"https:\\\/\\\/vmsport.fi\\\/verkkokauppa\\\/tarvikkeet\\\/lukot\\\/linkkulukot\\\/linkkulukko-axa-fold-lite-100-numerokoodi-taitettava-pituus-100cm-musta\\\/\"]}]},{\"@type\":\"ImageObject\",\"inLanguage\":\"sv-SE\",\"@id\":\"https:\\\/\\\/vmsport.fi\\\/verkkokauppa\\\/tarvikkeet\\\/lukot\\\/linkkulukot\\\/linkkulukko-axa-fold-lite-100-numerokoodi-taitettava-pituus-100cm-musta\\\/#primaryimage\",\"url\":\"https:\\\/\\\/vmsport.fi\\\/wp-content\\\/uploads\\\/2025\\\/03\\\/59842095sc-1-1.jpg\",\"contentUrl\":\"https:\\\/\\\/vmsport.fi\\\/wp-content\\\/uploads\\\/2025\\\/03\\\/59842095sc-1-1.jpg\",\"width\":1000,\"height\":1000,\"caption\":\"59842095sc-1\"},{\"@type\":\"BreadcrumbList\",\"@id\":\"https:\\\/\\\/vmsport.fi\\\/verkkokauppa\\\/tarvikkeet\\\/lukot\\\/linkkulukot\\\/linkkulukko-axa-fold-lite-100-numerokoodi-taitettava-pituus-100cm-musta\\\/#breadcrumb\",\"itemListElement\":[{\"@type\":\"ListItem\",\"position\":1,\"name\":\"Etusivu\",\"item\":\"https:\\\/\\\/vmsport.fi\\\/\"},{\"@type\":\"ListItem\",\"position\":2,\"name\":\"Online Store\",\"item\":\"https:\\\/\\\/vmsport.fi\\\/en\\\/online-store\\\/\"},{\"@type\":\"ListItem\",\"position\":3,\"name\":\"Linkkulukko AXA Fold Lite 100 numerokoodi, taitettava pituus 100cm, musta\"}]},{\"@type\":\"WebSite\",\"@id\":\"https:\\\/\\\/vmsport.fi\\\/#website\",\"url\":\"https:\\\/\\\/vmsport.fi\\\/\",\"name\":\"Vmsport\",\"description\":\"Kaikki py\u00f6r\u00e4ilyyn yhdest\u00e4 paikasta\",\"publisher\":{\"@id\":\"https:\\\/\\\/vmsport.fi\\\/#organization\"},\"potentialAction\":[{\"@type\":\"SearchAction\",\"target\":{\"@type\":\"EntryPoint\",\"urlTemplate\":\"https:\\\/\\\/vmsport.fi\\\/?s={search_term_string}\"},\"query-input\":{\"@type\":\"PropertyValueSpecification\",\"valueRequired\":true,\"valueName\":\"search_term_string\"}}],\"inLanguage\":\"sv-SE\"},{\"@type\":\"Organization\",\"@id\":\"https:\\\/\\\/vmsport.fi\\\/#organization\",\"name\":\"Vmsport\",\"url\":\"https:\\\/\\\/vmsport.fi\\\/\",\"logo\":{\"@type\":\"ImageObject\",\"inLanguage\":\"sv-SE\",\"@id\":\"https:\\\/\\\/vmsport.fi\\\/#\\\/schema\\\/logo\\\/image\\\/\",\"url\":\"https:\\\/\\\/vmsport.fi\\\/wp-content\\\/uploads\\\/2024\\\/12\\\/vm_sport_RGB_horisontal-e1734526017575.png\",\"contentUrl\":\"https:\\\/\\\/vmsport.fi\\\/wp-content\\\/uploads\\\/2024\\\/12\\\/vm_sport_RGB_horisontal-e1734526017575.png\",\"width\":668,\"height\":85,\"caption\":\"Vmsport\"},\"image\":{\"@id\":\"https:\\\/\\\/vmsport.fi\\\/#\\\/schema\\\/logo\\\/image\\\/\"},\"sameAs\":[\"https:\\\/\\\/www.facebook.com\\\/Vmsport.fi\\\/\",\"https:\\\/\\\/www.instagram.com\\\/vmsport\\\/\"]}]}<\/script>\n<!-- \/ Yoast SEO plugin. -->","yoast_head_json":{"title":"Linkkulukko AXA Fold Lite 100 numerokoodi, taitettava pituus 100cm, musta - VM Sport","robots":{"index":"index","follow":"follow","max-snippet":"max-snippet:-1","max-image-preview":"max-image-preview:large","max-video-preview":"max-video-preview:-1"},"canonical":"https:\/\/vmsport.fi\/sv\/webbutik\/tillbehor\/las\/lank-till\/linkkulukko-axa-fold-lite-100-numerokoodi-taitettava-pituus-100cm-musta\/","og_locale":"sv_SE","og_type":"article","og_title":"Linkkulukko AXA Fold Lite 100 numerokoodi, taitettava pituus 100cm, musta - VM Sport","og_description":"AXA Fold Lite 100 on \u00e4lyk\u00e4s ja kompakti lukko, joka tarjoaa erinomaisen suojan polkupy\u00f6r\u00e4llesi. T\u00e4m\u00e4 taitettava lukko on 100 cm pitk\u00e4 ja valmistettu karkaistusta ter\u00e4ksest\u00e4, mik\u00e4 tekee siit\u00e4 erityisen turvallisen. Sen kahdeksanosainen rakenne mahdollistaa lukon helpon k\u00e4sittelyn, ja kumipinnoite est\u00e4\u00e4 naarmuja ja muita vaurioita. K\u00e4tev\u00e4n kannettavuutensa ansiosta lukko on helppo ottaa mukaan minne tahansa. Se [...]L\u00e4s mer \u2026 from Linkkulukko AXA Fold Lite 100 numerokoodi, taitettava pituus 100cm, musta","og_url":"https:\/\/vmsport.fi\/sv\/webbutik\/tillbehor\/las\/lank-till\/linkkulukko-axa-fold-lite-100-numerokoodi-taitettava-pituus-100cm-musta\/","og_site_name":"VM Sport","article_publisher":"https:\/\/www.facebook.com\/Vmsport.fi\/","article_modified_time":"2026-04-05T00:00:27+00:00","og_image":[{"width":1000,"height":1000,"url":"https:\/\/vmsport.fi\/wp-content\/uploads\/2025\/03\/59842095sc-1-1.jpg","type":"image\/jpeg"}],"twitter_card":"summary_large_image","twitter_misc":{"Ber\u00e4knad l\u00e4stid":"1 minut"},"schema":{"@context":"https:\/\/schema.org","@graph":[{"@type":["WebPage","ItemPage"],"@id":"https:\/\/vmsport.fi\/verkkokauppa\/tarvikkeet\/lukot\/linkkulukot\/linkkulukko-axa-fold-lite-100-numerokoodi-taitettava-pituus-100cm-musta\/","url":"https:\/\/vmsport.fi\/verkkokauppa\/tarvikkeet\/lukot\/linkkulukot\/linkkulukko-axa-fold-lite-100-numerokoodi-taitettava-pituus-100cm-musta\/","name":"Linkkulukko AXA Fold Lite 100 numerokoodi, taitettava pituus 100cm, musta - VM Sport","isPartOf":{"@id":"https:\/\/vmsport.fi\/#website"},"primaryImageOfPage":{"@id":"https:\/\/vmsport.fi\/verkkokauppa\/tarvikkeet\/lukot\/linkkulukot\/linkkulukko-axa-fold-lite-100-numerokoodi-taitettava-pituus-100cm-musta\/#primaryimage"},"image":{"@id":"https:\/\/vmsport.fi\/verkkokauppa\/tarvikkeet\/lukot\/linkkulukot\/linkkulukko-axa-fold-lite-100-numerokoodi-taitettava-pituus-100cm-musta\/#primaryimage"},"thumbnailUrl":"https:\/\/vmsport.fi\/wp-content\/uploads\/2025\/03\/59842095sc-1-1.jpg","datePublished":"2025-03-05T22:14:56+00:00","dateModified":"2026-04-05T00:00:27+00:00","breadcrumb":{"@id":"https:\/\/vmsport.fi\/verkkokauppa\/tarvikkeet\/lukot\/linkkulukot\/linkkulukko-axa-fold-lite-100-numerokoodi-taitettava-pituus-100cm-musta\/#breadcrumb"},"inLanguage":"sv-SE","potentialAction":[{"@type":"ReadAction","target":["https:\/\/vmsport.fi\/verkkokauppa\/tarvikkeet\/lukot\/linkkulukot\/linkkulukko-axa-fold-lite-100-numerokoodi-taitettava-pituus-100cm-musta\/"]}]},{"@type":"ImageObject","inLanguage":"sv-SE","@id":"https:\/\/vmsport.fi\/verkkokauppa\/tarvikkeet\/lukot\/linkkulukot\/linkkulukko-axa-fold-lite-100-numerokoodi-taitettava-pituus-100cm-musta\/#primaryimage","url":"https:\/\/vmsport.fi\/wp-content\/uploads\/2025\/03\/59842095sc-1-1.jpg","contentUrl":"https:\/\/vmsport.fi\/wp-content\/uploads\/2025\/03\/59842095sc-1-1.jpg","width":1000,"height":1000,"caption":"59842095sc-1"},{"@type":"BreadcrumbList","@id":"https:\/\/vmsport.fi\/verkkokauppa\/tarvikkeet\/lukot\/linkkulukot\/linkkulukko-axa-fold-lite-100-numerokoodi-taitettava-pituus-100cm-musta\/#breadcrumb","itemListElement":[{"@type":"ListItem","position":1,"name":"Etusivu","item":"https:\/\/vmsport.fi\/"},{"@type":"ListItem","position":2,"name":"Online Store","item":"https:\/\/vmsport.fi\/en\/online-store\/"},{"@type":"ListItem","position":3,"name":"Linkkulukko AXA Fold Lite 100 numerokoodi, taitettava pituus 100cm, musta"}]},{"@type":"WebSite","@id":"https:\/\/vmsport.fi\/#website","url":"https:\/\/vmsport.fi\/","name":"Vmsport","description":"Allt p\u00e5 ett st\u00e4lle f\u00f6r cykling","publisher":{"@id":"https:\/\/vmsport.fi\/#organization"},"potentialAction":[{"@type":"SearchAction","target":{"@type":"EntryPoint","urlTemplate":"https:\/\/vmsport.fi\/?s={search_term_string}"},"query-input":{"@type":"PropertyValueSpecification","valueRequired":true,"valueName":"search_term_string"}}],"inLanguage":"sv-SE"},{"@type":"Organization","@id":"https:\/\/vmsport.fi\/#organization","name":"Vmsport","url":"https:\/\/vmsport.fi\/","logo":{"@type":"ImageObject","inLanguage":"sv-SE","@id":"https:\/\/vmsport.fi\/#\/schema\/logo\/image\/","url":"https:\/\/vmsport.fi\/wp-content\/uploads\/2024\/12\/vm_sport_RGB_horisontal-e1734526017575.png","contentUrl":"https:\/\/vmsport.fi\/wp-content\/uploads\/2024\/12\/vm_sport_RGB_horisontal-e1734526017575.png","width":668,"height":85,"caption":"Vmsport"},"image":{"@id":"https:\/\/vmsport.fi\/#\/schema\/logo\/image\/"},"sameAs":["https:\/\/www.facebook.com\/Vmsport.fi\/","https:\/\/www.instagram.com\/vmsport\/"]}]}},"global_unique_id":"","_links":{"self":[{"href":"https:\/\/vmsport.fi\/sv\/wp-json\/wp\/v2\/product\/56007","targetHints":{"allow":["GET"]}}],"collection":[{"href":"https:\/\/vmsport.fi\/sv\/wp-json\/wp\/v2\/product"}],"about":[{"href":"https:\/\/vmsport.fi\/sv\/wp-json\/wp\/v2\/types\/product"}],"replies":[{"embeddable":true,"href":"https:\/\/vmsport.fi\/sv\/wp-json\/wp\/v2\/comments?post=56007"}],"wp:featuredmedia":[{"embeddable":true,"href":"https:\/\/vmsport.fi\/sv\/wp-json\/wp\/v2\/media\/56004"}],"wp:attachment":[{"href":"https:\/\/vmsport.fi\/sv\/wp-json\/wp\/v2\/media?parent=56007"}],"wp:term":[{"taxonomy":"product_brand","embeddable":true,"href":"https:\/\/vmsport.fi\/sv\/wp-json\/wp\/v2\/product_brand?post=56007"},{"taxonomy":"product_model","embeddable":true,"href":"https:\/\/vmsport.fi\/sv\/wp-json\/wp\/v2\/product_model?post=56007"},{"taxonomy":"product_cat","embeddable":true,"href":"https:\/\/vmsport.fi\/sv\/wp-json\/wp\/v2\/product_cat?post=56007"},{"taxonomy":"product_tag","embeddable":true,"href":"https:\/\/vmsport.fi\/sv\/wp-json\/wp\/v2\/product_tag?post=56007"},{"taxonomy":"industry_terminology","embeddable":true,"href":"https:\/\/vmsport.fi\/sv\/wp-json\/wp\/v2\/industry-terminology?post=56007"}],"curies":[{"name":"wp","href":"https:\/\/api.w.org\/{rel}","templated":true}]}}