{"id":55994,"date":"2025-03-06T00:14:50","date_gmt":"2025-03-05T22:14:50","guid":{"rendered":"https:\/\/vmsport.fi\/verkkokauppa\/Ei-luokiteltu\/shimano-ajolasit-ce-tspk2-twinspark-ridescape-korkea-kontrasti-deep-red\/"},"modified":"2026-01-16T13:25:21","modified_gmt":"2026-01-16T11:25:21","slug":"shimano-korglasogon-ce-tspk2-twinspark-ridescape-hog-kontrast-djup-rod","status":"publish","type":"product","link":"https:\/\/vmsport.fi\/sv\/verkkokauppa\/ajovarusteet\/ajolasit\/shimano-ajolasit-ce-tspk2-twinspark-ridescape-korkea-kontrasti-deep-red\/","title":{"rendered":"SHIMANO Solglas\u00f6gon CE-TSPK2 TWINSPARK Ridescape h\u00f6g kontrast Deep red"},"content":{"rendered":"<p>Shimano CE-TSPK2 TWINSPARK ridglas\u00f6gon har en l\u00e4tt semi-rim design och ett brett synf\u00e4lt f\u00f6r f\u00f6rb\u00e4ttrat skydd under k\u00f6rning. Den djupr\u00f6da ramen kombineras med RIDESCAPE HC-linser f\u00f6r f\u00f6rb\u00e4ttrad kontrast och sk\u00e4rpa. Linserna \u00e4r optimerade f\u00f6r anv\u00e4ndning dagtid, filtrerar bort 13 % ljus och ger fullt UV-400-skydd. Hydrofobisk bel\u00e4ggning f\u00f6rb\u00e4ttrar synen i v\u00e5ta f\u00f6rh\u00e5llanden. Mycket slitstarka linser som skyddar mot repor f\u00f6r b\u00e5de on-road och off-road anv\u00e4ndning. Mjuka, b\u00f6jda b\u00e5gar h\u00e5ller glas\u00f6gonen s\u00e4kert p\u00e5 plats. Neutral design som passar moderna hj\u00e4lmar och ger l\u00e5ngvarig komfort f\u00f6r alla cyklister.<\/p>","protected":false},"excerpt":{"rendered":"<p>Shimano CE-TSPK2 TWINSPARK -ajolasit tarjoavat kevyen puolikehysrakenteen ja laajan n\u00e4k\u00f6kent\u00e4n, mik\u00e4 parantaa suojaa ajaessa. Syv\u00e4npunainen kehys yhdistyy RIDESCAPE HC -linsseihin, jotka korostavat kontrastia ja ter\u00e4vyytt\u00e4. P\u00e4iv\u00e4k\u00e4ytt\u00f6\u00f6n optimoidut linssit suodattavat 13 % valosta ja takaavat t\u00e4yden UV-400-suojan. Hydrofobinen pinnoitus parantaa n\u00e4kemist\u00e4 kosteissa olosuhteissa. Eritt\u00e4in kest\u00e4v\u00e4t linssit suojaavat naarmuilta sek\u00e4 maantie- ett\u00e4 maastoajossa. Pehme\u00e4t, kaarevat sangat pit\u00e4v\u00e4t [&#8230;]<\/p>\n<p><a class=\"btn btn-secondary understrap-read-more-link\" href=\"https:\/\/vmsport.fi\/sv\/verkkokauppa\/ajovarusteet\/ajolasit\/shimano-ajolasit-ce-tspk2-twinspark-ridescape-korkea-kontrasti-deep-red\/\">L\u00e4s mer \u2026<span class=\"screen-reader-text\"> from SHIMANO Ajolasit CE-TSPK2 TWINSPARK Ridescape korkea kontrasti Deep red<\/span><\/a><\/p>\n","protected":false},"featured_media":55993,"comment_status":"open","ping_status":"closed","template":"","meta":{"_acf_changed":false,"_improvement_type_select":"improve_an_existing","_thumb_yes_seoaic":false,"_frame_yes_seoaic":false,"seoaic_generate_description":"","seoaic_improve_instructions_prompt":"","seoaic_rollback_content_improvement":"","seoaic_idea_thumbnail_generator":"","thumbnail_generated":false,"thumbnail_generate_prompt":"","seoaic_article_description":"","_supplier_stock_quantity":0},"product_brand":[],"product_model":[],"product_cat":[9280],"product_tag":[],"industry-terminology":[],"class_list":{"0":"post-55994","1":"product","2":"type-product","3":"status-publish","4":"has-post-thumbnail","6":"product_cat-ajolasit","8":"first","9":"instock","10":"taxable","11":"shipping-taxable","12":"purchasable","13":"product-type-simple"},"acf":{"bike_features":null,"overview":{"copy_overview":null,"key_features":null,"statement":"","youtube_url":""}},"yoast_head":"<!-- This site is optimized with the Yoast SEO plugin v27.3 - https:\/\/yoast.com\/product\/yoast-seo-wordpress\/ -->\n<title>SHIMANO Ajolasit CE-TSPK2 TWINSPARK Ridescape korkea kontrasti Deep red - VM Sport<\/title>\n<meta name=\"robots\" content=\"index, follow, max-snippet:-1, max-image-preview:large, max-video-preview:-1\" \/>\n<link rel=\"canonical\" href=\"https:\/\/vmsport.fi\/sv\/webbutik\/korutrustning\/drivande-glasogon\/shimano-korglasogon-ce-tspk2-twinspark-ridescape-hog-kontrast-djup-rod\/\" \/>\n<meta property=\"og:locale\" content=\"sv_SE\" \/>\n<meta property=\"og:type\" content=\"article\" \/>\n<meta property=\"og:title\" content=\"SHIMANO Ajolasit CE-TSPK2 TWINSPARK Ridescape korkea kontrasti Deep red - VM Sport\" \/>\n<meta property=\"og:description\" content=\"Shimano CE-TSPK2 TWINSPARK -ajolasit tarjoavat kevyen puolikehysrakenteen ja laajan n\u00e4k\u00f6kent\u00e4n, mik\u00e4 parantaa suojaa ajaessa. Syv\u00e4npunainen kehys yhdistyy RIDESCAPE HC -linsseihin, jotka korostavat kontrastia ja ter\u00e4vyytt\u00e4. P\u00e4iv\u00e4k\u00e4ytt\u00f6\u00f6n optimoidut linssit suodattavat 13 % valosta ja takaavat t\u00e4yden UV-400-suojan. Hydrofobinen pinnoitus parantaa n\u00e4kemist\u00e4 kosteissa olosuhteissa. Eritt\u00e4in kest\u00e4v\u00e4t linssit suojaavat naarmuilta sek\u00e4 maantie- ett\u00e4 maastoajossa. Pehme\u00e4t, kaarevat sangat pit\u00e4v\u00e4t [...]L\u00e4s mer \u2026 from SHIMANO Ajolasit CE-TSPK2 TWINSPARK Ridescape korkea kontrasti Deep red\" \/>\n<meta property=\"og:url\" content=\"https:\/\/vmsport.fi\/sv\/webbutik\/korutrustning\/drivande-glasogon\/shimano-korglasogon-ce-tspk2-twinspark-ridescape-hog-kontrast-djup-rod\/\" \/>\n<meta property=\"og:site_name\" content=\"VM Sport\" \/>\n<meta property=\"article:publisher\" content=\"https:\/\/www.facebook.com\/Vmsport.fi\/\" \/>\n<meta property=\"article:modified_time\" content=\"2026-01-16T11:25:21+00:00\" \/>\n<meta property=\"og:image\" content=\"https:\/\/vmsport.fi\/wp-content\/uploads\/2025\/03\/CE-TSPK2-HC-shic504-primary-1-jpg-thumb-572-572-1.png\" \/>\n\t<meta property=\"og:image:width\" content=\"572\" \/>\n\t<meta property=\"og:image:height\" content=\"572\" \/>\n\t<meta property=\"og:image:type\" content=\"image\/png\" \/>\n<meta name=\"twitter:card\" content=\"summary_large_image\" \/>\n<script type=\"application\/ld+json\" class=\"yoast-schema-graph\">{\"@context\":\"https:\\\/\\\/schema.org\",\"@graph\":[{\"@type\":[\"WebPage\",\"ItemPage\"],\"@id\":\"https:\\\/\\\/vmsport.fi\\\/verkkokauppa\\\/ajovarusteet\\\/ajolasit\\\/shimano-ajolasit-ce-tspk2-twinspark-ridescape-korkea-kontrasti-deep-red\\\/\",\"url\":\"https:\\\/\\\/vmsport.fi\\\/verkkokauppa\\\/ajovarusteet\\\/ajolasit\\\/shimano-ajolasit-ce-tspk2-twinspark-ridescape-korkea-kontrasti-deep-red\\\/\",\"name\":\"SHIMANO Ajolasit CE-TSPK2 TWINSPARK Ridescape korkea kontrasti Deep red - VM Sport\",\"isPartOf\":{\"@id\":\"https:\\\/\\\/vmsport.fi\\\/#website\"},\"primaryImageOfPage\":{\"@id\":\"https:\\\/\\\/vmsport.fi\\\/verkkokauppa\\\/ajovarusteet\\\/ajolasit\\\/shimano-ajolasit-ce-tspk2-twinspark-ridescape-korkea-kontrasti-deep-red\\\/#primaryimage\"},\"image\":{\"@id\":\"https:\\\/\\\/vmsport.fi\\\/verkkokauppa\\\/ajovarusteet\\\/ajolasit\\\/shimano-ajolasit-ce-tspk2-twinspark-ridescape-korkea-kontrasti-deep-red\\\/#primaryimage\"},\"thumbnailUrl\":\"https:\\\/\\\/vmsport.fi\\\/wp-content\\\/uploads\\\/2025\\\/03\\\/CE-TSPK2-HC-shic504-primary-1-jpg-thumb-572-572-1.png\",\"datePublished\":\"2025-03-05T22:14:50+00:00\",\"dateModified\":\"2026-01-16T11:25:21+00:00\",\"breadcrumb\":{\"@id\":\"https:\\\/\\\/vmsport.fi\\\/verkkokauppa\\\/ajovarusteet\\\/ajolasit\\\/shimano-ajolasit-ce-tspk2-twinspark-ridescape-korkea-kontrasti-deep-red\\\/#breadcrumb\"},\"inLanguage\":\"sv-SE\",\"potentialAction\":[{\"@type\":\"ReadAction\",\"target\":[\"https:\\\/\\\/vmsport.fi\\\/verkkokauppa\\\/ajovarusteet\\\/ajolasit\\\/shimano-ajolasit-ce-tspk2-twinspark-ridescape-korkea-kontrasti-deep-red\\\/\"]}]},{\"@type\":\"ImageObject\",\"inLanguage\":\"sv-SE\",\"@id\":\"https:\\\/\\\/vmsport.fi\\\/verkkokauppa\\\/ajovarusteet\\\/ajolasit\\\/shimano-ajolasit-ce-tspk2-twinspark-ridescape-korkea-kontrasti-deep-red\\\/#primaryimage\",\"url\":\"https:\\\/\\\/vmsport.fi\\\/wp-content\\\/uploads\\\/2025\\\/03\\\/CE-TSPK2-HC-shic504-primary-1-jpg-thumb-572-572-1.png\",\"contentUrl\":\"https:\\\/\\\/vmsport.fi\\\/wp-content\\\/uploads\\\/2025\\\/03\\\/CE-TSPK2-HC-shic504-primary-1-jpg-thumb-572-572-1.png\",\"width\":572,\"height\":572,\"caption\":\"CE-TSPK2-HC-shic504-primary-1-jpg-thumb-572-572\"},{\"@type\":\"BreadcrumbList\",\"@id\":\"https:\\\/\\\/vmsport.fi\\\/verkkokauppa\\\/ajovarusteet\\\/ajolasit\\\/shimano-ajolasit-ce-tspk2-twinspark-ridescape-korkea-kontrasti-deep-red\\\/#breadcrumb\",\"itemListElement\":[{\"@type\":\"ListItem\",\"position\":1,\"name\":\"Etusivu\",\"item\":\"https:\\\/\\\/vmsport.fi\\\/\"},{\"@type\":\"ListItem\",\"position\":2,\"name\":\"Online Store\",\"item\":\"https:\\\/\\\/vmsport.fi\\\/en\\\/online-store\\\/\"},{\"@type\":\"ListItem\",\"position\":3,\"name\":\"SHIMANO Ajolasit CE-TSPK2 TWINSPARK Ridescape korkea kontrasti Deep red\"}]},{\"@type\":\"WebSite\",\"@id\":\"https:\\\/\\\/vmsport.fi\\\/#website\",\"url\":\"https:\\\/\\\/vmsport.fi\\\/\",\"name\":\"Vmsport\",\"description\":\"Kaikki py\u00f6r\u00e4ilyyn yhdest\u00e4 paikasta\",\"publisher\":{\"@id\":\"https:\\\/\\\/vmsport.fi\\\/#organization\"},\"potentialAction\":[{\"@type\":\"SearchAction\",\"target\":{\"@type\":\"EntryPoint\",\"urlTemplate\":\"https:\\\/\\\/vmsport.fi\\\/?s={search_term_string}\"},\"query-input\":{\"@type\":\"PropertyValueSpecification\",\"valueRequired\":true,\"valueName\":\"search_term_string\"}}],\"inLanguage\":\"sv-SE\"},{\"@type\":\"Organization\",\"@id\":\"https:\\\/\\\/vmsport.fi\\\/#organization\",\"name\":\"Vmsport\",\"url\":\"https:\\\/\\\/vmsport.fi\\\/\",\"logo\":{\"@type\":\"ImageObject\",\"inLanguage\":\"sv-SE\",\"@id\":\"https:\\\/\\\/vmsport.fi\\\/#\\\/schema\\\/logo\\\/image\\\/\",\"url\":\"https:\\\/\\\/vmsport.fi\\\/wp-content\\\/uploads\\\/2024\\\/12\\\/vm_sport_RGB_horisontal-e1734526017575.png\",\"contentUrl\":\"https:\\\/\\\/vmsport.fi\\\/wp-content\\\/uploads\\\/2024\\\/12\\\/vm_sport_RGB_horisontal-e1734526017575.png\",\"width\":668,\"height\":85,\"caption\":\"Vmsport\"},\"image\":{\"@id\":\"https:\\\/\\\/vmsport.fi\\\/#\\\/schema\\\/logo\\\/image\\\/\"},\"sameAs\":[\"https:\\\/\\\/www.facebook.com\\\/Vmsport.fi\\\/\",\"https:\\\/\\\/www.instagram.com\\\/vmsport\\\/\"]}]}<\/script>\n<!-- \/ Yoast SEO plugin. -->","yoast_head_json":{"title":"SHIMANO CE-TSPK2 TWINSPARK Ridescape solglas\u00f6gon med h\u00f6g kontrast Djupr\u00f6d - VM Sport","robots":{"index":"index","follow":"follow","max-snippet":"max-snippet:-1","max-image-preview":"max-image-preview:large","max-video-preview":"max-video-preview:-1"},"canonical":"https:\/\/vmsport.fi\/sv\/webbutik\/korutrustning\/drivande-glasogon\/shimano-korglasogon-ce-tspk2-twinspark-ridescape-hog-kontrast-djup-rod\/","og_locale":"sv_SE","og_type":"article","og_title":"SHIMANO Ajolasit CE-TSPK2 TWINSPARK Ridescape korkea kontrasti Deep red - VM Sport","og_description":"Shimano CE-TSPK2 TWINSPARK -ajolasit tarjoavat kevyen puolikehysrakenteen ja laajan n\u00e4k\u00f6kent\u00e4n, mik\u00e4 parantaa suojaa ajaessa. Syv\u00e4npunainen kehys yhdistyy RIDESCAPE HC -linsseihin, jotka korostavat kontrastia ja ter\u00e4vyytt\u00e4. P\u00e4iv\u00e4k\u00e4ytt\u00f6\u00f6n optimoidut linssit suodattavat 13 % valosta ja takaavat t\u00e4yden UV-400-suojan. Hydrofobinen pinnoitus parantaa n\u00e4kemist\u00e4 kosteissa olosuhteissa. Eritt\u00e4in kest\u00e4v\u00e4t linssit suojaavat naarmuilta sek\u00e4 maantie- ett\u00e4 maastoajossa. Pehme\u00e4t, kaarevat sangat pit\u00e4v\u00e4t [...]L\u00e4s mer \u2026 from SHIMANO Ajolasit CE-TSPK2 TWINSPARK Ridescape korkea kontrasti Deep red","og_url":"https:\/\/vmsport.fi\/sv\/webbutik\/korutrustning\/drivande-glasogon\/shimano-korglasogon-ce-tspk2-twinspark-ridescape-hog-kontrast-djup-rod\/","og_site_name":"VM Sport","article_publisher":"https:\/\/www.facebook.com\/Vmsport.fi\/","article_modified_time":"2026-01-16T11:25:21+00:00","og_image":[{"width":572,"height":572,"url":"https:\/\/vmsport.fi\/wp-content\/uploads\/2025\/03\/CE-TSPK2-HC-shic504-primary-1-jpg-thumb-572-572-1.png","type":"image\/png"}],"twitter_card":"summary_large_image","schema":{"@context":"https:\/\/schema.org","@graph":[{"@type":["WebPage","ItemPage"],"@id":"https:\/\/vmsport.fi\/verkkokauppa\/ajovarusteet\/ajolasit\/shimano-ajolasit-ce-tspk2-twinspark-ridescape-korkea-kontrasti-deep-red\/","url":"https:\/\/vmsport.fi\/verkkokauppa\/ajovarusteet\/ajolasit\/shimano-ajolasit-ce-tspk2-twinspark-ridescape-korkea-kontrasti-deep-red\/","name":"SHIMANO CE-TSPK2 TWINSPARK Ridescape solglas\u00f6gon med h\u00f6g kontrast Djupr\u00f6d - VM Sport","isPartOf":{"@id":"https:\/\/vmsport.fi\/#website"},"primaryImageOfPage":{"@id":"https:\/\/vmsport.fi\/verkkokauppa\/ajovarusteet\/ajolasit\/shimano-ajolasit-ce-tspk2-twinspark-ridescape-korkea-kontrasti-deep-red\/#primaryimage"},"image":{"@id":"https:\/\/vmsport.fi\/verkkokauppa\/ajovarusteet\/ajolasit\/shimano-ajolasit-ce-tspk2-twinspark-ridescape-korkea-kontrasti-deep-red\/#primaryimage"},"thumbnailUrl":"https:\/\/vmsport.fi\/wp-content\/uploads\/2025\/03\/CE-TSPK2-HC-shic504-primary-1-jpg-thumb-572-572-1.png","datePublished":"2025-03-05T22:14:50+00:00","dateModified":"2026-01-16T11:25:21+00:00","breadcrumb":{"@id":"https:\/\/vmsport.fi\/verkkokauppa\/ajovarusteet\/ajolasit\/shimano-ajolasit-ce-tspk2-twinspark-ridescape-korkea-kontrasti-deep-red\/#breadcrumb"},"inLanguage":"sv-SE","potentialAction":[{"@type":"ReadAction","target":["https:\/\/vmsport.fi\/verkkokauppa\/ajovarusteet\/ajolasit\/shimano-ajolasit-ce-tspk2-twinspark-ridescape-korkea-kontrasti-deep-red\/"]}]},{"@type":"ImageObject","inLanguage":"sv-SE","@id":"https:\/\/vmsport.fi\/verkkokauppa\/ajovarusteet\/ajolasit\/shimano-ajolasit-ce-tspk2-twinspark-ridescape-korkea-kontrasti-deep-red\/#primaryimage","url":"https:\/\/vmsport.fi\/wp-content\/uploads\/2025\/03\/CE-TSPK2-HC-shic504-primary-1-jpg-thumb-572-572-1.png","contentUrl":"https:\/\/vmsport.fi\/wp-content\/uploads\/2025\/03\/CE-TSPK2-HC-shic504-primary-1-jpg-thumb-572-572-1.png","width":572,"height":572,"caption":"CE-TSPK2-HC-shic504-primary-1-jpg-thumb-572-572"},{"@type":"BreadcrumbList","@id":"https:\/\/vmsport.fi\/verkkokauppa\/ajovarusteet\/ajolasit\/shimano-ajolasit-ce-tspk2-twinspark-ridescape-korkea-kontrasti-deep-red\/#breadcrumb","itemListElement":[{"@type":"ListItem","position":1,"name":"Etusivu","item":"https:\/\/vmsport.fi\/"},{"@type":"ListItem","position":2,"name":"Online Store","item":"https:\/\/vmsport.fi\/en\/online-store\/"},{"@type":"ListItem","position":3,"name":"SHIMANO Ajolasit CE-TSPK2 TWINSPARK Ridescape korkea kontrasti Deep red"}]},{"@type":"WebSite","@id":"https:\/\/vmsport.fi\/#website","url":"https:\/\/vmsport.fi\/","name":"Vmsport","description":"Allt p\u00e5 ett st\u00e4lle f\u00f6r cykling","publisher":{"@id":"https:\/\/vmsport.fi\/#organization"},"potentialAction":[{"@type":"SearchAction","target":{"@type":"EntryPoint","urlTemplate":"https:\/\/vmsport.fi\/?s={search_term_string}"},"query-input":{"@type":"PropertyValueSpecification","valueRequired":true,"valueName":"search_term_string"}}],"inLanguage":"sv-SE"},{"@type":"Organization","@id":"https:\/\/vmsport.fi\/#organization","name":"Vmsport","url":"https:\/\/vmsport.fi\/","logo":{"@type":"ImageObject","inLanguage":"sv-SE","@id":"https:\/\/vmsport.fi\/#\/schema\/logo\/image\/","url":"https:\/\/vmsport.fi\/wp-content\/uploads\/2024\/12\/vm_sport_RGB_horisontal-e1734526017575.png","contentUrl":"https:\/\/vmsport.fi\/wp-content\/uploads\/2024\/12\/vm_sport_RGB_horisontal-e1734526017575.png","width":668,"height":85,"caption":"Vmsport"},"image":{"@id":"https:\/\/vmsport.fi\/#\/schema\/logo\/image\/"},"sameAs":["https:\/\/www.facebook.com\/Vmsport.fi\/","https:\/\/www.instagram.com\/vmsport\/"]}]}},"global_unique_id":"","_links":{"self":[{"href":"https:\/\/vmsport.fi\/sv\/wp-json\/wp\/v2\/product\/55994","targetHints":{"allow":["GET"]}}],"collection":[{"href":"https:\/\/vmsport.fi\/sv\/wp-json\/wp\/v2\/product"}],"about":[{"href":"https:\/\/vmsport.fi\/sv\/wp-json\/wp\/v2\/types\/product"}],"replies":[{"embeddable":true,"href":"https:\/\/vmsport.fi\/sv\/wp-json\/wp\/v2\/comments?post=55994"}],"wp:featuredmedia":[{"embeddable":true,"href":"https:\/\/vmsport.fi\/sv\/wp-json\/wp\/v2\/media\/55993"}],"wp:attachment":[{"href":"https:\/\/vmsport.fi\/sv\/wp-json\/wp\/v2\/media?parent=55994"}],"wp:term":[{"taxonomy":"product_brand","embeddable":true,"href":"https:\/\/vmsport.fi\/sv\/wp-json\/wp\/v2\/product_brand?post=55994"},{"taxonomy":"product_model","embeddable":true,"href":"https:\/\/vmsport.fi\/sv\/wp-json\/wp\/v2\/product_model?post=55994"},{"taxonomy":"product_cat","embeddable":true,"href":"https:\/\/vmsport.fi\/sv\/wp-json\/wp\/v2\/product_cat?post=55994"},{"taxonomy":"product_tag","embeddable":true,"href":"https:\/\/vmsport.fi\/sv\/wp-json\/wp\/v2\/product_tag?post=55994"},{"taxonomy":"industry_terminology","embeddable":true,"href":"https:\/\/vmsport.fi\/sv\/wp-json\/wp\/v2\/industry-terminology?post=55994"}],"curies":[{"name":"wp","href":"https:\/\/api.w.org\/{rel}","templated":true}]}}