{"id":55983,"date":"2025-03-06T00:14:33","date_gmt":"2025-03-05T22:14:33","guid":{"rendered":"https:\/\/vmsport.fi\/verkkokauppa\/Ei-luokiteltu\/selle-royal-satula-avenue-relaxed\/"},"modified":"2026-04-22T15:07:33","modified_gmt":"2026-04-22T12:07:33","slug":"selle-royal-satula-avenue-relaxed","status":"publish","type":"product","link":"https:\/\/vmsport.fi\/sv\/verkkokauppa\/varaosat\/satulat-ja-satulatolpat\/satulat\/selle-royal-satula-avenue-relaxed\/","title":{"rendered":"Selle Royal Satula Avenue Relaxed"},"content":{"rendered":"<p>Selle Royal Avenue Relaxed-sadeln \u00e4r utformad f\u00f6r stadscyklister, med Royalgel\u2122-d\u00e4mpning som f\u00f6rdelar trycket j\u00e4mnt f\u00f6r att minska obehaget under l\u00e5nga cykelturer. Sadelns vattenavvisande teknik s\u00e4kerst\u00e4ller torrhet \u00e4ven under v\u00e5ta f\u00f6rh\u00e5llanden, vilket \u00f6kar h\u00e5llbarheten och komforten. Ergonomisk design med en konturerad kanal f\u00f6r kroppskonturer ger tryckavlastning till mjukdelsomr\u00e5den och extra st\u00f6d till s\u00e4tesbenen, vilket g\u00f6r cyklingen bekv\u00e4mare. Sadeln har ocks\u00e5 ett integrerat f\u00e4stsystem som g\u00f6r att du enkelt kan f\u00e4sta en m\u00e4ngd olika kompatibla Selle Royal-tillbeh\u00f6r, vilket g\u00f6r din cykelresa \u00e4nnu mer praktisk.<\/p>","protected":false},"excerpt":{"rendered":"<p>Selle Royal Avenue Relaxed -satula on suunniteltu kaupunkipy\u00f6r\u00e4ilij\u00f6ille, ja sen Royalgel\u2122-pehmuste jakaa paineen tasaisesti, mik\u00e4 v\u00e4hent\u00e4\u00e4 ep\u00e4mukavuutta pitkien py\u00f6r\u00e4matkojen aikana. Satulan vedenkest\u00e4v\u00e4 teknologia takaa kuivuuden kosteissakin olosuhteissa, lis\u00e4\u00e4m\u00e4ll\u00e4 kest\u00e4vyytt\u00e4 ja mukavuutta. Ergonominen muotoilu, jossa on kehon muotoja mukaileva kanava, tarjoaa painetta helpottavaa vaikutusta pehmytkudosalueille ja lis\u00e4tukea istuinluille, tehden py\u00f6r\u00e4ilyst\u00e4 miellytt\u00e4v\u00e4mp\u00e4\u00e4. Satulassa on my\u00f6s integroitu kiinnitysj\u00e4rjestelm\u00e4, [&#8230;]<\/p>\n<p><a class=\"btn btn-secondary understrap-read-more-link\" href=\"https:\/\/vmsport.fi\/sv\/verkkokauppa\/varaosat\/satulat-ja-satulatolpat\/satulat\/selle-royal-satula-avenue-relaxed\/\">L\u00e4s mer \u2026<span class=\"screen-reader-text\"> from Selle Royal Satula Avenue Relaxed<\/span><\/a><\/p>\n","protected":false},"featured_media":55981,"comment_status":"open","ping_status":"closed","template":"","meta":{"_acf_changed":false,"_improvement_type_select":"improve_an_existing","_thumb_yes_seoaic":false,"_frame_yes_seoaic":false,"seoaic_generate_description":"","seoaic_improve_instructions_prompt":"","seoaic_rollback_content_improvement":"","seoaic_idea_thumbnail_generator":"","thumbnail_generated":false,"thumbnail_generate_prompt":"","seoaic_article_description":"","_supplier_stock_quantity":0},"product_brand":[],"product_model":[],"product_cat":[9380],"product_tag":[],"industry-terminology":[],"class_list":{"0":"post-55983","1":"product","2":"type-product","3":"status-publish","4":"has-post-thumbnail","6":"product_cat-satulat","8":"first","9":"instock","10":"taxable","11":"shipping-taxable","12":"purchasable","13":"product-type-simple"},"acf":{"bike_features":null,"overview":{"copy_overview":null,"key_features":null,"statement":"","youtube_url":""}},"yoast_head":"<!-- This site is optimized with the Yoast SEO plugin v27.4 - https:\/\/yoast.com\/product\/yoast-seo-wordpress\/ -->\n<title>Selle Royal Satula Avenue Relaxed - VM Sport<\/title>\n<meta name=\"robots\" content=\"index, follow, max-snippet:-1, max-image-preview:large, max-video-preview:-1\" \/>\n<link rel=\"canonical\" href=\"https:\/\/vmsport.fi\/sv\/webbutik\/reservdelar\/sadlar-och-sadelstolpar\/sadlar\/selle-royal-satula-avenue-relaxed\/\" \/>\n<meta property=\"og:locale\" content=\"sv_SE\" \/>\n<meta property=\"og:type\" content=\"article\" \/>\n<meta property=\"og:title\" content=\"Selle Royal Satula Avenue Relaxed - VM Sport\" \/>\n<meta property=\"og:description\" content=\"Selle Royal Avenue Relaxed -satula on suunniteltu kaupunkipy\u00f6r\u00e4ilij\u00f6ille, ja sen Royalgel\u2122-pehmuste jakaa paineen tasaisesti, mik\u00e4 v\u00e4hent\u00e4\u00e4 ep\u00e4mukavuutta pitkien py\u00f6r\u00e4matkojen aikana. Satulan vedenkest\u00e4v\u00e4 teknologia takaa kuivuuden kosteissakin olosuhteissa, lis\u00e4\u00e4m\u00e4ll\u00e4 kest\u00e4vyytt\u00e4 ja mukavuutta. Ergonominen muotoilu, jossa on kehon muotoja mukaileva kanava, tarjoaa painetta helpottavaa vaikutusta pehmytkudosalueille ja lis\u00e4tukea istuinluille, tehden py\u00f6r\u00e4ilyst\u00e4 miellytt\u00e4v\u00e4mp\u00e4\u00e4. Satulassa on my\u00f6s integroitu kiinnitysj\u00e4rjestelm\u00e4, [...]L\u00e4s mer \u2026 from Selle Royal Satula Avenue Relaxed\" \/>\n<meta property=\"og:url\" content=\"https:\/\/vmsport.fi\/sv\/webbutik\/reservdelar\/sadlar-och-sadelstolpar\/sadlar\/selle-royal-satula-avenue-relaxed\/\" \/>\n<meta property=\"og:site_name\" content=\"VM Sport\" \/>\n<meta property=\"article:publisher\" content=\"https:\/\/www.facebook.com\/Vmsport.fi\/\" \/>\n<meta property=\"article:modified_time\" content=\"2026-04-22T12:07:33+00:00\" \/>\n<meta property=\"og:image\" content=\"https:\/\/vmsport.fi\/wp-content\/uploads\/2025\/03\/8493DG0A08096-01-jpg-thumb-572-572-1.png\" \/>\n\t<meta property=\"og:image:width\" content=\"572\" \/>\n\t<meta property=\"og:image:height\" content=\"572\" \/>\n\t<meta property=\"og:image:type\" content=\"image\/png\" \/>\n<meta name=\"twitter:card\" content=\"summary_large_image\" \/>\n<script type=\"application\/ld+json\" class=\"yoast-schema-graph\">{\"@context\":\"https:\\\/\\\/schema.org\",\"@graph\":[{\"@type\":[\"WebPage\",\"ItemPage\"],\"@id\":\"https:\\\/\\\/vmsport.fi\\\/verkkokauppa\\\/varaosat\\\/satulat-ja-satulatolpat\\\/satulat\\\/selle-royal-satula-avenue-relaxed\\\/\",\"url\":\"https:\\\/\\\/vmsport.fi\\\/verkkokauppa\\\/varaosat\\\/satulat-ja-satulatolpat\\\/satulat\\\/selle-royal-satula-avenue-relaxed\\\/\",\"name\":\"Selle Royal Satula Avenue Relaxed - VM Sport\",\"isPartOf\":{\"@id\":\"https:\\\/\\\/vmsport.fi\\\/#website\"},\"primaryImageOfPage\":{\"@id\":\"https:\\\/\\\/vmsport.fi\\\/verkkokauppa\\\/varaosat\\\/satulat-ja-satulatolpat\\\/satulat\\\/selle-royal-satula-avenue-relaxed\\\/#primaryimage\"},\"image\":{\"@id\":\"https:\\\/\\\/vmsport.fi\\\/verkkokauppa\\\/varaosat\\\/satulat-ja-satulatolpat\\\/satulat\\\/selle-royal-satula-avenue-relaxed\\\/#primaryimage\"},\"thumbnailUrl\":\"https:\\\/\\\/vmsport.fi\\\/wp-content\\\/uploads\\\/2025\\\/03\\\/8493DG0A08096-01-jpg-thumb-572-572-1.png\",\"datePublished\":\"2025-03-05T22:14:33+00:00\",\"dateModified\":\"2026-04-22T12:07:33+00:00\",\"breadcrumb\":{\"@id\":\"https:\\\/\\\/vmsport.fi\\\/verkkokauppa\\\/varaosat\\\/satulat-ja-satulatolpat\\\/satulat\\\/selle-royal-satula-avenue-relaxed\\\/#breadcrumb\"},\"inLanguage\":\"sv-SE\",\"potentialAction\":[{\"@type\":\"ReadAction\",\"target\":[\"https:\\\/\\\/vmsport.fi\\\/verkkokauppa\\\/varaosat\\\/satulat-ja-satulatolpat\\\/satulat\\\/selle-royal-satula-avenue-relaxed\\\/\"]}]},{\"@type\":\"ImageObject\",\"inLanguage\":\"sv-SE\",\"@id\":\"https:\\\/\\\/vmsport.fi\\\/verkkokauppa\\\/varaosat\\\/satulat-ja-satulatolpat\\\/satulat\\\/selle-royal-satula-avenue-relaxed\\\/#primaryimage\",\"url\":\"https:\\\/\\\/vmsport.fi\\\/wp-content\\\/uploads\\\/2025\\\/03\\\/8493DG0A08096-01-jpg-thumb-572-572-1.png\",\"contentUrl\":\"https:\\\/\\\/vmsport.fi\\\/wp-content\\\/uploads\\\/2025\\\/03\\\/8493DG0A08096-01-jpg-thumb-572-572-1.png\",\"width\":572,\"height\":572,\"caption\":\"8493DG0A08096-01-jpg-thumb-572-572\"},{\"@type\":\"BreadcrumbList\",\"@id\":\"https:\\\/\\\/vmsport.fi\\\/verkkokauppa\\\/varaosat\\\/satulat-ja-satulatolpat\\\/satulat\\\/selle-royal-satula-avenue-relaxed\\\/#breadcrumb\",\"itemListElement\":[{\"@type\":\"ListItem\",\"position\":1,\"name\":\"Etusivu\",\"item\":\"https:\\\/\\\/vmsport.fi\\\/\"},{\"@type\":\"ListItem\",\"position\":2,\"name\":\"Online Store\",\"item\":\"https:\\\/\\\/vmsport.fi\\\/en\\\/online-store\\\/\"},{\"@type\":\"ListItem\",\"position\":3,\"name\":\"Selle Royal Satula Avenue Relaxed\"}]},{\"@type\":\"WebSite\",\"@id\":\"https:\\\/\\\/vmsport.fi\\\/#website\",\"url\":\"https:\\\/\\\/vmsport.fi\\\/\",\"name\":\"Vmsport\",\"description\":\"Kaikki py\u00f6r\u00e4ilyyn yhdest\u00e4 paikasta\",\"publisher\":{\"@id\":\"https:\\\/\\\/vmsport.fi\\\/#organization\"},\"potentialAction\":[{\"@type\":\"SearchAction\",\"target\":{\"@type\":\"EntryPoint\",\"urlTemplate\":\"https:\\\/\\\/vmsport.fi\\\/?s={search_term_string}\"},\"query-input\":{\"@type\":\"PropertyValueSpecification\",\"valueRequired\":true,\"valueName\":\"search_term_string\"}}],\"inLanguage\":\"sv-SE\"},{\"@type\":\"Organization\",\"@id\":\"https:\\\/\\\/vmsport.fi\\\/#organization\",\"name\":\"Vmsport\",\"url\":\"https:\\\/\\\/vmsport.fi\\\/\",\"logo\":{\"@type\":\"ImageObject\",\"inLanguage\":\"sv-SE\",\"@id\":\"https:\\\/\\\/vmsport.fi\\\/#\\\/schema\\\/logo\\\/image\\\/\",\"url\":\"https:\\\/\\\/vmsport.fi\\\/wp-content\\\/uploads\\\/2024\\\/12\\\/vm_sport_RGB_horisontal-e1734526017575.png\",\"contentUrl\":\"https:\\\/\\\/vmsport.fi\\\/wp-content\\\/uploads\\\/2024\\\/12\\\/vm_sport_RGB_horisontal-e1734526017575.png\",\"width\":668,\"height\":85,\"caption\":\"Vmsport\"},\"image\":{\"@id\":\"https:\\\/\\\/vmsport.fi\\\/#\\\/schema\\\/logo\\\/image\\\/\"},\"sameAs\":[\"https:\\\/\\\/www.facebook.com\\\/Vmsport.fi\\\/\",\"https:\\\/\\\/www.instagram.com\\\/vmsport\\\/\"]}]}<\/script>\n<!-- \/ Yoast SEO plugin. -->","yoast_head_json":{"title":"Selle Royal Satula Avenue Relaxed - VM Sport","robots":{"index":"index","follow":"follow","max-snippet":"max-snippet:-1","max-image-preview":"max-image-preview:large","max-video-preview":"max-video-preview:-1"},"canonical":"https:\/\/vmsport.fi\/sv\/webbutik\/reservdelar\/sadlar-och-sadelstolpar\/sadlar\/selle-royal-satula-avenue-relaxed\/","og_locale":"sv_SE","og_type":"article","og_title":"Selle Royal Satula Avenue Relaxed - VM Sport","og_description":"Selle Royal Avenue Relaxed -satula on suunniteltu kaupunkipy\u00f6r\u00e4ilij\u00f6ille, ja sen Royalgel\u2122-pehmuste jakaa paineen tasaisesti, mik\u00e4 v\u00e4hent\u00e4\u00e4 ep\u00e4mukavuutta pitkien py\u00f6r\u00e4matkojen aikana. Satulan vedenkest\u00e4v\u00e4 teknologia takaa kuivuuden kosteissakin olosuhteissa, lis\u00e4\u00e4m\u00e4ll\u00e4 kest\u00e4vyytt\u00e4 ja mukavuutta. Ergonominen muotoilu, jossa on kehon muotoja mukaileva kanava, tarjoaa painetta helpottavaa vaikutusta pehmytkudosalueille ja lis\u00e4tukea istuinluille, tehden py\u00f6r\u00e4ilyst\u00e4 miellytt\u00e4v\u00e4mp\u00e4\u00e4. Satulassa on my\u00f6s integroitu kiinnitysj\u00e4rjestelm\u00e4, [...]L\u00e4s mer \u2026 from Selle Royal Satula Avenue Relaxed","og_url":"https:\/\/vmsport.fi\/sv\/webbutik\/reservdelar\/sadlar-och-sadelstolpar\/sadlar\/selle-royal-satula-avenue-relaxed\/","og_site_name":"VM Sport","article_publisher":"https:\/\/www.facebook.com\/Vmsport.fi\/","article_modified_time":"2026-04-22T12:07:33+00:00","og_image":[{"width":572,"height":572,"url":"https:\/\/vmsport.fi\/wp-content\/uploads\/2025\/03\/8493DG0A08096-01-jpg-thumb-572-572-1.png","type":"image\/png"}],"twitter_card":"summary_large_image","schema":{"@context":"https:\/\/schema.org","@graph":[{"@type":["WebPage","ItemPage"],"@id":"https:\/\/vmsport.fi\/verkkokauppa\/varaosat\/satulat-ja-satulatolpat\/satulat\/selle-royal-satula-avenue-relaxed\/","url":"https:\/\/vmsport.fi\/verkkokauppa\/varaosat\/satulat-ja-satulatolpat\/satulat\/selle-royal-satula-avenue-relaxed\/","name":"Selle Royal Satula Avenue Relaxed - VM Sport","isPartOf":{"@id":"https:\/\/vmsport.fi\/#website"},"primaryImageOfPage":{"@id":"https:\/\/vmsport.fi\/verkkokauppa\/varaosat\/satulat-ja-satulatolpat\/satulat\/selle-royal-satula-avenue-relaxed\/#primaryimage"},"image":{"@id":"https:\/\/vmsport.fi\/verkkokauppa\/varaosat\/satulat-ja-satulatolpat\/satulat\/selle-royal-satula-avenue-relaxed\/#primaryimage"},"thumbnailUrl":"https:\/\/vmsport.fi\/wp-content\/uploads\/2025\/03\/8493DG0A08096-01-jpg-thumb-572-572-1.png","datePublished":"2025-03-05T22:14:33+00:00","dateModified":"2026-04-22T12:07:33+00:00","breadcrumb":{"@id":"https:\/\/vmsport.fi\/verkkokauppa\/varaosat\/satulat-ja-satulatolpat\/satulat\/selle-royal-satula-avenue-relaxed\/#breadcrumb"},"inLanguage":"sv-SE","potentialAction":[{"@type":"ReadAction","target":["https:\/\/vmsport.fi\/verkkokauppa\/varaosat\/satulat-ja-satulatolpat\/satulat\/selle-royal-satula-avenue-relaxed\/"]}]},{"@type":"ImageObject","inLanguage":"sv-SE","@id":"https:\/\/vmsport.fi\/verkkokauppa\/varaosat\/satulat-ja-satulatolpat\/satulat\/selle-royal-satula-avenue-relaxed\/#primaryimage","url":"https:\/\/vmsport.fi\/wp-content\/uploads\/2025\/03\/8493DG0A08096-01-jpg-thumb-572-572-1.png","contentUrl":"https:\/\/vmsport.fi\/wp-content\/uploads\/2025\/03\/8493DG0A08096-01-jpg-thumb-572-572-1.png","width":572,"height":572,"caption":"8493DG0A08096-01-jpg-thumb-572-572"},{"@type":"BreadcrumbList","@id":"https:\/\/vmsport.fi\/verkkokauppa\/varaosat\/satulat-ja-satulatolpat\/satulat\/selle-royal-satula-avenue-relaxed\/#breadcrumb","itemListElement":[{"@type":"ListItem","position":1,"name":"Etusivu","item":"https:\/\/vmsport.fi\/"},{"@type":"ListItem","position":2,"name":"Online Store","item":"https:\/\/vmsport.fi\/en\/online-store\/"},{"@type":"ListItem","position":3,"name":"Selle Royal Satula Avenue Relaxed"}]},{"@type":"WebSite","@id":"https:\/\/vmsport.fi\/#website","url":"https:\/\/vmsport.fi\/","name":"Vmsport","description":"Allt p\u00e5 ett st\u00e4lle f\u00f6r cykling","publisher":{"@id":"https:\/\/vmsport.fi\/#organization"},"potentialAction":[{"@type":"SearchAction","target":{"@type":"EntryPoint","urlTemplate":"https:\/\/vmsport.fi\/?s={search_term_string}"},"query-input":{"@type":"PropertyValueSpecification","valueRequired":true,"valueName":"search_term_string"}}],"inLanguage":"sv-SE"},{"@type":"Organization","@id":"https:\/\/vmsport.fi\/#organization","name":"Vmsport","url":"https:\/\/vmsport.fi\/","logo":{"@type":"ImageObject","inLanguage":"sv-SE","@id":"https:\/\/vmsport.fi\/#\/schema\/logo\/image\/","url":"https:\/\/vmsport.fi\/wp-content\/uploads\/2024\/12\/vm_sport_RGB_horisontal-e1734526017575.png","contentUrl":"https:\/\/vmsport.fi\/wp-content\/uploads\/2024\/12\/vm_sport_RGB_horisontal-e1734526017575.png","width":668,"height":85,"caption":"Vmsport"},"image":{"@id":"https:\/\/vmsport.fi\/#\/schema\/logo\/image\/"},"sameAs":["https:\/\/www.facebook.com\/Vmsport.fi\/","https:\/\/www.instagram.com\/vmsport\/"]}]}},"global_unique_id":"","_links":{"self":[{"href":"https:\/\/vmsport.fi\/sv\/wp-json\/wp\/v2\/product\/55983","targetHints":{"allow":["GET"]}}],"collection":[{"href":"https:\/\/vmsport.fi\/sv\/wp-json\/wp\/v2\/product"}],"about":[{"href":"https:\/\/vmsport.fi\/sv\/wp-json\/wp\/v2\/types\/product"}],"replies":[{"embeddable":true,"href":"https:\/\/vmsport.fi\/sv\/wp-json\/wp\/v2\/comments?post=55983"}],"wp:featuredmedia":[{"embeddable":true,"href":"https:\/\/vmsport.fi\/sv\/wp-json\/wp\/v2\/media\/55981"}],"wp:attachment":[{"href":"https:\/\/vmsport.fi\/sv\/wp-json\/wp\/v2\/media?parent=55983"}],"wp:term":[{"taxonomy":"product_brand","embeddable":true,"href":"https:\/\/vmsport.fi\/sv\/wp-json\/wp\/v2\/product_brand?post=55983"},{"taxonomy":"product_model","embeddable":true,"href":"https:\/\/vmsport.fi\/sv\/wp-json\/wp\/v2\/product_model?post=55983"},{"taxonomy":"product_cat","embeddable":true,"href":"https:\/\/vmsport.fi\/sv\/wp-json\/wp\/v2\/product_cat?post=55983"},{"taxonomy":"product_tag","embeddable":true,"href":"https:\/\/vmsport.fi\/sv\/wp-json\/wp\/v2\/product_tag?post=55983"},{"taxonomy":"industry_terminology","embeddable":true,"href":"https:\/\/vmsport.fi\/sv\/wp-json\/wp\/v2\/industry-terminology?post=55983"}],"curies":[{"name":"wp","href":"https:\/\/api.w.org\/{rel}","templated":true}]}}