{"id":55978,"date":"2025-03-06T00:14:31","date_gmt":"2025-03-05T22:14:31","guid":{"rendered":"https:\/\/vmsport.fi\/verkkokauppa\/Ei-luokiteltu\/eturatas-34t-fc-2350-claris-110mm-musta-8v\/"},"modified":"2026-01-16T13:20:54","modified_gmt":"2026-01-16T11:20:54","slug":"framhjul-34t-fc-2350-claris-110mm-svart-8v","status":"publish","type":"product","link":"https:\/\/vmsport.fi\/sv\/verkkokauppa\/varaosat\/voimansiirto\/eturattaat\/eturatas-34t-fc-2350-claris-110mm-musta-8v\/","title":{"rendered":"Framhjul 34T FC-2350 Claris 110mm, svart, 8v"},"content":{"rendered":"<p>Shimano FC-2350 Claris fr\u00e4mre kedjehjul, med en 110 mm bultring och svart f\u00e4rg, \u00e4r speciellt utformat f\u00f6r 8-v\u00e4xlade cykelsystem f\u00f6r att s\u00e4kerst\u00e4lla smidig och effektiv kraft\u00f6verf\u00f6ring. Dess 34-tandade design f\u00f6rb\u00e4ttrar cykelns prestanda och m\u00f6jligg\u00f6r enkel v\u00e4xling \u00e4ven under utmanande f\u00f6rh\u00e5llanden. Det robusta och h\u00e5llbara materialet s\u00e4kerst\u00e4ller framhjulets livsl\u00e4ngd, s\u00e5 att du kan lita p\u00e5 dess prestanda mil efter mil. Framhjulets bultring passar s\u00f6ml\u00f6st p\u00e5 de flesta vevpartier f\u00f6r landsv\u00e4gscyklar. Den svarta f\u00e4rgen ger din cykel en elegant look.<\/p>","protected":false},"excerpt":{"rendered":"<p>Shimano FC-2350 Claris eturatas, jonka pulttikeh\u00e4 on 110 mm ja v\u00e4ri musta, on erityisesti suunniteltu 8-vaihteisiin polkupy\u00f6r\u00e4j\u00e4rjestelmiin takaamaan sujuvan ja tehokkaan voimansiirron. Sen 34-hampainen muotoilu parantaa polkupy\u00f6r\u00e4n suorituskyky\u00e4 ja mahdollistaa vaivattoman vaihdon haastavissakin olosuhteissa. Vankka ja kest\u00e4v\u00e4 materiaali varmistaa eturattaan pitk\u00e4ik\u00e4isyyden, joten voit luottaa sen toimintaan kilometri toisensa j\u00e4lkeen. Eturattaan pulttikeh\u00e4 sopii saumattomasti useimpiin maantiepy\u00f6rien [&#8230;]<\/p>\n<p><a class=\"btn btn-secondary understrap-read-more-link\" href=\"https:\/\/vmsport.fi\/sv\/verkkokauppa\/varaosat\/voimansiirto\/eturattaat\/eturatas-34t-fc-2350-claris-110mm-musta-8v\/\">L\u00e4s mer \u2026<span class=\"screen-reader-text\"> from Eturatas 34T FC-2350 Claris 110mm, musta, 8v<\/span><\/a><\/p>\n","protected":false},"featured_media":55977,"comment_status":"open","ping_status":"closed","template":"","meta":{"_acf_changed":false,"_improvement_type_select":"improve_an_existing","_thumb_yes_seoaic":false,"_frame_yes_seoaic":false,"seoaic_generate_description":"","seoaic_improve_instructions_prompt":"","seoaic_rollback_content_improvement":"","seoaic_idea_thumbnail_generator":"","thumbnail_generated":false,"thumbnail_generate_prompt":"","seoaic_article_description":"","_supplier_stock_quantity":0},"product_brand":[],"product_model":[],"product_cat":[9252],"product_tag":[],"industry-terminology":[],"class_list":{"0":"post-55978","1":"product","2":"type-product","3":"status-publish","4":"has-post-thumbnail","6":"product_cat-eturattaat","8":"first","9":"outofstock","10":"taxable","11":"shipping-taxable","12":"product-type-simple"},"acf":{"bike_features":null,"overview":{"copy_overview":null,"key_features":null,"statement":"","youtube_url":""}},"yoast_head":"<!-- This site is optimized with the Yoast SEO plugin v27.4 - https:\/\/yoast.com\/product\/yoast-seo-wordpress\/ -->\n<title>Eturatas 34T FC-2350 Claris 110mm, musta, 8v - VM Sport<\/title>\n<meta name=\"robots\" content=\"index, follow, max-snippet:-1, max-image-preview:large, max-video-preview:-1\" \/>\n<link rel=\"canonical\" href=\"https:\/\/vmsport.fi\/sv\/webbutik\/reservdelar\/transmission\/framhjulsdrift\/framhjul-34t-fc-2350-claris-110mm-svart-8v\/\" \/>\n<meta property=\"og:locale\" content=\"sv_SE\" \/>\n<meta property=\"og:type\" content=\"article\" \/>\n<meta property=\"og:title\" content=\"Eturatas 34T FC-2350 Claris 110mm, musta, 8v - VM Sport\" \/>\n<meta property=\"og:description\" content=\"Shimano FC-2350 Claris eturatas, jonka pulttikeh\u00e4 on 110 mm ja v\u00e4ri musta, on erityisesti suunniteltu 8-vaihteisiin polkupy\u00f6r\u00e4j\u00e4rjestelmiin takaamaan sujuvan ja tehokkaan voimansiirron. Sen 34-hampainen muotoilu parantaa polkupy\u00f6r\u00e4n suorituskyky\u00e4 ja mahdollistaa vaivattoman vaihdon haastavissakin olosuhteissa. Vankka ja kest\u00e4v\u00e4 materiaali varmistaa eturattaan pitk\u00e4ik\u00e4isyyden, joten voit luottaa sen toimintaan kilometri toisensa j\u00e4lkeen. Eturattaan pulttikeh\u00e4 sopii saumattomasti useimpiin maantiepy\u00f6rien [...]L\u00e4s mer \u2026 from Eturatas 34T FC-2350 Claris 110mm, musta, 8v\" \/>\n<meta property=\"og:url\" content=\"https:\/\/vmsport.fi\/sv\/webbutik\/reservdelar\/transmission\/framhjulsdrift\/framhjul-34t-fc-2350-claris-110mm-svart-8v\/\" \/>\n<meta property=\"og:site_name\" content=\"VM Sport\" \/>\n<meta property=\"article:publisher\" content=\"https:\/\/www.facebook.com\/Vmsport.fi\/\" \/>\n<meta property=\"article:modified_time\" content=\"2026-01-16T11:20:54+00:00\" \/>\n<meta property=\"og:image\" content=\"https:\/\/vmsport.fi\/wp-content\/uploads\/2025\/03\/pCVznm5ddzJyUoQcxp7GkuSbLby9he24GonYhBrwD1rKDK4Q8s-1.jpg\" \/>\n\t<meta property=\"og:image:width\" content=\"600\" \/>\n\t<meta property=\"og:image:height\" content=\"600\" \/>\n\t<meta property=\"og:image:type\" content=\"image\/jpeg\" \/>\n<meta name=\"twitter:card\" content=\"summary_large_image\" \/>\n<script type=\"application\/ld+json\" class=\"yoast-schema-graph\">{\"@context\":\"https:\\\/\\\/schema.org\",\"@graph\":[{\"@type\":[\"WebPage\",\"ItemPage\"],\"@id\":\"https:\\\/\\\/vmsport.fi\\\/verkkokauppa\\\/varaosat\\\/voimansiirto\\\/eturattaat\\\/eturatas-34t-fc-2350-claris-110mm-musta-8v\\\/\",\"url\":\"https:\\\/\\\/vmsport.fi\\\/verkkokauppa\\\/varaosat\\\/voimansiirto\\\/eturattaat\\\/eturatas-34t-fc-2350-claris-110mm-musta-8v\\\/\",\"name\":\"Eturatas 34T FC-2350 Claris 110mm, musta, 8v - VM Sport\",\"isPartOf\":{\"@id\":\"https:\\\/\\\/vmsport.fi\\\/#website\"},\"primaryImageOfPage\":{\"@id\":\"https:\\\/\\\/vmsport.fi\\\/verkkokauppa\\\/varaosat\\\/voimansiirto\\\/eturattaat\\\/eturatas-34t-fc-2350-claris-110mm-musta-8v\\\/#primaryimage\"},\"image\":{\"@id\":\"https:\\\/\\\/vmsport.fi\\\/verkkokauppa\\\/varaosat\\\/voimansiirto\\\/eturattaat\\\/eturatas-34t-fc-2350-claris-110mm-musta-8v\\\/#primaryimage\"},\"thumbnailUrl\":\"https:\\\/\\\/vmsport.fi\\\/wp-content\\\/uploads\\\/2025\\\/03\\\/pCVznm5ddzJyUoQcxp7GkuSbLby9he24GonYhBrwD1rKDK4Q8s-1.jpg\",\"datePublished\":\"2025-03-05T22:14:31+00:00\",\"dateModified\":\"2026-01-16T11:20:54+00:00\",\"breadcrumb\":{\"@id\":\"https:\\\/\\\/vmsport.fi\\\/verkkokauppa\\\/varaosat\\\/voimansiirto\\\/eturattaat\\\/eturatas-34t-fc-2350-claris-110mm-musta-8v\\\/#breadcrumb\"},\"inLanguage\":\"sv-SE\",\"potentialAction\":[{\"@type\":\"ReadAction\",\"target\":[\"https:\\\/\\\/vmsport.fi\\\/verkkokauppa\\\/varaosat\\\/voimansiirto\\\/eturattaat\\\/eturatas-34t-fc-2350-claris-110mm-musta-8v\\\/\"]}]},{\"@type\":\"ImageObject\",\"inLanguage\":\"sv-SE\",\"@id\":\"https:\\\/\\\/vmsport.fi\\\/verkkokauppa\\\/varaosat\\\/voimansiirto\\\/eturattaat\\\/eturatas-34t-fc-2350-claris-110mm-musta-8v\\\/#primaryimage\",\"url\":\"https:\\\/\\\/vmsport.fi\\\/wp-content\\\/uploads\\\/2025\\\/03\\\/pCVznm5ddzJyUoQcxp7GkuSbLby9he24GonYhBrwD1rKDK4Q8s-1.jpg\",\"contentUrl\":\"https:\\\/\\\/vmsport.fi\\\/wp-content\\\/uploads\\\/2025\\\/03\\\/pCVznm5ddzJyUoQcxp7GkuSbLby9he24GonYhBrwD1rKDK4Q8s-1.jpg\",\"width\":600,\"height\":600,\"caption\":\"pCVznm5ddzJyUoQcxp7GkuSbLby9he24GonYhBrwD1rKDK4Q8s\"},{\"@type\":\"BreadcrumbList\",\"@id\":\"https:\\\/\\\/vmsport.fi\\\/verkkokauppa\\\/varaosat\\\/voimansiirto\\\/eturattaat\\\/eturatas-34t-fc-2350-claris-110mm-musta-8v\\\/#breadcrumb\",\"itemListElement\":[{\"@type\":\"ListItem\",\"position\":1,\"name\":\"Etusivu\",\"item\":\"https:\\\/\\\/vmsport.fi\\\/\"},{\"@type\":\"ListItem\",\"position\":2,\"name\":\"Online Store\",\"item\":\"https:\\\/\\\/vmsport.fi\\\/en\\\/online-store\\\/\"},{\"@type\":\"ListItem\",\"position\":3,\"name\":\"Eturatas 34T FC-2350 Claris 110mm, musta, 8v\"}]},{\"@type\":\"WebSite\",\"@id\":\"https:\\\/\\\/vmsport.fi\\\/#website\",\"url\":\"https:\\\/\\\/vmsport.fi\\\/\",\"name\":\"Vmsport\",\"description\":\"Kaikki py\u00f6r\u00e4ilyyn yhdest\u00e4 paikasta\",\"publisher\":{\"@id\":\"https:\\\/\\\/vmsport.fi\\\/#organization\"},\"potentialAction\":[{\"@type\":\"SearchAction\",\"target\":{\"@type\":\"EntryPoint\",\"urlTemplate\":\"https:\\\/\\\/vmsport.fi\\\/?s={search_term_string}\"},\"query-input\":{\"@type\":\"PropertyValueSpecification\",\"valueRequired\":true,\"valueName\":\"search_term_string\"}}],\"inLanguage\":\"sv-SE\"},{\"@type\":\"Organization\",\"@id\":\"https:\\\/\\\/vmsport.fi\\\/#organization\",\"name\":\"Vmsport\",\"url\":\"https:\\\/\\\/vmsport.fi\\\/\",\"logo\":{\"@type\":\"ImageObject\",\"inLanguage\":\"sv-SE\",\"@id\":\"https:\\\/\\\/vmsport.fi\\\/#\\\/schema\\\/logo\\\/image\\\/\",\"url\":\"https:\\\/\\\/vmsport.fi\\\/wp-content\\\/uploads\\\/2024\\\/12\\\/vm_sport_RGB_horisontal-e1734526017575.png\",\"contentUrl\":\"https:\\\/\\\/vmsport.fi\\\/wp-content\\\/uploads\\\/2024\\\/12\\\/vm_sport_RGB_horisontal-e1734526017575.png\",\"width\":668,\"height\":85,\"caption\":\"Vmsport\"},\"image\":{\"@id\":\"https:\\\/\\\/vmsport.fi\\\/#\\\/schema\\\/logo\\\/image\\\/\"},\"sameAs\":[\"https:\\\/\\\/www.facebook.com\\\/Vmsport.fi\\\/\",\"https:\\\/\\\/www.instagram.com\\\/vmsport\\\/\"]}]}<\/script>\n<!-- \/ Yoast SEO plugin. -->","yoast_head_json":{"title":"Framhjul 34T FC-2350 Claris 110mm, svart, 8v - VM Sport","robots":{"index":"index","follow":"follow","max-snippet":"max-snippet:-1","max-image-preview":"max-image-preview:large","max-video-preview":"max-video-preview:-1"},"canonical":"https:\/\/vmsport.fi\/sv\/webbutik\/reservdelar\/transmission\/framhjulsdrift\/framhjul-34t-fc-2350-claris-110mm-svart-8v\/","og_locale":"sv_SE","og_type":"article","og_title":"Eturatas 34T FC-2350 Claris 110mm, musta, 8v - VM Sport","og_description":"Shimano FC-2350 Claris eturatas, jonka pulttikeh\u00e4 on 110 mm ja v\u00e4ri musta, on erityisesti suunniteltu 8-vaihteisiin polkupy\u00f6r\u00e4j\u00e4rjestelmiin takaamaan sujuvan ja tehokkaan voimansiirron. Sen 34-hampainen muotoilu parantaa polkupy\u00f6r\u00e4n suorituskyky\u00e4 ja mahdollistaa vaivattoman vaihdon haastavissakin olosuhteissa. Vankka ja kest\u00e4v\u00e4 materiaali varmistaa eturattaan pitk\u00e4ik\u00e4isyyden, joten voit luottaa sen toimintaan kilometri toisensa j\u00e4lkeen. Eturattaan pulttikeh\u00e4 sopii saumattomasti useimpiin maantiepy\u00f6rien [...]L\u00e4s mer \u2026 from Eturatas 34T FC-2350 Claris 110mm, musta, 8v","og_url":"https:\/\/vmsport.fi\/sv\/webbutik\/reservdelar\/transmission\/framhjulsdrift\/framhjul-34t-fc-2350-claris-110mm-svart-8v\/","og_site_name":"VM Sport","article_publisher":"https:\/\/www.facebook.com\/Vmsport.fi\/","article_modified_time":"2026-01-16T11:20:54+00:00","og_image":[{"width":600,"height":600,"url":"https:\/\/vmsport.fi\/wp-content\/uploads\/2025\/03\/pCVznm5ddzJyUoQcxp7GkuSbLby9he24GonYhBrwD1rKDK4Q8s-1.jpg","type":"image\/jpeg"}],"twitter_card":"summary_large_image","schema":{"@context":"https:\/\/schema.org","@graph":[{"@type":["WebPage","ItemPage"],"@id":"https:\/\/vmsport.fi\/verkkokauppa\/varaosat\/voimansiirto\/eturattaat\/eturatas-34t-fc-2350-claris-110mm-musta-8v\/","url":"https:\/\/vmsport.fi\/verkkokauppa\/varaosat\/voimansiirto\/eturattaat\/eturatas-34t-fc-2350-claris-110mm-musta-8v\/","name":"Framhjul 34T FC-2350 Claris 110mm, svart, 8v - VM Sport","isPartOf":{"@id":"https:\/\/vmsport.fi\/#website"},"primaryImageOfPage":{"@id":"https:\/\/vmsport.fi\/verkkokauppa\/varaosat\/voimansiirto\/eturattaat\/eturatas-34t-fc-2350-claris-110mm-musta-8v\/#primaryimage"},"image":{"@id":"https:\/\/vmsport.fi\/verkkokauppa\/varaosat\/voimansiirto\/eturattaat\/eturatas-34t-fc-2350-claris-110mm-musta-8v\/#primaryimage"},"thumbnailUrl":"https:\/\/vmsport.fi\/wp-content\/uploads\/2025\/03\/pCVznm5ddzJyUoQcxp7GkuSbLby9he24GonYhBrwD1rKDK4Q8s-1.jpg","datePublished":"2025-03-05T22:14:31+00:00","dateModified":"2026-01-16T11:20:54+00:00","breadcrumb":{"@id":"https:\/\/vmsport.fi\/verkkokauppa\/varaosat\/voimansiirto\/eturattaat\/eturatas-34t-fc-2350-claris-110mm-musta-8v\/#breadcrumb"},"inLanguage":"sv-SE","potentialAction":[{"@type":"ReadAction","target":["https:\/\/vmsport.fi\/verkkokauppa\/varaosat\/voimansiirto\/eturattaat\/eturatas-34t-fc-2350-claris-110mm-musta-8v\/"]}]},{"@type":"ImageObject","inLanguage":"sv-SE","@id":"https:\/\/vmsport.fi\/verkkokauppa\/varaosat\/voimansiirto\/eturattaat\/eturatas-34t-fc-2350-claris-110mm-musta-8v\/#primaryimage","url":"https:\/\/vmsport.fi\/wp-content\/uploads\/2025\/03\/pCVznm5ddzJyUoQcxp7GkuSbLby9he24GonYhBrwD1rKDK4Q8s-1.jpg","contentUrl":"https:\/\/vmsport.fi\/wp-content\/uploads\/2025\/03\/pCVznm5ddzJyUoQcxp7GkuSbLby9he24GonYhBrwD1rKDK4Q8s-1.jpg","width":600,"height":600,"caption":"pCVznm5ddzJyUoQcxp7GkuSbLby9he24GonYhBrwD1rKDK4Q8s"},{"@type":"BreadcrumbList","@id":"https:\/\/vmsport.fi\/verkkokauppa\/varaosat\/voimansiirto\/eturattaat\/eturatas-34t-fc-2350-claris-110mm-musta-8v\/#breadcrumb","itemListElement":[{"@type":"ListItem","position":1,"name":"Etusivu","item":"https:\/\/vmsport.fi\/"},{"@type":"ListItem","position":2,"name":"Online Store","item":"https:\/\/vmsport.fi\/en\/online-store\/"},{"@type":"ListItem","position":3,"name":"Eturatas 34T FC-2350 Claris 110mm, musta, 8v"}]},{"@type":"WebSite","@id":"https:\/\/vmsport.fi\/#website","url":"https:\/\/vmsport.fi\/","name":"Vmsport","description":"Allt p\u00e5 ett st\u00e4lle f\u00f6r cykling","publisher":{"@id":"https:\/\/vmsport.fi\/#organization"},"potentialAction":[{"@type":"SearchAction","target":{"@type":"EntryPoint","urlTemplate":"https:\/\/vmsport.fi\/?s={search_term_string}"},"query-input":{"@type":"PropertyValueSpecification","valueRequired":true,"valueName":"search_term_string"}}],"inLanguage":"sv-SE"},{"@type":"Organization","@id":"https:\/\/vmsport.fi\/#organization","name":"Vmsport","url":"https:\/\/vmsport.fi\/","logo":{"@type":"ImageObject","inLanguage":"sv-SE","@id":"https:\/\/vmsport.fi\/#\/schema\/logo\/image\/","url":"https:\/\/vmsport.fi\/wp-content\/uploads\/2024\/12\/vm_sport_RGB_horisontal-e1734526017575.png","contentUrl":"https:\/\/vmsport.fi\/wp-content\/uploads\/2024\/12\/vm_sport_RGB_horisontal-e1734526017575.png","width":668,"height":85,"caption":"Vmsport"},"image":{"@id":"https:\/\/vmsport.fi\/#\/schema\/logo\/image\/"},"sameAs":["https:\/\/www.facebook.com\/Vmsport.fi\/","https:\/\/www.instagram.com\/vmsport\/"]}]}},"global_unique_id":"","_links":{"self":[{"href":"https:\/\/vmsport.fi\/sv\/wp-json\/wp\/v2\/product\/55978","targetHints":{"allow":["GET"]}}],"collection":[{"href":"https:\/\/vmsport.fi\/sv\/wp-json\/wp\/v2\/product"}],"about":[{"href":"https:\/\/vmsport.fi\/sv\/wp-json\/wp\/v2\/types\/product"}],"replies":[{"embeddable":true,"href":"https:\/\/vmsport.fi\/sv\/wp-json\/wp\/v2\/comments?post=55978"}],"wp:featuredmedia":[{"embeddable":true,"href":"https:\/\/vmsport.fi\/sv\/wp-json\/wp\/v2\/media\/55977"}],"wp:attachment":[{"href":"https:\/\/vmsport.fi\/sv\/wp-json\/wp\/v2\/media?parent=55978"}],"wp:term":[{"taxonomy":"product_brand","embeddable":true,"href":"https:\/\/vmsport.fi\/sv\/wp-json\/wp\/v2\/product_brand?post=55978"},{"taxonomy":"product_model","embeddable":true,"href":"https:\/\/vmsport.fi\/sv\/wp-json\/wp\/v2\/product_model?post=55978"},{"taxonomy":"product_cat","embeddable":true,"href":"https:\/\/vmsport.fi\/sv\/wp-json\/wp\/v2\/product_cat?post=55978"},{"taxonomy":"product_tag","embeddable":true,"href":"https:\/\/vmsport.fi\/sv\/wp-json\/wp\/v2\/product_tag?post=55978"},{"taxonomy":"industry_terminology","embeddable":true,"href":"https:\/\/vmsport.fi\/sv\/wp-json\/wp\/v2\/industry-terminology?post=55978"}],"curies":[{"name":"wp","href":"https:\/\/api.w.org\/{rel}","templated":true}]}}