{"id":55976,"date":"2025-03-06T00:14:30","date_gmt":"2025-03-05T22:14:30","guid":{"rendered":"https:\/\/vmsport.fi\/verkkokauppa\/Ei-luokiteltu\/jarrupalat-shimano-saint-zee\/"},"modified":"2026-01-16T13:22:53","modified_gmt":"2026-01-16T11:22:53","slug":"bromsbelagg-shimano-saint-zee","status":"publish","type":"product","link":"https:\/\/vmsport.fi\/sv\/verkkokauppa\/varaosat\/jarrut\/jarrupalat\/jarrupalat-shimano-saint-zee\/","title":{"rendered":"bromsbel\u00e4gg SHIMANO Saint, zee"},"content":{"rendered":"<p>Shimano Saint och Zee bromsbel\u00e4gg \u00e4r k\u00e4nda f\u00f6r sin utm\u00e4rkta bromsprestanda och tillf\u00f6rlitlighet, s\u00e4rskilt inom mountainbike. De \u00e4r idealiska f\u00f6r anv\u00e4ndare som vill uppgradera eller byta ut sina befintliga bromssystem, s\u00e4rskilt de som anv\u00e4nder SRAM-system. De fyrkolviga bromsoken ger kraftfull stoppkraft, vilket g\u00f6r dem perfekta f\u00f6r aggressiv k\u00f6rning och utmanande nedf\u00f6rsbackar. Cyklister som har anv\u00e4nt Shimano-produkter under l\u00e5ng tid har rapporterat tillfredsst\u00e4llelse, vilket bekr\u00e4ftar produktens l\u00e5ngsiktiga prestanda. Shimano Saint j\u00e4mf\u00f6rs ofta med nyare XT-modeller med fyra kolvar och \u00e4r erk\u00e4nt som ett h\u00f6gkvalitativt alternativ. Zee erbjuder kraftfull bromsning samtidigt som den \u00e4r prisv\u00e4rd, vilket g\u00f6r den till ett attraktivt val f\u00f6r dem som letar efter kraftfull bromsning utan att betala priset f\u00f6r de dyraste modellerna. Shimano \u00e4r allm\u00e4nt uppskattad f\u00f6r sin h\u00e5llbarhet och effektivitet, vilket g\u00f6r den till ett attraktivt val f\u00f6r kr\u00e4vande cyklister.<\/p>","protected":false},"excerpt":{"rendered":"<p>Shimano Saint ja Zee -jarrupalat tunnetaan erinomaisesta jarrutustehostaan ja luotettavuudestaan, erityisesti maastopy\u00f6r\u00e4ilyss\u00e4. Ne sopivat ihanteellisesti k\u00e4ytt\u00e4jille, jotka haluavat p\u00e4ivitt\u00e4\u00e4 tai korvata nykyiset jarruj\u00e4rjestelm\u00e4ns\u00e4, erityisesti SRAM-j\u00e4rjestelmi\u00e4 k\u00e4ytt\u00e4v\u00e4t. Nelim\u00e4nt\u00e4iset jarrusatulat tarjoavat tehokasta pys\u00e4ytysvoimaa, mik\u00e4 tekee niist\u00e4 t\u00e4ydelliset aggressiiviseen ajoon ja haastaville alam\u00e4kip\u00e4tkille. Shimano-tuotteita pitk\u00e4\u00e4n k\u00e4ytt\u00e4neet py\u00f6r\u00e4ilij\u00e4t ovat raportoineet tyytyv\u00e4isyydest\u00e4\u00e4n, mik\u00e4 vahvistaa tuotteen pitk\u00e4aikaisen suorituskyvyn. Shimano Saint -tuotetta [&#8230;]<\/p>\n<p><a class=\"btn btn-secondary understrap-read-more-link\" href=\"https:\/\/vmsport.fi\/sv\/verkkokauppa\/varaosat\/jarrut\/jarrupalat\/jarrupalat-shimano-saint-zee\/\">L\u00e4s mer \u2026<span class=\"screen-reader-text\"> from jarrupalat SHIMANO Saint, zee<\/span><\/a><\/p>\n","protected":false},"featured_media":55975,"comment_status":"open","ping_status":"closed","template":"","meta":{"_acf_changed":false,"_improvement_type_select":"improve_an_existing","_thumb_yes_seoaic":false,"_frame_yes_seoaic":false,"seoaic_generate_description":"","seoaic_improve_instructions_prompt":"","seoaic_rollback_content_improvement":"","seoaic_idea_thumbnail_generator":"","thumbnail_generated":false,"thumbnail_generate_prompt":"","seoaic_article_description":"","_supplier_stock_quantity":0},"product_brand":[],"product_model":[],"product_cat":[9288],"product_tag":[],"industry-terminology":[],"class_list":{"0":"post-55976","1":"product","2":"type-product","3":"status-publish","4":"has-post-thumbnail","6":"product_cat-jarrupalat","8":"first","9":"outofstock","10":"taxable","11":"shipping-taxable","12":"product-type-simple"},"acf":{"bike_features":null,"overview":{"copy_overview":null,"key_features":null,"statement":"","youtube_url":""}},"yoast_head":"<!-- This site is optimized with the Yoast SEO plugin v27.3 - https:\/\/yoast.com\/product\/yoast-seo-wordpress\/ -->\n<title>jarrupalat SHIMANO Saint, zee - VM Sport<\/title>\n<meta name=\"robots\" content=\"index, follow, max-snippet:-1, max-image-preview:large, max-video-preview:-1\" \/>\n<link rel=\"canonical\" href=\"https:\/\/vmsport.fi\/sv\/webbutik\/reservdelar\/bromsar\/bromsbelagg\/bromsbelagg-shimano-saint-zee\/\" \/>\n<meta property=\"og:locale\" content=\"sv_SE\" \/>\n<meta property=\"og:type\" content=\"article\" \/>\n<meta property=\"og:title\" content=\"jarrupalat SHIMANO Saint, zee - VM Sport\" \/>\n<meta property=\"og:description\" content=\"Shimano Saint ja Zee -jarrupalat tunnetaan erinomaisesta jarrutustehostaan ja luotettavuudestaan, erityisesti maastopy\u00f6r\u00e4ilyss\u00e4. Ne sopivat ihanteellisesti k\u00e4ytt\u00e4jille, jotka haluavat p\u00e4ivitt\u00e4\u00e4 tai korvata nykyiset jarruj\u00e4rjestelm\u00e4ns\u00e4, erityisesti SRAM-j\u00e4rjestelmi\u00e4 k\u00e4ytt\u00e4v\u00e4t. Nelim\u00e4nt\u00e4iset jarrusatulat tarjoavat tehokasta pys\u00e4ytysvoimaa, mik\u00e4 tekee niist\u00e4 t\u00e4ydelliset aggressiiviseen ajoon ja haastaville alam\u00e4kip\u00e4tkille. Shimano-tuotteita pitk\u00e4\u00e4n k\u00e4ytt\u00e4neet py\u00f6r\u00e4ilij\u00e4t ovat raportoineet tyytyv\u00e4isyydest\u00e4\u00e4n, mik\u00e4 vahvistaa tuotteen pitk\u00e4aikaisen suorituskyvyn. Shimano Saint -tuotetta [...]L\u00e4s mer \u2026 from jarrupalat SHIMANO Saint, zee\" \/>\n<meta property=\"og:url\" content=\"https:\/\/vmsport.fi\/sv\/webbutik\/reservdelar\/bromsar\/bromsbelagg\/bromsbelagg-shimano-saint-zee\/\" \/>\n<meta property=\"og:site_name\" content=\"VM Sport\" \/>\n<meta property=\"article:publisher\" content=\"https:\/\/www.facebook.com\/Vmsport.fi\/\" \/>\n<meta property=\"article:modified_time\" content=\"2026-01-16T11:22:53+00:00\" \/>\n<meta property=\"og:image\" content=\"https:\/\/vmsport.fi\/wp-content\/uploads\/2025\/03\/Belaegg-Adv-SHIMANO-Saint-Zee-1.jpg\" \/>\n\t<meta property=\"og:image:width\" content=\"500\" \/>\n\t<meta property=\"og:image:height\" content=\"345\" \/>\n\t<meta property=\"og:image:type\" content=\"image\/jpeg\" \/>\n<meta name=\"twitter:card\" content=\"summary_large_image\" \/>\n<meta name=\"twitter:label1\" content=\"Ber\u00e4knad l\u00e4stid\" \/>\n\t<meta name=\"twitter:data1\" content=\"1 minut\" \/>\n<script type=\"application\/ld+json\" class=\"yoast-schema-graph\">{\"@context\":\"https:\\\/\\\/schema.org\",\"@graph\":[{\"@type\":[\"WebPage\",\"ItemPage\"],\"@id\":\"https:\\\/\\\/vmsport.fi\\\/verkkokauppa\\\/varaosat\\\/jarrut\\\/jarrupalat\\\/jarrupalat-shimano-saint-zee\\\/\",\"url\":\"https:\\\/\\\/vmsport.fi\\\/verkkokauppa\\\/varaosat\\\/jarrut\\\/jarrupalat\\\/jarrupalat-shimano-saint-zee\\\/\",\"name\":\"jarrupalat SHIMANO Saint, zee - VM Sport\",\"isPartOf\":{\"@id\":\"https:\\\/\\\/vmsport.fi\\\/#website\"},\"primaryImageOfPage\":{\"@id\":\"https:\\\/\\\/vmsport.fi\\\/verkkokauppa\\\/varaosat\\\/jarrut\\\/jarrupalat\\\/jarrupalat-shimano-saint-zee\\\/#primaryimage\"},\"image\":{\"@id\":\"https:\\\/\\\/vmsport.fi\\\/verkkokauppa\\\/varaosat\\\/jarrut\\\/jarrupalat\\\/jarrupalat-shimano-saint-zee\\\/#primaryimage\"},\"thumbnailUrl\":\"https:\\\/\\\/vmsport.fi\\\/wp-content\\\/uploads\\\/2025\\\/03\\\/Belaegg-Adv-SHIMANO-Saint-Zee-1.jpg\",\"datePublished\":\"2025-03-05T22:14:30+00:00\",\"dateModified\":\"2026-01-16T11:22:53+00:00\",\"breadcrumb\":{\"@id\":\"https:\\\/\\\/vmsport.fi\\\/verkkokauppa\\\/varaosat\\\/jarrut\\\/jarrupalat\\\/jarrupalat-shimano-saint-zee\\\/#breadcrumb\"},\"inLanguage\":\"sv-SE\",\"potentialAction\":[{\"@type\":\"ReadAction\",\"target\":[\"https:\\\/\\\/vmsport.fi\\\/verkkokauppa\\\/varaosat\\\/jarrut\\\/jarrupalat\\\/jarrupalat-shimano-saint-zee\\\/\"]}]},{\"@type\":\"ImageObject\",\"inLanguage\":\"sv-SE\",\"@id\":\"https:\\\/\\\/vmsport.fi\\\/verkkokauppa\\\/varaosat\\\/jarrut\\\/jarrupalat\\\/jarrupalat-shimano-saint-zee\\\/#primaryimage\",\"url\":\"https:\\\/\\\/vmsport.fi\\\/wp-content\\\/uploads\\\/2025\\\/03\\\/Belaegg-Adv-SHIMANO-Saint-Zee-1.jpg\",\"contentUrl\":\"https:\\\/\\\/vmsport.fi\\\/wp-content\\\/uploads\\\/2025\\\/03\\\/Belaegg-Adv-SHIMANO-Saint-Zee-1.jpg\",\"width\":500,\"height\":345,\"caption\":\"Belaegg-Adv-SHIMANO-Saint-Zee\"},{\"@type\":\"BreadcrumbList\",\"@id\":\"https:\\\/\\\/vmsport.fi\\\/verkkokauppa\\\/varaosat\\\/jarrut\\\/jarrupalat\\\/jarrupalat-shimano-saint-zee\\\/#breadcrumb\",\"itemListElement\":[{\"@type\":\"ListItem\",\"position\":1,\"name\":\"Etusivu\",\"item\":\"https:\\\/\\\/vmsport.fi\\\/\"},{\"@type\":\"ListItem\",\"position\":2,\"name\":\"Online Store\",\"item\":\"https:\\\/\\\/vmsport.fi\\\/en\\\/online-store\\\/\"},{\"@type\":\"ListItem\",\"position\":3,\"name\":\"jarrupalat SHIMANO Saint, zee\"}]},{\"@type\":\"WebSite\",\"@id\":\"https:\\\/\\\/vmsport.fi\\\/#website\",\"url\":\"https:\\\/\\\/vmsport.fi\\\/\",\"name\":\"Vmsport\",\"description\":\"Kaikki py\u00f6r\u00e4ilyyn yhdest\u00e4 paikasta\",\"publisher\":{\"@id\":\"https:\\\/\\\/vmsport.fi\\\/#organization\"},\"potentialAction\":[{\"@type\":\"SearchAction\",\"target\":{\"@type\":\"EntryPoint\",\"urlTemplate\":\"https:\\\/\\\/vmsport.fi\\\/?s={search_term_string}\"},\"query-input\":{\"@type\":\"PropertyValueSpecification\",\"valueRequired\":true,\"valueName\":\"search_term_string\"}}],\"inLanguage\":\"sv-SE\"},{\"@type\":\"Organization\",\"@id\":\"https:\\\/\\\/vmsport.fi\\\/#organization\",\"name\":\"Vmsport\",\"url\":\"https:\\\/\\\/vmsport.fi\\\/\",\"logo\":{\"@type\":\"ImageObject\",\"inLanguage\":\"sv-SE\",\"@id\":\"https:\\\/\\\/vmsport.fi\\\/#\\\/schema\\\/logo\\\/image\\\/\",\"url\":\"https:\\\/\\\/vmsport.fi\\\/wp-content\\\/uploads\\\/2024\\\/12\\\/vm_sport_RGB_horisontal-e1734526017575.png\",\"contentUrl\":\"https:\\\/\\\/vmsport.fi\\\/wp-content\\\/uploads\\\/2024\\\/12\\\/vm_sport_RGB_horisontal-e1734526017575.png\",\"width\":668,\"height\":85,\"caption\":\"Vmsport\"},\"image\":{\"@id\":\"https:\\\/\\\/vmsport.fi\\\/#\\\/schema\\\/logo\\\/image\\\/\"},\"sameAs\":[\"https:\\\/\\\/www.facebook.com\\\/Vmsport.fi\\\/\",\"https:\\\/\\\/www.instagram.com\\\/vmsport\\\/\"]}]}<\/script>\n<!-- \/ Yoast SEO plugin. -->","yoast_head_json":{"title":"bromsbel\u00e4gg SHIMANO Saint, zee - VM Sport","robots":{"index":"index","follow":"follow","max-snippet":"max-snippet:-1","max-image-preview":"max-image-preview:large","max-video-preview":"max-video-preview:-1"},"canonical":"https:\/\/vmsport.fi\/sv\/webbutik\/reservdelar\/bromsar\/bromsbelagg\/bromsbelagg-shimano-saint-zee\/","og_locale":"sv_SE","og_type":"article","og_title":"jarrupalat SHIMANO Saint, zee - VM Sport","og_description":"Shimano Saint ja Zee -jarrupalat tunnetaan erinomaisesta jarrutustehostaan ja luotettavuudestaan, erityisesti maastopy\u00f6r\u00e4ilyss\u00e4. Ne sopivat ihanteellisesti k\u00e4ytt\u00e4jille, jotka haluavat p\u00e4ivitt\u00e4\u00e4 tai korvata nykyiset jarruj\u00e4rjestelm\u00e4ns\u00e4, erityisesti SRAM-j\u00e4rjestelmi\u00e4 k\u00e4ytt\u00e4v\u00e4t. Nelim\u00e4nt\u00e4iset jarrusatulat tarjoavat tehokasta pys\u00e4ytysvoimaa, mik\u00e4 tekee niist\u00e4 t\u00e4ydelliset aggressiiviseen ajoon ja haastaville alam\u00e4kip\u00e4tkille. Shimano-tuotteita pitk\u00e4\u00e4n k\u00e4ytt\u00e4neet py\u00f6r\u00e4ilij\u00e4t ovat raportoineet tyytyv\u00e4isyydest\u00e4\u00e4n, mik\u00e4 vahvistaa tuotteen pitk\u00e4aikaisen suorituskyvyn. Shimano Saint -tuotetta [...]L\u00e4s mer \u2026 from jarrupalat SHIMANO Saint, zee","og_url":"https:\/\/vmsport.fi\/sv\/webbutik\/reservdelar\/bromsar\/bromsbelagg\/bromsbelagg-shimano-saint-zee\/","og_site_name":"VM Sport","article_publisher":"https:\/\/www.facebook.com\/Vmsport.fi\/","article_modified_time":"2026-01-16T11:22:53+00:00","og_image":[{"width":500,"height":345,"url":"https:\/\/vmsport.fi\/wp-content\/uploads\/2025\/03\/Belaegg-Adv-SHIMANO-Saint-Zee-1.jpg","type":"image\/jpeg"}],"twitter_card":"summary_large_image","twitter_misc":{"Ber\u00e4knad l\u00e4stid":"1 minut"},"schema":{"@context":"https:\/\/schema.org","@graph":[{"@type":["WebPage","ItemPage"],"@id":"https:\/\/vmsport.fi\/verkkokauppa\/varaosat\/jarrut\/jarrupalat\/jarrupalat-shimano-saint-zee\/","url":"https:\/\/vmsport.fi\/verkkokauppa\/varaosat\/jarrut\/jarrupalat\/jarrupalat-shimano-saint-zee\/","name":"bromsbel\u00e4gg SHIMANO Saint, zee - VM Sport","isPartOf":{"@id":"https:\/\/vmsport.fi\/#website"},"primaryImageOfPage":{"@id":"https:\/\/vmsport.fi\/verkkokauppa\/varaosat\/jarrut\/jarrupalat\/jarrupalat-shimano-saint-zee\/#primaryimage"},"image":{"@id":"https:\/\/vmsport.fi\/verkkokauppa\/varaosat\/jarrut\/jarrupalat\/jarrupalat-shimano-saint-zee\/#primaryimage"},"thumbnailUrl":"https:\/\/vmsport.fi\/wp-content\/uploads\/2025\/03\/Belaegg-Adv-SHIMANO-Saint-Zee-1.jpg","datePublished":"2025-03-05T22:14:30+00:00","dateModified":"2026-01-16T11:22:53+00:00","breadcrumb":{"@id":"https:\/\/vmsport.fi\/verkkokauppa\/varaosat\/jarrut\/jarrupalat\/jarrupalat-shimano-saint-zee\/#breadcrumb"},"inLanguage":"sv-SE","potentialAction":[{"@type":"ReadAction","target":["https:\/\/vmsport.fi\/verkkokauppa\/varaosat\/jarrut\/jarrupalat\/jarrupalat-shimano-saint-zee\/"]}]},{"@type":"ImageObject","inLanguage":"sv-SE","@id":"https:\/\/vmsport.fi\/verkkokauppa\/varaosat\/jarrut\/jarrupalat\/jarrupalat-shimano-saint-zee\/#primaryimage","url":"https:\/\/vmsport.fi\/wp-content\/uploads\/2025\/03\/Belaegg-Adv-SHIMANO-Saint-Zee-1.jpg","contentUrl":"https:\/\/vmsport.fi\/wp-content\/uploads\/2025\/03\/Belaegg-Adv-SHIMANO-Saint-Zee-1.jpg","width":500,"height":345,"caption":"Belaegg-Adv-SHIMANO-Saint-Zee"},{"@type":"BreadcrumbList","@id":"https:\/\/vmsport.fi\/verkkokauppa\/varaosat\/jarrut\/jarrupalat\/jarrupalat-shimano-saint-zee\/#breadcrumb","itemListElement":[{"@type":"ListItem","position":1,"name":"Etusivu","item":"https:\/\/vmsport.fi\/"},{"@type":"ListItem","position":2,"name":"Online Store","item":"https:\/\/vmsport.fi\/en\/online-store\/"},{"@type":"ListItem","position":3,"name":"jarrupalat SHIMANO Saint, zee"}]},{"@type":"WebSite","@id":"https:\/\/vmsport.fi\/#website","url":"https:\/\/vmsport.fi\/","name":"Vmsport","description":"Allt p\u00e5 ett st\u00e4lle f\u00f6r cykling","publisher":{"@id":"https:\/\/vmsport.fi\/#organization"},"potentialAction":[{"@type":"SearchAction","target":{"@type":"EntryPoint","urlTemplate":"https:\/\/vmsport.fi\/?s={search_term_string}"},"query-input":{"@type":"PropertyValueSpecification","valueRequired":true,"valueName":"search_term_string"}}],"inLanguage":"sv-SE"},{"@type":"Organization","@id":"https:\/\/vmsport.fi\/#organization","name":"Vmsport","url":"https:\/\/vmsport.fi\/","logo":{"@type":"ImageObject","inLanguage":"sv-SE","@id":"https:\/\/vmsport.fi\/#\/schema\/logo\/image\/","url":"https:\/\/vmsport.fi\/wp-content\/uploads\/2024\/12\/vm_sport_RGB_horisontal-e1734526017575.png","contentUrl":"https:\/\/vmsport.fi\/wp-content\/uploads\/2024\/12\/vm_sport_RGB_horisontal-e1734526017575.png","width":668,"height":85,"caption":"Vmsport"},"image":{"@id":"https:\/\/vmsport.fi\/#\/schema\/logo\/image\/"},"sameAs":["https:\/\/www.facebook.com\/Vmsport.fi\/","https:\/\/www.instagram.com\/vmsport\/"]}]}},"global_unique_id":"","_links":{"self":[{"href":"https:\/\/vmsport.fi\/sv\/wp-json\/wp\/v2\/product\/55976","targetHints":{"allow":["GET"]}}],"collection":[{"href":"https:\/\/vmsport.fi\/sv\/wp-json\/wp\/v2\/product"}],"about":[{"href":"https:\/\/vmsport.fi\/sv\/wp-json\/wp\/v2\/types\/product"}],"replies":[{"embeddable":true,"href":"https:\/\/vmsport.fi\/sv\/wp-json\/wp\/v2\/comments?post=55976"}],"wp:featuredmedia":[{"embeddable":true,"href":"https:\/\/vmsport.fi\/sv\/wp-json\/wp\/v2\/media\/55975"}],"wp:attachment":[{"href":"https:\/\/vmsport.fi\/sv\/wp-json\/wp\/v2\/media?parent=55976"}],"wp:term":[{"taxonomy":"product_brand","embeddable":true,"href":"https:\/\/vmsport.fi\/sv\/wp-json\/wp\/v2\/product_brand?post=55976"},{"taxonomy":"product_model","embeddable":true,"href":"https:\/\/vmsport.fi\/sv\/wp-json\/wp\/v2\/product_model?post=55976"},{"taxonomy":"product_cat","embeddable":true,"href":"https:\/\/vmsport.fi\/sv\/wp-json\/wp\/v2\/product_cat?post=55976"},{"taxonomy":"product_tag","embeddable":true,"href":"https:\/\/vmsport.fi\/sv\/wp-json\/wp\/v2\/product_tag?post=55976"},{"taxonomy":"industry_terminology","embeddable":true,"href":"https:\/\/vmsport.fi\/sv\/wp-json\/wp\/v2\/industry-terminology?post=55976"}],"curies":[{"name":"wp","href":"https:\/\/api.w.org\/{rel}","templated":true}]}}