{"id":55974,"date":"2025-03-06T00:14:29","date_gmt":"2025-03-05T22:14:29","guid":{"rendered":"https:\/\/vmsport.fi\/verkkokauppa\/Ei-luokiteltu\/valon-osa-bontrager-helmet-bracket\/"},"modified":"2026-01-16T13:24:51","modified_gmt":"2026-01-16T11:24:51","slug":"ljusdel-bontrager-hjalmfaste","status":"publish","type":"product","link":"https:\/\/vmsport.fi\/sv\/verkkokauppa\/tarvikkeet\/valaisimet-ja-osat\/valon-osa-bontrager-helmet-bracket\/","title":{"rendered":"Ljusdel Bontrager hj\u00e4lmf\u00e4ste"},"content":{"rendered":"<p>Bontrager Helmet Bracket \u00e4r ett m\u00e5ngsidigt hj\u00e4lmf\u00e4ste som f\u00f6rb\u00e4ttrar cyklistens synlighet genom att f\u00e4sta en lampa eller kamera p\u00e5 de flesta cykelhj\u00e4lmar. Det \u00e4r ett perfekt tillbeh\u00f6r f\u00f6r cyklister som vill \u00f6ka s\u00e4kerheten och synligheten under cyklingen. Den \u00e4r idealisk f\u00f6r offroad-, landsv\u00e4gs- och stadscykling. Den \u00e4r utformad f\u00f6r att vara kompatibel med alla Bontragers Ion- och Flare-lampor, men passar tyv\u00e4rr inte WaveCel-hj\u00e4lmen. Den praktiska, justerbara och h\u00e5llbara designen garanterar en s\u00e4ker passform. Kontrollera f\u00f6re k\u00f6pet att f\u00e4stet passar din hj\u00e4lmtyp f\u00f6r b\u00e4sta prestanda.<\/p>","protected":false},"excerpt":{"rendered":"<p>Bontrager Helmet Bracket on monipuolinen kyp\u00e4r\u00e4kiinnike, joka parantaa py\u00f6r\u00e4ilij\u00e4n n\u00e4kyvyytt\u00e4 kiinnitt\u00e4m\u00e4ll\u00e4 valon tai kameran useimpiin py\u00f6r\u00e4ilykyp\u00e4riin. Se on ihanteellinen lis\u00e4varuste py\u00f6r\u00e4ilij\u00f6ille, jotka haluavat lis\u00e4t\u00e4 turvallisuutta ja n\u00e4kyvyytt\u00e4 ajon aikana. Kiinnike soveltuu erinomaisesti maastoajoon, maantiepy\u00f6r\u00e4ilyyn ja kaupunkiliikenteeseen. Se on suunniteltu yhteensopivaksi kaikkien Bontrager Ion- ja Flare-valojen kanssa, mutta ei valitettavasti sovi WaveCel-kyp\u00e4riin. K\u00e4yt\u00e4nn\u00f6llinen, s\u00e4\u00e4dett\u00e4v\u00e4 ja kest\u00e4v\u00e4 [&#8230;]<\/p>\n<p><a class=\"btn btn-secondary understrap-read-more-link\" href=\"https:\/\/vmsport.fi\/sv\/verkkokauppa\/tarvikkeet\/valaisimet-ja-osat\/valon-osa-bontrager-helmet-bracket\/\">L\u00e4s mer \u2026<span class=\"screen-reader-text\"> from Valon osa Bontrager Helmet Bracket<\/span><\/a><\/p>\n","protected":false},"featured_media":55971,"comment_status":"open","ping_status":"closed","template":"","meta":{"_acf_changed":false,"_improvement_type_select":"improve_an_existing","_thumb_yes_seoaic":false,"_frame_yes_seoaic":false,"seoaic_generate_description":"","seoaic_improve_instructions_prompt":"","seoaic_rollback_content_improvement":"","seoaic_idea_thumbnail_generator":"","thumbnail_generated":false,"thumbnail_generate_prompt":"","seoaic_article_description":"","_supplier_stock_quantity":0},"product_brand":[],"product_model":[],"product_cat":[9304],"product_tag":[],"industry-terminology":[],"class_list":{"0":"post-55974","1":"product","2":"type-product","3":"status-publish","4":"has-post-thumbnail","6":"product_cat-valaisimet-ja-osat","8":"first","9":"instock","10":"taxable","11":"shipping-taxable","12":"purchasable","13":"product-type-simple"},"acf":{"bike_features":null,"overview":{"copy_overview":null,"key_features":null,"statement":"","youtube_url":""}},"yoast_head":"<!-- This site is optimized with the Yoast SEO plugin v27.3 - https:\/\/yoast.com\/product\/yoast-seo-wordpress\/ -->\n<title>Valon osa Bontrager Helmet Bracket - VM Sport<\/title>\n<meta name=\"robots\" content=\"index, follow, max-snippet:-1, max-image-preview:large, max-video-preview:-1\" \/>\n<link rel=\"canonical\" href=\"https:\/\/vmsport.fi\/sv\/webbutik\/tillbehor\/armaturer-och-komponenter\/ljusdel-bontrager-hjalmfaste\/\" \/>\n<meta property=\"og:locale\" content=\"sv_SE\" \/>\n<meta property=\"og:type\" content=\"article\" \/>\n<meta property=\"og:title\" content=\"Valon osa Bontrager Helmet Bracket - VM Sport\" \/>\n<meta property=\"og:description\" content=\"Bontrager Helmet Bracket on monipuolinen kyp\u00e4r\u00e4kiinnike, joka parantaa py\u00f6r\u00e4ilij\u00e4n n\u00e4kyvyytt\u00e4 kiinnitt\u00e4m\u00e4ll\u00e4 valon tai kameran useimpiin py\u00f6r\u00e4ilykyp\u00e4riin. Se on ihanteellinen lis\u00e4varuste py\u00f6r\u00e4ilij\u00f6ille, jotka haluavat lis\u00e4t\u00e4 turvallisuutta ja n\u00e4kyvyytt\u00e4 ajon aikana. Kiinnike soveltuu erinomaisesti maastoajoon, maantiepy\u00f6r\u00e4ilyyn ja kaupunkiliikenteeseen. Se on suunniteltu yhteensopivaksi kaikkien Bontrager Ion- ja Flare-valojen kanssa, mutta ei valitettavasti sovi WaveCel-kyp\u00e4riin. K\u00e4yt\u00e4nn\u00f6llinen, s\u00e4\u00e4dett\u00e4v\u00e4 ja kest\u00e4v\u00e4 [...]L\u00e4s mer \u2026 from Valon osa Bontrager Helmet Bracket\" \/>\n<meta property=\"og:url\" content=\"https:\/\/vmsport.fi\/sv\/webbutik\/tillbehor\/armaturer-och-komponenter\/ljusdel-bontrager-hjalmfaste\/\" \/>\n<meta property=\"og:site_name\" content=\"VM Sport\" \/>\n<meta property=\"article:publisher\" content=\"https:\/\/www.facebook.com\/Vmsport.fi\/\" \/>\n<meta property=\"article:modified_time\" content=\"2026-01-16T11:24:51+00:00\" \/>\n<meta property=\"og:image\" content=\"https:\/\/vmsport.fi\/wp-content\/uploads\/2025\/03\/d6f35eff-b2ca-4c53-bd66-dda6c8d601d3-1.jpg\" \/>\n\t<meta property=\"og:image:width\" content=\"720\" \/>\n\t<meta property=\"og:image:height\" content=\"720\" \/>\n\t<meta property=\"og:image:type\" content=\"image\/jpeg\" \/>\n<meta name=\"twitter:card\" content=\"summary_large_image\" \/>\n<script type=\"application\/ld+json\" class=\"yoast-schema-graph\">{\"@context\":\"https:\\\/\\\/schema.org\",\"@graph\":[{\"@type\":[\"WebPage\",\"ItemPage\"],\"@id\":\"https:\\\/\\\/vmsport.fi\\\/verkkokauppa\\\/tarvikkeet\\\/valaisimet-ja-osat\\\/valon-osa-bontrager-helmet-bracket\\\/\",\"url\":\"https:\\\/\\\/vmsport.fi\\\/verkkokauppa\\\/tarvikkeet\\\/valaisimet-ja-osat\\\/valon-osa-bontrager-helmet-bracket\\\/\",\"name\":\"Valon osa Bontrager Helmet Bracket - VM Sport\",\"isPartOf\":{\"@id\":\"https:\\\/\\\/vmsport.fi\\\/#website\"},\"primaryImageOfPage\":{\"@id\":\"https:\\\/\\\/vmsport.fi\\\/verkkokauppa\\\/tarvikkeet\\\/valaisimet-ja-osat\\\/valon-osa-bontrager-helmet-bracket\\\/#primaryimage\"},\"image\":{\"@id\":\"https:\\\/\\\/vmsport.fi\\\/verkkokauppa\\\/tarvikkeet\\\/valaisimet-ja-osat\\\/valon-osa-bontrager-helmet-bracket\\\/#primaryimage\"},\"thumbnailUrl\":\"https:\\\/\\\/vmsport.fi\\\/wp-content\\\/uploads\\\/2025\\\/03\\\/d6f35eff-b2ca-4c53-bd66-dda6c8d601d3-1.jpg\",\"datePublished\":\"2025-03-05T22:14:29+00:00\",\"dateModified\":\"2026-01-16T11:24:51+00:00\",\"breadcrumb\":{\"@id\":\"https:\\\/\\\/vmsport.fi\\\/verkkokauppa\\\/tarvikkeet\\\/valaisimet-ja-osat\\\/valon-osa-bontrager-helmet-bracket\\\/#breadcrumb\"},\"inLanguage\":\"sv-SE\",\"potentialAction\":[{\"@type\":\"ReadAction\",\"target\":[\"https:\\\/\\\/vmsport.fi\\\/verkkokauppa\\\/tarvikkeet\\\/valaisimet-ja-osat\\\/valon-osa-bontrager-helmet-bracket\\\/\"]}]},{\"@type\":\"ImageObject\",\"inLanguage\":\"sv-SE\",\"@id\":\"https:\\\/\\\/vmsport.fi\\\/verkkokauppa\\\/tarvikkeet\\\/valaisimet-ja-osat\\\/valon-osa-bontrager-helmet-bracket\\\/#primaryimage\",\"url\":\"https:\\\/\\\/vmsport.fi\\\/wp-content\\\/uploads\\\/2025\\\/03\\\/d6f35eff-b2ca-4c53-bd66-dda6c8d601d3-1.jpg\",\"contentUrl\":\"https:\\\/\\\/vmsport.fi\\\/wp-content\\\/uploads\\\/2025\\\/03\\\/d6f35eff-b2ca-4c53-bd66-dda6c8d601d3-1.jpg\",\"width\":720,\"height\":720,\"caption\":\"d6f35eff-b2ca-4c53-bd66-dda6c8d601d3\"},{\"@type\":\"BreadcrumbList\",\"@id\":\"https:\\\/\\\/vmsport.fi\\\/verkkokauppa\\\/tarvikkeet\\\/valaisimet-ja-osat\\\/valon-osa-bontrager-helmet-bracket\\\/#breadcrumb\",\"itemListElement\":[{\"@type\":\"ListItem\",\"position\":1,\"name\":\"Etusivu\",\"item\":\"https:\\\/\\\/vmsport.fi\\\/\"},{\"@type\":\"ListItem\",\"position\":2,\"name\":\"Online Store\",\"item\":\"https:\\\/\\\/vmsport.fi\\\/en\\\/online-store\\\/\"},{\"@type\":\"ListItem\",\"position\":3,\"name\":\"Valon osa Bontrager Helmet Bracket\"}]},{\"@type\":\"WebSite\",\"@id\":\"https:\\\/\\\/vmsport.fi\\\/#website\",\"url\":\"https:\\\/\\\/vmsport.fi\\\/\",\"name\":\"Vmsport\",\"description\":\"Kaikki py\u00f6r\u00e4ilyyn yhdest\u00e4 paikasta\",\"publisher\":{\"@id\":\"https:\\\/\\\/vmsport.fi\\\/#organization\"},\"potentialAction\":[{\"@type\":\"SearchAction\",\"target\":{\"@type\":\"EntryPoint\",\"urlTemplate\":\"https:\\\/\\\/vmsport.fi\\\/?s={search_term_string}\"},\"query-input\":{\"@type\":\"PropertyValueSpecification\",\"valueRequired\":true,\"valueName\":\"search_term_string\"}}],\"inLanguage\":\"sv-SE\"},{\"@type\":\"Organization\",\"@id\":\"https:\\\/\\\/vmsport.fi\\\/#organization\",\"name\":\"Vmsport\",\"url\":\"https:\\\/\\\/vmsport.fi\\\/\",\"logo\":{\"@type\":\"ImageObject\",\"inLanguage\":\"sv-SE\",\"@id\":\"https:\\\/\\\/vmsport.fi\\\/#\\\/schema\\\/logo\\\/image\\\/\",\"url\":\"https:\\\/\\\/vmsport.fi\\\/wp-content\\\/uploads\\\/2024\\\/12\\\/vm_sport_RGB_horisontal-e1734526017575.png\",\"contentUrl\":\"https:\\\/\\\/vmsport.fi\\\/wp-content\\\/uploads\\\/2024\\\/12\\\/vm_sport_RGB_horisontal-e1734526017575.png\",\"width\":668,\"height\":85,\"caption\":\"Vmsport\"},\"image\":{\"@id\":\"https:\\\/\\\/vmsport.fi\\\/#\\\/schema\\\/logo\\\/image\\\/\"},\"sameAs\":[\"https:\\\/\\\/www.facebook.com\\\/Vmsport.fi\\\/\",\"https:\\\/\\\/www.instagram.com\\\/vmsport\\\/\"]}]}<\/script>\n<!-- \/ Yoast SEO plugin. -->","yoast_head_json":{"title":"Ljus del av Bontrager hj\u00e4lmf\u00e4ste - VM Sport","robots":{"index":"index","follow":"follow","max-snippet":"max-snippet:-1","max-image-preview":"max-image-preview:large","max-video-preview":"max-video-preview:-1"},"canonical":"https:\/\/vmsport.fi\/sv\/webbutik\/tillbehor\/armaturer-och-komponenter\/ljusdel-bontrager-hjalmfaste\/","og_locale":"sv_SE","og_type":"article","og_title":"Valon osa Bontrager Helmet Bracket - VM Sport","og_description":"Bontrager Helmet Bracket on monipuolinen kyp\u00e4r\u00e4kiinnike, joka parantaa py\u00f6r\u00e4ilij\u00e4n n\u00e4kyvyytt\u00e4 kiinnitt\u00e4m\u00e4ll\u00e4 valon tai kameran useimpiin py\u00f6r\u00e4ilykyp\u00e4riin. Se on ihanteellinen lis\u00e4varuste py\u00f6r\u00e4ilij\u00f6ille, jotka haluavat lis\u00e4t\u00e4 turvallisuutta ja n\u00e4kyvyytt\u00e4 ajon aikana. Kiinnike soveltuu erinomaisesti maastoajoon, maantiepy\u00f6r\u00e4ilyyn ja kaupunkiliikenteeseen. Se on suunniteltu yhteensopivaksi kaikkien Bontrager Ion- ja Flare-valojen kanssa, mutta ei valitettavasti sovi WaveCel-kyp\u00e4riin. K\u00e4yt\u00e4nn\u00f6llinen, s\u00e4\u00e4dett\u00e4v\u00e4 ja kest\u00e4v\u00e4 [...]L\u00e4s mer \u2026 from Valon osa Bontrager Helmet Bracket","og_url":"https:\/\/vmsport.fi\/sv\/webbutik\/tillbehor\/armaturer-och-komponenter\/ljusdel-bontrager-hjalmfaste\/","og_site_name":"VM Sport","article_publisher":"https:\/\/www.facebook.com\/Vmsport.fi\/","article_modified_time":"2026-01-16T11:24:51+00:00","og_image":[{"width":720,"height":720,"url":"https:\/\/vmsport.fi\/wp-content\/uploads\/2025\/03\/d6f35eff-b2ca-4c53-bd66-dda6c8d601d3-1.jpg","type":"image\/jpeg"}],"twitter_card":"summary_large_image","schema":{"@context":"https:\/\/schema.org","@graph":[{"@type":["WebPage","ItemPage"],"@id":"https:\/\/vmsport.fi\/verkkokauppa\/tarvikkeet\/valaisimet-ja-osat\/valon-osa-bontrager-helmet-bracket\/","url":"https:\/\/vmsport.fi\/verkkokauppa\/tarvikkeet\/valaisimet-ja-osat\/valon-osa-bontrager-helmet-bracket\/","name":"Ljus del av Bontrager hj\u00e4lmf\u00e4ste - VM Sport","isPartOf":{"@id":"https:\/\/vmsport.fi\/#website"},"primaryImageOfPage":{"@id":"https:\/\/vmsport.fi\/verkkokauppa\/tarvikkeet\/valaisimet-ja-osat\/valon-osa-bontrager-helmet-bracket\/#primaryimage"},"image":{"@id":"https:\/\/vmsport.fi\/verkkokauppa\/tarvikkeet\/valaisimet-ja-osat\/valon-osa-bontrager-helmet-bracket\/#primaryimage"},"thumbnailUrl":"https:\/\/vmsport.fi\/wp-content\/uploads\/2025\/03\/d6f35eff-b2ca-4c53-bd66-dda6c8d601d3-1.jpg","datePublished":"2025-03-05T22:14:29+00:00","dateModified":"2026-01-16T11:24:51+00:00","breadcrumb":{"@id":"https:\/\/vmsport.fi\/verkkokauppa\/tarvikkeet\/valaisimet-ja-osat\/valon-osa-bontrager-helmet-bracket\/#breadcrumb"},"inLanguage":"sv-SE","potentialAction":[{"@type":"ReadAction","target":["https:\/\/vmsport.fi\/verkkokauppa\/tarvikkeet\/valaisimet-ja-osat\/valon-osa-bontrager-helmet-bracket\/"]}]},{"@type":"ImageObject","inLanguage":"sv-SE","@id":"https:\/\/vmsport.fi\/verkkokauppa\/tarvikkeet\/valaisimet-ja-osat\/valon-osa-bontrager-helmet-bracket\/#primaryimage","url":"https:\/\/vmsport.fi\/wp-content\/uploads\/2025\/03\/d6f35eff-b2ca-4c53-bd66-dda6c8d601d3-1.jpg","contentUrl":"https:\/\/vmsport.fi\/wp-content\/uploads\/2025\/03\/d6f35eff-b2ca-4c53-bd66-dda6c8d601d3-1.jpg","width":720,"height":720,"caption":"d6f35eff-b2ca-4c53-bd66-dda6c8d601d3"},{"@type":"BreadcrumbList","@id":"https:\/\/vmsport.fi\/verkkokauppa\/tarvikkeet\/valaisimet-ja-osat\/valon-osa-bontrager-helmet-bracket\/#breadcrumb","itemListElement":[{"@type":"ListItem","position":1,"name":"Etusivu","item":"https:\/\/vmsport.fi\/"},{"@type":"ListItem","position":2,"name":"Online Store","item":"https:\/\/vmsport.fi\/en\/online-store\/"},{"@type":"ListItem","position":3,"name":"Valon osa Bontrager Helmet Bracket"}]},{"@type":"WebSite","@id":"https:\/\/vmsport.fi\/#website","url":"https:\/\/vmsport.fi\/","name":"Vmsport","description":"Allt p\u00e5 ett st\u00e4lle f\u00f6r cykling","publisher":{"@id":"https:\/\/vmsport.fi\/#organization"},"potentialAction":[{"@type":"SearchAction","target":{"@type":"EntryPoint","urlTemplate":"https:\/\/vmsport.fi\/?s={search_term_string}"},"query-input":{"@type":"PropertyValueSpecification","valueRequired":true,"valueName":"search_term_string"}}],"inLanguage":"sv-SE"},{"@type":"Organization","@id":"https:\/\/vmsport.fi\/#organization","name":"Vmsport","url":"https:\/\/vmsport.fi\/","logo":{"@type":"ImageObject","inLanguage":"sv-SE","@id":"https:\/\/vmsport.fi\/#\/schema\/logo\/image\/","url":"https:\/\/vmsport.fi\/wp-content\/uploads\/2024\/12\/vm_sport_RGB_horisontal-e1734526017575.png","contentUrl":"https:\/\/vmsport.fi\/wp-content\/uploads\/2024\/12\/vm_sport_RGB_horisontal-e1734526017575.png","width":668,"height":85,"caption":"Vmsport"},"image":{"@id":"https:\/\/vmsport.fi\/#\/schema\/logo\/image\/"},"sameAs":["https:\/\/www.facebook.com\/Vmsport.fi\/","https:\/\/www.instagram.com\/vmsport\/"]}]}},"global_unique_id":"","_links":{"self":[{"href":"https:\/\/vmsport.fi\/sv\/wp-json\/wp\/v2\/product\/55974","targetHints":{"allow":["GET"]}}],"collection":[{"href":"https:\/\/vmsport.fi\/sv\/wp-json\/wp\/v2\/product"}],"about":[{"href":"https:\/\/vmsport.fi\/sv\/wp-json\/wp\/v2\/types\/product"}],"replies":[{"embeddable":true,"href":"https:\/\/vmsport.fi\/sv\/wp-json\/wp\/v2\/comments?post=55974"}],"wp:featuredmedia":[{"embeddable":true,"href":"https:\/\/vmsport.fi\/sv\/wp-json\/wp\/v2\/media\/55971"}],"wp:attachment":[{"href":"https:\/\/vmsport.fi\/sv\/wp-json\/wp\/v2\/media?parent=55974"}],"wp:term":[{"taxonomy":"product_brand","embeddable":true,"href":"https:\/\/vmsport.fi\/sv\/wp-json\/wp\/v2\/product_brand?post=55974"},{"taxonomy":"product_model","embeddable":true,"href":"https:\/\/vmsport.fi\/sv\/wp-json\/wp\/v2\/product_model?post=55974"},{"taxonomy":"product_cat","embeddable":true,"href":"https:\/\/vmsport.fi\/sv\/wp-json\/wp\/v2\/product_cat?post=55974"},{"taxonomy":"product_tag","embeddable":true,"href":"https:\/\/vmsport.fi\/sv\/wp-json\/wp\/v2\/product_tag?post=55974"},{"taxonomy":"industry_terminology","embeddable":true,"href":"https:\/\/vmsport.fi\/sv\/wp-json\/wp\/v2\/industry-terminology?post=55974"}],"curies":[{"name":"wp","href":"https:\/\/api.w.org\/{rel}","templated":true}]}}