{"id":55970,"date":"2025-03-06T00:14:28","date_gmt":"2025-03-05T22:14:28","guid":{"rendered":"https:\/\/vmsport.fi\/verkkokauppa\/Ei-luokiteltu\/kasetti-11-v-11-42-cs-m5100-11-deore\/"},"modified":"2026-02-24T02:00:44","modified_gmt":"2026-02-24T00:00:44","slug":"kassett-11-v-11-42-cs-m5100-11-deore","status":"publish","type":"product","link":"https:\/\/vmsport.fi\/sv\/verkkokauppa\/varaosat\/voimansiirto\/takarattaat\/kasetti-11-v-11-42-cs-m5100-11-deore\/","title":{"rendered":"Kassett 11-v 11-42 CS-M5100-11 Deore"},"content":{"rendered":"<p>Shimano Deore CS-M5100-kassetten med 11 v\u00e4xlar erbjuder en bred 11-42T utv\u00e4xling, vilket g\u00f6r den till ett utm\u00e4rkt val f\u00f6r en smidig k\u00f6rupplevelse. Denna l\u00e4tta och enkla modell \u00e4r utrustad med en f\u00f6rst\u00e4rkt kedjehjulsst\u00f6dstruktur f\u00f6r f\u00f6rb\u00e4ttrad h\u00e5llbarhet och kraft i hjulets drivlina. Perfekt f\u00f6r dig som v\u00e4rdes\u00e4tter effektivitet och tillf\u00f6rlitlighet i den dagliga k\u00f6rningen.<\/p>","protected":false},"excerpt":{"rendered":"<p>Shimano Deore CS-M5100 -kasetti, jossa on 11 vaihdetta, tarjoaa laajan 11-42T v\u00e4lityssuhteen, mik\u00e4 tekee siit\u00e4 erinomaisen valinnan sujuvaan ajokokemukseen. T\u00e4m\u00e4 kevyt ja yksinkertainen malli on varustettu vahvistetulla hammasrattaan tukirakenteella, joka parantaa kest\u00e4vyytt\u00e4 ja tehoa py\u00f6r\u00e4n voimansiirrossa. T\u00e4ydellinen niille, jotka arvostavat tehokkuutta ja luotettavuutta jokap\u00e4iv\u00e4isess\u00e4 ajossa. [&#8230;]<\/p>\n<p><a class=\"btn btn-secondary understrap-read-more-link\" href=\"https:\/\/vmsport.fi\/sv\/verkkokauppa\/varaosat\/voimansiirto\/takarattaat\/kasetti-11-v-11-42-cs-m5100-11-deore\/\">L\u00e4s mer \u2026<span class=\"screen-reader-text\"> from Kasetti 11-v 11-42 CS-M5100-11 Deore<\/span><\/a><\/p>\n","protected":false},"featured_media":55969,"comment_status":"open","ping_status":"closed","template":"","meta":{"_acf_changed":false,"_improvement_type_select":"improve_an_existing","_thumb_yes_seoaic":false,"_frame_yes_seoaic":false,"seoaic_generate_description":"","seoaic_improve_instructions_prompt":"","seoaic_rollback_content_improvement":"","seoaic_idea_thumbnail_generator":"","thumbnail_generated":false,"thumbnail_generate_prompt":"","seoaic_article_description":"","_supplier_stock_quantity":0},"product_brand":[],"product_model":[],"product_cat":[9348],"product_tag":[],"industry-terminology":[],"class_list":{"0":"post-55970","1":"product","2":"type-product","3":"status-publish","4":"has-post-thumbnail","6":"product_cat-takarattaat","8":"first","9":"instock","10":"taxable","11":"shipping-taxable","12":"purchasable","13":"product-type-simple"},"acf":{"bike_features":null,"overview":{"copy_overview":null,"key_features":null,"statement":"","youtube_url":""}},"yoast_head":"<!-- This site is optimized with the Yoast SEO plugin v27.3 - https:\/\/yoast.com\/product\/yoast-seo-wordpress\/ -->\n<title>Kasetti 11-v 11-42 CS-M5100-11 Deore - VM Sport<\/title>\n<meta name=\"robots\" content=\"index, follow, max-snippet:-1, max-image-preview:large, max-video-preview:-1\" \/>\n<link rel=\"canonical\" href=\"https:\/\/vmsport.fi\/sv\/webbutik\/reservdelar\/transmission\/takarattaat\/kassett-11-v-11-42-cs-m5100-11-deore\/\" \/>\n<meta property=\"og:locale\" content=\"sv_SE\" \/>\n<meta property=\"og:type\" content=\"article\" \/>\n<meta property=\"og:title\" content=\"Kasetti 11-v 11-42 CS-M5100-11 Deore - VM Sport\" \/>\n<meta property=\"og:description\" content=\"Shimano Deore CS-M5100 -kasetti, jossa on 11 vaihdetta, tarjoaa laajan 11-42T v\u00e4lityssuhteen, mik\u00e4 tekee siit\u00e4 erinomaisen valinnan sujuvaan ajokokemukseen. T\u00e4m\u00e4 kevyt ja yksinkertainen malli on varustettu vahvistetulla hammasrattaan tukirakenteella, joka parantaa kest\u00e4vyytt\u00e4 ja tehoa py\u00f6r\u00e4n voimansiirrossa. T\u00e4ydellinen niille, jotka arvostavat tehokkuutta ja luotettavuutta jokap\u00e4iv\u00e4isess\u00e4 ajossa. [...]L\u00e4s mer \u2026 from Kasetti 11-v 11-42 CS-M5100-11 Deore\" \/>\n<meta property=\"og:url\" content=\"https:\/\/vmsport.fi\/sv\/webbutik\/reservdelar\/transmission\/takarattaat\/kassett-11-v-11-42-cs-m5100-11-deore\/\" \/>\n<meta property=\"og:site_name\" content=\"VM Sport\" \/>\n<meta property=\"article:publisher\" content=\"https:\/\/www.facebook.com\/Vmsport.fi\/\" \/>\n<meta property=\"article:modified_time\" content=\"2026-02-24T00:00:44+00:00\" \/>\n<meta property=\"og:image\" content=\"https:\/\/vmsport.fi\/wp-content\/uploads\/2025\/03\/e6wWYfIGKlcIca6dQ5xW918U6WtsHt6KYwQC1CNYzaY5DQThyT-1.jpg\" \/>\n\t<meta property=\"og:image:width\" content=\"600\" \/>\n\t<meta property=\"og:image:height\" content=\"600\" \/>\n\t<meta property=\"og:image:type\" content=\"image\/jpeg\" \/>\n<meta name=\"twitter:card\" content=\"summary_large_image\" \/>\n<script type=\"application\/ld+json\" class=\"yoast-schema-graph\">{\"@context\":\"https:\\\/\\\/schema.org\",\"@graph\":[{\"@type\":[\"WebPage\",\"ItemPage\"],\"@id\":\"https:\\\/\\\/vmsport.fi\\\/verkkokauppa\\\/varaosat\\\/voimansiirto\\\/takarattaat\\\/kasetti-11-v-11-42-cs-m5100-11-deore\\\/\",\"url\":\"https:\\\/\\\/vmsport.fi\\\/verkkokauppa\\\/varaosat\\\/voimansiirto\\\/takarattaat\\\/kasetti-11-v-11-42-cs-m5100-11-deore\\\/\",\"name\":\"Kasetti 11-v 11-42 CS-M5100-11 Deore - VM Sport\",\"isPartOf\":{\"@id\":\"https:\\\/\\\/vmsport.fi\\\/#website\"},\"primaryImageOfPage\":{\"@id\":\"https:\\\/\\\/vmsport.fi\\\/verkkokauppa\\\/varaosat\\\/voimansiirto\\\/takarattaat\\\/kasetti-11-v-11-42-cs-m5100-11-deore\\\/#primaryimage\"},\"image\":{\"@id\":\"https:\\\/\\\/vmsport.fi\\\/verkkokauppa\\\/varaosat\\\/voimansiirto\\\/takarattaat\\\/kasetti-11-v-11-42-cs-m5100-11-deore\\\/#primaryimage\"},\"thumbnailUrl\":\"https:\\\/\\\/vmsport.fi\\\/wp-content\\\/uploads\\\/2025\\\/03\\\/e6wWYfIGKlcIca6dQ5xW918U6WtsHt6KYwQC1CNYzaY5DQThyT-1.jpg\",\"datePublished\":\"2025-03-05T22:14:28+00:00\",\"dateModified\":\"2026-02-24T00:00:44+00:00\",\"breadcrumb\":{\"@id\":\"https:\\\/\\\/vmsport.fi\\\/verkkokauppa\\\/varaosat\\\/voimansiirto\\\/takarattaat\\\/kasetti-11-v-11-42-cs-m5100-11-deore\\\/#breadcrumb\"},\"inLanguage\":\"sv-SE\",\"potentialAction\":[{\"@type\":\"ReadAction\",\"target\":[\"https:\\\/\\\/vmsport.fi\\\/verkkokauppa\\\/varaosat\\\/voimansiirto\\\/takarattaat\\\/kasetti-11-v-11-42-cs-m5100-11-deore\\\/\"]}]},{\"@type\":\"ImageObject\",\"inLanguage\":\"sv-SE\",\"@id\":\"https:\\\/\\\/vmsport.fi\\\/verkkokauppa\\\/varaosat\\\/voimansiirto\\\/takarattaat\\\/kasetti-11-v-11-42-cs-m5100-11-deore\\\/#primaryimage\",\"url\":\"https:\\\/\\\/vmsport.fi\\\/wp-content\\\/uploads\\\/2025\\\/03\\\/e6wWYfIGKlcIca6dQ5xW918U6WtsHt6KYwQC1CNYzaY5DQThyT-1.jpg\",\"contentUrl\":\"https:\\\/\\\/vmsport.fi\\\/wp-content\\\/uploads\\\/2025\\\/03\\\/e6wWYfIGKlcIca6dQ5xW918U6WtsHt6KYwQC1CNYzaY5DQThyT-1.jpg\",\"width\":600,\"height\":600,\"caption\":\"e6wWYfIGKlcIca6dQ5xW918U6WtsHt6KYwQC1CNYzaY5DQThyT\"},{\"@type\":\"BreadcrumbList\",\"@id\":\"https:\\\/\\\/vmsport.fi\\\/verkkokauppa\\\/varaosat\\\/voimansiirto\\\/takarattaat\\\/kasetti-11-v-11-42-cs-m5100-11-deore\\\/#breadcrumb\",\"itemListElement\":[{\"@type\":\"ListItem\",\"position\":1,\"name\":\"Etusivu\",\"item\":\"https:\\\/\\\/vmsport.fi\\\/\"},{\"@type\":\"ListItem\",\"position\":2,\"name\":\"Online Store\",\"item\":\"https:\\\/\\\/vmsport.fi\\\/en\\\/online-store\\\/\"},{\"@type\":\"ListItem\",\"position\":3,\"name\":\"Kasetti 11-v 11-42 CS-M5100-11 Deore\"}]},{\"@type\":\"WebSite\",\"@id\":\"https:\\\/\\\/vmsport.fi\\\/#website\",\"url\":\"https:\\\/\\\/vmsport.fi\\\/\",\"name\":\"Vmsport\",\"description\":\"Kaikki py\u00f6r\u00e4ilyyn yhdest\u00e4 paikasta\",\"publisher\":{\"@id\":\"https:\\\/\\\/vmsport.fi\\\/#organization\"},\"potentialAction\":[{\"@type\":\"SearchAction\",\"target\":{\"@type\":\"EntryPoint\",\"urlTemplate\":\"https:\\\/\\\/vmsport.fi\\\/?s={search_term_string}\"},\"query-input\":{\"@type\":\"PropertyValueSpecification\",\"valueRequired\":true,\"valueName\":\"search_term_string\"}}],\"inLanguage\":\"sv-SE\"},{\"@type\":\"Organization\",\"@id\":\"https:\\\/\\\/vmsport.fi\\\/#organization\",\"name\":\"Vmsport\",\"url\":\"https:\\\/\\\/vmsport.fi\\\/\",\"logo\":{\"@type\":\"ImageObject\",\"inLanguage\":\"sv-SE\",\"@id\":\"https:\\\/\\\/vmsport.fi\\\/#\\\/schema\\\/logo\\\/image\\\/\",\"url\":\"https:\\\/\\\/vmsport.fi\\\/wp-content\\\/uploads\\\/2024\\\/12\\\/vm_sport_RGB_horisontal-e1734526017575.png\",\"contentUrl\":\"https:\\\/\\\/vmsport.fi\\\/wp-content\\\/uploads\\\/2024\\\/12\\\/vm_sport_RGB_horisontal-e1734526017575.png\",\"width\":668,\"height\":85,\"caption\":\"Vmsport\"},\"image\":{\"@id\":\"https:\\\/\\\/vmsport.fi\\\/#\\\/schema\\\/logo\\\/image\\\/\"},\"sameAs\":[\"https:\\\/\\\/www.facebook.com\\\/Vmsport.fi\\\/\",\"https:\\\/\\\/www.instagram.com\\\/vmsport\\\/\"]}]}<\/script>\n<!-- \/ Yoast SEO plugin. -->","yoast_head_json":{"title":"Kassett 11-v 11-42 CS-M5100-11 Deore - VM Sport","robots":{"index":"index","follow":"follow","max-snippet":"max-snippet:-1","max-image-preview":"max-image-preview:large","max-video-preview":"max-video-preview:-1"},"canonical":"https:\/\/vmsport.fi\/sv\/webbutik\/reservdelar\/transmission\/takarattaat\/kassett-11-v-11-42-cs-m5100-11-deore\/","og_locale":"sv_SE","og_type":"article","og_title":"Kasetti 11-v 11-42 CS-M5100-11 Deore - VM Sport","og_description":"Shimano Deore CS-M5100 -kasetti, jossa on 11 vaihdetta, tarjoaa laajan 11-42T v\u00e4lityssuhteen, mik\u00e4 tekee siit\u00e4 erinomaisen valinnan sujuvaan ajokokemukseen. T\u00e4m\u00e4 kevyt ja yksinkertainen malli on varustettu vahvistetulla hammasrattaan tukirakenteella, joka parantaa kest\u00e4vyytt\u00e4 ja tehoa py\u00f6r\u00e4n voimansiirrossa. T\u00e4ydellinen niille, jotka arvostavat tehokkuutta ja luotettavuutta jokap\u00e4iv\u00e4isess\u00e4 ajossa. [...]L\u00e4s mer \u2026 from Kasetti 11-v 11-42 CS-M5100-11 Deore","og_url":"https:\/\/vmsport.fi\/sv\/webbutik\/reservdelar\/transmission\/takarattaat\/kassett-11-v-11-42-cs-m5100-11-deore\/","og_site_name":"VM Sport","article_publisher":"https:\/\/www.facebook.com\/Vmsport.fi\/","article_modified_time":"2026-02-24T00:00:44+00:00","og_image":[{"width":600,"height":600,"url":"https:\/\/vmsport.fi\/wp-content\/uploads\/2025\/03\/e6wWYfIGKlcIca6dQ5xW918U6WtsHt6KYwQC1CNYzaY5DQThyT-1.jpg","type":"image\/jpeg"}],"twitter_card":"summary_large_image","schema":{"@context":"https:\/\/schema.org","@graph":[{"@type":["WebPage","ItemPage"],"@id":"https:\/\/vmsport.fi\/verkkokauppa\/varaosat\/voimansiirto\/takarattaat\/kasetti-11-v-11-42-cs-m5100-11-deore\/","url":"https:\/\/vmsport.fi\/verkkokauppa\/varaosat\/voimansiirto\/takarattaat\/kasetti-11-v-11-42-cs-m5100-11-deore\/","name":"Kassett 11-v 11-42 CS-M5100-11 Deore - VM Sport","isPartOf":{"@id":"https:\/\/vmsport.fi\/#website"},"primaryImageOfPage":{"@id":"https:\/\/vmsport.fi\/verkkokauppa\/varaosat\/voimansiirto\/takarattaat\/kasetti-11-v-11-42-cs-m5100-11-deore\/#primaryimage"},"image":{"@id":"https:\/\/vmsport.fi\/verkkokauppa\/varaosat\/voimansiirto\/takarattaat\/kasetti-11-v-11-42-cs-m5100-11-deore\/#primaryimage"},"thumbnailUrl":"https:\/\/vmsport.fi\/wp-content\/uploads\/2025\/03\/e6wWYfIGKlcIca6dQ5xW918U6WtsHt6KYwQC1CNYzaY5DQThyT-1.jpg","datePublished":"2025-03-05T22:14:28+00:00","dateModified":"2026-02-24T00:00:44+00:00","breadcrumb":{"@id":"https:\/\/vmsport.fi\/verkkokauppa\/varaosat\/voimansiirto\/takarattaat\/kasetti-11-v-11-42-cs-m5100-11-deore\/#breadcrumb"},"inLanguage":"sv-SE","potentialAction":[{"@type":"ReadAction","target":["https:\/\/vmsport.fi\/verkkokauppa\/varaosat\/voimansiirto\/takarattaat\/kasetti-11-v-11-42-cs-m5100-11-deore\/"]}]},{"@type":"ImageObject","inLanguage":"sv-SE","@id":"https:\/\/vmsport.fi\/verkkokauppa\/varaosat\/voimansiirto\/takarattaat\/kasetti-11-v-11-42-cs-m5100-11-deore\/#primaryimage","url":"https:\/\/vmsport.fi\/wp-content\/uploads\/2025\/03\/e6wWYfIGKlcIca6dQ5xW918U6WtsHt6KYwQC1CNYzaY5DQThyT-1.jpg","contentUrl":"https:\/\/vmsport.fi\/wp-content\/uploads\/2025\/03\/e6wWYfIGKlcIca6dQ5xW918U6WtsHt6KYwQC1CNYzaY5DQThyT-1.jpg","width":600,"height":600,"caption":"e6wWYfIGKlcIca6dQ5xW918U6WtsHt6KYwQC1CNYzaY5DQThyT"},{"@type":"BreadcrumbList","@id":"https:\/\/vmsport.fi\/verkkokauppa\/varaosat\/voimansiirto\/takarattaat\/kasetti-11-v-11-42-cs-m5100-11-deore\/#breadcrumb","itemListElement":[{"@type":"ListItem","position":1,"name":"Etusivu","item":"https:\/\/vmsport.fi\/"},{"@type":"ListItem","position":2,"name":"Online Store","item":"https:\/\/vmsport.fi\/en\/online-store\/"},{"@type":"ListItem","position":3,"name":"Kasetti 11-v 11-42 CS-M5100-11 Deore"}]},{"@type":"WebSite","@id":"https:\/\/vmsport.fi\/#website","url":"https:\/\/vmsport.fi\/","name":"Vmsport","description":"Allt p\u00e5 ett st\u00e4lle f\u00f6r cykling","publisher":{"@id":"https:\/\/vmsport.fi\/#organization"},"potentialAction":[{"@type":"SearchAction","target":{"@type":"EntryPoint","urlTemplate":"https:\/\/vmsport.fi\/?s={search_term_string}"},"query-input":{"@type":"PropertyValueSpecification","valueRequired":true,"valueName":"search_term_string"}}],"inLanguage":"sv-SE"},{"@type":"Organization","@id":"https:\/\/vmsport.fi\/#organization","name":"Vmsport","url":"https:\/\/vmsport.fi\/","logo":{"@type":"ImageObject","inLanguage":"sv-SE","@id":"https:\/\/vmsport.fi\/#\/schema\/logo\/image\/","url":"https:\/\/vmsport.fi\/wp-content\/uploads\/2024\/12\/vm_sport_RGB_horisontal-e1734526017575.png","contentUrl":"https:\/\/vmsport.fi\/wp-content\/uploads\/2024\/12\/vm_sport_RGB_horisontal-e1734526017575.png","width":668,"height":85,"caption":"Vmsport"},"image":{"@id":"https:\/\/vmsport.fi\/#\/schema\/logo\/image\/"},"sameAs":["https:\/\/www.facebook.com\/Vmsport.fi\/","https:\/\/www.instagram.com\/vmsport\/"]}]}},"global_unique_id":"","_links":{"self":[{"href":"https:\/\/vmsport.fi\/sv\/wp-json\/wp\/v2\/product\/55970","targetHints":{"allow":["GET"]}}],"collection":[{"href":"https:\/\/vmsport.fi\/sv\/wp-json\/wp\/v2\/product"}],"about":[{"href":"https:\/\/vmsport.fi\/sv\/wp-json\/wp\/v2\/types\/product"}],"replies":[{"embeddable":true,"href":"https:\/\/vmsport.fi\/sv\/wp-json\/wp\/v2\/comments?post=55970"}],"wp:featuredmedia":[{"embeddable":true,"href":"https:\/\/vmsport.fi\/sv\/wp-json\/wp\/v2\/media\/55969"}],"wp:attachment":[{"href":"https:\/\/vmsport.fi\/sv\/wp-json\/wp\/v2\/media?parent=55970"}],"wp:term":[{"taxonomy":"product_brand","embeddable":true,"href":"https:\/\/vmsport.fi\/sv\/wp-json\/wp\/v2\/product_brand?post=55970"},{"taxonomy":"product_model","embeddable":true,"href":"https:\/\/vmsport.fi\/sv\/wp-json\/wp\/v2\/product_model?post=55970"},{"taxonomy":"product_cat","embeddable":true,"href":"https:\/\/vmsport.fi\/sv\/wp-json\/wp\/v2\/product_cat?post=55970"},{"taxonomy":"product_tag","embeddable":true,"href":"https:\/\/vmsport.fi\/sv\/wp-json\/wp\/v2\/product_tag?post=55970"},{"taxonomy":"industry_terminology","embeddable":true,"href":"https:\/\/vmsport.fi\/sv\/wp-json\/wp\/v2\/industry-terminology?post=55970"}],"curies":[{"name":"wp","href":"https:\/\/api.w.org\/{rel}","templated":true}]}}