{"id":55964,"date":"2025-03-06T00:14:25","date_gmt":"2025-03-05T22:14:25","guid":{"rendered":"https:\/\/vmsport.fi\/verkkokauppa\/Ei-luokiteltu\/bontrager-bontrager-rapid-drive-11-speed-freewheelbody\/"},"modified":"2026-03-23T18:02:51","modified_gmt":"2026-03-23T16:02:51","slug":"bontrager-bontrager-rapid-drive-11-vaxlad-frihjulskropp","status":"publish","type":"product","link":"https:\/\/vmsport.fi\/sv\/verkkokauppa\/varaosat\/kiekot-ja-navat\/vapaarattaat\/bontrager-bontrager-rapid-drive-11-speed-freewheelbody\/","title":{"rendered":"Bontrager Bontrager Rapid Drive 11-v\u00e4xlad frihjulskropp"},"content":{"rendered":"<p>Bontrager Rapid Drive 11-v\u00e4xlad frihubb \u00e4r s\u00e4rskilt utformad f\u00f6r Bontrager Rapid Drive 108-nav, vilket g\u00f6r den till ett utm\u00e4rkt val f\u00f6r uppgradering eller ombyggnad av hjul. Genom att anv\u00e4nda denna frihub f\u00e5r du en j\u00e4mn och tillf\u00f6rlitlig v\u00e4xell\u00e5da. Fj\u00e4drarna och krokarna som kr\u00e4vs f\u00f6r installationen s\u00e4ljs separat, men frihubben \u00e4r kompatibel med 11-v\u00e4xlade system. Det \u00e4r ett perfekt val f\u00f6r cyklister som vill uppgradera sin nuvarande cykel med en kvalitetsdel fr\u00e5n Bontrager.<\/p>","protected":false},"excerpt":{"rendered":"<p>Bontrager Rapid Drive 11-vaihteinen vapaakappale on erityisesti suunniteltu Bontrager Rapid Drive 108 -napoihin, mik\u00e4 tekee siit\u00e4 erinomaisen valinnan py\u00f6rien p\u00e4ivitykseen tai uudistamiseen. T\u00e4m\u00e4n vapaakappaleen k\u00e4ytt\u00f6 takaa tasaisen ja luotettavan voimansiirron. Asennukseen tarvittavat jouset ja hakaset myyd\u00e4\u00e4n erikseen, mutta vapaakappale on yhteensopiva 11-vaihteisten j\u00e4rjestelmien kanssa. Se on ihanteellinen valinta py\u00f6r\u00e4ilij\u00f6ille, jotka haluavat parantaa nykyist\u00e4 py\u00f6r\u00e4\u00e4ns\u00e4 laadukkaalla [&#8230;]<\/p>\n<p><a class=\"btn btn-secondary understrap-read-more-link\" href=\"https:\/\/vmsport.fi\/sv\/verkkokauppa\/varaosat\/kiekot-ja-navat\/vapaarattaat\/bontrager-bontrager-rapid-drive-11-speed-freewheelbody\/\">L\u00e4s mer \u2026<span class=\"screen-reader-text\"> from Bontrager Bontrager Rapid Drive 11-speed freewheelbody<\/span><\/a><\/p>\n","protected":false},"featured_media":55962,"comment_status":"open","ping_status":"closed","template":"","meta":{"_acf_changed":false,"_improvement_type_select":"improve_an_existing","_thumb_yes_seoaic":false,"_frame_yes_seoaic":false,"seoaic_generate_description":"","seoaic_improve_instructions_prompt":"","seoaic_rollback_content_improvement":"","seoaic_idea_thumbnail_generator":"","thumbnail_generated":false,"thumbnail_generate_prompt":"","seoaic_article_description":"","_supplier_stock_quantity":0},"product_brand":[],"product_model":[],"product_cat":[9472],"product_tag":[],"industry-terminology":[],"class_list":{"0":"post-55964","1":"product","2":"type-product","3":"status-publish","4":"has-post-thumbnail","6":"product_cat-vapaarattaat","8":"first","9":"outofstock","10":"taxable","11":"shipping-taxable","12":"product-type-simple"},"acf":{"bike_features":null,"overview":{"copy_overview":null,"key_features":null,"statement":"","youtube_url":""}},"yoast_head":"<!-- This site is optimized with the Yoast SEO plugin v27.3 - https:\/\/yoast.com\/product\/yoast-seo-wordpress\/ -->\n<title>Bontrager Bontrager Rapid Drive 11-speed freewheelbody - VM Sport<\/title>\n<meta name=\"robots\" content=\"index, follow, max-snippet:-1, max-image-preview:large, max-video-preview:-1\" \/>\n<link rel=\"canonical\" href=\"https:\/\/vmsport.fi\/sv\/webbutik\/reservdelar\/skivor-och-nav\/frihjul\/bontrager-bontrager-rapid-drive-11-vaxlad-frihjulskropp\/\" \/>\n<meta property=\"og:locale\" content=\"sv_SE\" \/>\n<meta property=\"og:type\" content=\"article\" \/>\n<meta property=\"og:title\" content=\"Bontrager Bontrager Rapid Drive 11-speed freewheelbody - VM Sport\" \/>\n<meta property=\"og:description\" content=\"Bontrager Rapid Drive 11-vaihteinen vapaakappale on erityisesti suunniteltu Bontrager Rapid Drive 108 -napoihin, mik\u00e4 tekee siit\u00e4 erinomaisen valinnan py\u00f6rien p\u00e4ivitykseen tai uudistamiseen. T\u00e4m\u00e4n vapaakappaleen k\u00e4ytt\u00f6 takaa tasaisen ja luotettavan voimansiirron. Asennukseen tarvittavat jouset ja hakaset myyd\u00e4\u00e4n erikseen, mutta vapaakappale on yhteensopiva 11-vaihteisten j\u00e4rjestelmien kanssa. Se on ihanteellinen valinta py\u00f6r\u00e4ilij\u00f6ille, jotka haluavat parantaa nykyist\u00e4 py\u00f6r\u00e4\u00e4ns\u00e4 laadukkaalla [...]L\u00e4s mer \u2026 from Bontrager Bontrager Rapid Drive 11-speed freewheelbody\" \/>\n<meta property=\"og:url\" content=\"https:\/\/vmsport.fi\/sv\/webbutik\/reservdelar\/skivor-och-nav\/frihjul\/bontrager-bontrager-rapid-drive-11-vaxlad-frihjulskropp\/\" \/>\n<meta property=\"og:site_name\" content=\"VM Sport\" \/>\n<meta property=\"article:publisher\" content=\"https:\/\/www.facebook.com\/Vmsport.fi\/\" \/>\n<meta property=\"article:modified_time\" content=\"2026-03-23T16:02:51+00:00\" \/>\n<meta property=\"og:image\" content=\"https:\/\/vmsport.fi\/wp-content\/uploads\/2025\/03\/3Hi2G6TOOgRwVytZUuu9nTKg7shnVJp91gl4N3bTc0DOXssPlX-1.jpg\" \/>\n\t<meta property=\"og:image:width\" content=\"1000\" \/>\n\t<meta property=\"og:image:height\" content=\"540\" \/>\n\t<meta property=\"og:image:type\" content=\"image\/jpeg\" \/>\n<meta name=\"twitter:card\" content=\"summary_large_image\" \/>\n<script type=\"application\/ld+json\" class=\"yoast-schema-graph\">{\"@context\":\"https:\\\/\\\/schema.org\",\"@graph\":[{\"@type\":[\"WebPage\",\"ItemPage\"],\"@id\":\"https:\\\/\\\/vmsport.fi\\\/verkkokauppa\\\/varaosat\\\/kiekot-ja-navat\\\/vapaarattaat\\\/bontrager-bontrager-rapid-drive-11-speed-freewheelbody\\\/\",\"url\":\"https:\\\/\\\/vmsport.fi\\\/verkkokauppa\\\/varaosat\\\/kiekot-ja-navat\\\/vapaarattaat\\\/bontrager-bontrager-rapid-drive-11-speed-freewheelbody\\\/\",\"name\":\"Bontrager Bontrager Rapid Drive 11-speed freewheelbody - VM Sport\",\"isPartOf\":{\"@id\":\"https:\\\/\\\/vmsport.fi\\\/#website\"},\"primaryImageOfPage\":{\"@id\":\"https:\\\/\\\/vmsport.fi\\\/verkkokauppa\\\/varaosat\\\/kiekot-ja-navat\\\/vapaarattaat\\\/bontrager-bontrager-rapid-drive-11-speed-freewheelbody\\\/#primaryimage\"},\"image\":{\"@id\":\"https:\\\/\\\/vmsport.fi\\\/verkkokauppa\\\/varaosat\\\/kiekot-ja-navat\\\/vapaarattaat\\\/bontrager-bontrager-rapid-drive-11-speed-freewheelbody\\\/#primaryimage\"},\"thumbnailUrl\":\"https:\\\/\\\/vmsport.fi\\\/wp-content\\\/uploads\\\/2025\\\/03\\\/3Hi2G6TOOgRwVytZUuu9nTKg7shnVJp91gl4N3bTc0DOXssPlX-1.jpg\",\"datePublished\":\"2025-03-05T22:14:25+00:00\",\"dateModified\":\"2026-03-23T16:02:51+00:00\",\"breadcrumb\":{\"@id\":\"https:\\\/\\\/vmsport.fi\\\/verkkokauppa\\\/varaosat\\\/kiekot-ja-navat\\\/vapaarattaat\\\/bontrager-bontrager-rapid-drive-11-speed-freewheelbody\\\/#breadcrumb\"},\"inLanguage\":\"sv-SE\",\"potentialAction\":[{\"@type\":\"ReadAction\",\"target\":[\"https:\\\/\\\/vmsport.fi\\\/verkkokauppa\\\/varaosat\\\/kiekot-ja-navat\\\/vapaarattaat\\\/bontrager-bontrager-rapid-drive-11-speed-freewheelbody\\\/\"]}]},{\"@type\":\"ImageObject\",\"inLanguage\":\"sv-SE\",\"@id\":\"https:\\\/\\\/vmsport.fi\\\/verkkokauppa\\\/varaosat\\\/kiekot-ja-navat\\\/vapaarattaat\\\/bontrager-bontrager-rapid-drive-11-speed-freewheelbody\\\/#primaryimage\",\"url\":\"https:\\\/\\\/vmsport.fi\\\/wp-content\\\/uploads\\\/2025\\\/03\\\/3Hi2G6TOOgRwVytZUuu9nTKg7shnVJp91gl4N3bTc0DOXssPlX-1.jpg\",\"contentUrl\":\"https:\\\/\\\/vmsport.fi\\\/wp-content\\\/uploads\\\/2025\\\/03\\\/3Hi2G6TOOgRwVytZUuu9nTKg7shnVJp91gl4N3bTc0DOXssPlX-1.jpg\",\"width\":1000,\"height\":540,\"caption\":\"3Hi2G6TOOgRwVytZUuu9nTKg7shnVJp91gl4N3bTc0DOXssPlX\"},{\"@type\":\"BreadcrumbList\",\"@id\":\"https:\\\/\\\/vmsport.fi\\\/verkkokauppa\\\/varaosat\\\/kiekot-ja-navat\\\/vapaarattaat\\\/bontrager-bontrager-rapid-drive-11-speed-freewheelbody\\\/#breadcrumb\",\"itemListElement\":[{\"@type\":\"ListItem\",\"position\":1,\"name\":\"Etusivu\",\"item\":\"https:\\\/\\\/vmsport.fi\\\/\"},{\"@type\":\"ListItem\",\"position\":2,\"name\":\"Online Store\",\"item\":\"https:\\\/\\\/vmsport.fi\\\/en\\\/online-store\\\/\"},{\"@type\":\"ListItem\",\"position\":3,\"name\":\"Bontrager Bontrager Rapid Drive 11-speed freewheelbody\"}]},{\"@type\":\"WebSite\",\"@id\":\"https:\\\/\\\/vmsport.fi\\\/#website\",\"url\":\"https:\\\/\\\/vmsport.fi\\\/\",\"name\":\"Vmsport\",\"description\":\"Kaikki py\u00f6r\u00e4ilyyn yhdest\u00e4 paikasta\",\"publisher\":{\"@id\":\"https:\\\/\\\/vmsport.fi\\\/#organization\"},\"potentialAction\":[{\"@type\":\"SearchAction\",\"target\":{\"@type\":\"EntryPoint\",\"urlTemplate\":\"https:\\\/\\\/vmsport.fi\\\/?s={search_term_string}\"},\"query-input\":{\"@type\":\"PropertyValueSpecification\",\"valueRequired\":true,\"valueName\":\"search_term_string\"}}],\"inLanguage\":\"sv-SE\"},{\"@type\":\"Organization\",\"@id\":\"https:\\\/\\\/vmsport.fi\\\/#organization\",\"name\":\"Vmsport\",\"url\":\"https:\\\/\\\/vmsport.fi\\\/\",\"logo\":{\"@type\":\"ImageObject\",\"inLanguage\":\"sv-SE\",\"@id\":\"https:\\\/\\\/vmsport.fi\\\/#\\\/schema\\\/logo\\\/image\\\/\",\"url\":\"https:\\\/\\\/vmsport.fi\\\/wp-content\\\/uploads\\\/2024\\\/12\\\/vm_sport_RGB_horisontal-e1734526017575.png\",\"contentUrl\":\"https:\\\/\\\/vmsport.fi\\\/wp-content\\\/uploads\\\/2024\\\/12\\\/vm_sport_RGB_horisontal-e1734526017575.png\",\"width\":668,\"height\":85,\"caption\":\"Vmsport\"},\"image\":{\"@id\":\"https:\\\/\\\/vmsport.fi\\\/#\\\/schema\\\/logo\\\/image\\\/\"},\"sameAs\":[\"https:\\\/\\\/www.facebook.com\\\/Vmsport.fi\\\/\",\"https:\\\/\\\/www.instagram.com\\\/vmsport\\\/\"]}]}<\/script>\n<!-- \/ Yoast SEO plugin. -->","yoast_head_json":{"title":"Bontrager Bontrager Rapid Drive 11-v\u00e4xlad frihjulskropp - VM Sport","robots":{"index":"index","follow":"follow","max-snippet":"max-snippet:-1","max-image-preview":"max-image-preview:large","max-video-preview":"max-video-preview:-1"},"canonical":"https:\/\/vmsport.fi\/sv\/webbutik\/reservdelar\/skivor-och-nav\/frihjul\/bontrager-bontrager-rapid-drive-11-vaxlad-frihjulskropp\/","og_locale":"sv_SE","og_type":"article","og_title":"Bontrager Bontrager Rapid Drive 11-speed freewheelbody - VM Sport","og_description":"Bontrager Rapid Drive 11-vaihteinen vapaakappale on erityisesti suunniteltu Bontrager Rapid Drive 108 -napoihin, mik\u00e4 tekee siit\u00e4 erinomaisen valinnan py\u00f6rien p\u00e4ivitykseen tai uudistamiseen. T\u00e4m\u00e4n vapaakappaleen k\u00e4ytt\u00f6 takaa tasaisen ja luotettavan voimansiirron. Asennukseen tarvittavat jouset ja hakaset myyd\u00e4\u00e4n erikseen, mutta vapaakappale on yhteensopiva 11-vaihteisten j\u00e4rjestelmien kanssa. Se on ihanteellinen valinta py\u00f6r\u00e4ilij\u00f6ille, jotka haluavat parantaa nykyist\u00e4 py\u00f6r\u00e4\u00e4ns\u00e4 laadukkaalla [...]L\u00e4s mer \u2026 from Bontrager Bontrager Rapid Drive 11-speed freewheelbody","og_url":"https:\/\/vmsport.fi\/sv\/webbutik\/reservdelar\/skivor-och-nav\/frihjul\/bontrager-bontrager-rapid-drive-11-vaxlad-frihjulskropp\/","og_site_name":"VM Sport","article_publisher":"https:\/\/www.facebook.com\/Vmsport.fi\/","article_modified_time":"2026-03-23T16:02:51+00:00","og_image":[{"width":1000,"height":540,"url":"https:\/\/vmsport.fi\/wp-content\/uploads\/2025\/03\/3Hi2G6TOOgRwVytZUuu9nTKg7shnVJp91gl4N3bTc0DOXssPlX-1.jpg","type":"image\/jpeg"}],"twitter_card":"summary_large_image","schema":{"@context":"https:\/\/schema.org","@graph":[{"@type":["WebPage","ItemPage"],"@id":"https:\/\/vmsport.fi\/verkkokauppa\/varaosat\/kiekot-ja-navat\/vapaarattaat\/bontrager-bontrager-rapid-drive-11-speed-freewheelbody\/","url":"https:\/\/vmsport.fi\/verkkokauppa\/varaosat\/kiekot-ja-navat\/vapaarattaat\/bontrager-bontrager-rapid-drive-11-speed-freewheelbody\/","name":"Bontrager Bontrager Rapid Drive 11-v\u00e4xlad frihjulskropp - VM Sport","isPartOf":{"@id":"https:\/\/vmsport.fi\/#website"},"primaryImageOfPage":{"@id":"https:\/\/vmsport.fi\/verkkokauppa\/varaosat\/kiekot-ja-navat\/vapaarattaat\/bontrager-bontrager-rapid-drive-11-speed-freewheelbody\/#primaryimage"},"image":{"@id":"https:\/\/vmsport.fi\/verkkokauppa\/varaosat\/kiekot-ja-navat\/vapaarattaat\/bontrager-bontrager-rapid-drive-11-speed-freewheelbody\/#primaryimage"},"thumbnailUrl":"https:\/\/vmsport.fi\/wp-content\/uploads\/2025\/03\/3Hi2G6TOOgRwVytZUuu9nTKg7shnVJp91gl4N3bTc0DOXssPlX-1.jpg","datePublished":"2025-03-05T22:14:25+00:00","dateModified":"2026-03-23T16:02:51+00:00","breadcrumb":{"@id":"https:\/\/vmsport.fi\/verkkokauppa\/varaosat\/kiekot-ja-navat\/vapaarattaat\/bontrager-bontrager-rapid-drive-11-speed-freewheelbody\/#breadcrumb"},"inLanguage":"sv-SE","potentialAction":[{"@type":"ReadAction","target":["https:\/\/vmsport.fi\/verkkokauppa\/varaosat\/kiekot-ja-navat\/vapaarattaat\/bontrager-bontrager-rapid-drive-11-speed-freewheelbody\/"]}]},{"@type":"ImageObject","inLanguage":"sv-SE","@id":"https:\/\/vmsport.fi\/verkkokauppa\/varaosat\/kiekot-ja-navat\/vapaarattaat\/bontrager-bontrager-rapid-drive-11-speed-freewheelbody\/#primaryimage","url":"https:\/\/vmsport.fi\/wp-content\/uploads\/2025\/03\/3Hi2G6TOOgRwVytZUuu9nTKg7shnVJp91gl4N3bTc0DOXssPlX-1.jpg","contentUrl":"https:\/\/vmsport.fi\/wp-content\/uploads\/2025\/03\/3Hi2G6TOOgRwVytZUuu9nTKg7shnVJp91gl4N3bTc0DOXssPlX-1.jpg","width":1000,"height":540,"caption":"3Hi2G6TOOgRwVytZUuu9nTKg7shnVJp91gl4N3bTc0DOXssPlX"},{"@type":"BreadcrumbList","@id":"https:\/\/vmsport.fi\/verkkokauppa\/varaosat\/kiekot-ja-navat\/vapaarattaat\/bontrager-bontrager-rapid-drive-11-speed-freewheelbody\/#breadcrumb","itemListElement":[{"@type":"ListItem","position":1,"name":"Etusivu","item":"https:\/\/vmsport.fi\/"},{"@type":"ListItem","position":2,"name":"Online Store","item":"https:\/\/vmsport.fi\/en\/online-store\/"},{"@type":"ListItem","position":3,"name":"Bontrager Bontrager Rapid Drive 11-speed freewheelbody"}]},{"@type":"WebSite","@id":"https:\/\/vmsport.fi\/#website","url":"https:\/\/vmsport.fi\/","name":"Vmsport","description":"Allt p\u00e5 ett st\u00e4lle f\u00f6r cykling","publisher":{"@id":"https:\/\/vmsport.fi\/#organization"},"potentialAction":[{"@type":"SearchAction","target":{"@type":"EntryPoint","urlTemplate":"https:\/\/vmsport.fi\/?s={search_term_string}"},"query-input":{"@type":"PropertyValueSpecification","valueRequired":true,"valueName":"search_term_string"}}],"inLanguage":"sv-SE"},{"@type":"Organization","@id":"https:\/\/vmsport.fi\/#organization","name":"Vmsport","url":"https:\/\/vmsport.fi\/","logo":{"@type":"ImageObject","inLanguage":"sv-SE","@id":"https:\/\/vmsport.fi\/#\/schema\/logo\/image\/","url":"https:\/\/vmsport.fi\/wp-content\/uploads\/2024\/12\/vm_sport_RGB_horisontal-e1734526017575.png","contentUrl":"https:\/\/vmsport.fi\/wp-content\/uploads\/2024\/12\/vm_sport_RGB_horisontal-e1734526017575.png","width":668,"height":85,"caption":"Vmsport"},"image":{"@id":"https:\/\/vmsport.fi\/#\/schema\/logo\/image\/"},"sameAs":["https:\/\/www.facebook.com\/Vmsport.fi\/","https:\/\/www.instagram.com\/vmsport\/"]}]}},"global_unique_id":"","_links":{"self":[{"href":"https:\/\/vmsport.fi\/sv\/wp-json\/wp\/v2\/product\/55964","targetHints":{"allow":["GET"]}}],"collection":[{"href":"https:\/\/vmsport.fi\/sv\/wp-json\/wp\/v2\/product"}],"about":[{"href":"https:\/\/vmsport.fi\/sv\/wp-json\/wp\/v2\/types\/product"}],"replies":[{"embeddable":true,"href":"https:\/\/vmsport.fi\/sv\/wp-json\/wp\/v2\/comments?post=55964"}],"wp:featuredmedia":[{"embeddable":true,"href":"https:\/\/vmsport.fi\/sv\/wp-json\/wp\/v2\/media\/55962"}],"wp:attachment":[{"href":"https:\/\/vmsport.fi\/sv\/wp-json\/wp\/v2\/media?parent=55964"}],"wp:term":[{"taxonomy":"product_brand","embeddable":true,"href":"https:\/\/vmsport.fi\/sv\/wp-json\/wp\/v2\/product_brand?post=55964"},{"taxonomy":"product_model","embeddable":true,"href":"https:\/\/vmsport.fi\/sv\/wp-json\/wp\/v2\/product_model?post=55964"},{"taxonomy":"product_cat","embeddable":true,"href":"https:\/\/vmsport.fi\/sv\/wp-json\/wp\/v2\/product_cat?post=55964"},{"taxonomy":"product_tag","embeddable":true,"href":"https:\/\/vmsport.fi\/sv\/wp-json\/wp\/v2\/product_tag?post=55964"},{"taxonomy":"industry_terminology","embeddable":true,"href":"https:\/\/vmsport.fi\/sv\/wp-json\/wp\/v2\/industry-terminology?post=55964"}],"curies":[{"name":"wp","href":"https:\/\/api.w.org\/{rel}","templated":true}]}}