{"id":55961,"date":"2025-03-06T00:14:23","date_gmt":"2025-03-05T22:14:23","guid":{"rendered":"https:\/\/vmsport.fi\/verkkokauppa\/Ei-luokiteltu\/teline-intuvia-100-318-mm\/"},"modified":"2026-04-22T15:00:46","modified_gmt":"2026-04-22T12:00:46","slug":"rack-intuvia-100-318-mm","status":"publish","type":"product","link":"https:\/\/vmsport.fi\/sv\/verkkokauppa\/tarvikkeet\/ajotietokoneet-ja-harjoitusvastukset\/ajotietokoneet\/teline-intuvia-100-318-mm\/","title":{"rendered":"Kuggst\u00e5ng Intuvia 100, 31,8 mm"},"content":{"rendered":"<p>Intuvia 100 \u00e4r ett innovativt styrtillbeh\u00f6r som \u00e4r utformat f\u00f6r att passa runt en 31,8 mm-st\u00e5ng. V\u00e4l p\u00e5 plats ger det intelligenta systemet en s\u00e4ker anv\u00e4ndarupplevelse genom en p\u00e5litlig l\u00e5smekanism. Stativet \u00e4r det perfekta valet f\u00f6r b\u00e5de vardagliga turer och l\u00e4ngre resor och s\u00e4kerst\u00e4ller att din enhet sitter stadigt p\u00e5 plats och \u00e4r l\u00e4ttillg\u00e4nglig i alla situationer.<\/p>","protected":false},"excerpt":{"rendered":"<p>Intuvia 100 -teline on innovatiivinen ohjaustangon lis\u00e4varuste, joka on suunniteltu sopimaan 31,8 mm tangon ymp\u00e4rille. Kun se on kiinnitetty paikoilleen, sen \u00e4lyk\u00e4s j\u00e4rjestelm\u00e4 tarjoaa turvallisen k\u00e4ytt\u00f6kokemuksen luotettavan lukitusmekanismin avulla. Se on t\u00e4ydellinen valinta sek\u00e4 arjen ajoihin ett\u00e4 pidemmille matkoille, sill\u00e4 teline varmistaa, ett\u00e4 laitteesi pysyy tukevasti paikallaan ja on helposti saavutettavissa kaikissa tilanteissa. [&#8230;]<\/p>\n<p><a class=\"btn btn-secondary understrap-read-more-link\" href=\"https:\/\/vmsport.fi\/sv\/verkkokauppa\/tarvikkeet\/ajotietokoneet-ja-harjoitusvastukset\/ajotietokoneet\/teline-intuvia-100-318-mm\/\">L\u00e4s mer \u2026<span class=\"screen-reader-text\"> from Teline Intuvia 100, 31,8 mm<\/span><\/a><\/p>\n","protected":false},"featured_media":55960,"comment_status":"open","ping_status":"closed","template":"","meta":{"_acf_changed":false,"_improvement_type_select":"improve_an_existing","_thumb_yes_seoaic":false,"_frame_yes_seoaic":false,"seoaic_generate_description":"","seoaic_improve_instructions_prompt":"","seoaic_rollback_content_improvement":"","seoaic_idea_thumbnail_generator":"","thumbnail_generated":false,"thumbnail_generate_prompt":"","seoaic_article_description":"","_supplier_stock_quantity":0},"product_brand":[],"product_model":[],"product_cat":[9266],"product_tag":[],"industry-terminology":[],"class_list":{"0":"post-55961","1":"product","2":"type-product","3":"status-publish","4":"has-post-thumbnail","6":"product_cat-ajotietokoneet","8":"first","9":"outofstock","10":"taxable","11":"shipping-taxable","12":"product-type-simple"},"acf":{"bike_features":null,"overview":{"copy_overview":null,"key_features":null,"statement":"","youtube_url":""}},"yoast_head":"<!-- This site is optimized with the Yoast SEO plugin v27.4 - https:\/\/yoast.com\/product\/yoast-seo-wordpress\/ -->\n<title>Teline Intuvia 100, 31,8 mm - VM Sport<\/title>\n<meta name=\"robots\" content=\"index, follow, max-snippet:-1, max-image-preview:large, max-video-preview:-1\" \/>\n<link rel=\"canonical\" href=\"https:\/\/vmsport.fi\/sv\/webbutik\/tillbehor\/kordatorer-och-utbildningshjalpmedel\/korning-av-datorer\/rack-intuvia-100-318-mm\/\" \/>\n<meta property=\"og:locale\" content=\"sv_SE\" \/>\n<meta property=\"og:type\" content=\"article\" \/>\n<meta property=\"og:title\" content=\"Teline Intuvia 100, 31,8 mm - VM Sport\" \/>\n<meta property=\"og:description\" content=\"Intuvia 100 -teline on innovatiivinen ohjaustangon lis\u00e4varuste, joka on suunniteltu sopimaan 31,8 mm tangon ymp\u00e4rille. Kun se on kiinnitetty paikoilleen, sen \u00e4lyk\u00e4s j\u00e4rjestelm\u00e4 tarjoaa turvallisen k\u00e4ytt\u00f6kokemuksen luotettavan lukitusmekanismin avulla. Se on t\u00e4ydellinen valinta sek\u00e4 arjen ajoihin ett\u00e4 pidemmille matkoille, sill\u00e4 teline varmistaa, ett\u00e4 laitteesi pysyy tukevasti paikallaan ja on helposti saavutettavissa kaikissa tilanteissa. [...]L\u00e4s mer \u2026 from Teline Intuvia 100, 31,8 mm\" \/>\n<meta property=\"og:url\" content=\"https:\/\/vmsport.fi\/sv\/webbutik\/tillbehor\/kordatorer-och-utbildningshjalpmedel\/korning-av-datorer\/rack-intuvia-100-318-mm\/\" \/>\n<meta property=\"og:site_name\" content=\"VM Sport\" \/>\n<meta property=\"article:publisher\" content=\"https:\/\/www.facebook.com\/Vmsport.fi\/\" \/>\n<meta property=\"article:modified_time\" content=\"2026-04-22T12:00:46+00:00\" \/>\n<meta property=\"og:image\" content=\"https:\/\/vmsport.fi\/wp-content\/uploads\/2025\/03\/Teline-Intuvia-100-1.png\" \/>\n\t<meta property=\"og:image:width\" content=\"1000\" \/>\n\t<meta property=\"og:image:height\" content=\"1000\" \/>\n\t<meta property=\"og:image:type\" content=\"image\/png\" \/>\n<meta name=\"twitter:card\" content=\"summary_large_image\" \/>\n<script type=\"application\/ld+json\" class=\"yoast-schema-graph\">{\"@context\":\"https:\\\/\\\/schema.org\",\"@graph\":[{\"@type\":[\"WebPage\",\"ItemPage\"],\"@id\":\"https:\\\/\\\/vmsport.fi\\\/verkkokauppa\\\/tarvikkeet\\\/ajotietokoneet-ja-harjoitusvastukset\\\/ajotietokoneet\\\/teline-intuvia-100-318-mm\\\/\",\"url\":\"https:\\\/\\\/vmsport.fi\\\/verkkokauppa\\\/tarvikkeet\\\/ajotietokoneet-ja-harjoitusvastukset\\\/ajotietokoneet\\\/teline-intuvia-100-318-mm\\\/\",\"name\":\"Teline Intuvia 100, 31,8 mm - VM Sport\",\"isPartOf\":{\"@id\":\"https:\\\/\\\/vmsport.fi\\\/#website\"},\"primaryImageOfPage\":{\"@id\":\"https:\\\/\\\/vmsport.fi\\\/verkkokauppa\\\/tarvikkeet\\\/ajotietokoneet-ja-harjoitusvastukset\\\/ajotietokoneet\\\/teline-intuvia-100-318-mm\\\/#primaryimage\"},\"image\":{\"@id\":\"https:\\\/\\\/vmsport.fi\\\/verkkokauppa\\\/tarvikkeet\\\/ajotietokoneet-ja-harjoitusvastukset\\\/ajotietokoneet\\\/teline-intuvia-100-318-mm\\\/#primaryimage\"},\"thumbnailUrl\":\"https:\\\/\\\/vmsport.fi\\\/wp-content\\\/uploads\\\/2025\\\/03\\\/Teline-Intuvia-100-1.png\",\"datePublished\":\"2025-03-05T22:14:23+00:00\",\"dateModified\":\"2026-04-22T12:00:46+00:00\",\"breadcrumb\":{\"@id\":\"https:\\\/\\\/vmsport.fi\\\/verkkokauppa\\\/tarvikkeet\\\/ajotietokoneet-ja-harjoitusvastukset\\\/ajotietokoneet\\\/teline-intuvia-100-318-mm\\\/#breadcrumb\"},\"inLanguage\":\"sv-SE\",\"potentialAction\":[{\"@type\":\"ReadAction\",\"target\":[\"https:\\\/\\\/vmsport.fi\\\/verkkokauppa\\\/tarvikkeet\\\/ajotietokoneet-ja-harjoitusvastukset\\\/ajotietokoneet\\\/teline-intuvia-100-318-mm\\\/\"]}]},{\"@type\":\"ImageObject\",\"inLanguage\":\"sv-SE\",\"@id\":\"https:\\\/\\\/vmsport.fi\\\/verkkokauppa\\\/tarvikkeet\\\/ajotietokoneet-ja-harjoitusvastukset\\\/ajotietokoneet\\\/teline-intuvia-100-318-mm\\\/#primaryimage\",\"url\":\"https:\\\/\\\/vmsport.fi\\\/wp-content\\\/uploads\\\/2025\\\/03\\\/Teline-Intuvia-100-1.png\",\"contentUrl\":\"https:\\\/\\\/vmsport.fi\\\/wp-content\\\/uploads\\\/2025\\\/03\\\/Teline-Intuvia-100-1.png\",\"width\":1000,\"height\":1000,\"caption\":\"Teline-Intuvia-100\"},{\"@type\":\"BreadcrumbList\",\"@id\":\"https:\\\/\\\/vmsport.fi\\\/verkkokauppa\\\/tarvikkeet\\\/ajotietokoneet-ja-harjoitusvastukset\\\/ajotietokoneet\\\/teline-intuvia-100-318-mm\\\/#breadcrumb\",\"itemListElement\":[{\"@type\":\"ListItem\",\"position\":1,\"name\":\"Etusivu\",\"item\":\"https:\\\/\\\/vmsport.fi\\\/\"},{\"@type\":\"ListItem\",\"position\":2,\"name\":\"Online Store\",\"item\":\"https:\\\/\\\/vmsport.fi\\\/en\\\/online-store\\\/\"},{\"@type\":\"ListItem\",\"position\":3,\"name\":\"Teline Intuvia 100, 31,8 mm\"}]},{\"@type\":\"WebSite\",\"@id\":\"https:\\\/\\\/vmsport.fi\\\/#website\",\"url\":\"https:\\\/\\\/vmsport.fi\\\/\",\"name\":\"Vmsport\",\"description\":\"Kaikki py\u00f6r\u00e4ilyyn yhdest\u00e4 paikasta\",\"publisher\":{\"@id\":\"https:\\\/\\\/vmsport.fi\\\/#organization\"},\"potentialAction\":[{\"@type\":\"SearchAction\",\"target\":{\"@type\":\"EntryPoint\",\"urlTemplate\":\"https:\\\/\\\/vmsport.fi\\\/?s={search_term_string}\"},\"query-input\":{\"@type\":\"PropertyValueSpecification\",\"valueRequired\":true,\"valueName\":\"search_term_string\"}}],\"inLanguage\":\"sv-SE\"},{\"@type\":\"Organization\",\"@id\":\"https:\\\/\\\/vmsport.fi\\\/#organization\",\"name\":\"Vmsport\",\"url\":\"https:\\\/\\\/vmsport.fi\\\/\",\"logo\":{\"@type\":\"ImageObject\",\"inLanguage\":\"sv-SE\",\"@id\":\"https:\\\/\\\/vmsport.fi\\\/#\\\/schema\\\/logo\\\/image\\\/\",\"url\":\"https:\\\/\\\/vmsport.fi\\\/wp-content\\\/uploads\\\/2024\\\/12\\\/vm_sport_RGB_horisontal-e1734526017575.png\",\"contentUrl\":\"https:\\\/\\\/vmsport.fi\\\/wp-content\\\/uploads\\\/2024\\\/12\\\/vm_sport_RGB_horisontal-e1734526017575.png\",\"width\":668,\"height\":85,\"caption\":\"Vmsport\"},\"image\":{\"@id\":\"https:\\\/\\\/vmsport.fi\\\/#\\\/schema\\\/logo\\\/image\\\/\"},\"sameAs\":[\"https:\\\/\\\/www.facebook.com\\\/Vmsport.fi\\\/\",\"https:\\\/\\\/www.instagram.com\\\/vmsport\\\/\"]}]}<\/script>\n<!-- \/ Yoast SEO plugin. -->","yoast_head_json":{"title":"Kuggst\u00e5ng Intuvia 100, 31,8 mm - VM Sport","robots":{"index":"index","follow":"follow","max-snippet":"max-snippet:-1","max-image-preview":"max-image-preview:large","max-video-preview":"max-video-preview:-1"},"canonical":"https:\/\/vmsport.fi\/sv\/webbutik\/tillbehor\/kordatorer-och-utbildningshjalpmedel\/korning-av-datorer\/rack-intuvia-100-318-mm\/","og_locale":"sv_SE","og_type":"article","og_title":"Teline Intuvia 100, 31,8 mm - VM Sport","og_description":"Intuvia 100 -teline on innovatiivinen ohjaustangon lis\u00e4varuste, joka on suunniteltu sopimaan 31,8 mm tangon ymp\u00e4rille. Kun se on kiinnitetty paikoilleen, sen \u00e4lyk\u00e4s j\u00e4rjestelm\u00e4 tarjoaa turvallisen k\u00e4ytt\u00f6kokemuksen luotettavan lukitusmekanismin avulla. Se on t\u00e4ydellinen valinta sek\u00e4 arjen ajoihin ett\u00e4 pidemmille matkoille, sill\u00e4 teline varmistaa, ett\u00e4 laitteesi pysyy tukevasti paikallaan ja on helposti saavutettavissa kaikissa tilanteissa. [...]L\u00e4s mer \u2026 from Teline Intuvia 100, 31,8 mm","og_url":"https:\/\/vmsport.fi\/sv\/webbutik\/tillbehor\/kordatorer-och-utbildningshjalpmedel\/korning-av-datorer\/rack-intuvia-100-318-mm\/","og_site_name":"VM Sport","article_publisher":"https:\/\/www.facebook.com\/Vmsport.fi\/","article_modified_time":"2026-04-22T12:00:46+00:00","og_image":[{"width":1000,"height":1000,"url":"https:\/\/vmsport.fi\/wp-content\/uploads\/2025\/03\/Teline-Intuvia-100-1.png","type":"image\/png"}],"twitter_card":"summary_large_image","schema":{"@context":"https:\/\/schema.org","@graph":[{"@type":["WebPage","ItemPage"],"@id":"https:\/\/vmsport.fi\/verkkokauppa\/tarvikkeet\/ajotietokoneet-ja-harjoitusvastukset\/ajotietokoneet\/teline-intuvia-100-318-mm\/","url":"https:\/\/vmsport.fi\/verkkokauppa\/tarvikkeet\/ajotietokoneet-ja-harjoitusvastukset\/ajotietokoneet\/teline-intuvia-100-318-mm\/","name":"Kuggst\u00e5ng Intuvia 100, 31,8 mm - VM Sport","isPartOf":{"@id":"https:\/\/vmsport.fi\/#website"},"primaryImageOfPage":{"@id":"https:\/\/vmsport.fi\/verkkokauppa\/tarvikkeet\/ajotietokoneet-ja-harjoitusvastukset\/ajotietokoneet\/teline-intuvia-100-318-mm\/#primaryimage"},"image":{"@id":"https:\/\/vmsport.fi\/verkkokauppa\/tarvikkeet\/ajotietokoneet-ja-harjoitusvastukset\/ajotietokoneet\/teline-intuvia-100-318-mm\/#primaryimage"},"thumbnailUrl":"https:\/\/vmsport.fi\/wp-content\/uploads\/2025\/03\/Teline-Intuvia-100-1.png","datePublished":"2025-03-05T22:14:23+00:00","dateModified":"2026-04-22T12:00:46+00:00","breadcrumb":{"@id":"https:\/\/vmsport.fi\/verkkokauppa\/tarvikkeet\/ajotietokoneet-ja-harjoitusvastukset\/ajotietokoneet\/teline-intuvia-100-318-mm\/#breadcrumb"},"inLanguage":"sv-SE","potentialAction":[{"@type":"ReadAction","target":["https:\/\/vmsport.fi\/verkkokauppa\/tarvikkeet\/ajotietokoneet-ja-harjoitusvastukset\/ajotietokoneet\/teline-intuvia-100-318-mm\/"]}]},{"@type":"ImageObject","inLanguage":"sv-SE","@id":"https:\/\/vmsport.fi\/verkkokauppa\/tarvikkeet\/ajotietokoneet-ja-harjoitusvastukset\/ajotietokoneet\/teline-intuvia-100-318-mm\/#primaryimage","url":"https:\/\/vmsport.fi\/wp-content\/uploads\/2025\/03\/Teline-Intuvia-100-1.png","contentUrl":"https:\/\/vmsport.fi\/wp-content\/uploads\/2025\/03\/Teline-Intuvia-100-1.png","width":1000,"height":1000,"caption":"Teline-Intuvia-100"},{"@type":"BreadcrumbList","@id":"https:\/\/vmsport.fi\/verkkokauppa\/tarvikkeet\/ajotietokoneet-ja-harjoitusvastukset\/ajotietokoneet\/teline-intuvia-100-318-mm\/#breadcrumb","itemListElement":[{"@type":"ListItem","position":1,"name":"Etusivu","item":"https:\/\/vmsport.fi\/"},{"@type":"ListItem","position":2,"name":"Online Store","item":"https:\/\/vmsport.fi\/en\/online-store\/"},{"@type":"ListItem","position":3,"name":"Teline Intuvia 100, 31,8 mm"}]},{"@type":"WebSite","@id":"https:\/\/vmsport.fi\/#website","url":"https:\/\/vmsport.fi\/","name":"Vmsport","description":"Allt p\u00e5 ett st\u00e4lle f\u00f6r cykling","publisher":{"@id":"https:\/\/vmsport.fi\/#organization"},"potentialAction":[{"@type":"SearchAction","target":{"@type":"EntryPoint","urlTemplate":"https:\/\/vmsport.fi\/?s={search_term_string}"},"query-input":{"@type":"PropertyValueSpecification","valueRequired":true,"valueName":"search_term_string"}}],"inLanguage":"sv-SE"},{"@type":"Organization","@id":"https:\/\/vmsport.fi\/#organization","name":"Vmsport","url":"https:\/\/vmsport.fi\/","logo":{"@type":"ImageObject","inLanguage":"sv-SE","@id":"https:\/\/vmsport.fi\/#\/schema\/logo\/image\/","url":"https:\/\/vmsport.fi\/wp-content\/uploads\/2024\/12\/vm_sport_RGB_horisontal-e1734526017575.png","contentUrl":"https:\/\/vmsport.fi\/wp-content\/uploads\/2024\/12\/vm_sport_RGB_horisontal-e1734526017575.png","width":668,"height":85,"caption":"Vmsport"},"image":{"@id":"https:\/\/vmsport.fi\/#\/schema\/logo\/image\/"},"sameAs":["https:\/\/www.facebook.com\/Vmsport.fi\/","https:\/\/www.instagram.com\/vmsport\/"]}]}},"global_unique_id":"","_links":{"self":[{"href":"https:\/\/vmsport.fi\/sv\/wp-json\/wp\/v2\/product\/55961","targetHints":{"allow":["GET"]}}],"collection":[{"href":"https:\/\/vmsport.fi\/sv\/wp-json\/wp\/v2\/product"}],"about":[{"href":"https:\/\/vmsport.fi\/sv\/wp-json\/wp\/v2\/types\/product"}],"replies":[{"embeddable":true,"href":"https:\/\/vmsport.fi\/sv\/wp-json\/wp\/v2\/comments?post=55961"}],"wp:featuredmedia":[{"embeddable":true,"href":"https:\/\/vmsport.fi\/sv\/wp-json\/wp\/v2\/media\/55960"}],"wp:attachment":[{"href":"https:\/\/vmsport.fi\/sv\/wp-json\/wp\/v2\/media?parent=55961"}],"wp:term":[{"taxonomy":"product_brand","embeddable":true,"href":"https:\/\/vmsport.fi\/sv\/wp-json\/wp\/v2\/product_brand?post=55961"},{"taxonomy":"product_model","embeddable":true,"href":"https:\/\/vmsport.fi\/sv\/wp-json\/wp\/v2\/product_model?post=55961"},{"taxonomy":"product_cat","embeddable":true,"href":"https:\/\/vmsport.fi\/sv\/wp-json\/wp\/v2\/product_cat?post=55961"},{"taxonomy":"product_tag","embeddable":true,"href":"https:\/\/vmsport.fi\/sv\/wp-json\/wp\/v2\/product_tag?post=55961"},{"taxonomy":"industry_terminology","embeddable":true,"href":"https:\/\/vmsport.fi\/sv\/wp-json\/wp\/v2\/industry-terminology?post=55961"}],"curies":[{"name":"wp","href":"https:\/\/api.w.org\/{rel}","templated":true}]}}