{"id":55939,"date":"2025-03-06T00:13:58","date_gmt":"2025-03-05T22:13:58","guid":{"rendered":"https:\/\/vmsport.fi\/verkkokauppa\/Ei-luokiteltu\/sram-chainring-direct-mount-singlespeed-32t\/"},"modified":"2026-04-22T15:01:41","modified_gmt":"2026-04-22T12:01:41","slug":"sram-chainring-direct-mount-singlespeed-32t","status":"publish","type":"product","link":"https:\/\/vmsport.fi\/sv\/verkkokauppa\/varaosat\/voimansiirto\/eturattaat\/sram-chainring-direct-mount-singlespeed-32t\/","title":{"rendered":"SRAM-kedjehjul med direkt montering Singlespeed 32T"},"content":{"rendered":"<p>SRAMin Direct Mount Singlespeed 32T -eturatas on suunniteltu tarjoamaan tehokasta ja mutkatonta py\u00f6r\u00e4ilykokemusta. Direct mount -kiinnitys tekee asennuksesta helppoa ja nopeaa, joten py\u00f6r\u00e4ilij\u00e4n ei tarvitse huolehtia monimutkaisista toimenpiteist\u00e4. T\u00e4m\u00e4 eturatas on erinomainen valinta niille, jotka arvostavat kest\u00e4vi\u00e4 ja luotettavia komponentteja. Se on valmistettu kevyest\u00e4 mutta kest\u00e4v\u00e4st\u00e4 materiaalista, joka kest\u00e4\u00e4 kovaa kulutusta ja s\u00e4ilyy pitk\u00e4ik\u00e4isen\u00e4 haastavissakin olosuhteissa. Lis\u00e4ksi 32 hampaan muotoilu takaa sujuvan ja tehokkaan voimansiirron ilman katkoksia. Se sopii ihanteellisesti yksivaihteisiin py\u00f6riin, tehden siit\u00e4 t\u00e4ydellisen valinnan minimalisteille py\u00f6r\u00e4ilij\u00f6ille.<\/p>","protected":false},"excerpt":{"rendered":"<p>SRAMin Direct Mount Singlespeed 32T -eturatas on suunniteltu tarjoamaan tehokasta ja mutkatonta py\u00f6r\u00e4ilykokemusta. Direct mount -kiinnitys tekee asennuksesta helppoa ja nopeaa, joten py\u00f6r\u00e4ilij\u00e4n ei tarvitse huolehtia monimutkaisista toimenpiteist\u00e4. T\u00e4m\u00e4 eturatas on erinomainen valinta niille, jotka arvostavat kest\u00e4vi\u00e4 ja luotettavia komponentteja. Se on valmistettu kevyest\u00e4 mutta kest\u00e4v\u00e4st\u00e4 materiaalista, joka kest\u00e4\u00e4 kovaa kulutusta ja s\u00e4ilyy pitk\u00e4ik\u00e4isen\u00e4 haastavissakin [&#8230;]<\/p>\n<p><a class=\"btn btn-secondary understrap-read-more-link\" href=\"https:\/\/vmsport.fi\/sv\/verkkokauppa\/varaosat\/voimansiirto\/eturattaat\/sram-chainring-direct-mount-singlespeed-32t\/\">L\u00e4s mer \u2026<span class=\"screen-reader-text\"> from SRAM Chainring Direct Mount Singlespeed 32T<\/span><\/a><\/p>\n","protected":false},"featured_media":55938,"comment_status":"open","ping_status":"closed","template":"","meta":{"_acf_changed":false,"_improvement_type_select":"improve_an_existing","_thumb_yes_seoaic":false,"_frame_yes_seoaic":false,"seoaic_generate_description":"","seoaic_improve_instructions_prompt":"","seoaic_rollback_content_improvement":"","seoaic_idea_thumbnail_generator":"","thumbnail_generated":false,"thumbnail_generate_prompt":"","seoaic_article_description":"","_supplier_stock_quantity":0},"product_brand":[1588],"product_model":[],"product_cat":[9252],"product_tag":[],"industry-terminology":[],"class_list":{"0":"post-55939","1":"product","2":"type-product","3":"status-publish","4":"has-post-thumbnail","6":"product_brand-sram","7":"product_cat-eturattaat","9":"first","10":"instock","11":"taxable","12":"shipping-taxable","13":"purchasable","14":"product-type-simple"},"acf":{"bike_features":null,"overview":{"copy_overview":null,"key_features":null,"statement":"","youtube_url":""}},"yoast_head":"<!-- This site is optimized with the Yoast SEO plugin v27.4 - https:\/\/yoast.com\/product\/yoast-seo-wordpress\/ -->\n<title>SRAM Chainring Direct Mount Singlespeed 32T - VM Sport<\/title>\n<meta name=\"robots\" content=\"index, follow, max-snippet:-1, max-image-preview:large, max-video-preview:-1\" \/>\n<link rel=\"canonical\" href=\"https:\/\/vmsport.fi\/sv\/webbutik\/reservdelar\/transmission\/framhjulsdrift\/sram-chainring-direct-mount-singlespeed-32t\/\" \/>\n<meta property=\"og:locale\" content=\"sv_SE\" \/>\n<meta property=\"og:type\" content=\"article\" \/>\n<meta property=\"og:title\" content=\"SRAM Chainring Direct Mount Singlespeed 32T - VM Sport\" \/>\n<meta property=\"og:description\" content=\"SRAMin Direct Mount Singlespeed 32T -eturatas on suunniteltu tarjoamaan tehokasta ja mutkatonta py\u00f6r\u00e4ilykokemusta. Direct mount -kiinnitys tekee asennuksesta helppoa ja nopeaa, joten py\u00f6r\u00e4ilij\u00e4n ei tarvitse huolehtia monimutkaisista toimenpiteist\u00e4. T\u00e4m\u00e4 eturatas on erinomainen valinta niille, jotka arvostavat kest\u00e4vi\u00e4 ja luotettavia komponentteja. Se on valmistettu kevyest\u00e4 mutta kest\u00e4v\u00e4st\u00e4 materiaalista, joka kest\u00e4\u00e4 kovaa kulutusta ja s\u00e4ilyy pitk\u00e4ik\u00e4isen\u00e4 haastavissakin [...]L\u00e4s mer \u2026 from SRAM Chainring Direct Mount Singlespeed 32T\" \/>\n<meta property=\"og:url\" content=\"https:\/\/vmsport.fi\/sv\/webbutik\/reservdelar\/transmission\/framhjulsdrift\/sram-chainring-direct-mount-singlespeed-32t\/\" \/>\n<meta property=\"og:site_name\" content=\"VM Sport\" \/>\n<meta property=\"article:publisher\" content=\"https:\/\/www.facebook.com\/Vmsport.fi\/\" \/>\n<meta property=\"article:modified_time\" content=\"2026-04-22T12:01:41+00:00\" \/>\n<meta property=\"og:image\" content=\"https:\/\/vmsport.fi\/wp-content\/uploads\/2025\/03\/SRAM-Chainring-Direct-Mount-Singlespeed-32T-1.jpg\" \/>\n\t<meta property=\"og:image:width\" content=\"800\" \/>\n\t<meta property=\"og:image:height\" content=\"600\" \/>\n\t<meta property=\"og:image:type\" content=\"image\/jpeg\" \/>\n<meta name=\"twitter:card\" content=\"summary_large_image\" \/>\n<script type=\"application\/ld+json\" class=\"yoast-schema-graph\">{\"@context\":\"https:\\\/\\\/schema.org\",\"@graph\":[{\"@type\":[\"WebPage\",\"ItemPage\"],\"@id\":\"https:\\\/\\\/vmsport.fi\\\/verkkokauppa\\\/varaosat\\\/voimansiirto\\\/eturattaat\\\/sram-chainring-direct-mount-singlespeed-32t\\\/\",\"url\":\"https:\\\/\\\/vmsport.fi\\\/verkkokauppa\\\/varaosat\\\/voimansiirto\\\/eturattaat\\\/sram-chainring-direct-mount-singlespeed-32t\\\/\",\"name\":\"SRAM Chainring Direct Mount Singlespeed 32T - VM Sport\",\"isPartOf\":{\"@id\":\"https:\\\/\\\/vmsport.fi\\\/#website\"},\"primaryImageOfPage\":{\"@id\":\"https:\\\/\\\/vmsport.fi\\\/verkkokauppa\\\/varaosat\\\/voimansiirto\\\/eturattaat\\\/sram-chainring-direct-mount-singlespeed-32t\\\/#primaryimage\"},\"image\":{\"@id\":\"https:\\\/\\\/vmsport.fi\\\/verkkokauppa\\\/varaosat\\\/voimansiirto\\\/eturattaat\\\/sram-chainring-direct-mount-singlespeed-32t\\\/#primaryimage\"},\"thumbnailUrl\":\"https:\\\/\\\/vmsport.fi\\\/wp-content\\\/uploads\\\/2025\\\/03\\\/SRAM-Chainring-Direct-Mount-Singlespeed-32T-1.jpg\",\"datePublished\":\"2025-03-05T22:13:58+00:00\",\"dateModified\":\"2026-04-22T12:01:41+00:00\",\"breadcrumb\":{\"@id\":\"https:\\\/\\\/vmsport.fi\\\/verkkokauppa\\\/varaosat\\\/voimansiirto\\\/eturattaat\\\/sram-chainring-direct-mount-singlespeed-32t\\\/#breadcrumb\"},\"inLanguage\":\"sv-SE\",\"potentialAction\":[{\"@type\":\"ReadAction\",\"target\":[\"https:\\\/\\\/vmsport.fi\\\/verkkokauppa\\\/varaosat\\\/voimansiirto\\\/eturattaat\\\/sram-chainring-direct-mount-singlespeed-32t\\\/\"]}]},{\"@type\":\"ImageObject\",\"inLanguage\":\"sv-SE\",\"@id\":\"https:\\\/\\\/vmsport.fi\\\/verkkokauppa\\\/varaosat\\\/voimansiirto\\\/eturattaat\\\/sram-chainring-direct-mount-singlespeed-32t\\\/#primaryimage\",\"url\":\"https:\\\/\\\/vmsport.fi\\\/wp-content\\\/uploads\\\/2025\\\/03\\\/SRAM-Chainring-Direct-Mount-Singlespeed-32T-1.jpg\",\"contentUrl\":\"https:\\\/\\\/vmsport.fi\\\/wp-content\\\/uploads\\\/2025\\\/03\\\/SRAM-Chainring-Direct-Mount-Singlespeed-32T-1.jpg\",\"width\":800,\"height\":600,\"caption\":\"SRAM-Chainring-Direct-Mount-Singlespeed-32T\"},{\"@type\":\"BreadcrumbList\",\"@id\":\"https:\\\/\\\/vmsport.fi\\\/verkkokauppa\\\/varaosat\\\/voimansiirto\\\/eturattaat\\\/sram-chainring-direct-mount-singlespeed-32t\\\/#breadcrumb\",\"itemListElement\":[{\"@type\":\"ListItem\",\"position\":1,\"name\":\"Etusivu\",\"item\":\"https:\\\/\\\/vmsport.fi\\\/\"},{\"@type\":\"ListItem\",\"position\":2,\"name\":\"Online Store\",\"item\":\"https:\\\/\\\/vmsport.fi\\\/en\\\/online-store\\\/\"},{\"@type\":\"ListItem\",\"position\":3,\"name\":\"SRAM Chainring Direct Mount Singlespeed 32T\"}]},{\"@type\":\"WebSite\",\"@id\":\"https:\\\/\\\/vmsport.fi\\\/#website\",\"url\":\"https:\\\/\\\/vmsport.fi\\\/\",\"name\":\"Vmsport\",\"description\":\"Kaikki py\u00f6r\u00e4ilyyn yhdest\u00e4 paikasta\",\"publisher\":{\"@id\":\"https:\\\/\\\/vmsport.fi\\\/#organization\"},\"potentialAction\":[{\"@type\":\"SearchAction\",\"target\":{\"@type\":\"EntryPoint\",\"urlTemplate\":\"https:\\\/\\\/vmsport.fi\\\/?s={search_term_string}\"},\"query-input\":{\"@type\":\"PropertyValueSpecification\",\"valueRequired\":true,\"valueName\":\"search_term_string\"}}],\"inLanguage\":\"sv-SE\"},{\"@type\":\"Organization\",\"@id\":\"https:\\\/\\\/vmsport.fi\\\/#organization\",\"name\":\"Vmsport\",\"url\":\"https:\\\/\\\/vmsport.fi\\\/\",\"logo\":{\"@type\":\"ImageObject\",\"inLanguage\":\"sv-SE\",\"@id\":\"https:\\\/\\\/vmsport.fi\\\/#\\\/schema\\\/logo\\\/image\\\/\",\"url\":\"https:\\\/\\\/vmsport.fi\\\/wp-content\\\/uploads\\\/2024\\\/12\\\/vm_sport_RGB_horisontal-e1734526017575.png\",\"contentUrl\":\"https:\\\/\\\/vmsport.fi\\\/wp-content\\\/uploads\\\/2024\\\/12\\\/vm_sport_RGB_horisontal-e1734526017575.png\",\"width\":668,\"height\":85,\"caption\":\"Vmsport\"},\"image\":{\"@id\":\"https:\\\/\\\/vmsport.fi\\\/#\\\/schema\\\/logo\\\/image\\\/\"},\"sameAs\":[\"https:\\\/\\\/www.facebook.com\\\/Vmsport.fi\\\/\",\"https:\\\/\\\/www.instagram.com\\\/vmsport\\\/\"]}]}<\/script>\n<!-- \/ Yoast SEO plugin. -->","yoast_head_json":{"title":"SRAM Chainring Direct Mount Singlespeed 32T - VM Sport","robots":{"index":"index","follow":"follow","max-snippet":"max-snippet:-1","max-image-preview":"max-image-preview:large","max-video-preview":"max-video-preview:-1"},"canonical":"https:\/\/vmsport.fi\/sv\/webbutik\/reservdelar\/transmission\/framhjulsdrift\/sram-chainring-direct-mount-singlespeed-32t\/","og_locale":"sv_SE","og_type":"article","og_title":"SRAM Chainring Direct Mount Singlespeed 32T - VM Sport","og_description":"SRAMin Direct Mount Singlespeed 32T -eturatas on suunniteltu tarjoamaan tehokasta ja mutkatonta py\u00f6r\u00e4ilykokemusta. Direct mount -kiinnitys tekee asennuksesta helppoa ja nopeaa, joten py\u00f6r\u00e4ilij\u00e4n ei tarvitse huolehtia monimutkaisista toimenpiteist\u00e4. T\u00e4m\u00e4 eturatas on erinomainen valinta niille, jotka arvostavat kest\u00e4vi\u00e4 ja luotettavia komponentteja. Se on valmistettu kevyest\u00e4 mutta kest\u00e4v\u00e4st\u00e4 materiaalista, joka kest\u00e4\u00e4 kovaa kulutusta ja s\u00e4ilyy pitk\u00e4ik\u00e4isen\u00e4 haastavissakin [...]L\u00e4s mer \u2026 from SRAM Chainring Direct Mount Singlespeed 32T","og_url":"https:\/\/vmsport.fi\/sv\/webbutik\/reservdelar\/transmission\/framhjulsdrift\/sram-chainring-direct-mount-singlespeed-32t\/","og_site_name":"VM Sport","article_publisher":"https:\/\/www.facebook.com\/Vmsport.fi\/","article_modified_time":"2026-04-22T12:01:41+00:00","og_image":[{"width":800,"height":600,"url":"https:\/\/vmsport.fi\/wp-content\/uploads\/2025\/03\/SRAM-Chainring-Direct-Mount-Singlespeed-32T-1.jpg","type":"image\/jpeg"}],"twitter_card":"summary_large_image","schema":{"@context":"https:\/\/schema.org","@graph":[{"@type":["WebPage","ItemPage"],"@id":"https:\/\/vmsport.fi\/verkkokauppa\/varaosat\/voimansiirto\/eturattaat\/sram-chainring-direct-mount-singlespeed-32t\/","url":"https:\/\/vmsport.fi\/verkkokauppa\/varaosat\/voimansiirto\/eturattaat\/sram-chainring-direct-mount-singlespeed-32t\/","name":"SRAM Chainring Direct Mount Singlespeed 32T - VM Sport","isPartOf":{"@id":"https:\/\/vmsport.fi\/#website"},"primaryImageOfPage":{"@id":"https:\/\/vmsport.fi\/verkkokauppa\/varaosat\/voimansiirto\/eturattaat\/sram-chainring-direct-mount-singlespeed-32t\/#primaryimage"},"image":{"@id":"https:\/\/vmsport.fi\/verkkokauppa\/varaosat\/voimansiirto\/eturattaat\/sram-chainring-direct-mount-singlespeed-32t\/#primaryimage"},"thumbnailUrl":"https:\/\/vmsport.fi\/wp-content\/uploads\/2025\/03\/SRAM-Chainring-Direct-Mount-Singlespeed-32T-1.jpg","datePublished":"2025-03-05T22:13:58+00:00","dateModified":"2026-04-22T12:01:41+00:00","breadcrumb":{"@id":"https:\/\/vmsport.fi\/verkkokauppa\/varaosat\/voimansiirto\/eturattaat\/sram-chainring-direct-mount-singlespeed-32t\/#breadcrumb"},"inLanguage":"sv-SE","potentialAction":[{"@type":"ReadAction","target":["https:\/\/vmsport.fi\/verkkokauppa\/varaosat\/voimansiirto\/eturattaat\/sram-chainring-direct-mount-singlespeed-32t\/"]}]},{"@type":"ImageObject","inLanguage":"sv-SE","@id":"https:\/\/vmsport.fi\/verkkokauppa\/varaosat\/voimansiirto\/eturattaat\/sram-chainring-direct-mount-singlespeed-32t\/#primaryimage","url":"https:\/\/vmsport.fi\/wp-content\/uploads\/2025\/03\/SRAM-Chainring-Direct-Mount-Singlespeed-32T-1.jpg","contentUrl":"https:\/\/vmsport.fi\/wp-content\/uploads\/2025\/03\/SRAM-Chainring-Direct-Mount-Singlespeed-32T-1.jpg","width":800,"height":600,"caption":"SRAM-Chainring-Direct-Mount-Singlespeed-32T"},{"@type":"BreadcrumbList","@id":"https:\/\/vmsport.fi\/verkkokauppa\/varaosat\/voimansiirto\/eturattaat\/sram-chainring-direct-mount-singlespeed-32t\/#breadcrumb","itemListElement":[{"@type":"ListItem","position":1,"name":"Etusivu","item":"https:\/\/vmsport.fi\/"},{"@type":"ListItem","position":2,"name":"Online Store","item":"https:\/\/vmsport.fi\/en\/online-store\/"},{"@type":"ListItem","position":3,"name":"SRAM Chainring Direct Mount Singlespeed 32T"}]},{"@type":"WebSite","@id":"https:\/\/vmsport.fi\/#website","url":"https:\/\/vmsport.fi\/","name":"Vmsport","description":"Allt p\u00e5 ett st\u00e4lle f\u00f6r cykling","publisher":{"@id":"https:\/\/vmsport.fi\/#organization"},"potentialAction":[{"@type":"SearchAction","target":{"@type":"EntryPoint","urlTemplate":"https:\/\/vmsport.fi\/?s={search_term_string}"},"query-input":{"@type":"PropertyValueSpecification","valueRequired":true,"valueName":"search_term_string"}}],"inLanguage":"sv-SE"},{"@type":"Organization","@id":"https:\/\/vmsport.fi\/#organization","name":"Vmsport","url":"https:\/\/vmsport.fi\/","logo":{"@type":"ImageObject","inLanguage":"sv-SE","@id":"https:\/\/vmsport.fi\/#\/schema\/logo\/image\/","url":"https:\/\/vmsport.fi\/wp-content\/uploads\/2024\/12\/vm_sport_RGB_horisontal-e1734526017575.png","contentUrl":"https:\/\/vmsport.fi\/wp-content\/uploads\/2024\/12\/vm_sport_RGB_horisontal-e1734526017575.png","width":668,"height":85,"caption":"Vmsport"},"image":{"@id":"https:\/\/vmsport.fi\/#\/schema\/logo\/image\/"},"sameAs":["https:\/\/www.facebook.com\/Vmsport.fi\/","https:\/\/www.instagram.com\/vmsport\/"]}]}},"global_unique_id":"","_links":{"self":[{"href":"https:\/\/vmsport.fi\/sv\/wp-json\/wp\/v2\/product\/55939","targetHints":{"allow":["GET"]}}],"collection":[{"href":"https:\/\/vmsport.fi\/sv\/wp-json\/wp\/v2\/product"}],"about":[{"href":"https:\/\/vmsport.fi\/sv\/wp-json\/wp\/v2\/types\/product"}],"replies":[{"embeddable":true,"href":"https:\/\/vmsport.fi\/sv\/wp-json\/wp\/v2\/comments?post=55939"}],"wp:featuredmedia":[{"embeddable":true,"href":"https:\/\/vmsport.fi\/sv\/wp-json\/wp\/v2\/media\/55938"}],"wp:attachment":[{"href":"https:\/\/vmsport.fi\/sv\/wp-json\/wp\/v2\/media?parent=55939"}],"wp:term":[{"taxonomy":"product_brand","embeddable":true,"href":"https:\/\/vmsport.fi\/sv\/wp-json\/wp\/v2\/product_brand?post=55939"},{"taxonomy":"product_model","embeddable":true,"href":"https:\/\/vmsport.fi\/sv\/wp-json\/wp\/v2\/product_model?post=55939"},{"taxonomy":"product_cat","embeddable":true,"href":"https:\/\/vmsport.fi\/sv\/wp-json\/wp\/v2\/product_cat?post=55939"},{"taxonomy":"product_tag","embeddable":true,"href":"https:\/\/vmsport.fi\/sv\/wp-json\/wp\/v2\/product_tag?post=55939"},{"taxonomy":"industry_terminology","embeddable":true,"href":"https:\/\/vmsport.fi\/sv\/wp-json\/wp\/v2\/industry-terminology?post=55939"}],"curies":[{"name":"wp","href":"https:\/\/api.w.org\/{rel}","templated":true}]}}